{"id":3342,"date":"2020-11-11T10:20:10","date_gmt":"2020-11-11T10:20:10","guid":{"rendered":"https:\/\/extery.com\/?post_type=product&#038;p=3342"},"modified":"2026-04-07T11:45:26","modified_gmt":"2026-04-07T11:45:26","slug":"tava-park-bench","status":"publish","type":"product","link":"https:\/\/extery.com\/en\/products\/tava-park-bench\/","title":{"rendered":"park bench Tava"},"content":{"rendered":"<p>Park bench TAVA has been created to suit urban architectural environments, or to be presented as an eye-catcher in calm surroundings. Strong and wide wooden surfaces paired with the clever use of steel sheet material form the stable structure of this bench.<\/p>\n<p>The designer\u2019s vision has resulted in an abstract, elaborated and inviting shape that provides a secure spot for a moment of thought for those walking in the city.<\/p>\n","protected":false},"excerpt":{"rendered":"<p>Park bench TAVA has been created to suit urban architectural environments, or to be presented as an eye-catcher in calm surroundings. Strong and wide wooden surfaces paired with the clever use of steel sheet material form the stable structure of this bench. The designer\u2019s vision has resulted in an abstract, elaborated and inviting shape that [&hellip;]<\/p>\n","protected":false},"featured_media":10293,"comment_status":"open","ping_status":"closed","template":"","meta":{"_acf_changed":false},"product_brand":[],"product_cat":[47],"product_tag":[],"class_list":{"0":"post-3342","1":"product","2":"type-product","3":"status-publish","4":"has-post-thumbnail","6":"product_cat-benches-with-backrest","7":"product-family-tava-en","9":"first","10":"instock","11":"shipping-taxable","12":"product-type-simple"},"acf":[],"yoast_head":"<!-- This site is optimized with the Yoast SEO plugin v26.4 - https:\/\/yoast.com\/wordpress\/plugins\/seo\/ -->\n<title>park bench Tava - Extery urban furniture collection<\/title>\n<meta name=\"description\" content=\"Park bench TAVA has been created to suit urban architectural environments, or to be presented as an eye-catcher in calm surroundings.\" \/>\n<meta name=\"robots\" content=\"index, follow, max-snippet:-1, max-image-preview:large, max-video-preview:-1\" \/>\n<link rel=\"canonical\" href=\"https:\/\/extery.com\/en\/products\/tava-park-bench\/\" \/>\n<meta property=\"og:locale\" content=\"en_US\" \/>\n<meta property=\"og:type\" content=\"article\" \/>\n<meta property=\"og:title\" content=\"park bench Tava - Extery urban furniture collection\" \/>\n<meta property=\"og:description\" content=\"Park bench TAVA has been created to suit urban architectural environments, or to be presented as an eye-catcher in calm surroundings.\" \/>\n<meta property=\"og:url\" content=\"https:\/\/extery.com\/en\/products\/tava-park-bench\/\" \/>\n<meta property=\"og:site_name\" content=\"Extery\" \/>\n<meta property=\"article:modified_time\" content=\"2026-04-07T11:45:26+00:00\" \/>\n<meta property=\"og:image\" content=\"https:\/\/extery.com\/wp-content\/uploads\/2020\/12\/Tava-park-bench-pargipink-scaled.jpg\" \/>\n\t<meta property=\"og:image:width\" content=\"2560\" \/>\n\t<meta property=\"og:image:height\" content=\"1707\" \/>\n\t<meta property=\"og:image:type\" content=\"image\/jpeg\" \/>\n<meta name=\"twitter:card\" content=\"summary_large_image\" \/>\n<meta name=\"twitter:label1\" content=\"Est. reading time\" \/>\n\t<meta name=\"twitter:data1\" content=\"1 minute\" \/>\n<script type=\"application\/ld+json\" class=\"yoast-schema-graph\">{\"@context\":\"https:\/\/schema.org\",\"@graph\":[{\"@type\":\"WebPage\",\"@id\":\"https:\/\/extery.com\/en\/products\/tava-park-bench\/\",\"url\":\"https:\/\/extery.com\/en\/products\/tava-park-bench\/\",\"name\":\"park bench Tava - Extery urban furniture collection\",\"isPartOf\":{\"@id\":\"https:\/\/extery.com\/en\/#website\"},\"primaryImageOfPage\":{\"@id\":\"https:\/\/extery.com\/en\/products\/tava-park-bench\/#primaryimage\"},\"image\":{\"@id\":\"https:\/\/extery.com\/en\/products\/tava-park-bench\/#primaryimage\"},\"thumbnailUrl\":\"https:\/\/extery.com\/wp-content\/uploads\/2020\/12\/Tava-park-bench-pargipink-scaled.jpg\",\"datePublished\":\"2020-11-11T10:20:10+00:00\",\"dateModified\":\"2026-04-07T11:45:26+00:00\",\"description\":\"Park bench TAVA has been created to suit urban architectural environments, or to be presented as an eye-catcher in calm surroundings.\",\"breadcrumb\":{\"@id\":\"https:\/\/extery.com\/en\/products\/tava-park-bench\/#breadcrumb\"},\"inLanguage\":\"en-US\",\"potentialAction\":[{\"@type\":\"ReadAction\",\"target\":[\"https:\/\/extery.com\/en\/products\/tava-park-bench\/\"]}]},{\"@type\":\"ImageObject\",\"inLanguage\":\"en-US\",\"@id\":\"https:\/\/extery.com\/en\/products\/tava-park-bench\/#primaryimage\",\"url\":\"https:\/\/extery.com\/wp-content\/uploads\/2020\/12\/Tava-park-bench-pargipink-scaled.jpg\",\"contentUrl\":\"https:\/\/extery.com\/wp-content\/uploads\/2020\/12\/Tava-park-bench-pargipink-scaled.jpg\",\"width\":2560,\"height\":1707,\"caption\":\"pargipink linnam\u00f6\u00f6bel v\u00e4lim\u00f6\u00f6bel\"},{\"@type\":\"BreadcrumbList\",\"@id\":\"https:\/\/extery.com\/en\/products\/tava-park-bench\/#breadcrumb\",\"itemListElement\":[{\"@type\":\"ListItem\",\"position\":1,\"name\":\"Home\",\"item\":\"https:\/\/extery.com\/en\/\"},{\"@type\":\"ListItem\",\"position\":2,\"name\":\"Products\",\"item\":\"https:\/\/extery.com\/en\/products\/\"},{\"@type\":\"ListItem\",\"position\":3,\"name\":\"park bench Tava\"}]},{\"@type\":\"WebSite\",\"@id\":\"https:\/\/extery.com\/en\/#website\",\"url\":\"https:\/\/extery.com\/en\/\",\"name\":\"Extery\",\"description\":\"\",\"publisher\":{\"@id\":\"https:\/\/extery.com\/en\/#organization\"},\"potentialAction\":[{\"@type\":\"SearchAction\",\"target\":{\"@type\":\"EntryPoint\",\"urlTemplate\":\"https:\/\/extery.com\/en\/?s={search_term_string}\"},\"query-input\":{\"@type\":\"PropertyValueSpecification\",\"valueRequired\":true,\"valueName\":\"search_term_string\"}}],\"inLanguage\":\"en-US\"},{\"@type\":\"Organization\",\"@id\":\"https:\/\/extery.com\/en\/#organization\",\"name\":\"Extery\",\"url\":\"https:\/\/extery.com\/en\/\",\"logo\":{\"@type\":\"ImageObject\",\"inLanguage\":\"en-US\",\"@id\":\"https:\/\/extery.com\/en\/#\/schema\/logo\/image\/\",\"url\":\"https:\/\/extery.com\/wp-content\/uploads\/2023\/11\/footer-logo.svg\",\"contentUrl\":\"https:\/\/extery.com\/wp-content\/uploads\/2023\/11\/footer-logo.svg\",\"caption\":\"Extery\"},\"image\":{\"@id\":\"https:\/\/extery.com\/en\/#\/schema\/logo\/image\/\"}}]}<\/script>\n<!-- \/ Yoast SEO plugin. -->","yoast_head_json":{"title":"park bench Tava - Extery urban furniture collection","description":"Park bench TAVA has been created to suit urban architectural environments, or to be presented as an eye-catcher in calm surroundings.","robots":{"index":"index","follow":"follow","max-snippet":"max-snippet:-1","max-image-preview":"max-image-preview:large","max-video-preview":"max-video-preview:-1"},"canonical":"https:\/\/extery.com\/en\/products\/tava-park-bench\/","og_locale":"en_US","og_type":"article","og_title":"park bench Tava - Extery urban furniture collection","og_description":"Park bench TAVA has been created to suit urban architectural environments, or to be presented as an eye-catcher in calm surroundings.","og_url":"https:\/\/extery.com\/en\/products\/tava-park-bench\/","og_site_name":"Extery","article_modified_time":"2026-04-07T11:45:26+00:00","og_image":[{"width":2560,"height":1707,"url":"https:\/\/extery.com\/wp-content\/uploads\/2020\/12\/Tava-park-bench-pargipink-scaled.jpg","type":"image\/jpeg"}],"twitter_card":"summary_large_image","twitter_misc":{"Est. reading time":"1 minute"},"schema":{"@context":"https:\/\/schema.org","@graph":[{"@type":"WebPage","@id":"https:\/\/extery.com\/en\/products\/tava-park-bench\/","url":"https:\/\/extery.com\/en\/products\/tava-park-bench\/","name":"park bench Tava - Extery urban furniture collection","isPartOf":{"@id":"https:\/\/extery.com\/en\/#website"},"primaryImageOfPage":{"@id":"https:\/\/extery.com\/en\/products\/tava-park-bench\/#primaryimage"},"image":{"@id":"https:\/\/extery.com\/en\/products\/tava-park-bench\/#primaryimage"},"thumbnailUrl":"https:\/\/extery.com\/wp-content\/uploads\/2020\/12\/Tava-park-bench-pargipink-scaled.jpg","datePublished":"2020-11-11T10:20:10+00:00","dateModified":"2026-04-07T11:45:26+00:00","description":"Park bench TAVA has been created to suit urban architectural environments, or to be presented as an eye-catcher in calm surroundings.","breadcrumb":{"@id":"https:\/\/extery.com\/en\/products\/tava-park-bench\/#breadcrumb"},"inLanguage":"en-US","potentialAction":[{"@type":"ReadAction","target":["https:\/\/extery.com\/en\/products\/tava-park-bench\/"]}]},{"@type":"ImageObject","inLanguage":"en-US","@id":"https:\/\/extery.com\/en\/products\/tava-park-bench\/#primaryimage","url":"https:\/\/extery.com\/wp-content\/uploads\/2020\/12\/Tava-park-bench-pargipink-scaled.jpg","contentUrl":"https:\/\/extery.com\/wp-content\/uploads\/2020\/12\/Tava-park-bench-pargipink-scaled.jpg","width":2560,"height":1707,"caption":"pargipink linnam\u00f6\u00f6bel v\u00e4lim\u00f6\u00f6bel"},{"@type":"BreadcrumbList","@id":"https:\/\/extery.com\/en\/products\/tava-park-bench\/#breadcrumb","itemListElement":[{"@type":"ListItem","position":1,"name":"Home","item":"https:\/\/extery.com\/en\/"},{"@type":"ListItem","position":2,"name":"Products","item":"https:\/\/extery.com\/en\/products\/"},{"@type":"ListItem","position":3,"name":"park bench Tava"}]},{"@type":"WebSite","@id":"https:\/\/extery.com\/en\/#website","url":"https:\/\/extery.com\/en\/","name":"Extery","description":"","publisher":{"@id":"https:\/\/extery.com\/en\/#organization"},"potentialAction":[{"@type":"SearchAction","target":{"@type":"EntryPoint","urlTemplate":"https:\/\/extery.com\/en\/?s={search_term_string}"},"query-input":{"@type":"PropertyValueSpecification","valueRequired":true,"valueName":"search_term_string"}}],"inLanguage":"en-US"},{"@type":"Organization","@id":"https:\/\/extery.com\/en\/#organization","name":"Extery","url":"https:\/\/extery.com\/en\/","logo":{"@type":"ImageObject","inLanguage":"en-US","@id":"https:\/\/extery.com\/en\/#\/schema\/logo\/image\/","url":"https:\/\/extery.com\/wp-content\/uploads\/2023\/11\/footer-logo.svg","contentUrl":"https:\/\/extery.com\/wp-content\/uploads\/2023\/11\/footer-logo.svg","caption":"Extery"},"image":{"@id":"https:\/\/extery.com\/en\/#\/schema\/logo\/image\/"}}]}},"_links":{"self":[{"href":"https:\/\/extery.com\/en\/wp-json\/wp\/v2\/product\/3342","targetHints":{"allow":["GET"]}}],"collection":[{"href":"https:\/\/extery.com\/en\/wp-json\/wp\/v2\/product"}],"about":[{"href":"https:\/\/extery.com\/en\/wp-json\/wp\/v2\/types\/product"}],"replies":[{"embeddable":true,"href":"https:\/\/extery.com\/en\/wp-json\/wp\/v2\/comments?post=3342"}],"wp:featuredmedia":[{"embeddable":true,"href":"https:\/\/extery.com\/en\/wp-json\/wp\/v2\/media\/10293"}],"wp:attachment":[{"href":"https:\/\/extery.com\/en\/wp-json\/wp\/v2\/media?parent=3342"}],"wp:term":[{"taxonomy":"product_brand","embeddable":true,"href":"https:\/\/extery.com\/en\/wp-json\/wp\/v2\/product_brand?post=3342"},{"taxonomy":"product_cat","embeddable":true,"href":"https:\/\/extery.com\/en\/wp-json\/wp\/v2\/product_cat?post=3342"},{"taxonomy":"product_tag","embeddable":true,"href":"https:\/\/extery.com\/en\/wp-json\/wp\/v2\/product_tag?post=3342"}],"curies":[{"name":"wp","href":"https:\/\/api.w.org\/{rel}","templated":true}]}}