{"id":3580,"date":"2020-11-12T11:02:07","date_gmt":"2020-11-12T11:02:07","guid":{"rendered":"https:\/\/extery.com\/?post_type=product&#038;p=3580"},"modified":"2026-04-13T11:04:09","modified_gmt":"2026-04-13T11:04:09","slug":"nove","status":"publish","type":"product","link":"https:\/\/extery.com\/en\/products\/nove\/","title":{"rendered":"litter bin Nove"},"content":{"rendered":"<p>Litter bin Nove is designed to meet the highest needs in urban environments.<\/p>\n<p>Slanted surfaces and structural contrasts give Nove a modern, dynamic look. The refined and finished design, despite its bold shape, looks unpretentious and fits in many different environments. The roof of the trash does not allow rain to fall inside and the angle of the roof does not allow the litter to be left on the waste bin.<\/p>\n<p>The combination of two different colors helps to bring out the characteristic details on the frame and corpus, which makes the Nove even more unique.<\/p>\n","protected":false},"excerpt":{"rendered":"<p>Litter bin Nove is designed to meet the highest needs in urban environments. Slanted surfaces and structural contrasts give Nove a modern, dynamic look. The refined and finished design, despite its bold shape, looks unpretentious and fits in many different environments. The roof of the trash does not allow rain to fall inside and the [&hellip;]<\/p>\n","protected":false},"featured_media":2066,"comment_status":"open","ping_status":"closed","template":"","meta":{"_acf_changed":false},"product_brand":[],"product_cat":[52],"product_tag":[],"class_list":{"0":"post-3580","1":"product","2":"type-product","3":"status-publish","4":"has-post-thumbnail","6":"product_cat-litter-bins","7":"product-family-nove-en","9":"first","10":"instock","11":"shipping-taxable","12":"product-type-simple"},"acf":[],"yoast_head":"<!-- This site is optimized with the Yoast SEO plugin v26.4 - https:\/\/yoast.com\/wordpress\/plugins\/seo\/ -->\n<title>litter bin Nove - Extery linnam\u00f6\u00f6bli kollektsiooni pr\u00fcgikastid<\/title>\n<meta name=\"description\" content=\"Litter bin Nove is designed to meet the highest needs in urban environments. The sloping surfaces and structural contrasts of the Nove trash can give it a modern, dynamic look.\" \/>\n<meta name=\"robots\" content=\"index, follow, max-snippet:-1, max-image-preview:large, max-video-preview:-1\" \/>\n<link rel=\"canonical\" href=\"https:\/\/extery.com\/en\/products\/nove\/\" \/>\n<meta property=\"og:locale\" content=\"en_US\" \/>\n<meta property=\"og:type\" content=\"article\" \/>\n<meta property=\"og:title\" content=\"litter bin Nove - Extery linnam\u00f6\u00f6bli kollektsiooni pr\u00fcgikastid\" \/>\n<meta property=\"og:description\" content=\"Litter bin Nove is designed to meet the highest needs in urban environments. The sloping surfaces and structural contrasts of the Nove trash can give it a modern, dynamic look.\" \/>\n<meta property=\"og:url\" content=\"https:\/\/extery.com\/en\/products\/nove\/\" \/>\n<meta property=\"og:site_name\" content=\"Extery\" \/>\n<meta property=\"article:modified_time\" content=\"2026-04-13T11:04:09+00:00\" \/>\n<meta property=\"og:image\" content=\"https:\/\/extery.com\/wp-content\/uploads\/2020\/11\/Nove-E-scaled.jpg\" \/>\n\t<meta property=\"og:image:width\" content=\"2560\" \/>\n\t<meta property=\"og:image:height\" content=\"1707\" \/>\n\t<meta property=\"og:image:type\" content=\"image\/jpeg\" \/>\n<meta name=\"twitter:card\" content=\"summary_large_image\" \/>\n<meta name=\"twitter:label1\" content=\"Est. reading time\" \/>\n\t<meta name=\"twitter:data1\" content=\"1 minute\" \/>\n<script type=\"application\/ld+json\" class=\"yoast-schema-graph\">{\"@context\":\"https:\/\/schema.org\",\"@graph\":[{\"@type\":\"WebPage\",\"@id\":\"https:\/\/extery.com\/en\/products\/nove\/\",\"url\":\"https:\/\/extery.com\/en\/products\/nove\/\",\"name\":\"litter bin Nove - Extery linnam\u00f6\u00f6bli kollektsiooni pr\u00fcgikastid\",\"isPartOf\":{\"@id\":\"https:\/\/extery.com\/en\/#website\"},\"primaryImageOfPage\":{\"@id\":\"https:\/\/extery.com\/en\/products\/nove\/#primaryimage\"},\"image\":{\"@id\":\"https:\/\/extery.com\/en\/products\/nove\/#primaryimage\"},\"thumbnailUrl\":\"https:\/\/extery.com\/wp-content\/uploads\/2020\/11\/Nove-E-scaled.jpg\",\"datePublished\":\"2020-11-12T11:02:07+00:00\",\"dateModified\":\"2026-04-13T11:04:09+00:00\",\"description\":\"Litter bin Nove is designed to meet the highest needs in urban environments. The sloping surfaces and structural contrasts of the Nove trash can give it a modern, dynamic look.\",\"breadcrumb\":{\"@id\":\"https:\/\/extery.com\/en\/products\/nove\/#breadcrumb\"},\"inLanguage\":\"en-US\",\"potentialAction\":[{\"@type\":\"ReadAction\",\"target\":[\"https:\/\/extery.com\/en\/products\/nove\/\"]}]},{\"@type\":\"ImageObject\",\"inLanguage\":\"en-US\",\"@id\":\"https:\/\/extery.com\/en\/products\/nove\/#primaryimage\",\"url\":\"https:\/\/extery.com\/wp-content\/uploads\/2020\/11\/Nove-E-scaled.jpg\",\"contentUrl\":\"https:\/\/extery.com\/wp-content\/uploads\/2020\/11\/Nove-E-scaled.jpg\",\"width\":2560,\"height\":1707},{\"@type\":\"BreadcrumbList\",\"@id\":\"https:\/\/extery.com\/en\/products\/nove\/#breadcrumb\",\"itemListElement\":[{\"@type\":\"ListItem\",\"position\":1,\"name\":\"Home\",\"item\":\"https:\/\/extery.com\/en\/\"},{\"@type\":\"ListItem\",\"position\":2,\"name\":\"Products\",\"item\":\"https:\/\/extery.com\/en\/products\/\"},{\"@type\":\"ListItem\",\"position\":3,\"name\":\"litter bin Nove\"}]},{\"@type\":\"WebSite\",\"@id\":\"https:\/\/extery.com\/en\/#website\",\"url\":\"https:\/\/extery.com\/en\/\",\"name\":\"Extery\",\"description\":\"\",\"publisher\":{\"@id\":\"https:\/\/extery.com\/en\/#organization\"},\"potentialAction\":[{\"@type\":\"SearchAction\",\"target\":{\"@type\":\"EntryPoint\",\"urlTemplate\":\"https:\/\/extery.com\/en\/?s={search_term_string}\"},\"query-input\":{\"@type\":\"PropertyValueSpecification\",\"valueRequired\":true,\"valueName\":\"search_term_string\"}}],\"inLanguage\":\"en-US\"},{\"@type\":\"Organization\",\"@id\":\"https:\/\/extery.com\/en\/#organization\",\"name\":\"Extery\",\"url\":\"https:\/\/extery.com\/en\/\",\"logo\":{\"@type\":\"ImageObject\",\"inLanguage\":\"en-US\",\"@id\":\"https:\/\/extery.com\/en\/#\/schema\/logo\/image\/\",\"url\":\"https:\/\/extery.com\/wp-content\/uploads\/2023\/11\/footer-logo.svg\",\"contentUrl\":\"https:\/\/extery.com\/wp-content\/uploads\/2023\/11\/footer-logo.svg\",\"caption\":\"Extery\"},\"image\":{\"@id\":\"https:\/\/extery.com\/en\/#\/schema\/logo\/image\/\"}}]}<\/script>\n<!-- \/ Yoast SEO plugin. -->","yoast_head_json":{"title":"litter bin Nove - Extery linnam\u00f6\u00f6bli kollektsiooni pr\u00fcgikastid","description":"Litter bin Nove is designed to meet the highest needs in urban environments. The sloping surfaces and structural contrasts of the Nove trash can give it a modern, dynamic look.","robots":{"index":"index","follow":"follow","max-snippet":"max-snippet:-1","max-image-preview":"max-image-preview:large","max-video-preview":"max-video-preview:-1"},"canonical":"https:\/\/extery.com\/en\/products\/nove\/","og_locale":"en_US","og_type":"article","og_title":"litter bin Nove - Extery linnam\u00f6\u00f6bli kollektsiooni pr\u00fcgikastid","og_description":"Litter bin Nove is designed to meet the highest needs in urban environments. The sloping surfaces and structural contrasts of the Nove trash can give it a modern, dynamic look.","og_url":"https:\/\/extery.com\/en\/products\/nove\/","og_site_name":"Extery","article_modified_time":"2026-04-13T11:04:09+00:00","og_image":[{"width":2560,"height":1707,"url":"https:\/\/extery.com\/wp-content\/uploads\/2020\/11\/Nove-E-scaled.jpg","type":"image\/jpeg"}],"twitter_card":"summary_large_image","twitter_misc":{"Est. reading time":"1 minute"},"schema":{"@context":"https:\/\/schema.org","@graph":[{"@type":"WebPage","@id":"https:\/\/extery.com\/en\/products\/nove\/","url":"https:\/\/extery.com\/en\/products\/nove\/","name":"litter bin Nove - Extery linnam\u00f6\u00f6bli kollektsiooni pr\u00fcgikastid","isPartOf":{"@id":"https:\/\/extery.com\/en\/#website"},"primaryImageOfPage":{"@id":"https:\/\/extery.com\/en\/products\/nove\/#primaryimage"},"image":{"@id":"https:\/\/extery.com\/en\/products\/nove\/#primaryimage"},"thumbnailUrl":"https:\/\/extery.com\/wp-content\/uploads\/2020\/11\/Nove-E-scaled.jpg","datePublished":"2020-11-12T11:02:07+00:00","dateModified":"2026-04-13T11:04:09+00:00","description":"Litter bin Nove is designed to meet the highest needs in urban environments. The sloping surfaces and structural contrasts of the Nove trash can give it a modern, dynamic look.","breadcrumb":{"@id":"https:\/\/extery.com\/en\/products\/nove\/#breadcrumb"},"inLanguage":"en-US","potentialAction":[{"@type":"ReadAction","target":["https:\/\/extery.com\/en\/products\/nove\/"]}]},{"@type":"ImageObject","inLanguage":"en-US","@id":"https:\/\/extery.com\/en\/products\/nove\/#primaryimage","url":"https:\/\/extery.com\/wp-content\/uploads\/2020\/11\/Nove-E-scaled.jpg","contentUrl":"https:\/\/extery.com\/wp-content\/uploads\/2020\/11\/Nove-E-scaled.jpg","width":2560,"height":1707},{"@type":"BreadcrumbList","@id":"https:\/\/extery.com\/en\/products\/nove\/#breadcrumb","itemListElement":[{"@type":"ListItem","position":1,"name":"Home","item":"https:\/\/extery.com\/en\/"},{"@type":"ListItem","position":2,"name":"Products","item":"https:\/\/extery.com\/en\/products\/"},{"@type":"ListItem","position":3,"name":"litter bin Nove"}]},{"@type":"WebSite","@id":"https:\/\/extery.com\/en\/#website","url":"https:\/\/extery.com\/en\/","name":"Extery","description":"","publisher":{"@id":"https:\/\/extery.com\/en\/#organization"},"potentialAction":[{"@type":"SearchAction","target":{"@type":"EntryPoint","urlTemplate":"https:\/\/extery.com\/en\/?s={search_term_string}"},"query-input":{"@type":"PropertyValueSpecification","valueRequired":true,"valueName":"search_term_string"}}],"inLanguage":"en-US"},{"@type":"Organization","@id":"https:\/\/extery.com\/en\/#organization","name":"Extery","url":"https:\/\/extery.com\/en\/","logo":{"@type":"ImageObject","inLanguage":"en-US","@id":"https:\/\/extery.com\/en\/#\/schema\/logo\/image\/","url":"https:\/\/extery.com\/wp-content\/uploads\/2023\/11\/footer-logo.svg","contentUrl":"https:\/\/extery.com\/wp-content\/uploads\/2023\/11\/footer-logo.svg","caption":"Extery"},"image":{"@id":"https:\/\/extery.com\/en\/#\/schema\/logo\/image\/"}}]}},"_links":{"self":[{"href":"https:\/\/extery.com\/en\/wp-json\/wp\/v2\/product\/3580","targetHints":{"allow":["GET"]}}],"collection":[{"href":"https:\/\/extery.com\/en\/wp-json\/wp\/v2\/product"}],"about":[{"href":"https:\/\/extery.com\/en\/wp-json\/wp\/v2\/types\/product"}],"replies":[{"embeddable":true,"href":"https:\/\/extery.com\/en\/wp-json\/wp\/v2\/comments?post=3580"}],"wp:featuredmedia":[{"embeddable":true,"href":"https:\/\/extery.com\/en\/wp-json\/wp\/v2\/media\/2066"}],"wp:attachment":[{"href":"https:\/\/extery.com\/en\/wp-json\/wp\/v2\/media?parent=3580"}],"wp:term":[{"taxonomy":"product_brand","embeddable":true,"href":"https:\/\/extery.com\/en\/wp-json\/wp\/v2\/product_brand?post=3580"},{"taxonomy":"product_cat","embeddable":true,"href":"https:\/\/extery.com\/en\/wp-json\/wp\/v2\/product_cat?post=3580"},{"taxonomy":"product_tag","embeddable":true,"href":"https:\/\/extery.com\/en\/wp-json\/wp\/v2\/product_tag?post=3580"}],"curies":[{"name":"wp","href":"https:\/\/api.w.org\/{rel}","templated":true}]}}