{"id":1134,"date":"2020-11-09T14:05:56","date_gmt":"2020-11-09T14:05:56","guid":{"rendered":"https:\/\/extery.com\/?page_id=1134"},"modified":"2025-12-03T10:03:07","modified_gmt":"2025-12-03T10:03:07","slug":"categories-2","status":"publish","type":"page","link":"https:\/\/extery.com\/fi\/categories-2\/","title":{"rendered":"Tuoteryhm\u00e4t"},"content":{"rendered":"<h1 data-start=\"280\" data-end=\"356\"><strong data-start=\"282\" data-end=\"356\">Katukalusteet, jotka tekev\u00e4t kaupunkiymp\u00e4rist\u00f6st\u00e4 toimivan ja kutsuvan<\/strong><\/h1>\n<p data-start=\"358\" data-end=\"665\"><strong data-start=\"358\" data-end=\"383\">Katukalusteet<\/strong> on suunniteltu tukemaan modernien kaupunkien ja julkisten ulkotilojen kehityst\u00e4. Valikoimamme katukalusteet yhdist\u00e4v\u00e4t estetiikan, kest\u00e4vyyden ja k\u00e4ytt\u00f6mukavuuden, tarjoten kokonaisratkaisuja puistoihin, k\u00e4velyreiteille, aukioille, koulupihoille ja kaikkiin julkisiin ulkotiloihin.<\/p>\n<p data-start=\"667\" data-end=\"882\">Tuotevalikoimastamme l\u00f6yd\u00e4t <strong data-start=\"695\" data-end=\"788\">puistonpenkit, roska-astiat, py\u00f6r\u00e4telineet, pollarit, istutusastiat, piknik-kokonaisuudet<\/strong> ja muut ymp\u00e4rist\u00f6nmuotoilun elementit &#8211; kaiken, mit\u00e4 korkealaatuinen katukalustus edellytt\u00e4\u00e4.<\/p>\n<p data-start=\"884\" data-end=\"966\">Inspiraatiota l\u00f6yd\u00e4t projektisivultamme, jossa n\u00e4et EXTERYn <a href=\"https:\/\/extery.com\/fi\/referenssit\/\">kalusteet k\u00e4yt\u00e4nn\u00f6ss\u00e4<\/a>.<\/p>\n<h2 data-start=\"973\" data-end=\"1007\"><strong data-start=\"975\" data-end=\"1007\">Katukalusteet kokoelmassamme<\/strong><\/h2>\n<h3 data-start=\"1009\" data-end=\"1075\"><strong data-start=\"1012\" data-end=\"1075\">Puistonpenkit &#8211; mukavat ja selke\u00e4linjaiset istumisratkaisut<\/strong><\/h3>\n<p data-start=\"1077\" data-end=\"1337\">Ergonomiset puistonpenkit ja istuimet tukevat erilaisia k\u00e4ytt\u00f6tarpeita: lepoalueita, odotuspaikkoja, puistopolkuja ja kaupunkiaukioita. EXTERYn penkkien muotoilu on ajaton ja ymp\u00e4rist\u00f6\u00f6n sulautuva, mik\u00e4 varmistaa pitk\u00e4n k\u00e4ytt\u00f6i\u00e4n my\u00f6s intensiivisess\u00e4 k\u00e4yt\u00f6ss\u00e4.<\/p>\n<h3 data-start=\"1344\" data-end=\"1400\"><strong data-start=\"1347\" data-end=\"1400\">Katukalusteet: roska-astiat ja lajitteluratkaisut<\/strong><\/h3>\n<p data-start=\"1402\" data-end=\"1615\">Metalliset roska-astiamme ovat kest\u00e4vi\u00e4, helppohoitoisia ja sopivat kaikkiin kaupunkiymp\u00e4rist\u00f6ihin. Lajitteluratkaisut, kuten EXTERYn Trio-roska-astia, tukevat siisteytt\u00e4 ja kiertotaloutta julkisissa ulkotiloissa.<\/p>\n<h3 data-start=\"1622\" data-end=\"1672\"><strong data-start=\"1625\" data-end=\"1672\">Katukalusteet: py\u00f6r\u00e4telineet ja py\u00f6r\u00e4parkit<\/strong><\/h3>\n<p data-start=\"1674\" data-end=\"1850\">Turvalliset ja tilatehokkaat py\u00f6r\u00e4telineet tukevat kasvavaa py\u00f6r\u00e4liikennett\u00e4. EXTERYn telineet sopivat sek\u00e4 moderneihin kaupunkiymp\u00e4rist\u00f6ihin ett\u00e4 historiallisiin kortteleihin.<\/p>\n<h3 data-start=\"1857\" data-end=\"1906\"><strong data-start=\"1860\" data-end=\"1906\">Pollarit ja liikkumista ohjaavat ratkaisut<\/strong><\/h3>\n<p data-start=\"1908\" data-end=\"2177\">Vankat ja selke\u00e4linjaiset pollarit ovat t\u00e4rke\u00e4 osa katukalusteita &#8211; ne auttavat ohjaamaan liikennevirtoja ja lis\u00e4\u00e4m\u00e4\u00e4n jalankulkijoiden turvallisuutta. EXTERYn pollarit on suunniteltu sulautumaan erilaisiin kaupunkiymp\u00e4rist\u00f6ihin hallitsematta liiaksi visuaalista tilaa.<\/p>\n<h3 data-start=\"2184\" data-end=\"2239\"><strong data-start=\"2187\" data-end=\"2239\">Istutusastiat ja viherelementit julkiseen tilaan<\/strong><\/h3>\n<p data-start=\"2241\" data-end=\"2512\">Katukalusteisiin kuuluvat my\u00f6s kest\u00e4v\u00e4t istutusastiat ja viherratkaisut, jotka tuovat kaupunkitilaan pehmeytt\u00e4 ja vehreytt\u00e4. Ne sopivat toimistotalojen ymp\u00e4rist\u00f6ihin, promenadeille ja k\u00e4velyteiden varsille &#8211; my\u00f6s paikkoihin, joissa istuttaminen maahan ei ole mahdollista.<\/p>\n<h3 data-start=\"2519\" data-end=\"2572\"><strong data-start=\"2522\" data-end=\"2572\">Piknik-ratkaisut ja ulkotilojen ryhm\u00e4kalusteet<\/strong><\/h3>\n<p data-start=\"2574\" data-end=\"2795\">Kest\u00e4v\u00e4t ja mukavat piknik-p\u00f6yd\u00e4t ja ryhm\u00e4kalustekokonaisuudet tarjoavat paikkoja kokoontumiselle, ruokailulle ja yhteisille hetkille. Ne ovat katukalusteita, jotka vahvistavat yhteis\u00f6llisyytt\u00e4 ja yhdess\u00e4oloa kaupungissa.<\/p>\n<h2 data-start=\"3153\" data-end=\"3204\"><strong data-start=\"3155\" data-end=\"3204\">Katukalusteet EXERYlt\u00e4 &#8211; miksi valita meid\u00e4t?<\/strong><\/h2>\n<ul data-start=\"3206\" data-end=\"3454\">\n<li data-start=\"3206\" data-end=\"3252\">\n<p data-start=\"3208\" data-end=\"3252\">Kest\u00e4vyys pohjoisissa ilmasto-olosuhteissa<\/p>\n<\/li>\n<li data-start=\"3253\" data-end=\"3294\">\n<p data-start=\"3255\" data-end=\"3294\">Ajaton ja ymp\u00e4rist\u00f6\u00f6n istuva muotoilu<\/p>\n<\/li>\n<li data-start=\"3295\" data-end=\"3344\">\n<p data-start=\"3297\" data-end=\"3344\">Tarkat tekniset materiaalit suunnittelijoille<\/p>\n<\/li>\n<li data-start=\"3345\" data-end=\"3402\">\n<p data-start=\"3347\" data-end=\"3402\">Modulaarinen rakenne projektikohtaiseen joustavuuteen<\/p>\n<\/li>\n<li data-start=\"3403\" data-end=\"3454\">\n<p data-start=\"3405\" data-end=\"3454\">FSC-sertifioitu puu ja korkealaatuiset metallit<\/p>\n<\/li>\n<\/ul>\n<article class=\"text-token-text-primary w-full focus:outline-none [--shadow-height:45px] has-data-writing-block:pointer-events-none has-data-writing-block:-mt-(--shadow-height) has-data-writing-block:pt-(--shadow-height) [&amp;:has([data-writing-block])&gt;*]:pointer-events-auto scroll-mt-[calc(var(--header-height)+min(200px,max(70px,20svh)))]\" dir=\"auto\" tabindex=\"-1\" data-turn-id=\"request-692ee952-9a54-832d-bba0-0c69a4950670-37\" data-testid=\"conversation-turn-96\" data-scroll-anchor=\"true\" data-turn=\"assistant\">\n<div class=\"text-base my-auto mx-auto pb-10 [--thread-content-margin:--spacing(4)] thread-sm:[--thread-content-margin:--spacing(6)] thread-lg:[--thread-content-margin:--spacing(16)] px-(--thread-content-margin)\">\n<div class=\"[--thread-content-max-width:40rem] thread-lg:[--thread-content-max-width:48rem] mx-auto max-w-(--thread-content-max-width) flex-1 group\/turn-messages focus-visible:outline-hidden relative flex w-full min-w-0 flex-col agent-turn\" tabindex=\"-1\">\n<div class=\"flex max-w-full flex-col grow\">\n<div class=\"min-h-8 text-message relative flex w-full flex-col items-end gap-2 text-start break-words whitespace-normal [.text-message+&amp;]:mt-1\" dir=\"auto\" data-message-author-role=\"assistant\" data-message-id=\"3e54e964-b752-444e-8f08-7d240d45759e\" data-message-model-slug=\"gpt-5-1\">\n<div class=\"flex w-full flex-col gap-1 empty:hidden first:pt-[1px]\">\n<div class=\"markdown prose dark:prose-invert w-full break-words light markdown-new-styling\">\n<p data-start=\"116\" data-end=\"829\" data-is-last-node=\"\" data-is-only-node=\"\">EXTERYn kaupunkikalusteet on luotu tuomaan julkisiin tiloihin mukavuutta, inspiraatiota ja yhteis\u00f6llisyytt\u00e4. Suunnittelemme ulkokalusteita, jotta huominen olisi viel\u00e4 miellytt\u00e4v\u00e4mpi ja kodikkaampi kuin t\u00e4m\u00e4 p\u00e4iv\u00e4. Haluamme luoda tunnetta, ett\u00e4 kaupunkitila voi toimia kaupunkilaisten yhteisen\u00e4 olohuoneena, paikkana jossa ihmiset kohtaavat, pys\u00e4htyv\u00e4t ja viett\u00e4v\u00e4t aikaa arjen kiireiden keskell\u00e4. EXTERYn tavoitteena on rakentaa ymp\u00e4rist\u00f6j\u00e4, jotka tukevat hyvinvointia, vahvistavat paikallisidentiteetti\u00e4 ja tekev\u00e4t kaupungeista el\u00e4v\u00e4mpi\u00e4 ja inhimillisempi\u00e4. Uskomme, ett\u00e4 laadukkaat kaupunkikalusteet voivat muuttaa tilan luonnetta ja kutsua ihmisi\u00e4 k\u00e4ytt\u00e4m\u00e4\u00e4n julkisia alueita rohkeammin ja monipuolisemmin.<\/p>\n<\/div>\n<\/div>\n<\/div>\n<\/div>\n<\/div>\n<\/div>\n<\/article>\n<p data-start=\"3105\" data-end=\"3398\"><img loading=\"lazy\" decoding=\"async\" class=\"alignnone wp-image-55081 size-medium\" src=\"https:\/\/extery.com\/wp-content\/uploads\/2025\/10\/jada-set-1-300x300.jpg\" alt=\"Katukalusteet: puistopenkit, roska-astiat, polkupy\u00f6r\u00e4telineet, esteet, kasvis\u00e4ili\u00f6t - ulkokalusteet Extery-kaupunkikalustekokoelmassa.\" width=\"300\" height=\"300\" srcset=\"https:\/\/extery.com\/wp-content\/uploads\/2025\/10\/jada-set-1-300x300.jpg 300w, https:\/\/extery.com\/wp-content\/uploads\/2025\/10\/jada-set-1-1024x1024.jpg 1024w, https:\/\/extery.com\/wp-content\/uploads\/2025\/10\/jada-set-1-150x150.jpg 150w, https:\/\/extery.com\/wp-content\/uploads\/2025\/10\/jada-set-1-768x769.jpg 768w, https:\/\/extery.com\/wp-content\/uploads\/2025\/10\/jada-set-1-600x601.jpg 600w, https:\/\/extery.com\/wp-content\/uploads\/2025\/10\/jada-set-1-100x100.jpg 100w, https:\/\/extery.com\/wp-content\/uploads\/2025\/10\/jada-set-1.jpg 1094w\" sizes=\"auto, (max-width: 300px) 100vw, 300px\" \/><\/p>\n<p data-start=\"3105\" data-end=\"3398\">\n","protected":false},"excerpt":{"rendered":"<p>Katukalusteet, jotka tekev\u00e4t kaupunkiymp\u00e4rist\u00f6st\u00e4 toimivan ja kutsuvan Katukalusteet on suunniteltu tukemaan modernien kaupunkien ja julkisten ulkotilojen kehityst\u00e4. Valikoimamme katukalusteet yhdist\u00e4v\u00e4t estetiikan, kest\u00e4vyyden ja k\u00e4ytt\u00f6mukavuuden, tarjoten kokonaisratkaisuja puistoihin, k\u00e4velyreiteille, aukioille, koulupihoille ja kaikkiin julkisiin ulkotiloihin. Tuotevalikoimastamme l\u00f6yd\u00e4t puistonpenkit, roska-astiat, py\u00f6r\u00e4telineet, pollarit, istutusastiat, piknik-kokonaisuudet ja muut ymp\u00e4rist\u00f6nmuotoilun elementit &#8211; kaiken, mit\u00e4 korkealaatuinen katukalustus edellytt\u00e4\u00e4. Inspiraatiota l\u00f6yd\u00e4t projektisivultamme, [&hellip;]<\/p>\n","protected":false},"author":1,"featured_media":0,"parent":0,"menu_order":0,"comment_status":"closed","ping_status":"closed","template":"tpl__categories.php","meta":{"_acf_changed":false,"footnotes":""},"class_list":["post-1134","page","type-page","status-publish","hentry"],"acf":[],"yoast_head":"<!-- This site is optimized with the Yoast SEO plugin v26.4 - https:\/\/yoast.com\/wordpress\/plugins\/seo\/ -->\n<title>Tuoteryhm\u00e4t - Extery Katukalusteet<\/title>\n<meta name=\"description\" content=\"Katukalusteet: puistopenkit, roska-astiat, polkupy\u00f6r\u00e4telineet, esteet, kasvis\u00e4ili\u00f6t - ulkokalusteet Extery-kaupunkikalustekokoelmassa.\" \/>\n<meta name=\"robots\" content=\"index, follow, max-snippet:-1, max-image-preview:large, max-video-preview:-1\" \/>\n<link rel=\"canonical\" href=\"https:\/\/extery.com\/fi\/categories-2\/\" \/>\n<meta property=\"og:locale\" content=\"fi_FI\" \/>\n<meta property=\"og:type\" content=\"article\" \/>\n<meta property=\"og:title\" content=\"Tuoteryhm\u00e4t - Extery Katukalusteet\" \/>\n<meta property=\"og:description\" content=\"Katukalusteet: puistopenkit, roska-astiat, polkupy\u00f6r\u00e4telineet, esteet, kasvis\u00e4ili\u00f6t - ulkokalusteet Extery-kaupunkikalustekokoelmassa.\" \/>\n<meta property=\"og:url\" content=\"https:\/\/extery.com\/fi\/categories-2\/\" \/>\n<meta property=\"og:site_name\" content=\"Extery\" \/>\n<meta property=\"article:modified_time\" content=\"2025-12-03T10:03:07+00:00\" \/>\n<meta property=\"og:image\" content=\"https:\/\/extery.com\/wp-content\/uploads\/2025\/10\/jada-set-1.jpg\" \/>\n\t<meta property=\"og:image:width\" content=\"1094\" \/>\n\t<meta property=\"og:image:height\" content=\"1095\" \/>\n\t<meta property=\"og:image:type\" content=\"image\/jpeg\" \/>\n<meta name=\"twitter:card\" content=\"summary_large_image\" \/>\n<meta name=\"twitter:label1\" content=\"Arvioitu lukuaika\" \/>\n\t<meta name=\"twitter:data1\" content=\"3 minuuttia\" \/>\n<script type=\"application\/ld+json\" class=\"yoast-schema-graph\">{\"@context\":\"https:\/\/schema.org\",\"@graph\":[{\"@type\":\"WebPage\",\"@id\":\"https:\/\/extery.com\/fi\/categories-2\/\",\"url\":\"https:\/\/extery.com\/fi\/categories-2\/\",\"name\":\"Tuoteryhm\u00e4t - Extery Katukalusteet\",\"isPartOf\":{\"@id\":\"https:\/\/extery.com\/fi\/#website\"},\"primaryImageOfPage\":{\"@id\":\"https:\/\/extery.com\/fi\/categories-2\/#primaryimage\"},\"image\":{\"@id\":\"https:\/\/extery.com\/fi\/categories-2\/#primaryimage\"},\"thumbnailUrl\":\"https:\/\/extery.com\/wp-content\/uploads\/2025\/10\/jada-set-1-300x300.jpg\",\"datePublished\":\"2020-11-09T14:05:56+00:00\",\"dateModified\":\"2025-12-03T10:03:07+00:00\",\"description\":\"Katukalusteet: puistopenkit, roska-astiat, polkupy\u00f6r\u00e4telineet, esteet, kasvis\u00e4ili\u00f6t - ulkokalusteet Extery-kaupunkikalustekokoelmassa.\",\"breadcrumb\":{\"@id\":\"https:\/\/extery.com\/fi\/categories-2\/#breadcrumb\"},\"inLanguage\":\"fi\",\"potentialAction\":[{\"@type\":\"ReadAction\",\"target\":[\"https:\/\/extery.com\/fi\/categories-2\/\"]}]},{\"@type\":\"ImageObject\",\"inLanguage\":\"fi\",\"@id\":\"https:\/\/extery.com\/fi\/categories-2\/#primaryimage\",\"url\":\"https:\/\/extery.com\/wp-content\/uploads\/2025\/10\/jada-set-1-300x300.jpg\",\"contentUrl\":\"https:\/\/extery.com\/wp-content\/uploads\/2025\/10\/jada-set-1-300x300.jpg\"},{\"@type\":\"BreadcrumbList\",\"@id\":\"https:\/\/extery.com\/fi\/categories-2\/#breadcrumb\",\"itemListElement\":[{\"@type\":\"ListItem\",\"position\":1,\"name\":\"Home\",\"item\":\"https:\/\/extery.com\/fi\/\"},{\"@type\":\"ListItem\",\"position\":2,\"name\":\"Tuoteryhm\u00e4t\"}]},{\"@type\":\"WebSite\",\"@id\":\"https:\/\/extery.com\/fi\/#website\",\"url\":\"https:\/\/extery.com\/fi\/\",\"name\":\"Extery\",\"description\":\"\",\"publisher\":{\"@id\":\"https:\/\/extery.com\/fi\/#organization\"},\"potentialAction\":[{\"@type\":\"SearchAction\",\"target\":{\"@type\":\"EntryPoint\",\"urlTemplate\":\"https:\/\/extery.com\/fi\/?s={search_term_string}\"},\"query-input\":{\"@type\":\"PropertyValueSpecification\",\"valueRequired\":true,\"valueName\":\"search_term_string\"}}],\"inLanguage\":\"fi\"},{\"@type\":\"Organization\",\"@id\":\"https:\/\/extery.com\/fi\/#organization\",\"name\":\"Extery\",\"url\":\"https:\/\/extery.com\/fi\/\",\"logo\":{\"@type\":\"ImageObject\",\"inLanguage\":\"fi\",\"@id\":\"https:\/\/extery.com\/fi\/#\/schema\/logo\/image\/\",\"url\":\"https:\/\/extery.com\/wp-content\/uploads\/2023\/11\/footer-logo.svg\",\"contentUrl\":\"https:\/\/extery.com\/wp-content\/uploads\/2023\/11\/footer-logo.svg\",\"caption\":\"Extery \"},\"image\":{\"@id\":\"https:\/\/extery.com\/fi\/#\/schema\/logo\/image\/\"}}]}<\/script>\n<!-- \/ Yoast SEO plugin. -->","yoast_head_json":{"title":"Tuoteryhm\u00e4t - Extery Katukalusteet","description":"Katukalusteet: puistopenkit, roska-astiat, polkupy\u00f6r\u00e4telineet, esteet, kasvis\u00e4ili\u00f6t - ulkokalusteet Extery-kaupunkikalustekokoelmassa.","robots":{"index":"index","follow":"follow","max-snippet":"max-snippet:-1","max-image-preview":"max-image-preview:large","max-video-preview":"max-video-preview:-1"},"canonical":"https:\/\/extery.com\/fi\/categories-2\/","og_locale":"fi_FI","og_type":"article","og_title":"Tuoteryhm\u00e4t - Extery Katukalusteet","og_description":"Katukalusteet: puistopenkit, roska-astiat, polkupy\u00f6r\u00e4telineet, esteet, kasvis\u00e4ili\u00f6t - ulkokalusteet Extery-kaupunkikalustekokoelmassa.","og_url":"https:\/\/extery.com\/fi\/categories-2\/","og_site_name":"Extery","article_modified_time":"2025-12-03T10:03:07+00:00","og_image":[{"width":1094,"height":1095,"url":"https:\/\/extery.com\/wp-content\/uploads\/2025\/10\/jada-set-1.jpg","type":"image\/jpeg"}],"twitter_card":"summary_large_image","twitter_misc":{"Arvioitu lukuaika":"3 minuuttia"},"schema":{"@context":"https:\/\/schema.org","@graph":[{"@type":"WebPage","@id":"https:\/\/extery.com\/fi\/categories-2\/","url":"https:\/\/extery.com\/fi\/categories-2\/","name":"Tuoteryhm\u00e4t - Extery Katukalusteet","isPartOf":{"@id":"https:\/\/extery.com\/fi\/#website"},"primaryImageOfPage":{"@id":"https:\/\/extery.com\/fi\/categories-2\/#primaryimage"},"image":{"@id":"https:\/\/extery.com\/fi\/categories-2\/#primaryimage"},"thumbnailUrl":"https:\/\/extery.com\/wp-content\/uploads\/2025\/10\/jada-set-1-300x300.jpg","datePublished":"2020-11-09T14:05:56+00:00","dateModified":"2025-12-03T10:03:07+00:00","description":"Katukalusteet: puistopenkit, roska-astiat, polkupy\u00f6r\u00e4telineet, esteet, kasvis\u00e4ili\u00f6t - ulkokalusteet Extery-kaupunkikalustekokoelmassa.","breadcrumb":{"@id":"https:\/\/extery.com\/fi\/categories-2\/#breadcrumb"},"inLanguage":"fi","potentialAction":[{"@type":"ReadAction","target":["https:\/\/extery.com\/fi\/categories-2\/"]}]},{"@type":"ImageObject","inLanguage":"fi","@id":"https:\/\/extery.com\/fi\/categories-2\/#primaryimage","url":"https:\/\/extery.com\/wp-content\/uploads\/2025\/10\/jada-set-1-300x300.jpg","contentUrl":"https:\/\/extery.com\/wp-content\/uploads\/2025\/10\/jada-set-1-300x300.jpg"},{"@type":"BreadcrumbList","@id":"https:\/\/extery.com\/fi\/categories-2\/#breadcrumb","itemListElement":[{"@type":"ListItem","position":1,"name":"Home","item":"https:\/\/extery.com\/fi\/"},{"@type":"ListItem","position":2,"name":"Tuoteryhm\u00e4t"}]},{"@type":"WebSite","@id":"https:\/\/extery.com\/fi\/#website","url":"https:\/\/extery.com\/fi\/","name":"Extery","description":"","publisher":{"@id":"https:\/\/extery.com\/fi\/#organization"},"potentialAction":[{"@type":"SearchAction","target":{"@type":"EntryPoint","urlTemplate":"https:\/\/extery.com\/fi\/?s={search_term_string}"},"query-input":{"@type":"PropertyValueSpecification","valueRequired":true,"valueName":"search_term_string"}}],"inLanguage":"fi"},{"@type":"Organization","@id":"https:\/\/extery.com\/fi\/#organization","name":"Extery","url":"https:\/\/extery.com\/fi\/","logo":{"@type":"ImageObject","inLanguage":"fi","@id":"https:\/\/extery.com\/fi\/#\/schema\/logo\/image\/","url":"https:\/\/extery.com\/wp-content\/uploads\/2023\/11\/footer-logo.svg","contentUrl":"https:\/\/extery.com\/wp-content\/uploads\/2023\/11\/footer-logo.svg","caption":"Extery "},"image":{"@id":"https:\/\/extery.com\/fi\/#\/schema\/logo\/image\/"}}]}},"_links":{"self":[{"href":"https:\/\/extery.com\/fi\/wp-json\/wp\/v2\/pages\/1134","targetHints":{"allow":["GET"]}}],"collection":[{"href":"https:\/\/extery.com\/fi\/wp-json\/wp\/v2\/pages"}],"about":[{"href":"https:\/\/extery.com\/fi\/wp-json\/wp\/v2\/types\/page"}],"author":[{"embeddable":true,"href":"https:\/\/extery.com\/fi\/wp-json\/wp\/v2\/users\/1"}],"replies":[{"embeddable":true,"href":"https:\/\/extery.com\/fi\/wp-json\/wp\/v2\/comments?post=1134"}],"version-history":[{"count":5,"href":"https:\/\/extery.com\/fi\/wp-json\/wp\/v2\/pages\/1134\/revisions"}],"predecessor-version":[{"id":55588,"href":"https:\/\/extery.com\/fi\/wp-json\/wp\/v2\/pages\/1134\/revisions\/55588"}],"wp:attachment":[{"href":"https:\/\/extery.com\/fi\/wp-json\/wp\/v2\/media?parent=1134"}],"curies":[{"name":"wp","href":"https:\/\/api.w.org\/{rel}","templated":true}]}}