{"id":12007,"date":"2021-02-18T09:30:07","date_gmt":"2021-02-18T09:30:07","guid":{"rendered":"https:\/\/extery.com\/etusivu\/"},"modified":"2026-03-18T07:49:18","modified_gmt":"2026-03-18T07:49:18","slug":"etusivu","status":"publish","type":"page","link":"https:\/\/extery.com\/fi\/","title":{"rendered":"Etusivu"},"content":{"rendered":"<h2 data-start=\"247\" data-end=\"322\"><strong data-start=\"250\" data-end=\"322\">Kaupunkikalusteet, jotka luovat ehe\u00e4n ja kest\u00e4v\u00e4n kaupunkiymp\u00e4rist\u00f6n<\/strong><\/h2>\n<p data-start=\"324\" data-end=\"837\">EXTERYn kaupunkikalusteet on suunniteltu tarjoamaan mukavia, kest\u00e4vi\u00e4 ja esteettisesti harkittuja ratkaisuja kaikkiin julkisiin ulkotiloihin. Valikoimaamme kuuluvat mukavat puistonpenkit, helposti huollettavat metalliset roska-astiat, tarkkaan muotoillut pollarit, py\u00f6r\u00e4telineet sek\u00e4 n\u00e4ytt\u00e4v\u00e4t istutusastiat. Kaikki tuotteet on suunniteltu tukemaan yhten\u00e4ist\u00e4 ja laadukasta kaupunkiymp\u00e4rist\u00f6n kokonaisratkaisua- puistoista ja aukioista k\u00e4velyreitteihin, koulupihoihin ja nykyaikaisiin kaupunkikehityshankkeisiin.<\/p>\n<h2 data-start=\"844\" data-end=\"905\"><strong data-start=\"847\" data-end=\"905\">Laaja valikoima kaupunkiymp\u00e4rist\u00f6\u00f6n sopivia kalusteita<\/strong><\/h2>\n<p data-start=\"907\" data-end=\"1427\">Kaupunkikalusteiden kokoelmastamme l\u00f6yd\u00e4t laajan valikoiman puistonpenkkej\u00e4, roska-astioita, py\u00f6r\u00e4telineit\u00e4, istutusastioita, pollareita sek\u00e4 kokonaisia piknik-kokonaisuuksia. Jokainen tuote on huolellisen suunnitteluprosessin tulos, jossa huomioidaan k\u00e4ytt\u00f6mukavuus, estetiikka ja materiaalien kest\u00e4vyys. EXTERYn kaupunkikalusteet on tehty kest\u00e4m\u00e4\u00e4n kovaa k\u00e4ytt\u00f6\u00e4 sek\u00e4 pohjoisen ilmaston vaativia olosuhteita, samalla s\u00e4ilytt\u00e4en ajattoman ja selke\u00e4n muotoilun, joka sopii monenlaisiin ulkotiloihin ja kaupunkimaisemiin.<\/p>\n<h2 data-start=\"1434\" data-end=\"1470\"><strong data-start=\"1437\" data-end=\"1470\">Tyhj\u00e4t tilat mahdollisuuksina<\/strong><\/h2>\n<p data-start=\"1472\" data-end=\"1861\">Vilkkaassa kaupunkiel\u00e4m\u00e4n rytmiss\u00e4 j\u00e4\u00e4v\u00e4t usein huomaamatta ne pienet, tyhj\u00e4t v\u00e4litilat, jotka punoutuvat p\u00e4ivitt\u00e4isten reittiemme v\u00e4liin. Extery n\u00e4kee n\u00e4iss\u00e4 paikoissa mahdollisuuksia. Ne eiv\u00e4t ole vain betonia ja asfalttia, ne voivat olla el\u00e4m\u00e4n ja toiminnan keskuksia. Paikkoja satunnaisille keskusteluille, rauhalliselle pohdinnalle, lev\u00e4hdykselle, leikille ja kaikelle silt\u00e4 v\u00e4lilt\u00e4.<\/p>\n<h2 data-start=\"1868\" data-end=\"1922\"><strong data-start=\"1871\" data-end=\"1922\">Kaupunkikalusteet, jotka her\u00e4tt\u00e4v\u00e4t tilan eloon<\/strong><\/h2>\n<p data-start=\"1924\" data-end=\"2314\">Exteryss\u00e4 luomme kaupunkikalusteita, jotka eiv\u00e4t ole vain \u201colemassa tilassa\u201d. Ne muuttavat sen. Ne tuovat ymp\u00e4rist\u00f6\u00f6n el\u00e4m\u00e4\u00e4 ja omaleimaisuutta. Kaupunkikalusteemme- pohjoismaisen estetiikan, k\u00e4ytt\u00e4j\u00e4l\u00e4ht\u00f6isen suunnittelun ja laadukkaan viimeistelyn yhdistelm\u00e4, eiv\u00e4t ole tarkoitettu vain t\u00e4ytt\u00e4m\u00e4\u00e4n tyhj\u00e4\u00e4 tilaa. Ne kutsuvat istumaan, rentoutumaan ja nauttimaan aidosta kaupunkiel\u00e4m\u00e4st\u00e4.<\/p>\n<h2 data-start=\"2321\" data-end=\"2364\"><strong data-start=\"2324\" data-end=\"2364\">Kaupungit, jotka tuntuvat kotoisilta<\/strong><\/h2>\n<p data-start=\"2366\" data-end=\"2758\">Tavoitteemme Exteryss\u00e4 on tehd\u00e4 kaupungeista kotoisampia ja ihmisille miellytt\u00e4v\u00e4mpi\u00e4 vahvistamalla yhteenkuuluvuuden tunnetta. Huolellisesti harkittu muotoilu luo mukavuutta, rohkaisee vuorovaikutukseen ja lis\u00e4\u00e4 ulkona oleskelun iloa. Hyvin kalustettu ulkotila on kuin olohuoneen jatke- paikka, jossa voi nauraa yst\u00e4vien kanssa, juoda rauhassa kahvia tai palata keskener\u00e4isen kirjan pariin.<\/p>\n<h2 data-start=\"2765\" data-end=\"2799\"><strong data-start=\"2768\" data-end=\"2799\">Extery antaa tilalle el\u00e4m\u00e4n<\/strong><\/h2>\n<p data-start=\"2801\" data-end=\"3112\">Extery on enemm\u00e4n kuin pelkk\u00e4 puistonpenkki. Extery her\u00e4tt\u00e4\u00e4 paikan eloon. Se antaa syyn astua ulos ja nauttia ymp\u00e4rill\u00e4 sykkiv\u00e4st\u00e4 kaupunkiel\u00e4m\u00e4st\u00e4. EXTERYn kaupunkikalusteilla annamme julkisen tilan takaisin ihmisille. Jokaisessa tilassa on potentiaalia tulla paikaksi, jossa on hyv\u00e4 olla, kohdata ja viihty\u00e4.<\/p>\n<p data-start=\"3114\" data-end=\"3169\"><strong data-start=\"3114\" data-end=\"3169\">Tutustu puistonpenkkien kokoelmaamme t\u00e4\u00e4ll\u00e4: <a href=\"https:\/\/extery.com\/fi\/tuoteperheet\/\">tooted<\/a><\/strong><\/p>\n<h2 data-start=\"3176\" data-end=\"3221\"><strong data-start=\"3179\" data-end=\"3221\">Luontoa kunnioittava materiaalivalinta<\/strong><\/h2>\n<p data-start=\"3223\" data-end=\"3323\">Olemme asettaneet kest\u00e4vyyden keski\u00f6\u00f6n, mink\u00e4 vuoksi tuotteissamme k\u00e4ytet\u00e4\u00e4n FSC-sertifioitua puuta.<\/p>\n<p data-start=\"3223\" data-end=\"3323\"><img loading=\"lazy\" decoding=\"async\" class=\"alignnone wp-image-53307 size-medium\" src=\"https:\/\/extery.com\/wp-content\/uploads\/2024\/10\/Park-bench-Linn-Extery-urban-furniture-10-1-300x200.jpg\" alt=\"EXTERYn kaupunkikalusteet julkisessa ulkotilassa \u2014 puistonpenkki, roska-astia ja py\u00f6r\u00e4teline luomassa laadukasta kaupunkiymp\u00e4rist\u00f6\u00e4.\" width=\"300\" height=\"200\" srcset=\"https:\/\/extery.com\/wp-content\/uploads\/2024\/10\/Park-bench-Linn-Extery-urban-furniture-10-1-300x200.jpg 300w, https:\/\/extery.com\/wp-content\/uploads\/2024\/10\/Park-bench-Linn-Extery-urban-furniture-10-1-768x512.jpg 768w, https:\/\/extery.com\/wp-content\/uploads\/2024\/10\/Park-bench-Linn-Extery-urban-furniture-10-1-600x400.jpg 600w, https:\/\/extery.com\/wp-content\/uploads\/2024\/10\/Park-bench-Linn-Extery-urban-furniture-10-1.jpg 900w\" sizes=\"auto, (max-width: 300px) 100vw, 300px\" \/><\/p>\n","protected":false},"excerpt":{"rendered":"<p>Kaupunkikalusteet, jotka luovat ehe\u00e4n ja kest\u00e4v\u00e4n kaupunkiymp\u00e4rist\u00f6n EXTERYn kaupunkikalusteet on suunniteltu tarjoamaan mukavia, kest\u00e4vi\u00e4 ja esteettisesti harkittuja ratkaisuja kaikkiin julkisiin ulkotiloihin. Valikoimaamme kuuluvat mukavat puistonpenkit, helposti huollettavat metalliset roska-astiat, tarkkaan muotoillut pollarit, py\u00f6r\u00e4telineet sek\u00e4 n\u00e4ytt\u00e4v\u00e4t istutusastiat. Kaikki tuotteet on suunniteltu tukemaan yhten\u00e4ist\u00e4 ja laadukasta kaupunkiymp\u00e4rist\u00f6n kokonaisratkaisua- puistoista ja aukioista k\u00e4velyreitteihin, koulupihoihin ja nykyaikaisiin kaupunkikehityshankkeisiin. Laaja [&hellip;]<\/p>\n","protected":false},"author":1,"featured_media":0,"parent":0,"menu_order":0,"comment_status":"closed","ping_status":"closed","template":"tpl__front-page.php","meta":{"_acf_changed":false,"footnotes":""},"class_list":["post-12007","page","type-page","status-publish","hentry"],"acf":[],"yoast_head":"<!-- This site is optimized with the Yoast SEO plugin v26.4 - https:\/\/yoast.com\/wordpress\/plugins\/seo\/ -->\n<title>Etusivu - Extery puisto- ja kadunkalusteet. Kaupunkikalusteet.<\/title>\n<meta name=\"description\" content=\"Kaupunkikalusteet- kest\u00e4v\u00e4t puistonpenkit, roska-astiat ja ulkokalusteet, jotka tekev\u00e4t julkisista tiloista viihtyisi\u00e4 ja pitk\u00e4ik\u00e4isi\u00e4.\" \/>\n<meta name=\"robots\" content=\"index, follow, max-snippet:-1, max-image-preview:large, max-video-preview:-1\" \/>\n<link rel=\"canonical\" href=\"https:\/\/extery.com\/fi\/\" \/>\n<meta property=\"og:locale\" content=\"fi_FI\" \/>\n<meta property=\"og:type\" content=\"article\" \/>\n<meta property=\"og:title\" content=\"Etusivu - Extery puisto- ja kadunkalusteet. Kaupunkikalusteet.\" \/>\n<meta property=\"og:description\" content=\"Kaupunkikalusteet- kest\u00e4v\u00e4t puistonpenkit, roska-astiat ja ulkokalusteet, jotka tekev\u00e4t julkisista tiloista viihtyisi\u00e4 ja pitk\u00e4ik\u00e4isi\u00e4.\" \/>\n<meta property=\"og:url\" content=\"https:\/\/extery.com\/fi\/\" \/>\n<meta property=\"og:site_name\" content=\"Extery\" \/>\n<meta property=\"article:modified_time\" content=\"2026-03-18T07:49:18+00:00\" \/>\n<meta property=\"og:image\" content=\"https:\/\/extery.com\/wp-content\/uploads\/2024\/10\/Park-bench-Linn-Extery-urban-furniture-10-1.jpg\" \/>\n\t<meta property=\"og:image:width\" content=\"900\" \/>\n\t<meta property=\"og:image:height\" content=\"600\" \/>\n\t<meta property=\"og:image:type\" content=\"image\/jpeg\" \/>\n<meta name=\"twitter:card\" content=\"summary_large_image\" \/>\n<meta name=\"twitter:label1\" content=\"Arvioitu lukuaika\" \/>\n\t<meta name=\"twitter:data1\" content=\"2 minuuttia\" \/>\n<script type=\"application\/ld+json\" class=\"yoast-schema-graph\">{\"@context\":\"https:\/\/schema.org\",\"@graph\":[{\"@type\":\"WebPage\",\"@id\":\"https:\/\/extery.com\/fi\/\",\"url\":\"https:\/\/extery.com\/fi\/\",\"name\":\"Etusivu - Extery puisto- ja kadunkalusteet. Kaupunkikalusteet.\",\"isPartOf\":{\"@id\":\"https:\/\/extery.com\/fi\/#website\"},\"primaryImageOfPage\":{\"@id\":\"https:\/\/extery.com\/fi\/#primaryimage\"},\"image\":{\"@id\":\"https:\/\/extery.com\/fi\/#primaryimage\"},\"thumbnailUrl\":\"https:\/\/extery.com\/wp-content\/uploads\/2024\/10\/Park-bench-Linn-Extery-urban-furniture-10-1-300x200.jpg\",\"datePublished\":\"2021-02-18T09:30:07+00:00\",\"dateModified\":\"2026-03-18T07:49:18+00:00\",\"description\":\"Kaupunkikalusteet- kest\u00e4v\u00e4t puistonpenkit, roska-astiat ja ulkokalusteet, jotka tekev\u00e4t julkisista tiloista viihtyisi\u00e4 ja pitk\u00e4ik\u00e4isi\u00e4.\",\"breadcrumb\":{\"@id\":\"https:\/\/extery.com\/fi\/#breadcrumb\"},\"inLanguage\":\"fi\",\"potentialAction\":[{\"@type\":\"ReadAction\",\"target\":[\"https:\/\/extery.com\/fi\/\"]}]},{\"@type\":\"ImageObject\",\"inLanguage\":\"fi\",\"@id\":\"https:\/\/extery.com\/fi\/#primaryimage\",\"url\":\"https:\/\/extery.com\/wp-content\/uploads\/2024\/10\/Park-bench-Linn-Extery-urban-furniture-10-1-300x200.jpg\",\"contentUrl\":\"https:\/\/extery.com\/wp-content\/uploads\/2024\/10\/Park-bench-Linn-Extery-urban-furniture-10-1-300x200.jpg\"},{\"@type\":\"BreadcrumbList\",\"@id\":\"https:\/\/extery.com\/fi\/#breadcrumb\",\"itemListElement\":[{\"@type\":\"ListItem\",\"position\":1,\"name\":\"Home\",\"item\":\"https:\/\/extery.com\/fi\/\"},{\"@type\":\"ListItem\",\"position\":2,\"name\":\"Etusivu\"}]},{\"@type\":\"WebSite\",\"@id\":\"https:\/\/extery.com\/fi\/#website\",\"url\":\"https:\/\/extery.com\/fi\/\",\"name\":\"Extery\",\"description\":\"\",\"publisher\":{\"@id\":\"https:\/\/extery.com\/fi\/#organization\"},\"potentialAction\":[{\"@type\":\"SearchAction\",\"target\":{\"@type\":\"EntryPoint\",\"urlTemplate\":\"https:\/\/extery.com\/fi\/?s={search_term_string}\"},\"query-input\":{\"@type\":\"PropertyValueSpecification\",\"valueRequired\":true,\"valueName\":\"search_term_string\"}}],\"inLanguage\":\"fi\"},{\"@type\":\"Organization\",\"@id\":\"https:\/\/extery.com\/fi\/#organization\",\"name\":\"Extery\",\"url\":\"https:\/\/extery.com\/fi\/\",\"logo\":{\"@type\":\"ImageObject\",\"inLanguage\":\"fi\",\"@id\":\"https:\/\/extery.com\/fi\/#\/schema\/logo\/image\/\",\"url\":\"https:\/\/extery.com\/wp-content\/uploads\/2023\/11\/footer-logo.svg\",\"contentUrl\":\"https:\/\/extery.com\/wp-content\/uploads\/2023\/11\/footer-logo.svg\",\"caption\":\"Extery\"},\"image\":{\"@id\":\"https:\/\/extery.com\/fi\/#\/schema\/logo\/image\/\"}}]}<\/script>\n<!-- \/ Yoast SEO plugin. -->","yoast_head_json":{"title":"Etusivu - Extery puisto- ja kadunkalusteet. Kaupunkikalusteet.","description":"Kaupunkikalusteet- kest\u00e4v\u00e4t puistonpenkit, roska-astiat ja ulkokalusteet, jotka tekev\u00e4t julkisista tiloista viihtyisi\u00e4 ja pitk\u00e4ik\u00e4isi\u00e4.","robots":{"index":"index","follow":"follow","max-snippet":"max-snippet:-1","max-image-preview":"max-image-preview:large","max-video-preview":"max-video-preview:-1"},"canonical":"https:\/\/extery.com\/fi\/","og_locale":"fi_FI","og_type":"article","og_title":"Etusivu - Extery puisto- ja kadunkalusteet. Kaupunkikalusteet.","og_description":"Kaupunkikalusteet- kest\u00e4v\u00e4t puistonpenkit, roska-astiat ja ulkokalusteet, jotka tekev\u00e4t julkisista tiloista viihtyisi\u00e4 ja pitk\u00e4ik\u00e4isi\u00e4.","og_url":"https:\/\/extery.com\/fi\/","og_site_name":"Extery","article_modified_time":"2026-03-18T07:49:18+00:00","og_image":[{"width":900,"height":600,"url":"https:\/\/extery.com\/wp-content\/uploads\/2024\/10\/Park-bench-Linn-Extery-urban-furniture-10-1.jpg","type":"image\/jpeg"}],"twitter_card":"summary_large_image","twitter_misc":{"Arvioitu lukuaika":"2 minuuttia"},"schema":{"@context":"https:\/\/schema.org","@graph":[{"@type":"WebPage","@id":"https:\/\/extery.com\/fi\/","url":"https:\/\/extery.com\/fi\/","name":"Etusivu - Extery puisto- ja kadunkalusteet. Kaupunkikalusteet.","isPartOf":{"@id":"https:\/\/extery.com\/fi\/#website"},"primaryImageOfPage":{"@id":"https:\/\/extery.com\/fi\/#primaryimage"},"image":{"@id":"https:\/\/extery.com\/fi\/#primaryimage"},"thumbnailUrl":"https:\/\/extery.com\/wp-content\/uploads\/2024\/10\/Park-bench-Linn-Extery-urban-furniture-10-1-300x200.jpg","datePublished":"2021-02-18T09:30:07+00:00","dateModified":"2026-03-18T07:49:18+00:00","description":"Kaupunkikalusteet- kest\u00e4v\u00e4t puistonpenkit, roska-astiat ja ulkokalusteet, jotka tekev\u00e4t julkisista tiloista viihtyisi\u00e4 ja pitk\u00e4ik\u00e4isi\u00e4.","breadcrumb":{"@id":"https:\/\/extery.com\/fi\/#breadcrumb"},"inLanguage":"fi","potentialAction":[{"@type":"ReadAction","target":["https:\/\/extery.com\/fi\/"]}]},{"@type":"ImageObject","inLanguage":"fi","@id":"https:\/\/extery.com\/fi\/#primaryimage","url":"https:\/\/extery.com\/wp-content\/uploads\/2024\/10\/Park-bench-Linn-Extery-urban-furniture-10-1-300x200.jpg","contentUrl":"https:\/\/extery.com\/wp-content\/uploads\/2024\/10\/Park-bench-Linn-Extery-urban-furniture-10-1-300x200.jpg"},{"@type":"BreadcrumbList","@id":"https:\/\/extery.com\/fi\/#breadcrumb","itemListElement":[{"@type":"ListItem","position":1,"name":"Home","item":"https:\/\/extery.com\/fi\/"},{"@type":"ListItem","position":2,"name":"Etusivu"}]},{"@type":"WebSite","@id":"https:\/\/extery.com\/fi\/#website","url":"https:\/\/extery.com\/fi\/","name":"Extery","description":"","publisher":{"@id":"https:\/\/extery.com\/fi\/#organization"},"potentialAction":[{"@type":"SearchAction","target":{"@type":"EntryPoint","urlTemplate":"https:\/\/extery.com\/fi\/?s={search_term_string}"},"query-input":{"@type":"PropertyValueSpecification","valueRequired":true,"valueName":"search_term_string"}}],"inLanguage":"fi"},{"@type":"Organization","@id":"https:\/\/extery.com\/fi\/#organization","name":"Extery","url":"https:\/\/extery.com\/fi\/","logo":{"@type":"ImageObject","inLanguage":"fi","@id":"https:\/\/extery.com\/fi\/#\/schema\/logo\/image\/","url":"https:\/\/extery.com\/wp-content\/uploads\/2023\/11\/footer-logo.svg","contentUrl":"https:\/\/extery.com\/wp-content\/uploads\/2023\/11\/footer-logo.svg","caption":"Extery"},"image":{"@id":"https:\/\/extery.com\/fi\/#\/schema\/logo\/image\/"}}]}},"_links":{"self":[{"href":"https:\/\/extery.com\/fi\/wp-json\/wp\/v2\/pages\/12007","targetHints":{"allow":["GET"]}}],"collection":[{"href":"https:\/\/extery.com\/fi\/wp-json\/wp\/v2\/pages"}],"about":[{"href":"https:\/\/extery.com\/fi\/wp-json\/wp\/v2\/types\/page"}],"author":[{"embeddable":true,"href":"https:\/\/extery.com\/fi\/wp-json\/wp\/v2\/users\/1"}],"replies":[{"embeddable":true,"href":"https:\/\/extery.com\/fi\/wp-json\/wp\/v2\/comments?post=12007"}],"version-history":[{"count":18,"href":"https:\/\/extery.com\/fi\/wp-json\/wp\/v2\/pages\/12007\/revisions"}],"predecessor-version":[{"id":58093,"href":"https:\/\/extery.com\/fi\/wp-json\/wp\/v2\/pages\/12007\/revisions\/58093"}],"wp:attachment":[{"href":"https:\/\/extery.com\/fi\/wp-json\/wp\/v2\/media?parent=12007"}],"curies":[{"name":"wp","href":"https:\/\/api.w.org\/{rel}","templated":true}]}}