{"id":12564,"date":"2021-03-18T13:37:28","date_gmt":"2021-03-18T13:37:28","guid":{"rendered":"https:\/\/extery.com\/suosikit\/"},"modified":"2021-06-04T12:18:52","modified_gmt":"2021-06-04T12:18:52","slug":"suosikit","status":"publish","type":"page","link":"https:\/\/extery.com\/fi\/suosikit\/","title":{"rendered":"Suosikit"},"content":{"rendered":"\n<div class=\"woosw-list\"><table class=\"woosw-items\">                            <tr class=\"woosw-item woosw-item-25051\"\n                                data-id=\"25051\">\n\n\t\t\t\t\t\t\t\t\n\t\t\t\t\t\t\t\t\n                                <td class=\"woosw-item--image\">\n\t\t\t\t\t\t\t\t\t                                        <a  href=\"https:\/\/extery.com\/fi\/tuotteet\/puistonpenkki-veer\/\" >\n\t\t\t\t\t\t\t\t\t\t\t<img loading=\"lazy\" decoding=\"async\" width=\"300\" height=\"300\" src=\"https:\/\/extery.com\/wp-content\/uploads\/2026\/01\/Veer-2000-roosa-v1_jt2-EXTERY-urban-furniture-park-bench-pargipink-puistonpenkki-sols-300x300.jpg\" class=\"attachment-woocommerce_thumbnail size-woocommerce_thumbnail\" alt=\"puistonpenkki VEER\" srcset=\"https:\/\/extery.com\/wp-content\/uploads\/2026\/01\/Veer-2000-roosa-v1_jt2-EXTERY-urban-furniture-park-bench-pargipink-puistonpenkki-sols-300x300.jpg 300w, https:\/\/extery.com\/wp-content\/uploads\/2026\/01\/Veer-2000-roosa-v1_jt2-EXTERY-urban-furniture-park-bench-pargipink-puistonpenkki-sols-150x150.jpg 150w, https:\/\/extery.com\/wp-content\/uploads\/2026\/01\/Veer-2000-roosa-v1_jt2-EXTERY-urban-furniture-park-bench-pargipink-puistonpenkki-sols-100x100.jpg 100w\" sizes=\"auto, (max-width: 300px) 100vw, 300px\" \/>                                        <\/a>\n\t\t\t\t\t\t\t\t\t                                <\/td>\n\n                                <td class=\"woosw-item--info\">\n\t\t\t\t\t\t\t\t\t<div class=\"woosw-item--name\"><a  href=\"https:\/\/extery.com\/fi\/tuotteet\/puistonpenkki-veer\/\" >puistonpenkki VEER<\/a><\/div><div class=\"woosw-item--price\"><\/div><div class=\"woosw-item--time\">13 huhtikuun, 2026<\/div>                                <\/td>\n\n                                <td class=\"woosw-item--actions\">\n                                    <div class=\"woosw-item--stock\">\n\t\t\t\t\t\t\t\t\t\tIn stock                                    <\/div>\n\n                                    <div class=\"woosw-item--add\">\n\t\t\t\t\t\t\t\t\t\t<p class=\"product woocommerce add_to_cart_inline \" style=\"\"><a href=\"https:\/\/extery.com\/fi\/tuotteet\/puistonpenkki-veer\/\" aria-describedby=\"woocommerce_loop_add_to_cart_link_describedby_25051\" data-quantity=\"1\" class=\"button product_type_simple\" data-product_id=\"25051\" data-product_sku=\"\" aria-label=\"Lue lis\u00e4\u00e4 &ldquo;puistonpenkki VEER&rdquo; asiasta\" rel=\"nofollow\" data-success_message=\"\">Lue lis\u00e4\u00e4<\/a>\t<span id=\"woocommerce_loop_add_to_cart_link_describedby_25051\" class=\"screen-reader-text\">\n\t\t\t<\/span>\n<\/p>                                    <\/div>\n\n\t\t\t\t\t\t\t\t\t                                <\/td>\n\n\t\t\t\t\t\t\t\t                            <\/tr>\n\t\t\t\t\t\t                            <tr class=\"woosw-item woosw-item-25077\"\n                                data-id=\"25077\">\n\n\t\t\t\t\t\t\t\t\n\t\t\t\t\t\t\t\t\n                                <td class=\"woosw-item--image\">\n\t\t\t\t\t\t\t\t\t                                        <a  href=\"https:\/\/extery.com\/tooted\/tool-veer\/\" >\n\t\t\t\t\t\t\t\t\t\t\t<img loading=\"lazy\" decoding=\"async\" width=\"300\" height=\"300\" src=\"https:\/\/extery.com\/wp-content\/uploads\/2026\/01\/Veer-tool-roosa-v1_jt2-EXTERY-urban-furniture-park-bench-pargipink-puistonpenkki-sols-300x300.jpg\" class=\"attachment-woocommerce_thumbnail size-woocommerce_thumbnail\" alt=\"tool Veer\" srcset=\"https:\/\/extery.com\/wp-content\/uploads\/2026\/01\/Veer-tool-roosa-v1_jt2-EXTERY-urban-furniture-park-bench-pargipink-puistonpenkki-sols-300x300.jpg 300w, https:\/\/extery.com\/wp-content\/uploads\/2026\/01\/Veer-tool-roosa-v1_jt2-EXTERY-urban-furniture-park-bench-pargipink-puistonpenkki-sols-150x150.jpg 150w, https:\/\/extery.com\/wp-content\/uploads\/2026\/01\/Veer-tool-roosa-v1_jt2-EXTERY-urban-furniture-park-bench-pargipink-puistonpenkki-sols-100x100.jpg 100w\" sizes=\"auto, (max-width: 300px) 100vw, 300px\" \/>                                        <\/a>\n\t\t\t\t\t\t\t\t\t                                <\/td>\n\n                                <td class=\"woosw-item--info\">\n\t\t\t\t\t\t\t\t\t<div class=\"woosw-item--name\"><a  href=\"https:\/\/extery.com\/tooted\/tool-veer\/\" >tool Veer<\/a><\/div><div class=\"woosw-item--price\"><\/div><div class=\"woosw-item--time\">11 huhtikuun, 2026<\/div>                                <\/td>\n\n                                <td class=\"woosw-item--actions\">\n                                    <div class=\"woosw-item--stock\">\n\t\t\t\t\t\t\t\t\t\tIn stock                                    <\/div>\n\n                                    <div class=\"woosw-item--add\">\n\t\t\t\t\t\t\t\t\t\t<p class=\"product woocommerce add_to_cart_inline \" style=\"\"><a href=\"https:\/\/extery.com\/tooted\/tool-veer\/\" aria-describedby=\"woocommerce_loop_add_to_cart_link_describedby_25077\" data-quantity=\"1\" class=\"button product_type_simple\" data-product_id=\"25077\" data-product_sku=\"\" aria-label=\"Lue lis\u00e4\u00e4 &ldquo;tool Veer&rdquo; asiasta\" rel=\"nofollow\" data-success_message=\"\">Lue lis\u00e4\u00e4<\/a>\t<span id=\"woocommerce_loop_add_to_cart_link_describedby_25077\" class=\"screen-reader-text\">\n\t\t\t<\/span>\n<\/p>                                    <\/div>\n\n\t\t\t\t\t\t\t\t\t                                <\/td>\n\n\t\t\t\t\t\t\t\t                            <\/tr>\n\t\t\t\t\t\t                            <tr class=\"woosw-item woosw-item-55938\"\n                                data-id=\"55938\">\n\n\t\t\t\t\t\t\t\t\n\t\t\t\t\t\t\t\t\n                                <td class=\"woosw-item--image\">\n\t\t\t\t\t\t\t\t\t                                        <a  href=\"https:\/\/extery.com\/tooted\/hula-poorlev-tool\/\" >\n\t\t\t\t\t\t\t\t\t\t\t<img loading=\"lazy\" decoding=\"async\" width=\"300\" height=\"300\" src=\"https:\/\/extery.com\/wp-content\/uploads\/2026\/02\/Hula-tool-korge-seljatoega-v1-EXTERY-urban-furniture-park-bench-pargipink-puistonpenkki-sols-300x300.jpg\" class=\"attachment-woocommerce_thumbnail size-woocommerce_thumbnail\" alt=\"Hula p\u00f6\u00f6rlev tool\" srcset=\"https:\/\/extery.com\/wp-content\/uploads\/2026\/02\/Hula-tool-korge-seljatoega-v1-EXTERY-urban-furniture-park-bench-pargipink-puistonpenkki-sols-300x300.jpg 300w, https:\/\/extery.com\/wp-content\/uploads\/2026\/02\/Hula-tool-korge-seljatoega-v1-EXTERY-urban-furniture-park-bench-pargipink-puistonpenkki-sols-150x150.jpg 150w, https:\/\/extery.com\/wp-content\/uploads\/2026\/02\/Hula-tool-korge-seljatoega-v1-EXTERY-urban-furniture-park-bench-pargipink-puistonpenkki-sols-100x100.jpg 100w\" sizes=\"auto, (max-width: 300px) 100vw, 300px\" \/>                                        <\/a>\n\t\t\t\t\t\t\t\t\t                                <\/td>\n\n                                <td class=\"woosw-item--info\">\n\t\t\t\t\t\t\t\t\t<div class=\"woosw-item--name\"><a  href=\"https:\/\/extery.com\/tooted\/hula-poorlev-tool\/\" >Hula p\u00f6\u00f6rlev tool<\/a><\/div><div class=\"woosw-item--price\"><\/div><div class=\"woosw-item--time\">7 huhtikuun, 2026<\/div>                                <\/td>\n\n                                <td class=\"woosw-item--actions\">\n                                    <div class=\"woosw-item--stock\">\n\t\t\t\t\t\t\t\t\t\tIn stock                                    <\/div>\n\n                                    <div class=\"woosw-item--add\">\n\t\t\t\t\t\t\t\t\t\t<p class=\"product woocommerce add_to_cart_inline \" style=\"\"><a href=\"https:\/\/extery.com\/tooted\/hula-poorlev-tool\/\" aria-describedby=\"woocommerce_loop_add_to_cart_link_describedby_55938\" data-quantity=\"1\" class=\"button product_type_simple\" data-product_id=\"55938\" data-product_sku=\"\" aria-label=\"Lue lis\u00e4\u00e4 &ldquo;Hula p\u00f6\u00f6rlev tool&rdquo; asiasta\" rel=\"nofollow\" data-success_message=\"\">Lue lis\u00e4\u00e4<\/a>\t<span id=\"woocommerce_loop_add_to_cart_link_describedby_55938\" class=\"screen-reader-text\">\n\t\t\t<\/span>\n<\/p>                                    <\/div>\n\n\t\t\t\t\t\t\t\t\t                                <\/td>\n\n\t\t\t\t\t\t\t\t                            <\/tr>\n\t\t\t\t\t\t                            <tr class=\"woosw-item woosw-item-55940\"\n                                data-id=\"55940\">\n\n\t\t\t\t\t\t\t\t\n\t\t\t\t\t\t\t\t\n                                <td class=\"woosw-item--image\">\n\t\t\t\t\t\t\t\t\t                                        <a  href=\"https:\/\/extery.com\/tooted\/hula-poorlev-tugitool-korge-seljatoega\/\" >\n\t\t\t\t\t\t\t\t\t\t\t<img loading=\"lazy\" decoding=\"async\" width=\"300\" height=\"300\" src=\"https:\/\/extery.com\/wp-content\/uploads\/2026\/02\/Hula-tugitool-korge-seljatoega-v1-EXTERY-urban-furniture-park-bench-pargipink-puistonpenkki-sols-300x300.jpg\" class=\"attachment-woocommerce_thumbnail size-woocommerce_thumbnail\" alt=\"Hula p\u00f6\u00f6rlev tugitool, k\u00f5rge seljatoega\" srcset=\"https:\/\/extery.com\/wp-content\/uploads\/2026\/02\/Hula-tugitool-korge-seljatoega-v1-EXTERY-urban-furniture-park-bench-pargipink-puistonpenkki-sols-300x300.jpg 300w, https:\/\/extery.com\/wp-content\/uploads\/2026\/02\/Hula-tugitool-korge-seljatoega-v1-EXTERY-urban-furniture-park-bench-pargipink-puistonpenkki-sols-150x150.jpg 150w, https:\/\/extery.com\/wp-content\/uploads\/2026\/02\/Hula-tugitool-korge-seljatoega-v1-EXTERY-urban-furniture-park-bench-pargipink-puistonpenkki-sols-100x100.jpg 100w\" sizes=\"auto, (max-width: 300px) 100vw, 300px\" \/>                                        <\/a>\n\t\t\t\t\t\t\t\t\t                                <\/td>\n\n                                <td class=\"woosw-item--info\">\n\t\t\t\t\t\t\t\t\t<div class=\"woosw-item--name\"><a  href=\"https:\/\/extery.com\/tooted\/hula-poorlev-tugitool-korge-seljatoega\/\" >Hula p\u00f6\u00f6rlev tugitool, k\u00f5rge seljatoega<\/a><\/div><div class=\"woosw-item--price\"><\/div><div class=\"woosw-item--time\">7 huhtikuun, 2026<\/div>                                <\/td>\n\n                                <td class=\"woosw-item--actions\">\n                                    <div class=\"woosw-item--stock\">\n\t\t\t\t\t\t\t\t\t\tIn stock                                    <\/div>\n\n                                    <div class=\"woosw-item--add\">\n\t\t\t\t\t\t\t\t\t\t<p class=\"product woocommerce add_to_cart_inline \" style=\"\"><a href=\"https:\/\/extery.com\/tooted\/hula-poorlev-tugitool-korge-seljatoega\/\" aria-describedby=\"woocommerce_loop_add_to_cart_link_describedby_55940\" data-quantity=\"1\" class=\"button product_type_simple\" data-product_id=\"55940\" data-product_sku=\"\" aria-label=\"Lue lis\u00e4\u00e4 &ldquo;Hula p\u00f6\u00f6rlev tugitool, k\u00f5rge seljatoega&rdquo; asiasta\" rel=\"nofollow\" data-success_message=\"\">Lue lis\u00e4\u00e4<\/a>\t<span id=\"woocommerce_loop_add_to_cart_link_describedby_55940\" class=\"screen-reader-text\">\n\t\t\t<\/span>\n<\/p>                                    <\/div>\n\n\t\t\t\t\t\t\t\t\t                                <\/td>\n\n\t\t\t\t\t\t\t\t                            <\/tr>\n\t\t\t\t\t\t<\/table><div class=\"woosw-actions\"><\/div><!-- \/woosw-actions --><\/div><!-- \/woosw-list -->\n","protected":false},"excerpt":{"rendered":"","protected":false},"author":1,"featured_media":0,"parent":0,"menu_order":0,"comment_status":"closed","ping_status":"closed","template":"tpl__wishlist.php","meta":{"_acf_changed":false,"footnotes":""},"class_list":["post-12564","page","type-page","status-publish","hentry"],"acf":[],"yoast_head":"<!-- This site is optimized with the Yoast SEO plugin v26.4 - https:\/\/yoast.com\/wordpress\/plugins\/seo\/ -->\n<title>Suosikit - Extery<\/title>\n<meta name=\"robots\" content=\"index, follow, max-snippet:-1, max-image-preview:large, max-video-preview:-1\" \/>\n<link rel=\"canonical\" href=\"https:\/\/extery.com\/fi\/suosikit\/\" \/>\n<meta property=\"og:locale\" content=\"fi_FI\" \/>\n<meta property=\"og:type\" content=\"article\" \/>\n<meta property=\"og:title\" content=\"Suosikit - Extery\" \/>\n<meta property=\"og:url\" content=\"https:\/\/extery.com\/fi\/suosikit\/\" \/>\n<meta property=\"og:site_name\" content=\"Extery\" \/>\n<meta property=\"article:modified_time\" content=\"2021-06-04T12:18:52+00:00\" \/>\n<meta property=\"og:image\" content=\"https:\/\/extery.com\/wp-content\/uploads\/2021\/01\/extery-1.jpg\" \/>\n\t<meta property=\"og:image:width\" content=\"1200\" \/>\n\t<meta property=\"og:image:height\" content=\"630\" \/>\n\t<meta property=\"og:image:type\" content=\"image\/jpeg\" \/>\n<meta name=\"twitter:card\" content=\"summary_large_image\" \/>\n<script type=\"application\/ld+json\" class=\"yoast-schema-graph\">{\"@context\":\"https:\/\/schema.org\",\"@graph\":[{\"@type\":\"WebPage\",\"@id\":\"https:\/\/extery.com\/fi\/suosikit\/\",\"url\":\"https:\/\/extery.com\/fi\/suosikit\/\",\"name\":\"Suosikit - Extery\",\"isPartOf\":{\"@id\":\"https:\/\/extery.com\/fi\/#website\"},\"datePublished\":\"2021-03-18T13:37:28+00:00\",\"dateModified\":\"2021-06-04T12:18:52+00:00\",\"breadcrumb\":{\"@id\":\"https:\/\/extery.com\/fi\/suosikit\/#breadcrumb\"},\"inLanguage\":\"fi\",\"potentialAction\":[{\"@type\":\"ReadAction\",\"target\":[\"https:\/\/extery.com\/fi\/suosikit\/\"]}]},{\"@type\":\"BreadcrumbList\",\"@id\":\"https:\/\/extery.com\/fi\/suosikit\/#breadcrumb\",\"itemListElement\":[{\"@type\":\"ListItem\",\"position\":1,\"name\":\"Home\",\"item\":\"https:\/\/extery.com\/fi\/\"},{\"@type\":\"ListItem\",\"position\":2,\"name\":\"Suosikit\"}]},{\"@type\":\"WebSite\",\"@id\":\"https:\/\/extery.com\/fi\/#website\",\"url\":\"https:\/\/extery.com\/fi\/\",\"name\":\"Extery\",\"description\":\"\",\"publisher\":{\"@id\":\"https:\/\/extery.com\/fi\/#organization\"},\"potentialAction\":[{\"@type\":\"SearchAction\",\"target\":{\"@type\":\"EntryPoint\",\"urlTemplate\":\"https:\/\/extery.com\/fi\/?s={search_term_string}\"},\"query-input\":{\"@type\":\"PropertyValueSpecification\",\"valueRequired\":true,\"valueName\":\"search_term_string\"}}],\"inLanguage\":\"fi\"},{\"@type\":\"Organization\",\"@id\":\"https:\/\/extery.com\/fi\/#organization\",\"name\":\"Extery\",\"url\":\"https:\/\/extery.com\/fi\/\",\"logo\":{\"@type\":\"ImageObject\",\"inLanguage\":\"fi\",\"@id\":\"https:\/\/extery.com\/fi\/#\/schema\/logo\/image\/\",\"url\":\"https:\/\/extery.com\/wp-content\/uploads\/2023\/11\/footer-logo.svg\",\"contentUrl\":\"https:\/\/extery.com\/wp-content\/uploads\/2023\/11\/footer-logo.svg\",\"caption\":\"Extery\"},\"image\":{\"@id\":\"https:\/\/extery.com\/fi\/#\/schema\/logo\/image\/\"}}]}<\/script>\n<!-- \/ Yoast SEO plugin. -->","yoast_head_json":{"title":"Suosikit - Extery","robots":{"index":"index","follow":"follow","max-snippet":"max-snippet:-1","max-image-preview":"max-image-preview:large","max-video-preview":"max-video-preview:-1"},"canonical":"https:\/\/extery.com\/fi\/suosikit\/","og_locale":"fi_FI","og_type":"article","og_title":"Suosikit - Extery","og_url":"https:\/\/extery.com\/fi\/suosikit\/","og_site_name":"Extery","article_modified_time":"2021-06-04T12:18:52+00:00","og_image":[{"width":1200,"height":630,"url":"https:\/\/extery.com\/wp-content\/uploads\/2021\/01\/extery-1.jpg","type":"image\/jpeg"}],"twitter_card":"summary_large_image","schema":{"@context":"https:\/\/schema.org","@graph":[{"@type":"WebPage","@id":"https:\/\/extery.com\/fi\/suosikit\/","url":"https:\/\/extery.com\/fi\/suosikit\/","name":"Suosikit - Extery","isPartOf":{"@id":"https:\/\/extery.com\/fi\/#website"},"datePublished":"2021-03-18T13:37:28+00:00","dateModified":"2021-06-04T12:18:52+00:00","breadcrumb":{"@id":"https:\/\/extery.com\/fi\/suosikit\/#breadcrumb"},"inLanguage":"fi","potentialAction":[{"@type":"ReadAction","target":["https:\/\/extery.com\/fi\/suosikit\/"]}]},{"@type":"BreadcrumbList","@id":"https:\/\/extery.com\/fi\/suosikit\/#breadcrumb","itemListElement":[{"@type":"ListItem","position":1,"name":"Home","item":"https:\/\/extery.com\/fi\/"},{"@type":"ListItem","position":2,"name":"Suosikit"}]},{"@type":"WebSite","@id":"https:\/\/extery.com\/fi\/#website","url":"https:\/\/extery.com\/fi\/","name":"Extery","description":"","publisher":{"@id":"https:\/\/extery.com\/fi\/#organization"},"potentialAction":[{"@type":"SearchAction","target":{"@type":"EntryPoint","urlTemplate":"https:\/\/extery.com\/fi\/?s={search_term_string}"},"query-input":{"@type":"PropertyValueSpecification","valueRequired":true,"valueName":"search_term_string"}}],"inLanguage":"fi"},{"@type":"Organization","@id":"https:\/\/extery.com\/fi\/#organization","name":"Extery","url":"https:\/\/extery.com\/fi\/","logo":{"@type":"ImageObject","inLanguage":"fi","@id":"https:\/\/extery.com\/fi\/#\/schema\/logo\/image\/","url":"https:\/\/extery.com\/wp-content\/uploads\/2023\/11\/footer-logo.svg","contentUrl":"https:\/\/extery.com\/wp-content\/uploads\/2023\/11\/footer-logo.svg","caption":"Extery"},"image":{"@id":"https:\/\/extery.com\/fi\/#\/schema\/logo\/image\/"}}]}},"_links":{"self":[{"href":"https:\/\/extery.com\/fi\/wp-json\/wp\/v2\/pages\/12564","targetHints":{"allow":["GET"]}}],"collection":[{"href":"https:\/\/extery.com\/fi\/wp-json\/wp\/v2\/pages"}],"about":[{"href":"https:\/\/extery.com\/fi\/wp-json\/wp\/v2\/types\/page"}],"author":[{"embeddable":true,"href":"https:\/\/extery.com\/fi\/wp-json\/wp\/v2\/users\/1"}],"replies":[{"embeddable":true,"href":"https:\/\/extery.com\/fi\/wp-json\/wp\/v2\/comments?post=12564"}],"version-history":[{"count":0,"href":"https:\/\/extery.com\/fi\/wp-json\/wp\/v2\/pages\/12564\/revisions"}],"wp:attachment":[{"href":"https:\/\/extery.com\/fi\/wp-json\/wp\/v2\/media?parent=12564"}],"curies":[{"name":"wp","href":"https:\/\/api.w.org\/{rel}","templated":true}]}}