{"id":11595,"date":"2021-02-11T09:49:34","date_gmt":"2021-02-11T09:49:34","guid":{"rendered":"https:\/\/extery.com\/?post_type=product&#038;p=11595"},"modified":"2026-04-13T10:02:48","modified_gmt":"2026-04-13T10:02:48","slug":"poyta-sume","status":"publish","type":"product","link":"https:\/\/extery.com\/fi\/tuotteet\/poyta-sume\/","title":{"rendered":"p\u00f6yt\u00e4 Sume"},"content":{"rendered":"<p>Sume-p\u00f6yt\u00e4 on yksinkertainen ja k\u00e4yt\u00e4nn\u00f6llinen. Sume-p\u00f6yd\u00e4n periaate on eritt\u00e4in yksinkertainen, mutta pienet muotoiluratkaisut tekev\u00e4t siit\u00e4 poikkeuksellisen, erilaisen ja tyylikk\u00e4\u00e4n.<\/p>\n<p>Sume-p\u00f6yt\u00e4 on saatavana kahdessa eri korkeudessa, mik\u00e4 mahdollistaa erilaisten ajanviettopaikkojen luomisen.<\/p>\n<p>Yhdist\u00e4 Sume-p\u00f6yd\u00e4t Sume-perheeseen kuuluviin istuimiin ja luo erilaisia, viihtyisi\u00e4 ja inspiroivia alueita!<\/p>\n<p><em>\u201cKaupunkitila on yhteinen, jaettava olohuoneemme, josta emme vain kulje l\u00e4pi t\u00f6ihin tai kotiin kiiruhtaessamme. Jotta tila olisi runsas sek\u00e4 kiinnostava ja loisi meille uusia mahdollisuuksia, tarvitsemme pieni\u00e4 vihjeit\u00e4 ja mahdollisuuksia luovia tuotteita. Juuri sit\u00e4 Extery tekee ja olemme siit\u00e4 ylpeit\u00e4. <\/em><\/p>\n<p><em>Miksi sinun pit\u00e4isi juoda kahvisi seisten tai sy\u00f6d\u00e4 katuruoka sylist\u00e4? Istahda hetkeksi, laita tavarat Sume-p\u00f6yd\u00e4lle ja ripusta laukku ripustusaukkoon. Huomaamaton, mutta t\u00e4rke\u00e4. Onnelliseen hetkeen ei tarvita paljon. Tunne olevasi kuin kotona!\u201c<\/em><\/p>\n<p>&nbsp;<\/p>\n<p><span style=\"font-size: 10.5pt; color: #2e2e2e;\">\u00a0<\/span><\/p>\n","protected":false},"excerpt":{"rendered":"<p>Sume-p\u00f6yt\u00e4 on yksinkertainen ja k\u00e4yt\u00e4nn\u00f6llinen. Sume-p\u00f6yd\u00e4n periaate on eritt\u00e4in yksinkertainen, mutta pienet muotoiluratkaisut tekev\u00e4t siit\u00e4 poikkeuksellisen, erilaisen ja tyylikk\u00e4\u00e4n. Sume-p\u00f6yt\u00e4 on saatavana kahdessa eri korkeudessa, mik\u00e4 mahdollistaa erilaisten ajanviettopaikkojen luomisen. Yhdist\u00e4 Sume-p\u00f6yd\u00e4t Sume-perheeseen kuuluviin istuimiin ja luo erilaisia, viihtyisi\u00e4 ja inspiroivia alueita! \u201cKaupunkitila on yhteinen, jaettava olohuoneemme, josta emme vain kulje l\u00e4pi t\u00f6ihin tai kotiin [&hellip;]<\/p>\n","protected":false},"featured_media":11609,"comment_status":"open","ping_status":"closed","template":"","meta":{"_acf_changed":false},"product_brand":[],"product_cat":[100],"product_tag":[],"class_list":{"0":"post-11595","1":"product","2":"type-product","3":"status-publish","4":"has-post-thumbnail","6":"product_cat-poydat","7":"product-family-sume-fi","9":"first","10":"instock","11":"shipping-taxable","12":"product-type-simple"},"acf":[],"yoast_head":"<!-- This site is optimized with the Yoast SEO plugin v26.4 - https:\/\/yoast.com\/wordpress\/plugins\/seo\/ -->\n<title>p\u00f6yt\u00e4 Sume - Extery kaupunkikalusteet<\/title>\n<meta name=\"description\" content=\"P\u00f6yt\u00e4 Sume on yksinkertainen ja k\u00e4yt\u00e4nn\u00f6llinen. Sume-p\u00f6yd\u00e4n periaate on eritt\u00e4in yksinkertainen, mutta pienet muotoiluratkaisut tekev\u00e4t siit\u00e4 poikkeuksellisen, erilaisen ja tyylikk\u00e4\u00e4n.\" \/>\n<meta name=\"robots\" content=\"index, follow, max-snippet:-1, max-image-preview:large, max-video-preview:-1\" \/>\n<link rel=\"canonical\" href=\"https:\/\/extery.com\/fi\/tuotteet\/poyta-sume\/\" \/>\n<meta property=\"og:locale\" content=\"fi_FI\" \/>\n<meta property=\"og:type\" content=\"article\" \/>\n<meta property=\"og:title\" content=\"p\u00f6yt\u00e4 Sume - Extery kaupunkikalusteet\" \/>\n<meta property=\"og:description\" content=\"P\u00f6yt\u00e4 Sume on yksinkertainen ja k\u00e4yt\u00e4nn\u00f6llinen. Sume-p\u00f6yd\u00e4n periaate on eritt\u00e4in yksinkertainen, mutta pienet muotoiluratkaisut tekev\u00e4t siit\u00e4 poikkeuksellisen, erilaisen ja tyylikk\u00e4\u00e4n.\" \/>\n<meta property=\"og:url\" content=\"https:\/\/extery.com\/fi\/tuotteet\/poyta-sume\/\" \/>\n<meta property=\"og:site_name\" content=\"Extery\" \/>\n<meta property=\"article:modified_time\" content=\"2026-04-13T10:02:48+00:00\" \/>\n<meta property=\"og:image\" content=\"https:\/\/extery.com\/wp-content\/uploads\/2021\/02\/laud-Sume-eest-scaled.jpg\" \/>\n\t<meta property=\"og:image:width\" content=\"2560\" \/>\n\t<meta property=\"og:image:height\" content=\"1707\" \/>\n\t<meta property=\"og:image:type\" content=\"image\/jpeg\" \/>\n<meta name=\"twitter:card\" content=\"summary_large_image\" \/>\n<meta name=\"twitter:label1\" content=\"Arvioitu lukuaika\" \/>\n\t<meta name=\"twitter:data1\" content=\"1 minuutti\" \/>\n<script type=\"application\/ld+json\" class=\"yoast-schema-graph\">{\"@context\":\"https:\/\/schema.org\",\"@graph\":[{\"@type\":\"WebPage\",\"@id\":\"https:\/\/extery.com\/fi\/tuotteet\/poyta-sume\/\",\"url\":\"https:\/\/extery.com\/fi\/tuotteet\/poyta-sume\/\",\"name\":\"p\u00f6yt\u00e4 Sume - Extery kaupunkikalusteet\",\"isPartOf\":{\"@id\":\"https:\/\/extery.com\/fi\/#website\"},\"primaryImageOfPage\":{\"@id\":\"https:\/\/extery.com\/fi\/tuotteet\/poyta-sume\/#primaryimage\"},\"image\":{\"@id\":\"https:\/\/extery.com\/fi\/tuotteet\/poyta-sume\/#primaryimage\"},\"thumbnailUrl\":\"https:\/\/extery.com\/wp-content\/uploads\/2021\/02\/laud-Sume-eest-scaled.jpg\",\"datePublished\":\"2021-02-11T09:49:34+00:00\",\"dateModified\":\"2026-04-13T10:02:48+00:00\",\"description\":\"P\u00f6yt\u00e4 Sume on yksinkertainen ja k\u00e4yt\u00e4nn\u00f6llinen. Sume-p\u00f6yd\u00e4n periaate on eritt\u00e4in yksinkertainen, mutta pienet muotoiluratkaisut tekev\u00e4t siit\u00e4 poikkeuksellisen, erilaisen ja tyylikk\u00e4\u00e4n.\",\"breadcrumb\":{\"@id\":\"https:\/\/extery.com\/fi\/tuotteet\/poyta-sume\/#breadcrumb\"},\"inLanguage\":\"fi\",\"potentialAction\":[{\"@type\":\"ReadAction\",\"target\":[\"https:\/\/extery.com\/fi\/tuotteet\/poyta-sume\/\"]}]},{\"@type\":\"ImageObject\",\"inLanguage\":\"fi\",\"@id\":\"https:\/\/extery.com\/fi\/tuotteet\/poyta-sume\/#primaryimage\",\"url\":\"https:\/\/extery.com\/wp-content\/uploads\/2021\/02\/laud-Sume-eest-scaled.jpg\",\"contentUrl\":\"https:\/\/extery.com\/wp-content\/uploads\/2021\/02\/laud-Sume-eest-scaled.jpg\",\"width\":2560,\"height\":1707},{\"@type\":\"BreadcrumbList\",\"@id\":\"https:\/\/extery.com\/fi\/tuotteet\/poyta-sume\/#breadcrumb\",\"itemListElement\":[{\"@type\":\"ListItem\",\"position\":1,\"name\":\"Home\",\"item\":\"https:\/\/extery.com\/fi\/\"},{\"@type\":\"ListItem\",\"position\":2,\"name\":\"Tuotteet\",\"item\":\"https:\/\/extery.com\/fi\/tuotteet\/\"},{\"@type\":\"ListItem\",\"position\":3,\"name\":\"p\u00f6yt\u00e4 Sume\"}]},{\"@type\":\"WebSite\",\"@id\":\"https:\/\/extery.com\/fi\/#website\",\"url\":\"https:\/\/extery.com\/fi\/\",\"name\":\"Extery\",\"description\":\"\",\"publisher\":{\"@id\":\"https:\/\/extery.com\/fi\/#organization\"},\"potentialAction\":[{\"@type\":\"SearchAction\",\"target\":{\"@type\":\"EntryPoint\",\"urlTemplate\":\"https:\/\/extery.com\/fi\/?s={search_term_string}\"},\"query-input\":{\"@type\":\"PropertyValueSpecification\",\"valueRequired\":true,\"valueName\":\"search_term_string\"}}],\"inLanguage\":\"fi\"},{\"@type\":\"Organization\",\"@id\":\"https:\/\/extery.com\/fi\/#organization\",\"name\":\"Extery\",\"url\":\"https:\/\/extery.com\/fi\/\",\"logo\":{\"@type\":\"ImageObject\",\"inLanguage\":\"fi\",\"@id\":\"https:\/\/extery.com\/fi\/#\/schema\/logo\/image\/\",\"url\":\"https:\/\/extery.com\/wp-content\/uploads\/2023\/11\/footer-logo.svg\",\"contentUrl\":\"https:\/\/extery.com\/wp-content\/uploads\/2023\/11\/footer-logo.svg\",\"caption\":\"Extery\"},\"image\":{\"@id\":\"https:\/\/extery.com\/fi\/#\/schema\/logo\/image\/\"}}]}<\/script>\n<!-- \/ Yoast SEO plugin. -->","yoast_head_json":{"title":"p\u00f6yt\u00e4 Sume - Extery kaupunkikalusteet","description":"P\u00f6yt\u00e4 Sume on yksinkertainen ja k\u00e4yt\u00e4nn\u00f6llinen. Sume-p\u00f6yd\u00e4n periaate on eritt\u00e4in yksinkertainen, mutta pienet muotoiluratkaisut tekev\u00e4t siit\u00e4 poikkeuksellisen, erilaisen ja tyylikk\u00e4\u00e4n.","robots":{"index":"index","follow":"follow","max-snippet":"max-snippet:-1","max-image-preview":"max-image-preview:large","max-video-preview":"max-video-preview:-1"},"canonical":"https:\/\/extery.com\/fi\/tuotteet\/poyta-sume\/","og_locale":"fi_FI","og_type":"article","og_title":"p\u00f6yt\u00e4 Sume - Extery kaupunkikalusteet","og_description":"P\u00f6yt\u00e4 Sume on yksinkertainen ja k\u00e4yt\u00e4nn\u00f6llinen. Sume-p\u00f6yd\u00e4n periaate on eritt\u00e4in yksinkertainen, mutta pienet muotoiluratkaisut tekev\u00e4t siit\u00e4 poikkeuksellisen, erilaisen ja tyylikk\u00e4\u00e4n.","og_url":"https:\/\/extery.com\/fi\/tuotteet\/poyta-sume\/","og_site_name":"Extery","article_modified_time":"2026-04-13T10:02:48+00:00","og_image":[{"width":2560,"height":1707,"url":"https:\/\/extery.com\/wp-content\/uploads\/2021\/02\/laud-Sume-eest-scaled.jpg","type":"image\/jpeg"}],"twitter_card":"summary_large_image","twitter_misc":{"Arvioitu lukuaika":"1 minuutti"},"schema":{"@context":"https:\/\/schema.org","@graph":[{"@type":"WebPage","@id":"https:\/\/extery.com\/fi\/tuotteet\/poyta-sume\/","url":"https:\/\/extery.com\/fi\/tuotteet\/poyta-sume\/","name":"p\u00f6yt\u00e4 Sume - Extery kaupunkikalusteet","isPartOf":{"@id":"https:\/\/extery.com\/fi\/#website"},"primaryImageOfPage":{"@id":"https:\/\/extery.com\/fi\/tuotteet\/poyta-sume\/#primaryimage"},"image":{"@id":"https:\/\/extery.com\/fi\/tuotteet\/poyta-sume\/#primaryimage"},"thumbnailUrl":"https:\/\/extery.com\/wp-content\/uploads\/2021\/02\/laud-Sume-eest-scaled.jpg","datePublished":"2021-02-11T09:49:34+00:00","dateModified":"2026-04-13T10:02:48+00:00","description":"P\u00f6yt\u00e4 Sume on yksinkertainen ja k\u00e4yt\u00e4nn\u00f6llinen. Sume-p\u00f6yd\u00e4n periaate on eritt\u00e4in yksinkertainen, mutta pienet muotoiluratkaisut tekev\u00e4t siit\u00e4 poikkeuksellisen, erilaisen ja tyylikk\u00e4\u00e4n.","breadcrumb":{"@id":"https:\/\/extery.com\/fi\/tuotteet\/poyta-sume\/#breadcrumb"},"inLanguage":"fi","potentialAction":[{"@type":"ReadAction","target":["https:\/\/extery.com\/fi\/tuotteet\/poyta-sume\/"]}]},{"@type":"ImageObject","inLanguage":"fi","@id":"https:\/\/extery.com\/fi\/tuotteet\/poyta-sume\/#primaryimage","url":"https:\/\/extery.com\/wp-content\/uploads\/2021\/02\/laud-Sume-eest-scaled.jpg","contentUrl":"https:\/\/extery.com\/wp-content\/uploads\/2021\/02\/laud-Sume-eest-scaled.jpg","width":2560,"height":1707},{"@type":"BreadcrumbList","@id":"https:\/\/extery.com\/fi\/tuotteet\/poyta-sume\/#breadcrumb","itemListElement":[{"@type":"ListItem","position":1,"name":"Home","item":"https:\/\/extery.com\/fi\/"},{"@type":"ListItem","position":2,"name":"Tuotteet","item":"https:\/\/extery.com\/fi\/tuotteet\/"},{"@type":"ListItem","position":3,"name":"p\u00f6yt\u00e4 Sume"}]},{"@type":"WebSite","@id":"https:\/\/extery.com\/fi\/#website","url":"https:\/\/extery.com\/fi\/","name":"Extery","description":"","publisher":{"@id":"https:\/\/extery.com\/fi\/#organization"},"potentialAction":[{"@type":"SearchAction","target":{"@type":"EntryPoint","urlTemplate":"https:\/\/extery.com\/fi\/?s={search_term_string}"},"query-input":{"@type":"PropertyValueSpecification","valueRequired":true,"valueName":"search_term_string"}}],"inLanguage":"fi"},{"@type":"Organization","@id":"https:\/\/extery.com\/fi\/#organization","name":"Extery","url":"https:\/\/extery.com\/fi\/","logo":{"@type":"ImageObject","inLanguage":"fi","@id":"https:\/\/extery.com\/fi\/#\/schema\/logo\/image\/","url":"https:\/\/extery.com\/wp-content\/uploads\/2023\/11\/footer-logo.svg","contentUrl":"https:\/\/extery.com\/wp-content\/uploads\/2023\/11\/footer-logo.svg","caption":"Extery"},"image":{"@id":"https:\/\/extery.com\/fi\/#\/schema\/logo\/image\/"}}]}},"_links":{"self":[{"href":"https:\/\/extery.com\/fi\/wp-json\/wp\/v2\/product\/11595","targetHints":{"allow":["GET"]}}],"collection":[{"href":"https:\/\/extery.com\/fi\/wp-json\/wp\/v2\/product"}],"about":[{"href":"https:\/\/extery.com\/fi\/wp-json\/wp\/v2\/types\/product"}],"replies":[{"embeddable":true,"href":"https:\/\/extery.com\/fi\/wp-json\/wp\/v2\/comments?post=11595"}],"wp:featuredmedia":[{"embeddable":true,"href":"https:\/\/extery.com\/fi\/wp-json\/wp\/v2\/media\/11609"}],"wp:attachment":[{"href":"https:\/\/extery.com\/fi\/wp-json\/wp\/v2\/media?parent=11595"}],"wp:term":[{"taxonomy":"product_brand","embeddable":true,"href":"https:\/\/extery.com\/fi\/wp-json\/wp\/v2\/product_brand?post=11595"},{"taxonomy":"product_cat","embeddable":true,"href":"https:\/\/extery.com\/fi\/wp-json\/wp\/v2\/product_cat?post=11595"},{"taxonomy":"product_tag","embeddable":true,"href":"https:\/\/extery.com\/fi\/wp-json\/wp\/v2\/product_tag?post=11595"}],"curies":[{"name":"wp","href":"https:\/\/api.w.org\/{rel}","templated":true}]}}