{"id":16937,"date":"2022-05-16T06:48:46","date_gmt":"2022-05-16T06:48:46","guid":{"rendered":"https:\/\/extery.com\/?post_type=product&#038;p=16937"},"modified":"2026-04-07T12:58:02","modified_gmt":"2026-04-07T12:58:02","slug":"istuin-veer-ilman-selkanoja","status":"publish","type":"product","link":"https:\/\/extery.com\/fi\/tuotteet\/istuin-veer-ilman-selkanoja\/","title":{"rendered":"istuin VEER, ilman selk\u00e4nojaa"},"content":{"rendered":"<p>Veer on uusin istuintuoteperhe EXTERYn kaupunkikalusteiden mallistossa.<\/p>\n<p>Veer-tuoteperhe on suunniteltu erityisesti t\u00e4ydent\u00e4m\u00e4\u00e4n maisemointiin k\u00e4ytettyj\u00e4 portaita, muureja ja reunuksia, tehden niist\u00e4 uskomattoman mukavia oleskelualueita monipuolisessa kaupunkiymp\u00e4rist\u00f6ss\u00e4mme.<\/p>\n<p>Sek\u00e4 selk\u00e4nojallinen ett\u00e4 selk\u00e4nojaton malli voidaan varustaa valaisimella, joka mahdollistaa kirjan lukemisen l\u00e4mpim\u00e4n\u00e4 kes\u00e4iltana sek\u00e4 tuo viihtyisyytt\u00e4 ymp\u00e4r\u00f6iv\u00e4\u00e4n syksyn pimeyteen.<\/p>\n<p>Veer-istuin on suunniteltu maksimaalista k\u00e4ytt\u00f6mukavuutta silm\u00e4ll\u00e4 pit\u00e4en: istuin tarjoaa paremman istuinkulman ja selk\u00e4noja on suunniteltu mukavalle korkeudelle nojaamista ajatellen.<\/p>\n","protected":false},"excerpt":{"rendered":"<p>Veer on uusin istuintuoteperhe EXTERYn kaupunkikalusteiden mallistossa. Veer-tuoteperhe on suunniteltu erityisesti t\u00e4ydent\u00e4m\u00e4\u00e4n maisemointiin k\u00e4ytettyj\u00e4 portaita, muureja ja reunuksia, tehden niist\u00e4 uskomattoman mukavia oleskelualueita monipuolisessa kaupunkiymp\u00e4rist\u00f6ss\u00e4mme. Sek\u00e4 selk\u00e4nojallinen ett\u00e4 selk\u00e4nojaton malli voidaan varustaa valaisimella, joka mahdollistaa kirjan lukemisen l\u00e4mpim\u00e4n\u00e4 kes\u00e4iltana sek\u00e4 tuo viihtyisyytt\u00e4 ymp\u00e4r\u00f6iv\u00e4\u00e4n syksyn pimeyteen. Veer-istuin on suunniteltu maksimaalista k\u00e4ytt\u00f6mukavuutta silm\u00e4ll\u00e4 pit\u00e4en: istuin tarjoaa paremman [&hellip;]<\/p>\n","protected":false},"featured_media":55675,"comment_status":"open","ping_status":"closed","template":"","meta":{"_acf_changed":false},"product_brand":[],"product_cat":[90],"product_tag":[],"class_list":{"0":"post-16937","1":"product","2":"type-product","3":"status-publish","4":"has-post-thumbnail","6":"product_cat-penkit-ilman-selkanojaa","7":"product-family-veer-fi","9":"first","10":"instock","11":"shipping-taxable","12":"product-type-simple"},"acf":[],"yoast_head":"<!-- This site is optimized with the Yoast SEO plugin v26.4 - https:\/\/yoast.com\/wordpress\/plugins\/seo\/ -->\n<title>istuin VEER, ilman selk\u00e4nojaa - Extery puisto- ja kadunkalusteet<\/title>\n<meta name=\"description\" content=\"Penkki Linn on tyylik\u00e4s ja siro, sopii erilaisiin ymp\u00e4rist\u00f6ihin. Puisto- ja kadunkalustevalikoimastamme l\u00f6yd\u00e4t tuotteita kaikkiin ymp\u00e4rist\u00f6ihin.\" \/>\n<meta name=\"robots\" content=\"index, follow, max-snippet:-1, max-image-preview:large, max-video-preview:-1\" \/>\n<link rel=\"canonical\" href=\"https:\/\/extery.com\/fi\/tuotteet\/istuin-veer-ilman-selkanoja\/\" \/>\n<meta property=\"og:locale\" content=\"fi_FI\" \/>\n<meta property=\"og:type\" content=\"article\" \/>\n<meta property=\"og:title\" content=\"istuin VEER, ilman selk\u00e4nojaa - Extery puisto- ja kadunkalusteet\" \/>\n<meta property=\"og:description\" content=\"Penkki Linn on tyylik\u00e4s ja siro, sopii erilaisiin ymp\u00e4rist\u00f6ihin. Puisto- ja kadunkalustevalikoimastamme l\u00f6yd\u00e4t tuotteita kaikkiin ymp\u00e4rist\u00f6ihin.\" \/>\n<meta property=\"og:url\" content=\"https:\/\/extery.com\/fi\/tuotteet\/istuin-veer-ilman-selkanoja\/\" \/>\n<meta property=\"og:site_name\" content=\"Extery\" \/>\n<meta property=\"article:modified_time\" content=\"2026-04-07T12:58:02+00:00\" \/>\n<meta property=\"og:image\" content=\"https:\/\/extery.com\/wp-content\/uploads\/2026\/01\/Veer-myyr-roosa-2000-J-v1_jt2-EXTERY-urban-furniture-park-bench-pargipink-puistonpenkki-sols.jpg\" \/>\n\t<meta property=\"og:image:width\" content=\"1440\" \/>\n\t<meta property=\"og:image:height\" content=\"960\" \/>\n\t<meta property=\"og:image:type\" content=\"image\/jpeg\" \/>\n<meta name=\"twitter:card\" content=\"summary_large_image\" \/>\n<meta name=\"twitter:label1\" content=\"Arvioitu lukuaika\" \/>\n\t<meta name=\"twitter:data1\" content=\"1 minuutti\" \/>\n<script type=\"application\/ld+json\" class=\"yoast-schema-graph\">{\"@context\":\"https:\/\/schema.org\",\"@graph\":[{\"@type\":\"WebPage\",\"@id\":\"https:\/\/extery.com\/fi\/tuotteet\/istuin-veer-ilman-selkanoja\/\",\"url\":\"https:\/\/extery.com\/fi\/tuotteet\/istuin-veer-ilman-selkanoja\/\",\"name\":\"istuin VEER, ilman selk\u00e4nojaa - Extery puisto- ja kadunkalusteet\",\"isPartOf\":{\"@id\":\"https:\/\/extery.com\/fi\/#website\"},\"primaryImageOfPage\":{\"@id\":\"https:\/\/extery.com\/fi\/tuotteet\/istuin-veer-ilman-selkanoja\/#primaryimage\"},\"image\":{\"@id\":\"https:\/\/extery.com\/fi\/tuotteet\/istuin-veer-ilman-selkanoja\/#primaryimage\"},\"thumbnailUrl\":\"https:\/\/extery.com\/wp-content\/uploads\/2026\/01\/Veer-myyr-roosa-2000-J-v1_jt2-EXTERY-urban-furniture-park-bench-pargipink-puistonpenkki-sols.jpg\",\"datePublished\":\"2022-05-16T06:48:46+00:00\",\"dateModified\":\"2026-04-07T12:58:02+00:00\",\"description\":\"Penkki Linn on tyylik\u00e4s ja siro, sopii erilaisiin ymp\u00e4rist\u00f6ihin. Puisto- ja kadunkalustevalikoimastamme l\u00f6yd\u00e4t tuotteita kaikkiin ymp\u00e4rist\u00f6ihin.\",\"breadcrumb\":{\"@id\":\"https:\/\/extery.com\/fi\/tuotteet\/istuin-veer-ilman-selkanoja\/#breadcrumb\"},\"inLanguage\":\"fi\",\"potentialAction\":[{\"@type\":\"ReadAction\",\"target\":[\"https:\/\/extery.com\/fi\/tuotteet\/istuin-veer-ilman-selkanoja\/\"]}]},{\"@type\":\"ImageObject\",\"inLanguage\":\"fi\",\"@id\":\"https:\/\/extery.com\/fi\/tuotteet\/istuin-veer-ilman-selkanoja\/#primaryimage\",\"url\":\"https:\/\/extery.com\/wp-content\/uploads\/2026\/01\/Veer-myyr-roosa-2000-J-v1_jt2-EXTERY-urban-furniture-park-bench-pargipink-puistonpenkki-sols.jpg\",\"contentUrl\":\"https:\/\/extery.com\/wp-content\/uploads\/2026\/01\/Veer-myyr-roosa-2000-J-v1_jt2-EXTERY-urban-furniture-park-bench-pargipink-puistonpenkki-sols.jpg\",\"width\":1440,\"height\":960},{\"@type\":\"BreadcrumbList\",\"@id\":\"https:\/\/extery.com\/fi\/tuotteet\/istuin-veer-ilman-selkanoja\/#breadcrumb\",\"itemListElement\":[{\"@type\":\"ListItem\",\"position\":1,\"name\":\"Home\",\"item\":\"https:\/\/extery.com\/fi\/\"},{\"@type\":\"ListItem\",\"position\":2,\"name\":\"Tuotteet\",\"item\":\"https:\/\/extery.com\/fi\/tuotteet\/\"},{\"@type\":\"ListItem\",\"position\":3,\"name\":\"istuin VEER, ilman selk\u00e4nojaa\"}]},{\"@type\":\"WebSite\",\"@id\":\"https:\/\/extery.com\/fi\/#website\",\"url\":\"https:\/\/extery.com\/fi\/\",\"name\":\"Extery\",\"description\":\"\",\"publisher\":{\"@id\":\"https:\/\/extery.com\/fi\/#organization\"},\"potentialAction\":[{\"@type\":\"SearchAction\",\"target\":{\"@type\":\"EntryPoint\",\"urlTemplate\":\"https:\/\/extery.com\/fi\/?s={search_term_string}\"},\"query-input\":{\"@type\":\"PropertyValueSpecification\",\"valueRequired\":true,\"valueName\":\"search_term_string\"}}],\"inLanguage\":\"fi\"},{\"@type\":\"Organization\",\"@id\":\"https:\/\/extery.com\/fi\/#organization\",\"name\":\"Extery\",\"url\":\"https:\/\/extery.com\/fi\/\",\"logo\":{\"@type\":\"ImageObject\",\"inLanguage\":\"fi\",\"@id\":\"https:\/\/extery.com\/fi\/#\/schema\/logo\/image\/\",\"url\":\"https:\/\/extery.com\/wp-content\/uploads\/2023\/11\/footer-logo.svg\",\"contentUrl\":\"https:\/\/extery.com\/wp-content\/uploads\/2023\/11\/footer-logo.svg\",\"caption\":\"Extery\"},\"image\":{\"@id\":\"https:\/\/extery.com\/fi\/#\/schema\/logo\/image\/\"}}]}<\/script>\n<!-- \/ Yoast SEO plugin. -->","yoast_head_json":{"title":"istuin VEER, ilman selk\u00e4nojaa - Extery puisto- ja kadunkalusteet","description":"Penkki Linn on tyylik\u00e4s ja siro, sopii erilaisiin ymp\u00e4rist\u00f6ihin. Puisto- ja kadunkalustevalikoimastamme l\u00f6yd\u00e4t tuotteita kaikkiin ymp\u00e4rist\u00f6ihin.","robots":{"index":"index","follow":"follow","max-snippet":"max-snippet:-1","max-image-preview":"max-image-preview:large","max-video-preview":"max-video-preview:-1"},"canonical":"https:\/\/extery.com\/fi\/tuotteet\/istuin-veer-ilman-selkanoja\/","og_locale":"fi_FI","og_type":"article","og_title":"istuin VEER, ilman selk\u00e4nojaa - Extery puisto- ja kadunkalusteet","og_description":"Penkki Linn on tyylik\u00e4s ja siro, sopii erilaisiin ymp\u00e4rist\u00f6ihin. Puisto- ja kadunkalustevalikoimastamme l\u00f6yd\u00e4t tuotteita kaikkiin ymp\u00e4rist\u00f6ihin.","og_url":"https:\/\/extery.com\/fi\/tuotteet\/istuin-veer-ilman-selkanoja\/","og_site_name":"Extery","article_modified_time":"2026-04-07T12:58:02+00:00","og_image":[{"width":1440,"height":960,"url":"https:\/\/extery.com\/wp-content\/uploads\/2026\/01\/Veer-myyr-roosa-2000-J-v1_jt2-EXTERY-urban-furniture-park-bench-pargipink-puistonpenkki-sols.jpg","type":"image\/jpeg"}],"twitter_card":"summary_large_image","twitter_misc":{"Arvioitu lukuaika":"1 minuutti"},"schema":{"@context":"https:\/\/schema.org","@graph":[{"@type":"WebPage","@id":"https:\/\/extery.com\/fi\/tuotteet\/istuin-veer-ilman-selkanoja\/","url":"https:\/\/extery.com\/fi\/tuotteet\/istuin-veer-ilman-selkanoja\/","name":"istuin VEER, ilman selk\u00e4nojaa - Extery puisto- ja kadunkalusteet","isPartOf":{"@id":"https:\/\/extery.com\/fi\/#website"},"primaryImageOfPage":{"@id":"https:\/\/extery.com\/fi\/tuotteet\/istuin-veer-ilman-selkanoja\/#primaryimage"},"image":{"@id":"https:\/\/extery.com\/fi\/tuotteet\/istuin-veer-ilman-selkanoja\/#primaryimage"},"thumbnailUrl":"https:\/\/extery.com\/wp-content\/uploads\/2026\/01\/Veer-myyr-roosa-2000-J-v1_jt2-EXTERY-urban-furniture-park-bench-pargipink-puistonpenkki-sols.jpg","datePublished":"2022-05-16T06:48:46+00:00","dateModified":"2026-04-07T12:58:02+00:00","description":"Penkki Linn on tyylik\u00e4s ja siro, sopii erilaisiin ymp\u00e4rist\u00f6ihin. Puisto- ja kadunkalustevalikoimastamme l\u00f6yd\u00e4t tuotteita kaikkiin ymp\u00e4rist\u00f6ihin.","breadcrumb":{"@id":"https:\/\/extery.com\/fi\/tuotteet\/istuin-veer-ilman-selkanoja\/#breadcrumb"},"inLanguage":"fi","potentialAction":[{"@type":"ReadAction","target":["https:\/\/extery.com\/fi\/tuotteet\/istuin-veer-ilman-selkanoja\/"]}]},{"@type":"ImageObject","inLanguage":"fi","@id":"https:\/\/extery.com\/fi\/tuotteet\/istuin-veer-ilman-selkanoja\/#primaryimage","url":"https:\/\/extery.com\/wp-content\/uploads\/2026\/01\/Veer-myyr-roosa-2000-J-v1_jt2-EXTERY-urban-furniture-park-bench-pargipink-puistonpenkki-sols.jpg","contentUrl":"https:\/\/extery.com\/wp-content\/uploads\/2026\/01\/Veer-myyr-roosa-2000-J-v1_jt2-EXTERY-urban-furniture-park-bench-pargipink-puistonpenkki-sols.jpg","width":1440,"height":960},{"@type":"BreadcrumbList","@id":"https:\/\/extery.com\/fi\/tuotteet\/istuin-veer-ilman-selkanoja\/#breadcrumb","itemListElement":[{"@type":"ListItem","position":1,"name":"Home","item":"https:\/\/extery.com\/fi\/"},{"@type":"ListItem","position":2,"name":"Tuotteet","item":"https:\/\/extery.com\/fi\/tuotteet\/"},{"@type":"ListItem","position":3,"name":"istuin VEER, ilman selk\u00e4nojaa"}]},{"@type":"WebSite","@id":"https:\/\/extery.com\/fi\/#website","url":"https:\/\/extery.com\/fi\/","name":"Extery","description":"","publisher":{"@id":"https:\/\/extery.com\/fi\/#organization"},"potentialAction":[{"@type":"SearchAction","target":{"@type":"EntryPoint","urlTemplate":"https:\/\/extery.com\/fi\/?s={search_term_string}"},"query-input":{"@type":"PropertyValueSpecification","valueRequired":true,"valueName":"search_term_string"}}],"inLanguage":"fi"},{"@type":"Organization","@id":"https:\/\/extery.com\/fi\/#organization","name":"Extery","url":"https:\/\/extery.com\/fi\/","logo":{"@type":"ImageObject","inLanguage":"fi","@id":"https:\/\/extery.com\/fi\/#\/schema\/logo\/image\/","url":"https:\/\/extery.com\/wp-content\/uploads\/2023\/11\/footer-logo.svg","contentUrl":"https:\/\/extery.com\/wp-content\/uploads\/2023\/11\/footer-logo.svg","caption":"Extery"},"image":{"@id":"https:\/\/extery.com\/fi\/#\/schema\/logo\/image\/"}}]}},"_links":{"self":[{"href":"https:\/\/extery.com\/fi\/wp-json\/wp\/v2\/product\/16937","targetHints":{"allow":["GET"]}}],"collection":[{"href":"https:\/\/extery.com\/fi\/wp-json\/wp\/v2\/product"}],"about":[{"href":"https:\/\/extery.com\/fi\/wp-json\/wp\/v2\/types\/product"}],"replies":[{"embeddable":true,"href":"https:\/\/extery.com\/fi\/wp-json\/wp\/v2\/comments?post=16937"}],"wp:featuredmedia":[{"embeddable":true,"href":"https:\/\/extery.com\/fi\/wp-json\/wp\/v2\/media\/55675"}],"wp:attachment":[{"href":"https:\/\/extery.com\/fi\/wp-json\/wp\/v2\/media?parent=16937"}],"wp:term":[{"taxonomy":"product_brand","embeddable":true,"href":"https:\/\/extery.com\/fi\/wp-json\/wp\/v2\/product_brand?post=16937"},{"taxonomy":"product_cat","embeddable":true,"href":"https:\/\/extery.com\/fi\/wp-json\/wp\/v2\/product_cat?post=16937"},{"taxonomy":"product_tag","embeddable":true,"href":"https:\/\/extery.com\/fi\/wp-json\/wp\/v2\/product_tag?post=16937"}],"curies":[{"name":"wp","href":"https:\/\/api.w.org\/{rel}","templated":true}]}}