{"id":17778,"date":"2022-06-10T08:52:52","date_gmt":"2022-06-10T08:52:52","guid":{"rendered":"https:\/\/extery.com\/?post_type=product&#038;p=17778"},"modified":"2026-04-13T11:16:45","modified_gmt":"2026-04-13T11:16:45","slug":"puiston-penkki-jadan-muuriin-kiinnitettava","status":"publish","type":"product","link":"https:\/\/extery.com\/fi\/tuotteet\/puiston-penkki-jadan-muuriin-kiinnitettava\/","title":{"rendered":"puiston penkki Jadan, muuriin kiinnitett\u00e4v\u00e4"},"content":{"rendered":"<p>Modulaarinen kaupunkikalustej\u00e4rjestelm\u00e4, joka mahdollistaa kokonaisten oleskelualueiden luomisen yksinkertaisesti. Tarkoitettu reunustamaan esimerkiksi kaupunkien aukioita, leikkialueita ja<br \/>\nmutkikkaita kulkuteit\u00e4.<\/p>\n<p>Jadan erikoisistuinmoduulit ovat lis\u00e4ys Jada-tuoteperheeseen seiniin ja kaupunkien maisemointiportaisiin.<\/p>\n<p>JADA antaa sinun luoda erilaisia \u200b\u200bratkaisuja, jotka sopivat ideasi tai tilavaatimuksiisi.<\/p>\n<p>&nbsp;<\/p>\n<p>&nbsp;<\/p>\n","protected":false},"excerpt":{"rendered":"<p>Modulaarinen kaupunkikalustej\u00e4rjestelm\u00e4, joka mahdollistaa kokonaisten oleskelualueiden luomisen yksinkertaisesti. Tarkoitettu reunustamaan esimerkiksi kaupunkien aukioita, leikkialueita ja mutkikkaita kulkuteit\u00e4. Jadan erikoisistuinmoduulit ovat lis\u00e4ys Jada-tuoteperheeseen seiniin ja kaupunkien maisemointiportaisiin. JADA antaa sinun luoda erilaisia \u200b\u200bratkaisuja, jotka sopivat ideasi tai tilavaatimuksiisi. &nbsp; &nbsp;<\/p>\n","protected":false},"featured_media":17764,"comment_status":"open","ping_status":"closed","template":"","meta":{"_acf_changed":false},"product_brand":[],"product_cat":[95,111],"product_tag":[],"class_list":{"0":"post-17778","1":"product","2":"type-product","3":"status-publish","4":"has-post-thumbnail","6":"product_cat-penkit-selkanojalla","7":"product_cat-moduulipenkit","8":"product-family-jada-fi","10":"first","11":"instock","12":"shipping-taxable","13":"product-type-simple"},"acf":[],"yoast_head":"<!-- This site is optimized with the Yoast SEO plugin v26.4 - https:\/\/yoast.com\/wordpress\/plugins\/seo\/ -->\n<title>puiston penkki Jadan, muuriin kiinnitett\u00e4v\u00e4 - Extery kaupunkikalusteet<\/title>\n<meta name=\"description\" content=\"Puiston penkki Jada muuriin kiinnitett\u00e4v\u00e4 - modulaarinen kaupunkikalustej\u00e4rjestelm\u00e4, joka mahdollistaa kokonaisten oleskelualueiden luomisen yksinkertaisesti. Tarkoitettu reunustamaan esimerkiksi kaupunkien aukioita, leikkialueita jamutkikkaita kulkuteit\u00e4.\" \/>\n<meta name=\"robots\" content=\"index, follow, max-snippet:-1, max-image-preview:large, max-video-preview:-1\" \/>\n<link rel=\"canonical\" href=\"https:\/\/extery.com\/fi\/tuotteet\/puiston-penkki-jadan-muuriin-kiinnitettava\/\" \/>\n<meta property=\"og:locale\" content=\"fi_FI\" \/>\n<meta property=\"og:type\" content=\"article\" \/>\n<meta property=\"og:title\" content=\"puiston penkki Jadan, muuriin kiinnitett\u00e4v\u00e4 - Extery kaupunkikalusteet\" \/>\n<meta property=\"og:description\" content=\"Puiston penkki Jada muuriin kiinnitett\u00e4v\u00e4 - modulaarinen kaupunkikalustej\u00e4rjestelm\u00e4, joka mahdollistaa kokonaisten oleskelualueiden luomisen yksinkertaisesti. Tarkoitettu reunustamaan esimerkiksi kaupunkien aukioita, leikkialueita jamutkikkaita kulkuteit\u00e4.\" \/>\n<meta property=\"og:url\" content=\"https:\/\/extery.com\/fi\/tuotteet\/puiston-penkki-jadan-muuriin-kiinnitettava\/\" \/>\n<meta property=\"og:site_name\" content=\"Extery\" \/>\n<meta property=\"article:modified_time\" content=\"2026-04-13T11:16:45+00:00\" \/>\n<meta property=\"og:image\" content=\"https:\/\/extery.com\/wp-content\/uploads\/2022\/06\/jada-muuril2.jpg\" \/>\n\t<meta property=\"og:image:width\" content=\"1354\" \/>\n\t<meta property=\"og:image:height\" content=\"1015\" \/>\n\t<meta property=\"og:image:type\" content=\"image\/jpeg\" \/>\n<meta name=\"twitter:card\" content=\"summary_large_image\" \/>\n<meta name=\"twitter:label1\" content=\"Arvioitu lukuaika\" \/>\n\t<meta name=\"twitter:data1\" content=\"1 minuutti\" \/>\n<script type=\"application\/ld+json\" class=\"yoast-schema-graph\">{\"@context\":\"https:\/\/schema.org\",\"@graph\":[{\"@type\":\"WebPage\",\"@id\":\"https:\/\/extery.com\/fi\/tuotteet\/puiston-penkki-jadan-muuriin-kiinnitettava\/\",\"url\":\"https:\/\/extery.com\/fi\/tuotteet\/puiston-penkki-jadan-muuriin-kiinnitettava\/\",\"name\":\"puiston penkki Jadan, muuriin kiinnitett\u00e4v\u00e4 - Extery kaupunkikalusteet\",\"isPartOf\":{\"@id\":\"https:\/\/extery.com\/fi\/#website\"},\"primaryImageOfPage\":{\"@id\":\"https:\/\/extery.com\/fi\/tuotteet\/puiston-penkki-jadan-muuriin-kiinnitettava\/#primaryimage\"},\"image\":{\"@id\":\"https:\/\/extery.com\/fi\/tuotteet\/puiston-penkki-jadan-muuriin-kiinnitettava\/#primaryimage\"},\"thumbnailUrl\":\"https:\/\/extery.com\/wp-content\/uploads\/2022\/06\/jada-muuril2.jpg\",\"datePublished\":\"2022-06-10T08:52:52+00:00\",\"dateModified\":\"2026-04-13T11:16:45+00:00\",\"description\":\"Puiston penkki Jada muuriin kiinnitett\u00e4v\u00e4 - modulaarinen kaupunkikalustej\u00e4rjestelm\u00e4, joka mahdollistaa kokonaisten oleskelualueiden luomisen yksinkertaisesti. Tarkoitettu reunustamaan esimerkiksi kaupunkien aukioita, leikkialueita jamutkikkaita kulkuteit\u00e4.\",\"breadcrumb\":{\"@id\":\"https:\/\/extery.com\/fi\/tuotteet\/puiston-penkki-jadan-muuriin-kiinnitettava\/#breadcrumb\"},\"inLanguage\":\"fi\",\"potentialAction\":[{\"@type\":\"ReadAction\",\"target\":[\"https:\/\/extery.com\/fi\/tuotteet\/puiston-penkki-jadan-muuriin-kiinnitettava\/\"]}]},{\"@type\":\"ImageObject\",\"inLanguage\":\"fi\",\"@id\":\"https:\/\/extery.com\/fi\/tuotteet\/puiston-penkki-jadan-muuriin-kiinnitettava\/#primaryimage\",\"url\":\"https:\/\/extery.com\/wp-content\/uploads\/2022\/06\/jada-muuril2.jpg\",\"contentUrl\":\"https:\/\/extery.com\/wp-content\/uploads\/2022\/06\/jada-muuril2.jpg\",\"width\":1354,\"height\":1015,\"caption\":\"puisto penkki Jada, kadunkalusteet, Extery kaupunkikalusteet, puisto penkit\"},{\"@type\":\"BreadcrumbList\",\"@id\":\"https:\/\/extery.com\/fi\/tuotteet\/puiston-penkki-jadan-muuriin-kiinnitettava\/#breadcrumb\",\"itemListElement\":[{\"@type\":\"ListItem\",\"position\":1,\"name\":\"Home\",\"item\":\"https:\/\/extery.com\/fi\/\"},{\"@type\":\"ListItem\",\"position\":2,\"name\":\"Tuotteet\",\"item\":\"https:\/\/extery.com\/fi\/tuotteet\/\"},{\"@type\":\"ListItem\",\"position\":3,\"name\":\"puiston penkki Jadan, muuriin kiinnitett\u00e4v\u00e4\"}]},{\"@type\":\"WebSite\",\"@id\":\"https:\/\/extery.com\/fi\/#website\",\"url\":\"https:\/\/extery.com\/fi\/\",\"name\":\"Extery\",\"description\":\"\",\"publisher\":{\"@id\":\"https:\/\/extery.com\/fi\/#organization\"},\"potentialAction\":[{\"@type\":\"SearchAction\",\"target\":{\"@type\":\"EntryPoint\",\"urlTemplate\":\"https:\/\/extery.com\/fi\/?s={search_term_string}\"},\"query-input\":{\"@type\":\"PropertyValueSpecification\",\"valueRequired\":true,\"valueName\":\"search_term_string\"}}],\"inLanguage\":\"fi\"},{\"@type\":\"Organization\",\"@id\":\"https:\/\/extery.com\/fi\/#organization\",\"name\":\"Extery\",\"url\":\"https:\/\/extery.com\/fi\/\",\"logo\":{\"@type\":\"ImageObject\",\"inLanguage\":\"fi\",\"@id\":\"https:\/\/extery.com\/fi\/#\/schema\/logo\/image\/\",\"url\":\"https:\/\/extery.com\/wp-content\/uploads\/2023\/11\/footer-logo.svg\",\"contentUrl\":\"https:\/\/extery.com\/wp-content\/uploads\/2023\/11\/footer-logo.svg\",\"caption\":\"Extery\"},\"image\":{\"@id\":\"https:\/\/extery.com\/fi\/#\/schema\/logo\/image\/\"}}]}<\/script>\n<!-- \/ Yoast SEO plugin. -->","yoast_head_json":{"title":"puiston penkki Jadan, muuriin kiinnitett\u00e4v\u00e4 - Extery kaupunkikalusteet","description":"Puiston penkki Jada muuriin kiinnitett\u00e4v\u00e4 - modulaarinen kaupunkikalustej\u00e4rjestelm\u00e4, joka mahdollistaa kokonaisten oleskelualueiden luomisen yksinkertaisesti. Tarkoitettu reunustamaan esimerkiksi kaupunkien aukioita, leikkialueita jamutkikkaita kulkuteit\u00e4.","robots":{"index":"index","follow":"follow","max-snippet":"max-snippet:-1","max-image-preview":"max-image-preview:large","max-video-preview":"max-video-preview:-1"},"canonical":"https:\/\/extery.com\/fi\/tuotteet\/puiston-penkki-jadan-muuriin-kiinnitettava\/","og_locale":"fi_FI","og_type":"article","og_title":"puiston penkki Jadan, muuriin kiinnitett\u00e4v\u00e4 - Extery kaupunkikalusteet","og_description":"Puiston penkki Jada muuriin kiinnitett\u00e4v\u00e4 - modulaarinen kaupunkikalustej\u00e4rjestelm\u00e4, joka mahdollistaa kokonaisten oleskelualueiden luomisen yksinkertaisesti. Tarkoitettu reunustamaan esimerkiksi kaupunkien aukioita, leikkialueita jamutkikkaita kulkuteit\u00e4.","og_url":"https:\/\/extery.com\/fi\/tuotteet\/puiston-penkki-jadan-muuriin-kiinnitettava\/","og_site_name":"Extery","article_modified_time":"2026-04-13T11:16:45+00:00","og_image":[{"width":1354,"height":1015,"url":"https:\/\/extery.com\/wp-content\/uploads\/2022\/06\/jada-muuril2.jpg","type":"image\/jpeg"}],"twitter_card":"summary_large_image","twitter_misc":{"Arvioitu lukuaika":"1 minuutti"},"schema":{"@context":"https:\/\/schema.org","@graph":[{"@type":"WebPage","@id":"https:\/\/extery.com\/fi\/tuotteet\/puiston-penkki-jadan-muuriin-kiinnitettava\/","url":"https:\/\/extery.com\/fi\/tuotteet\/puiston-penkki-jadan-muuriin-kiinnitettava\/","name":"puiston penkki Jadan, muuriin kiinnitett\u00e4v\u00e4 - Extery kaupunkikalusteet","isPartOf":{"@id":"https:\/\/extery.com\/fi\/#website"},"primaryImageOfPage":{"@id":"https:\/\/extery.com\/fi\/tuotteet\/puiston-penkki-jadan-muuriin-kiinnitettava\/#primaryimage"},"image":{"@id":"https:\/\/extery.com\/fi\/tuotteet\/puiston-penkki-jadan-muuriin-kiinnitettava\/#primaryimage"},"thumbnailUrl":"https:\/\/extery.com\/wp-content\/uploads\/2022\/06\/jada-muuril2.jpg","datePublished":"2022-06-10T08:52:52+00:00","dateModified":"2026-04-13T11:16:45+00:00","description":"Puiston penkki Jada muuriin kiinnitett\u00e4v\u00e4 - modulaarinen kaupunkikalustej\u00e4rjestelm\u00e4, joka mahdollistaa kokonaisten oleskelualueiden luomisen yksinkertaisesti. Tarkoitettu reunustamaan esimerkiksi kaupunkien aukioita, leikkialueita jamutkikkaita kulkuteit\u00e4.","breadcrumb":{"@id":"https:\/\/extery.com\/fi\/tuotteet\/puiston-penkki-jadan-muuriin-kiinnitettava\/#breadcrumb"},"inLanguage":"fi","potentialAction":[{"@type":"ReadAction","target":["https:\/\/extery.com\/fi\/tuotteet\/puiston-penkki-jadan-muuriin-kiinnitettava\/"]}]},{"@type":"ImageObject","inLanguage":"fi","@id":"https:\/\/extery.com\/fi\/tuotteet\/puiston-penkki-jadan-muuriin-kiinnitettava\/#primaryimage","url":"https:\/\/extery.com\/wp-content\/uploads\/2022\/06\/jada-muuril2.jpg","contentUrl":"https:\/\/extery.com\/wp-content\/uploads\/2022\/06\/jada-muuril2.jpg","width":1354,"height":1015,"caption":"puisto penkki Jada, kadunkalusteet, Extery kaupunkikalusteet, puisto penkit"},{"@type":"BreadcrumbList","@id":"https:\/\/extery.com\/fi\/tuotteet\/puiston-penkki-jadan-muuriin-kiinnitettava\/#breadcrumb","itemListElement":[{"@type":"ListItem","position":1,"name":"Home","item":"https:\/\/extery.com\/fi\/"},{"@type":"ListItem","position":2,"name":"Tuotteet","item":"https:\/\/extery.com\/fi\/tuotteet\/"},{"@type":"ListItem","position":3,"name":"puiston penkki Jadan, muuriin kiinnitett\u00e4v\u00e4"}]},{"@type":"WebSite","@id":"https:\/\/extery.com\/fi\/#website","url":"https:\/\/extery.com\/fi\/","name":"Extery","description":"","publisher":{"@id":"https:\/\/extery.com\/fi\/#organization"},"potentialAction":[{"@type":"SearchAction","target":{"@type":"EntryPoint","urlTemplate":"https:\/\/extery.com\/fi\/?s={search_term_string}"},"query-input":{"@type":"PropertyValueSpecification","valueRequired":true,"valueName":"search_term_string"}}],"inLanguage":"fi"},{"@type":"Organization","@id":"https:\/\/extery.com\/fi\/#organization","name":"Extery","url":"https:\/\/extery.com\/fi\/","logo":{"@type":"ImageObject","inLanguage":"fi","@id":"https:\/\/extery.com\/fi\/#\/schema\/logo\/image\/","url":"https:\/\/extery.com\/wp-content\/uploads\/2023\/11\/footer-logo.svg","contentUrl":"https:\/\/extery.com\/wp-content\/uploads\/2023\/11\/footer-logo.svg","caption":"Extery"},"image":{"@id":"https:\/\/extery.com\/fi\/#\/schema\/logo\/image\/"}}]}},"_links":{"self":[{"href":"https:\/\/extery.com\/fi\/wp-json\/wp\/v2\/product\/17778","targetHints":{"allow":["GET"]}}],"collection":[{"href":"https:\/\/extery.com\/fi\/wp-json\/wp\/v2\/product"}],"about":[{"href":"https:\/\/extery.com\/fi\/wp-json\/wp\/v2\/types\/product"}],"replies":[{"embeddable":true,"href":"https:\/\/extery.com\/fi\/wp-json\/wp\/v2\/comments?post=17778"}],"wp:featuredmedia":[{"embeddable":true,"href":"https:\/\/extery.com\/fi\/wp-json\/wp\/v2\/media\/17764"}],"wp:attachment":[{"href":"https:\/\/extery.com\/fi\/wp-json\/wp\/v2\/media?parent=17778"}],"wp:term":[{"taxonomy":"product_brand","embeddable":true,"href":"https:\/\/extery.com\/fi\/wp-json\/wp\/v2\/product_brand?post=17778"},{"taxonomy":"product_cat","embeddable":true,"href":"https:\/\/extery.com\/fi\/wp-json\/wp\/v2\/product_cat?post=17778"},{"taxonomy":"product_tag","embeddable":true,"href":"https:\/\/extery.com\/fi\/wp-json\/wp\/v2\/product_tag?post=17778"}],"curies":[{"name":"wp","href":"https:\/\/api.w.org\/{rel}","templated":true}]}}