{"id":18559,"date":"2022-07-13T11:37:09","date_gmt":"2022-07-13T11:37:09","guid":{"rendered":"https:\/\/extery.com\/?post_type=product&#038;p=18559"},"modified":"2026-03-19T10:15:47","modified_gmt":"2026-03-19T10:15:47","slug":"roska-astia-trio-s1","status":"publish","type":"product","link":"https:\/\/extery.com\/fi\/tuotteet\/roska-astia-trio-s1\/","title":{"rendered":"roska-astia Trio S1"},"content":{"rendered":"<p>Roskas\u00e4ili\u00f6 Trio on s\u00e4ili\u00f6j\u00e4rjestelm\u00e4 j\u00e4tteiden lajitteluun julkisilla paikoilla.<br \/>\nTrio -roskas\u00e4ili\u00f6iden tuoteperheest\u00e4 l\u00f6ytyy useita eri kokoja ja yhdistelmi\u00e4, joista l\u00f6yd\u00e4t sopivat mallit k\u00e4ytett\u00e4v\u00e4ksi niin ulko- kuin sis\u00e4tiloissa. Tuoteperheeseen lis\u00e4tyt yksitt\u00e4iset roskas\u00e4ili\u00f6t tekev\u00e4t tuoteperheen k\u00e4yt\u00f6st\u00e4 joustavampaa ymp\u00e4r\u00f6iv\u00e4 ymp\u00e4rist\u00f6 huomioiden. Huolellisesti suunnitellut yksityiskohdat, kuten ulkonevat v\u00e4rilliset reunat, kutsuvat k\u00e4ytt\u00e4j\u00e4t lajittelemaan j\u00e4tteit\u00e4.<\/p>\n<p>Inhimillisemp\u00e4\u00e4 tyhjien pullojen kierr\u00e4tyst\u00e4 varten Trion rungossa on erityiset pullohyllyt, jotka on erotettu muusta j\u00e4tteest\u00e4. Integroitu pullolokerikko on esteettinen ja viimeistelty.<\/p>\n","protected":false},"excerpt":{"rendered":"<p>Roskas\u00e4ili\u00f6 Trio on s\u00e4ili\u00f6j\u00e4rjestelm\u00e4 j\u00e4tteiden lajitteluun julkisilla paikoilla. Trio -roskas\u00e4ili\u00f6iden tuoteperheest\u00e4 l\u00f6ytyy useita eri kokoja ja yhdistelmi\u00e4, joista l\u00f6yd\u00e4t sopivat mallit k\u00e4ytett\u00e4v\u00e4ksi niin ulko- kuin sis\u00e4tiloissa. Tuoteperheeseen lis\u00e4tyt yksitt\u00e4iset roskas\u00e4ili\u00f6t tekev\u00e4t tuoteperheen k\u00e4yt\u00f6st\u00e4 joustavampaa ymp\u00e4r\u00f6iv\u00e4 ymp\u00e4rist\u00f6 huomioiden. Huolellisesti suunnitellut yksityiskohdat, kuten ulkonevat v\u00e4rilliset reunat, kutsuvat k\u00e4ytt\u00e4j\u00e4t lajittelemaan j\u00e4tteit\u00e4. Inhimillisemp\u00e4\u00e4 tyhjien pullojen kierr\u00e4tyst\u00e4 varten Trion rungossa [&hellip;]<\/p>\n","protected":false},"featured_media":18524,"comment_status":"open","ping_status":"closed","template":"","meta":{"_acf_changed":false},"product_brand":[],"product_cat":[116],"product_tag":[],"class_list":{"0":"post-18559","1":"product","2":"type-product","3":"status-publish","4":"has-post-thumbnail","6":"product_cat-roska-astiat","7":"product-family-trio","9":"first","10":"instock","11":"shipping-taxable","12":"product-type-simple"},"acf":[],"yoast_head":"<!-- This site is optimized with the Yoast SEO plugin v26.4 - https:\/\/yoast.com\/wordpress\/plugins\/seo\/ -->\n<title>roska-astia Trio S1 - Extery roskakorit kaupunkikalusteiden ker\u00e4\u00e4miseen<\/title>\n<meta name=\"description\" content=\"Roska-astia Trio on s\u00e4ili\u00f6j\u00e4rjestelm\u00e4 j\u00e4tteiden lajitteluun julkisilla paikoilla.\" \/>\n<meta name=\"robots\" content=\"index, follow, max-snippet:-1, max-image-preview:large, max-video-preview:-1\" \/>\n<link rel=\"canonical\" href=\"https:\/\/extery.com\/fi\/tuotteet\/roska-astia-trio-s1\/\" \/>\n<meta property=\"og:locale\" content=\"fi_FI\" \/>\n<meta property=\"og:type\" content=\"article\" \/>\n<meta property=\"og:title\" content=\"roska-astia Trio S1 - Extery roskakorit kaupunkikalusteiden ker\u00e4\u00e4miseen\" \/>\n<meta property=\"og:description\" content=\"Roska-astia Trio on s\u00e4ili\u00f6j\u00e4rjestelm\u00e4 j\u00e4tteiden lajitteluun julkisilla paikoilla.\" \/>\n<meta property=\"og:url\" content=\"https:\/\/extery.com\/fi\/tuotteet\/roska-astia-trio-s1\/\" \/>\n<meta property=\"og:site_name\" content=\"Extery\" \/>\n<meta property=\"article:modified_time\" content=\"2026-03-19T10:15:47+00:00\" \/>\n<meta property=\"og:image\" content=\"https:\/\/extery.com\/wp-content\/uploads\/2022\/07\/TrioS-1-eest-Extery-linnamoobel-prugikastid-scaled.jpg\" \/>\n\t<meta property=\"og:image:width\" content=\"2560\" \/>\n\t<meta property=\"og:image:height\" content=\"1707\" \/>\n\t<meta property=\"og:image:type\" content=\"image\/jpeg\" \/>\n<meta name=\"twitter:card\" content=\"summary_large_image\" \/>\n<meta name=\"twitter:label1\" content=\"Arvioitu lukuaika\" \/>\n\t<meta name=\"twitter:data1\" content=\"1 minuutti\" \/>\n<script type=\"application\/ld+json\" class=\"yoast-schema-graph\">{\"@context\":\"https:\/\/schema.org\",\"@graph\":[{\"@type\":\"WebPage\",\"@id\":\"https:\/\/extery.com\/fi\/tuotteet\/roska-astia-trio-s1\/\",\"url\":\"https:\/\/extery.com\/fi\/tuotteet\/roska-astia-trio-s1\/\",\"name\":\"roska-astia Trio S1 - Extery roskakorit kaupunkikalusteiden ker\u00e4\u00e4miseen\",\"isPartOf\":{\"@id\":\"https:\/\/extery.com\/fi\/#website\"},\"primaryImageOfPage\":{\"@id\":\"https:\/\/extery.com\/fi\/tuotteet\/roska-astia-trio-s1\/#primaryimage\"},\"image\":{\"@id\":\"https:\/\/extery.com\/fi\/tuotteet\/roska-astia-trio-s1\/#primaryimage\"},\"thumbnailUrl\":\"https:\/\/extery.com\/wp-content\/uploads\/2022\/07\/TrioS-1-eest-Extery-linnamoobel-prugikastid-scaled.jpg\",\"datePublished\":\"2022-07-13T11:37:09+00:00\",\"dateModified\":\"2026-03-19T10:15:47+00:00\",\"description\":\"Roska-astia Trio on s\u00e4ili\u00f6j\u00e4rjestelm\u00e4 j\u00e4tteiden lajitteluun julkisilla paikoilla.\",\"breadcrumb\":{\"@id\":\"https:\/\/extery.com\/fi\/tuotteet\/roska-astia-trio-s1\/#breadcrumb\"},\"inLanguage\":\"fi\",\"potentialAction\":[{\"@type\":\"ReadAction\",\"target\":[\"https:\/\/extery.com\/fi\/tuotteet\/roska-astia-trio-s1\/\"]}]},{\"@type\":\"ImageObject\",\"inLanguage\":\"fi\",\"@id\":\"https:\/\/extery.com\/fi\/tuotteet\/roska-astia-trio-s1\/#primaryimage\",\"url\":\"https:\/\/extery.com\/wp-content\/uploads\/2022\/07\/TrioS-1-eest-Extery-linnamoobel-prugikastid-scaled.jpg\",\"contentUrl\":\"https:\/\/extery.com\/wp-content\/uploads\/2022\/07\/TrioS-1-eest-Extery-linnamoobel-prugikastid-scaled.jpg\",\"width\":2560,\"height\":1707},{\"@type\":\"BreadcrumbList\",\"@id\":\"https:\/\/extery.com\/fi\/tuotteet\/roska-astia-trio-s1\/#breadcrumb\",\"itemListElement\":[{\"@type\":\"ListItem\",\"position\":1,\"name\":\"Home\",\"item\":\"https:\/\/extery.com\/fi\/\"},{\"@type\":\"ListItem\",\"position\":2,\"name\":\"Tuotteet\",\"item\":\"https:\/\/extery.com\/fi\/tuotteet\/\"},{\"@type\":\"ListItem\",\"position\":3,\"name\":\"roska-astia Trio S1\"}]},{\"@type\":\"WebSite\",\"@id\":\"https:\/\/extery.com\/fi\/#website\",\"url\":\"https:\/\/extery.com\/fi\/\",\"name\":\"Extery\",\"description\":\"\",\"publisher\":{\"@id\":\"https:\/\/extery.com\/fi\/#organization\"},\"potentialAction\":[{\"@type\":\"SearchAction\",\"target\":{\"@type\":\"EntryPoint\",\"urlTemplate\":\"https:\/\/extery.com\/fi\/?s={search_term_string}\"},\"query-input\":{\"@type\":\"PropertyValueSpecification\",\"valueRequired\":true,\"valueName\":\"search_term_string\"}}],\"inLanguage\":\"fi\"},{\"@type\":\"Organization\",\"@id\":\"https:\/\/extery.com\/fi\/#organization\",\"name\":\"Extery\",\"url\":\"https:\/\/extery.com\/fi\/\",\"logo\":{\"@type\":\"ImageObject\",\"inLanguage\":\"fi\",\"@id\":\"https:\/\/extery.com\/fi\/#\/schema\/logo\/image\/\",\"url\":\"https:\/\/extery.com\/wp-content\/uploads\/2023\/11\/footer-logo.svg\",\"contentUrl\":\"https:\/\/extery.com\/wp-content\/uploads\/2023\/11\/footer-logo.svg\",\"caption\":\"Extery\"},\"image\":{\"@id\":\"https:\/\/extery.com\/fi\/#\/schema\/logo\/image\/\"}}]}<\/script>\n<!-- \/ Yoast SEO plugin. -->","yoast_head_json":{"title":"roska-astia Trio S1 - Extery roskakorit kaupunkikalusteiden ker\u00e4\u00e4miseen","description":"Roska-astia Trio on s\u00e4ili\u00f6j\u00e4rjestelm\u00e4 j\u00e4tteiden lajitteluun julkisilla paikoilla.","robots":{"index":"index","follow":"follow","max-snippet":"max-snippet:-1","max-image-preview":"max-image-preview:large","max-video-preview":"max-video-preview:-1"},"canonical":"https:\/\/extery.com\/fi\/tuotteet\/roska-astia-trio-s1\/","og_locale":"fi_FI","og_type":"article","og_title":"roska-astia Trio S1 - Extery roskakorit kaupunkikalusteiden ker\u00e4\u00e4miseen","og_description":"Roska-astia Trio on s\u00e4ili\u00f6j\u00e4rjestelm\u00e4 j\u00e4tteiden lajitteluun julkisilla paikoilla.","og_url":"https:\/\/extery.com\/fi\/tuotteet\/roska-astia-trio-s1\/","og_site_name":"Extery","article_modified_time":"2026-03-19T10:15:47+00:00","og_image":[{"width":2560,"height":1707,"url":"https:\/\/extery.com\/wp-content\/uploads\/2022\/07\/TrioS-1-eest-Extery-linnamoobel-prugikastid-scaled.jpg","type":"image\/jpeg"}],"twitter_card":"summary_large_image","twitter_misc":{"Arvioitu lukuaika":"1 minuutti"},"schema":{"@context":"https:\/\/schema.org","@graph":[{"@type":"WebPage","@id":"https:\/\/extery.com\/fi\/tuotteet\/roska-astia-trio-s1\/","url":"https:\/\/extery.com\/fi\/tuotteet\/roska-astia-trio-s1\/","name":"roska-astia Trio S1 - Extery roskakorit kaupunkikalusteiden ker\u00e4\u00e4miseen","isPartOf":{"@id":"https:\/\/extery.com\/fi\/#website"},"primaryImageOfPage":{"@id":"https:\/\/extery.com\/fi\/tuotteet\/roska-astia-trio-s1\/#primaryimage"},"image":{"@id":"https:\/\/extery.com\/fi\/tuotteet\/roska-astia-trio-s1\/#primaryimage"},"thumbnailUrl":"https:\/\/extery.com\/wp-content\/uploads\/2022\/07\/TrioS-1-eest-Extery-linnamoobel-prugikastid-scaled.jpg","datePublished":"2022-07-13T11:37:09+00:00","dateModified":"2026-03-19T10:15:47+00:00","description":"Roska-astia Trio on s\u00e4ili\u00f6j\u00e4rjestelm\u00e4 j\u00e4tteiden lajitteluun julkisilla paikoilla.","breadcrumb":{"@id":"https:\/\/extery.com\/fi\/tuotteet\/roska-astia-trio-s1\/#breadcrumb"},"inLanguage":"fi","potentialAction":[{"@type":"ReadAction","target":["https:\/\/extery.com\/fi\/tuotteet\/roska-astia-trio-s1\/"]}]},{"@type":"ImageObject","inLanguage":"fi","@id":"https:\/\/extery.com\/fi\/tuotteet\/roska-astia-trio-s1\/#primaryimage","url":"https:\/\/extery.com\/wp-content\/uploads\/2022\/07\/TrioS-1-eest-Extery-linnamoobel-prugikastid-scaled.jpg","contentUrl":"https:\/\/extery.com\/wp-content\/uploads\/2022\/07\/TrioS-1-eest-Extery-linnamoobel-prugikastid-scaled.jpg","width":2560,"height":1707},{"@type":"BreadcrumbList","@id":"https:\/\/extery.com\/fi\/tuotteet\/roska-astia-trio-s1\/#breadcrumb","itemListElement":[{"@type":"ListItem","position":1,"name":"Home","item":"https:\/\/extery.com\/fi\/"},{"@type":"ListItem","position":2,"name":"Tuotteet","item":"https:\/\/extery.com\/fi\/tuotteet\/"},{"@type":"ListItem","position":3,"name":"roska-astia Trio S1"}]},{"@type":"WebSite","@id":"https:\/\/extery.com\/fi\/#website","url":"https:\/\/extery.com\/fi\/","name":"Extery","description":"","publisher":{"@id":"https:\/\/extery.com\/fi\/#organization"},"potentialAction":[{"@type":"SearchAction","target":{"@type":"EntryPoint","urlTemplate":"https:\/\/extery.com\/fi\/?s={search_term_string}"},"query-input":{"@type":"PropertyValueSpecification","valueRequired":true,"valueName":"search_term_string"}}],"inLanguage":"fi"},{"@type":"Organization","@id":"https:\/\/extery.com\/fi\/#organization","name":"Extery","url":"https:\/\/extery.com\/fi\/","logo":{"@type":"ImageObject","inLanguage":"fi","@id":"https:\/\/extery.com\/fi\/#\/schema\/logo\/image\/","url":"https:\/\/extery.com\/wp-content\/uploads\/2023\/11\/footer-logo.svg","contentUrl":"https:\/\/extery.com\/wp-content\/uploads\/2023\/11\/footer-logo.svg","caption":"Extery"},"image":{"@id":"https:\/\/extery.com\/fi\/#\/schema\/logo\/image\/"}}]}},"_links":{"self":[{"href":"https:\/\/extery.com\/fi\/wp-json\/wp\/v2\/product\/18559","targetHints":{"allow":["GET"]}}],"collection":[{"href":"https:\/\/extery.com\/fi\/wp-json\/wp\/v2\/product"}],"about":[{"href":"https:\/\/extery.com\/fi\/wp-json\/wp\/v2\/types\/product"}],"replies":[{"embeddable":true,"href":"https:\/\/extery.com\/fi\/wp-json\/wp\/v2\/comments?post=18559"}],"wp:featuredmedia":[{"embeddable":true,"href":"https:\/\/extery.com\/fi\/wp-json\/wp\/v2\/media\/18524"}],"wp:attachment":[{"href":"https:\/\/extery.com\/fi\/wp-json\/wp\/v2\/media?parent=18559"}],"wp:term":[{"taxonomy":"product_brand","embeddable":true,"href":"https:\/\/extery.com\/fi\/wp-json\/wp\/v2\/product_brand?post=18559"},{"taxonomy":"product_cat","embeddable":true,"href":"https:\/\/extery.com\/fi\/wp-json\/wp\/v2\/product_cat?post=18559"},{"taxonomy":"product_tag","embeddable":true,"href":"https:\/\/extery.com\/fi\/wp-json\/wp\/v2\/product_tag?post=18559"}],"curies":[{"name":"wp","href":"https:\/\/api.w.org\/{rel}","templated":true}]}}