{"id":21290,"date":"2022-11-25T09:55:53","date_gmt":"2022-11-25T09:55:54","guid":{"rendered":"https:\/\/extery.com\/?post_type=product&#038;p=21290"},"modified":"2025-08-05T12:43:35","modified_gmt":"2025-08-05T12:43:35","slug":"puiston-penkki-jada-set16","status":"publish","type":"product","link":"https:\/\/extery.com\/fi\/tuotteet\/puiston-penkki-jada-set16\/","title":{"rendered":"puiston penkki JADA SET16"},"content":{"rendered":"<p>Puiston penkki JADA SET16 on yhdistelm\u00e4 modulaarista huonekaluj\u00e4rjestelm\u00e4\u00e4 Jadan suorista moduuleista, selk\u00e4nojasta ja p\u00f6ydist\u00e4. Setti voidaan tehd\u00e4 persoonallisempi lis\u00e4\u00e4m\u00e4ll\u00e4 muita Jada-moduuleja.<\/p>\n<p>Jada on modulaarinen kaupunkikalustej\u00e4rjestelm\u00e4, joka mahdollistaa kokonaisten oleskelualueiden luomisen yksinkertaisesti. Tarkoitettu reunustamaan esimerkiksi kaupunkien aukioita, leikkialueita ja mutkikkaita kulkuteit\u00e4.<\/p>\n<p>Lis\u00e4\u00e4 JADA-ratkaisuja l\u00f6yd\u00e4t <span style=\"color: #0000ff;\"><a style=\"color: #0000ff;\" href=\"https:\/\/extery.com\/fi\/tuote-osasto\/moduulipenkit\/\">t\u00e4\u00e4lt\u00e4<\/a><\/span>.<\/p>\n<p>Selk\u00e4nojat voidaan asettaa vierekk\u00e4in tai vastakkain luodessa makuutiloja tai erist\u00e4ytyneit\u00e4 rauhallisia paikkoja. P\u00f6yd\u00e4t voidaan asentaa viihtyis\u00e4\u00e4n yksityiseen paikkaan tai j\u00e4rjest\u00e4\u00e4 istuimien ymp\u00e4rille yhteishengen edist\u00e4miseksi ja sosiaalisten kokoontumisalueden luomiseksi.<\/p>\n<p>JADA antaa sinun luoda erilaisia \u200b\u200bratkaisuja, jotka sopivat ideasi tai tilavaatimuksiisi.<\/p>\n<p>Sinun tilasi. Sinun ideasi. Ratkaisu, jossa on moitteeton Exteryn laatu.<\/p>\n","protected":false},"excerpt":{"rendered":"<p>Puiston penkki JADA SET16 on yhdistelm\u00e4 modulaarista huonekaluj\u00e4rjestelm\u00e4\u00e4 Jadan suorista moduuleista, selk\u00e4nojasta ja p\u00f6ydist\u00e4. Setti voidaan tehd\u00e4 persoonallisempi lis\u00e4\u00e4m\u00e4ll\u00e4 muita Jada-moduuleja. Jada on modulaarinen kaupunkikalustej\u00e4rjestelm\u00e4, joka mahdollistaa kokonaisten oleskelualueiden luomisen yksinkertaisesti. Tarkoitettu reunustamaan esimerkiksi kaupunkien aukioita, leikkialueita ja mutkikkaita kulkuteit\u00e4. Lis\u00e4\u00e4 JADA-ratkaisuja l\u00f6yd\u00e4t t\u00e4\u00e4lt\u00e4. Selk\u00e4nojat voidaan asettaa vierekk\u00e4in tai vastakkain luodessa makuutiloja tai erist\u00e4ytyneit\u00e4 rauhallisia [&hellip;]<\/p>\n","protected":false},"featured_media":21190,"comment_status":"open","ping_status":"closed","template":"","meta":{"_acf_changed":false},"product_brand":[],"product_cat":[95,111],"product_tag":[],"class_list":{"0":"post-21290","1":"product","2":"type-product","3":"status-publish","4":"has-post-thumbnail","6":"product_cat-penkit-selkanojalla","7":"product_cat-moduulipenkit","8":"product-family-jada-fi","10":"first","11":"instock","12":"shipping-taxable","13":"product-type-simple"},"acf":[],"yoast_head":"<!-- This site is optimized with the Yoast SEO plugin v26.4 - https:\/\/yoast.com\/wordpress\/plugins\/seo\/ -->\n<title>puiston penkki JADA SET16 - Extery kaupunkikalusteet<\/title>\n<meta name=\"description\" content=\"Puistopenkki Jada - modulaarinen kaupunkikalustej\u00e4rjestelm\u00e4, joka mahdollistaa kokonaisten oleskelualueiden luomisen yksinkertaisesti. Tarkoitettu reunustamaan esimerkiksi kaupunkien aukioita, leikkialueita jamutkikkaita kulkuteit\u00e4.\" \/>\n<meta name=\"robots\" content=\"index, follow, max-snippet:-1, max-image-preview:large, max-video-preview:-1\" \/>\n<link rel=\"canonical\" href=\"https:\/\/extery.com\/fi\/tuotteet\/puiston-penkki-jada-set16\/\" \/>\n<meta property=\"og:locale\" content=\"fi_FI\" \/>\n<meta property=\"og:type\" content=\"article\" \/>\n<meta property=\"og:title\" content=\"puiston penkki JADA SET16 - Extery kaupunkikalusteet\" \/>\n<meta property=\"og:description\" content=\"Puistopenkki Jada - modulaarinen kaupunkikalustej\u00e4rjestelm\u00e4, joka mahdollistaa kokonaisten oleskelualueiden luomisen yksinkertaisesti. Tarkoitettu reunustamaan esimerkiksi kaupunkien aukioita, leikkialueita jamutkikkaita kulkuteit\u00e4.\" \/>\n<meta property=\"og:url\" content=\"https:\/\/extery.com\/fi\/tuotteet\/puiston-penkki-jada-set16\/\" \/>\n<meta property=\"og:site_name\" content=\"Extery\" \/>\n<meta property=\"article:modified_time\" content=\"2025-08-05T12:43:35+00:00\" \/>\n<meta property=\"og:image\" content=\"https:\/\/extery.com\/wp-content\/uploads\/2022\/11\/Jada-16_3-render-3D_3.jpg\" \/>\n\t<meta property=\"og:image:width\" content=\"2255\" \/>\n\t<meta property=\"og:image:height\" content=\"1560\" \/>\n\t<meta property=\"og:image:type\" content=\"image\/jpeg\" \/>\n<meta name=\"twitter:card\" content=\"summary_large_image\" \/>\n<meta name=\"twitter:label1\" content=\"Arvioitu lukuaika\" \/>\n\t<meta name=\"twitter:data1\" content=\"1 minuutti\" \/>\n<script type=\"application\/ld+json\" class=\"yoast-schema-graph\">{\"@context\":\"https:\/\/schema.org\",\"@graph\":[{\"@type\":\"WebPage\",\"@id\":\"https:\/\/extery.com\/fi\/tuotteet\/puiston-penkki-jada-set16\/\",\"url\":\"https:\/\/extery.com\/fi\/tuotteet\/puiston-penkki-jada-set16\/\",\"name\":\"puiston penkki JADA SET16 - Extery kaupunkikalusteet\",\"isPartOf\":{\"@id\":\"https:\/\/extery.com\/fi\/#website\"},\"primaryImageOfPage\":{\"@id\":\"https:\/\/extery.com\/fi\/tuotteet\/puiston-penkki-jada-set16\/#primaryimage\"},\"image\":{\"@id\":\"https:\/\/extery.com\/fi\/tuotteet\/puiston-penkki-jada-set16\/#primaryimage\"},\"thumbnailUrl\":\"https:\/\/extery.com\/wp-content\/uploads\/2022\/11\/Jada-16_3-render-3D_3.jpg\",\"datePublished\":\"2022-11-25T09:55:54+00:00\",\"dateModified\":\"2025-08-05T12:43:35+00:00\",\"description\":\"Puistopenkki Jada - modulaarinen kaupunkikalustej\u00e4rjestelm\u00e4, joka mahdollistaa kokonaisten oleskelualueiden luomisen yksinkertaisesti. Tarkoitettu reunustamaan esimerkiksi kaupunkien aukioita, leikkialueita jamutkikkaita kulkuteit\u00e4.\",\"breadcrumb\":{\"@id\":\"https:\/\/extery.com\/fi\/tuotteet\/puiston-penkki-jada-set16\/#breadcrumb\"},\"inLanguage\":\"fi\",\"potentialAction\":[{\"@type\":\"ReadAction\",\"target\":[\"https:\/\/extery.com\/fi\/tuotteet\/puiston-penkki-jada-set16\/\"]}]},{\"@type\":\"ImageObject\",\"inLanguage\":\"fi\",\"@id\":\"https:\/\/extery.com\/fi\/tuotteet\/puiston-penkki-jada-set16\/#primaryimage\",\"url\":\"https:\/\/extery.com\/wp-content\/uploads\/2022\/11\/Jada-16_3-render-3D_3.jpg\",\"contentUrl\":\"https:\/\/extery.com\/wp-content\/uploads\/2022\/11\/Jada-16_3-render-3D_3.jpg\",\"width\":2255,\"height\":1560},{\"@type\":\"BreadcrumbList\",\"@id\":\"https:\/\/extery.com\/fi\/tuotteet\/puiston-penkki-jada-set16\/#breadcrumb\",\"itemListElement\":[{\"@type\":\"ListItem\",\"position\":1,\"name\":\"Home\",\"item\":\"https:\/\/extery.com\/fi\/\"},{\"@type\":\"ListItem\",\"position\":2,\"name\":\"Tuotteet\",\"item\":\"https:\/\/extery.com\/fi\/tuotteet\/\"},{\"@type\":\"ListItem\",\"position\":3,\"name\":\"puiston penkki JADA SET16\"}]},{\"@type\":\"WebSite\",\"@id\":\"https:\/\/extery.com\/fi\/#website\",\"url\":\"https:\/\/extery.com\/fi\/\",\"name\":\"Extery\",\"description\":\"\",\"publisher\":{\"@id\":\"https:\/\/extery.com\/fi\/#organization\"},\"potentialAction\":[{\"@type\":\"SearchAction\",\"target\":{\"@type\":\"EntryPoint\",\"urlTemplate\":\"https:\/\/extery.com\/fi\/?s={search_term_string}\"},\"query-input\":{\"@type\":\"PropertyValueSpecification\",\"valueRequired\":true,\"valueName\":\"search_term_string\"}}],\"inLanguage\":\"fi\"},{\"@type\":\"Organization\",\"@id\":\"https:\/\/extery.com\/fi\/#organization\",\"name\":\"Extery\",\"url\":\"https:\/\/extery.com\/fi\/\",\"logo\":{\"@type\":\"ImageObject\",\"inLanguage\":\"fi\",\"@id\":\"https:\/\/extery.com\/fi\/#\/schema\/logo\/image\/\",\"url\":\"https:\/\/extery.com\/wp-content\/uploads\/2023\/11\/footer-logo.svg\",\"contentUrl\":\"https:\/\/extery.com\/wp-content\/uploads\/2023\/11\/footer-logo.svg\",\"caption\":\"Extery\"},\"image\":{\"@id\":\"https:\/\/extery.com\/fi\/#\/schema\/logo\/image\/\"}}]}<\/script>\n<!-- \/ Yoast SEO plugin. -->","yoast_head_json":{"title":"puiston penkki JADA SET16 - Extery kaupunkikalusteet","description":"Puistopenkki Jada - modulaarinen kaupunkikalustej\u00e4rjestelm\u00e4, joka mahdollistaa kokonaisten oleskelualueiden luomisen yksinkertaisesti. Tarkoitettu reunustamaan esimerkiksi kaupunkien aukioita, leikkialueita jamutkikkaita kulkuteit\u00e4.","robots":{"index":"index","follow":"follow","max-snippet":"max-snippet:-1","max-image-preview":"max-image-preview:large","max-video-preview":"max-video-preview:-1"},"canonical":"https:\/\/extery.com\/fi\/tuotteet\/puiston-penkki-jada-set16\/","og_locale":"fi_FI","og_type":"article","og_title":"puiston penkki JADA SET16 - Extery kaupunkikalusteet","og_description":"Puistopenkki Jada - modulaarinen kaupunkikalustej\u00e4rjestelm\u00e4, joka mahdollistaa kokonaisten oleskelualueiden luomisen yksinkertaisesti. Tarkoitettu reunustamaan esimerkiksi kaupunkien aukioita, leikkialueita jamutkikkaita kulkuteit\u00e4.","og_url":"https:\/\/extery.com\/fi\/tuotteet\/puiston-penkki-jada-set16\/","og_site_name":"Extery","article_modified_time":"2025-08-05T12:43:35+00:00","og_image":[{"width":2255,"height":1560,"url":"https:\/\/extery.com\/wp-content\/uploads\/2022\/11\/Jada-16_3-render-3D_3.jpg","type":"image\/jpeg"}],"twitter_card":"summary_large_image","twitter_misc":{"Arvioitu lukuaika":"1 minuutti"},"schema":{"@context":"https:\/\/schema.org","@graph":[{"@type":"WebPage","@id":"https:\/\/extery.com\/fi\/tuotteet\/puiston-penkki-jada-set16\/","url":"https:\/\/extery.com\/fi\/tuotteet\/puiston-penkki-jada-set16\/","name":"puiston penkki JADA SET16 - Extery kaupunkikalusteet","isPartOf":{"@id":"https:\/\/extery.com\/fi\/#website"},"primaryImageOfPage":{"@id":"https:\/\/extery.com\/fi\/tuotteet\/puiston-penkki-jada-set16\/#primaryimage"},"image":{"@id":"https:\/\/extery.com\/fi\/tuotteet\/puiston-penkki-jada-set16\/#primaryimage"},"thumbnailUrl":"https:\/\/extery.com\/wp-content\/uploads\/2022\/11\/Jada-16_3-render-3D_3.jpg","datePublished":"2022-11-25T09:55:54+00:00","dateModified":"2025-08-05T12:43:35+00:00","description":"Puistopenkki Jada - modulaarinen kaupunkikalustej\u00e4rjestelm\u00e4, joka mahdollistaa kokonaisten oleskelualueiden luomisen yksinkertaisesti. Tarkoitettu reunustamaan esimerkiksi kaupunkien aukioita, leikkialueita jamutkikkaita kulkuteit\u00e4.","breadcrumb":{"@id":"https:\/\/extery.com\/fi\/tuotteet\/puiston-penkki-jada-set16\/#breadcrumb"},"inLanguage":"fi","potentialAction":[{"@type":"ReadAction","target":["https:\/\/extery.com\/fi\/tuotteet\/puiston-penkki-jada-set16\/"]}]},{"@type":"ImageObject","inLanguage":"fi","@id":"https:\/\/extery.com\/fi\/tuotteet\/puiston-penkki-jada-set16\/#primaryimage","url":"https:\/\/extery.com\/wp-content\/uploads\/2022\/11\/Jada-16_3-render-3D_3.jpg","contentUrl":"https:\/\/extery.com\/wp-content\/uploads\/2022\/11\/Jada-16_3-render-3D_3.jpg","width":2255,"height":1560},{"@type":"BreadcrumbList","@id":"https:\/\/extery.com\/fi\/tuotteet\/puiston-penkki-jada-set16\/#breadcrumb","itemListElement":[{"@type":"ListItem","position":1,"name":"Home","item":"https:\/\/extery.com\/fi\/"},{"@type":"ListItem","position":2,"name":"Tuotteet","item":"https:\/\/extery.com\/fi\/tuotteet\/"},{"@type":"ListItem","position":3,"name":"puiston penkki JADA SET16"}]},{"@type":"WebSite","@id":"https:\/\/extery.com\/fi\/#website","url":"https:\/\/extery.com\/fi\/","name":"Extery","description":"","publisher":{"@id":"https:\/\/extery.com\/fi\/#organization"},"potentialAction":[{"@type":"SearchAction","target":{"@type":"EntryPoint","urlTemplate":"https:\/\/extery.com\/fi\/?s={search_term_string}"},"query-input":{"@type":"PropertyValueSpecification","valueRequired":true,"valueName":"search_term_string"}}],"inLanguage":"fi"},{"@type":"Organization","@id":"https:\/\/extery.com\/fi\/#organization","name":"Extery","url":"https:\/\/extery.com\/fi\/","logo":{"@type":"ImageObject","inLanguage":"fi","@id":"https:\/\/extery.com\/fi\/#\/schema\/logo\/image\/","url":"https:\/\/extery.com\/wp-content\/uploads\/2023\/11\/footer-logo.svg","contentUrl":"https:\/\/extery.com\/wp-content\/uploads\/2023\/11\/footer-logo.svg","caption":"Extery"},"image":{"@id":"https:\/\/extery.com\/fi\/#\/schema\/logo\/image\/"}}]}},"_links":{"self":[{"href":"https:\/\/extery.com\/fi\/wp-json\/wp\/v2\/product\/21290","targetHints":{"allow":["GET"]}}],"collection":[{"href":"https:\/\/extery.com\/fi\/wp-json\/wp\/v2\/product"}],"about":[{"href":"https:\/\/extery.com\/fi\/wp-json\/wp\/v2\/types\/product"}],"replies":[{"embeddable":true,"href":"https:\/\/extery.com\/fi\/wp-json\/wp\/v2\/comments?post=21290"}],"wp:featuredmedia":[{"embeddable":true,"href":"https:\/\/extery.com\/fi\/wp-json\/wp\/v2\/media\/21190"}],"wp:attachment":[{"href":"https:\/\/extery.com\/fi\/wp-json\/wp\/v2\/media?parent=21290"}],"wp:term":[{"taxonomy":"product_brand","embeddable":true,"href":"https:\/\/extery.com\/fi\/wp-json\/wp\/v2\/product_brand?post=21290"},{"taxonomy":"product_cat","embeddable":true,"href":"https:\/\/extery.com\/fi\/wp-json\/wp\/v2\/product_cat?post=21290"},{"taxonomy":"product_tag","embeddable":true,"href":"https:\/\/extery.com\/fi\/wp-json\/wp\/v2\/product_tag?post=21290"}],"curies":[{"name":"wp","href":"https:\/\/api.w.org\/{rel}","templated":true}]}}