{"id":2194,"date":"2020-11-11T08:45:15","date_gmt":"2020-11-11T08:45:15","guid":{"rendered":"https:\/\/extery.com\/?post_type=product&#038;p=2194"},"modified":"2026-04-13T09:33:37","modified_gmt":"2026-04-13T09:33:37","slug":"linn-penkki-1400","status":"publish","type":"product","link":"https:\/\/extery.com\/fi\/tuotteet\/linn-penkki-1400\/","title":{"rendered":"penkki Linn"},"content":{"rendered":"<p>Penkki Linn on tyylik\u00e4s ja vapaa ylim\u00e4\u00e4r\u00e4isest\u00e4.<\/p>\n<p>Uutta penkki\u00e4 luodessamme asetimme tavoitteeksi &#8211; ei enemp\u00e4\u00e4 eik\u00e4 v\u00e4hemp\u00e4\u00e4 &#8211; modernin kaupungin arvoisen parhaan istumismukavuuden ja eleganssin. Halusimme, ett\u00e4 ensi silm\u00e4yksell\u00e4 penkki n\u00e4ytt\u00e4isi ep\u00e4itsekk\u00e4\u00e4lt\u00e4 ja itsest\u00e4\u00e4n selv\u00e4lt\u00e4, mutta l\u00e4hemm\u00e4ss\u00e4 tarkastelussa vakuuttaisi katsojan kauneudellaan ja yll\u00e4tt\u00e4isi istuinmukavuudellaan.<br \/>\nN\u00e4m\u00e4 ihanteet mieless\u00e4mme syntyi Linn. Ollessaan viimeistellyn tyylik\u00e4s, mutta kuitenkin vaatimaton, Linn ei ole ainoastaan ihanteellinen penkki t\u00e4ydent\u00e4m\u00e4\u00e4n historiallista ymp\u00e4rist\u00f6\u00e4 modernista n\u00e4k\u00f6kulmasta vaan my\u00f6s tarpeeksi moderni erottuakseen vakuuttavasti nykyarkkitehtuurin yhteydess\u00e4.<\/p>\n","protected":false},"excerpt":{"rendered":"<p>Penkki Linn on tyylik\u00e4s ja vapaa ylim\u00e4\u00e4r\u00e4isest\u00e4. Uutta penkki\u00e4 luodessamme asetimme tavoitteeksi &#8211; ei enemp\u00e4\u00e4 eik\u00e4 v\u00e4hemp\u00e4\u00e4 &#8211; modernin kaupungin arvoisen parhaan istumismukavuuden ja eleganssin. Halusimme, ett\u00e4 ensi silm\u00e4yksell\u00e4 penkki n\u00e4ytt\u00e4isi ep\u00e4itsekk\u00e4\u00e4lt\u00e4 ja itsest\u00e4\u00e4n selv\u00e4lt\u00e4, mutta l\u00e4hemm\u00e4ss\u00e4 tarkastelussa vakuuttaisi katsojan kauneudellaan ja yll\u00e4tt\u00e4isi istuinmukavuudellaan. N\u00e4m\u00e4 ihanteet mieless\u00e4mme syntyi Linn. Ollessaan viimeistellyn tyylik\u00e4s, mutta kuitenkin vaatimaton, [&hellip;]<\/p>\n","protected":false},"featured_media":726,"comment_status":"open","ping_status":"closed","template":"","meta":{"_acf_changed":false},"product_brand":[],"product_cat":[95],"product_tag":[],"class_list":{"0":"post-2194","1":"product","2":"type-product","3":"status-publish","4":"has-post-thumbnail","6":"product_cat-penkit-selkanojalla","7":"product-family-linn-fi","9":"first","10":"instock","11":"shipping-taxable","12":"product-type-simple"},"acf":[],"yoast_head":"<!-- This site is optimized with the Yoast SEO plugin v26.4 - https:\/\/yoast.com\/wordpress\/plugins\/seo\/ -->\n<title>penkki Linn - Extery puisto- ja kadunkalusteet<\/title>\n<meta name=\"description\" content=\"Penkki Linn on tyylik\u00e4s ja siro, sopii erilaisiin ymp\u00e4rist\u00f6ihin. Puisto- ja kadunkalustevalikoimastamme l\u00f6yd\u00e4t tuotteita kaikkiin ymp\u00e4rist\u00f6ihin.\" \/>\n<meta name=\"robots\" content=\"index, follow, max-snippet:-1, max-image-preview:large, max-video-preview:-1\" \/>\n<link rel=\"canonical\" href=\"https:\/\/extery.com\/fi\/tuotteet\/linn-penkki-1400\/\" \/>\n<meta property=\"og:locale\" content=\"fi_FI\" \/>\n<meta property=\"og:type\" content=\"article\" \/>\n<meta property=\"og:title\" content=\"penkki Linn - Extery puisto- ja kadunkalusteet\" \/>\n<meta property=\"og:description\" content=\"Penkki Linn on tyylik\u00e4s ja siro, sopii erilaisiin ymp\u00e4rist\u00f6ihin. Puisto- ja kadunkalustevalikoimastamme l\u00f6yd\u00e4t tuotteita kaikkiin ymp\u00e4rist\u00f6ihin.\" \/>\n<meta property=\"og:url\" content=\"https:\/\/extery.com\/fi\/tuotteet\/linn-penkki-1400\/\" \/>\n<meta property=\"og:site_name\" content=\"Extery\" \/>\n<meta property=\"article:modified_time\" content=\"2026-04-13T09:33:37+00:00\" \/>\n<meta property=\"og:image\" content=\"https:\/\/extery.com\/wp-content\/uploads\/2020\/11\/Linn-pink-S-E-tropic-scaled.jpg\" \/>\n\t<meta property=\"og:image:width\" content=\"2560\" \/>\n\t<meta property=\"og:image:height\" content=\"1707\" \/>\n\t<meta property=\"og:image:type\" content=\"image\/jpeg\" \/>\n<meta name=\"twitter:card\" content=\"summary_large_image\" \/>\n<meta name=\"twitter:label1\" content=\"Arvioitu lukuaika\" \/>\n\t<meta name=\"twitter:data1\" content=\"1 minuutti\" \/>\n<script type=\"application\/ld+json\" class=\"yoast-schema-graph\">{\"@context\":\"https:\/\/schema.org\",\"@graph\":[{\"@type\":\"WebPage\",\"@id\":\"https:\/\/extery.com\/fi\/tuotteet\/linn-penkki-1400\/\",\"url\":\"https:\/\/extery.com\/fi\/tuotteet\/linn-penkki-1400\/\",\"name\":\"penkki Linn - Extery puisto- ja kadunkalusteet\",\"isPartOf\":{\"@id\":\"https:\/\/extery.com\/fi\/#website\"},\"primaryImageOfPage\":{\"@id\":\"https:\/\/extery.com\/fi\/tuotteet\/linn-penkki-1400\/#primaryimage\"},\"image\":{\"@id\":\"https:\/\/extery.com\/fi\/tuotteet\/linn-penkki-1400\/#primaryimage\"},\"thumbnailUrl\":\"https:\/\/extery.com\/wp-content\/uploads\/2020\/11\/Linn-pink-S-E-tropic-scaled.jpg\",\"datePublished\":\"2020-11-11T08:45:15+00:00\",\"dateModified\":\"2026-04-13T09:33:37+00:00\",\"description\":\"Penkki Linn on tyylik\u00e4s ja siro, sopii erilaisiin ymp\u00e4rist\u00f6ihin. Puisto- ja kadunkalustevalikoimastamme l\u00f6yd\u00e4t tuotteita kaikkiin ymp\u00e4rist\u00f6ihin.\",\"breadcrumb\":{\"@id\":\"https:\/\/extery.com\/fi\/tuotteet\/linn-penkki-1400\/#breadcrumb\"},\"inLanguage\":\"fi\",\"potentialAction\":[{\"@type\":\"ReadAction\",\"target\":[\"https:\/\/extery.com\/fi\/tuotteet\/linn-penkki-1400\/\"]}]},{\"@type\":\"ImageObject\",\"inLanguage\":\"fi\",\"@id\":\"https:\/\/extery.com\/fi\/tuotteet\/linn-penkki-1400\/#primaryimage\",\"url\":\"https:\/\/extery.com\/wp-content\/uploads\/2020\/11\/Linn-pink-S-E-tropic-scaled.jpg\",\"contentUrl\":\"https:\/\/extery.com\/wp-content\/uploads\/2020\/11\/Linn-pink-S-E-tropic-scaled.jpg\",\"width\":2560,\"height\":1707},{\"@type\":\"BreadcrumbList\",\"@id\":\"https:\/\/extery.com\/fi\/tuotteet\/linn-penkki-1400\/#breadcrumb\",\"itemListElement\":[{\"@type\":\"ListItem\",\"position\":1,\"name\":\"Home\",\"item\":\"https:\/\/extery.com\/fi\/\"},{\"@type\":\"ListItem\",\"position\":2,\"name\":\"Tuotteet\",\"item\":\"https:\/\/extery.com\/fi\/tuotteet\/\"},{\"@type\":\"ListItem\",\"position\":3,\"name\":\"penkki Linn\"}]},{\"@type\":\"WebSite\",\"@id\":\"https:\/\/extery.com\/fi\/#website\",\"url\":\"https:\/\/extery.com\/fi\/\",\"name\":\"Extery\",\"description\":\"\",\"publisher\":{\"@id\":\"https:\/\/extery.com\/fi\/#organization\"},\"potentialAction\":[{\"@type\":\"SearchAction\",\"target\":{\"@type\":\"EntryPoint\",\"urlTemplate\":\"https:\/\/extery.com\/fi\/?s={search_term_string}\"},\"query-input\":{\"@type\":\"PropertyValueSpecification\",\"valueRequired\":true,\"valueName\":\"search_term_string\"}}],\"inLanguage\":\"fi\"},{\"@type\":\"Organization\",\"@id\":\"https:\/\/extery.com\/fi\/#organization\",\"name\":\"Extery\",\"url\":\"https:\/\/extery.com\/fi\/\",\"logo\":{\"@type\":\"ImageObject\",\"inLanguage\":\"fi\",\"@id\":\"https:\/\/extery.com\/fi\/#\/schema\/logo\/image\/\",\"url\":\"https:\/\/extery.com\/wp-content\/uploads\/2023\/11\/footer-logo.svg\",\"contentUrl\":\"https:\/\/extery.com\/wp-content\/uploads\/2023\/11\/footer-logo.svg\",\"caption\":\"Extery \"},\"image\":{\"@id\":\"https:\/\/extery.com\/fi\/#\/schema\/logo\/image\/\"}}]}<\/script>\n<!-- \/ Yoast SEO plugin. -->","yoast_head_json":{"title":"penkki Linn - Extery puisto- ja kadunkalusteet","description":"Penkki Linn on tyylik\u00e4s ja siro, sopii erilaisiin ymp\u00e4rist\u00f6ihin. Puisto- ja kadunkalustevalikoimastamme l\u00f6yd\u00e4t tuotteita kaikkiin ymp\u00e4rist\u00f6ihin.","robots":{"index":"index","follow":"follow","max-snippet":"max-snippet:-1","max-image-preview":"max-image-preview:large","max-video-preview":"max-video-preview:-1"},"canonical":"https:\/\/extery.com\/fi\/tuotteet\/linn-penkki-1400\/","og_locale":"fi_FI","og_type":"article","og_title":"penkki Linn - Extery puisto- ja kadunkalusteet","og_description":"Penkki Linn on tyylik\u00e4s ja siro, sopii erilaisiin ymp\u00e4rist\u00f6ihin. Puisto- ja kadunkalustevalikoimastamme l\u00f6yd\u00e4t tuotteita kaikkiin ymp\u00e4rist\u00f6ihin.","og_url":"https:\/\/extery.com\/fi\/tuotteet\/linn-penkki-1400\/","og_site_name":"Extery","article_modified_time":"2026-04-13T09:33:37+00:00","og_image":[{"width":2560,"height":1707,"url":"https:\/\/extery.com\/wp-content\/uploads\/2020\/11\/Linn-pink-S-E-tropic-scaled.jpg","type":"image\/jpeg"}],"twitter_card":"summary_large_image","twitter_misc":{"Arvioitu lukuaika":"1 minuutti"},"schema":{"@context":"https:\/\/schema.org","@graph":[{"@type":"WebPage","@id":"https:\/\/extery.com\/fi\/tuotteet\/linn-penkki-1400\/","url":"https:\/\/extery.com\/fi\/tuotteet\/linn-penkki-1400\/","name":"penkki Linn - Extery puisto- ja kadunkalusteet","isPartOf":{"@id":"https:\/\/extery.com\/fi\/#website"},"primaryImageOfPage":{"@id":"https:\/\/extery.com\/fi\/tuotteet\/linn-penkki-1400\/#primaryimage"},"image":{"@id":"https:\/\/extery.com\/fi\/tuotteet\/linn-penkki-1400\/#primaryimage"},"thumbnailUrl":"https:\/\/extery.com\/wp-content\/uploads\/2020\/11\/Linn-pink-S-E-tropic-scaled.jpg","datePublished":"2020-11-11T08:45:15+00:00","dateModified":"2026-04-13T09:33:37+00:00","description":"Penkki Linn on tyylik\u00e4s ja siro, sopii erilaisiin ymp\u00e4rist\u00f6ihin. Puisto- ja kadunkalustevalikoimastamme l\u00f6yd\u00e4t tuotteita kaikkiin ymp\u00e4rist\u00f6ihin.","breadcrumb":{"@id":"https:\/\/extery.com\/fi\/tuotteet\/linn-penkki-1400\/#breadcrumb"},"inLanguage":"fi","potentialAction":[{"@type":"ReadAction","target":["https:\/\/extery.com\/fi\/tuotteet\/linn-penkki-1400\/"]}]},{"@type":"ImageObject","inLanguage":"fi","@id":"https:\/\/extery.com\/fi\/tuotteet\/linn-penkki-1400\/#primaryimage","url":"https:\/\/extery.com\/wp-content\/uploads\/2020\/11\/Linn-pink-S-E-tropic-scaled.jpg","contentUrl":"https:\/\/extery.com\/wp-content\/uploads\/2020\/11\/Linn-pink-S-E-tropic-scaled.jpg","width":2560,"height":1707},{"@type":"BreadcrumbList","@id":"https:\/\/extery.com\/fi\/tuotteet\/linn-penkki-1400\/#breadcrumb","itemListElement":[{"@type":"ListItem","position":1,"name":"Home","item":"https:\/\/extery.com\/fi\/"},{"@type":"ListItem","position":2,"name":"Tuotteet","item":"https:\/\/extery.com\/fi\/tuotteet\/"},{"@type":"ListItem","position":3,"name":"penkki Linn"}]},{"@type":"WebSite","@id":"https:\/\/extery.com\/fi\/#website","url":"https:\/\/extery.com\/fi\/","name":"Extery","description":"","publisher":{"@id":"https:\/\/extery.com\/fi\/#organization"},"potentialAction":[{"@type":"SearchAction","target":{"@type":"EntryPoint","urlTemplate":"https:\/\/extery.com\/fi\/?s={search_term_string}"},"query-input":{"@type":"PropertyValueSpecification","valueRequired":true,"valueName":"search_term_string"}}],"inLanguage":"fi"},{"@type":"Organization","@id":"https:\/\/extery.com\/fi\/#organization","name":"Extery","url":"https:\/\/extery.com\/fi\/","logo":{"@type":"ImageObject","inLanguage":"fi","@id":"https:\/\/extery.com\/fi\/#\/schema\/logo\/image\/","url":"https:\/\/extery.com\/wp-content\/uploads\/2023\/11\/footer-logo.svg","contentUrl":"https:\/\/extery.com\/wp-content\/uploads\/2023\/11\/footer-logo.svg","caption":"Extery "},"image":{"@id":"https:\/\/extery.com\/fi\/#\/schema\/logo\/image\/"}}]}},"_links":{"self":[{"href":"https:\/\/extery.com\/fi\/wp-json\/wp\/v2\/product\/2194","targetHints":{"allow":["GET"]}}],"collection":[{"href":"https:\/\/extery.com\/fi\/wp-json\/wp\/v2\/product"}],"about":[{"href":"https:\/\/extery.com\/fi\/wp-json\/wp\/v2\/types\/product"}],"replies":[{"embeddable":true,"href":"https:\/\/extery.com\/fi\/wp-json\/wp\/v2\/comments?post=2194"}],"wp:featuredmedia":[{"embeddable":true,"href":"https:\/\/extery.com\/fi\/wp-json\/wp\/v2\/media\/726"}],"wp:attachment":[{"href":"https:\/\/extery.com\/fi\/wp-json\/wp\/v2\/media?parent=2194"}],"wp:term":[{"taxonomy":"product_brand","embeddable":true,"href":"https:\/\/extery.com\/fi\/wp-json\/wp\/v2\/product_brand?post=2194"},{"taxonomy":"product_cat","embeddable":true,"href":"https:\/\/extery.com\/fi\/wp-json\/wp\/v2\/product_cat?post=2194"},{"taxonomy":"product_tag","embeddable":true,"href":"https:\/\/extery.com\/fi\/wp-json\/wp\/v2\/product_tag?post=2194"}],"curies":[{"name":"wp","href":"https:\/\/api.w.org\/{rel}","templated":true}]}}