{"id":22901,"date":"2023-03-20T14:59:32","date_gmt":"2023-03-20T14:59:32","guid":{"rendered":"https:\/\/extery.com\/?post_type=product&#038;p=22901"},"modified":"2026-04-13T12:15:10","modified_gmt":"2026-04-13T12:15:10","slug":"pyoraparkki-kaar-mini","status":"publish","type":"product","link":"https:\/\/extery.com\/fi\/tuotteet\/pyoraparkki-kaar-mini\/","title":{"rendered":"py\u00f6r\u00e4parkki Kaar Mini"},"content":{"rendered":"<p>Kaar Mini py\u00f6r\u00e4parkki on suunniteltu erityisesti pienille py\u00f6r\u00e4ilyn yst\u00e4ville. Kaar Mini py\u00f6r\u00e4parkki on muodoltaan yksinkertainen, toimiva ja vahva. Telineet on kiinnitetty jalustaan, mik\u00e4 helpottaa asennusta, \u00a0eik\u00e4 v\u00e4ltt\u00e4m\u00e4tt\u00e4 vaadi ankkurointia maahan. Py\u00f6r\u00e4parkin modulaarisuus mahdollistaa py\u00f6r\u00e4parkkirivin jatkamisen tarpeen mukaan.<\/p>\n<p>Kaar Mini py\u00f6r\u00e4parkkia on saatavana kahdessa moduulissa: kahdella tai nelj\u00e4ll\u00e4 telineell\u00e4. Kuhunkin telineeseen voidaan turvallisesti lukita kaksi polkupy\u00f6r\u00e4\u00e4. Kaar py\u00f6r\u00e4telineen etuna on sen yksinkertaisuus ja k\u00e4tev\u00e4 k\u00e4ytt\u00f6.<\/p>\n","protected":false},"excerpt":{"rendered":"<p>Kaar Mini py\u00f6r\u00e4parkki on suunniteltu erityisesti pienille py\u00f6r\u00e4ilyn yst\u00e4ville. Kaar Mini py\u00f6r\u00e4parkki on muodoltaan yksinkertainen, toimiva ja vahva. Telineet on kiinnitetty jalustaan, mik\u00e4 helpottaa asennusta, \u00a0eik\u00e4 v\u00e4ltt\u00e4m\u00e4tt\u00e4 vaadi ankkurointia maahan. Py\u00f6r\u00e4parkin modulaarisuus mahdollistaa py\u00f6r\u00e4parkkirivin jatkamisen tarpeen mukaan. Kaar Mini py\u00f6r\u00e4parkkia on saatavana kahdessa moduulissa: kahdella tai nelj\u00e4ll\u00e4 telineell\u00e4. Kuhunkin telineeseen voidaan turvallisesti lukita kaksi polkupy\u00f6r\u00e4\u00e4. [&hellip;]<\/p>\n","protected":false},"featured_media":22908,"comment_status":"open","ping_status":"closed","template":"","meta":{"_acf_changed":false},"product_brand":[],"product_cat":[126],"product_tag":[],"class_list":{"0":"post-22901","1":"product","2":"type-product","3":"status-publish","4":"has-post-thumbnail","6":"product_cat-polkupyoratelineet","7":"product-family-kaar-fi","9":"first","10":"instock","11":"shipping-taxable","12":"product-type-simple"},"acf":[],"yoast_head":"<!-- This site is optimized with the Yoast SEO plugin v26.4 - https:\/\/yoast.com\/wordpress\/plugins\/seo\/ -->\n<title>Py\u00f6r\u00e4parkki KAAR MINI<\/title>\n<meta name=\"description\" content=\"Py\u00f6r\u00e4parkki Kaar Mini on suunniteltu erityisesti pienille py\u00f6r\u00e4ilyn yst\u00e4ville. Kaar Mini py\u00f6r\u00e4parkki on muodoltaan yksinkertainen, toimiva ja vahva.\" \/>\n<meta name=\"robots\" content=\"index, follow, max-snippet:-1, max-image-preview:large, max-video-preview:-1\" \/>\n<link rel=\"canonical\" href=\"https:\/\/extery.com\/fi\/tuotteet\/pyoraparkki-kaar-mini\/\" \/>\n<meta property=\"og:locale\" content=\"fi_FI\" \/>\n<meta property=\"og:type\" content=\"article\" \/>\n<meta property=\"og:title\" content=\"Py\u00f6r\u00e4parkki KAAR MINI\" \/>\n<meta property=\"og:description\" content=\"Py\u00f6r\u00e4parkki Kaar Mini on suunniteltu erityisesti pienille py\u00f6r\u00e4ilyn yst\u00e4ville. Kaar Mini py\u00f6r\u00e4parkki on muodoltaan yksinkertainen, toimiva ja vahva.\" \/>\n<meta property=\"og:url\" content=\"https:\/\/extery.com\/fi\/tuotteet\/pyoraparkki-kaar-mini\/\" \/>\n<meta property=\"og:site_name\" content=\"Extery\" \/>\n<meta property=\"article:modified_time\" content=\"2026-04-13T12:15:10+00:00\" \/>\n<meta property=\"og:image\" content=\"https:\/\/extery.com\/wp-content\/uploads\/2023\/03\/Kaar-mini.jpg\" \/>\n\t<meta property=\"og:image:width\" content=\"2501\" \/>\n\t<meta property=\"og:image:height\" content=\"1667\" \/>\n\t<meta property=\"og:image:type\" content=\"image\/jpeg\" \/>\n<meta name=\"twitter:card\" content=\"summary_large_image\" \/>\n<meta name=\"twitter:label1\" content=\"Arvioitu lukuaika\" \/>\n\t<meta name=\"twitter:data1\" content=\"1 minuutti\" \/>\n<script type=\"application\/ld+json\" class=\"yoast-schema-graph\">{\"@context\":\"https:\/\/schema.org\",\"@graph\":[{\"@type\":\"WebPage\",\"@id\":\"https:\/\/extery.com\/fi\/tuotteet\/pyoraparkki-kaar-mini\/\",\"url\":\"https:\/\/extery.com\/fi\/tuotteet\/pyoraparkki-kaar-mini\/\",\"name\":\"Py\u00f6r\u00e4parkki KAAR MINI\",\"isPartOf\":{\"@id\":\"https:\/\/extery.com\/fi\/#website\"},\"primaryImageOfPage\":{\"@id\":\"https:\/\/extery.com\/fi\/tuotteet\/pyoraparkki-kaar-mini\/#primaryimage\"},\"image\":{\"@id\":\"https:\/\/extery.com\/fi\/tuotteet\/pyoraparkki-kaar-mini\/#primaryimage\"},\"thumbnailUrl\":\"https:\/\/extery.com\/wp-content\/uploads\/2023\/03\/Kaar-mini.jpg\",\"datePublished\":\"2023-03-20T14:59:32+00:00\",\"dateModified\":\"2026-04-13T12:15:10+00:00\",\"description\":\"Py\u00f6r\u00e4parkki Kaar Mini on suunniteltu erityisesti pienille py\u00f6r\u00e4ilyn yst\u00e4ville. Kaar Mini py\u00f6r\u00e4parkki on muodoltaan yksinkertainen, toimiva ja vahva.\",\"breadcrumb\":{\"@id\":\"https:\/\/extery.com\/fi\/tuotteet\/pyoraparkki-kaar-mini\/#breadcrumb\"},\"inLanguage\":\"fi\",\"potentialAction\":[{\"@type\":\"ReadAction\",\"target\":[\"https:\/\/extery.com\/fi\/tuotteet\/pyoraparkki-kaar-mini\/\"]}]},{\"@type\":\"ImageObject\",\"inLanguage\":\"fi\",\"@id\":\"https:\/\/extery.com\/fi\/tuotteet\/pyoraparkki-kaar-mini\/#primaryimage\",\"url\":\"https:\/\/extery.com\/wp-content\/uploads\/2023\/03\/Kaar-mini.jpg\",\"contentUrl\":\"https:\/\/extery.com\/wp-content\/uploads\/2023\/03\/Kaar-mini.jpg\",\"width\":2501,\"height\":1667},{\"@type\":\"BreadcrumbList\",\"@id\":\"https:\/\/extery.com\/fi\/tuotteet\/pyoraparkki-kaar-mini\/#breadcrumb\",\"itemListElement\":[{\"@type\":\"ListItem\",\"position\":1,\"name\":\"Home\",\"item\":\"https:\/\/extery.com\/fi\/\"},{\"@type\":\"ListItem\",\"position\":2,\"name\":\"Tuotteet\",\"item\":\"https:\/\/extery.com\/fi\/tuotteet\/\"},{\"@type\":\"ListItem\",\"position\":3,\"name\":\"py\u00f6r\u00e4parkki Kaar Mini\"}]},{\"@type\":\"WebSite\",\"@id\":\"https:\/\/extery.com\/fi\/#website\",\"url\":\"https:\/\/extery.com\/fi\/\",\"name\":\"Extery\",\"description\":\"\",\"publisher\":{\"@id\":\"https:\/\/extery.com\/fi\/#organization\"},\"potentialAction\":[{\"@type\":\"SearchAction\",\"target\":{\"@type\":\"EntryPoint\",\"urlTemplate\":\"https:\/\/extery.com\/fi\/?s={search_term_string}\"},\"query-input\":{\"@type\":\"PropertyValueSpecification\",\"valueRequired\":true,\"valueName\":\"search_term_string\"}}],\"inLanguage\":\"fi\"},{\"@type\":\"Organization\",\"@id\":\"https:\/\/extery.com\/fi\/#organization\",\"name\":\"Extery\",\"url\":\"https:\/\/extery.com\/fi\/\",\"logo\":{\"@type\":\"ImageObject\",\"inLanguage\":\"fi\",\"@id\":\"https:\/\/extery.com\/fi\/#\/schema\/logo\/image\/\",\"url\":\"https:\/\/extery.com\/wp-content\/uploads\/2023\/11\/footer-logo.svg\",\"contentUrl\":\"https:\/\/extery.com\/wp-content\/uploads\/2023\/11\/footer-logo.svg\",\"caption\":\"Extery\"},\"image\":{\"@id\":\"https:\/\/extery.com\/fi\/#\/schema\/logo\/image\/\"}}]}<\/script>\n<!-- \/ Yoast SEO plugin. -->","yoast_head_json":{"title":"Py\u00f6r\u00e4parkki KAAR MINI","description":"Py\u00f6r\u00e4parkki Kaar Mini on suunniteltu erityisesti pienille py\u00f6r\u00e4ilyn yst\u00e4ville. Kaar Mini py\u00f6r\u00e4parkki on muodoltaan yksinkertainen, toimiva ja vahva.","robots":{"index":"index","follow":"follow","max-snippet":"max-snippet:-1","max-image-preview":"max-image-preview:large","max-video-preview":"max-video-preview:-1"},"canonical":"https:\/\/extery.com\/fi\/tuotteet\/pyoraparkki-kaar-mini\/","og_locale":"fi_FI","og_type":"article","og_title":"Py\u00f6r\u00e4parkki KAAR MINI","og_description":"Py\u00f6r\u00e4parkki Kaar Mini on suunniteltu erityisesti pienille py\u00f6r\u00e4ilyn yst\u00e4ville. Kaar Mini py\u00f6r\u00e4parkki on muodoltaan yksinkertainen, toimiva ja vahva.","og_url":"https:\/\/extery.com\/fi\/tuotteet\/pyoraparkki-kaar-mini\/","og_site_name":"Extery","article_modified_time":"2026-04-13T12:15:10+00:00","og_image":[{"width":2501,"height":1667,"url":"https:\/\/extery.com\/wp-content\/uploads\/2023\/03\/Kaar-mini.jpg","type":"image\/jpeg"}],"twitter_card":"summary_large_image","twitter_misc":{"Arvioitu lukuaika":"1 minuutti"},"schema":{"@context":"https:\/\/schema.org","@graph":[{"@type":"WebPage","@id":"https:\/\/extery.com\/fi\/tuotteet\/pyoraparkki-kaar-mini\/","url":"https:\/\/extery.com\/fi\/tuotteet\/pyoraparkki-kaar-mini\/","name":"Py\u00f6r\u00e4parkki KAAR MINI","isPartOf":{"@id":"https:\/\/extery.com\/fi\/#website"},"primaryImageOfPage":{"@id":"https:\/\/extery.com\/fi\/tuotteet\/pyoraparkki-kaar-mini\/#primaryimage"},"image":{"@id":"https:\/\/extery.com\/fi\/tuotteet\/pyoraparkki-kaar-mini\/#primaryimage"},"thumbnailUrl":"https:\/\/extery.com\/wp-content\/uploads\/2023\/03\/Kaar-mini.jpg","datePublished":"2023-03-20T14:59:32+00:00","dateModified":"2026-04-13T12:15:10+00:00","description":"Py\u00f6r\u00e4parkki Kaar Mini on suunniteltu erityisesti pienille py\u00f6r\u00e4ilyn yst\u00e4ville. Kaar Mini py\u00f6r\u00e4parkki on muodoltaan yksinkertainen, toimiva ja vahva.","breadcrumb":{"@id":"https:\/\/extery.com\/fi\/tuotteet\/pyoraparkki-kaar-mini\/#breadcrumb"},"inLanguage":"fi","potentialAction":[{"@type":"ReadAction","target":["https:\/\/extery.com\/fi\/tuotteet\/pyoraparkki-kaar-mini\/"]}]},{"@type":"ImageObject","inLanguage":"fi","@id":"https:\/\/extery.com\/fi\/tuotteet\/pyoraparkki-kaar-mini\/#primaryimage","url":"https:\/\/extery.com\/wp-content\/uploads\/2023\/03\/Kaar-mini.jpg","contentUrl":"https:\/\/extery.com\/wp-content\/uploads\/2023\/03\/Kaar-mini.jpg","width":2501,"height":1667},{"@type":"BreadcrumbList","@id":"https:\/\/extery.com\/fi\/tuotteet\/pyoraparkki-kaar-mini\/#breadcrumb","itemListElement":[{"@type":"ListItem","position":1,"name":"Home","item":"https:\/\/extery.com\/fi\/"},{"@type":"ListItem","position":2,"name":"Tuotteet","item":"https:\/\/extery.com\/fi\/tuotteet\/"},{"@type":"ListItem","position":3,"name":"py\u00f6r\u00e4parkki Kaar Mini"}]},{"@type":"WebSite","@id":"https:\/\/extery.com\/fi\/#website","url":"https:\/\/extery.com\/fi\/","name":"Extery","description":"","publisher":{"@id":"https:\/\/extery.com\/fi\/#organization"},"potentialAction":[{"@type":"SearchAction","target":{"@type":"EntryPoint","urlTemplate":"https:\/\/extery.com\/fi\/?s={search_term_string}"},"query-input":{"@type":"PropertyValueSpecification","valueRequired":true,"valueName":"search_term_string"}}],"inLanguage":"fi"},{"@type":"Organization","@id":"https:\/\/extery.com\/fi\/#organization","name":"Extery","url":"https:\/\/extery.com\/fi\/","logo":{"@type":"ImageObject","inLanguage":"fi","@id":"https:\/\/extery.com\/fi\/#\/schema\/logo\/image\/","url":"https:\/\/extery.com\/wp-content\/uploads\/2023\/11\/footer-logo.svg","contentUrl":"https:\/\/extery.com\/wp-content\/uploads\/2023\/11\/footer-logo.svg","caption":"Extery"},"image":{"@id":"https:\/\/extery.com\/fi\/#\/schema\/logo\/image\/"}}]}},"_links":{"self":[{"href":"https:\/\/extery.com\/fi\/wp-json\/wp\/v2\/product\/22901","targetHints":{"allow":["GET"]}}],"collection":[{"href":"https:\/\/extery.com\/fi\/wp-json\/wp\/v2\/product"}],"about":[{"href":"https:\/\/extery.com\/fi\/wp-json\/wp\/v2\/types\/product"}],"replies":[{"embeddable":true,"href":"https:\/\/extery.com\/fi\/wp-json\/wp\/v2\/comments?post=22901"}],"wp:featuredmedia":[{"embeddable":true,"href":"https:\/\/extery.com\/fi\/wp-json\/wp\/v2\/media\/22908"}],"wp:attachment":[{"href":"https:\/\/extery.com\/fi\/wp-json\/wp\/v2\/media?parent=22901"}],"wp:term":[{"taxonomy":"product_brand","embeddable":true,"href":"https:\/\/extery.com\/fi\/wp-json\/wp\/v2\/product_brand?post=22901"},{"taxonomy":"product_cat","embeddable":true,"href":"https:\/\/extery.com\/fi\/wp-json\/wp\/v2\/product_cat?post=22901"},{"taxonomy":"product_tag","embeddable":true,"href":"https:\/\/extery.com\/fi\/wp-json\/wp\/v2\/product_tag?post=22901"}],"curies":[{"name":"wp","href":"https:\/\/api.w.org\/{rel}","templated":true}]}}