{"id":23061,"date":"2023-04-21T09:53:41","date_gmt":"2023-04-21T09:53:41","guid":{"rendered":"https:\/\/extery.com\/?post_type=product&#038;p=23061"},"modified":"2026-03-19T11:18:06","modified_gmt":"2026-03-19T11:18:06","slug":"pyoraparkki-kaar","status":"publish","type":"product","link":"https:\/\/extery.com\/fi\/tuotteet\/pyoraparkki-kaar\/","title":{"rendered":"py\u00f6r\u00e4parkki Kaar"},"content":{"rendered":"<p>Py\u00f6r\u00e4pys\u00e4k\u00f6inti Kaar 1000 ja Kaar 300 on suunniteltu kaikkia py\u00f6r\u00e4ilij\u00f6it\u00e4 ajatellen. Kaar py\u00f6r\u00e4parkki on muodoltaan yksinkertainen, toimiva ja vahva. Telineet on kiinnitetty jalustaan, mik\u00e4 helpottaa asennusta, \u00a0eik\u00e4 v\u00e4ltt\u00e4m\u00e4tt\u00e4 vaadi ankkurointia maahan. Py\u00f6r\u00e4parkin modulaarisuus mahdollistaa py\u00f6r\u00e4parkkirivin jatkamisen tarpeen mukaan.<\/p>\n<p>Kaar 1000 ja Kaar 300 py\u00f6r\u00e4parkkia on saatavana kahdessa moduulissa: 3 tai 4 telineell\u00e4. Kuhunkin telineeseen voidaan turvallisesti lukita kaksi polkupy\u00f6r\u00e4\u00e4. Kaar py\u00f6r\u00e4telineen etuna on sen yksinkertaisuus ja k\u00e4tev\u00e4 k\u00e4ytt\u00f6.<\/p>\n","protected":false},"excerpt":{"rendered":"<p>Py\u00f6r\u00e4pys\u00e4k\u00f6inti Kaar 1000 ja Kaar 300 on suunniteltu kaikkia py\u00f6r\u00e4ilij\u00f6it\u00e4 ajatellen. Kaar py\u00f6r\u00e4parkki on muodoltaan yksinkertainen, toimiva ja vahva. Telineet on kiinnitetty jalustaan, mik\u00e4 helpottaa asennusta, \u00a0eik\u00e4 v\u00e4ltt\u00e4m\u00e4tt\u00e4 vaadi ankkurointia maahan. Py\u00f6r\u00e4parkin modulaarisuus mahdollistaa py\u00f6r\u00e4parkkirivin jatkamisen tarpeen mukaan. Kaar 1000 ja Kaar 300 py\u00f6r\u00e4parkkia on saatavana kahdessa moduulissa: 3 tai 4 telineell\u00e4. Kuhunkin telineeseen voidaan [&hellip;]<\/p>\n","protected":false},"featured_media":23110,"comment_status":"open","ping_status":"closed","template":"","meta":{"_acf_changed":false},"product_brand":[],"product_cat":[126],"product_tag":[],"class_list":{"0":"post-23061","1":"product","2":"type-product","3":"status-publish","4":"has-post-thumbnail","6":"product_cat-polkupyoratelineet","7":"product-family-kaar-fi","9":"first","10":"instock","11":"shipping-taxable","12":"product-type-simple"},"acf":[],"yoast_head":"<!-- This site is optimized with the Yoast SEO plugin v26.4 - https:\/\/yoast.com\/wordpress\/plugins\/seo\/ -->\n<title>Py\u00f6r\u00e4parkki KAAR<\/title>\n<meta name=\"description\" content=\"Py\u00f6r\u00e4parkki Kaaron suunniteltu erityisesti pienille py\u00f6r\u00e4ilyn yst\u00e4ville. Kaar Mini py\u00f6r\u00e4parkki on muodoltaan yksinkertainen, toimiva ja vahva.\" \/>\n<meta name=\"robots\" content=\"index, follow, max-snippet:-1, max-image-preview:large, max-video-preview:-1\" \/>\n<link rel=\"canonical\" href=\"https:\/\/extery.com\/fi\/tuotteet\/pyoraparkki-kaar\/\" \/>\n<meta property=\"og:locale\" content=\"fi_FI\" \/>\n<meta property=\"og:type\" content=\"article\" \/>\n<meta property=\"og:title\" content=\"Py\u00f6r\u00e4parkki KAAR\" \/>\n<meta property=\"og:description\" content=\"Py\u00f6r\u00e4parkki Kaaron suunniteltu erityisesti pienille py\u00f6r\u00e4ilyn yst\u00e4ville. Kaar Mini py\u00f6r\u00e4parkki on muodoltaan yksinkertainen, toimiva ja vahva.\" \/>\n<meta property=\"og:url\" content=\"https:\/\/extery.com\/fi\/tuotteet\/pyoraparkki-kaar\/\" \/>\n<meta property=\"og:site_name\" content=\"Extery\" \/>\n<meta property=\"article:modified_time\" content=\"2026-03-19T11:18:06+00:00\" \/>\n<meta property=\"og:image\" content=\"https:\/\/extery.com\/wp-content\/uploads\/2023\/04\/Kaar-1000-3-jalgrattaparkla-bicycle-parking-web-scaled.jpg\" \/>\n\t<meta property=\"og:image:width\" content=\"2560\" \/>\n\t<meta property=\"og:image:height\" content=\"1707\" \/>\n\t<meta property=\"og:image:type\" content=\"image\/jpeg\" \/>\n<meta name=\"twitter:card\" content=\"summary_large_image\" \/>\n<meta name=\"twitter:label1\" content=\"Arvioitu lukuaika\" \/>\n\t<meta name=\"twitter:data1\" content=\"1 minuutti\" \/>\n<script type=\"application\/ld+json\" class=\"yoast-schema-graph\">{\"@context\":\"https:\/\/schema.org\",\"@graph\":[{\"@type\":\"WebPage\",\"@id\":\"https:\/\/extery.com\/fi\/tuotteet\/pyoraparkki-kaar\/\",\"url\":\"https:\/\/extery.com\/fi\/tuotteet\/pyoraparkki-kaar\/\",\"name\":\"Py\u00f6r\u00e4parkki KAAR\",\"isPartOf\":{\"@id\":\"https:\/\/extery.com\/fi\/#website\"},\"primaryImageOfPage\":{\"@id\":\"https:\/\/extery.com\/fi\/tuotteet\/pyoraparkki-kaar\/#primaryimage\"},\"image\":{\"@id\":\"https:\/\/extery.com\/fi\/tuotteet\/pyoraparkki-kaar\/#primaryimage\"},\"thumbnailUrl\":\"https:\/\/extery.com\/wp-content\/uploads\/2023\/04\/Kaar-1000-3-jalgrattaparkla-bicycle-parking-web-scaled.jpg\",\"datePublished\":\"2023-04-21T09:53:41+00:00\",\"dateModified\":\"2026-03-19T11:18:06+00:00\",\"description\":\"Py\u00f6r\u00e4parkki Kaaron suunniteltu erityisesti pienille py\u00f6r\u00e4ilyn yst\u00e4ville. Kaar Mini py\u00f6r\u00e4parkki on muodoltaan yksinkertainen, toimiva ja vahva.\",\"breadcrumb\":{\"@id\":\"https:\/\/extery.com\/fi\/tuotteet\/pyoraparkki-kaar\/#breadcrumb\"},\"inLanguage\":\"fi\",\"potentialAction\":[{\"@type\":\"ReadAction\",\"target\":[\"https:\/\/extery.com\/fi\/tuotteet\/pyoraparkki-kaar\/\"]}]},{\"@type\":\"ImageObject\",\"inLanguage\":\"fi\",\"@id\":\"https:\/\/extery.com\/fi\/tuotteet\/pyoraparkki-kaar\/#primaryimage\",\"url\":\"https:\/\/extery.com\/wp-content\/uploads\/2023\/04\/Kaar-1000-3-jalgrattaparkla-bicycle-parking-web-scaled.jpg\",\"contentUrl\":\"https:\/\/extery.com\/wp-content\/uploads\/2023\/04\/Kaar-1000-3-jalgrattaparkla-bicycle-parking-web-scaled.jpg\",\"width\":2560,\"height\":1707},{\"@type\":\"BreadcrumbList\",\"@id\":\"https:\/\/extery.com\/fi\/tuotteet\/pyoraparkki-kaar\/#breadcrumb\",\"itemListElement\":[{\"@type\":\"ListItem\",\"position\":1,\"name\":\"Home\",\"item\":\"https:\/\/extery.com\/fi\/\"},{\"@type\":\"ListItem\",\"position\":2,\"name\":\"Tuotteet\",\"item\":\"https:\/\/extery.com\/fi\/tuotteet\/\"},{\"@type\":\"ListItem\",\"position\":3,\"name\":\"py\u00f6r\u00e4parkki Kaar\"}]},{\"@type\":\"WebSite\",\"@id\":\"https:\/\/extery.com\/fi\/#website\",\"url\":\"https:\/\/extery.com\/fi\/\",\"name\":\"Extery\",\"description\":\"\",\"publisher\":{\"@id\":\"https:\/\/extery.com\/fi\/#organization\"},\"potentialAction\":[{\"@type\":\"SearchAction\",\"target\":{\"@type\":\"EntryPoint\",\"urlTemplate\":\"https:\/\/extery.com\/fi\/?s={search_term_string}\"},\"query-input\":{\"@type\":\"PropertyValueSpecification\",\"valueRequired\":true,\"valueName\":\"search_term_string\"}}],\"inLanguage\":\"fi\"},{\"@type\":\"Organization\",\"@id\":\"https:\/\/extery.com\/fi\/#organization\",\"name\":\"Extery\",\"url\":\"https:\/\/extery.com\/fi\/\",\"logo\":{\"@type\":\"ImageObject\",\"inLanguage\":\"fi\",\"@id\":\"https:\/\/extery.com\/fi\/#\/schema\/logo\/image\/\",\"url\":\"https:\/\/extery.com\/wp-content\/uploads\/2023\/11\/footer-logo.svg\",\"contentUrl\":\"https:\/\/extery.com\/wp-content\/uploads\/2023\/11\/footer-logo.svg\",\"caption\":\"Extery\"},\"image\":{\"@id\":\"https:\/\/extery.com\/fi\/#\/schema\/logo\/image\/\"}}]}<\/script>\n<!-- \/ Yoast SEO plugin. -->","yoast_head_json":{"title":"Py\u00f6r\u00e4parkki KAAR","description":"Py\u00f6r\u00e4parkki Kaaron suunniteltu erityisesti pienille py\u00f6r\u00e4ilyn yst\u00e4ville. Kaar Mini py\u00f6r\u00e4parkki on muodoltaan yksinkertainen, toimiva ja vahva.","robots":{"index":"index","follow":"follow","max-snippet":"max-snippet:-1","max-image-preview":"max-image-preview:large","max-video-preview":"max-video-preview:-1"},"canonical":"https:\/\/extery.com\/fi\/tuotteet\/pyoraparkki-kaar\/","og_locale":"fi_FI","og_type":"article","og_title":"Py\u00f6r\u00e4parkki KAAR","og_description":"Py\u00f6r\u00e4parkki Kaaron suunniteltu erityisesti pienille py\u00f6r\u00e4ilyn yst\u00e4ville. Kaar Mini py\u00f6r\u00e4parkki on muodoltaan yksinkertainen, toimiva ja vahva.","og_url":"https:\/\/extery.com\/fi\/tuotteet\/pyoraparkki-kaar\/","og_site_name":"Extery","article_modified_time":"2026-03-19T11:18:06+00:00","og_image":[{"width":2560,"height":1707,"url":"https:\/\/extery.com\/wp-content\/uploads\/2023\/04\/Kaar-1000-3-jalgrattaparkla-bicycle-parking-web-scaled.jpg","type":"image\/jpeg"}],"twitter_card":"summary_large_image","twitter_misc":{"Arvioitu lukuaika":"1 minuutti"},"schema":{"@context":"https:\/\/schema.org","@graph":[{"@type":"WebPage","@id":"https:\/\/extery.com\/fi\/tuotteet\/pyoraparkki-kaar\/","url":"https:\/\/extery.com\/fi\/tuotteet\/pyoraparkki-kaar\/","name":"Py\u00f6r\u00e4parkki KAAR","isPartOf":{"@id":"https:\/\/extery.com\/fi\/#website"},"primaryImageOfPage":{"@id":"https:\/\/extery.com\/fi\/tuotteet\/pyoraparkki-kaar\/#primaryimage"},"image":{"@id":"https:\/\/extery.com\/fi\/tuotteet\/pyoraparkki-kaar\/#primaryimage"},"thumbnailUrl":"https:\/\/extery.com\/wp-content\/uploads\/2023\/04\/Kaar-1000-3-jalgrattaparkla-bicycle-parking-web-scaled.jpg","datePublished":"2023-04-21T09:53:41+00:00","dateModified":"2026-03-19T11:18:06+00:00","description":"Py\u00f6r\u00e4parkki Kaaron suunniteltu erityisesti pienille py\u00f6r\u00e4ilyn yst\u00e4ville. Kaar Mini py\u00f6r\u00e4parkki on muodoltaan yksinkertainen, toimiva ja vahva.","breadcrumb":{"@id":"https:\/\/extery.com\/fi\/tuotteet\/pyoraparkki-kaar\/#breadcrumb"},"inLanguage":"fi","potentialAction":[{"@type":"ReadAction","target":["https:\/\/extery.com\/fi\/tuotteet\/pyoraparkki-kaar\/"]}]},{"@type":"ImageObject","inLanguage":"fi","@id":"https:\/\/extery.com\/fi\/tuotteet\/pyoraparkki-kaar\/#primaryimage","url":"https:\/\/extery.com\/wp-content\/uploads\/2023\/04\/Kaar-1000-3-jalgrattaparkla-bicycle-parking-web-scaled.jpg","contentUrl":"https:\/\/extery.com\/wp-content\/uploads\/2023\/04\/Kaar-1000-3-jalgrattaparkla-bicycle-parking-web-scaled.jpg","width":2560,"height":1707},{"@type":"BreadcrumbList","@id":"https:\/\/extery.com\/fi\/tuotteet\/pyoraparkki-kaar\/#breadcrumb","itemListElement":[{"@type":"ListItem","position":1,"name":"Home","item":"https:\/\/extery.com\/fi\/"},{"@type":"ListItem","position":2,"name":"Tuotteet","item":"https:\/\/extery.com\/fi\/tuotteet\/"},{"@type":"ListItem","position":3,"name":"py\u00f6r\u00e4parkki Kaar"}]},{"@type":"WebSite","@id":"https:\/\/extery.com\/fi\/#website","url":"https:\/\/extery.com\/fi\/","name":"Extery","description":"","publisher":{"@id":"https:\/\/extery.com\/fi\/#organization"},"potentialAction":[{"@type":"SearchAction","target":{"@type":"EntryPoint","urlTemplate":"https:\/\/extery.com\/fi\/?s={search_term_string}"},"query-input":{"@type":"PropertyValueSpecification","valueRequired":true,"valueName":"search_term_string"}}],"inLanguage":"fi"},{"@type":"Organization","@id":"https:\/\/extery.com\/fi\/#organization","name":"Extery","url":"https:\/\/extery.com\/fi\/","logo":{"@type":"ImageObject","inLanguage":"fi","@id":"https:\/\/extery.com\/fi\/#\/schema\/logo\/image\/","url":"https:\/\/extery.com\/wp-content\/uploads\/2023\/11\/footer-logo.svg","contentUrl":"https:\/\/extery.com\/wp-content\/uploads\/2023\/11\/footer-logo.svg","caption":"Extery"},"image":{"@id":"https:\/\/extery.com\/fi\/#\/schema\/logo\/image\/"}}]}},"_links":{"self":[{"href":"https:\/\/extery.com\/fi\/wp-json\/wp\/v2\/product\/23061","targetHints":{"allow":["GET"]}}],"collection":[{"href":"https:\/\/extery.com\/fi\/wp-json\/wp\/v2\/product"}],"about":[{"href":"https:\/\/extery.com\/fi\/wp-json\/wp\/v2\/types\/product"}],"replies":[{"embeddable":true,"href":"https:\/\/extery.com\/fi\/wp-json\/wp\/v2\/comments?post=23061"}],"wp:featuredmedia":[{"embeddable":true,"href":"https:\/\/extery.com\/fi\/wp-json\/wp\/v2\/media\/23110"}],"wp:attachment":[{"href":"https:\/\/extery.com\/fi\/wp-json\/wp\/v2\/media?parent=23061"}],"wp:term":[{"taxonomy":"product_brand","embeddable":true,"href":"https:\/\/extery.com\/fi\/wp-json\/wp\/v2\/product_brand?post=23061"},{"taxonomy":"product_cat","embeddable":true,"href":"https:\/\/extery.com\/fi\/wp-json\/wp\/v2\/product_cat?post=23061"},{"taxonomy":"product_tag","embeddable":true,"href":"https:\/\/extery.com\/fi\/wp-json\/wp\/v2\/product_tag?post=23061"}],"curies":[{"name":"wp","href":"https:\/\/api.w.org\/{rel}","templated":true}]}}