{"id":25079,"date":"2023-05-31T11:06:16","date_gmt":"2023-05-31T11:06:16","guid":{"rendered":"https:\/\/extery.com\/?post_type=product&#038;p=25079"},"modified":"2026-04-07T12:58:22","modified_gmt":"2026-04-07T12:58:22","slug":"tuoli-veer","status":"publish","type":"product","link":"https:\/\/extery.com\/fi\/tuotteet\/tuoli-veer\/","title":{"rendered":"tuoli VEER"},"content":{"rendered":"<p>Tuoli Veer sopii selke\u00e4n, valoa ja ilmaa siivil\u00f6iv\u00e4n muotoilunsa ansiosta niin herk\u00e4ksi osaksi ymp\u00e4r\u00f6iv\u00e4\u00e4 arkkitehtuuria kuin luomaan miellytt\u00e4v\u00e4n kontrastin luonnolliseen milj\u00f6\u00f6seen. K\u00e4yt\u00e4nn\u00f6llinen muotoilu mahdollistaa penkill\u00e4 lep\u00e4ilyn monissa mukavissa asennoissa. Istuimen ominaispiirre on sen selk\u00e4nojan p\u00e4\u00e4ttyminen tasoon, joka on juuri oikealla korkeudella k\u00e4den nojaamiseen puhelinta, kahvikuppia tai kirjaa pidelless\u00e4. Pehme\u00e4 muotoilu saa istuimen muistuttamaan olohuoneen sohvaa, luoden kotoisuutta julkisille paikoille. Tuoli Veer sopii el\u00e4v\u00f6itt\u00e4m\u00e4\u00e4n ja tuomaan dynamiikkaa kaikenlaisiin julkisiin ulkotiloihin.<\/p>\n<p>Veer-tuoteperheen tuotteet ovat saatavissa kolmessa eri vakioleveydess\u00e4: klassinen puistonpenkki, jonka muotoilu on hiukan sohvamainen; nojatuolikoko, joka tarjoaa monipuolisesti vaihtoehtoja kalusteiden sommitteluun; ja v\u00e4limallin kahden istuttava koko, joka on ihanteellinen sek\u00e4 oleskeluun yksin ett\u00e4 yhdess\u00e4 kumppanin kanssa. <span style=\"color: #0000ff;\"><strong><a style=\"color: #0000ff;\" href=\"https:\/\/extery.com\/fi\/tuoteperheet\/#veer-fi\"><u>Klikkaa t\u00e4st\u00e4<\/u><\/a><\/strong><\/span> n\u00e4hd\u00e4ksesi lis\u00e4\u00e4 Veer-tuoteperheen tuotteita. Extery-kaupunkikalusteet luovat eloisuutta mihin tahansa julkiseen ulkotilaan ja ovat juuri omiaan tuomaan maisemaan \u201dsit\u00e4 jotakin\u201d &#8211; tehden ulkotilasta kiehtovamman ja kutsuvamman.<\/p>\n<p>Tee ymp\u00e4rist\u00f6st\u00e4si kauniimpi ja k\u00e4yt\u00e4nn\u00f6llisempi ja valitse Veer-istuinryhm\u00e4 seuraavaan kaupunkikohteeseesi!<\/p>\n","protected":false},"excerpt":{"rendered":"<p>Tuoli Veer sopii selke\u00e4n, valoa ja ilmaa siivil\u00f6iv\u00e4n muotoilunsa ansiosta niin herk\u00e4ksi osaksi ymp\u00e4r\u00f6iv\u00e4\u00e4 arkkitehtuuria kuin luomaan miellytt\u00e4v\u00e4n kontrastin luonnolliseen milj\u00f6\u00f6seen. K\u00e4yt\u00e4nn\u00f6llinen muotoilu mahdollistaa penkill\u00e4 lep\u00e4ilyn monissa mukavissa asennoissa. Istuimen ominaispiirre on sen selk\u00e4nojan p\u00e4\u00e4ttyminen tasoon, joka on juuri oikealla korkeudella k\u00e4den nojaamiseen puhelinta, kahvikuppia tai kirjaa pidelless\u00e4. Pehme\u00e4 muotoilu saa istuimen muistuttamaan olohuoneen sohvaa, [&hellip;]<\/p>\n","protected":false},"featured_media":55703,"comment_status":"open","ping_status":"closed","template":"","meta":{"_acf_changed":false},"product_brand":[],"product_cat":[105],"product_tag":[],"class_list":{"0":"post-25079","1":"product","2":"type-product","3":"status-publish","4":"has-post-thumbnail","6":"product_cat-tuolit","7":"product-family-veer-fi","9":"first","10":"instock","11":"shipping-taxable","12":"product-type-simple"},"acf":[],"yoast_head":"<!-- This site is optimized with the Yoast SEO plugin v26.4 - https:\/\/yoast.com\/wordpress\/plugins\/seo\/ -->\n<title>tuoli VEER - Extery puisto- ja kadunkalusteet<\/title>\n<meta name=\"description\" content=\"Tuoli Veer sopii el\u00e4v\u00f6itt\u00e4m\u00e4\u00e4n ja tuomaan dynamiikkaa kaikenlaisiin julkisiin ulkotiloihin. L\u00f6yd\u00e4 parhaat kaupunkihuonekaluvalikoimastamme!\" \/>\n<meta name=\"robots\" content=\"index, follow, max-snippet:-1, max-image-preview:large, max-video-preview:-1\" \/>\n<link rel=\"canonical\" href=\"https:\/\/extery.com\/fi\/tuotteet\/tuoli-veer\/\" \/>\n<meta property=\"og:locale\" content=\"fi_FI\" \/>\n<meta property=\"og:type\" content=\"article\" \/>\n<meta property=\"og:title\" content=\"tuoli VEER - Extery puisto- ja kadunkalusteet\" \/>\n<meta property=\"og:description\" content=\"Tuoli Veer sopii el\u00e4v\u00f6itt\u00e4m\u00e4\u00e4n ja tuomaan dynamiikkaa kaikenlaisiin julkisiin ulkotiloihin. L\u00f6yd\u00e4 parhaat kaupunkihuonekaluvalikoimastamme!\" \/>\n<meta property=\"og:url\" content=\"https:\/\/extery.com\/fi\/tuotteet\/tuoli-veer\/\" \/>\n<meta property=\"og:site_name\" content=\"Extery\" \/>\n<meta property=\"article:modified_time\" content=\"2026-04-07T12:58:22+00:00\" \/>\n<meta property=\"og:image\" content=\"https:\/\/extery.com\/wp-content\/uploads\/2026\/01\/Veer-tool-roosa-v1_jt2-EXTERY-urban-furniture-park-bench-pargipink-puistonpenkki-sols.jpg\" \/>\n\t<meta property=\"og:image:width\" content=\"1440\" \/>\n\t<meta property=\"og:image:height\" content=\"960\" \/>\n\t<meta property=\"og:image:type\" content=\"image\/jpeg\" \/>\n<meta name=\"twitter:card\" content=\"summary_large_image\" \/>\n<meta name=\"twitter:label1\" content=\"Arvioitu lukuaika\" \/>\n\t<meta name=\"twitter:data1\" content=\"1 minuutti\" \/>\n<script type=\"application\/ld+json\" class=\"yoast-schema-graph\">{\"@context\":\"https:\/\/schema.org\",\"@graph\":[{\"@type\":\"WebPage\",\"@id\":\"https:\/\/extery.com\/fi\/tuotteet\/tuoli-veer\/\",\"url\":\"https:\/\/extery.com\/fi\/tuotteet\/tuoli-veer\/\",\"name\":\"tuoli VEER - Extery puisto- ja kadunkalusteet\",\"isPartOf\":{\"@id\":\"https:\/\/extery.com\/fi\/#website\"},\"primaryImageOfPage\":{\"@id\":\"https:\/\/extery.com\/fi\/tuotteet\/tuoli-veer\/#primaryimage\"},\"image\":{\"@id\":\"https:\/\/extery.com\/fi\/tuotteet\/tuoli-veer\/#primaryimage\"},\"thumbnailUrl\":\"https:\/\/extery.com\/wp-content\/uploads\/2026\/01\/Veer-tool-roosa-v1_jt2-EXTERY-urban-furniture-park-bench-pargipink-puistonpenkki-sols.jpg\",\"datePublished\":\"2023-05-31T11:06:16+00:00\",\"dateModified\":\"2026-04-07T12:58:22+00:00\",\"description\":\"Tuoli Veer sopii el\u00e4v\u00f6itt\u00e4m\u00e4\u00e4n ja tuomaan dynamiikkaa kaikenlaisiin julkisiin ulkotiloihin. L\u00f6yd\u00e4 parhaat kaupunkihuonekaluvalikoimastamme!\",\"breadcrumb\":{\"@id\":\"https:\/\/extery.com\/fi\/tuotteet\/tuoli-veer\/#breadcrumb\"},\"inLanguage\":\"fi\",\"potentialAction\":[{\"@type\":\"ReadAction\",\"target\":[\"https:\/\/extery.com\/fi\/tuotteet\/tuoli-veer\/\"]}]},{\"@type\":\"ImageObject\",\"inLanguage\":\"fi\",\"@id\":\"https:\/\/extery.com\/fi\/tuotteet\/tuoli-veer\/#primaryimage\",\"url\":\"https:\/\/extery.com\/wp-content\/uploads\/2026\/01\/Veer-tool-roosa-v1_jt2-EXTERY-urban-furniture-park-bench-pargipink-puistonpenkki-sols.jpg\",\"contentUrl\":\"https:\/\/extery.com\/wp-content\/uploads\/2026\/01\/Veer-tool-roosa-v1_jt2-EXTERY-urban-furniture-park-bench-pargipink-puistonpenkki-sols.jpg\",\"width\":1440,\"height\":960},{\"@type\":\"BreadcrumbList\",\"@id\":\"https:\/\/extery.com\/fi\/tuotteet\/tuoli-veer\/#breadcrumb\",\"itemListElement\":[{\"@type\":\"ListItem\",\"position\":1,\"name\":\"Home\",\"item\":\"https:\/\/extery.com\/fi\/\"},{\"@type\":\"ListItem\",\"position\":2,\"name\":\"Tuotteet\",\"item\":\"https:\/\/extery.com\/fi\/tuotteet\/\"},{\"@type\":\"ListItem\",\"position\":3,\"name\":\"tuoli VEER\"}]},{\"@type\":\"WebSite\",\"@id\":\"https:\/\/extery.com\/fi\/#website\",\"url\":\"https:\/\/extery.com\/fi\/\",\"name\":\"Extery\",\"description\":\"\",\"publisher\":{\"@id\":\"https:\/\/extery.com\/fi\/#organization\"},\"potentialAction\":[{\"@type\":\"SearchAction\",\"target\":{\"@type\":\"EntryPoint\",\"urlTemplate\":\"https:\/\/extery.com\/fi\/?s={search_term_string}\"},\"query-input\":{\"@type\":\"PropertyValueSpecification\",\"valueRequired\":true,\"valueName\":\"search_term_string\"}}],\"inLanguage\":\"fi\"},{\"@type\":\"Organization\",\"@id\":\"https:\/\/extery.com\/fi\/#organization\",\"name\":\"Extery\",\"url\":\"https:\/\/extery.com\/fi\/\",\"logo\":{\"@type\":\"ImageObject\",\"inLanguage\":\"fi\",\"@id\":\"https:\/\/extery.com\/fi\/#\/schema\/logo\/image\/\",\"url\":\"https:\/\/extery.com\/wp-content\/uploads\/2023\/11\/footer-logo.svg\",\"contentUrl\":\"https:\/\/extery.com\/wp-content\/uploads\/2023\/11\/footer-logo.svg\",\"caption\":\"Extery\"},\"image\":{\"@id\":\"https:\/\/extery.com\/fi\/#\/schema\/logo\/image\/\"}}]}<\/script>\n<!-- \/ Yoast SEO plugin. -->","yoast_head_json":{"title":"tuoli VEER - Extery puisto- ja kadunkalusteet","description":"Tuoli Veer sopii el\u00e4v\u00f6itt\u00e4m\u00e4\u00e4n ja tuomaan dynamiikkaa kaikenlaisiin julkisiin ulkotiloihin. L\u00f6yd\u00e4 parhaat kaupunkihuonekaluvalikoimastamme!","robots":{"index":"index","follow":"follow","max-snippet":"max-snippet:-1","max-image-preview":"max-image-preview:large","max-video-preview":"max-video-preview:-1"},"canonical":"https:\/\/extery.com\/fi\/tuotteet\/tuoli-veer\/","og_locale":"fi_FI","og_type":"article","og_title":"tuoli VEER - Extery puisto- ja kadunkalusteet","og_description":"Tuoli Veer sopii el\u00e4v\u00f6itt\u00e4m\u00e4\u00e4n ja tuomaan dynamiikkaa kaikenlaisiin julkisiin ulkotiloihin. L\u00f6yd\u00e4 parhaat kaupunkihuonekaluvalikoimastamme!","og_url":"https:\/\/extery.com\/fi\/tuotteet\/tuoli-veer\/","og_site_name":"Extery","article_modified_time":"2026-04-07T12:58:22+00:00","og_image":[{"width":1440,"height":960,"url":"https:\/\/extery.com\/wp-content\/uploads\/2026\/01\/Veer-tool-roosa-v1_jt2-EXTERY-urban-furniture-park-bench-pargipink-puistonpenkki-sols.jpg","type":"image\/jpeg"}],"twitter_card":"summary_large_image","twitter_misc":{"Arvioitu lukuaika":"1 minuutti"},"schema":{"@context":"https:\/\/schema.org","@graph":[{"@type":"WebPage","@id":"https:\/\/extery.com\/fi\/tuotteet\/tuoli-veer\/","url":"https:\/\/extery.com\/fi\/tuotteet\/tuoli-veer\/","name":"tuoli VEER - Extery puisto- ja kadunkalusteet","isPartOf":{"@id":"https:\/\/extery.com\/fi\/#website"},"primaryImageOfPage":{"@id":"https:\/\/extery.com\/fi\/tuotteet\/tuoli-veer\/#primaryimage"},"image":{"@id":"https:\/\/extery.com\/fi\/tuotteet\/tuoli-veer\/#primaryimage"},"thumbnailUrl":"https:\/\/extery.com\/wp-content\/uploads\/2026\/01\/Veer-tool-roosa-v1_jt2-EXTERY-urban-furniture-park-bench-pargipink-puistonpenkki-sols.jpg","datePublished":"2023-05-31T11:06:16+00:00","dateModified":"2026-04-07T12:58:22+00:00","description":"Tuoli Veer sopii el\u00e4v\u00f6itt\u00e4m\u00e4\u00e4n ja tuomaan dynamiikkaa kaikenlaisiin julkisiin ulkotiloihin. L\u00f6yd\u00e4 parhaat kaupunkihuonekaluvalikoimastamme!","breadcrumb":{"@id":"https:\/\/extery.com\/fi\/tuotteet\/tuoli-veer\/#breadcrumb"},"inLanguage":"fi","potentialAction":[{"@type":"ReadAction","target":["https:\/\/extery.com\/fi\/tuotteet\/tuoli-veer\/"]}]},{"@type":"ImageObject","inLanguage":"fi","@id":"https:\/\/extery.com\/fi\/tuotteet\/tuoli-veer\/#primaryimage","url":"https:\/\/extery.com\/wp-content\/uploads\/2026\/01\/Veer-tool-roosa-v1_jt2-EXTERY-urban-furniture-park-bench-pargipink-puistonpenkki-sols.jpg","contentUrl":"https:\/\/extery.com\/wp-content\/uploads\/2026\/01\/Veer-tool-roosa-v1_jt2-EXTERY-urban-furniture-park-bench-pargipink-puistonpenkki-sols.jpg","width":1440,"height":960},{"@type":"BreadcrumbList","@id":"https:\/\/extery.com\/fi\/tuotteet\/tuoli-veer\/#breadcrumb","itemListElement":[{"@type":"ListItem","position":1,"name":"Home","item":"https:\/\/extery.com\/fi\/"},{"@type":"ListItem","position":2,"name":"Tuotteet","item":"https:\/\/extery.com\/fi\/tuotteet\/"},{"@type":"ListItem","position":3,"name":"tuoli VEER"}]},{"@type":"WebSite","@id":"https:\/\/extery.com\/fi\/#website","url":"https:\/\/extery.com\/fi\/","name":"Extery","description":"","publisher":{"@id":"https:\/\/extery.com\/fi\/#organization"},"potentialAction":[{"@type":"SearchAction","target":{"@type":"EntryPoint","urlTemplate":"https:\/\/extery.com\/fi\/?s={search_term_string}"},"query-input":{"@type":"PropertyValueSpecification","valueRequired":true,"valueName":"search_term_string"}}],"inLanguage":"fi"},{"@type":"Organization","@id":"https:\/\/extery.com\/fi\/#organization","name":"Extery","url":"https:\/\/extery.com\/fi\/","logo":{"@type":"ImageObject","inLanguage":"fi","@id":"https:\/\/extery.com\/fi\/#\/schema\/logo\/image\/","url":"https:\/\/extery.com\/wp-content\/uploads\/2023\/11\/footer-logo.svg","contentUrl":"https:\/\/extery.com\/wp-content\/uploads\/2023\/11\/footer-logo.svg","caption":"Extery"},"image":{"@id":"https:\/\/extery.com\/fi\/#\/schema\/logo\/image\/"}}]}},"_links":{"self":[{"href":"https:\/\/extery.com\/fi\/wp-json\/wp\/v2\/product\/25079","targetHints":{"allow":["GET"]}}],"collection":[{"href":"https:\/\/extery.com\/fi\/wp-json\/wp\/v2\/product"}],"about":[{"href":"https:\/\/extery.com\/fi\/wp-json\/wp\/v2\/types\/product"}],"replies":[{"embeddable":true,"href":"https:\/\/extery.com\/fi\/wp-json\/wp\/v2\/comments?post=25079"}],"wp:featuredmedia":[{"embeddable":true,"href":"https:\/\/extery.com\/fi\/wp-json\/wp\/v2\/media\/55703"}],"wp:attachment":[{"href":"https:\/\/extery.com\/fi\/wp-json\/wp\/v2\/media?parent=25079"}],"wp:term":[{"taxonomy":"product_brand","embeddable":true,"href":"https:\/\/extery.com\/fi\/wp-json\/wp\/v2\/product_brand?post=25079"},{"taxonomy":"product_cat","embeddable":true,"href":"https:\/\/extery.com\/fi\/wp-json\/wp\/v2\/product_cat?post=25079"},{"taxonomy":"product_tag","embeddable":true,"href":"https:\/\/extery.com\/fi\/wp-json\/wp\/v2\/product_tag?post=25079"}],"curies":[{"name":"wp","href":"https:\/\/api.w.org\/{rel}","templated":true}]}}