{"id":25801,"date":"2023-06-08T10:39:48","date_gmt":"2023-06-08T10:39:48","guid":{"rendered":"https:\/\/extery.com\/?post_type=product&#038;p=25801"},"modified":"2026-04-13T12:03:32","modified_gmt":"2026-04-13T12:03:32","slug":"kukkalaatikko-jada","status":"publish","type":"product","link":"https:\/\/extery.com\/fi\/tuotteet\/kukkalaatikko-jada\/","title":{"rendered":"kukkalaatikko Jada"},"content":{"rendered":"<p>Jada-kukkalaatikon avulla on helppo luoda viihtyisi\u00e4 viheralueita kaupunkiymp\u00e4rist\u00f6\u00f6n. Ruukkuja on saatavana kolmessa koossa, mink\u00e4 ansiosta niit\u00e4 voidaan sommitella tilaan luovasti ja joustavasti. Tuotteen sis\u00e4puoli ja runko on valmistettu kuumasinkityst\u00e4 ja jauhemaalatusta ter\u00e4slevyst\u00e4, mik\u00e4 takaa sille eritt\u00e4in hyv\u00e4n kest\u00e4vyyden kosteutta ja erilaisia s\u00e4\u00e4oloja vastaan.<br \/>\nKorkealaatuiset, oksattomasta puusta valmistetut osat astian ulkosivuilla lis\u00e4\u00e4v\u00e4t luonnollisen s\u00e4v\u00e4yksen ja pehme\u00e4mm\u00e4n ilmeen tuotteelle.<\/p>\n<p>Jada-kukkalaatikko tuo mukanaan palan luontoa ja ripauksen l\u00e4mp\u00f6\u00e4 kylmimp\u00e4\u00e4nkin arkkitehtuuriin.<\/p>\n","protected":false},"excerpt":{"rendered":"<p>Jada-kukkalaatikon avulla on helppo luoda viihtyisi\u00e4 viheralueita kaupunkiymp\u00e4rist\u00f6\u00f6n. Ruukkuja on saatavana kolmessa koossa, mink\u00e4 ansiosta niit\u00e4 voidaan sommitella tilaan luovasti ja joustavasti. Tuotteen sis\u00e4puoli ja runko on valmistettu kuumasinkityst\u00e4 ja jauhemaalatusta ter\u00e4slevyst\u00e4, mik\u00e4 takaa sille eritt\u00e4in hyv\u00e4n kest\u00e4vyyden kosteutta ja erilaisia s\u00e4\u00e4oloja vastaan. Korkealaatuiset, oksattomasta puusta valmistetut osat astian ulkosivuilla lis\u00e4\u00e4v\u00e4t luonnollisen s\u00e4v\u00e4yksen ja pehme\u00e4mm\u00e4n [&hellip;]<\/p>\n","protected":false},"featured_media":25886,"comment_status":"open","ping_status":"closed","template":"","meta":{"_acf_changed":false},"product_brand":[],"product_cat":[121],"product_tag":[],"class_list":{"0":"post-25801","1":"product","2":"type-product","3":"status-publish","4":"has-post-thumbnail","6":"product_cat-kaupunkielementit","7":"product-family-jada-fi","9":"first","10":"instock","11":"shipping-taxable","12":"product-type-simple"},"acf":[],"yoast_head":"<!-- This site is optimized with the Yoast SEO plugin v26.4 - https:\/\/yoast.com\/wordpress\/plugins\/seo\/ -->\n<title>kukkalaatikko Jada - Extery kaupunkikalusteet<\/title>\n<meta name=\"description\" content=\"Kukkalaatikko Jada muotoilu on yksinkertaista tyyli\u00e4, jolla voit luoda mukavia vihernurkkauksia kaupunkikuvaan.\" \/>\n<meta name=\"robots\" content=\"index, follow, max-snippet:-1, max-image-preview:large, max-video-preview:-1\" \/>\n<link rel=\"canonical\" href=\"https:\/\/extery.com\/fi\/tuotteet\/kukkalaatikko-jada\/\" \/>\n<meta property=\"og:locale\" content=\"fi_FI\" \/>\n<meta property=\"og:type\" content=\"article\" \/>\n<meta property=\"og:title\" content=\"kukkalaatikko Jada - Extery kaupunkikalusteet\" \/>\n<meta property=\"og:description\" content=\"Kukkalaatikko Jada muotoilu on yksinkertaista tyyli\u00e4, jolla voit luoda mukavia vihernurkkauksia kaupunkikuvaan.\" \/>\n<meta property=\"og:url\" content=\"https:\/\/extery.com\/fi\/tuotteet\/kukkalaatikko-jada\/\" \/>\n<meta property=\"og:site_name\" content=\"Extery\" \/>\n<meta property=\"article:modified_time\" content=\"2026-04-13T12:03:32+00:00\" \/>\n<meta property=\"og:image\" content=\"https:\/\/extery.com\/wp-content\/uploads\/2023\/06\/EXtery-Jada-planter-plants.jpg\" \/>\n\t<meta property=\"og:image:width\" content=\"1875\" \/>\n\t<meta property=\"og:image:height\" content=\"1250\" \/>\n\t<meta property=\"og:image:type\" content=\"image\/jpeg\" \/>\n<meta name=\"twitter:card\" content=\"summary_large_image\" \/>\n<meta name=\"twitter:label1\" content=\"Arvioitu lukuaika\" \/>\n\t<meta name=\"twitter:data1\" content=\"1 minuutti\" \/>\n<script type=\"application\/ld+json\" class=\"yoast-schema-graph\">{\"@context\":\"https:\/\/schema.org\",\"@graph\":[{\"@type\":\"WebPage\",\"@id\":\"https:\/\/extery.com\/fi\/tuotteet\/kukkalaatikko-jada\/\",\"url\":\"https:\/\/extery.com\/fi\/tuotteet\/kukkalaatikko-jada\/\",\"name\":\"kukkalaatikko Jada - Extery kaupunkikalusteet\",\"isPartOf\":{\"@id\":\"https:\/\/extery.com\/fi\/#website\"},\"primaryImageOfPage\":{\"@id\":\"https:\/\/extery.com\/fi\/tuotteet\/kukkalaatikko-jada\/#primaryimage\"},\"image\":{\"@id\":\"https:\/\/extery.com\/fi\/tuotteet\/kukkalaatikko-jada\/#primaryimage\"},\"thumbnailUrl\":\"https:\/\/extery.com\/wp-content\/uploads\/2023\/06\/EXtery-Jada-planter-plants.jpg\",\"datePublished\":\"2023-06-08T10:39:48+00:00\",\"dateModified\":\"2026-04-13T12:03:32+00:00\",\"description\":\"Kukkalaatikko Jada muotoilu on yksinkertaista tyyli\u00e4, jolla voit luoda mukavia vihernurkkauksia kaupunkikuvaan.\",\"breadcrumb\":{\"@id\":\"https:\/\/extery.com\/fi\/tuotteet\/kukkalaatikko-jada\/#breadcrumb\"},\"inLanguage\":\"fi\",\"potentialAction\":[{\"@type\":\"ReadAction\",\"target\":[\"https:\/\/extery.com\/fi\/tuotteet\/kukkalaatikko-jada\/\"]}]},{\"@type\":\"ImageObject\",\"inLanguage\":\"fi\",\"@id\":\"https:\/\/extery.com\/fi\/tuotteet\/kukkalaatikko-jada\/#primaryimage\",\"url\":\"https:\/\/extery.com\/wp-content\/uploads\/2023\/06\/EXtery-Jada-planter-plants.jpg\",\"contentUrl\":\"https:\/\/extery.com\/wp-content\/uploads\/2023\/06\/EXtery-Jada-planter-plants.jpg\",\"width\":1875,\"height\":1250},{\"@type\":\"BreadcrumbList\",\"@id\":\"https:\/\/extery.com\/fi\/tuotteet\/kukkalaatikko-jada\/#breadcrumb\",\"itemListElement\":[{\"@type\":\"ListItem\",\"position\":1,\"name\":\"Home\",\"item\":\"https:\/\/extery.com\/fi\/\"},{\"@type\":\"ListItem\",\"position\":2,\"name\":\"Tuotteet\",\"item\":\"https:\/\/extery.com\/fi\/tuotteet\/\"},{\"@type\":\"ListItem\",\"position\":3,\"name\":\"kukkalaatikko Jada\"}]},{\"@type\":\"WebSite\",\"@id\":\"https:\/\/extery.com\/fi\/#website\",\"url\":\"https:\/\/extery.com\/fi\/\",\"name\":\"Extery\",\"description\":\"\",\"publisher\":{\"@id\":\"https:\/\/extery.com\/fi\/#organization\"},\"potentialAction\":[{\"@type\":\"SearchAction\",\"target\":{\"@type\":\"EntryPoint\",\"urlTemplate\":\"https:\/\/extery.com\/fi\/?s={search_term_string}\"},\"query-input\":{\"@type\":\"PropertyValueSpecification\",\"valueRequired\":true,\"valueName\":\"search_term_string\"}}],\"inLanguage\":\"fi\"},{\"@type\":\"Organization\",\"@id\":\"https:\/\/extery.com\/fi\/#organization\",\"name\":\"Extery\",\"url\":\"https:\/\/extery.com\/fi\/\",\"logo\":{\"@type\":\"ImageObject\",\"inLanguage\":\"fi\",\"@id\":\"https:\/\/extery.com\/fi\/#\/schema\/logo\/image\/\",\"url\":\"https:\/\/extery.com\/wp-content\/uploads\/2023\/11\/footer-logo.svg\",\"contentUrl\":\"https:\/\/extery.com\/wp-content\/uploads\/2023\/11\/footer-logo.svg\",\"caption\":\"Extery\"},\"image\":{\"@id\":\"https:\/\/extery.com\/fi\/#\/schema\/logo\/image\/\"}}]}<\/script>\n<!-- \/ Yoast SEO plugin. -->","yoast_head_json":{"title":"kukkalaatikko Jada - Extery kaupunkikalusteet","description":"Kukkalaatikko Jada muotoilu on yksinkertaista tyyli\u00e4, jolla voit luoda mukavia vihernurkkauksia kaupunkikuvaan.","robots":{"index":"index","follow":"follow","max-snippet":"max-snippet:-1","max-image-preview":"max-image-preview:large","max-video-preview":"max-video-preview:-1"},"canonical":"https:\/\/extery.com\/fi\/tuotteet\/kukkalaatikko-jada\/","og_locale":"fi_FI","og_type":"article","og_title":"kukkalaatikko Jada - Extery kaupunkikalusteet","og_description":"Kukkalaatikko Jada muotoilu on yksinkertaista tyyli\u00e4, jolla voit luoda mukavia vihernurkkauksia kaupunkikuvaan.","og_url":"https:\/\/extery.com\/fi\/tuotteet\/kukkalaatikko-jada\/","og_site_name":"Extery","article_modified_time":"2026-04-13T12:03:32+00:00","og_image":[{"width":1875,"height":1250,"url":"https:\/\/extery.com\/wp-content\/uploads\/2023\/06\/EXtery-Jada-planter-plants.jpg","type":"image\/jpeg"}],"twitter_card":"summary_large_image","twitter_misc":{"Arvioitu lukuaika":"1 minuutti"},"schema":{"@context":"https:\/\/schema.org","@graph":[{"@type":"WebPage","@id":"https:\/\/extery.com\/fi\/tuotteet\/kukkalaatikko-jada\/","url":"https:\/\/extery.com\/fi\/tuotteet\/kukkalaatikko-jada\/","name":"kukkalaatikko Jada - Extery kaupunkikalusteet","isPartOf":{"@id":"https:\/\/extery.com\/fi\/#website"},"primaryImageOfPage":{"@id":"https:\/\/extery.com\/fi\/tuotteet\/kukkalaatikko-jada\/#primaryimage"},"image":{"@id":"https:\/\/extery.com\/fi\/tuotteet\/kukkalaatikko-jada\/#primaryimage"},"thumbnailUrl":"https:\/\/extery.com\/wp-content\/uploads\/2023\/06\/EXtery-Jada-planter-plants.jpg","datePublished":"2023-06-08T10:39:48+00:00","dateModified":"2026-04-13T12:03:32+00:00","description":"Kukkalaatikko Jada muotoilu on yksinkertaista tyyli\u00e4, jolla voit luoda mukavia vihernurkkauksia kaupunkikuvaan.","breadcrumb":{"@id":"https:\/\/extery.com\/fi\/tuotteet\/kukkalaatikko-jada\/#breadcrumb"},"inLanguage":"fi","potentialAction":[{"@type":"ReadAction","target":["https:\/\/extery.com\/fi\/tuotteet\/kukkalaatikko-jada\/"]}]},{"@type":"ImageObject","inLanguage":"fi","@id":"https:\/\/extery.com\/fi\/tuotteet\/kukkalaatikko-jada\/#primaryimage","url":"https:\/\/extery.com\/wp-content\/uploads\/2023\/06\/EXtery-Jada-planter-plants.jpg","contentUrl":"https:\/\/extery.com\/wp-content\/uploads\/2023\/06\/EXtery-Jada-planter-plants.jpg","width":1875,"height":1250},{"@type":"BreadcrumbList","@id":"https:\/\/extery.com\/fi\/tuotteet\/kukkalaatikko-jada\/#breadcrumb","itemListElement":[{"@type":"ListItem","position":1,"name":"Home","item":"https:\/\/extery.com\/fi\/"},{"@type":"ListItem","position":2,"name":"Tuotteet","item":"https:\/\/extery.com\/fi\/tuotteet\/"},{"@type":"ListItem","position":3,"name":"kukkalaatikko Jada"}]},{"@type":"WebSite","@id":"https:\/\/extery.com\/fi\/#website","url":"https:\/\/extery.com\/fi\/","name":"Extery","description":"","publisher":{"@id":"https:\/\/extery.com\/fi\/#organization"},"potentialAction":[{"@type":"SearchAction","target":{"@type":"EntryPoint","urlTemplate":"https:\/\/extery.com\/fi\/?s={search_term_string}"},"query-input":{"@type":"PropertyValueSpecification","valueRequired":true,"valueName":"search_term_string"}}],"inLanguage":"fi"},{"@type":"Organization","@id":"https:\/\/extery.com\/fi\/#organization","name":"Extery","url":"https:\/\/extery.com\/fi\/","logo":{"@type":"ImageObject","inLanguage":"fi","@id":"https:\/\/extery.com\/fi\/#\/schema\/logo\/image\/","url":"https:\/\/extery.com\/wp-content\/uploads\/2023\/11\/footer-logo.svg","contentUrl":"https:\/\/extery.com\/wp-content\/uploads\/2023\/11\/footer-logo.svg","caption":"Extery"},"image":{"@id":"https:\/\/extery.com\/fi\/#\/schema\/logo\/image\/"}}]}},"_links":{"self":[{"href":"https:\/\/extery.com\/fi\/wp-json\/wp\/v2\/product\/25801","targetHints":{"allow":["GET"]}}],"collection":[{"href":"https:\/\/extery.com\/fi\/wp-json\/wp\/v2\/product"}],"about":[{"href":"https:\/\/extery.com\/fi\/wp-json\/wp\/v2\/types\/product"}],"replies":[{"embeddable":true,"href":"https:\/\/extery.com\/fi\/wp-json\/wp\/v2\/comments?post=25801"}],"wp:featuredmedia":[{"embeddable":true,"href":"https:\/\/extery.com\/fi\/wp-json\/wp\/v2\/media\/25886"}],"wp:attachment":[{"href":"https:\/\/extery.com\/fi\/wp-json\/wp\/v2\/media?parent=25801"}],"wp:term":[{"taxonomy":"product_brand","embeddable":true,"href":"https:\/\/extery.com\/fi\/wp-json\/wp\/v2\/product_brand?post=25801"},{"taxonomy":"product_cat","embeddable":true,"href":"https:\/\/extery.com\/fi\/wp-json\/wp\/v2\/product_cat?post=25801"},{"taxonomy":"product_tag","embeddable":true,"href":"https:\/\/extery.com\/fi\/wp-json\/wp\/v2\/product_tag?post=25801"}],"curies":[{"name":"wp","href":"https:\/\/api.w.org\/{rel}","templated":true}]}}