{"id":3329,"date":"2020-11-11T10:12:14","date_gmt":"2020-11-11T10:12:14","guid":{"rendered":"https:\/\/extery.com\/?post_type=product&#038;p=3329"},"modified":"2026-04-07T11:46:22","modified_gmt":"2026-04-07T11:46:22","slug":"penkki-tava-ilman-selkanojaa","status":"publish","type":"product","link":"https:\/\/extery.com\/fi\/tuotteet\/penkki-tava-ilman-selkanojaa\/","title":{"rendered":"penkki Tava, ilman selk\u00e4nojaa"},"content":{"rendered":"<p>Penkki TAVA on kehitetty sopivaksi sek\u00e4 arkkitehtoniseen kaupunkiymp\u00e4rist\u00f6\u00f6n ett\u00e4 ker\u00e4\u00e4m\u00e4\u00e4n katseita toisaalla rauhallisessa ymp\u00e4rist\u00f6ss\u00e4. Penkin vakaa rakenne on saatu yhdist\u00e4m\u00e4ll\u00e4 viisaasti ter\u00e4st\u00e4 sek\u00e4 leve\u00e4\u00e4 ja vahvaa puumateriaalia.<br \/>\nSuunnittelijan visiosta on syntynyt abstrakti, huoliteltu ja kutsuva tuote, joka tarjoaa kaupungissa k\u00e4veleville ihmisille turvallisen paikan olla hetken omien ajatustensa parissa.<\/p>\n","protected":false},"excerpt":{"rendered":"<p>Penkki TAVA on kehitetty sopivaksi sek\u00e4 arkkitehtoniseen kaupunkiymp\u00e4rist\u00f6\u00f6n ett\u00e4 ker\u00e4\u00e4m\u00e4\u00e4n katseita toisaalla rauhallisessa ymp\u00e4rist\u00f6ss\u00e4. Penkin vakaa rakenne on saatu yhdist\u00e4m\u00e4ll\u00e4 viisaasti ter\u00e4st\u00e4 sek\u00e4 leve\u00e4\u00e4 ja vahvaa puumateriaalia. Suunnittelijan visiosta on syntynyt abstrakti, huoliteltu ja kutsuva tuote, joka tarjoaa kaupungissa k\u00e4veleville ihmisille turvallisen paikan olla hetken omien ajatustensa parissa.<\/p>\n","protected":false},"featured_media":10548,"comment_status":"open","ping_status":"closed","template":"","meta":{"_acf_changed":false},"product_brand":[],"product_cat":[90],"product_tag":[],"class_list":{"0":"post-3329","1":"product","2":"type-product","3":"status-publish","4":"has-post-thumbnail","6":"product_cat-penkit-ilman-selkanojaa","7":"product-family-tava-fi","9":"first","10":"instock","11":"shipping-taxable","12":"product-type-simple"},"acf":[],"yoast_head":"<!-- This site is optimized with the Yoast SEO plugin v26.4 - https:\/\/yoast.com\/wordpress\/plugins\/seo\/ -->\n<title>penkki Tava, ilman selk\u00e4nojaa - Extery puisto- ja kadunkalusteet<\/title>\n<meta name=\"description\" content=\"Penkki TAVA on kehitetty sopivaksi sek\u00e4 arkkitehtoniseen kaupunkiymp\u00e4rist\u00f6\u00f6n ett\u00e4 ker\u00e4\u00e4m\u00e4\u00e4n katseita toisaalla rauhallisessa ymp\u00e4rist\u00f6ss\u00e4. Puisto- ja kadunkalustevalikoimastamme l\u00f6yd\u00e4t tuotteita kaikkiin ymp\u00e4rist\u00f6ihin.\" \/>\n<meta name=\"robots\" content=\"index, follow, max-snippet:-1, max-image-preview:large, max-video-preview:-1\" \/>\n<link rel=\"canonical\" href=\"https:\/\/extery.com\/fi\/tuotteet\/penkki-tava-ilman-selkanojaa\/\" \/>\n<meta property=\"og:locale\" content=\"fi_FI\" \/>\n<meta property=\"og:type\" content=\"article\" \/>\n<meta property=\"og:title\" content=\"penkki Tava, ilman selk\u00e4nojaa - Extery puisto- ja kadunkalusteet\" \/>\n<meta property=\"og:description\" content=\"Penkki TAVA on kehitetty sopivaksi sek\u00e4 arkkitehtoniseen kaupunkiymp\u00e4rist\u00f6\u00f6n ett\u00e4 ker\u00e4\u00e4m\u00e4\u00e4n katseita toisaalla rauhallisessa ymp\u00e4rist\u00f6ss\u00e4. Puisto- ja kadunkalustevalikoimastamme l\u00f6yd\u00e4t tuotteita kaikkiin ymp\u00e4rist\u00f6ihin.\" \/>\n<meta property=\"og:url\" content=\"https:\/\/extery.com\/fi\/tuotteet\/penkki-tava-ilman-selkanojaa\/\" \/>\n<meta property=\"og:site_name\" content=\"Extery\" \/>\n<meta property=\"article:modified_time\" content=\"2026-04-07T11:46:22+00:00\" \/>\n<meta property=\"og:image\" content=\"https:\/\/extery.com\/wp-content\/uploads\/2021\/01\/tava-parkbench-pargipink-w-scaled.jpg\" \/>\n\t<meta property=\"og:image:width\" content=\"2560\" \/>\n\t<meta property=\"og:image:height\" content=\"1707\" \/>\n\t<meta property=\"og:image:type\" content=\"image\/jpeg\" \/>\n<meta name=\"twitter:card\" content=\"summary_large_image\" \/>\n<meta name=\"twitter:label1\" content=\"Arvioitu lukuaika\" \/>\n\t<meta name=\"twitter:data1\" content=\"1 minuutti\" \/>\n<script type=\"application\/ld+json\" class=\"yoast-schema-graph\">{\"@context\":\"https:\/\/schema.org\",\"@graph\":[{\"@type\":\"WebPage\",\"@id\":\"https:\/\/extery.com\/fi\/tuotteet\/penkki-tava-ilman-selkanojaa\/\",\"url\":\"https:\/\/extery.com\/fi\/tuotteet\/penkki-tava-ilman-selkanojaa\/\",\"name\":\"penkki Tava, ilman selk\u00e4nojaa - Extery puisto- ja kadunkalusteet\",\"isPartOf\":{\"@id\":\"https:\/\/extery.com\/fi\/#website\"},\"primaryImageOfPage\":{\"@id\":\"https:\/\/extery.com\/fi\/tuotteet\/penkki-tava-ilman-selkanojaa\/#primaryimage\"},\"image\":{\"@id\":\"https:\/\/extery.com\/fi\/tuotteet\/penkki-tava-ilman-selkanojaa\/#primaryimage\"},\"thumbnailUrl\":\"https:\/\/extery.com\/wp-content\/uploads\/2021\/01\/tava-parkbench-pargipink-w-scaled.jpg\",\"datePublished\":\"2020-11-11T10:12:14+00:00\",\"dateModified\":\"2026-04-07T11:46:22+00:00\",\"description\":\"Penkki TAVA on kehitetty sopivaksi sek\u00e4 arkkitehtoniseen kaupunkiymp\u00e4rist\u00f6\u00f6n ett\u00e4 ker\u00e4\u00e4m\u00e4\u00e4n katseita toisaalla rauhallisessa ymp\u00e4rist\u00f6ss\u00e4. Puisto- ja kadunkalustevalikoimastamme l\u00f6yd\u00e4t tuotteita kaikkiin ymp\u00e4rist\u00f6ihin.\",\"breadcrumb\":{\"@id\":\"https:\/\/extery.com\/fi\/tuotteet\/penkki-tava-ilman-selkanojaa\/#breadcrumb\"},\"inLanguage\":\"fi\",\"potentialAction\":[{\"@type\":\"ReadAction\",\"target\":[\"https:\/\/extery.com\/fi\/tuotteet\/penkki-tava-ilman-selkanojaa\/\"]}]},{\"@type\":\"ImageObject\",\"inLanguage\":\"fi\",\"@id\":\"https:\/\/extery.com\/fi\/tuotteet\/penkki-tava-ilman-selkanojaa\/#primaryimage\",\"url\":\"https:\/\/extery.com\/wp-content\/uploads\/2021\/01\/tava-parkbench-pargipink-w-scaled.jpg\",\"contentUrl\":\"https:\/\/extery.com\/wp-content\/uploads\/2021\/01\/tava-parkbench-pargipink-w-scaled.jpg\",\"width\":2560,\"height\":1707},{\"@type\":\"BreadcrumbList\",\"@id\":\"https:\/\/extery.com\/fi\/tuotteet\/penkki-tava-ilman-selkanojaa\/#breadcrumb\",\"itemListElement\":[{\"@type\":\"ListItem\",\"position\":1,\"name\":\"Home\",\"item\":\"https:\/\/extery.com\/fi\/\"},{\"@type\":\"ListItem\",\"position\":2,\"name\":\"Tuotteet\",\"item\":\"https:\/\/extery.com\/fi\/tuotteet\/\"},{\"@type\":\"ListItem\",\"position\":3,\"name\":\"penkki Tava, ilman selk\u00e4nojaa\"}]},{\"@type\":\"WebSite\",\"@id\":\"https:\/\/extery.com\/fi\/#website\",\"url\":\"https:\/\/extery.com\/fi\/\",\"name\":\"Extery\",\"description\":\"\",\"publisher\":{\"@id\":\"https:\/\/extery.com\/fi\/#organization\"},\"potentialAction\":[{\"@type\":\"SearchAction\",\"target\":{\"@type\":\"EntryPoint\",\"urlTemplate\":\"https:\/\/extery.com\/fi\/?s={search_term_string}\"},\"query-input\":{\"@type\":\"PropertyValueSpecification\",\"valueRequired\":true,\"valueName\":\"search_term_string\"}}],\"inLanguage\":\"fi\"},{\"@type\":\"Organization\",\"@id\":\"https:\/\/extery.com\/fi\/#organization\",\"name\":\"Extery\",\"url\":\"https:\/\/extery.com\/fi\/\",\"logo\":{\"@type\":\"ImageObject\",\"inLanguage\":\"fi\",\"@id\":\"https:\/\/extery.com\/fi\/#\/schema\/logo\/image\/\",\"url\":\"https:\/\/extery.com\/wp-content\/uploads\/2023\/11\/footer-logo.svg\",\"contentUrl\":\"https:\/\/extery.com\/wp-content\/uploads\/2023\/11\/footer-logo.svg\",\"caption\":\"Extery\"},\"image\":{\"@id\":\"https:\/\/extery.com\/fi\/#\/schema\/logo\/image\/\"}}]}<\/script>\n<!-- \/ Yoast SEO plugin. -->","yoast_head_json":{"title":"penkki Tava, ilman selk\u00e4nojaa - Extery puisto- ja kadunkalusteet","description":"Penkki TAVA on kehitetty sopivaksi sek\u00e4 arkkitehtoniseen kaupunkiymp\u00e4rist\u00f6\u00f6n ett\u00e4 ker\u00e4\u00e4m\u00e4\u00e4n katseita toisaalla rauhallisessa ymp\u00e4rist\u00f6ss\u00e4. Puisto- ja kadunkalustevalikoimastamme l\u00f6yd\u00e4t tuotteita kaikkiin ymp\u00e4rist\u00f6ihin.","robots":{"index":"index","follow":"follow","max-snippet":"max-snippet:-1","max-image-preview":"max-image-preview:large","max-video-preview":"max-video-preview:-1"},"canonical":"https:\/\/extery.com\/fi\/tuotteet\/penkki-tava-ilman-selkanojaa\/","og_locale":"fi_FI","og_type":"article","og_title":"penkki Tava, ilman selk\u00e4nojaa - Extery puisto- ja kadunkalusteet","og_description":"Penkki TAVA on kehitetty sopivaksi sek\u00e4 arkkitehtoniseen kaupunkiymp\u00e4rist\u00f6\u00f6n ett\u00e4 ker\u00e4\u00e4m\u00e4\u00e4n katseita toisaalla rauhallisessa ymp\u00e4rist\u00f6ss\u00e4. Puisto- ja kadunkalustevalikoimastamme l\u00f6yd\u00e4t tuotteita kaikkiin ymp\u00e4rist\u00f6ihin.","og_url":"https:\/\/extery.com\/fi\/tuotteet\/penkki-tava-ilman-selkanojaa\/","og_site_name":"Extery","article_modified_time":"2026-04-07T11:46:22+00:00","og_image":[{"width":2560,"height":1707,"url":"https:\/\/extery.com\/wp-content\/uploads\/2021\/01\/tava-parkbench-pargipink-w-scaled.jpg","type":"image\/jpeg"}],"twitter_card":"summary_large_image","twitter_misc":{"Arvioitu lukuaika":"1 minuutti"},"schema":{"@context":"https:\/\/schema.org","@graph":[{"@type":"WebPage","@id":"https:\/\/extery.com\/fi\/tuotteet\/penkki-tava-ilman-selkanojaa\/","url":"https:\/\/extery.com\/fi\/tuotteet\/penkki-tava-ilman-selkanojaa\/","name":"penkki Tava, ilman selk\u00e4nojaa - Extery puisto- ja kadunkalusteet","isPartOf":{"@id":"https:\/\/extery.com\/fi\/#website"},"primaryImageOfPage":{"@id":"https:\/\/extery.com\/fi\/tuotteet\/penkki-tava-ilman-selkanojaa\/#primaryimage"},"image":{"@id":"https:\/\/extery.com\/fi\/tuotteet\/penkki-tava-ilman-selkanojaa\/#primaryimage"},"thumbnailUrl":"https:\/\/extery.com\/wp-content\/uploads\/2021\/01\/tava-parkbench-pargipink-w-scaled.jpg","datePublished":"2020-11-11T10:12:14+00:00","dateModified":"2026-04-07T11:46:22+00:00","description":"Penkki TAVA on kehitetty sopivaksi sek\u00e4 arkkitehtoniseen kaupunkiymp\u00e4rist\u00f6\u00f6n ett\u00e4 ker\u00e4\u00e4m\u00e4\u00e4n katseita toisaalla rauhallisessa ymp\u00e4rist\u00f6ss\u00e4. Puisto- ja kadunkalustevalikoimastamme l\u00f6yd\u00e4t tuotteita kaikkiin ymp\u00e4rist\u00f6ihin.","breadcrumb":{"@id":"https:\/\/extery.com\/fi\/tuotteet\/penkki-tava-ilman-selkanojaa\/#breadcrumb"},"inLanguage":"fi","potentialAction":[{"@type":"ReadAction","target":["https:\/\/extery.com\/fi\/tuotteet\/penkki-tava-ilman-selkanojaa\/"]}]},{"@type":"ImageObject","inLanguage":"fi","@id":"https:\/\/extery.com\/fi\/tuotteet\/penkki-tava-ilman-selkanojaa\/#primaryimage","url":"https:\/\/extery.com\/wp-content\/uploads\/2021\/01\/tava-parkbench-pargipink-w-scaled.jpg","contentUrl":"https:\/\/extery.com\/wp-content\/uploads\/2021\/01\/tava-parkbench-pargipink-w-scaled.jpg","width":2560,"height":1707},{"@type":"BreadcrumbList","@id":"https:\/\/extery.com\/fi\/tuotteet\/penkki-tava-ilman-selkanojaa\/#breadcrumb","itemListElement":[{"@type":"ListItem","position":1,"name":"Home","item":"https:\/\/extery.com\/fi\/"},{"@type":"ListItem","position":2,"name":"Tuotteet","item":"https:\/\/extery.com\/fi\/tuotteet\/"},{"@type":"ListItem","position":3,"name":"penkki Tava, ilman selk\u00e4nojaa"}]},{"@type":"WebSite","@id":"https:\/\/extery.com\/fi\/#website","url":"https:\/\/extery.com\/fi\/","name":"Extery","description":"","publisher":{"@id":"https:\/\/extery.com\/fi\/#organization"},"potentialAction":[{"@type":"SearchAction","target":{"@type":"EntryPoint","urlTemplate":"https:\/\/extery.com\/fi\/?s={search_term_string}"},"query-input":{"@type":"PropertyValueSpecification","valueRequired":true,"valueName":"search_term_string"}}],"inLanguage":"fi"},{"@type":"Organization","@id":"https:\/\/extery.com\/fi\/#organization","name":"Extery","url":"https:\/\/extery.com\/fi\/","logo":{"@type":"ImageObject","inLanguage":"fi","@id":"https:\/\/extery.com\/fi\/#\/schema\/logo\/image\/","url":"https:\/\/extery.com\/wp-content\/uploads\/2023\/11\/footer-logo.svg","contentUrl":"https:\/\/extery.com\/wp-content\/uploads\/2023\/11\/footer-logo.svg","caption":"Extery"},"image":{"@id":"https:\/\/extery.com\/fi\/#\/schema\/logo\/image\/"}}]}},"_links":{"self":[{"href":"https:\/\/extery.com\/fi\/wp-json\/wp\/v2\/product\/3329","targetHints":{"allow":["GET"]}}],"collection":[{"href":"https:\/\/extery.com\/fi\/wp-json\/wp\/v2\/product"}],"about":[{"href":"https:\/\/extery.com\/fi\/wp-json\/wp\/v2\/types\/product"}],"replies":[{"embeddable":true,"href":"https:\/\/extery.com\/fi\/wp-json\/wp\/v2\/comments?post=3329"}],"wp:featuredmedia":[{"embeddable":true,"href":"https:\/\/extery.com\/fi\/wp-json\/wp\/v2\/media\/10548"}],"wp:attachment":[{"href":"https:\/\/extery.com\/fi\/wp-json\/wp\/v2\/media?parent=3329"}],"wp:term":[{"taxonomy":"product_brand","embeddable":true,"href":"https:\/\/extery.com\/fi\/wp-json\/wp\/v2\/product_brand?post=3329"},{"taxonomy":"product_cat","embeddable":true,"href":"https:\/\/extery.com\/fi\/wp-json\/wp\/v2\/product_cat?post=3329"},{"taxonomy":"product_tag","embeddable":true,"href":"https:\/\/extery.com\/fi\/wp-json\/wp\/v2\/product_tag?post=3329"}],"curies":[{"name":"wp","href":"https:\/\/api.w.org\/{rel}","templated":true}]}}