{"id":3415,"date":"2020-11-11T12:17:45","date_gmt":"2020-11-11T12:17:45","guid":{"rendered":"https:\/\/extery.com\/?post_type=product&#038;p=3415"},"modified":"2026-04-13T09:46:34","modified_gmt":"2026-04-13T09:46:34","slug":"penkki-tiide-ilman-selkanojaa","status":"publish","type":"product","link":"https:\/\/extery.com\/fi\/tuotteet\/penkki-tiide-ilman-selkanojaa\/","title":{"rendered":"penkki Tiide, ilman selk\u00e4nojaa"},"content":{"rendered":"<p>Penkki Tiide on Extery-kalustekokoelman \u201dpikkuvinti\u00f6\u201d, joka on luotu tuomaan raikkaita ja uusia mahdollisuuksia kaupunki- tai maisemasuunnittelijan arsenaalin. Tiidess\u00e4 kaikki eroavat aikaisemmasta: py\u00f6re\u00e4t muodot, pehme\u00e4t taivutukset sek\u00e4 yht\u00e4 lailla iloiset mittasuhteet. Silm\u00e4\u00e4n pist\u00e4v\u00e4t varmasti modernista kalustemuotoilusta tutut tekniikat ja pieni flirttailu Bauhausilla; ne, jotka ulottuvat harvoin konservatiiviseen kaupunkikalustealaan.<br \/>\nYksityiskohdissa erottuu taidokkaasti viimeistelty diagonaalimainen laudoitus. Ter\u00e4sosat reunustavat puupintoja vakuuttavasti ja tarkasti. Penkin selk\u00e4nojaa ja p\u00f6yt\u00e4levy\u00e4 peitt\u00e4\u00e4 vahva elastomeeripinnoite, joka muuttaa metallipinnat miellytt\u00e4v\u00e4ksi koskettaa.<br \/>\nTiide on ulkoap\u00e4in leikkis\u00e4 ja yst\u00e4v\u00e4llinen, mutta sis\u00e4lt\u00e4 vankka: k\u00e4ytetyt materiaalit ovat laadukkaat, mittasuhteet voimakkaita ja kaikki viimeistely kest\u00e4v\u00e4\u00e4, aivan kuten Exteryn kalusteilla on tapana olla. Tuoteperheess\u00e4 on kuusi tuotetta, jotka joko yksin tai ryhmin\u00e4, antavat julkiselle tilalle tuoreen ja omann\u00e4k\u00f6isen korostuksen.<\/p>\n","protected":false},"excerpt":{"rendered":"<p>Penkki Tiide on Extery-kalustekokoelman \u201dpikkuvinti\u00f6\u201d, joka on luotu tuomaan raikkaita ja uusia mahdollisuuksia kaupunki- tai maisemasuunnittelijan arsenaalin. Tiidess\u00e4 kaikki eroavat aikaisemmasta: py\u00f6re\u00e4t muodot, pehme\u00e4t taivutukset sek\u00e4 yht\u00e4 lailla iloiset mittasuhteet. Silm\u00e4\u00e4n pist\u00e4v\u00e4t varmasti modernista kalustemuotoilusta tutut tekniikat ja pieni flirttailu Bauhausilla; ne, jotka ulottuvat harvoin konservatiiviseen kaupunkikalustealaan. Yksityiskohdissa erottuu taidokkaasti viimeistelty diagonaalimainen laudoitus. Ter\u00e4sosat reunustavat [&hellip;]<\/p>\n","protected":false},"featured_media":894,"comment_status":"open","ping_status":"closed","template":"","meta":{"_acf_changed":false},"product_brand":[],"product_cat":[90],"product_tag":[],"class_list":{"0":"post-3415","1":"product","2":"type-product","3":"status-publish","4":"has-post-thumbnail","6":"product_cat-penkit-ilman-selkanojaa","7":"product-family-tiide-fi","9":"first","10":"instock","11":"shipping-taxable","12":"product-type-simple"},"acf":[],"yoast_head":"<!-- This site is optimized with the Yoast SEO plugin v26.4 - https:\/\/yoast.com\/wordpress\/plugins\/seo\/ -->\n<title>penkki Tiide, ilman selk\u00e4nojaa - Extery puisto- ja kadunkalusteet<\/title>\n<meta name=\"description\" content=\"Penkki Tiide on Tiide on Extery-kalustekokoelman \u201dpikkuvinti\u00f6\u201d. Puisto- ja kadunkalustevalikoimastamme l\u00f6yd\u00e4t tuotteita kaikkiin ymp\u00e4rist\u00f6ihin.\" \/>\n<meta name=\"robots\" content=\"index, follow, max-snippet:-1, max-image-preview:large, max-video-preview:-1\" \/>\n<link rel=\"canonical\" href=\"https:\/\/extery.com\/fi\/tuotteet\/penkki-tiide-ilman-selkanojaa\/\" \/>\n<meta property=\"og:locale\" content=\"fi_FI\" \/>\n<meta property=\"og:type\" content=\"article\" \/>\n<meta property=\"og:title\" content=\"penkki Tiide, ilman selk\u00e4nojaa - Extery puisto- ja kadunkalusteet\" \/>\n<meta property=\"og:description\" content=\"Penkki Tiide on Tiide on Extery-kalustekokoelman \u201dpikkuvinti\u00f6\u201d. Puisto- ja kadunkalustevalikoimastamme l\u00f6yd\u00e4t tuotteita kaikkiin ymp\u00e4rist\u00f6ihin.\" \/>\n<meta property=\"og:url\" content=\"https:\/\/extery.com\/fi\/tuotteet\/penkki-tiide-ilman-selkanojaa\/\" \/>\n<meta property=\"og:site_name\" content=\"Extery\" \/>\n<meta property=\"article:modified_time\" content=\"2026-04-13T09:46:34+00:00\" \/>\n<meta property=\"og:image\" content=\"https:\/\/extery.com\/wp-content\/uploads\/2020\/11\/Tiide-J-E-scaled.jpg\" \/>\n\t<meta property=\"og:image:width\" content=\"2560\" \/>\n\t<meta property=\"og:image:height\" content=\"1707\" \/>\n\t<meta property=\"og:image:type\" content=\"image\/jpeg\" \/>\n<meta name=\"twitter:card\" content=\"summary_large_image\" \/>\n<meta name=\"twitter:label1\" content=\"Arvioitu lukuaika\" \/>\n\t<meta name=\"twitter:data1\" content=\"1 minuutti\" \/>\n<script type=\"application\/ld+json\" class=\"yoast-schema-graph\">{\"@context\":\"https:\/\/schema.org\",\"@graph\":[{\"@type\":\"WebPage\",\"@id\":\"https:\/\/extery.com\/fi\/tuotteet\/penkki-tiide-ilman-selkanojaa\/\",\"url\":\"https:\/\/extery.com\/fi\/tuotteet\/penkki-tiide-ilman-selkanojaa\/\",\"name\":\"penkki Tiide, ilman selk\u00e4nojaa - Extery puisto- ja kadunkalusteet\",\"isPartOf\":{\"@id\":\"https:\/\/extery.com\/fi\/#website\"},\"primaryImageOfPage\":{\"@id\":\"https:\/\/extery.com\/fi\/tuotteet\/penkki-tiide-ilman-selkanojaa\/#primaryimage\"},\"image\":{\"@id\":\"https:\/\/extery.com\/fi\/tuotteet\/penkki-tiide-ilman-selkanojaa\/#primaryimage\"},\"thumbnailUrl\":\"https:\/\/extery.com\/wp-content\/uploads\/2020\/11\/Tiide-J-E-scaled.jpg\",\"datePublished\":\"2020-11-11T12:17:45+00:00\",\"dateModified\":\"2026-04-13T09:46:34+00:00\",\"description\":\"Penkki Tiide on Tiide on Extery-kalustekokoelman \u201dpikkuvinti\u00f6\u201d. Puisto- ja kadunkalustevalikoimastamme l\u00f6yd\u00e4t tuotteita kaikkiin ymp\u00e4rist\u00f6ihin.\",\"breadcrumb\":{\"@id\":\"https:\/\/extery.com\/fi\/tuotteet\/penkki-tiide-ilman-selkanojaa\/#breadcrumb\"},\"inLanguage\":\"fi\",\"potentialAction\":[{\"@type\":\"ReadAction\",\"target\":[\"https:\/\/extery.com\/fi\/tuotteet\/penkki-tiide-ilman-selkanojaa\/\"]}]},{\"@type\":\"ImageObject\",\"inLanguage\":\"fi\",\"@id\":\"https:\/\/extery.com\/fi\/tuotteet\/penkki-tiide-ilman-selkanojaa\/#primaryimage\",\"url\":\"https:\/\/extery.com\/wp-content\/uploads\/2020\/11\/Tiide-J-E-scaled.jpg\",\"contentUrl\":\"https:\/\/extery.com\/wp-content\/uploads\/2020\/11\/Tiide-J-E-scaled.jpg\",\"width\":2560,\"height\":1707},{\"@type\":\"BreadcrumbList\",\"@id\":\"https:\/\/extery.com\/fi\/tuotteet\/penkki-tiide-ilman-selkanojaa\/#breadcrumb\",\"itemListElement\":[{\"@type\":\"ListItem\",\"position\":1,\"name\":\"Home\",\"item\":\"https:\/\/extery.com\/fi\/\"},{\"@type\":\"ListItem\",\"position\":2,\"name\":\"Tuotteet\",\"item\":\"https:\/\/extery.com\/fi\/tuotteet\/\"},{\"@type\":\"ListItem\",\"position\":3,\"name\":\"penkki Tiide, ilman selk\u00e4nojaa\"}]},{\"@type\":\"WebSite\",\"@id\":\"https:\/\/extery.com\/fi\/#website\",\"url\":\"https:\/\/extery.com\/fi\/\",\"name\":\"Extery\",\"description\":\"\",\"publisher\":{\"@id\":\"https:\/\/extery.com\/fi\/#organization\"},\"potentialAction\":[{\"@type\":\"SearchAction\",\"target\":{\"@type\":\"EntryPoint\",\"urlTemplate\":\"https:\/\/extery.com\/fi\/?s={search_term_string}\"},\"query-input\":{\"@type\":\"PropertyValueSpecification\",\"valueRequired\":true,\"valueName\":\"search_term_string\"}}],\"inLanguage\":\"fi\"},{\"@type\":\"Organization\",\"@id\":\"https:\/\/extery.com\/fi\/#organization\",\"name\":\"Extery\",\"url\":\"https:\/\/extery.com\/fi\/\",\"logo\":{\"@type\":\"ImageObject\",\"inLanguage\":\"fi\",\"@id\":\"https:\/\/extery.com\/fi\/#\/schema\/logo\/image\/\",\"url\":\"https:\/\/extery.com\/wp-content\/uploads\/2023\/11\/footer-logo.svg\",\"contentUrl\":\"https:\/\/extery.com\/wp-content\/uploads\/2023\/11\/footer-logo.svg\",\"caption\":\"Extery\"},\"image\":{\"@id\":\"https:\/\/extery.com\/fi\/#\/schema\/logo\/image\/\"}}]}<\/script>\n<!-- \/ Yoast SEO plugin. -->","yoast_head_json":{"title":"penkki Tiide, ilman selk\u00e4nojaa - Extery puisto- ja kadunkalusteet","description":"Penkki Tiide on Tiide on Extery-kalustekokoelman \u201dpikkuvinti\u00f6\u201d. Puisto- ja kadunkalustevalikoimastamme l\u00f6yd\u00e4t tuotteita kaikkiin ymp\u00e4rist\u00f6ihin.","robots":{"index":"index","follow":"follow","max-snippet":"max-snippet:-1","max-image-preview":"max-image-preview:large","max-video-preview":"max-video-preview:-1"},"canonical":"https:\/\/extery.com\/fi\/tuotteet\/penkki-tiide-ilman-selkanojaa\/","og_locale":"fi_FI","og_type":"article","og_title":"penkki Tiide, ilman selk\u00e4nojaa - Extery puisto- ja kadunkalusteet","og_description":"Penkki Tiide on Tiide on Extery-kalustekokoelman \u201dpikkuvinti\u00f6\u201d. Puisto- ja kadunkalustevalikoimastamme l\u00f6yd\u00e4t tuotteita kaikkiin ymp\u00e4rist\u00f6ihin.","og_url":"https:\/\/extery.com\/fi\/tuotteet\/penkki-tiide-ilman-selkanojaa\/","og_site_name":"Extery","article_modified_time":"2026-04-13T09:46:34+00:00","og_image":[{"width":2560,"height":1707,"url":"https:\/\/extery.com\/wp-content\/uploads\/2020\/11\/Tiide-J-E-scaled.jpg","type":"image\/jpeg"}],"twitter_card":"summary_large_image","twitter_misc":{"Arvioitu lukuaika":"1 minuutti"},"schema":{"@context":"https:\/\/schema.org","@graph":[{"@type":"WebPage","@id":"https:\/\/extery.com\/fi\/tuotteet\/penkki-tiide-ilman-selkanojaa\/","url":"https:\/\/extery.com\/fi\/tuotteet\/penkki-tiide-ilman-selkanojaa\/","name":"penkki Tiide, ilman selk\u00e4nojaa - Extery puisto- ja kadunkalusteet","isPartOf":{"@id":"https:\/\/extery.com\/fi\/#website"},"primaryImageOfPage":{"@id":"https:\/\/extery.com\/fi\/tuotteet\/penkki-tiide-ilman-selkanojaa\/#primaryimage"},"image":{"@id":"https:\/\/extery.com\/fi\/tuotteet\/penkki-tiide-ilman-selkanojaa\/#primaryimage"},"thumbnailUrl":"https:\/\/extery.com\/wp-content\/uploads\/2020\/11\/Tiide-J-E-scaled.jpg","datePublished":"2020-11-11T12:17:45+00:00","dateModified":"2026-04-13T09:46:34+00:00","description":"Penkki Tiide on Tiide on Extery-kalustekokoelman \u201dpikkuvinti\u00f6\u201d. Puisto- ja kadunkalustevalikoimastamme l\u00f6yd\u00e4t tuotteita kaikkiin ymp\u00e4rist\u00f6ihin.","breadcrumb":{"@id":"https:\/\/extery.com\/fi\/tuotteet\/penkki-tiide-ilman-selkanojaa\/#breadcrumb"},"inLanguage":"fi","potentialAction":[{"@type":"ReadAction","target":["https:\/\/extery.com\/fi\/tuotteet\/penkki-tiide-ilman-selkanojaa\/"]}]},{"@type":"ImageObject","inLanguage":"fi","@id":"https:\/\/extery.com\/fi\/tuotteet\/penkki-tiide-ilman-selkanojaa\/#primaryimage","url":"https:\/\/extery.com\/wp-content\/uploads\/2020\/11\/Tiide-J-E-scaled.jpg","contentUrl":"https:\/\/extery.com\/wp-content\/uploads\/2020\/11\/Tiide-J-E-scaled.jpg","width":2560,"height":1707},{"@type":"BreadcrumbList","@id":"https:\/\/extery.com\/fi\/tuotteet\/penkki-tiide-ilman-selkanojaa\/#breadcrumb","itemListElement":[{"@type":"ListItem","position":1,"name":"Home","item":"https:\/\/extery.com\/fi\/"},{"@type":"ListItem","position":2,"name":"Tuotteet","item":"https:\/\/extery.com\/fi\/tuotteet\/"},{"@type":"ListItem","position":3,"name":"penkki Tiide, ilman selk\u00e4nojaa"}]},{"@type":"WebSite","@id":"https:\/\/extery.com\/fi\/#website","url":"https:\/\/extery.com\/fi\/","name":"Extery","description":"","publisher":{"@id":"https:\/\/extery.com\/fi\/#organization"},"potentialAction":[{"@type":"SearchAction","target":{"@type":"EntryPoint","urlTemplate":"https:\/\/extery.com\/fi\/?s={search_term_string}"},"query-input":{"@type":"PropertyValueSpecification","valueRequired":true,"valueName":"search_term_string"}}],"inLanguage":"fi"},{"@type":"Organization","@id":"https:\/\/extery.com\/fi\/#organization","name":"Extery","url":"https:\/\/extery.com\/fi\/","logo":{"@type":"ImageObject","inLanguage":"fi","@id":"https:\/\/extery.com\/fi\/#\/schema\/logo\/image\/","url":"https:\/\/extery.com\/wp-content\/uploads\/2023\/11\/footer-logo.svg","contentUrl":"https:\/\/extery.com\/wp-content\/uploads\/2023\/11\/footer-logo.svg","caption":"Extery"},"image":{"@id":"https:\/\/extery.com\/fi\/#\/schema\/logo\/image\/"}}]}},"_links":{"self":[{"href":"https:\/\/extery.com\/fi\/wp-json\/wp\/v2\/product\/3415","targetHints":{"allow":["GET"]}}],"collection":[{"href":"https:\/\/extery.com\/fi\/wp-json\/wp\/v2\/product"}],"about":[{"href":"https:\/\/extery.com\/fi\/wp-json\/wp\/v2\/types\/product"}],"replies":[{"embeddable":true,"href":"https:\/\/extery.com\/fi\/wp-json\/wp\/v2\/comments?post=3415"}],"wp:featuredmedia":[{"embeddable":true,"href":"https:\/\/extery.com\/fi\/wp-json\/wp\/v2\/media\/894"}],"wp:attachment":[{"href":"https:\/\/extery.com\/fi\/wp-json\/wp\/v2\/media?parent=3415"}],"wp:term":[{"taxonomy":"product_brand","embeddable":true,"href":"https:\/\/extery.com\/fi\/wp-json\/wp\/v2\/product_brand?post=3415"},{"taxonomy":"product_cat","embeddable":true,"href":"https:\/\/extery.com\/fi\/wp-json\/wp\/v2\/product_cat?post=3415"},{"taxonomy":"product_tag","embeddable":true,"href":"https:\/\/extery.com\/fi\/wp-json\/wp\/v2\/product_tag?post=3415"}],"curies":[{"name":"wp","href":"https:\/\/api.w.org\/{rel}","templated":true}]}}