{"id":3451,"date":"2020-11-11T15:28:59","date_gmt":"2020-11-11T15:28:59","guid":{"rendered":"https:\/\/extery.com\/?post_type=product&#038;p=3451"},"modified":"2026-03-19T08:30:37","modified_gmt":"2026-03-19T08:30:37","slug":"poyta-prima","status":"publish","type":"product","link":"https:\/\/extery.com\/fi\/tuotteet\/poyta-prima\/","title":{"rendered":"p\u00f6yt\u00e4 Prima"},"content":{"rendered":"<p>P\u00f6yt\u00e4 Prima, kuuluu suurempaan kaupunkikalusteiden perheeseen.<\/p>\n<p>Prima-sarja on k\u00e4yt\u00e4nn\u00f6llinen valinta edustaen tinkim\u00e4t\u00f6nt\u00e4 laatua, huoliteltuja yksityiskohtia ja tarkkaan harkittua rakennetta. Mittasuhteiltaan tasapainoisen kevyet penkit ovat saatavissa ilman selk\u00e4nojaa tai selk\u00e4nojan kanssa sek\u00e4 ilman k\u00e4sinojia tai k\u00e4sinojien kanssa.<br \/>\nPrima-sarjaan on saatavissa my\u00f6s p\u00f6yt\u00e4. Hillitty ulkon\u00e4k\u00f6 yhdistettyn\u00e4 vivahdukseen nostalgiaa mahdollistavat Prima sarjan sopivuuden erilaisiin ymp\u00e4rist\u00f6ihin.<\/p>\n","protected":false},"excerpt":{"rendered":"<p>P\u00f6yt\u00e4 Prima, kuuluu suurempaan kaupunkikalusteiden perheeseen. Prima-sarja on k\u00e4yt\u00e4nn\u00f6llinen valinta edustaen tinkim\u00e4t\u00f6nt\u00e4 laatua, huoliteltuja yksityiskohtia ja tarkkaan harkittua rakennetta. Mittasuhteiltaan tasapainoisen kevyet penkit ovat saatavissa ilman selk\u00e4nojaa tai selk\u00e4nojan kanssa sek\u00e4 ilman k\u00e4sinojia tai k\u00e4sinojien kanssa. Prima-sarjaan on saatavissa my\u00f6s p\u00f6yt\u00e4. Hillitty ulkon\u00e4k\u00f6 yhdistettyn\u00e4 vivahdukseen nostalgiaa mahdollistavat Prima sarjan sopivuuden erilaisiin ymp\u00e4rist\u00f6ihin.<\/p>\n","protected":false},"featured_media":824,"comment_status":"open","ping_status":"closed","template":"","meta":{"_acf_changed":false},"product_brand":[],"product_cat":[100],"product_tag":[],"class_list":{"0":"post-3451","1":"product","2":"type-product","3":"status-publish","4":"has-post-thumbnail","6":"product_cat-poydat","7":"product-family-prima-fi-2","9":"first","10":"instock","11":"shipping-taxable","12":"product-type-simple"},"acf":[],"yoast_head":"<!-- This site is optimized with the Yoast SEO plugin v26.4 - https:\/\/yoast.com\/wordpress\/plugins\/seo\/ -->\n<title>p\u00f6yt\u00e4 Prima - Extery puisto- ja kadunkalusteet<\/title>\n<meta name=\"description\" content=\"P\u00f6yt\u00e4 Prima kuuluu suurempaan kaupunkikalusteiden perheeseen. Puisto- ja kadunkalustevalikoimastamme l\u00f6yd\u00e4t tuotteita kaikkiin ymp\u00e4rist\u00f6ihin.\" \/>\n<meta name=\"robots\" content=\"index, follow, max-snippet:-1, max-image-preview:large, max-video-preview:-1\" \/>\n<link rel=\"canonical\" href=\"https:\/\/extery.com\/fi\/tuotteet\/poyta-prima\/\" \/>\n<meta property=\"og:locale\" content=\"fi_FI\" \/>\n<meta property=\"og:type\" content=\"article\" \/>\n<meta property=\"og:title\" content=\"p\u00f6yt\u00e4 Prima - Extery puisto- ja kadunkalusteet\" \/>\n<meta property=\"og:description\" content=\"P\u00f6yt\u00e4 Prima kuuluu suurempaan kaupunkikalusteiden perheeseen. Puisto- ja kadunkalustevalikoimastamme l\u00f6yd\u00e4t tuotteita kaikkiin ymp\u00e4rist\u00f6ihin.\" \/>\n<meta property=\"og:url\" content=\"https:\/\/extery.com\/fi\/tuotteet\/poyta-prima\/\" \/>\n<meta property=\"og:site_name\" content=\"Extery\" \/>\n<meta property=\"article:modified_time\" content=\"2026-03-19T08:30:37+00:00\" \/>\n<meta property=\"og:image\" content=\"https:\/\/extery.com\/wp-content\/uploads\/2020\/11\/Prima-laud-E-scaled.jpg\" \/>\n\t<meta property=\"og:image:width\" content=\"2560\" \/>\n\t<meta property=\"og:image:height\" content=\"1707\" \/>\n\t<meta property=\"og:image:type\" content=\"image\/jpeg\" \/>\n<meta name=\"twitter:card\" content=\"summary_large_image\" \/>\n<meta name=\"twitter:label1\" content=\"Arvioitu lukuaika\" \/>\n\t<meta name=\"twitter:data1\" content=\"1 minuutti\" \/>\n<script type=\"application\/ld+json\" class=\"yoast-schema-graph\">{\"@context\":\"https:\/\/schema.org\",\"@graph\":[{\"@type\":\"WebPage\",\"@id\":\"https:\/\/extery.com\/fi\/tuotteet\/poyta-prima\/\",\"url\":\"https:\/\/extery.com\/fi\/tuotteet\/poyta-prima\/\",\"name\":\"p\u00f6yt\u00e4 Prima - Extery puisto- ja kadunkalusteet\",\"isPartOf\":{\"@id\":\"https:\/\/extery.com\/fi\/#website\"},\"primaryImageOfPage\":{\"@id\":\"https:\/\/extery.com\/fi\/tuotteet\/poyta-prima\/#primaryimage\"},\"image\":{\"@id\":\"https:\/\/extery.com\/fi\/tuotteet\/poyta-prima\/#primaryimage\"},\"thumbnailUrl\":\"https:\/\/extery.com\/wp-content\/uploads\/2020\/11\/Prima-laud-E-scaled.jpg\",\"datePublished\":\"2020-11-11T15:28:59+00:00\",\"dateModified\":\"2026-03-19T08:30:37+00:00\",\"description\":\"P\u00f6yt\u00e4 Prima kuuluu suurempaan kaupunkikalusteiden perheeseen. Puisto- ja kadunkalustevalikoimastamme l\u00f6yd\u00e4t tuotteita kaikkiin ymp\u00e4rist\u00f6ihin.\",\"breadcrumb\":{\"@id\":\"https:\/\/extery.com\/fi\/tuotteet\/poyta-prima\/#breadcrumb\"},\"inLanguage\":\"fi\",\"potentialAction\":[{\"@type\":\"ReadAction\",\"target\":[\"https:\/\/extery.com\/fi\/tuotteet\/poyta-prima\/\"]}]},{\"@type\":\"ImageObject\",\"inLanguage\":\"fi\",\"@id\":\"https:\/\/extery.com\/fi\/tuotteet\/poyta-prima\/#primaryimage\",\"url\":\"https:\/\/extery.com\/wp-content\/uploads\/2020\/11\/Prima-laud-E-scaled.jpg\",\"contentUrl\":\"https:\/\/extery.com\/wp-content\/uploads\/2020\/11\/Prima-laud-E-scaled.jpg\",\"width\":2560,\"height\":1707},{\"@type\":\"BreadcrumbList\",\"@id\":\"https:\/\/extery.com\/fi\/tuotteet\/poyta-prima\/#breadcrumb\",\"itemListElement\":[{\"@type\":\"ListItem\",\"position\":1,\"name\":\"Home\",\"item\":\"https:\/\/extery.com\/fi\/\"},{\"@type\":\"ListItem\",\"position\":2,\"name\":\"Tuotteet\",\"item\":\"https:\/\/extery.com\/fi\/tuotteet\/\"},{\"@type\":\"ListItem\",\"position\":3,\"name\":\"p\u00f6yt\u00e4 Prima\"}]},{\"@type\":\"WebSite\",\"@id\":\"https:\/\/extery.com\/fi\/#website\",\"url\":\"https:\/\/extery.com\/fi\/\",\"name\":\"Extery\",\"description\":\"\",\"publisher\":{\"@id\":\"https:\/\/extery.com\/fi\/#organization\"},\"potentialAction\":[{\"@type\":\"SearchAction\",\"target\":{\"@type\":\"EntryPoint\",\"urlTemplate\":\"https:\/\/extery.com\/fi\/?s={search_term_string}\"},\"query-input\":{\"@type\":\"PropertyValueSpecification\",\"valueRequired\":true,\"valueName\":\"search_term_string\"}}],\"inLanguage\":\"fi\"},{\"@type\":\"Organization\",\"@id\":\"https:\/\/extery.com\/fi\/#organization\",\"name\":\"Extery\",\"url\":\"https:\/\/extery.com\/fi\/\",\"logo\":{\"@type\":\"ImageObject\",\"inLanguage\":\"fi\",\"@id\":\"https:\/\/extery.com\/fi\/#\/schema\/logo\/image\/\",\"url\":\"https:\/\/extery.com\/wp-content\/uploads\/2023\/11\/footer-logo.svg\",\"contentUrl\":\"https:\/\/extery.com\/wp-content\/uploads\/2023\/11\/footer-logo.svg\",\"caption\":\"Extery\"},\"image\":{\"@id\":\"https:\/\/extery.com\/fi\/#\/schema\/logo\/image\/\"}}]}<\/script>\n<!-- \/ Yoast SEO plugin. -->","yoast_head_json":{"title":"p\u00f6yt\u00e4 Prima - Extery puisto- ja kadunkalusteet","description":"P\u00f6yt\u00e4 Prima kuuluu suurempaan kaupunkikalusteiden perheeseen. Puisto- ja kadunkalustevalikoimastamme l\u00f6yd\u00e4t tuotteita kaikkiin ymp\u00e4rist\u00f6ihin.","robots":{"index":"index","follow":"follow","max-snippet":"max-snippet:-1","max-image-preview":"max-image-preview:large","max-video-preview":"max-video-preview:-1"},"canonical":"https:\/\/extery.com\/fi\/tuotteet\/poyta-prima\/","og_locale":"fi_FI","og_type":"article","og_title":"p\u00f6yt\u00e4 Prima - Extery puisto- ja kadunkalusteet","og_description":"P\u00f6yt\u00e4 Prima kuuluu suurempaan kaupunkikalusteiden perheeseen. Puisto- ja kadunkalustevalikoimastamme l\u00f6yd\u00e4t tuotteita kaikkiin ymp\u00e4rist\u00f6ihin.","og_url":"https:\/\/extery.com\/fi\/tuotteet\/poyta-prima\/","og_site_name":"Extery","article_modified_time":"2026-03-19T08:30:37+00:00","og_image":[{"width":2560,"height":1707,"url":"https:\/\/extery.com\/wp-content\/uploads\/2020\/11\/Prima-laud-E-scaled.jpg","type":"image\/jpeg"}],"twitter_card":"summary_large_image","twitter_misc":{"Arvioitu lukuaika":"1 minuutti"},"schema":{"@context":"https:\/\/schema.org","@graph":[{"@type":"WebPage","@id":"https:\/\/extery.com\/fi\/tuotteet\/poyta-prima\/","url":"https:\/\/extery.com\/fi\/tuotteet\/poyta-prima\/","name":"p\u00f6yt\u00e4 Prima - Extery puisto- ja kadunkalusteet","isPartOf":{"@id":"https:\/\/extery.com\/fi\/#website"},"primaryImageOfPage":{"@id":"https:\/\/extery.com\/fi\/tuotteet\/poyta-prima\/#primaryimage"},"image":{"@id":"https:\/\/extery.com\/fi\/tuotteet\/poyta-prima\/#primaryimage"},"thumbnailUrl":"https:\/\/extery.com\/wp-content\/uploads\/2020\/11\/Prima-laud-E-scaled.jpg","datePublished":"2020-11-11T15:28:59+00:00","dateModified":"2026-03-19T08:30:37+00:00","description":"P\u00f6yt\u00e4 Prima kuuluu suurempaan kaupunkikalusteiden perheeseen. Puisto- ja kadunkalustevalikoimastamme l\u00f6yd\u00e4t tuotteita kaikkiin ymp\u00e4rist\u00f6ihin.","breadcrumb":{"@id":"https:\/\/extery.com\/fi\/tuotteet\/poyta-prima\/#breadcrumb"},"inLanguage":"fi","potentialAction":[{"@type":"ReadAction","target":["https:\/\/extery.com\/fi\/tuotteet\/poyta-prima\/"]}]},{"@type":"ImageObject","inLanguage":"fi","@id":"https:\/\/extery.com\/fi\/tuotteet\/poyta-prima\/#primaryimage","url":"https:\/\/extery.com\/wp-content\/uploads\/2020\/11\/Prima-laud-E-scaled.jpg","contentUrl":"https:\/\/extery.com\/wp-content\/uploads\/2020\/11\/Prima-laud-E-scaled.jpg","width":2560,"height":1707},{"@type":"BreadcrumbList","@id":"https:\/\/extery.com\/fi\/tuotteet\/poyta-prima\/#breadcrumb","itemListElement":[{"@type":"ListItem","position":1,"name":"Home","item":"https:\/\/extery.com\/fi\/"},{"@type":"ListItem","position":2,"name":"Tuotteet","item":"https:\/\/extery.com\/fi\/tuotteet\/"},{"@type":"ListItem","position":3,"name":"p\u00f6yt\u00e4 Prima"}]},{"@type":"WebSite","@id":"https:\/\/extery.com\/fi\/#website","url":"https:\/\/extery.com\/fi\/","name":"Extery","description":"","publisher":{"@id":"https:\/\/extery.com\/fi\/#organization"},"potentialAction":[{"@type":"SearchAction","target":{"@type":"EntryPoint","urlTemplate":"https:\/\/extery.com\/fi\/?s={search_term_string}"},"query-input":{"@type":"PropertyValueSpecification","valueRequired":true,"valueName":"search_term_string"}}],"inLanguage":"fi"},{"@type":"Organization","@id":"https:\/\/extery.com\/fi\/#organization","name":"Extery","url":"https:\/\/extery.com\/fi\/","logo":{"@type":"ImageObject","inLanguage":"fi","@id":"https:\/\/extery.com\/fi\/#\/schema\/logo\/image\/","url":"https:\/\/extery.com\/wp-content\/uploads\/2023\/11\/footer-logo.svg","contentUrl":"https:\/\/extery.com\/wp-content\/uploads\/2023\/11\/footer-logo.svg","caption":"Extery"},"image":{"@id":"https:\/\/extery.com\/fi\/#\/schema\/logo\/image\/"}}]}},"_links":{"self":[{"href":"https:\/\/extery.com\/fi\/wp-json\/wp\/v2\/product\/3451","targetHints":{"allow":["GET"]}}],"collection":[{"href":"https:\/\/extery.com\/fi\/wp-json\/wp\/v2\/product"}],"about":[{"href":"https:\/\/extery.com\/fi\/wp-json\/wp\/v2\/types\/product"}],"replies":[{"embeddable":true,"href":"https:\/\/extery.com\/fi\/wp-json\/wp\/v2\/comments?post=3451"}],"wp:featuredmedia":[{"embeddable":true,"href":"https:\/\/extery.com\/fi\/wp-json\/wp\/v2\/media\/824"}],"wp:attachment":[{"href":"https:\/\/extery.com\/fi\/wp-json\/wp\/v2\/media?parent=3451"}],"wp:term":[{"taxonomy":"product_brand","embeddable":true,"href":"https:\/\/extery.com\/fi\/wp-json\/wp\/v2\/product_brand?post=3451"},{"taxonomy":"product_cat","embeddable":true,"href":"https:\/\/extery.com\/fi\/wp-json\/wp\/v2\/product_cat?post=3451"},{"taxonomy":"product_tag","embeddable":true,"href":"https:\/\/extery.com\/fi\/wp-json\/wp\/v2\/product_tag?post=3451"}],"curies":[{"name":"wp","href":"https:\/\/api.w.org\/{rel}","templated":true}]}}