{"id":3472,"date":"2020-11-12T08:06:15","date_gmt":"2020-11-12T08:06:15","guid":{"rendered":"https:\/\/extery.com\/?post_type=product&#038;p=3472"},"modified":"2026-04-07T13:20:10","modified_gmt":"2026-04-07T13:20:10","slug":"klaar-wood-poyta","status":"publish","type":"product","link":"https:\/\/extery.com\/fi\/tuotteet\/klaar-wood-poyta\/","title":{"rendered":"p\u00f6yt\u00e4 Klaar Wood"},"content":{"rendered":"<p>P\u00f6yt\u00e4 Klaar Wood kuuluu isompaan Klaar-perheeseen.<\/p>\n<p>Klaarille ominaiset rationaalisuus, neutraalisuus sek\u00e4 osien tarkka esteettinen viimeistely ovat laatuominaisuuksia, jotka eiv\u00e4t vanhene eiv\u00e4tk\u00e4 alistu nopeidenkaan trendimuutosten edess\u00e4. Penkin yksinkertaisen muodon ja materiaalien laajan valikoiman ansiosta Klaar sopii k\u00e4ytett\u00e4v\u00e4ksi arkkitehtuurisesti erilaisissa ratkaisuissa tarjoten ratkaisuja eri tarpeisiin.<br \/>\nSarjaan kuuluu sek\u00e4 kolmen istuttavia puistonpenkkej\u00e4, yhden istuttavia tuoleja, joissa on hyv\u00e4 istua ja rentoutua, katsella merelle tai paeta omiin ajatuksiin kaupunkimelusta, ett\u00e4 selk\u00e4nojattomat istuimet ja p\u00f6yt\u00e4, jolla p\u00e4\u00e4see luomaan piknik-alueita puistossa.<\/p>\n","protected":false},"excerpt":{"rendered":"<p>P\u00f6yt\u00e4 Klaar Wood kuuluu isompaan Klaar-perheeseen. Klaarille ominaiset rationaalisuus, neutraalisuus sek\u00e4 osien tarkka esteettinen viimeistely ovat laatuominaisuuksia, jotka eiv\u00e4t vanhene eiv\u00e4tk\u00e4 alistu nopeidenkaan trendimuutosten edess\u00e4. Penkin yksinkertaisen muodon ja materiaalien laajan valikoiman ansiosta Klaar sopii k\u00e4ytett\u00e4v\u00e4ksi arkkitehtuurisesti erilaisissa ratkaisuissa tarjoten ratkaisuja eri tarpeisiin. Sarjaan kuuluu sek\u00e4 kolmen istuttavia puistonpenkkej\u00e4, yhden istuttavia tuoleja, joissa on hyv\u00e4 [&hellip;]<\/p>\n","protected":false},"featured_media":663,"comment_status":"open","ping_status":"closed","template":"","meta":{"_acf_changed":false},"product_brand":[],"product_cat":[100],"product_tag":[],"class_list":{"0":"post-3472","1":"product","2":"type-product","3":"status-publish","4":"has-post-thumbnail","6":"product_cat-poydat","7":"product-family-klaar-wood-fi","9":"first","10":"instock","11":"shipping-taxable","12":"product-type-simple"},"acf":[],"yoast_head":"<!-- This site is optimized with the Yoast SEO plugin v26.4 - https:\/\/yoast.com\/wordpress\/plugins\/seo\/ -->\n<title>p\u00f6yt\u00e4 Klaar Wood - Extery puisto- ja kadunkalusteet<\/title>\n<meta name=\"description\" content=\"Klaar Wood -p\u00f6yd\u00e4lle on ominaista neutraalisuus ja tarkka esteettinen viimeistely. Puisto- ja kadunkalustevalikoimastamme l\u00f6yd\u00e4t tuotteita kaikkiin ymp\u00e4rist\u00f6ihin.\" \/>\n<meta name=\"robots\" content=\"index, follow, max-snippet:-1, max-image-preview:large, max-video-preview:-1\" \/>\n<link rel=\"canonical\" href=\"https:\/\/extery.com\/fi\/tuotteet\/klaar-wood-poyta\/\" \/>\n<meta property=\"og:locale\" content=\"fi_FI\" \/>\n<meta property=\"og:type\" content=\"article\" \/>\n<meta property=\"og:title\" content=\"p\u00f6yt\u00e4 Klaar Wood - Extery puisto- ja kadunkalusteet\" \/>\n<meta property=\"og:description\" content=\"Klaar Wood -p\u00f6yd\u00e4lle on ominaista neutraalisuus ja tarkka esteettinen viimeistely. Puisto- ja kadunkalustevalikoimastamme l\u00f6yd\u00e4t tuotteita kaikkiin ymp\u00e4rist\u00f6ihin.\" \/>\n<meta property=\"og:url\" content=\"https:\/\/extery.com\/fi\/tuotteet\/klaar-wood-poyta\/\" \/>\n<meta property=\"og:site_name\" content=\"Extery\" \/>\n<meta property=\"article:modified_time\" content=\"2026-04-07T13:20:10+00:00\" \/>\n<meta property=\"og:image\" content=\"https:\/\/extery.com\/wp-content\/uploads\/2020\/11\/Klaar-Wood-laud-E-scaled.jpg\" \/>\n\t<meta property=\"og:image:width\" content=\"2560\" \/>\n\t<meta property=\"og:image:height\" content=\"1707\" \/>\n\t<meta property=\"og:image:type\" content=\"image\/jpeg\" \/>\n<meta name=\"twitter:card\" content=\"summary_large_image\" \/>\n<meta name=\"twitter:label1\" content=\"Arvioitu lukuaika\" \/>\n\t<meta name=\"twitter:data1\" content=\"1 minuutti\" \/>\n<script type=\"application\/ld+json\" class=\"yoast-schema-graph\">{\"@context\":\"https:\/\/schema.org\",\"@graph\":[{\"@type\":\"WebPage\",\"@id\":\"https:\/\/extery.com\/fi\/tuotteet\/klaar-wood-poyta\/\",\"url\":\"https:\/\/extery.com\/fi\/tuotteet\/klaar-wood-poyta\/\",\"name\":\"p\u00f6yt\u00e4 Klaar Wood - Extery puisto- ja kadunkalusteet\",\"isPartOf\":{\"@id\":\"https:\/\/extery.com\/fi\/#website\"},\"primaryImageOfPage\":{\"@id\":\"https:\/\/extery.com\/fi\/tuotteet\/klaar-wood-poyta\/#primaryimage\"},\"image\":{\"@id\":\"https:\/\/extery.com\/fi\/tuotteet\/klaar-wood-poyta\/#primaryimage\"},\"thumbnailUrl\":\"https:\/\/extery.com\/wp-content\/uploads\/2020\/11\/Klaar-Wood-laud-E-scaled.jpg\",\"datePublished\":\"2020-11-12T08:06:15+00:00\",\"dateModified\":\"2026-04-07T13:20:10+00:00\",\"description\":\"Klaar Wood -p\u00f6yd\u00e4lle on ominaista neutraalisuus ja tarkka esteettinen viimeistely. Puisto- ja kadunkalustevalikoimastamme l\u00f6yd\u00e4t tuotteita kaikkiin ymp\u00e4rist\u00f6ihin.\",\"breadcrumb\":{\"@id\":\"https:\/\/extery.com\/fi\/tuotteet\/klaar-wood-poyta\/#breadcrumb\"},\"inLanguage\":\"fi\",\"potentialAction\":[{\"@type\":\"ReadAction\",\"target\":[\"https:\/\/extery.com\/fi\/tuotteet\/klaar-wood-poyta\/\"]}]},{\"@type\":\"ImageObject\",\"inLanguage\":\"fi\",\"@id\":\"https:\/\/extery.com\/fi\/tuotteet\/klaar-wood-poyta\/#primaryimage\",\"url\":\"https:\/\/extery.com\/wp-content\/uploads\/2020\/11\/Klaar-Wood-laud-E-scaled.jpg\",\"contentUrl\":\"https:\/\/extery.com\/wp-content\/uploads\/2020\/11\/Klaar-Wood-laud-E-scaled.jpg\",\"width\":2560,\"height\":1707},{\"@type\":\"BreadcrumbList\",\"@id\":\"https:\/\/extery.com\/fi\/tuotteet\/klaar-wood-poyta\/#breadcrumb\",\"itemListElement\":[{\"@type\":\"ListItem\",\"position\":1,\"name\":\"Home\",\"item\":\"https:\/\/extery.com\/fi\/\"},{\"@type\":\"ListItem\",\"position\":2,\"name\":\"Tuotteet\",\"item\":\"https:\/\/extery.com\/fi\/tuotteet\/\"},{\"@type\":\"ListItem\",\"position\":3,\"name\":\"p\u00f6yt\u00e4 Klaar Wood\"}]},{\"@type\":\"WebSite\",\"@id\":\"https:\/\/extery.com\/fi\/#website\",\"url\":\"https:\/\/extery.com\/fi\/\",\"name\":\"Extery\",\"description\":\"\",\"publisher\":{\"@id\":\"https:\/\/extery.com\/fi\/#organization\"},\"potentialAction\":[{\"@type\":\"SearchAction\",\"target\":{\"@type\":\"EntryPoint\",\"urlTemplate\":\"https:\/\/extery.com\/fi\/?s={search_term_string}\"},\"query-input\":{\"@type\":\"PropertyValueSpecification\",\"valueRequired\":true,\"valueName\":\"search_term_string\"}}],\"inLanguage\":\"fi\"},{\"@type\":\"Organization\",\"@id\":\"https:\/\/extery.com\/fi\/#organization\",\"name\":\"Extery\",\"url\":\"https:\/\/extery.com\/fi\/\",\"logo\":{\"@type\":\"ImageObject\",\"inLanguage\":\"fi\",\"@id\":\"https:\/\/extery.com\/fi\/#\/schema\/logo\/image\/\",\"url\":\"https:\/\/extery.com\/wp-content\/uploads\/2023\/11\/footer-logo.svg\",\"contentUrl\":\"https:\/\/extery.com\/wp-content\/uploads\/2023\/11\/footer-logo.svg\",\"caption\":\"Extery\"},\"image\":{\"@id\":\"https:\/\/extery.com\/fi\/#\/schema\/logo\/image\/\"}}]}<\/script>\n<!-- \/ Yoast SEO plugin. -->","yoast_head_json":{"title":"p\u00f6yt\u00e4 Klaar Wood - Extery puisto- ja kadunkalusteet","description":"Klaar Wood -p\u00f6yd\u00e4lle on ominaista neutraalisuus ja tarkka esteettinen viimeistely. Puisto- ja kadunkalustevalikoimastamme l\u00f6yd\u00e4t tuotteita kaikkiin ymp\u00e4rist\u00f6ihin.","robots":{"index":"index","follow":"follow","max-snippet":"max-snippet:-1","max-image-preview":"max-image-preview:large","max-video-preview":"max-video-preview:-1"},"canonical":"https:\/\/extery.com\/fi\/tuotteet\/klaar-wood-poyta\/","og_locale":"fi_FI","og_type":"article","og_title":"p\u00f6yt\u00e4 Klaar Wood - Extery puisto- ja kadunkalusteet","og_description":"Klaar Wood -p\u00f6yd\u00e4lle on ominaista neutraalisuus ja tarkka esteettinen viimeistely. Puisto- ja kadunkalustevalikoimastamme l\u00f6yd\u00e4t tuotteita kaikkiin ymp\u00e4rist\u00f6ihin.","og_url":"https:\/\/extery.com\/fi\/tuotteet\/klaar-wood-poyta\/","og_site_name":"Extery","article_modified_time":"2026-04-07T13:20:10+00:00","og_image":[{"width":2560,"height":1707,"url":"https:\/\/extery.com\/wp-content\/uploads\/2020\/11\/Klaar-Wood-laud-E-scaled.jpg","type":"image\/jpeg"}],"twitter_card":"summary_large_image","twitter_misc":{"Arvioitu lukuaika":"1 minuutti"},"schema":{"@context":"https:\/\/schema.org","@graph":[{"@type":"WebPage","@id":"https:\/\/extery.com\/fi\/tuotteet\/klaar-wood-poyta\/","url":"https:\/\/extery.com\/fi\/tuotteet\/klaar-wood-poyta\/","name":"p\u00f6yt\u00e4 Klaar Wood - Extery puisto- ja kadunkalusteet","isPartOf":{"@id":"https:\/\/extery.com\/fi\/#website"},"primaryImageOfPage":{"@id":"https:\/\/extery.com\/fi\/tuotteet\/klaar-wood-poyta\/#primaryimage"},"image":{"@id":"https:\/\/extery.com\/fi\/tuotteet\/klaar-wood-poyta\/#primaryimage"},"thumbnailUrl":"https:\/\/extery.com\/wp-content\/uploads\/2020\/11\/Klaar-Wood-laud-E-scaled.jpg","datePublished":"2020-11-12T08:06:15+00:00","dateModified":"2026-04-07T13:20:10+00:00","description":"Klaar Wood -p\u00f6yd\u00e4lle on ominaista neutraalisuus ja tarkka esteettinen viimeistely. Puisto- ja kadunkalustevalikoimastamme l\u00f6yd\u00e4t tuotteita kaikkiin ymp\u00e4rist\u00f6ihin.","breadcrumb":{"@id":"https:\/\/extery.com\/fi\/tuotteet\/klaar-wood-poyta\/#breadcrumb"},"inLanguage":"fi","potentialAction":[{"@type":"ReadAction","target":["https:\/\/extery.com\/fi\/tuotteet\/klaar-wood-poyta\/"]}]},{"@type":"ImageObject","inLanguage":"fi","@id":"https:\/\/extery.com\/fi\/tuotteet\/klaar-wood-poyta\/#primaryimage","url":"https:\/\/extery.com\/wp-content\/uploads\/2020\/11\/Klaar-Wood-laud-E-scaled.jpg","contentUrl":"https:\/\/extery.com\/wp-content\/uploads\/2020\/11\/Klaar-Wood-laud-E-scaled.jpg","width":2560,"height":1707},{"@type":"BreadcrumbList","@id":"https:\/\/extery.com\/fi\/tuotteet\/klaar-wood-poyta\/#breadcrumb","itemListElement":[{"@type":"ListItem","position":1,"name":"Home","item":"https:\/\/extery.com\/fi\/"},{"@type":"ListItem","position":2,"name":"Tuotteet","item":"https:\/\/extery.com\/fi\/tuotteet\/"},{"@type":"ListItem","position":3,"name":"p\u00f6yt\u00e4 Klaar Wood"}]},{"@type":"WebSite","@id":"https:\/\/extery.com\/fi\/#website","url":"https:\/\/extery.com\/fi\/","name":"Extery","description":"","publisher":{"@id":"https:\/\/extery.com\/fi\/#organization"},"potentialAction":[{"@type":"SearchAction","target":{"@type":"EntryPoint","urlTemplate":"https:\/\/extery.com\/fi\/?s={search_term_string}"},"query-input":{"@type":"PropertyValueSpecification","valueRequired":true,"valueName":"search_term_string"}}],"inLanguage":"fi"},{"@type":"Organization","@id":"https:\/\/extery.com\/fi\/#organization","name":"Extery","url":"https:\/\/extery.com\/fi\/","logo":{"@type":"ImageObject","inLanguage":"fi","@id":"https:\/\/extery.com\/fi\/#\/schema\/logo\/image\/","url":"https:\/\/extery.com\/wp-content\/uploads\/2023\/11\/footer-logo.svg","contentUrl":"https:\/\/extery.com\/wp-content\/uploads\/2023\/11\/footer-logo.svg","caption":"Extery"},"image":{"@id":"https:\/\/extery.com\/fi\/#\/schema\/logo\/image\/"}}]}},"_links":{"self":[{"href":"https:\/\/extery.com\/fi\/wp-json\/wp\/v2\/product\/3472","targetHints":{"allow":["GET"]}}],"collection":[{"href":"https:\/\/extery.com\/fi\/wp-json\/wp\/v2\/product"}],"about":[{"href":"https:\/\/extery.com\/fi\/wp-json\/wp\/v2\/types\/product"}],"replies":[{"embeddable":true,"href":"https:\/\/extery.com\/fi\/wp-json\/wp\/v2\/comments?post=3472"}],"wp:featuredmedia":[{"embeddable":true,"href":"https:\/\/extery.com\/fi\/wp-json\/wp\/v2\/media\/663"}],"wp:attachment":[{"href":"https:\/\/extery.com\/fi\/wp-json\/wp\/v2\/media?parent=3472"}],"wp:term":[{"taxonomy":"product_brand","embeddable":true,"href":"https:\/\/extery.com\/fi\/wp-json\/wp\/v2\/product_brand?post=3472"},{"taxonomy":"product_cat","embeddable":true,"href":"https:\/\/extery.com\/fi\/wp-json\/wp\/v2\/product_cat?post=3472"},{"taxonomy":"product_tag","embeddable":true,"href":"https:\/\/extery.com\/fi\/wp-json\/wp\/v2\/product_tag?post=3472"}],"curies":[{"name":"wp","href":"https:\/\/api.w.org\/{rel}","templated":true}]}}