{"id":3479,"date":"2020-11-12T08:26:19","date_gmt":"2020-11-12T08:26:19","guid":{"rendered":"https:\/\/extery.com\/?post_type=product&#038;p=3479"},"modified":"2026-04-13T10:09:47","modified_gmt":"2026-04-13T10:09:47","slug":"voog-lepotuoli","status":"publish","type":"product","link":"https:\/\/extery.com\/fi\/tuotteet\/voog-lepotuoli\/","title":{"rendered":"lepotuoli Voog"},"content":{"rendered":"<p>Lepotuoli Voog on kuin maisemasuunnittelun elementti.<br \/>\nVoog on penkki, jossa on serpentiinim\u00e4inen selk\u00e4noja, joka n\u00e4ytt\u00e4isi nousevan yl\u00f6s maasta. Harmoninen ja maisemaa sekoittava pehme\u00e4 muoto ker\u00e4\u00e4 huomiota olemalla moitteettoman huomaamaton.<\/p>\n<p>Erikseen lis\u00e4tt\u00e4v\u00e4t LED-profiilit auttavat luomaan oikean tunnelman pime\u00e4n\u00e4 aikana.<\/p>\n<p>Voog-perheess\u00e4 on klassinen kolmen istuttava penkki, tuoli ja 2 hengen aurinkotuoli.<\/p>\n","protected":false},"excerpt":{"rendered":"<p>Lepotuoli Voog on kuin maisemasuunnittelun elementti. Voog on penkki, jossa on serpentiinim\u00e4inen selk\u00e4noja, joka n\u00e4ytt\u00e4isi nousevan yl\u00f6s maasta. Harmoninen ja maisemaa sekoittava pehme\u00e4 muoto ker\u00e4\u00e4 huomiota olemalla moitteettoman huomaamaton. Erikseen lis\u00e4tt\u00e4v\u00e4t LED-profiilit auttavat luomaan oikean tunnelman pime\u00e4n\u00e4 aikana. Voog-perheess\u00e4 on klassinen kolmen istuttava penkki, tuoli ja 2 hengen aurinkotuoli.<\/p>\n","protected":false},"featured_media":18918,"comment_status":"open","ping_status":"closed","template":"","meta":{"_acf_changed":false},"product_brand":[],"product_cat":[95],"product_tag":[],"class_list":{"0":"post-3479","1":"product","2":"type-product","3":"status-publish","4":"has-post-thumbnail","6":"product_cat-penkit-selkanojalla","7":"product-family-voog-fi","9":"first","10":"instock","11":"shipping-taxable","12":"product-type-simple"},"acf":[],"yoast_head":"<!-- This site is optimized with the Yoast SEO plugin v26.4 - https:\/\/yoast.com\/wordpress\/plugins\/seo\/ -->\n<title>lepotuoli Voog - Extery<\/title>\n<meta name=\"description\" content=\"Lepotuoli Voog on kuin maisemasuunnittelun elementti. Puisto- ja kadunkalustevalikoimastamme l\u00f6yd\u00e4t tuotteita kaikkiin ymp\u00e4rist\u00f6ihin.\" \/>\n<meta name=\"robots\" content=\"index, follow, max-snippet:-1, max-image-preview:large, max-video-preview:-1\" \/>\n<link rel=\"canonical\" href=\"https:\/\/extery.com\/fi\/tuotteet\/voog-lepotuoli\/\" \/>\n<meta property=\"og:locale\" content=\"fi_FI\" \/>\n<meta property=\"og:type\" content=\"article\" \/>\n<meta property=\"og:title\" content=\"lepotuoli Voog - Extery\" \/>\n<meta property=\"og:description\" content=\"Lepotuoli Voog on kuin maisemasuunnittelun elementti. Puisto- ja kadunkalustevalikoimastamme l\u00f6yd\u00e4t tuotteita kaikkiin ymp\u00e4rist\u00f6ihin.\" \/>\n<meta property=\"og:url\" content=\"https:\/\/extery.com\/fi\/tuotteet\/voog-lepotuoli\/\" \/>\n<meta property=\"og:site_name\" content=\"Extery\" \/>\n<meta property=\"article:modified_time\" content=\"2026-04-13T10:09:47+00:00\" \/>\n<meta property=\"og:image\" content=\"https:\/\/extery.com\/wp-content\/uploads\/2022\/07\/pargipink-Voog-Extery-linnamoobel-pargipingid-pargimoobel-valimoobel2-scaled.jpg\" \/>\n\t<meta property=\"og:image:width\" content=\"2560\" \/>\n\t<meta property=\"og:image:height\" content=\"1707\" \/>\n\t<meta property=\"og:image:type\" content=\"image\/jpeg\" \/>\n<meta name=\"twitter:card\" content=\"summary_large_image\" \/>\n<meta name=\"twitter:label1\" content=\"Arvioitu lukuaika\" \/>\n\t<meta name=\"twitter:data1\" content=\"1 minuutti\" \/>\n<script type=\"application\/ld+json\" class=\"yoast-schema-graph\">{\"@context\":\"https:\/\/schema.org\",\"@graph\":[{\"@type\":\"WebPage\",\"@id\":\"https:\/\/extery.com\/fi\/tuotteet\/voog-lepotuoli\/\",\"url\":\"https:\/\/extery.com\/fi\/tuotteet\/voog-lepotuoli\/\",\"name\":\"lepotuoli Voog - Extery\",\"isPartOf\":{\"@id\":\"https:\/\/extery.com\/fi\/#website\"},\"primaryImageOfPage\":{\"@id\":\"https:\/\/extery.com\/fi\/tuotteet\/voog-lepotuoli\/#primaryimage\"},\"image\":{\"@id\":\"https:\/\/extery.com\/fi\/tuotteet\/voog-lepotuoli\/#primaryimage\"},\"thumbnailUrl\":\"https:\/\/extery.com\/wp-content\/uploads\/2022\/07\/pargipink-Voog-Extery-linnamoobel-pargipingid-pargimoobel-valimoobel2-scaled.jpg\",\"datePublished\":\"2020-11-12T08:26:19+00:00\",\"dateModified\":\"2026-04-13T10:09:47+00:00\",\"description\":\"Lepotuoli Voog on kuin maisemasuunnittelun elementti. Puisto- ja kadunkalustevalikoimastamme l\u00f6yd\u00e4t tuotteita kaikkiin ymp\u00e4rist\u00f6ihin.\",\"breadcrumb\":{\"@id\":\"https:\/\/extery.com\/fi\/tuotteet\/voog-lepotuoli\/#breadcrumb\"},\"inLanguage\":\"fi\",\"potentialAction\":[{\"@type\":\"ReadAction\",\"target\":[\"https:\/\/extery.com\/fi\/tuotteet\/voog-lepotuoli\/\"]}]},{\"@type\":\"ImageObject\",\"inLanguage\":\"fi\",\"@id\":\"https:\/\/extery.com\/fi\/tuotteet\/voog-lepotuoli\/#primaryimage\",\"url\":\"https:\/\/extery.com\/wp-content\/uploads\/2022\/07\/pargipink-Voog-Extery-linnamoobel-pargipingid-pargimoobel-valimoobel2-scaled.jpg\",\"contentUrl\":\"https:\/\/extery.com\/wp-content\/uploads\/2022\/07\/pargipink-Voog-Extery-linnamoobel-pargipingid-pargimoobel-valimoobel2-scaled.jpg\",\"width\":2560,\"height\":1707},{\"@type\":\"BreadcrumbList\",\"@id\":\"https:\/\/extery.com\/fi\/tuotteet\/voog-lepotuoli\/#breadcrumb\",\"itemListElement\":[{\"@type\":\"ListItem\",\"position\":1,\"name\":\"Home\",\"item\":\"https:\/\/extery.com\/fi\/\"},{\"@type\":\"ListItem\",\"position\":2,\"name\":\"Tuotteet\",\"item\":\"https:\/\/extery.com\/fi\/tuotteet\/\"},{\"@type\":\"ListItem\",\"position\":3,\"name\":\"lepotuoli Voog\"}]},{\"@type\":\"WebSite\",\"@id\":\"https:\/\/extery.com\/fi\/#website\",\"url\":\"https:\/\/extery.com\/fi\/\",\"name\":\"Extery\",\"description\":\"\",\"publisher\":{\"@id\":\"https:\/\/extery.com\/fi\/#organization\"},\"potentialAction\":[{\"@type\":\"SearchAction\",\"target\":{\"@type\":\"EntryPoint\",\"urlTemplate\":\"https:\/\/extery.com\/fi\/?s={search_term_string}\"},\"query-input\":{\"@type\":\"PropertyValueSpecification\",\"valueRequired\":true,\"valueName\":\"search_term_string\"}}],\"inLanguage\":\"fi\"},{\"@type\":\"Organization\",\"@id\":\"https:\/\/extery.com\/fi\/#organization\",\"name\":\"Extery\",\"url\":\"https:\/\/extery.com\/fi\/\",\"logo\":{\"@type\":\"ImageObject\",\"inLanguage\":\"fi\",\"@id\":\"https:\/\/extery.com\/fi\/#\/schema\/logo\/image\/\",\"url\":\"https:\/\/extery.com\/wp-content\/uploads\/2023\/11\/footer-logo.svg\",\"contentUrl\":\"https:\/\/extery.com\/wp-content\/uploads\/2023\/11\/footer-logo.svg\",\"caption\":\"Extery \"},\"image\":{\"@id\":\"https:\/\/extery.com\/fi\/#\/schema\/logo\/image\/\"}}]}<\/script>\n<!-- \/ Yoast SEO plugin. -->","yoast_head_json":{"title":"lepotuoli Voog - Extery","description":"Lepotuoli Voog on kuin maisemasuunnittelun elementti. Puisto- ja kadunkalustevalikoimastamme l\u00f6yd\u00e4t tuotteita kaikkiin ymp\u00e4rist\u00f6ihin.","robots":{"index":"index","follow":"follow","max-snippet":"max-snippet:-1","max-image-preview":"max-image-preview:large","max-video-preview":"max-video-preview:-1"},"canonical":"https:\/\/extery.com\/fi\/tuotteet\/voog-lepotuoli\/","og_locale":"fi_FI","og_type":"article","og_title":"lepotuoli Voog - Extery","og_description":"Lepotuoli Voog on kuin maisemasuunnittelun elementti. Puisto- ja kadunkalustevalikoimastamme l\u00f6yd\u00e4t tuotteita kaikkiin ymp\u00e4rist\u00f6ihin.","og_url":"https:\/\/extery.com\/fi\/tuotteet\/voog-lepotuoli\/","og_site_name":"Extery","article_modified_time":"2026-04-13T10:09:47+00:00","og_image":[{"width":2560,"height":1707,"url":"https:\/\/extery.com\/wp-content\/uploads\/2022\/07\/pargipink-Voog-Extery-linnamoobel-pargipingid-pargimoobel-valimoobel2-scaled.jpg","type":"image\/jpeg"}],"twitter_card":"summary_large_image","twitter_misc":{"Arvioitu lukuaika":"1 minuutti"},"schema":{"@context":"https:\/\/schema.org","@graph":[{"@type":"WebPage","@id":"https:\/\/extery.com\/fi\/tuotteet\/voog-lepotuoli\/","url":"https:\/\/extery.com\/fi\/tuotteet\/voog-lepotuoli\/","name":"lepotuoli Voog - Extery","isPartOf":{"@id":"https:\/\/extery.com\/fi\/#website"},"primaryImageOfPage":{"@id":"https:\/\/extery.com\/fi\/tuotteet\/voog-lepotuoli\/#primaryimage"},"image":{"@id":"https:\/\/extery.com\/fi\/tuotteet\/voog-lepotuoli\/#primaryimage"},"thumbnailUrl":"https:\/\/extery.com\/wp-content\/uploads\/2022\/07\/pargipink-Voog-Extery-linnamoobel-pargipingid-pargimoobel-valimoobel2-scaled.jpg","datePublished":"2020-11-12T08:26:19+00:00","dateModified":"2026-04-13T10:09:47+00:00","description":"Lepotuoli Voog on kuin maisemasuunnittelun elementti. Puisto- ja kadunkalustevalikoimastamme l\u00f6yd\u00e4t tuotteita kaikkiin ymp\u00e4rist\u00f6ihin.","breadcrumb":{"@id":"https:\/\/extery.com\/fi\/tuotteet\/voog-lepotuoli\/#breadcrumb"},"inLanguage":"fi","potentialAction":[{"@type":"ReadAction","target":["https:\/\/extery.com\/fi\/tuotteet\/voog-lepotuoli\/"]}]},{"@type":"ImageObject","inLanguage":"fi","@id":"https:\/\/extery.com\/fi\/tuotteet\/voog-lepotuoli\/#primaryimage","url":"https:\/\/extery.com\/wp-content\/uploads\/2022\/07\/pargipink-Voog-Extery-linnamoobel-pargipingid-pargimoobel-valimoobel2-scaled.jpg","contentUrl":"https:\/\/extery.com\/wp-content\/uploads\/2022\/07\/pargipink-Voog-Extery-linnamoobel-pargipingid-pargimoobel-valimoobel2-scaled.jpg","width":2560,"height":1707},{"@type":"BreadcrumbList","@id":"https:\/\/extery.com\/fi\/tuotteet\/voog-lepotuoli\/#breadcrumb","itemListElement":[{"@type":"ListItem","position":1,"name":"Home","item":"https:\/\/extery.com\/fi\/"},{"@type":"ListItem","position":2,"name":"Tuotteet","item":"https:\/\/extery.com\/fi\/tuotteet\/"},{"@type":"ListItem","position":3,"name":"lepotuoli Voog"}]},{"@type":"WebSite","@id":"https:\/\/extery.com\/fi\/#website","url":"https:\/\/extery.com\/fi\/","name":"Extery","description":"","publisher":{"@id":"https:\/\/extery.com\/fi\/#organization"},"potentialAction":[{"@type":"SearchAction","target":{"@type":"EntryPoint","urlTemplate":"https:\/\/extery.com\/fi\/?s={search_term_string}"},"query-input":{"@type":"PropertyValueSpecification","valueRequired":true,"valueName":"search_term_string"}}],"inLanguage":"fi"},{"@type":"Organization","@id":"https:\/\/extery.com\/fi\/#organization","name":"Extery","url":"https:\/\/extery.com\/fi\/","logo":{"@type":"ImageObject","inLanguage":"fi","@id":"https:\/\/extery.com\/fi\/#\/schema\/logo\/image\/","url":"https:\/\/extery.com\/wp-content\/uploads\/2023\/11\/footer-logo.svg","contentUrl":"https:\/\/extery.com\/wp-content\/uploads\/2023\/11\/footer-logo.svg","caption":"Extery "},"image":{"@id":"https:\/\/extery.com\/fi\/#\/schema\/logo\/image\/"}}]}},"_links":{"self":[{"href":"https:\/\/extery.com\/fi\/wp-json\/wp\/v2\/product\/3479","targetHints":{"allow":["GET"]}}],"collection":[{"href":"https:\/\/extery.com\/fi\/wp-json\/wp\/v2\/product"}],"about":[{"href":"https:\/\/extery.com\/fi\/wp-json\/wp\/v2\/types\/product"}],"replies":[{"embeddable":true,"href":"https:\/\/extery.com\/fi\/wp-json\/wp\/v2\/comments?post=3479"}],"wp:featuredmedia":[{"embeddable":true,"href":"https:\/\/extery.com\/fi\/wp-json\/wp\/v2\/media\/18918"}],"wp:attachment":[{"href":"https:\/\/extery.com\/fi\/wp-json\/wp\/v2\/media?parent=3479"}],"wp:term":[{"taxonomy":"product_brand","embeddable":true,"href":"https:\/\/extery.com\/fi\/wp-json\/wp\/v2\/product_brand?post=3479"},{"taxonomy":"product_cat","embeddable":true,"href":"https:\/\/extery.com\/fi\/wp-json\/wp\/v2\/product_cat?post=3479"},{"taxonomy":"product_tag","embeddable":true,"href":"https:\/\/extery.com\/fi\/wp-json\/wp\/v2\/product_tag?post=3479"}],"curies":[{"name":"wp","href":"https:\/\/api.w.org\/{rel}","templated":true}]}}