{"id":3581,"date":"2020-11-12T11:02:07","date_gmt":"2020-11-12T11:02:07","guid":{"rendered":"https:\/\/extery.com\/?post_type=product&#038;p=3581"},"modified":"2026-04-13T11:04:51","modified_gmt":"2026-04-13T11:04:51","slug":"roska-astia-nove","status":"publish","type":"product","link":"https:\/\/extery.com\/fi\/tuotteet\/roska-astia-nove\/","title":{"rendered":"roska-astia Nove"},"content":{"rendered":"<p>Roska-astia NOVE on suunniteltu t\u00e4ytt\u00e4m\u00e4\u00e4n kaupunkiymp\u00e4rist\u00f6n tiukimmatkin vaatimukset.<\/p>\n<p>Vinot pinnat ja rakenteelliset kontrastit tekev\u00e4t Noven ulkoasusta modernin ja dynaamisen. Rohkeista muodoista huolimatta sen hienostunut ja viimeistelty muotoilu on konstailematon ja sopii monenlaisiin ymp\u00e4rist\u00f6ihin. Roska-aukon katos est\u00e4\u00e4 sadeveden p\u00e4\u00e4syn s\u00e4ili\u00f6n sis\u00e4\u00e4n ja on sellaisessa kulmassa, ett\u00e4 j\u00e4tteit\u00e4 ei voi j\u00e4tt\u00e4\u00e4 roska-astian p\u00e4\u00e4lle.<\/p>\n<p>Kahden eri v\u00e4rin yhdistelm\u00e4 kehikossa ja rungossa korostaa niiden omaleimaisia yksityiskohtia ja Noven uniikkia luonnetta.<\/p>\n","protected":false},"excerpt":{"rendered":"<p>Roska-astia NOVE on suunniteltu t\u00e4ytt\u00e4m\u00e4\u00e4n kaupunkiymp\u00e4rist\u00f6n tiukimmatkin vaatimukset. Vinot pinnat ja rakenteelliset kontrastit tekev\u00e4t Noven ulkoasusta modernin ja dynaamisen. Rohkeista muodoista huolimatta sen hienostunut ja viimeistelty muotoilu on konstailematon ja sopii monenlaisiin ymp\u00e4rist\u00f6ihin. Roska-aukon katos est\u00e4\u00e4 sadeveden p\u00e4\u00e4syn s\u00e4ili\u00f6n sis\u00e4\u00e4n ja on sellaisessa kulmassa, ett\u00e4 j\u00e4tteit\u00e4 ei voi j\u00e4tt\u00e4\u00e4 roska-astian p\u00e4\u00e4lle. Kahden eri v\u00e4rin yhdistelm\u00e4 [&hellip;]<\/p>\n","protected":false},"featured_media":2067,"comment_status":"open","ping_status":"closed","template":"","meta":{"_acf_changed":false},"product_brand":[],"product_cat":[116],"product_tag":[],"class_list":{"0":"post-3581","1":"product","2":"type-product","3":"status-publish","4":"has-post-thumbnail","6":"product_cat-roska-astiat","7":"product-family-nove-fi","9":"first","10":"instock","11":"shipping-taxable","12":"product-type-simple"},"acf":[],"yoast_head":"<!-- This site is optimized with the Yoast SEO plugin v26.4 - https:\/\/yoast.com\/wordpress\/plugins\/seo\/ -->\n<title>roska-astia Nove - Extery roskakorit kaupunkikalusteiden ker\u00e4\u00e4miseen<\/title>\n<meta name=\"description\" content=\"Roska-astia NOVE on suunniteltu t\u00e4ytt\u00e4m\u00e4\u00e4n kaupunkiymp\u00e4rist\u00f6n tiukimmatkin vaatimukset.\" \/>\n<meta name=\"robots\" content=\"index, follow, max-snippet:-1, max-image-preview:large, max-video-preview:-1\" \/>\n<link rel=\"canonical\" href=\"https:\/\/extery.com\/fi\/tuotteet\/roska-astia-nove\/\" \/>\n<meta property=\"og:locale\" content=\"fi_FI\" \/>\n<meta property=\"og:type\" content=\"article\" \/>\n<meta property=\"og:title\" content=\"roska-astia Nove - Extery roskakorit kaupunkikalusteiden ker\u00e4\u00e4miseen\" \/>\n<meta property=\"og:description\" content=\"Roska-astia NOVE on suunniteltu t\u00e4ytt\u00e4m\u00e4\u00e4n kaupunkiymp\u00e4rist\u00f6n tiukimmatkin vaatimukset.\" \/>\n<meta property=\"og:url\" content=\"https:\/\/extery.com\/fi\/tuotteet\/roska-astia-nove\/\" \/>\n<meta property=\"og:site_name\" content=\"Extery\" \/>\n<meta property=\"article:modified_time\" content=\"2026-04-13T11:04:51+00:00\" \/>\n<meta property=\"og:image\" content=\"https:\/\/extery.com\/wp-content\/uploads\/2020\/11\/Nove-E-scaled.jpg\" \/>\n\t<meta property=\"og:image:width\" content=\"2560\" \/>\n\t<meta property=\"og:image:height\" content=\"1707\" \/>\n\t<meta property=\"og:image:type\" content=\"image\/jpeg\" \/>\n<meta name=\"twitter:card\" content=\"summary_large_image\" \/>\n<meta name=\"twitter:label1\" content=\"Arvioitu lukuaika\" \/>\n\t<meta name=\"twitter:data1\" content=\"1 minuutti\" \/>\n<script type=\"application\/ld+json\" class=\"yoast-schema-graph\">{\"@context\":\"https:\/\/schema.org\",\"@graph\":[{\"@type\":\"WebPage\",\"@id\":\"https:\/\/extery.com\/fi\/tuotteet\/roska-astia-nove\/\",\"url\":\"https:\/\/extery.com\/fi\/tuotteet\/roska-astia-nove\/\",\"name\":\"roska-astia Nove - Extery roskakorit kaupunkikalusteiden ker\u00e4\u00e4miseen\",\"isPartOf\":{\"@id\":\"https:\/\/extery.com\/fi\/#website\"},\"primaryImageOfPage\":{\"@id\":\"https:\/\/extery.com\/fi\/tuotteet\/roska-astia-nove\/#primaryimage\"},\"image\":{\"@id\":\"https:\/\/extery.com\/fi\/tuotteet\/roska-astia-nove\/#primaryimage\"},\"thumbnailUrl\":\"https:\/\/extery.com\/wp-content\/uploads\/2020\/11\/Nove-E-scaled.jpg\",\"datePublished\":\"2020-11-12T11:02:07+00:00\",\"dateModified\":\"2026-04-13T11:04:51+00:00\",\"description\":\"Roska-astia NOVE on suunniteltu t\u00e4ytt\u00e4m\u00e4\u00e4n kaupunkiymp\u00e4rist\u00f6n tiukimmatkin vaatimukset.\",\"breadcrumb\":{\"@id\":\"https:\/\/extery.com\/fi\/tuotteet\/roska-astia-nove\/#breadcrumb\"},\"inLanguage\":\"fi\",\"potentialAction\":[{\"@type\":\"ReadAction\",\"target\":[\"https:\/\/extery.com\/fi\/tuotteet\/roska-astia-nove\/\"]}]},{\"@type\":\"ImageObject\",\"inLanguage\":\"fi\",\"@id\":\"https:\/\/extery.com\/fi\/tuotteet\/roska-astia-nove\/#primaryimage\",\"url\":\"https:\/\/extery.com\/wp-content\/uploads\/2020\/11\/Nove-E-scaled.jpg\",\"contentUrl\":\"https:\/\/extery.com\/wp-content\/uploads\/2020\/11\/Nove-E-scaled.jpg\",\"width\":2560,\"height\":1707,\"caption\":\"Roska-astia\"},{\"@type\":\"BreadcrumbList\",\"@id\":\"https:\/\/extery.com\/fi\/tuotteet\/roska-astia-nove\/#breadcrumb\",\"itemListElement\":[{\"@type\":\"ListItem\",\"position\":1,\"name\":\"Home\",\"item\":\"https:\/\/extery.com\/fi\/\"},{\"@type\":\"ListItem\",\"position\":2,\"name\":\"Tuotteet\",\"item\":\"https:\/\/extery.com\/fi\/tuotteet\/\"},{\"@type\":\"ListItem\",\"position\":3,\"name\":\"roska-astia Nove\"}]},{\"@type\":\"WebSite\",\"@id\":\"https:\/\/extery.com\/fi\/#website\",\"url\":\"https:\/\/extery.com\/fi\/\",\"name\":\"Extery\",\"description\":\"\",\"publisher\":{\"@id\":\"https:\/\/extery.com\/fi\/#organization\"},\"potentialAction\":[{\"@type\":\"SearchAction\",\"target\":{\"@type\":\"EntryPoint\",\"urlTemplate\":\"https:\/\/extery.com\/fi\/?s={search_term_string}\"},\"query-input\":{\"@type\":\"PropertyValueSpecification\",\"valueRequired\":true,\"valueName\":\"search_term_string\"}}],\"inLanguage\":\"fi\"},{\"@type\":\"Organization\",\"@id\":\"https:\/\/extery.com\/fi\/#organization\",\"name\":\"Extery\",\"url\":\"https:\/\/extery.com\/fi\/\",\"logo\":{\"@type\":\"ImageObject\",\"inLanguage\":\"fi\",\"@id\":\"https:\/\/extery.com\/fi\/#\/schema\/logo\/image\/\",\"url\":\"https:\/\/extery.com\/wp-content\/uploads\/2023\/11\/footer-logo.svg\",\"contentUrl\":\"https:\/\/extery.com\/wp-content\/uploads\/2023\/11\/footer-logo.svg\",\"caption\":\"Extery \"},\"image\":{\"@id\":\"https:\/\/extery.com\/fi\/#\/schema\/logo\/image\/\"}}]}<\/script>\n<!-- \/ Yoast SEO plugin. -->","yoast_head_json":{"title":"roska-astia Nove - Extery roskakorit kaupunkikalusteiden ker\u00e4\u00e4miseen","description":"Roska-astia NOVE on suunniteltu t\u00e4ytt\u00e4m\u00e4\u00e4n kaupunkiymp\u00e4rist\u00f6n tiukimmatkin vaatimukset.","robots":{"index":"index","follow":"follow","max-snippet":"max-snippet:-1","max-image-preview":"max-image-preview:large","max-video-preview":"max-video-preview:-1"},"canonical":"https:\/\/extery.com\/fi\/tuotteet\/roska-astia-nove\/","og_locale":"fi_FI","og_type":"article","og_title":"roska-astia Nove - Extery roskakorit kaupunkikalusteiden ker\u00e4\u00e4miseen","og_description":"Roska-astia NOVE on suunniteltu t\u00e4ytt\u00e4m\u00e4\u00e4n kaupunkiymp\u00e4rist\u00f6n tiukimmatkin vaatimukset.","og_url":"https:\/\/extery.com\/fi\/tuotteet\/roska-astia-nove\/","og_site_name":"Extery","article_modified_time":"2026-04-13T11:04:51+00:00","og_image":[{"width":2560,"height":1707,"url":"https:\/\/extery.com\/wp-content\/uploads\/2020\/11\/Nove-E-scaled.jpg","type":"image\/jpeg"}],"twitter_card":"summary_large_image","twitter_misc":{"Arvioitu lukuaika":"1 minuutti"},"schema":{"@context":"https:\/\/schema.org","@graph":[{"@type":"WebPage","@id":"https:\/\/extery.com\/fi\/tuotteet\/roska-astia-nove\/","url":"https:\/\/extery.com\/fi\/tuotteet\/roska-astia-nove\/","name":"roska-astia Nove - Extery roskakorit kaupunkikalusteiden ker\u00e4\u00e4miseen","isPartOf":{"@id":"https:\/\/extery.com\/fi\/#website"},"primaryImageOfPage":{"@id":"https:\/\/extery.com\/fi\/tuotteet\/roska-astia-nove\/#primaryimage"},"image":{"@id":"https:\/\/extery.com\/fi\/tuotteet\/roska-astia-nove\/#primaryimage"},"thumbnailUrl":"https:\/\/extery.com\/wp-content\/uploads\/2020\/11\/Nove-E-scaled.jpg","datePublished":"2020-11-12T11:02:07+00:00","dateModified":"2026-04-13T11:04:51+00:00","description":"Roska-astia NOVE on suunniteltu t\u00e4ytt\u00e4m\u00e4\u00e4n kaupunkiymp\u00e4rist\u00f6n tiukimmatkin vaatimukset.","breadcrumb":{"@id":"https:\/\/extery.com\/fi\/tuotteet\/roska-astia-nove\/#breadcrumb"},"inLanguage":"fi","potentialAction":[{"@type":"ReadAction","target":["https:\/\/extery.com\/fi\/tuotteet\/roska-astia-nove\/"]}]},{"@type":"ImageObject","inLanguage":"fi","@id":"https:\/\/extery.com\/fi\/tuotteet\/roska-astia-nove\/#primaryimage","url":"https:\/\/extery.com\/wp-content\/uploads\/2020\/11\/Nove-E-scaled.jpg","contentUrl":"https:\/\/extery.com\/wp-content\/uploads\/2020\/11\/Nove-E-scaled.jpg","width":2560,"height":1707,"caption":"Roska-astia"},{"@type":"BreadcrumbList","@id":"https:\/\/extery.com\/fi\/tuotteet\/roska-astia-nove\/#breadcrumb","itemListElement":[{"@type":"ListItem","position":1,"name":"Home","item":"https:\/\/extery.com\/fi\/"},{"@type":"ListItem","position":2,"name":"Tuotteet","item":"https:\/\/extery.com\/fi\/tuotteet\/"},{"@type":"ListItem","position":3,"name":"roska-astia Nove"}]},{"@type":"WebSite","@id":"https:\/\/extery.com\/fi\/#website","url":"https:\/\/extery.com\/fi\/","name":"Extery","description":"","publisher":{"@id":"https:\/\/extery.com\/fi\/#organization"},"potentialAction":[{"@type":"SearchAction","target":{"@type":"EntryPoint","urlTemplate":"https:\/\/extery.com\/fi\/?s={search_term_string}"},"query-input":{"@type":"PropertyValueSpecification","valueRequired":true,"valueName":"search_term_string"}}],"inLanguage":"fi"},{"@type":"Organization","@id":"https:\/\/extery.com\/fi\/#organization","name":"Extery","url":"https:\/\/extery.com\/fi\/","logo":{"@type":"ImageObject","inLanguage":"fi","@id":"https:\/\/extery.com\/fi\/#\/schema\/logo\/image\/","url":"https:\/\/extery.com\/wp-content\/uploads\/2023\/11\/footer-logo.svg","contentUrl":"https:\/\/extery.com\/wp-content\/uploads\/2023\/11\/footer-logo.svg","caption":"Extery "},"image":{"@id":"https:\/\/extery.com\/fi\/#\/schema\/logo\/image\/"}}]}},"_links":{"self":[{"href":"https:\/\/extery.com\/fi\/wp-json\/wp\/v2\/product\/3581","targetHints":{"allow":["GET"]}}],"collection":[{"href":"https:\/\/extery.com\/fi\/wp-json\/wp\/v2\/product"}],"about":[{"href":"https:\/\/extery.com\/fi\/wp-json\/wp\/v2\/types\/product"}],"replies":[{"embeddable":true,"href":"https:\/\/extery.com\/fi\/wp-json\/wp\/v2\/comments?post=3581"}],"wp:featuredmedia":[{"embeddable":true,"href":"https:\/\/extery.com\/fi\/wp-json\/wp\/v2\/media\/2067"}],"wp:attachment":[{"href":"https:\/\/extery.com\/fi\/wp-json\/wp\/v2\/media?parent=3581"}],"wp:term":[{"taxonomy":"product_brand","embeddable":true,"href":"https:\/\/extery.com\/fi\/wp-json\/wp\/v2\/product_brand?post=3581"},{"taxonomy":"product_cat","embeddable":true,"href":"https:\/\/extery.com\/fi\/wp-json\/wp\/v2\/product_cat?post=3581"},{"taxonomy":"product_tag","embeddable":true,"href":"https:\/\/extery.com\/fi\/wp-json\/wp\/v2\/product_tag?post=3581"}],"curies":[{"name":"wp","href":"https:\/\/api.w.org\/{rel}","templated":true}]}}