{"id":3588,"date":"2020-11-12T11:10:05","date_gmt":"2020-11-12T11:10:05","guid":{"rendered":"https:\/\/extery.com\/?post_type=product&#038;p=3588"},"modified":"2026-04-07T11:53:26","modified_gmt":"2026-04-07T11:53:26","slug":"roska-astia-solo100","status":"publish","type":"product","link":"https:\/\/extery.com\/fi\/tuotteet\/roska-astia-solo100\/","title":{"rendered":"roska-astia Solo 100"},"content":{"rendered":"<p>Roska-astia Solo 100 on erinomainen ja yksinkertainen roska-astia, joka sopii sek\u00e4 puistoon ett\u00e4 kadulle. Kaarevat reunat tekev\u00e4t Solosta visuaalisesti kapeamman 100 litran tilavuudesta huolimatta. Py\u00f6re\u00e4t aukot ja \u00e4\u00e4riviivoiltaan graafinen tuhka-astian suojapaneeli tekev\u00e4t Solosta pehme\u00e4n ja vaatimattoman n\u00e4k\u00f6isen.<\/p>\n<p><iframe loading=\"lazy\" title=\"Waste bin SOLO100 by EXTERY urban furniture\" width=\"500\" height=\"281\" src=\"https:\/\/www.youtube.com\/embed\/k--0JzeMUGc?feature=oembed\" frameborder=\"0\" allow=\"accelerometer; autoplay; clipboard-write; encrypted-media; gyroscope; picture-in-picture; web-share\" referrerpolicy=\"strict-origin-when-cross-origin\" allowfullscreen><\/iframe><\/p>\n<p>Solo 100:n muotoilun osana on riitt\u00e4v\u00e4n korkea ja hiottu betonisokkeli, joka tekee roska-astiasta riitt\u00e4v\u00e4n painavan, jotta se voidaan asentaa vapaasti seisovaksi. Solo 100:n asentamiseen ei siis tarvita lis\u00e4kiinnityst\u00e4. Sokkelin korkeus huomioi pohjoismaiset olosuhteet ja takaa ovien sujuvan avautumisen my\u00f6s lumisena talvena.<\/p>\n","protected":false},"excerpt":{"rendered":"<p>Roska-astia Solo 100 on erinomainen ja yksinkertainen roska-astia, joka sopii sek\u00e4 puistoon ett\u00e4 kadulle. Kaarevat reunat tekev\u00e4t Solosta visuaalisesti kapeamman 100 litran tilavuudesta huolimatta. Py\u00f6re\u00e4t aukot ja \u00e4\u00e4riviivoiltaan graafinen tuhka-astian suojapaneeli tekev\u00e4t Solosta pehme\u00e4n ja vaatimattoman n\u00e4k\u00f6isen. Solo 100:n muotoilun osana on riitt\u00e4v\u00e4n korkea ja hiottu betonisokkeli, joka tekee roska-astiasta riitt\u00e4v\u00e4n painavan, jotta se voidaan [&hellip;]<\/p>\n","protected":false},"featured_media":2095,"comment_status":"open","ping_status":"closed","template":"","meta":{"_acf_changed":false},"product_brand":[],"product_cat":[116],"product_tag":[],"class_list":{"0":"post-3588","1":"product","2":"type-product","3":"status-publish","4":"has-post-thumbnail","6":"product_cat-roska-astiat","7":"product-family-solo-fi","9":"first","10":"instock","11":"shipping-taxable","12":"product-type-simple"},"acf":[],"yoast_head":"<!-- This site is optimized with the Yoast SEO plugin v26.4 - https:\/\/yoast.com\/wordpress\/plugins\/seo\/ -->\n<title>roska-astia Solo 100 - Extery linnam\u00f6\u00f6bli kollektsiooni pr\u00fcgikastid<\/title>\n<meta name=\"description\" content=\"Pr\u00fcgikast Solo 100 on hea ja lihtne pr\u00fcgikast, mis sobib nii parki kui linnat\u00e4navale. Kaardus k\u00fcljed teevad Solo visuaalselt saledamaks hoolimata soliidsest 100-liitrisest mahust.\" \/>\n<meta name=\"robots\" content=\"index, follow, max-snippet:-1, max-image-preview:large, max-video-preview:-1\" \/>\n<link rel=\"canonical\" href=\"https:\/\/extery.com\/fi\/tuotteet\/roska-astia-solo100\/\" \/>\n<meta property=\"og:locale\" content=\"fi_FI\" \/>\n<meta property=\"og:type\" content=\"article\" \/>\n<meta property=\"og:title\" content=\"roska-astia Solo 100 - Extery linnam\u00f6\u00f6bli kollektsiooni pr\u00fcgikastid\" \/>\n<meta property=\"og:description\" content=\"Pr\u00fcgikast Solo 100 on hea ja lihtne pr\u00fcgikast, mis sobib nii parki kui linnat\u00e4navale. Kaardus k\u00fcljed teevad Solo visuaalselt saledamaks hoolimata soliidsest 100-liitrisest mahust.\" \/>\n<meta property=\"og:url\" content=\"https:\/\/extery.com\/fi\/tuotteet\/roska-astia-solo100\/\" \/>\n<meta property=\"og:site_name\" content=\"Extery\" \/>\n<meta property=\"article:modified_time\" content=\"2026-04-07T11:53:26+00:00\" \/>\n<meta property=\"og:image\" content=\"https:\/\/extery.com\/wp-content\/uploads\/2020\/11\/Solo100-E-scaled.jpg\" \/>\n\t<meta property=\"og:image:width\" content=\"2560\" \/>\n\t<meta property=\"og:image:height\" content=\"1707\" \/>\n\t<meta property=\"og:image:type\" content=\"image\/jpeg\" \/>\n<meta name=\"twitter:card\" content=\"summary_large_image\" \/>\n<meta name=\"twitter:label1\" content=\"Arvioitu lukuaika\" \/>\n\t<meta name=\"twitter:data1\" content=\"1 minuutti\" \/>\n<script type=\"application\/ld+json\" class=\"yoast-schema-graph\">{\"@context\":\"https:\/\/schema.org\",\"@graph\":[{\"@type\":\"WebPage\",\"@id\":\"https:\/\/extery.com\/fi\/tuotteet\/roska-astia-solo100\/\",\"url\":\"https:\/\/extery.com\/fi\/tuotteet\/roska-astia-solo100\/\",\"name\":\"roska-astia Solo 100 - Extery linnam\u00f6\u00f6bli kollektsiooni pr\u00fcgikastid\",\"isPartOf\":{\"@id\":\"https:\/\/extery.com\/fi\/#website\"},\"primaryImageOfPage\":{\"@id\":\"https:\/\/extery.com\/fi\/tuotteet\/roska-astia-solo100\/#primaryimage\"},\"image\":{\"@id\":\"https:\/\/extery.com\/fi\/tuotteet\/roska-astia-solo100\/#primaryimage\"},\"thumbnailUrl\":\"https:\/\/extery.com\/wp-content\/uploads\/2020\/11\/Solo100-E-scaled.jpg\",\"datePublished\":\"2020-11-12T11:10:05+00:00\",\"dateModified\":\"2026-04-07T11:53:26+00:00\",\"description\":\"Pr\u00fcgikast Solo 100 on hea ja lihtne pr\u00fcgikast, mis sobib nii parki kui linnat\u00e4navale. Kaardus k\u00fcljed teevad Solo visuaalselt saledamaks hoolimata soliidsest 100-liitrisest mahust.\",\"breadcrumb\":{\"@id\":\"https:\/\/extery.com\/fi\/tuotteet\/roska-astia-solo100\/#breadcrumb\"},\"inLanguage\":\"fi\",\"potentialAction\":[{\"@type\":\"ReadAction\",\"target\":[\"https:\/\/extery.com\/fi\/tuotteet\/roska-astia-solo100\/\"]}]},{\"@type\":\"ImageObject\",\"inLanguage\":\"fi\",\"@id\":\"https:\/\/extery.com\/fi\/tuotteet\/roska-astia-solo100\/#primaryimage\",\"url\":\"https:\/\/extery.com\/wp-content\/uploads\/2020\/11\/Solo100-E-scaled.jpg\",\"contentUrl\":\"https:\/\/extery.com\/wp-content\/uploads\/2020\/11\/Solo100-E-scaled.jpg\",\"width\":2560,\"height\":1707},{\"@type\":\"BreadcrumbList\",\"@id\":\"https:\/\/extery.com\/fi\/tuotteet\/roska-astia-solo100\/#breadcrumb\",\"itemListElement\":[{\"@type\":\"ListItem\",\"position\":1,\"name\":\"Home\",\"item\":\"https:\/\/extery.com\/fi\/\"},{\"@type\":\"ListItem\",\"position\":2,\"name\":\"Tuotteet\",\"item\":\"https:\/\/extery.com\/fi\/tuotteet\/\"},{\"@type\":\"ListItem\",\"position\":3,\"name\":\"roska-astia Solo 100\"}]},{\"@type\":\"WebSite\",\"@id\":\"https:\/\/extery.com\/fi\/#website\",\"url\":\"https:\/\/extery.com\/fi\/\",\"name\":\"Extery\",\"description\":\"\",\"publisher\":{\"@id\":\"https:\/\/extery.com\/fi\/#organization\"},\"potentialAction\":[{\"@type\":\"SearchAction\",\"target\":{\"@type\":\"EntryPoint\",\"urlTemplate\":\"https:\/\/extery.com\/fi\/?s={search_term_string}\"},\"query-input\":{\"@type\":\"PropertyValueSpecification\",\"valueRequired\":true,\"valueName\":\"search_term_string\"}}],\"inLanguage\":\"fi\"},{\"@type\":\"Organization\",\"@id\":\"https:\/\/extery.com\/fi\/#organization\",\"name\":\"Extery\",\"url\":\"https:\/\/extery.com\/fi\/\",\"logo\":{\"@type\":\"ImageObject\",\"inLanguage\":\"fi\",\"@id\":\"https:\/\/extery.com\/fi\/#\/schema\/logo\/image\/\",\"url\":\"https:\/\/extery.com\/wp-content\/uploads\/2023\/11\/footer-logo.svg\",\"contentUrl\":\"https:\/\/extery.com\/wp-content\/uploads\/2023\/11\/footer-logo.svg\",\"caption\":\"Extery\"},\"image\":{\"@id\":\"https:\/\/extery.com\/fi\/#\/schema\/logo\/image\/\"}}]}<\/script>\n<!-- \/ Yoast SEO plugin. -->","yoast_head_json":{"title":"roska-astia Solo 100 - Extery linnam\u00f6\u00f6bli kollektsiooni pr\u00fcgikastid","description":"Pr\u00fcgikast Solo 100 on hea ja lihtne pr\u00fcgikast, mis sobib nii parki kui linnat\u00e4navale. Kaardus k\u00fcljed teevad Solo visuaalselt saledamaks hoolimata soliidsest 100-liitrisest mahust.","robots":{"index":"index","follow":"follow","max-snippet":"max-snippet:-1","max-image-preview":"max-image-preview:large","max-video-preview":"max-video-preview:-1"},"canonical":"https:\/\/extery.com\/fi\/tuotteet\/roska-astia-solo100\/","og_locale":"fi_FI","og_type":"article","og_title":"roska-astia Solo 100 - Extery linnam\u00f6\u00f6bli kollektsiooni pr\u00fcgikastid","og_description":"Pr\u00fcgikast Solo 100 on hea ja lihtne pr\u00fcgikast, mis sobib nii parki kui linnat\u00e4navale. Kaardus k\u00fcljed teevad Solo visuaalselt saledamaks hoolimata soliidsest 100-liitrisest mahust.","og_url":"https:\/\/extery.com\/fi\/tuotteet\/roska-astia-solo100\/","og_site_name":"Extery","article_modified_time":"2026-04-07T11:53:26+00:00","og_image":[{"width":2560,"height":1707,"url":"https:\/\/extery.com\/wp-content\/uploads\/2020\/11\/Solo100-E-scaled.jpg","type":"image\/jpeg"}],"twitter_card":"summary_large_image","twitter_misc":{"Arvioitu lukuaika":"1 minuutti"},"schema":{"@context":"https:\/\/schema.org","@graph":[{"@type":"WebPage","@id":"https:\/\/extery.com\/fi\/tuotteet\/roska-astia-solo100\/","url":"https:\/\/extery.com\/fi\/tuotteet\/roska-astia-solo100\/","name":"roska-astia Solo 100 - Extery linnam\u00f6\u00f6bli kollektsiooni pr\u00fcgikastid","isPartOf":{"@id":"https:\/\/extery.com\/fi\/#website"},"primaryImageOfPage":{"@id":"https:\/\/extery.com\/fi\/tuotteet\/roska-astia-solo100\/#primaryimage"},"image":{"@id":"https:\/\/extery.com\/fi\/tuotteet\/roska-astia-solo100\/#primaryimage"},"thumbnailUrl":"https:\/\/extery.com\/wp-content\/uploads\/2020\/11\/Solo100-E-scaled.jpg","datePublished":"2020-11-12T11:10:05+00:00","dateModified":"2026-04-07T11:53:26+00:00","description":"Pr\u00fcgikast Solo 100 on hea ja lihtne pr\u00fcgikast, mis sobib nii parki kui linnat\u00e4navale. Kaardus k\u00fcljed teevad Solo visuaalselt saledamaks hoolimata soliidsest 100-liitrisest mahust.","breadcrumb":{"@id":"https:\/\/extery.com\/fi\/tuotteet\/roska-astia-solo100\/#breadcrumb"},"inLanguage":"fi","potentialAction":[{"@type":"ReadAction","target":["https:\/\/extery.com\/fi\/tuotteet\/roska-astia-solo100\/"]}]},{"@type":"ImageObject","inLanguage":"fi","@id":"https:\/\/extery.com\/fi\/tuotteet\/roska-astia-solo100\/#primaryimage","url":"https:\/\/extery.com\/wp-content\/uploads\/2020\/11\/Solo100-E-scaled.jpg","contentUrl":"https:\/\/extery.com\/wp-content\/uploads\/2020\/11\/Solo100-E-scaled.jpg","width":2560,"height":1707},{"@type":"BreadcrumbList","@id":"https:\/\/extery.com\/fi\/tuotteet\/roska-astia-solo100\/#breadcrumb","itemListElement":[{"@type":"ListItem","position":1,"name":"Home","item":"https:\/\/extery.com\/fi\/"},{"@type":"ListItem","position":2,"name":"Tuotteet","item":"https:\/\/extery.com\/fi\/tuotteet\/"},{"@type":"ListItem","position":3,"name":"roska-astia Solo 100"}]},{"@type":"WebSite","@id":"https:\/\/extery.com\/fi\/#website","url":"https:\/\/extery.com\/fi\/","name":"Extery","description":"","publisher":{"@id":"https:\/\/extery.com\/fi\/#organization"},"potentialAction":[{"@type":"SearchAction","target":{"@type":"EntryPoint","urlTemplate":"https:\/\/extery.com\/fi\/?s={search_term_string}"},"query-input":{"@type":"PropertyValueSpecification","valueRequired":true,"valueName":"search_term_string"}}],"inLanguage":"fi"},{"@type":"Organization","@id":"https:\/\/extery.com\/fi\/#organization","name":"Extery","url":"https:\/\/extery.com\/fi\/","logo":{"@type":"ImageObject","inLanguage":"fi","@id":"https:\/\/extery.com\/fi\/#\/schema\/logo\/image\/","url":"https:\/\/extery.com\/wp-content\/uploads\/2023\/11\/footer-logo.svg","contentUrl":"https:\/\/extery.com\/wp-content\/uploads\/2023\/11\/footer-logo.svg","caption":"Extery"},"image":{"@id":"https:\/\/extery.com\/fi\/#\/schema\/logo\/image\/"}}]}},"_links":{"self":[{"href":"https:\/\/extery.com\/fi\/wp-json\/wp\/v2\/product\/3588","targetHints":{"allow":["GET"]}}],"collection":[{"href":"https:\/\/extery.com\/fi\/wp-json\/wp\/v2\/product"}],"about":[{"href":"https:\/\/extery.com\/fi\/wp-json\/wp\/v2\/types\/product"}],"replies":[{"embeddable":true,"href":"https:\/\/extery.com\/fi\/wp-json\/wp\/v2\/comments?post=3588"}],"wp:featuredmedia":[{"embeddable":true,"href":"https:\/\/extery.com\/fi\/wp-json\/wp\/v2\/media\/2095"}],"wp:attachment":[{"href":"https:\/\/extery.com\/fi\/wp-json\/wp\/v2\/media?parent=3588"}],"wp:term":[{"taxonomy":"product_brand","embeddable":true,"href":"https:\/\/extery.com\/fi\/wp-json\/wp\/v2\/product_brand?post=3588"},{"taxonomy":"product_cat","embeddable":true,"href":"https:\/\/extery.com\/fi\/wp-json\/wp\/v2\/product_cat?post=3588"},{"taxonomy":"product_tag","embeddable":true,"href":"https:\/\/extery.com\/fi\/wp-json\/wp\/v2\/product_tag?post=3588"}],"curies":[{"name":"wp","href":"https:\/\/api.w.org\/{rel}","templated":true}]}}