{"id":3610,"date":"2020-11-12T15:08:32","date_gmt":"2020-11-12T15:08:32","guid":{"rendered":"https:\/\/extery.com\/?post_type=product&#038;p=3610"},"modified":"2026-04-07T11:36:35","modified_gmt":"2026-04-07T11:36:35","slug":"roska-astia-vandal-75","status":"publish","type":"product","link":"https:\/\/extery.com\/fi\/tuotteet\/roska-astia-vandal-75\/","title":{"rendered":"roska-astia Vandal 75"},"content":{"rendered":"<p>Roska-astia Vandal 75 on yksinkertainen ja vieh\u00e4tt\u00e4v\u00e4. Geometrisen minimalistisuutensa ja tyylikkyytens\u00e4 ansiosta Vandal 75 sulautuu t\u00e4ydellisesti kaupunkikuvaan, mutta houkuttelee silti katseita kauneudellaan.<\/p>\n<p><iframe loading=\"lazy\" title=\"Litter bin VANDAL 75 by EXTERY urban furniture\" width=\"500\" height=\"281\" src=\"https:\/\/www.youtube.com\/embed\/EoOM33YsdRY?feature=oembed\" frameborder=\"0\" allow=\"accelerometer; autoplay; clipboard-write; encrypted-media; gyroscope; picture-in-picture; web-share\" referrerpolicy=\"strict-origin-when-cross-origin\" allowfullscreen><\/iframe><\/p>\n<p>Roska-aukon p\u00e4\u00e4ll\u00e4 oleva kansi ei p\u00e4\u00e4st\u00e4 sadevett\u00e4 s\u00e4ili\u00f6n sis\u00e4lle ja est\u00e4\u00e4 lintuja levitt\u00e4m\u00e4st\u00e4 roskia. Vandalin muotoilu, jossa roska-astia ja tuhkakuppi on integroitu kiinte\u00e4sti rakenteeseen eik\u00e4 yht\u00e4k\u00e4\u00e4n yksityiskohtaa ole j\u00e4tetty huomiotta, tekee siit\u00e4 hyvin ilkivaltaa ja v\u00e4\u00e4rink\u00e4ytt\u00f6\u00e4 kest\u00e4v\u00e4n tuotteen.<\/p>\n","protected":false},"excerpt":{"rendered":"<p>Roska-astia Vandal 75 on yksinkertainen ja vieh\u00e4tt\u00e4v\u00e4. Geometrisen minimalistisuutensa ja tyylikkyytens\u00e4 ansiosta Vandal 75 sulautuu t\u00e4ydellisesti kaupunkikuvaan, mutta houkuttelee silti katseita kauneudellaan. Roska-aukon p\u00e4\u00e4ll\u00e4 oleva kansi ei p\u00e4\u00e4st\u00e4 sadevett\u00e4 s\u00e4ili\u00f6n sis\u00e4lle ja est\u00e4\u00e4 lintuja levitt\u00e4m\u00e4st\u00e4 roskia. Vandalin muotoilu, jossa roska-astia ja tuhkakuppi on integroitu kiinte\u00e4sti rakenteeseen eik\u00e4 yht\u00e4k\u00e4\u00e4n yksityiskohtaa ole j\u00e4tetty huomiotta, tekee siit\u00e4 hyvin [&hellip;]<\/p>\n","protected":false},"featured_media":2123,"comment_status":"open","ping_status":"closed","template":"","meta":{"_acf_changed":false},"product_brand":[],"product_cat":[116],"product_tag":[],"class_list":{"0":"post-3610","1":"product","2":"type-product","3":"status-publish","4":"has-post-thumbnail","6":"product_cat-roska-astiat","7":"product-family-vandal-fi","9":"first","10":"instock","11":"shipping-taxable","12":"product-type-simple"},"acf":[],"yoast_head":"<!-- This site is optimized with the Yoast SEO plugin v26.4 - https:\/\/yoast.com\/wordpress\/plugins\/seo\/ -->\n<title>roska-astia Vandal 75 - Extery roskakorit kaupunkikalusteiden ker\u00e4\u00e4miseen<\/title>\n<meta name=\"description\" content=\"Roska-astia Vandal 75 on yksinkertainen ja vieh\u00e4tt\u00e4v\u00e4. Geometrisen minimalistisuutensa ja tyylikkyytens\u00e4 ansiosta Vandal 75 sulautuu t\u00e4ydellisesti kaupunkikuvaan, mutta houkuttelee silti katseita kauneudellaan.\" \/>\n<meta name=\"robots\" content=\"index, follow, max-snippet:-1, max-image-preview:large, max-video-preview:-1\" \/>\n<link rel=\"canonical\" href=\"https:\/\/extery.com\/fi\/tuotteet\/roska-astia-vandal-75\/\" \/>\n<meta property=\"og:locale\" content=\"fi_FI\" \/>\n<meta property=\"og:type\" content=\"article\" \/>\n<meta property=\"og:title\" content=\"roska-astia Vandal 75 - Extery roskakorit kaupunkikalusteiden ker\u00e4\u00e4miseen\" \/>\n<meta property=\"og:description\" content=\"Roska-astia Vandal 75 on yksinkertainen ja vieh\u00e4tt\u00e4v\u00e4. Geometrisen minimalistisuutensa ja tyylikkyytens\u00e4 ansiosta Vandal 75 sulautuu t\u00e4ydellisesti kaupunkikuvaan, mutta houkuttelee silti katseita kauneudellaan.\" \/>\n<meta property=\"og:url\" content=\"https:\/\/extery.com\/fi\/tuotteet\/roska-astia-vandal-75\/\" \/>\n<meta property=\"og:site_name\" content=\"Extery\" \/>\n<meta property=\"article:modified_time\" content=\"2026-04-07T11:36:35+00:00\" \/>\n<meta property=\"og:image\" content=\"https:\/\/extery.com\/wp-content\/uploads\/2020\/11\/Vandal75-E-scaled.jpg\" \/>\n\t<meta property=\"og:image:width\" content=\"2560\" \/>\n\t<meta property=\"og:image:height\" content=\"1707\" \/>\n\t<meta property=\"og:image:type\" content=\"image\/jpeg\" \/>\n<meta name=\"twitter:card\" content=\"summary_large_image\" \/>\n<meta name=\"twitter:label1\" content=\"Arvioitu lukuaika\" \/>\n\t<meta name=\"twitter:data1\" content=\"1 minuutti\" \/>\n<script type=\"application\/ld+json\" class=\"yoast-schema-graph\">{\"@context\":\"https:\/\/schema.org\",\"@graph\":[{\"@type\":\"WebPage\",\"@id\":\"https:\/\/extery.com\/fi\/tuotteet\/roska-astia-vandal-75\/\",\"url\":\"https:\/\/extery.com\/fi\/tuotteet\/roska-astia-vandal-75\/\",\"name\":\"roska-astia Vandal 75 - Extery roskakorit kaupunkikalusteiden ker\u00e4\u00e4miseen\",\"isPartOf\":{\"@id\":\"https:\/\/extery.com\/fi\/#website\"},\"primaryImageOfPage\":{\"@id\":\"https:\/\/extery.com\/fi\/tuotteet\/roska-astia-vandal-75\/#primaryimage\"},\"image\":{\"@id\":\"https:\/\/extery.com\/fi\/tuotteet\/roska-astia-vandal-75\/#primaryimage\"},\"thumbnailUrl\":\"https:\/\/extery.com\/wp-content\/uploads\/2020\/11\/Vandal75-E-scaled.jpg\",\"datePublished\":\"2020-11-12T15:08:32+00:00\",\"dateModified\":\"2026-04-07T11:36:35+00:00\",\"description\":\"Roska-astia Vandal 75 on yksinkertainen ja vieh\u00e4tt\u00e4v\u00e4. Geometrisen minimalistisuutensa ja tyylikkyytens\u00e4 ansiosta Vandal 75 sulautuu t\u00e4ydellisesti kaupunkikuvaan, mutta houkuttelee silti katseita kauneudellaan.\",\"breadcrumb\":{\"@id\":\"https:\/\/extery.com\/fi\/tuotteet\/roska-astia-vandal-75\/#breadcrumb\"},\"inLanguage\":\"fi\",\"potentialAction\":[{\"@type\":\"ReadAction\",\"target\":[\"https:\/\/extery.com\/fi\/tuotteet\/roska-astia-vandal-75\/\"]}]},{\"@type\":\"ImageObject\",\"inLanguage\":\"fi\",\"@id\":\"https:\/\/extery.com\/fi\/tuotteet\/roska-astia-vandal-75\/#primaryimage\",\"url\":\"https:\/\/extery.com\/wp-content\/uploads\/2020\/11\/Vandal75-E-scaled.jpg\",\"contentUrl\":\"https:\/\/extery.com\/wp-content\/uploads\/2020\/11\/Vandal75-E-scaled.jpg\",\"width\":2560,\"height\":1707},{\"@type\":\"BreadcrumbList\",\"@id\":\"https:\/\/extery.com\/fi\/tuotteet\/roska-astia-vandal-75\/#breadcrumb\",\"itemListElement\":[{\"@type\":\"ListItem\",\"position\":1,\"name\":\"Home\",\"item\":\"https:\/\/extery.com\/fi\/\"},{\"@type\":\"ListItem\",\"position\":2,\"name\":\"Tuotteet\",\"item\":\"https:\/\/extery.com\/fi\/tuotteet\/\"},{\"@type\":\"ListItem\",\"position\":3,\"name\":\"roska-astia Vandal 75\"}]},{\"@type\":\"WebSite\",\"@id\":\"https:\/\/extery.com\/fi\/#website\",\"url\":\"https:\/\/extery.com\/fi\/\",\"name\":\"Extery\",\"description\":\"\",\"publisher\":{\"@id\":\"https:\/\/extery.com\/fi\/#organization\"},\"potentialAction\":[{\"@type\":\"SearchAction\",\"target\":{\"@type\":\"EntryPoint\",\"urlTemplate\":\"https:\/\/extery.com\/fi\/?s={search_term_string}\"},\"query-input\":{\"@type\":\"PropertyValueSpecification\",\"valueRequired\":true,\"valueName\":\"search_term_string\"}}],\"inLanguage\":\"fi\"},{\"@type\":\"Organization\",\"@id\":\"https:\/\/extery.com\/fi\/#organization\",\"name\":\"Extery\",\"url\":\"https:\/\/extery.com\/fi\/\",\"logo\":{\"@type\":\"ImageObject\",\"inLanguage\":\"fi\",\"@id\":\"https:\/\/extery.com\/fi\/#\/schema\/logo\/image\/\",\"url\":\"https:\/\/extery.com\/wp-content\/uploads\/2023\/11\/footer-logo.svg\",\"contentUrl\":\"https:\/\/extery.com\/wp-content\/uploads\/2023\/11\/footer-logo.svg\",\"caption\":\"Extery\"},\"image\":{\"@id\":\"https:\/\/extery.com\/fi\/#\/schema\/logo\/image\/\"}}]}<\/script>\n<!-- \/ Yoast SEO plugin. -->","yoast_head_json":{"title":"roska-astia Vandal 75 - Extery roskakorit kaupunkikalusteiden ker\u00e4\u00e4miseen","description":"Roska-astia Vandal 75 on yksinkertainen ja vieh\u00e4tt\u00e4v\u00e4. Geometrisen minimalistisuutensa ja tyylikkyytens\u00e4 ansiosta Vandal 75 sulautuu t\u00e4ydellisesti kaupunkikuvaan, mutta houkuttelee silti katseita kauneudellaan.","robots":{"index":"index","follow":"follow","max-snippet":"max-snippet:-1","max-image-preview":"max-image-preview:large","max-video-preview":"max-video-preview:-1"},"canonical":"https:\/\/extery.com\/fi\/tuotteet\/roska-astia-vandal-75\/","og_locale":"fi_FI","og_type":"article","og_title":"roska-astia Vandal 75 - Extery roskakorit kaupunkikalusteiden ker\u00e4\u00e4miseen","og_description":"Roska-astia Vandal 75 on yksinkertainen ja vieh\u00e4tt\u00e4v\u00e4. Geometrisen minimalistisuutensa ja tyylikkyytens\u00e4 ansiosta Vandal 75 sulautuu t\u00e4ydellisesti kaupunkikuvaan, mutta houkuttelee silti katseita kauneudellaan.","og_url":"https:\/\/extery.com\/fi\/tuotteet\/roska-astia-vandal-75\/","og_site_name":"Extery","article_modified_time":"2026-04-07T11:36:35+00:00","og_image":[{"width":2560,"height":1707,"url":"https:\/\/extery.com\/wp-content\/uploads\/2020\/11\/Vandal75-E-scaled.jpg","type":"image\/jpeg"}],"twitter_card":"summary_large_image","twitter_misc":{"Arvioitu lukuaika":"1 minuutti"},"schema":{"@context":"https:\/\/schema.org","@graph":[{"@type":"WebPage","@id":"https:\/\/extery.com\/fi\/tuotteet\/roska-astia-vandal-75\/","url":"https:\/\/extery.com\/fi\/tuotteet\/roska-astia-vandal-75\/","name":"roska-astia Vandal 75 - Extery roskakorit kaupunkikalusteiden ker\u00e4\u00e4miseen","isPartOf":{"@id":"https:\/\/extery.com\/fi\/#website"},"primaryImageOfPage":{"@id":"https:\/\/extery.com\/fi\/tuotteet\/roska-astia-vandal-75\/#primaryimage"},"image":{"@id":"https:\/\/extery.com\/fi\/tuotteet\/roska-astia-vandal-75\/#primaryimage"},"thumbnailUrl":"https:\/\/extery.com\/wp-content\/uploads\/2020\/11\/Vandal75-E-scaled.jpg","datePublished":"2020-11-12T15:08:32+00:00","dateModified":"2026-04-07T11:36:35+00:00","description":"Roska-astia Vandal 75 on yksinkertainen ja vieh\u00e4tt\u00e4v\u00e4. Geometrisen minimalistisuutensa ja tyylikkyytens\u00e4 ansiosta Vandal 75 sulautuu t\u00e4ydellisesti kaupunkikuvaan, mutta houkuttelee silti katseita kauneudellaan.","breadcrumb":{"@id":"https:\/\/extery.com\/fi\/tuotteet\/roska-astia-vandal-75\/#breadcrumb"},"inLanguage":"fi","potentialAction":[{"@type":"ReadAction","target":["https:\/\/extery.com\/fi\/tuotteet\/roska-astia-vandal-75\/"]}]},{"@type":"ImageObject","inLanguage":"fi","@id":"https:\/\/extery.com\/fi\/tuotteet\/roska-astia-vandal-75\/#primaryimage","url":"https:\/\/extery.com\/wp-content\/uploads\/2020\/11\/Vandal75-E-scaled.jpg","contentUrl":"https:\/\/extery.com\/wp-content\/uploads\/2020\/11\/Vandal75-E-scaled.jpg","width":2560,"height":1707},{"@type":"BreadcrumbList","@id":"https:\/\/extery.com\/fi\/tuotteet\/roska-astia-vandal-75\/#breadcrumb","itemListElement":[{"@type":"ListItem","position":1,"name":"Home","item":"https:\/\/extery.com\/fi\/"},{"@type":"ListItem","position":2,"name":"Tuotteet","item":"https:\/\/extery.com\/fi\/tuotteet\/"},{"@type":"ListItem","position":3,"name":"roska-astia Vandal 75"}]},{"@type":"WebSite","@id":"https:\/\/extery.com\/fi\/#website","url":"https:\/\/extery.com\/fi\/","name":"Extery","description":"","publisher":{"@id":"https:\/\/extery.com\/fi\/#organization"},"potentialAction":[{"@type":"SearchAction","target":{"@type":"EntryPoint","urlTemplate":"https:\/\/extery.com\/fi\/?s={search_term_string}"},"query-input":{"@type":"PropertyValueSpecification","valueRequired":true,"valueName":"search_term_string"}}],"inLanguage":"fi"},{"@type":"Organization","@id":"https:\/\/extery.com\/fi\/#organization","name":"Extery","url":"https:\/\/extery.com\/fi\/","logo":{"@type":"ImageObject","inLanguage":"fi","@id":"https:\/\/extery.com\/fi\/#\/schema\/logo\/image\/","url":"https:\/\/extery.com\/wp-content\/uploads\/2023\/11\/footer-logo.svg","contentUrl":"https:\/\/extery.com\/wp-content\/uploads\/2023\/11\/footer-logo.svg","caption":"Extery"},"image":{"@id":"https:\/\/extery.com\/fi\/#\/schema\/logo\/image\/"}}]}},"_links":{"self":[{"href":"https:\/\/extery.com\/fi\/wp-json\/wp\/v2\/product\/3610","targetHints":{"allow":["GET"]}}],"collection":[{"href":"https:\/\/extery.com\/fi\/wp-json\/wp\/v2\/product"}],"about":[{"href":"https:\/\/extery.com\/fi\/wp-json\/wp\/v2\/types\/product"}],"replies":[{"embeddable":true,"href":"https:\/\/extery.com\/fi\/wp-json\/wp\/v2\/comments?post=3610"}],"wp:featuredmedia":[{"embeddable":true,"href":"https:\/\/extery.com\/fi\/wp-json\/wp\/v2\/media\/2123"}],"wp:attachment":[{"href":"https:\/\/extery.com\/fi\/wp-json\/wp\/v2\/media?parent=3610"}],"wp:term":[{"taxonomy":"product_brand","embeddable":true,"href":"https:\/\/extery.com\/fi\/wp-json\/wp\/v2\/product_brand?post=3610"},{"taxonomy":"product_cat","embeddable":true,"href":"https:\/\/extery.com\/fi\/wp-json\/wp\/v2\/product_cat?post=3610"},{"taxonomy":"product_tag","embeddable":true,"href":"https:\/\/extery.com\/fi\/wp-json\/wp\/v2\/product_tag?post=3610"}],"curies":[{"name":"wp","href":"https:\/\/api.w.org\/{rel}","templated":true}]}}