{"id":3626,"date":"2020-11-12T15:25:59","date_gmt":"2020-11-12T15:25:59","guid":{"rendered":"https:\/\/extery.com\/?post_type=product&#038;p=3626"},"modified":"2026-04-07T11:36:46","modified_gmt":"2026-04-07T11:36:46","slug":"roska-astia-vandal-200","status":"publish","type":"product","link":"https:\/\/extery.com\/fi\/tuotteet\/roska-astia-vandal-200\/","title":{"rendered":"roska-astia Vandal 200"},"content":{"rendered":"<p>Roskas\u00e4ili\u00f6 Vandal 200 on tilava ja kest\u00e4v\u00e4. Klassisesti muotoiltu Vandal 200 on ihanteellinen roskas\u00e4ili\u00f6 alueille, joissa liikkuu paljon ihmisi\u00e4 ja huoltotoimenpiteit\u00e4 ei suoriteta p\u00e4ivitt\u00e4in.<br \/>\nUimarantojen, mets\u00e4reittien, stadionien ja piknik-alueiden puhtaanapitoon tarvitaan suurikokoisia, n\u00e4kyvi\u00e4 ja tukevasti paikallaan pysyvi\u00e4 roskas\u00e4ili\u00f6it\u00e4.<br \/>\nVandal 200 kest\u00e4\u00e4 hyvin ilkivaltaa tukevan rakenteensa ansiosta. Kansi est\u00e4\u00e4 sadeveden p\u00e4\u00e4syn s\u00e4ili\u00f6n sis\u00e4lle, ja kannen korkeus on suunniteltu est\u00e4m\u00e4\u00e4n lintuja levitt\u00e4m\u00e4st\u00e4 roskia.<\/p>\n<p>&nbsp;<\/p>\n","protected":false},"excerpt":{"rendered":"<p>Roskas\u00e4ili\u00f6 Vandal 200 on tilava ja kest\u00e4v\u00e4. Klassisesti muotoiltu Vandal 200 on ihanteellinen roskas\u00e4ili\u00f6 alueille, joissa liikkuu paljon ihmisi\u00e4 ja huoltotoimenpiteit\u00e4 ei suoriteta p\u00e4ivitt\u00e4in. Uimarantojen, mets\u00e4reittien, stadionien ja piknik-alueiden puhtaanapitoon tarvitaan suurikokoisia, n\u00e4kyvi\u00e4 ja tukevasti paikallaan pysyvi\u00e4 roskas\u00e4ili\u00f6it\u00e4. Vandal 200 kest\u00e4\u00e4 hyvin ilkivaltaa tukevan rakenteensa ansiosta. Kansi est\u00e4\u00e4 sadeveden p\u00e4\u00e4syn s\u00e4ili\u00f6n sis\u00e4lle, ja kannen korkeus [&hellip;]<\/p>\n","protected":false},"featured_media":2109,"comment_status":"open","ping_status":"closed","template":"","meta":{"_acf_changed":false},"product_brand":[],"product_cat":[116],"product_tag":[],"class_list":{"0":"post-3626","1":"product","2":"type-product","3":"status-publish","4":"has-post-thumbnail","6":"product_cat-roska-astiat","7":"product-family-vandal-fi","9":"first","10":"instock","11":"shipping-taxable","12":"product-type-simple"},"acf":[],"yoast_head":"<!-- This site is optimized with the Yoast SEO plugin v26.4 - https:\/\/yoast.com\/wordpress\/plugins\/seo\/ -->\n<title>roska-astia Vandal 200 - Extery roskakorit kaupunkikalusteiden ker\u00e4\u00e4miseen<\/title>\n<meta name=\"description\" content=\"Roska-astia Vandal 200 on tilava ja kest\u00e4v\u00e4. Klassisesti muotoiltu Vandal 200 on ihanteellinen roskas\u00e4ili\u00f6 alueille, joissa liikkuu paljon ihmisi\u00e4 ja huoltotoimenpiteit\u00e4 ei suoriteta p\u00e4ivitt\u00e4in.\" \/>\n<meta name=\"robots\" content=\"index, follow, max-snippet:-1, max-image-preview:large, max-video-preview:-1\" \/>\n<link rel=\"canonical\" href=\"https:\/\/extery.com\/fi\/tuotteet\/roska-astia-vandal-200\/\" \/>\n<meta property=\"og:locale\" content=\"fi_FI\" \/>\n<meta property=\"og:type\" content=\"article\" \/>\n<meta property=\"og:title\" content=\"roska-astia Vandal 200 - Extery roskakorit kaupunkikalusteiden ker\u00e4\u00e4miseen\" \/>\n<meta property=\"og:description\" content=\"Roska-astia Vandal 200 on tilava ja kest\u00e4v\u00e4. Klassisesti muotoiltu Vandal 200 on ihanteellinen roskas\u00e4ili\u00f6 alueille, joissa liikkuu paljon ihmisi\u00e4 ja huoltotoimenpiteit\u00e4 ei suoriteta p\u00e4ivitt\u00e4in.\" \/>\n<meta property=\"og:url\" content=\"https:\/\/extery.com\/fi\/tuotteet\/roska-astia-vandal-200\/\" \/>\n<meta property=\"og:site_name\" content=\"Extery\" \/>\n<meta property=\"article:modified_time\" content=\"2026-04-07T11:36:46+00:00\" \/>\n<meta property=\"og:image\" content=\"https:\/\/extery.com\/wp-content\/uploads\/2020\/11\/Vandal-200-E-scaled.jpg\" \/>\n\t<meta property=\"og:image:width\" content=\"2560\" \/>\n\t<meta property=\"og:image:height\" content=\"1707\" \/>\n\t<meta property=\"og:image:type\" content=\"image\/jpeg\" \/>\n<meta name=\"twitter:card\" content=\"summary_large_image\" \/>\n<meta name=\"twitter:label1\" content=\"Arvioitu lukuaika\" \/>\n\t<meta name=\"twitter:data1\" content=\"1 minuutti\" \/>\n<script type=\"application\/ld+json\" class=\"yoast-schema-graph\">{\"@context\":\"https:\/\/schema.org\",\"@graph\":[{\"@type\":\"WebPage\",\"@id\":\"https:\/\/extery.com\/fi\/tuotteet\/roska-astia-vandal-200\/\",\"url\":\"https:\/\/extery.com\/fi\/tuotteet\/roska-astia-vandal-200\/\",\"name\":\"roska-astia Vandal 200 - Extery roskakorit kaupunkikalusteiden ker\u00e4\u00e4miseen\",\"isPartOf\":{\"@id\":\"https:\/\/extery.com\/fi\/#website\"},\"primaryImageOfPage\":{\"@id\":\"https:\/\/extery.com\/fi\/tuotteet\/roska-astia-vandal-200\/#primaryimage\"},\"image\":{\"@id\":\"https:\/\/extery.com\/fi\/tuotteet\/roska-astia-vandal-200\/#primaryimage\"},\"thumbnailUrl\":\"https:\/\/extery.com\/wp-content\/uploads\/2020\/11\/Vandal-200-E-scaled.jpg\",\"datePublished\":\"2020-11-12T15:25:59+00:00\",\"dateModified\":\"2026-04-07T11:36:46+00:00\",\"description\":\"Roska-astia Vandal 200 on tilava ja kest\u00e4v\u00e4. Klassisesti muotoiltu Vandal 200 on ihanteellinen roskas\u00e4ili\u00f6 alueille, joissa liikkuu paljon ihmisi\u00e4 ja huoltotoimenpiteit\u00e4 ei suoriteta p\u00e4ivitt\u00e4in.\",\"breadcrumb\":{\"@id\":\"https:\/\/extery.com\/fi\/tuotteet\/roska-astia-vandal-200\/#breadcrumb\"},\"inLanguage\":\"fi\",\"potentialAction\":[{\"@type\":\"ReadAction\",\"target\":[\"https:\/\/extery.com\/fi\/tuotteet\/roska-astia-vandal-200\/\"]}]},{\"@type\":\"ImageObject\",\"inLanguage\":\"fi\",\"@id\":\"https:\/\/extery.com\/fi\/tuotteet\/roska-astia-vandal-200\/#primaryimage\",\"url\":\"https:\/\/extery.com\/wp-content\/uploads\/2020\/11\/Vandal-200-E-scaled.jpg\",\"contentUrl\":\"https:\/\/extery.com\/wp-content\/uploads\/2020\/11\/Vandal-200-E-scaled.jpg\",\"width\":2560,\"height\":1707,\"caption\":\"roska-astia\"},{\"@type\":\"BreadcrumbList\",\"@id\":\"https:\/\/extery.com\/fi\/tuotteet\/roska-astia-vandal-200\/#breadcrumb\",\"itemListElement\":[{\"@type\":\"ListItem\",\"position\":1,\"name\":\"Home\",\"item\":\"https:\/\/extery.com\/fi\/\"},{\"@type\":\"ListItem\",\"position\":2,\"name\":\"Tuotteet\",\"item\":\"https:\/\/extery.com\/fi\/tuotteet\/\"},{\"@type\":\"ListItem\",\"position\":3,\"name\":\"roska-astia Vandal 200\"}]},{\"@type\":\"WebSite\",\"@id\":\"https:\/\/extery.com\/fi\/#website\",\"url\":\"https:\/\/extery.com\/fi\/\",\"name\":\"Extery\",\"description\":\"\",\"publisher\":{\"@id\":\"https:\/\/extery.com\/fi\/#organization\"},\"potentialAction\":[{\"@type\":\"SearchAction\",\"target\":{\"@type\":\"EntryPoint\",\"urlTemplate\":\"https:\/\/extery.com\/fi\/?s={search_term_string}\"},\"query-input\":{\"@type\":\"PropertyValueSpecification\",\"valueRequired\":true,\"valueName\":\"search_term_string\"}}],\"inLanguage\":\"fi\"},{\"@type\":\"Organization\",\"@id\":\"https:\/\/extery.com\/fi\/#organization\",\"name\":\"Extery\",\"url\":\"https:\/\/extery.com\/fi\/\",\"logo\":{\"@type\":\"ImageObject\",\"inLanguage\":\"fi\",\"@id\":\"https:\/\/extery.com\/fi\/#\/schema\/logo\/image\/\",\"url\":\"https:\/\/extery.com\/wp-content\/uploads\/2023\/11\/footer-logo.svg\",\"contentUrl\":\"https:\/\/extery.com\/wp-content\/uploads\/2023\/11\/footer-logo.svg\",\"caption\":\"Extery\"},\"image\":{\"@id\":\"https:\/\/extery.com\/fi\/#\/schema\/logo\/image\/\"}}]}<\/script>\n<!-- \/ Yoast SEO plugin. -->","yoast_head_json":{"title":"roska-astia Vandal 200 - Extery roskakorit kaupunkikalusteiden ker\u00e4\u00e4miseen","description":"Roska-astia Vandal 200 on tilava ja kest\u00e4v\u00e4. Klassisesti muotoiltu Vandal 200 on ihanteellinen roskas\u00e4ili\u00f6 alueille, joissa liikkuu paljon ihmisi\u00e4 ja huoltotoimenpiteit\u00e4 ei suoriteta p\u00e4ivitt\u00e4in.","robots":{"index":"index","follow":"follow","max-snippet":"max-snippet:-1","max-image-preview":"max-image-preview:large","max-video-preview":"max-video-preview:-1"},"canonical":"https:\/\/extery.com\/fi\/tuotteet\/roska-astia-vandal-200\/","og_locale":"fi_FI","og_type":"article","og_title":"roska-astia Vandal 200 - Extery roskakorit kaupunkikalusteiden ker\u00e4\u00e4miseen","og_description":"Roska-astia Vandal 200 on tilava ja kest\u00e4v\u00e4. Klassisesti muotoiltu Vandal 200 on ihanteellinen roskas\u00e4ili\u00f6 alueille, joissa liikkuu paljon ihmisi\u00e4 ja huoltotoimenpiteit\u00e4 ei suoriteta p\u00e4ivitt\u00e4in.","og_url":"https:\/\/extery.com\/fi\/tuotteet\/roska-astia-vandal-200\/","og_site_name":"Extery","article_modified_time":"2026-04-07T11:36:46+00:00","og_image":[{"width":2560,"height":1707,"url":"https:\/\/extery.com\/wp-content\/uploads\/2020\/11\/Vandal-200-E-scaled.jpg","type":"image\/jpeg"}],"twitter_card":"summary_large_image","twitter_misc":{"Arvioitu lukuaika":"1 minuutti"},"schema":{"@context":"https:\/\/schema.org","@graph":[{"@type":"WebPage","@id":"https:\/\/extery.com\/fi\/tuotteet\/roska-astia-vandal-200\/","url":"https:\/\/extery.com\/fi\/tuotteet\/roska-astia-vandal-200\/","name":"roska-astia Vandal 200 - Extery roskakorit kaupunkikalusteiden ker\u00e4\u00e4miseen","isPartOf":{"@id":"https:\/\/extery.com\/fi\/#website"},"primaryImageOfPage":{"@id":"https:\/\/extery.com\/fi\/tuotteet\/roska-astia-vandal-200\/#primaryimage"},"image":{"@id":"https:\/\/extery.com\/fi\/tuotteet\/roska-astia-vandal-200\/#primaryimage"},"thumbnailUrl":"https:\/\/extery.com\/wp-content\/uploads\/2020\/11\/Vandal-200-E-scaled.jpg","datePublished":"2020-11-12T15:25:59+00:00","dateModified":"2026-04-07T11:36:46+00:00","description":"Roska-astia Vandal 200 on tilava ja kest\u00e4v\u00e4. Klassisesti muotoiltu Vandal 200 on ihanteellinen roskas\u00e4ili\u00f6 alueille, joissa liikkuu paljon ihmisi\u00e4 ja huoltotoimenpiteit\u00e4 ei suoriteta p\u00e4ivitt\u00e4in.","breadcrumb":{"@id":"https:\/\/extery.com\/fi\/tuotteet\/roska-astia-vandal-200\/#breadcrumb"},"inLanguage":"fi","potentialAction":[{"@type":"ReadAction","target":["https:\/\/extery.com\/fi\/tuotteet\/roska-astia-vandal-200\/"]}]},{"@type":"ImageObject","inLanguage":"fi","@id":"https:\/\/extery.com\/fi\/tuotteet\/roska-astia-vandal-200\/#primaryimage","url":"https:\/\/extery.com\/wp-content\/uploads\/2020\/11\/Vandal-200-E-scaled.jpg","contentUrl":"https:\/\/extery.com\/wp-content\/uploads\/2020\/11\/Vandal-200-E-scaled.jpg","width":2560,"height":1707,"caption":"roska-astia"},{"@type":"BreadcrumbList","@id":"https:\/\/extery.com\/fi\/tuotteet\/roska-astia-vandal-200\/#breadcrumb","itemListElement":[{"@type":"ListItem","position":1,"name":"Home","item":"https:\/\/extery.com\/fi\/"},{"@type":"ListItem","position":2,"name":"Tuotteet","item":"https:\/\/extery.com\/fi\/tuotteet\/"},{"@type":"ListItem","position":3,"name":"roska-astia Vandal 200"}]},{"@type":"WebSite","@id":"https:\/\/extery.com\/fi\/#website","url":"https:\/\/extery.com\/fi\/","name":"Extery","description":"","publisher":{"@id":"https:\/\/extery.com\/fi\/#organization"},"potentialAction":[{"@type":"SearchAction","target":{"@type":"EntryPoint","urlTemplate":"https:\/\/extery.com\/fi\/?s={search_term_string}"},"query-input":{"@type":"PropertyValueSpecification","valueRequired":true,"valueName":"search_term_string"}}],"inLanguage":"fi"},{"@type":"Organization","@id":"https:\/\/extery.com\/fi\/#organization","name":"Extery","url":"https:\/\/extery.com\/fi\/","logo":{"@type":"ImageObject","inLanguage":"fi","@id":"https:\/\/extery.com\/fi\/#\/schema\/logo\/image\/","url":"https:\/\/extery.com\/wp-content\/uploads\/2023\/11\/footer-logo.svg","contentUrl":"https:\/\/extery.com\/wp-content\/uploads\/2023\/11\/footer-logo.svg","caption":"Extery"},"image":{"@id":"https:\/\/extery.com\/fi\/#\/schema\/logo\/image\/"}}]}},"_links":{"self":[{"href":"https:\/\/extery.com\/fi\/wp-json\/wp\/v2\/product\/3626","targetHints":{"allow":["GET"]}}],"collection":[{"href":"https:\/\/extery.com\/fi\/wp-json\/wp\/v2\/product"}],"about":[{"href":"https:\/\/extery.com\/fi\/wp-json\/wp\/v2\/types\/product"}],"replies":[{"embeddable":true,"href":"https:\/\/extery.com\/fi\/wp-json\/wp\/v2\/comments?post=3626"}],"wp:featuredmedia":[{"embeddable":true,"href":"https:\/\/extery.com\/fi\/wp-json\/wp\/v2\/media\/2109"}],"wp:attachment":[{"href":"https:\/\/extery.com\/fi\/wp-json\/wp\/v2\/media?parent=3626"}],"wp:term":[{"taxonomy":"product_brand","embeddable":true,"href":"https:\/\/extery.com\/fi\/wp-json\/wp\/v2\/product_brand?post=3626"},{"taxonomy":"product_cat","embeddable":true,"href":"https:\/\/extery.com\/fi\/wp-json\/wp\/v2\/product_cat?post=3626"},{"taxonomy":"product_tag","embeddable":true,"href":"https:\/\/extery.com\/fi\/wp-json\/wp\/v2\/product_tag?post=3626"}],"curies":[{"name":"wp","href":"https:\/\/api.w.org\/{rel}","templated":true}]}}