{"id":3640,"date":"2020-11-12T15:36:35","date_gmt":"2020-11-12T15:36:35","guid":{"rendered":"https:\/\/extery.com\/?post_type=product&#038;p=3640"},"modified":"2026-04-13T10:19:06","modified_gmt":"2026-04-13T10:19:06","slug":"roska-astia-look3","status":"publish","type":"product","link":"https:\/\/extery.com\/fi\/tuotteet\/roska-astia-look3\/","title":{"rendered":"roska-astia Look@3"},"content":{"rendered":"<p>Roska-astia Look@3 kolmella j\u00e4teastialla on ihanteellinen kierr\u00e4tyspiste yleisille paikoille.<\/p>\n<p>Tyylik\u00e4s ja taustaan sulautuva Look-sarja on luotu nykyaikaista kaupunkitilaa varten. Huomaamaton ulkon\u00e4k\u00f6 sopii my\u00f6s k\u00e4ytett\u00e4v\u00e4ksi mainostilana.<br \/>\nLook on ihanteellinen julkisten tilojen sisustamiseen. Se soveltuu k\u00e4ytett\u00e4v\u00e4ksi muun muassa toimistorakennusten v\u00e4liss\u00e4, huoltoasemilla, nykyaikaisten kerrostalojen pihoilla tai koirapuistoissa. T\u00e4m\u00e4n sarjan roskas\u00e4ili\u00f6t on jaettu osastoihin, joten niihin voi laittaa esilajiteltua j\u00e4tett\u00e4. Look-s\u00e4ili\u00f6t yhdistettyin\u00e4 biohajoaviin muovipusseihin vapauttavat Sinut j\u00e4tteest\u00e4 hell\u00e4varaisesti ja ymp\u00e4rist\u00f6yst\u00e4v\u00e4llisesti.<\/p>\n","protected":false},"excerpt":{"rendered":"<p>Roska-astia Look@3 kolmella j\u00e4teastialla on ihanteellinen kierr\u00e4tyspiste yleisille paikoille. Tyylik\u00e4s ja taustaan sulautuva Look-sarja on luotu nykyaikaista kaupunkitilaa varten. Huomaamaton ulkon\u00e4k\u00f6 sopii my\u00f6s k\u00e4ytett\u00e4v\u00e4ksi mainostilana. Look on ihanteellinen julkisten tilojen sisustamiseen. Se soveltuu k\u00e4ytett\u00e4v\u00e4ksi muun muassa toimistorakennusten v\u00e4liss\u00e4, huoltoasemilla, nykyaikaisten kerrostalojen pihoilla tai koirapuistoissa. T\u00e4m\u00e4n sarjan roskas\u00e4ili\u00f6t on jaettu osastoihin, joten niihin voi laittaa esilajiteltua [&hellip;]<\/p>\n","protected":false},"featured_media":2018,"comment_status":"open","ping_status":"closed","template":"","meta":{"_acf_changed":false},"product_brand":[],"product_cat":[116],"product_tag":[],"class_list":{"0":"post-3640","1":"product","2":"type-product","3":"status-publish","4":"has-post-thumbnail","6":"product_cat-roska-astiat","7":"product-family-look-fi-2","9":"first","10":"instock","11":"shipping-taxable","12":"product-type-simple"},"acf":[],"yoast_head":"<!-- This site is optimized with the Yoast SEO plugin v26.4 - https:\/\/yoast.com\/wordpress\/plugins\/seo\/ -->\n<title>roska-astia Look@3 - Extery roskakorit kaupunkikalusteiden ker\u00e4\u00e4miseen<\/title>\n<meta name=\"description\" content=\"Roska-astia Look@3 kolmella j\u00e4teastialla on ihanteellinen kierr\u00e4tyspiste yleisille paikoille.\" \/>\n<meta name=\"robots\" content=\"index, follow, max-snippet:-1, max-image-preview:large, max-video-preview:-1\" \/>\n<link rel=\"canonical\" href=\"https:\/\/extery.com\/fi\/tuotteet\/roska-astia-look3\/\" \/>\n<meta property=\"og:locale\" content=\"fi_FI\" \/>\n<meta property=\"og:type\" content=\"article\" \/>\n<meta property=\"og:title\" content=\"roska-astia Look@3 - Extery roskakorit kaupunkikalusteiden ker\u00e4\u00e4miseen\" \/>\n<meta property=\"og:description\" content=\"Roska-astia Look@3 kolmella j\u00e4teastialla on ihanteellinen kierr\u00e4tyspiste yleisille paikoille.\" \/>\n<meta property=\"og:url\" content=\"https:\/\/extery.com\/fi\/tuotteet\/roska-astia-look3\/\" \/>\n<meta property=\"og:site_name\" content=\"Extery\" \/>\n<meta property=\"article:modified_time\" content=\"2026-04-13T10:19:06+00:00\" \/>\n<meta property=\"og:image\" content=\"https:\/\/extery.com\/wp-content\/uploads\/2020\/11\/Look@3-kulg.jpg\" \/>\n\t<meta property=\"og:image:width\" content=\"900\" \/>\n\t<meta property=\"og:image:height\" content=\"660\" \/>\n\t<meta property=\"og:image:type\" content=\"image\/jpeg\" \/>\n<meta name=\"twitter:card\" content=\"summary_large_image\" \/>\n<meta name=\"twitter:label1\" content=\"Arvioitu lukuaika\" \/>\n\t<meta name=\"twitter:data1\" content=\"1 minuutti\" \/>\n<script type=\"application\/ld+json\" class=\"yoast-schema-graph\">{\"@context\":\"https:\/\/schema.org\",\"@graph\":[{\"@type\":\"WebPage\",\"@id\":\"https:\/\/extery.com\/fi\/tuotteet\/roska-astia-look3\/\",\"url\":\"https:\/\/extery.com\/fi\/tuotteet\/roska-astia-look3\/\",\"name\":\"roska-astia Look@3 - Extery roskakorit kaupunkikalusteiden ker\u00e4\u00e4miseen\",\"isPartOf\":{\"@id\":\"https:\/\/extery.com\/fi\/#website\"},\"primaryImageOfPage\":{\"@id\":\"https:\/\/extery.com\/fi\/tuotteet\/roska-astia-look3\/#primaryimage\"},\"image\":{\"@id\":\"https:\/\/extery.com\/fi\/tuotteet\/roska-astia-look3\/#primaryimage\"},\"thumbnailUrl\":\"https:\/\/extery.com\/wp-content\/uploads\/2020\/11\/Look@3-kulg.jpg\",\"datePublished\":\"2020-11-12T15:36:35+00:00\",\"dateModified\":\"2026-04-13T10:19:06+00:00\",\"description\":\"Roska-astia Look@3 kolmella j\u00e4teastialla on ihanteellinen kierr\u00e4tyspiste yleisille paikoille.\",\"breadcrumb\":{\"@id\":\"https:\/\/extery.com\/fi\/tuotteet\/roska-astia-look3\/#breadcrumb\"},\"inLanguage\":\"fi\",\"potentialAction\":[{\"@type\":\"ReadAction\",\"target\":[\"https:\/\/extery.com\/fi\/tuotteet\/roska-astia-look3\/\"]}]},{\"@type\":\"ImageObject\",\"inLanguage\":\"fi\",\"@id\":\"https:\/\/extery.com\/fi\/tuotteet\/roska-astia-look3\/#primaryimage\",\"url\":\"https:\/\/extery.com\/wp-content\/uploads\/2020\/11\/Look@3-kulg.jpg\",\"contentUrl\":\"https:\/\/extery.com\/wp-content\/uploads\/2020\/11\/Look@3-kulg.jpg\",\"width\":900,\"height\":660},{\"@type\":\"BreadcrumbList\",\"@id\":\"https:\/\/extery.com\/fi\/tuotteet\/roska-astia-look3\/#breadcrumb\",\"itemListElement\":[{\"@type\":\"ListItem\",\"position\":1,\"name\":\"Home\",\"item\":\"https:\/\/extery.com\/fi\/\"},{\"@type\":\"ListItem\",\"position\":2,\"name\":\"Tuotteet\",\"item\":\"https:\/\/extery.com\/fi\/tuotteet\/\"},{\"@type\":\"ListItem\",\"position\":3,\"name\":\"roska-astia Look@3\"}]},{\"@type\":\"WebSite\",\"@id\":\"https:\/\/extery.com\/fi\/#website\",\"url\":\"https:\/\/extery.com\/fi\/\",\"name\":\"Extery\",\"description\":\"\",\"publisher\":{\"@id\":\"https:\/\/extery.com\/fi\/#organization\"},\"potentialAction\":[{\"@type\":\"SearchAction\",\"target\":{\"@type\":\"EntryPoint\",\"urlTemplate\":\"https:\/\/extery.com\/fi\/?s={search_term_string}\"},\"query-input\":{\"@type\":\"PropertyValueSpecification\",\"valueRequired\":true,\"valueName\":\"search_term_string\"}}],\"inLanguage\":\"fi\"},{\"@type\":\"Organization\",\"@id\":\"https:\/\/extery.com\/fi\/#organization\",\"name\":\"Extery\",\"url\":\"https:\/\/extery.com\/fi\/\",\"logo\":{\"@type\":\"ImageObject\",\"inLanguage\":\"fi\",\"@id\":\"https:\/\/extery.com\/fi\/#\/schema\/logo\/image\/\",\"url\":\"https:\/\/extery.com\/wp-content\/uploads\/2023\/11\/footer-logo.svg\",\"contentUrl\":\"https:\/\/extery.com\/wp-content\/uploads\/2023\/11\/footer-logo.svg\",\"caption\":\"Extery\"},\"image\":{\"@id\":\"https:\/\/extery.com\/fi\/#\/schema\/logo\/image\/\"}}]}<\/script>\n<!-- \/ Yoast SEO plugin. -->","yoast_head_json":{"title":"roska-astia Look@3 - Extery roskakorit kaupunkikalusteiden ker\u00e4\u00e4miseen","description":"Roska-astia Look@3 kolmella j\u00e4teastialla on ihanteellinen kierr\u00e4tyspiste yleisille paikoille.","robots":{"index":"index","follow":"follow","max-snippet":"max-snippet:-1","max-image-preview":"max-image-preview:large","max-video-preview":"max-video-preview:-1"},"canonical":"https:\/\/extery.com\/fi\/tuotteet\/roska-astia-look3\/","og_locale":"fi_FI","og_type":"article","og_title":"roska-astia Look@3 - Extery roskakorit kaupunkikalusteiden ker\u00e4\u00e4miseen","og_description":"Roska-astia Look@3 kolmella j\u00e4teastialla on ihanteellinen kierr\u00e4tyspiste yleisille paikoille.","og_url":"https:\/\/extery.com\/fi\/tuotteet\/roska-astia-look3\/","og_site_name":"Extery","article_modified_time":"2026-04-13T10:19:06+00:00","og_image":[{"width":900,"height":660,"url":"https:\/\/extery.com\/wp-content\/uploads\/2020\/11\/Look@3-kulg.jpg","type":"image\/jpeg"}],"twitter_card":"summary_large_image","twitter_misc":{"Arvioitu lukuaika":"1 minuutti"},"schema":{"@context":"https:\/\/schema.org","@graph":[{"@type":"WebPage","@id":"https:\/\/extery.com\/fi\/tuotteet\/roska-astia-look3\/","url":"https:\/\/extery.com\/fi\/tuotteet\/roska-astia-look3\/","name":"roska-astia Look@3 - Extery roskakorit kaupunkikalusteiden ker\u00e4\u00e4miseen","isPartOf":{"@id":"https:\/\/extery.com\/fi\/#website"},"primaryImageOfPage":{"@id":"https:\/\/extery.com\/fi\/tuotteet\/roska-astia-look3\/#primaryimage"},"image":{"@id":"https:\/\/extery.com\/fi\/tuotteet\/roska-astia-look3\/#primaryimage"},"thumbnailUrl":"https:\/\/extery.com\/wp-content\/uploads\/2020\/11\/Look@3-kulg.jpg","datePublished":"2020-11-12T15:36:35+00:00","dateModified":"2026-04-13T10:19:06+00:00","description":"Roska-astia Look@3 kolmella j\u00e4teastialla on ihanteellinen kierr\u00e4tyspiste yleisille paikoille.","breadcrumb":{"@id":"https:\/\/extery.com\/fi\/tuotteet\/roska-astia-look3\/#breadcrumb"},"inLanguage":"fi","potentialAction":[{"@type":"ReadAction","target":["https:\/\/extery.com\/fi\/tuotteet\/roska-astia-look3\/"]}]},{"@type":"ImageObject","inLanguage":"fi","@id":"https:\/\/extery.com\/fi\/tuotteet\/roska-astia-look3\/#primaryimage","url":"https:\/\/extery.com\/wp-content\/uploads\/2020\/11\/Look@3-kulg.jpg","contentUrl":"https:\/\/extery.com\/wp-content\/uploads\/2020\/11\/Look@3-kulg.jpg","width":900,"height":660},{"@type":"BreadcrumbList","@id":"https:\/\/extery.com\/fi\/tuotteet\/roska-astia-look3\/#breadcrumb","itemListElement":[{"@type":"ListItem","position":1,"name":"Home","item":"https:\/\/extery.com\/fi\/"},{"@type":"ListItem","position":2,"name":"Tuotteet","item":"https:\/\/extery.com\/fi\/tuotteet\/"},{"@type":"ListItem","position":3,"name":"roska-astia Look@3"}]},{"@type":"WebSite","@id":"https:\/\/extery.com\/fi\/#website","url":"https:\/\/extery.com\/fi\/","name":"Extery","description":"","publisher":{"@id":"https:\/\/extery.com\/fi\/#organization"},"potentialAction":[{"@type":"SearchAction","target":{"@type":"EntryPoint","urlTemplate":"https:\/\/extery.com\/fi\/?s={search_term_string}"},"query-input":{"@type":"PropertyValueSpecification","valueRequired":true,"valueName":"search_term_string"}}],"inLanguage":"fi"},{"@type":"Organization","@id":"https:\/\/extery.com\/fi\/#organization","name":"Extery","url":"https:\/\/extery.com\/fi\/","logo":{"@type":"ImageObject","inLanguage":"fi","@id":"https:\/\/extery.com\/fi\/#\/schema\/logo\/image\/","url":"https:\/\/extery.com\/wp-content\/uploads\/2023\/11\/footer-logo.svg","contentUrl":"https:\/\/extery.com\/wp-content\/uploads\/2023\/11\/footer-logo.svg","caption":"Extery"},"image":{"@id":"https:\/\/extery.com\/fi\/#\/schema\/logo\/image\/"}}]}},"_links":{"self":[{"href":"https:\/\/extery.com\/fi\/wp-json\/wp\/v2\/product\/3640","targetHints":{"allow":["GET"]}}],"collection":[{"href":"https:\/\/extery.com\/fi\/wp-json\/wp\/v2\/product"}],"about":[{"href":"https:\/\/extery.com\/fi\/wp-json\/wp\/v2\/types\/product"}],"replies":[{"embeddable":true,"href":"https:\/\/extery.com\/fi\/wp-json\/wp\/v2\/comments?post=3640"}],"wp:featuredmedia":[{"embeddable":true,"href":"https:\/\/extery.com\/fi\/wp-json\/wp\/v2\/media\/2018"}],"wp:attachment":[{"href":"https:\/\/extery.com\/fi\/wp-json\/wp\/v2\/media?parent=3640"}],"wp:term":[{"taxonomy":"product_brand","embeddable":true,"href":"https:\/\/extery.com\/fi\/wp-json\/wp\/v2\/product_brand?post=3640"},{"taxonomy":"product_cat","embeddable":true,"href":"https:\/\/extery.com\/fi\/wp-json\/wp\/v2\/product_cat?post=3640"},{"taxonomy":"product_tag","embeddable":true,"href":"https:\/\/extery.com\/fi\/wp-json\/wp\/v2\/product_tag?post=3640"}],"curies":[{"name":"wp","href":"https:\/\/api.w.org\/{rel}","templated":true}]}}