{"id":3648,"date":"2020-11-13T07:56:52","date_gmt":"2020-11-13T07:56:52","guid":{"rendered":"https:\/\/extery.com\/?post_type=product&#038;p=3648"},"modified":"2026-04-07T12:33:27","modified_gmt":"2026-04-07T12:33:27","slug":"dogstation-m3","status":"publish","type":"product","link":"https:\/\/extery.com\/fi\/tuotteet\/dogstation-m3\/","title":{"rendered":"Dogstation M3"},"content":{"rendered":"<p>DogStation M3 on uudenlainen ratkaisu, johon on yhdistetty roskas\u00e4ili\u00f6 ja muovipussiannostelija.<\/p>\n<p>Koirasi rakastaa juoksennella puistossa Sinun seurassasi. Kumpikaan teist\u00e4 ei halua astua haisevaan yll\u00e4tykseen, vaan keskitty\u00e4 reippaaseen lenkkeilyyn pitkin kotikulmia.<\/p>\n<p>Yksi puhtaan elinymp\u00e4rist\u00f6n parhaista puolista on se, ett\u00e4 siell\u00e4 on v\u00e4hemm\u00e4n huolenaiheita.<\/p>\n<p>Koira-asemien sijoittelu eri puolille kaupunkia ei ole ainoastaan k\u00e4yt\u00e4nn\u00f6llist\u00e4, vaan merkki puhtaudesta ja huolellisuudesta.<\/p>\n","protected":false},"excerpt":{"rendered":"<p>DogStation M3 on uudenlainen ratkaisu, johon on yhdistetty roskas\u00e4ili\u00f6 ja muovipussiannostelija. Koirasi rakastaa juoksennella puistossa Sinun seurassasi. Kumpikaan teist\u00e4 ei halua astua haisevaan yll\u00e4tykseen, vaan keskitty\u00e4 reippaaseen lenkkeilyyn pitkin kotikulmia. Yksi puhtaan elinymp\u00e4rist\u00f6n parhaista puolista on se, ett\u00e4 siell\u00e4 on v\u00e4hemm\u00e4n huolenaiheita. Koira-asemien sijoittelu eri puolille kaupunkia ei ole ainoastaan k\u00e4yt\u00e4nn\u00f6llist\u00e4, vaan merkki puhtaudesta ja [&hellip;]<\/p>\n","protected":false},"featured_media":1960,"comment_status":"open","ping_status":"closed","template":"","meta":{"_acf_changed":false},"product_brand":[],"product_cat":[116],"product_tag":[],"class_list":{"0":"post-3648","1":"product","2":"type-product","3":"status-publish","4":"has-post-thumbnail","6":"product_cat-roska-astiat","8":"first","9":"instock","10":"shipping-taxable","11":"product-type-simple"},"acf":[],"yoast_head":"<!-- This site is optimized with the Yoast SEO plugin v26.4 - https:\/\/yoast.com\/wordpress\/plugins\/seo\/ -->\n<title>Dogstation M3 - Extery kaupunkikalusteet<\/title>\n<meta name=\"description\" content=\"DogStation M3 on uudenlainen ratkaisu, johon on yhdistetty roskas\u00e4ili\u00f6 ja muovipussiannostelija.\" \/>\n<meta name=\"robots\" content=\"index, follow, max-snippet:-1, max-image-preview:large, max-video-preview:-1\" \/>\n<link rel=\"canonical\" href=\"https:\/\/extery.com\/fi\/tuotteet\/dogstation-m3\/\" \/>\n<meta property=\"og:locale\" content=\"fi_FI\" \/>\n<meta property=\"og:type\" content=\"article\" \/>\n<meta property=\"og:title\" content=\"Dogstation M3 - Extery kaupunkikalusteet\" \/>\n<meta property=\"og:description\" content=\"DogStation M3 on uudenlainen ratkaisu, johon on yhdistetty roskas\u00e4ili\u00f6 ja muovipussiannostelija.\" \/>\n<meta property=\"og:url\" content=\"https:\/\/extery.com\/fi\/tuotteet\/dogstation-m3\/\" \/>\n<meta property=\"og:site_name\" content=\"Extery\" \/>\n<meta property=\"article:modified_time\" content=\"2026-04-07T12:33:27+00:00\" \/>\n<meta property=\"og:image\" content=\"https:\/\/extery.com\/wp-content\/uploads\/2020\/11\/Dogstation-M3-K-scaled.jpg\" \/>\n\t<meta property=\"og:image:width\" content=\"2560\" \/>\n\t<meta property=\"og:image:height\" content=\"1707\" \/>\n\t<meta property=\"og:image:type\" content=\"image\/jpeg\" \/>\n<meta name=\"twitter:card\" content=\"summary_large_image\" \/>\n<meta name=\"twitter:label1\" content=\"Arvioitu lukuaika\" \/>\n\t<meta name=\"twitter:data1\" content=\"1 minuutti\" \/>\n<script type=\"application\/ld+json\" class=\"yoast-schema-graph\">{\"@context\":\"https:\/\/schema.org\",\"@graph\":[{\"@type\":\"WebPage\",\"@id\":\"https:\/\/extery.com\/fi\/tuotteet\/dogstation-m3\/\",\"url\":\"https:\/\/extery.com\/fi\/tuotteet\/dogstation-m3\/\",\"name\":\"Dogstation M3 - Extery kaupunkikalusteet\",\"isPartOf\":{\"@id\":\"https:\/\/extery.com\/fi\/#website\"},\"primaryImageOfPage\":{\"@id\":\"https:\/\/extery.com\/fi\/tuotteet\/dogstation-m3\/#primaryimage\"},\"image\":{\"@id\":\"https:\/\/extery.com\/fi\/tuotteet\/dogstation-m3\/#primaryimage\"},\"thumbnailUrl\":\"https:\/\/extery.com\/wp-content\/uploads\/2020\/11\/Dogstation-M3-K-scaled.jpg\",\"datePublished\":\"2020-11-13T07:56:52+00:00\",\"dateModified\":\"2026-04-07T12:33:27+00:00\",\"description\":\"DogStation M3 on uudenlainen ratkaisu, johon on yhdistetty roskas\u00e4ili\u00f6 ja muovipussiannostelija.\",\"breadcrumb\":{\"@id\":\"https:\/\/extery.com\/fi\/tuotteet\/dogstation-m3\/#breadcrumb\"},\"inLanguage\":\"fi\",\"potentialAction\":[{\"@type\":\"ReadAction\",\"target\":[\"https:\/\/extery.com\/fi\/tuotteet\/dogstation-m3\/\"]}]},{\"@type\":\"ImageObject\",\"inLanguage\":\"fi\",\"@id\":\"https:\/\/extery.com\/fi\/tuotteet\/dogstation-m3\/#primaryimage\",\"url\":\"https:\/\/extery.com\/wp-content\/uploads\/2020\/11\/Dogstation-M3-K-scaled.jpg\",\"contentUrl\":\"https:\/\/extery.com\/wp-content\/uploads\/2020\/11\/Dogstation-M3-K-scaled.jpg\",\"width\":2560,\"height\":1707},{\"@type\":\"BreadcrumbList\",\"@id\":\"https:\/\/extery.com\/fi\/tuotteet\/dogstation-m3\/#breadcrumb\",\"itemListElement\":[{\"@type\":\"ListItem\",\"position\":1,\"name\":\"Home\",\"item\":\"https:\/\/extery.com\/fi\/\"},{\"@type\":\"ListItem\",\"position\":2,\"name\":\"Tuotteet\",\"item\":\"https:\/\/extery.com\/fi\/tuotteet\/\"},{\"@type\":\"ListItem\",\"position\":3,\"name\":\"Dogstation M3\"}]},{\"@type\":\"WebSite\",\"@id\":\"https:\/\/extery.com\/fi\/#website\",\"url\":\"https:\/\/extery.com\/fi\/\",\"name\":\"Extery\",\"description\":\"\",\"publisher\":{\"@id\":\"https:\/\/extery.com\/fi\/#organization\"},\"potentialAction\":[{\"@type\":\"SearchAction\",\"target\":{\"@type\":\"EntryPoint\",\"urlTemplate\":\"https:\/\/extery.com\/fi\/?s={search_term_string}\"},\"query-input\":{\"@type\":\"PropertyValueSpecification\",\"valueRequired\":true,\"valueName\":\"search_term_string\"}}],\"inLanguage\":\"fi\"},{\"@type\":\"Organization\",\"@id\":\"https:\/\/extery.com\/fi\/#organization\",\"name\":\"Extery\",\"url\":\"https:\/\/extery.com\/fi\/\",\"logo\":{\"@type\":\"ImageObject\",\"inLanguage\":\"fi\",\"@id\":\"https:\/\/extery.com\/fi\/#\/schema\/logo\/image\/\",\"url\":\"https:\/\/extery.com\/wp-content\/uploads\/2023\/11\/footer-logo.svg\",\"contentUrl\":\"https:\/\/extery.com\/wp-content\/uploads\/2023\/11\/footer-logo.svg\",\"caption\":\"Extery\"},\"image\":{\"@id\":\"https:\/\/extery.com\/fi\/#\/schema\/logo\/image\/\"}}]}<\/script>\n<!-- \/ Yoast SEO plugin. -->","yoast_head_json":{"title":"Dogstation M3 - Extery kaupunkikalusteet","description":"DogStation M3 on uudenlainen ratkaisu, johon on yhdistetty roskas\u00e4ili\u00f6 ja muovipussiannostelija.","robots":{"index":"index","follow":"follow","max-snippet":"max-snippet:-1","max-image-preview":"max-image-preview:large","max-video-preview":"max-video-preview:-1"},"canonical":"https:\/\/extery.com\/fi\/tuotteet\/dogstation-m3\/","og_locale":"fi_FI","og_type":"article","og_title":"Dogstation M3 - Extery kaupunkikalusteet","og_description":"DogStation M3 on uudenlainen ratkaisu, johon on yhdistetty roskas\u00e4ili\u00f6 ja muovipussiannostelija.","og_url":"https:\/\/extery.com\/fi\/tuotteet\/dogstation-m3\/","og_site_name":"Extery","article_modified_time":"2026-04-07T12:33:27+00:00","og_image":[{"width":2560,"height":1707,"url":"https:\/\/extery.com\/wp-content\/uploads\/2020\/11\/Dogstation-M3-K-scaled.jpg","type":"image\/jpeg"}],"twitter_card":"summary_large_image","twitter_misc":{"Arvioitu lukuaika":"1 minuutti"},"schema":{"@context":"https:\/\/schema.org","@graph":[{"@type":"WebPage","@id":"https:\/\/extery.com\/fi\/tuotteet\/dogstation-m3\/","url":"https:\/\/extery.com\/fi\/tuotteet\/dogstation-m3\/","name":"Dogstation M3 - Extery kaupunkikalusteet","isPartOf":{"@id":"https:\/\/extery.com\/fi\/#website"},"primaryImageOfPage":{"@id":"https:\/\/extery.com\/fi\/tuotteet\/dogstation-m3\/#primaryimage"},"image":{"@id":"https:\/\/extery.com\/fi\/tuotteet\/dogstation-m3\/#primaryimage"},"thumbnailUrl":"https:\/\/extery.com\/wp-content\/uploads\/2020\/11\/Dogstation-M3-K-scaled.jpg","datePublished":"2020-11-13T07:56:52+00:00","dateModified":"2026-04-07T12:33:27+00:00","description":"DogStation M3 on uudenlainen ratkaisu, johon on yhdistetty roskas\u00e4ili\u00f6 ja muovipussiannostelija.","breadcrumb":{"@id":"https:\/\/extery.com\/fi\/tuotteet\/dogstation-m3\/#breadcrumb"},"inLanguage":"fi","potentialAction":[{"@type":"ReadAction","target":["https:\/\/extery.com\/fi\/tuotteet\/dogstation-m3\/"]}]},{"@type":"ImageObject","inLanguage":"fi","@id":"https:\/\/extery.com\/fi\/tuotteet\/dogstation-m3\/#primaryimage","url":"https:\/\/extery.com\/wp-content\/uploads\/2020\/11\/Dogstation-M3-K-scaled.jpg","contentUrl":"https:\/\/extery.com\/wp-content\/uploads\/2020\/11\/Dogstation-M3-K-scaled.jpg","width":2560,"height":1707},{"@type":"BreadcrumbList","@id":"https:\/\/extery.com\/fi\/tuotteet\/dogstation-m3\/#breadcrumb","itemListElement":[{"@type":"ListItem","position":1,"name":"Home","item":"https:\/\/extery.com\/fi\/"},{"@type":"ListItem","position":2,"name":"Tuotteet","item":"https:\/\/extery.com\/fi\/tuotteet\/"},{"@type":"ListItem","position":3,"name":"Dogstation M3"}]},{"@type":"WebSite","@id":"https:\/\/extery.com\/fi\/#website","url":"https:\/\/extery.com\/fi\/","name":"Extery","description":"","publisher":{"@id":"https:\/\/extery.com\/fi\/#organization"},"potentialAction":[{"@type":"SearchAction","target":{"@type":"EntryPoint","urlTemplate":"https:\/\/extery.com\/fi\/?s={search_term_string}"},"query-input":{"@type":"PropertyValueSpecification","valueRequired":true,"valueName":"search_term_string"}}],"inLanguage":"fi"},{"@type":"Organization","@id":"https:\/\/extery.com\/fi\/#organization","name":"Extery","url":"https:\/\/extery.com\/fi\/","logo":{"@type":"ImageObject","inLanguage":"fi","@id":"https:\/\/extery.com\/fi\/#\/schema\/logo\/image\/","url":"https:\/\/extery.com\/wp-content\/uploads\/2023\/11\/footer-logo.svg","contentUrl":"https:\/\/extery.com\/wp-content\/uploads\/2023\/11\/footer-logo.svg","caption":"Extery"},"image":{"@id":"https:\/\/extery.com\/fi\/#\/schema\/logo\/image\/"}}]}},"_links":{"self":[{"href":"https:\/\/extery.com\/fi\/wp-json\/wp\/v2\/product\/3648","targetHints":{"allow":["GET"]}}],"collection":[{"href":"https:\/\/extery.com\/fi\/wp-json\/wp\/v2\/product"}],"about":[{"href":"https:\/\/extery.com\/fi\/wp-json\/wp\/v2\/types\/product"}],"replies":[{"embeddable":true,"href":"https:\/\/extery.com\/fi\/wp-json\/wp\/v2\/comments?post=3648"}],"wp:featuredmedia":[{"embeddable":true,"href":"https:\/\/extery.com\/fi\/wp-json\/wp\/v2\/media\/1960"}],"wp:attachment":[{"href":"https:\/\/extery.com\/fi\/wp-json\/wp\/v2\/media?parent=3648"}],"wp:term":[{"taxonomy":"product_brand","embeddable":true,"href":"https:\/\/extery.com\/fi\/wp-json\/wp\/v2\/product_brand?post=3648"},{"taxonomy":"product_cat","embeddable":true,"href":"https:\/\/extery.com\/fi\/wp-json\/wp\/v2\/product_cat?post=3648"},{"taxonomy":"product_tag","embeddable":true,"href":"https:\/\/extery.com\/fi\/wp-json\/wp\/v2\/product_tag?post=3648"}],"curies":[{"name":"wp","href":"https:\/\/api.w.org\/{rel}","templated":true}]}}