{"id":3683,"date":"2020-11-13T08:23:53","date_gmt":"2020-11-13T08:23:53","guid":{"rendered":"https:\/\/extery.com\/?post_type=product&#038;p=3683"},"modified":"2026-04-13T09:47:14","modified_gmt":"2026-04-13T09:47:14","slug":"kukkalaatikko-tiide","status":"publish","type":"product","link":"https:\/\/extery.com\/fi\/tuotteet\/kukkalaatikko-tiide\/","title":{"rendered":"kukkalaatikko Tiide"},"content":{"rendered":"<p>Kukkalaatikko Tiiden muotoilu on yksinkertaista tyyli\u00e4, jolla voit luoda mukavia vihernurkkauksia kaupunkikuvaan.<\/p>\n<p>Tiide on Exteryn kaupunkikalustemalliston pikku &#8221;veijari&#8221;, joka tuo raikkaan tuulahduksen ja uusia mahdollisuuksia kaupunkisuunnittelijan tai maisema-arkkitehdin ty\u00f6p\u00e4iv\u00e4\u00e4n. Tiidess\u00e4 kaikki on erilaista: py\u00f6reit\u00e4 muotoja, pehmeit\u00e4 kulmia, herkullisia mittasuhteita. Pieni flirtti Bauhaus-koulukunnan ja nykyp\u00e4iv\u00e4n kalustemuotoilun suuntaan, joita harvoin n\u00e4kee konservatiivisissa kaupunkikalusteissa, tekee Tiidest\u00e4 takuuvarman katseenvangitsijan.<\/p>\n<p>Tiide on leikkis\u00e4 ja yst\u00e4v\u00e4llinen ulkoasultaan, mutta kest\u00e4v\u00e4 sis\u00e4lt\u00e4.<\/p>\n","protected":false},"excerpt":{"rendered":"<p>Kukkalaatikko Tiiden muotoilu on yksinkertaista tyyli\u00e4, jolla voit luoda mukavia vihernurkkauksia kaupunkikuvaan. Tiide on Exteryn kaupunkikalustemalliston pikku &#8221;veijari&#8221;, joka tuo raikkaan tuulahduksen ja uusia mahdollisuuksia kaupunkisuunnittelijan tai maisema-arkkitehdin ty\u00f6p\u00e4iv\u00e4\u00e4n. Tiidess\u00e4 kaikki on erilaista: py\u00f6reit\u00e4 muotoja, pehmeit\u00e4 kulmia, herkullisia mittasuhteita. Pieni flirtti Bauhaus-koulukunnan ja nykyp\u00e4iv\u00e4n kalustemuotoilun suuntaan, joita harvoin n\u00e4kee konservatiivisissa kaupunkikalusteissa, tekee Tiidest\u00e4 takuuvarman katseenvangitsijan. [&hellip;]<\/p>\n","protected":false},"featured_media":1997,"comment_status":"open","ping_status":"closed","template":"","meta":{"_acf_changed":false},"product_brand":[],"product_cat":[121],"product_tag":[],"class_list":{"0":"post-3683","1":"product","2":"type-product","3":"status-publish","4":"has-post-thumbnail","6":"product_cat-kaupunkielementit","7":"product-family-tiide-fi","9":"first","10":"instock","11":"shipping-taxable","12":"product-type-simple"},"acf":[],"yoast_head":"<!-- This site is optimized with the Yoast SEO plugin v26.4 - https:\/\/yoast.com\/wordpress\/plugins\/seo\/ -->\n<title>kukkalaatikko Tiide - Extery kaupunkikalusteet<\/title>\n<meta name=\"description\" content=\"Kukkalaatikko Tiiden muotoilu on yksinkertaista tyyli\u00e4, jolla voit luoda mukavia vihernurkkauksia kaupunkikuvaan.\" \/>\n<meta name=\"robots\" content=\"index, follow, max-snippet:-1, max-image-preview:large, max-video-preview:-1\" \/>\n<link rel=\"canonical\" href=\"https:\/\/extery.com\/fi\/tuotteet\/kukkalaatikko-tiide\/\" \/>\n<meta property=\"og:locale\" content=\"fi_FI\" \/>\n<meta property=\"og:type\" content=\"article\" \/>\n<meta property=\"og:title\" content=\"kukkalaatikko Tiide - Extery kaupunkikalusteet\" \/>\n<meta property=\"og:description\" content=\"Kukkalaatikko Tiiden muotoilu on yksinkertaista tyyli\u00e4, jolla voit luoda mukavia vihernurkkauksia kaupunkikuvaan.\" \/>\n<meta property=\"og:url\" content=\"https:\/\/extery.com\/fi\/tuotteet\/kukkalaatikko-tiide\/\" \/>\n<meta property=\"og:site_name\" content=\"Extery\" \/>\n<meta property=\"article:modified_time\" content=\"2026-04-13T09:47:14+00:00\" \/>\n<meta property=\"og:image\" content=\"https:\/\/extery.com\/wp-content\/uploads\/2020\/11\/Tiide-planter-E-scaled.jpg\" \/>\n\t<meta property=\"og:image:width\" content=\"2560\" \/>\n\t<meta property=\"og:image:height\" content=\"1707\" \/>\n\t<meta property=\"og:image:type\" content=\"image\/jpeg\" \/>\n<meta name=\"twitter:card\" content=\"summary_large_image\" \/>\n<meta name=\"twitter:label1\" content=\"Arvioitu lukuaika\" \/>\n\t<meta name=\"twitter:data1\" content=\"1 minuutti\" \/>\n<script type=\"application\/ld+json\" class=\"yoast-schema-graph\">{\"@context\":\"https:\/\/schema.org\",\"@graph\":[{\"@type\":\"WebPage\",\"@id\":\"https:\/\/extery.com\/fi\/tuotteet\/kukkalaatikko-tiide\/\",\"url\":\"https:\/\/extery.com\/fi\/tuotteet\/kukkalaatikko-tiide\/\",\"name\":\"kukkalaatikko Tiide - Extery kaupunkikalusteet\",\"isPartOf\":{\"@id\":\"https:\/\/extery.com\/fi\/#website\"},\"primaryImageOfPage\":{\"@id\":\"https:\/\/extery.com\/fi\/tuotteet\/kukkalaatikko-tiide\/#primaryimage\"},\"image\":{\"@id\":\"https:\/\/extery.com\/fi\/tuotteet\/kukkalaatikko-tiide\/#primaryimage\"},\"thumbnailUrl\":\"https:\/\/extery.com\/wp-content\/uploads\/2020\/11\/Tiide-planter-E-scaled.jpg\",\"datePublished\":\"2020-11-13T08:23:53+00:00\",\"dateModified\":\"2026-04-13T09:47:14+00:00\",\"description\":\"Kukkalaatikko Tiiden muotoilu on yksinkertaista tyyli\u00e4, jolla voit luoda mukavia vihernurkkauksia kaupunkikuvaan.\",\"breadcrumb\":{\"@id\":\"https:\/\/extery.com\/fi\/tuotteet\/kukkalaatikko-tiide\/#breadcrumb\"},\"inLanguage\":\"fi\",\"potentialAction\":[{\"@type\":\"ReadAction\",\"target\":[\"https:\/\/extery.com\/fi\/tuotteet\/kukkalaatikko-tiide\/\"]}]},{\"@type\":\"ImageObject\",\"inLanguage\":\"fi\",\"@id\":\"https:\/\/extery.com\/fi\/tuotteet\/kukkalaatikko-tiide\/#primaryimage\",\"url\":\"https:\/\/extery.com\/wp-content\/uploads\/2020\/11\/Tiide-planter-E-scaled.jpg\",\"contentUrl\":\"https:\/\/extery.com\/wp-content\/uploads\/2020\/11\/Tiide-planter-E-scaled.jpg\",\"width\":2560,\"height\":1707,\"caption\":\"Kukkalaatikko\"},{\"@type\":\"BreadcrumbList\",\"@id\":\"https:\/\/extery.com\/fi\/tuotteet\/kukkalaatikko-tiide\/#breadcrumb\",\"itemListElement\":[{\"@type\":\"ListItem\",\"position\":1,\"name\":\"Home\",\"item\":\"https:\/\/extery.com\/fi\/\"},{\"@type\":\"ListItem\",\"position\":2,\"name\":\"Tuotteet\",\"item\":\"https:\/\/extery.com\/fi\/tuotteet\/\"},{\"@type\":\"ListItem\",\"position\":3,\"name\":\"kukkalaatikko Tiide\"}]},{\"@type\":\"WebSite\",\"@id\":\"https:\/\/extery.com\/fi\/#website\",\"url\":\"https:\/\/extery.com\/fi\/\",\"name\":\"Extery\",\"description\":\"\",\"publisher\":{\"@id\":\"https:\/\/extery.com\/fi\/#organization\"},\"potentialAction\":[{\"@type\":\"SearchAction\",\"target\":{\"@type\":\"EntryPoint\",\"urlTemplate\":\"https:\/\/extery.com\/fi\/?s={search_term_string}\"},\"query-input\":{\"@type\":\"PropertyValueSpecification\",\"valueRequired\":true,\"valueName\":\"search_term_string\"}}],\"inLanguage\":\"fi\"},{\"@type\":\"Organization\",\"@id\":\"https:\/\/extery.com\/fi\/#organization\",\"name\":\"Extery\",\"url\":\"https:\/\/extery.com\/fi\/\",\"logo\":{\"@type\":\"ImageObject\",\"inLanguage\":\"fi\",\"@id\":\"https:\/\/extery.com\/fi\/#\/schema\/logo\/image\/\",\"url\":\"https:\/\/extery.com\/wp-content\/uploads\/2023\/11\/footer-logo.svg\",\"contentUrl\":\"https:\/\/extery.com\/wp-content\/uploads\/2023\/11\/footer-logo.svg\",\"caption\":\"Extery \"},\"image\":{\"@id\":\"https:\/\/extery.com\/fi\/#\/schema\/logo\/image\/\"}}]}<\/script>\n<!-- \/ Yoast SEO plugin. -->","yoast_head_json":{"title":"kukkalaatikko Tiide - Extery kaupunkikalusteet","description":"Kukkalaatikko Tiiden muotoilu on yksinkertaista tyyli\u00e4, jolla voit luoda mukavia vihernurkkauksia kaupunkikuvaan.","robots":{"index":"index","follow":"follow","max-snippet":"max-snippet:-1","max-image-preview":"max-image-preview:large","max-video-preview":"max-video-preview:-1"},"canonical":"https:\/\/extery.com\/fi\/tuotteet\/kukkalaatikko-tiide\/","og_locale":"fi_FI","og_type":"article","og_title":"kukkalaatikko Tiide - Extery kaupunkikalusteet","og_description":"Kukkalaatikko Tiiden muotoilu on yksinkertaista tyyli\u00e4, jolla voit luoda mukavia vihernurkkauksia kaupunkikuvaan.","og_url":"https:\/\/extery.com\/fi\/tuotteet\/kukkalaatikko-tiide\/","og_site_name":"Extery","article_modified_time":"2026-04-13T09:47:14+00:00","og_image":[{"width":2560,"height":1707,"url":"https:\/\/extery.com\/wp-content\/uploads\/2020\/11\/Tiide-planter-E-scaled.jpg","type":"image\/jpeg"}],"twitter_card":"summary_large_image","twitter_misc":{"Arvioitu lukuaika":"1 minuutti"},"schema":{"@context":"https:\/\/schema.org","@graph":[{"@type":"WebPage","@id":"https:\/\/extery.com\/fi\/tuotteet\/kukkalaatikko-tiide\/","url":"https:\/\/extery.com\/fi\/tuotteet\/kukkalaatikko-tiide\/","name":"kukkalaatikko Tiide - Extery kaupunkikalusteet","isPartOf":{"@id":"https:\/\/extery.com\/fi\/#website"},"primaryImageOfPage":{"@id":"https:\/\/extery.com\/fi\/tuotteet\/kukkalaatikko-tiide\/#primaryimage"},"image":{"@id":"https:\/\/extery.com\/fi\/tuotteet\/kukkalaatikko-tiide\/#primaryimage"},"thumbnailUrl":"https:\/\/extery.com\/wp-content\/uploads\/2020\/11\/Tiide-planter-E-scaled.jpg","datePublished":"2020-11-13T08:23:53+00:00","dateModified":"2026-04-13T09:47:14+00:00","description":"Kukkalaatikko Tiiden muotoilu on yksinkertaista tyyli\u00e4, jolla voit luoda mukavia vihernurkkauksia kaupunkikuvaan.","breadcrumb":{"@id":"https:\/\/extery.com\/fi\/tuotteet\/kukkalaatikko-tiide\/#breadcrumb"},"inLanguage":"fi","potentialAction":[{"@type":"ReadAction","target":["https:\/\/extery.com\/fi\/tuotteet\/kukkalaatikko-tiide\/"]}]},{"@type":"ImageObject","inLanguage":"fi","@id":"https:\/\/extery.com\/fi\/tuotteet\/kukkalaatikko-tiide\/#primaryimage","url":"https:\/\/extery.com\/wp-content\/uploads\/2020\/11\/Tiide-planter-E-scaled.jpg","contentUrl":"https:\/\/extery.com\/wp-content\/uploads\/2020\/11\/Tiide-planter-E-scaled.jpg","width":2560,"height":1707,"caption":"Kukkalaatikko"},{"@type":"BreadcrumbList","@id":"https:\/\/extery.com\/fi\/tuotteet\/kukkalaatikko-tiide\/#breadcrumb","itemListElement":[{"@type":"ListItem","position":1,"name":"Home","item":"https:\/\/extery.com\/fi\/"},{"@type":"ListItem","position":2,"name":"Tuotteet","item":"https:\/\/extery.com\/fi\/tuotteet\/"},{"@type":"ListItem","position":3,"name":"kukkalaatikko Tiide"}]},{"@type":"WebSite","@id":"https:\/\/extery.com\/fi\/#website","url":"https:\/\/extery.com\/fi\/","name":"Extery","description":"","publisher":{"@id":"https:\/\/extery.com\/fi\/#organization"},"potentialAction":[{"@type":"SearchAction","target":{"@type":"EntryPoint","urlTemplate":"https:\/\/extery.com\/fi\/?s={search_term_string}"},"query-input":{"@type":"PropertyValueSpecification","valueRequired":true,"valueName":"search_term_string"}}],"inLanguage":"fi"},{"@type":"Organization","@id":"https:\/\/extery.com\/fi\/#organization","name":"Extery","url":"https:\/\/extery.com\/fi\/","logo":{"@type":"ImageObject","inLanguage":"fi","@id":"https:\/\/extery.com\/fi\/#\/schema\/logo\/image\/","url":"https:\/\/extery.com\/wp-content\/uploads\/2023\/11\/footer-logo.svg","contentUrl":"https:\/\/extery.com\/wp-content\/uploads\/2023\/11\/footer-logo.svg","caption":"Extery "},"image":{"@id":"https:\/\/extery.com\/fi\/#\/schema\/logo\/image\/"}}]}},"_links":{"self":[{"href":"https:\/\/extery.com\/fi\/wp-json\/wp\/v2\/product\/3683","targetHints":{"allow":["GET"]}}],"collection":[{"href":"https:\/\/extery.com\/fi\/wp-json\/wp\/v2\/product"}],"about":[{"href":"https:\/\/extery.com\/fi\/wp-json\/wp\/v2\/types\/product"}],"replies":[{"embeddable":true,"href":"https:\/\/extery.com\/fi\/wp-json\/wp\/v2\/comments?post=3683"}],"wp:featuredmedia":[{"embeddable":true,"href":"https:\/\/extery.com\/fi\/wp-json\/wp\/v2\/media\/1997"}],"wp:attachment":[{"href":"https:\/\/extery.com\/fi\/wp-json\/wp\/v2\/media?parent=3683"}],"wp:term":[{"taxonomy":"product_brand","embeddable":true,"href":"https:\/\/extery.com\/fi\/wp-json\/wp\/v2\/product_brand?post=3683"},{"taxonomy":"product_cat","embeddable":true,"href":"https:\/\/extery.com\/fi\/wp-json\/wp\/v2\/product_cat?post=3683"},{"taxonomy":"product_tag","embeddable":true,"href":"https:\/\/extery.com\/fi\/wp-json\/wp\/v2\/product_tag?post=3683"}],"curies":[{"name":"wp","href":"https:\/\/api.w.org\/{rel}","templated":true}]}}