{"id":3697,"date":"2020-11-13T08:30:36","date_gmt":"2020-11-13T08:30:36","guid":{"rendered":"https:\/\/extery.com\/?post_type=product&#038;p=3697"},"modified":"2026-04-13T11:04:39","modified_gmt":"2026-04-13T11:04:39","slug":"pyorateline-vee","status":"publish","type":"product","link":"https:\/\/extery.com\/fi\/tuotteet\/pyorateline-vee\/","title":{"rendered":"py\u00f6r\u00e4teline Vee"},"content":{"rendered":"<p>Py\u00f6r\u00e4teline Vee on uniikki ja n\u00e4ytt\u00e4v\u00e4 py\u00f6r\u00e4teline, johon voit lukita py\u00f6r\u00e4si sek\u00e4 vanteesta ett\u00e4 rungosta. Pitk\u00e4 silmukka tukee py\u00f6r\u00e4si runkoa ja lyhyt silmukka pit\u00e4\u00e4 eturenkaan tukevasti paikallaan, jotta runko ei naarmuunnu.<\/p>\n<p>Joskus tarvitaan vain pieni yksityiskohta, ja kaupunkikuvasta tulee t\u00e4ydellinen.<\/p>\n<p>Tuote on saatavana jauhepinnoitettuna ja innovatiivisella elastomeerilla pinnoitettuna.<\/p>\n","protected":false},"excerpt":{"rendered":"<p>Py\u00f6r\u00e4teline Vee on uniikki ja n\u00e4ytt\u00e4v\u00e4 py\u00f6r\u00e4teline, johon voit lukita py\u00f6r\u00e4si sek\u00e4 vanteesta ett\u00e4 rungosta. Pitk\u00e4 silmukka tukee py\u00f6r\u00e4si runkoa ja lyhyt silmukka pit\u00e4\u00e4 eturenkaan tukevasti paikallaan, jotta runko ei naarmuunnu. Joskus tarvitaan vain pieni yksityiskohta, ja kaupunkikuvasta tulee t\u00e4ydellinen. Tuote on saatavana jauhepinnoitettuna ja innovatiivisella elastomeerilla pinnoitettuna.<\/p>\n","protected":false},"featured_media":2011,"comment_status":"open","ping_status":"closed","template":"","meta":{"_acf_changed":false},"product_brand":[],"product_cat":[126],"product_tag":[],"class_list":{"0":"post-3697","1":"product","2":"type-product","3":"status-publish","4":"has-post-thumbnail","6":"product_cat-polkupyoratelineet","7":"product-family-vee-fi","9":"first","10":"instock","11":"shipping-taxable","12":"product-type-simple"},"acf":[],"yoast_head":"<!-- This site is optimized with the Yoast SEO plugin v26.4 - https:\/\/yoast.com\/wordpress\/plugins\/seo\/ -->\n<title>py\u00f6r\u00e4teline Vee - Extery kaupunkikalusteet<\/title>\n<meta name=\"description\" content=\"Vee on uniikki ja n\u00e4ytt\u00e4v\u00e4 py\u00f6r\u00e4teline, johon voit lukita py\u00f6r\u00e4si sek\u00e4 vanteesta ett\u00e4 rungosta. Pitk\u00e4 silmukka tukee py\u00f6r\u00e4si runkoa ja lyhyt silmukka pit\u00e4\u00e4 eturenkaan tukevasti paikallaan, jotta runko ei naarmuunnu.\" \/>\n<meta name=\"robots\" content=\"index, follow, max-snippet:-1, max-image-preview:large, max-video-preview:-1\" \/>\n<link rel=\"canonical\" href=\"https:\/\/extery.com\/fi\/tuotteet\/pyorateline-vee\/\" \/>\n<meta property=\"og:locale\" content=\"fi_FI\" \/>\n<meta property=\"og:type\" content=\"article\" \/>\n<meta property=\"og:title\" content=\"py\u00f6r\u00e4teline Vee - Extery kaupunkikalusteet\" \/>\n<meta property=\"og:description\" content=\"Vee on uniikki ja n\u00e4ytt\u00e4v\u00e4 py\u00f6r\u00e4teline, johon voit lukita py\u00f6r\u00e4si sek\u00e4 vanteesta ett\u00e4 rungosta. Pitk\u00e4 silmukka tukee py\u00f6r\u00e4si runkoa ja lyhyt silmukka pit\u00e4\u00e4 eturenkaan tukevasti paikallaan, jotta runko ei naarmuunnu.\" \/>\n<meta property=\"og:url\" content=\"https:\/\/extery.com\/fi\/tuotteet\/pyorateline-vee\/\" \/>\n<meta property=\"og:site_name\" content=\"Extery\" \/>\n<meta property=\"article:modified_time\" content=\"2026-04-13T11:04:39+00:00\" \/>\n<meta property=\"og:image\" content=\"https:\/\/extery.com\/wp-content\/uploads\/2020\/11\/Vee-rattahoidja-E-scaled.jpg\" \/>\n\t<meta property=\"og:image:width\" content=\"2560\" \/>\n\t<meta property=\"og:image:height\" content=\"1707\" \/>\n\t<meta property=\"og:image:type\" content=\"image\/jpeg\" \/>\n<meta name=\"twitter:card\" content=\"summary_large_image\" \/>\n<meta name=\"twitter:label1\" content=\"Arvioitu lukuaika\" \/>\n\t<meta name=\"twitter:data1\" content=\"1 minuutti\" \/>\n<script type=\"application\/ld+json\" class=\"yoast-schema-graph\">{\"@context\":\"https:\/\/schema.org\",\"@graph\":[{\"@type\":\"WebPage\",\"@id\":\"https:\/\/extery.com\/fi\/tuotteet\/pyorateline-vee\/\",\"url\":\"https:\/\/extery.com\/fi\/tuotteet\/pyorateline-vee\/\",\"name\":\"py\u00f6r\u00e4teline Vee - Extery kaupunkikalusteet\",\"isPartOf\":{\"@id\":\"https:\/\/extery.com\/fi\/#website\"},\"primaryImageOfPage\":{\"@id\":\"https:\/\/extery.com\/fi\/tuotteet\/pyorateline-vee\/#primaryimage\"},\"image\":{\"@id\":\"https:\/\/extery.com\/fi\/tuotteet\/pyorateline-vee\/#primaryimage\"},\"thumbnailUrl\":\"https:\/\/extery.com\/wp-content\/uploads\/2020\/11\/Vee-rattahoidja-E-scaled.jpg\",\"datePublished\":\"2020-11-13T08:30:36+00:00\",\"dateModified\":\"2026-04-13T11:04:39+00:00\",\"description\":\"Vee on uniikki ja n\u00e4ytt\u00e4v\u00e4 py\u00f6r\u00e4teline, johon voit lukita py\u00f6r\u00e4si sek\u00e4 vanteesta ett\u00e4 rungosta. Pitk\u00e4 silmukka tukee py\u00f6r\u00e4si runkoa ja lyhyt silmukka pit\u00e4\u00e4 eturenkaan tukevasti paikallaan, jotta runko ei naarmuunnu.\",\"breadcrumb\":{\"@id\":\"https:\/\/extery.com\/fi\/tuotteet\/pyorateline-vee\/#breadcrumb\"},\"inLanguage\":\"fi\",\"potentialAction\":[{\"@type\":\"ReadAction\",\"target\":[\"https:\/\/extery.com\/fi\/tuotteet\/pyorateline-vee\/\"]}]},{\"@type\":\"ImageObject\",\"inLanguage\":\"fi\",\"@id\":\"https:\/\/extery.com\/fi\/tuotteet\/pyorateline-vee\/#primaryimage\",\"url\":\"https:\/\/extery.com\/wp-content\/uploads\/2020\/11\/Vee-rattahoidja-E-scaled.jpg\",\"contentUrl\":\"https:\/\/extery.com\/wp-content\/uploads\/2020\/11\/Vee-rattahoidja-E-scaled.jpg\",\"width\":2560,\"height\":1707,\"caption\":\"Py\u00f6r\u00e4teline\"},{\"@type\":\"BreadcrumbList\",\"@id\":\"https:\/\/extery.com\/fi\/tuotteet\/pyorateline-vee\/#breadcrumb\",\"itemListElement\":[{\"@type\":\"ListItem\",\"position\":1,\"name\":\"Home\",\"item\":\"https:\/\/extery.com\/fi\/\"},{\"@type\":\"ListItem\",\"position\":2,\"name\":\"Tuotteet\",\"item\":\"https:\/\/extery.com\/fi\/tuotteet\/\"},{\"@type\":\"ListItem\",\"position\":3,\"name\":\"py\u00f6r\u00e4teline Vee\"}]},{\"@type\":\"WebSite\",\"@id\":\"https:\/\/extery.com\/fi\/#website\",\"url\":\"https:\/\/extery.com\/fi\/\",\"name\":\"Extery\",\"description\":\"\",\"publisher\":{\"@id\":\"https:\/\/extery.com\/fi\/#organization\"},\"potentialAction\":[{\"@type\":\"SearchAction\",\"target\":{\"@type\":\"EntryPoint\",\"urlTemplate\":\"https:\/\/extery.com\/fi\/?s={search_term_string}\"},\"query-input\":{\"@type\":\"PropertyValueSpecification\",\"valueRequired\":true,\"valueName\":\"search_term_string\"}}],\"inLanguage\":\"fi\"},{\"@type\":\"Organization\",\"@id\":\"https:\/\/extery.com\/fi\/#organization\",\"name\":\"Extery\",\"url\":\"https:\/\/extery.com\/fi\/\",\"logo\":{\"@type\":\"ImageObject\",\"inLanguage\":\"fi\",\"@id\":\"https:\/\/extery.com\/fi\/#\/schema\/logo\/image\/\",\"url\":\"https:\/\/extery.com\/wp-content\/uploads\/2023\/11\/footer-logo.svg\",\"contentUrl\":\"https:\/\/extery.com\/wp-content\/uploads\/2023\/11\/footer-logo.svg\",\"caption\":\"Extery\"},\"image\":{\"@id\":\"https:\/\/extery.com\/fi\/#\/schema\/logo\/image\/\"}}]}<\/script>\n<!-- \/ Yoast SEO plugin. -->","yoast_head_json":{"title":"py\u00f6r\u00e4teline Vee - Extery kaupunkikalusteet","description":"Vee on uniikki ja n\u00e4ytt\u00e4v\u00e4 py\u00f6r\u00e4teline, johon voit lukita py\u00f6r\u00e4si sek\u00e4 vanteesta ett\u00e4 rungosta. Pitk\u00e4 silmukka tukee py\u00f6r\u00e4si runkoa ja lyhyt silmukka pit\u00e4\u00e4 eturenkaan tukevasti paikallaan, jotta runko ei naarmuunnu.","robots":{"index":"index","follow":"follow","max-snippet":"max-snippet:-1","max-image-preview":"max-image-preview:large","max-video-preview":"max-video-preview:-1"},"canonical":"https:\/\/extery.com\/fi\/tuotteet\/pyorateline-vee\/","og_locale":"fi_FI","og_type":"article","og_title":"py\u00f6r\u00e4teline Vee - Extery kaupunkikalusteet","og_description":"Vee on uniikki ja n\u00e4ytt\u00e4v\u00e4 py\u00f6r\u00e4teline, johon voit lukita py\u00f6r\u00e4si sek\u00e4 vanteesta ett\u00e4 rungosta. Pitk\u00e4 silmukka tukee py\u00f6r\u00e4si runkoa ja lyhyt silmukka pit\u00e4\u00e4 eturenkaan tukevasti paikallaan, jotta runko ei naarmuunnu.","og_url":"https:\/\/extery.com\/fi\/tuotteet\/pyorateline-vee\/","og_site_name":"Extery","article_modified_time":"2026-04-13T11:04:39+00:00","og_image":[{"width":2560,"height":1707,"url":"https:\/\/extery.com\/wp-content\/uploads\/2020\/11\/Vee-rattahoidja-E-scaled.jpg","type":"image\/jpeg"}],"twitter_card":"summary_large_image","twitter_misc":{"Arvioitu lukuaika":"1 minuutti"},"schema":{"@context":"https:\/\/schema.org","@graph":[{"@type":"WebPage","@id":"https:\/\/extery.com\/fi\/tuotteet\/pyorateline-vee\/","url":"https:\/\/extery.com\/fi\/tuotteet\/pyorateline-vee\/","name":"py\u00f6r\u00e4teline Vee - Extery kaupunkikalusteet","isPartOf":{"@id":"https:\/\/extery.com\/fi\/#website"},"primaryImageOfPage":{"@id":"https:\/\/extery.com\/fi\/tuotteet\/pyorateline-vee\/#primaryimage"},"image":{"@id":"https:\/\/extery.com\/fi\/tuotteet\/pyorateline-vee\/#primaryimage"},"thumbnailUrl":"https:\/\/extery.com\/wp-content\/uploads\/2020\/11\/Vee-rattahoidja-E-scaled.jpg","datePublished":"2020-11-13T08:30:36+00:00","dateModified":"2026-04-13T11:04:39+00:00","description":"Vee on uniikki ja n\u00e4ytt\u00e4v\u00e4 py\u00f6r\u00e4teline, johon voit lukita py\u00f6r\u00e4si sek\u00e4 vanteesta ett\u00e4 rungosta. Pitk\u00e4 silmukka tukee py\u00f6r\u00e4si runkoa ja lyhyt silmukka pit\u00e4\u00e4 eturenkaan tukevasti paikallaan, jotta runko ei naarmuunnu.","breadcrumb":{"@id":"https:\/\/extery.com\/fi\/tuotteet\/pyorateline-vee\/#breadcrumb"},"inLanguage":"fi","potentialAction":[{"@type":"ReadAction","target":["https:\/\/extery.com\/fi\/tuotteet\/pyorateline-vee\/"]}]},{"@type":"ImageObject","inLanguage":"fi","@id":"https:\/\/extery.com\/fi\/tuotteet\/pyorateline-vee\/#primaryimage","url":"https:\/\/extery.com\/wp-content\/uploads\/2020\/11\/Vee-rattahoidja-E-scaled.jpg","contentUrl":"https:\/\/extery.com\/wp-content\/uploads\/2020\/11\/Vee-rattahoidja-E-scaled.jpg","width":2560,"height":1707,"caption":"Py\u00f6r\u00e4teline"},{"@type":"BreadcrumbList","@id":"https:\/\/extery.com\/fi\/tuotteet\/pyorateline-vee\/#breadcrumb","itemListElement":[{"@type":"ListItem","position":1,"name":"Home","item":"https:\/\/extery.com\/fi\/"},{"@type":"ListItem","position":2,"name":"Tuotteet","item":"https:\/\/extery.com\/fi\/tuotteet\/"},{"@type":"ListItem","position":3,"name":"py\u00f6r\u00e4teline Vee"}]},{"@type":"WebSite","@id":"https:\/\/extery.com\/fi\/#website","url":"https:\/\/extery.com\/fi\/","name":"Extery","description":"","publisher":{"@id":"https:\/\/extery.com\/fi\/#organization"},"potentialAction":[{"@type":"SearchAction","target":{"@type":"EntryPoint","urlTemplate":"https:\/\/extery.com\/fi\/?s={search_term_string}"},"query-input":{"@type":"PropertyValueSpecification","valueRequired":true,"valueName":"search_term_string"}}],"inLanguage":"fi"},{"@type":"Organization","@id":"https:\/\/extery.com\/fi\/#organization","name":"Extery","url":"https:\/\/extery.com\/fi\/","logo":{"@type":"ImageObject","inLanguage":"fi","@id":"https:\/\/extery.com\/fi\/#\/schema\/logo\/image\/","url":"https:\/\/extery.com\/wp-content\/uploads\/2023\/11\/footer-logo.svg","contentUrl":"https:\/\/extery.com\/wp-content\/uploads\/2023\/11\/footer-logo.svg","caption":"Extery"},"image":{"@id":"https:\/\/extery.com\/fi\/#\/schema\/logo\/image\/"}}]}},"_links":{"self":[{"href":"https:\/\/extery.com\/fi\/wp-json\/wp\/v2\/product\/3697","targetHints":{"allow":["GET"]}}],"collection":[{"href":"https:\/\/extery.com\/fi\/wp-json\/wp\/v2\/product"}],"about":[{"href":"https:\/\/extery.com\/fi\/wp-json\/wp\/v2\/types\/product"}],"replies":[{"embeddable":true,"href":"https:\/\/extery.com\/fi\/wp-json\/wp\/v2\/comments?post=3697"}],"wp:featuredmedia":[{"embeddable":true,"href":"https:\/\/extery.com\/fi\/wp-json\/wp\/v2\/media\/2011"}],"wp:attachment":[{"href":"https:\/\/extery.com\/fi\/wp-json\/wp\/v2\/media?parent=3697"}],"wp:term":[{"taxonomy":"product_brand","embeddable":true,"href":"https:\/\/extery.com\/fi\/wp-json\/wp\/v2\/product_brand?post=3697"},{"taxonomy":"product_cat","embeddable":true,"href":"https:\/\/extery.com\/fi\/wp-json\/wp\/v2\/product_cat?post=3697"},{"taxonomy":"product_tag","embeddable":true,"href":"https:\/\/extery.com\/fi\/wp-json\/wp\/v2\/product_tag?post=3697"}],"curies":[{"name":"wp","href":"https:\/\/api.w.org\/{rel}","templated":true}]}}