{"id":39727,"date":"2022-07-20T09:08:01","date_gmt":"2022-07-20T09:08:01","guid":{"rendered":"https:\/\/extery.com\/tooted\/puistonpenkki-reidi-ilman-selkanojaa\/"},"modified":"2026-04-13T10:18:38","modified_gmt":"2026-04-13T10:18:38","slug":"penkki-reidi-ilman-selkanojaa","status":"publish","type":"product","link":"https:\/\/extery.com\/fi\/tuotteet\/penkki-reidi-ilman-selkanojaa\/","title":{"rendered":"penkki Reidi, ilman selk\u00e4nojaa"},"content":{"rendered":"<p>Puistonpenkki Reidi on osa suurempaa ulkokalusteiden tuoteperhett\u00e4. Reidi-perheeseen kuuluvissa kalusteissa on pelkistetty muotoilu ja vahvaan metallilevyyn tuotteen molemmilla sivuilla pystyy l\u00e4vist\u00e4m\u00e4\u00e4n erilaisia graafisia kuvioita. J\u00e4ljittele luonnon muotokielt\u00e4 tai yleisi\u00e4 symboleita penkin jalkaosaan. Jokainen kaluste luo projektillesi yksil\u00f6llisen ilmeen.<\/p>\n<p>Metallirunko on 10 mm vahvuista kuumasinkitty\u00e4 ter\u00e4slevy\u00e4 ja puuosat voi valita l\u00e4mp\u00f6k\u00e4sitellyst\u00e4 saarnesta tai trooppisesta puusta.<\/p>\n<p>Maanalaiseen asennukseen on mahdollista valita penkki my\u00f6s pidennetyll\u00e4 jalkaosalla.<\/p>\n","protected":false},"excerpt":{"rendered":"<p>Puistonpenkki Reidi on osa suurempaa ulkokalusteiden tuoteperhett\u00e4. Reidi-perheeseen kuuluvissa kalusteissa on pelkistetty muotoilu ja vahvaan metallilevyyn tuotteen molemmilla sivuilla pystyy l\u00e4vist\u00e4m\u00e4\u00e4n erilaisia graafisia kuvioita. J\u00e4ljittele luonnon muotokielt\u00e4 tai yleisi\u00e4 symboleita penkin jalkaosaan. Jokainen kaluste luo projektillesi yksil\u00f6llisen ilmeen. Metallirunko on 10 mm vahvuista kuumasinkitty\u00e4 ter\u00e4slevy\u00e4 ja puuosat voi valita l\u00e4mp\u00f6k\u00e4sitellyst\u00e4 saarnesta tai trooppisesta puusta. Maanalaiseen [&hellip;]<\/p>\n","protected":false},"featured_media":18747,"comment_status":"open","ping_status":"closed","template":"","meta":{"_acf_changed":false},"product_brand":[],"product_cat":[90],"product_tag":[],"class_list":{"0":"post-39727","1":"product","2":"type-product","3":"status-publish","4":"has-post-thumbnail","6":"product_cat-penkit-ilman-selkanojaa","7":"product-family-reidi-fi","9":"first","10":"instock","11":"shipping-taxable","12":"product-type-simple"},"acf":[],"yoast_head":"<!-- This site is optimized with the Yoast SEO plugin v26.4 - https:\/\/yoast.com\/wordpress\/plugins\/seo\/ -->\n<title>penkki Reidi, ilman selk\u00e4nojaa - Extery kaupunkikalusteet<\/title>\n<meta name=\"description\" content=\"Puistopenkki Reidin vahva sivupinta mahdollistaa erilaisten graafisten elementtien rei&#039;ityksen. Jokaisella puistonpenkill\u00e4 on oma symbolinsa. Puiston penkit selk\u00e4- ja selk\u00e4nojilla.\" \/>\n<meta name=\"robots\" content=\"index, follow, max-snippet:-1, max-image-preview:large, max-video-preview:-1\" \/>\n<link rel=\"canonical\" href=\"https:\/\/extery.com\/fi\/tuotteet\/penkki-reidi-ilman-selkanojaa\/\" \/>\n<meta property=\"og:locale\" content=\"fi_FI\" \/>\n<meta property=\"og:type\" content=\"article\" \/>\n<meta property=\"og:title\" content=\"penkki Reidi, ilman selk\u00e4nojaa - Extery kaupunkikalusteet\" \/>\n<meta property=\"og:description\" content=\"Puistopenkki Reidin vahva sivupinta mahdollistaa erilaisten graafisten elementtien rei&#039;ityksen. Jokaisella puistonpenkill\u00e4 on oma symbolinsa. Puiston penkit selk\u00e4- ja selk\u00e4nojilla.\" \/>\n<meta property=\"og:url\" content=\"https:\/\/extery.com\/fi\/tuotteet\/penkki-reidi-ilman-selkanojaa\/\" \/>\n<meta property=\"og:site_name\" content=\"Extery\" \/>\n<meta property=\"article:modified_time\" content=\"2026-04-13T10:18:38+00:00\" \/>\n<meta property=\"og:image\" content=\"https:\/\/extery.com\/wp-content\/uploads\/2022\/07\/Reidi-pargipink-j-Extery-linnamoobel-valimoobel-pargimoobel-scaled.jpg\" \/>\n\t<meta property=\"og:image:width\" content=\"2560\" \/>\n\t<meta property=\"og:image:height\" content=\"1707\" \/>\n\t<meta property=\"og:image:type\" content=\"image\/jpeg\" \/>\n<meta name=\"twitter:card\" content=\"summary_large_image\" \/>\n<meta name=\"twitter:label1\" content=\"Arvioitu lukuaika\" \/>\n\t<meta name=\"twitter:data1\" content=\"1 minuutti\" \/>\n<script type=\"application\/ld+json\" class=\"yoast-schema-graph\">{\"@context\":\"https:\/\/schema.org\",\"@graph\":[{\"@type\":\"WebPage\",\"@id\":\"https:\/\/extery.com\/fi\/tuotteet\/penkki-reidi-ilman-selkanojaa\/\",\"url\":\"https:\/\/extery.com\/fi\/tuotteet\/penkki-reidi-ilman-selkanojaa\/\",\"name\":\"penkki Reidi, ilman selk\u00e4nojaa - Extery kaupunkikalusteet\",\"isPartOf\":{\"@id\":\"https:\/\/extery.com\/fi\/#website\"},\"primaryImageOfPage\":{\"@id\":\"https:\/\/extery.com\/fi\/tuotteet\/penkki-reidi-ilman-selkanojaa\/#primaryimage\"},\"image\":{\"@id\":\"https:\/\/extery.com\/fi\/tuotteet\/penkki-reidi-ilman-selkanojaa\/#primaryimage\"},\"thumbnailUrl\":\"https:\/\/extery.com\/wp-content\/uploads\/2022\/07\/Reidi-pargipink-j-Extery-linnamoobel-valimoobel-pargimoobel-scaled.jpg\",\"datePublished\":\"2022-07-20T09:08:01+00:00\",\"dateModified\":\"2026-04-13T10:18:38+00:00\",\"description\":\"Puistopenkki Reidin vahva sivupinta mahdollistaa erilaisten graafisten elementtien rei'ityksen. Jokaisella puistonpenkill\u00e4 on oma symbolinsa. Puiston penkit selk\u00e4- ja selk\u00e4nojilla.\",\"breadcrumb\":{\"@id\":\"https:\/\/extery.com\/fi\/tuotteet\/penkki-reidi-ilman-selkanojaa\/#breadcrumb\"},\"inLanguage\":\"fi\",\"potentialAction\":[{\"@type\":\"ReadAction\",\"target\":[\"https:\/\/extery.com\/fi\/tuotteet\/penkki-reidi-ilman-selkanojaa\/\"]}]},{\"@type\":\"ImageObject\",\"inLanguage\":\"fi\",\"@id\":\"https:\/\/extery.com\/fi\/tuotteet\/penkki-reidi-ilman-selkanojaa\/#primaryimage\",\"url\":\"https:\/\/extery.com\/wp-content\/uploads\/2022\/07\/Reidi-pargipink-j-Extery-linnamoobel-valimoobel-pargimoobel-scaled.jpg\",\"contentUrl\":\"https:\/\/extery.com\/wp-content\/uploads\/2022\/07\/Reidi-pargipink-j-Extery-linnamoobel-valimoobel-pargimoobel-scaled.jpg\",\"width\":2560,\"height\":1707},{\"@type\":\"BreadcrumbList\",\"@id\":\"https:\/\/extery.com\/fi\/tuotteet\/penkki-reidi-ilman-selkanojaa\/#breadcrumb\",\"itemListElement\":[{\"@type\":\"ListItem\",\"position\":1,\"name\":\"Home\",\"item\":\"https:\/\/extery.com\/fi\/\"},{\"@type\":\"ListItem\",\"position\":2,\"name\":\"Tuotteet\",\"item\":\"https:\/\/extery.com\/fi\/tuotteet\/\"},{\"@type\":\"ListItem\",\"position\":3,\"name\":\"penkki Reidi, ilman selk\u00e4nojaa\"}]},{\"@type\":\"WebSite\",\"@id\":\"https:\/\/extery.com\/fi\/#website\",\"url\":\"https:\/\/extery.com\/fi\/\",\"name\":\"Extery\",\"description\":\"\",\"publisher\":{\"@id\":\"https:\/\/extery.com\/fi\/#organization\"},\"potentialAction\":[{\"@type\":\"SearchAction\",\"target\":{\"@type\":\"EntryPoint\",\"urlTemplate\":\"https:\/\/extery.com\/fi\/?s={search_term_string}\"},\"query-input\":{\"@type\":\"PropertyValueSpecification\",\"valueRequired\":true,\"valueName\":\"search_term_string\"}}],\"inLanguage\":\"fi\"},{\"@type\":\"Organization\",\"@id\":\"https:\/\/extery.com\/fi\/#organization\",\"name\":\"Extery\",\"url\":\"https:\/\/extery.com\/fi\/\",\"logo\":{\"@type\":\"ImageObject\",\"inLanguage\":\"fi\",\"@id\":\"https:\/\/extery.com\/fi\/#\/schema\/logo\/image\/\",\"url\":\"https:\/\/extery.com\/wp-content\/uploads\/2023\/11\/footer-logo.svg\",\"contentUrl\":\"https:\/\/extery.com\/wp-content\/uploads\/2023\/11\/footer-logo.svg\",\"caption\":\"Extery\"},\"image\":{\"@id\":\"https:\/\/extery.com\/fi\/#\/schema\/logo\/image\/\"}}]}<\/script>\n<!-- \/ Yoast SEO plugin. -->","yoast_head_json":{"title":"penkki Reidi, ilman selk\u00e4nojaa - Extery kaupunkikalusteet","description":"Puistopenkki Reidin vahva sivupinta mahdollistaa erilaisten graafisten elementtien rei'ityksen. Jokaisella puistonpenkill\u00e4 on oma symbolinsa. Puiston penkit selk\u00e4- ja selk\u00e4nojilla.","robots":{"index":"index","follow":"follow","max-snippet":"max-snippet:-1","max-image-preview":"max-image-preview:large","max-video-preview":"max-video-preview:-1"},"canonical":"https:\/\/extery.com\/fi\/tuotteet\/penkki-reidi-ilman-selkanojaa\/","og_locale":"fi_FI","og_type":"article","og_title":"penkki Reidi, ilman selk\u00e4nojaa - Extery kaupunkikalusteet","og_description":"Puistopenkki Reidin vahva sivupinta mahdollistaa erilaisten graafisten elementtien rei'ityksen. Jokaisella puistonpenkill\u00e4 on oma symbolinsa. Puiston penkit selk\u00e4- ja selk\u00e4nojilla.","og_url":"https:\/\/extery.com\/fi\/tuotteet\/penkki-reidi-ilman-selkanojaa\/","og_site_name":"Extery","article_modified_time":"2026-04-13T10:18:38+00:00","og_image":[{"width":2560,"height":1707,"url":"https:\/\/extery.com\/wp-content\/uploads\/2022\/07\/Reidi-pargipink-j-Extery-linnamoobel-valimoobel-pargimoobel-scaled.jpg","type":"image\/jpeg"}],"twitter_card":"summary_large_image","twitter_misc":{"Arvioitu lukuaika":"1 minuutti"},"schema":{"@context":"https:\/\/schema.org","@graph":[{"@type":"WebPage","@id":"https:\/\/extery.com\/fi\/tuotteet\/penkki-reidi-ilman-selkanojaa\/","url":"https:\/\/extery.com\/fi\/tuotteet\/penkki-reidi-ilman-selkanojaa\/","name":"penkki Reidi, ilman selk\u00e4nojaa - Extery kaupunkikalusteet","isPartOf":{"@id":"https:\/\/extery.com\/fi\/#website"},"primaryImageOfPage":{"@id":"https:\/\/extery.com\/fi\/tuotteet\/penkki-reidi-ilman-selkanojaa\/#primaryimage"},"image":{"@id":"https:\/\/extery.com\/fi\/tuotteet\/penkki-reidi-ilman-selkanojaa\/#primaryimage"},"thumbnailUrl":"https:\/\/extery.com\/wp-content\/uploads\/2022\/07\/Reidi-pargipink-j-Extery-linnamoobel-valimoobel-pargimoobel-scaled.jpg","datePublished":"2022-07-20T09:08:01+00:00","dateModified":"2026-04-13T10:18:38+00:00","description":"Puistopenkki Reidin vahva sivupinta mahdollistaa erilaisten graafisten elementtien rei'ityksen. Jokaisella puistonpenkill\u00e4 on oma symbolinsa. Puiston penkit selk\u00e4- ja selk\u00e4nojilla.","breadcrumb":{"@id":"https:\/\/extery.com\/fi\/tuotteet\/penkki-reidi-ilman-selkanojaa\/#breadcrumb"},"inLanguage":"fi","potentialAction":[{"@type":"ReadAction","target":["https:\/\/extery.com\/fi\/tuotteet\/penkki-reidi-ilman-selkanojaa\/"]}]},{"@type":"ImageObject","inLanguage":"fi","@id":"https:\/\/extery.com\/fi\/tuotteet\/penkki-reidi-ilman-selkanojaa\/#primaryimage","url":"https:\/\/extery.com\/wp-content\/uploads\/2022\/07\/Reidi-pargipink-j-Extery-linnamoobel-valimoobel-pargimoobel-scaled.jpg","contentUrl":"https:\/\/extery.com\/wp-content\/uploads\/2022\/07\/Reidi-pargipink-j-Extery-linnamoobel-valimoobel-pargimoobel-scaled.jpg","width":2560,"height":1707},{"@type":"BreadcrumbList","@id":"https:\/\/extery.com\/fi\/tuotteet\/penkki-reidi-ilman-selkanojaa\/#breadcrumb","itemListElement":[{"@type":"ListItem","position":1,"name":"Home","item":"https:\/\/extery.com\/fi\/"},{"@type":"ListItem","position":2,"name":"Tuotteet","item":"https:\/\/extery.com\/fi\/tuotteet\/"},{"@type":"ListItem","position":3,"name":"penkki Reidi, ilman selk\u00e4nojaa"}]},{"@type":"WebSite","@id":"https:\/\/extery.com\/fi\/#website","url":"https:\/\/extery.com\/fi\/","name":"Extery","description":"","publisher":{"@id":"https:\/\/extery.com\/fi\/#organization"},"potentialAction":[{"@type":"SearchAction","target":{"@type":"EntryPoint","urlTemplate":"https:\/\/extery.com\/fi\/?s={search_term_string}"},"query-input":{"@type":"PropertyValueSpecification","valueRequired":true,"valueName":"search_term_string"}}],"inLanguage":"fi"},{"@type":"Organization","@id":"https:\/\/extery.com\/fi\/#organization","name":"Extery","url":"https:\/\/extery.com\/fi\/","logo":{"@type":"ImageObject","inLanguage":"fi","@id":"https:\/\/extery.com\/fi\/#\/schema\/logo\/image\/","url":"https:\/\/extery.com\/wp-content\/uploads\/2023\/11\/footer-logo.svg","contentUrl":"https:\/\/extery.com\/wp-content\/uploads\/2023\/11\/footer-logo.svg","caption":"Extery"},"image":{"@id":"https:\/\/extery.com\/fi\/#\/schema\/logo\/image\/"}}]}},"_links":{"self":[{"href":"https:\/\/extery.com\/fi\/wp-json\/wp\/v2\/product\/39727","targetHints":{"allow":["GET"]}}],"collection":[{"href":"https:\/\/extery.com\/fi\/wp-json\/wp\/v2\/product"}],"about":[{"href":"https:\/\/extery.com\/fi\/wp-json\/wp\/v2\/types\/product"}],"replies":[{"embeddable":true,"href":"https:\/\/extery.com\/fi\/wp-json\/wp\/v2\/comments?post=39727"}],"wp:featuredmedia":[{"embeddable":true,"href":"https:\/\/extery.com\/fi\/wp-json\/wp\/v2\/media\/18747"}],"wp:attachment":[{"href":"https:\/\/extery.com\/fi\/wp-json\/wp\/v2\/media?parent=39727"}],"wp:term":[{"taxonomy":"product_brand","embeddable":true,"href":"https:\/\/extery.com\/fi\/wp-json\/wp\/v2\/product_brand?post=39727"},{"taxonomy":"product_cat","embeddable":true,"href":"https:\/\/extery.com\/fi\/wp-json\/wp\/v2\/product_cat?post=39727"},{"taxonomy":"product_tag","embeddable":true,"href":"https:\/\/extery.com\/fi\/wp-json\/wp\/v2\/product_tag?post=39727"}],"curies":[{"name":"wp","href":"https:\/\/api.w.org\/{rel}","templated":true}]}}