{"id":49375,"date":"2023-12-01T08:18:04","date_gmt":"2023-12-01T08:18:04","guid":{"rendered":"https:\/\/extery.com\/tooted\/park-bench-haru-set05\/"},"modified":"2026-04-13T09:20:39","modified_gmt":"2026-04-13T09:20:39","slug":"penkki-haru-set05","status":"publish","type":"product","link":"https:\/\/extery.com\/fi\/tuotteet\/penkki-haru-set05\/","title":{"rendered":"penkki Haru SET05"},"content":{"rendered":"<p>Penkki Haru on modulaarinen kaupunkikalustetuoteperhe, jonka muodostelmat tuovat mieleen aurinkokuntamme. Se levitt\u00e4ytyy kaupunkien aukioille tehden niist\u00e4 aktiivisesti k\u00e4ytettyj\u00e4 ajanviettopaikkoja. Haru houkuttelee puoleensa ja luo uusia, eloisia ulkoalueita. Moduulit tarjoavat rajattomasti vaihtelevia istuinratkaisuja rentoon kaupungilla oleskeluun yksin tai kokoontumiseen porukalla. Harua voi laajentaa yhdest\u00e4 molekyylist\u00e4 loputtomaksi verkostoksi.<\/p>\n<p>Haru penkki edustaa monipuolisuutta, jossa vaikuttava design ylitt\u00e4\u00e4 perinteisen kalustemuotoilun rajat. Materiaalien vaihtelevuus ja p\u00f6ytien sek\u00e4 istuimien muodostelma, jossa kaikki tasot ovat samalla korkeudella, mahdollistavat kalusteiden monipuoliset k\u00e4ytt\u00f6tarkoitukset. K\u00e4ytt\u00e4j\u00e4 saa p\u00e4\u00e4tt\u00e4\u00e4, Haru ei rajoita!<\/p>\n<p>P\u00f6yt\u00e4tasot on valmistettu 100% kierr\u00e4tetyst\u00e4 muovista.<\/p>\n<p>Haru koostuu kolmesta erilaisesta moduulista \u2013 istuimesta (HS), p\u00f6yd\u00e4st\u00e4 (HT) ja liitoskappaleesta (HJ), joilla kokonaisuutta voidaan muotoilla ja laajentaa halutulla ja tilan edellytt\u00e4m\u00e4ll\u00e4 tavalla.<\/p>\n<p><img loading=\"lazy\" decoding=\"async\" class=\"alignnone wp-image-49352 \" src=\"https:\/\/extery.com\/wp-content\/uploads\/2023\/12\/Haru-module-dimensions-exploded-1024x372.png\" alt=\"\" width=\"683\" height=\"248\" srcset=\"https:\/\/extery.com\/wp-content\/uploads\/2023\/12\/Haru-module-dimensions-exploded-1024x372.png 1024w, https:\/\/extery.com\/wp-content\/uploads\/2023\/12\/Haru-module-dimensions-exploded-300x109.png 300w, https:\/\/extery.com\/wp-content\/uploads\/2023\/12\/Haru-module-dimensions-exploded-768x279.png 768w, https:\/\/extery.com\/wp-content\/uploads\/2023\/12\/Haru-module-dimensions-exploded-600x218.png 600w, https:\/\/extery.com\/wp-content\/uploads\/2023\/12\/Haru-module-dimensions-exploded.png 1357w\" sizes=\"auto, (max-width: 683px) 100vw, 683px\" \/><\/p>\n<p>Kalustesetti Haru SET05 koostuu 5 Haru istuinmoduulia, 2 Haru p\u00f6yt\u00e4 ja 6 kiinnitysosasta (liitin). Setti on muunneltavissa ja laajennettavissa halutulla tavalla!<\/p>\n<p>Tutustu my\u00f6s muihin valmiisiin Haru-moduuliyhdistelmiin <span style=\"color: #0000ff;\"><a style=\"color: #0000ff;\" href=\"https:\/\/extery.com\/fi\/tuoteperheet\/#haru-fi\"><strong>t\u00e4st\u00e4<\/strong><\/a><\/span>.<\/p>\n","protected":false},"excerpt":{"rendered":"<p>Penkki Haru on modulaarinen kaupunkikalustetuoteperhe, jonka muodostelmat tuovat mieleen aurinkokuntamme. Se levitt\u00e4ytyy kaupunkien aukioille tehden niist\u00e4 aktiivisesti k\u00e4ytettyj\u00e4 ajanviettopaikkoja. Haru houkuttelee puoleensa ja luo uusia, eloisia ulkoalueita. Moduulit tarjoavat rajattomasti vaihtelevia istuinratkaisuja rentoon kaupungilla oleskeluun yksin tai kokoontumiseen porukalla. Harua voi laajentaa yhdest\u00e4 molekyylist\u00e4 loputtomaksi verkostoksi. Haru penkki edustaa monipuolisuutta, jossa vaikuttava design ylitt\u00e4\u00e4 perinteisen [&hellip;]<\/p>\n","protected":false},"featured_media":41392,"comment_status":"closed","ping_status":"closed","template":"","meta":{"_acf_changed":false},"product_brand":[],"product_cat":[90,111],"product_tag":[],"class_list":{"0":"post-49375","1":"product","2":"type-product","3":"status-publish","4":"has-post-thumbnail","6":"product_cat-penkit-ilman-selkanojaa","7":"product_cat-moduulipenkit","8":"product-family-haru-fi","10":"first","11":"instock","12":"shipping-taxable","13":"product-type-simple"},"acf":[],"yoast_head":"<!-- This site is optimized with the Yoast SEO plugin v26.4 - https:\/\/yoast.com\/wordpress\/plugins\/seo\/ -->\n<title>penkki Haru SET05 - Extery kaupunkikalusteet<\/title>\n<meta name=\"description\" content=\"Park bench Haru is a modular urban furniture system that enlivens city squares. It can be grown into an infinite network. Choose the sets from our website!Puistopenkki Haru on modulaarinen kaupunkihuonekaluj\u00e4rjestelm\u00e4, joka el\u00e4v\u00f6itt\u00e4\u00e4 kaupungin aukioita. Valitse setit nettisivuiltamme!\" \/>\n<meta name=\"robots\" content=\"index, follow, max-snippet:-1, max-image-preview:large, max-video-preview:-1\" \/>\n<link rel=\"canonical\" href=\"https:\/\/extery.com\/fi\/tuotteet\/penkki-haru-set05\/\" \/>\n<meta property=\"og:locale\" content=\"fi_FI\" \/>\n<meta property=\"og:type\" content=\"article\" \/>\n<meta property=\"og:title\" content=\"penkki Haru SET05 - Extery kaupunkikalusteet\" \/>\n<meta property=\"og:description\" content=\"Park bench Haru is a modular urban furniture system that enlivens city squares. It can be grown into an infinite network. Choose the sets from our website!Puistopenkki Haru on modulaarinen kaupunkihuonekaluj\u00e4rjestelm\u00e4, joka el\u00e4v\u00f6itt\u00e4\u00e4 kaupungin aukioita. Valitse setit nettisivuiltamme!\" \/>\n<meta property=\"og:url\" content=\"https:\/\/extery.com\/fi\/tuotteet\/penkki-haru-set05\/\" \/>\n<meta property=\"og:site_name\" content=\"Extery\" \/>\n<meta property=\"article:modified_time\" content=\"2026-04-13T09:20:39+00:00\" \/>\n<meta property=\"og:image\" content=\"https:\/\/extery.com\/wp-content\/uploads\/2023\/10\/Haru-SET05-EXTERY-park-bench-urban-furniture-pargipink-linnamoobel-pilsetas-mebeles-sols-puistonpenkki.jpg\" \/>\n\t<meta property=\"og:image:width\" content=\"2048\" \/>\n\t<meta property=\"og:image:height\" content=\"1417\" \/>\n\t<meta property=\"og:image:type\" content=\"image\/jpeg\" \/>\n<meta name=\"twitter:card\" content=\"summary_large_image\" \/>\n<meta name=\"twitter:label1\" content=\"Arvioitu lukuaika\" \/>\n\t<meta name=\"twitter:data1\" content=\"2 minuuttia\" \/>\n<script type=\"application\/ld+json\" class=\"yoast-schema-graph\">{\"@context\":\"https:\/\/schema.org\",\"@graph\":[{\"@type\":\"WebPage\",\"@id\":\"https:\/\/extery.com\/fi\/tuotteet\/penkki-haru-set05\/\",\"url\":\"https:\/\/extery.com\/fi\/tuotteet\/penkki-haru-set05\/\",\"name\":\"penkki Haru SET05 - Extery kaupunkikalusteet\",\"isPartOf\":{\"@id\":\"https:\/\/extery.com\/fi\/#website\"},\"primaryImageOfPage\":{\"@id\":\"https:\/\/extery.com\/fi\/tuotteet\/penkki-haru-set05\/#primaryimage\"},\"image\":{\"@id\":\"https:\/\/extery.com\/fi\/tuotteet\/penkki-haru-set05\/#primaryimage\"},\"thumbnailUrl\":\"https:\/\/extery.com\/wp-content\/uploads\/2023\/10\/Haru-SET05-EXTERY-park-bench-urban-furniture-pargipink-linnamoobel-pilsetas-mebeles-sols-puistonpenkki.jpg\",\"datePublished\":\"2023-12-01T08:18:04+00:00\",\"dateModified\":\"2026-04-13T09:20:39+00:00\",\"description\":\"Park bench Haru is a modular urban furniture system that enlivens city squares. It can be grown into an infinite network. Choose the sets from our website!Puistopenkki Haru on modulaarinen kaupunkihuonekaluj\u00e4rjestelm\u00e4, joka el\u00e4v\u00f6itt\u00e4\u00e4 kaupungin aukioita. Valitse setit nettisivuiltamme!\",\"breadcrumb\":{\"@id\":\"https:\/\/extery.com\/fi\/tuotteet\/penkki-haru-set05\/#breadcrumb\"},\"inLanguage\":\"fi\",\"potentialAction\":[{\"@type\":\"ReadAction\",\"target\":[\"https:\/\/extery.com\/fi\/tuotteet\/penkki-haru-set05\/\"]}]},{\"@type\":\"ImageObject\",\"inLanguage\":\"fi\",\"@id\":\"https:\/\/extery.com\/fi\/tuotteet\/penkki-haru-set05\/#primaryimage\",\"url\":\"https:\/\/extery.com\/wp-content\/uploads\/2023\/10\/Haru-SET05-EXTERY-park-bench-urban-furniture-pargipink-linnamoobel-pilsetas-mebeles-sols-puistonpenkki.jpg\",\"contentUrl\":\"https:\/\/extery.com\/wp-content\/uploads\/2023\/10\/Haru-SET05-EXTERY-park-bench-urban-furniture-pargipink-linnamoobel-pilsetas-mebeles-sols-puistonpenkki.jpg\",\"width\":2048,\"height\":1417},{\"@type\":\"BreadcrumbList\",\"@id\":\"https:\/\/extery.com\/fi\/tuotteet\/penkki-haru-set05\/#breadcrumb\",\"itemListElement\":[{\"@type\":\"ListItem\",\"position\":1,\"name\":\"Home\",\"item\":\"https:\/\/extery.com\/fi\/\"},{\"@type\":\"ListItem\",\"position\":2,\"name\":\"Tuotteet\",\"item\":\"https:\/\/extery.com\/fi\/tuotteet\/\"},{\"@type\":\"ListItem\",\"position\":3,\"name\":\"penkki Haru SET05\"}]},{\"@type\":\"WebSite\",\"@id\":\"https:\/\/extery.com\/fi\/#website\",\"url\":\"https:\/\/extery.com\/fi\/\",\"name\":\"Extery\",\"description\":\"\",\"publisher\":{\"@id\":\"https:\/\/extery.com\/fi\/#organization\"},\"potentialAction\":[{\"@type\":\"SearchAction\",\"target\":{\"@type\":\"EntryPoint\",\"urlTemplate\":\"https:\/\/extery.com\/fi\/?s={search_term_string}\"},\"query-input\":{\"@type\":\"PropertyValueSpecification\",\"valueRequired\":true,\"valueName\":\"search_term_string\"}}],\"inLanguage\":\"fi\"},{\"@type\":\"Organization\",\"@id\":\"https:\/\/extery.com\/fi\/#organization\",\"name\":\"Extery\",\"url\":\"https:\/\/extery.com\/fi\/\",\"logo\":{\"@type\":\"ImageObject\",\"inLanguage\":\"fi\",\"@id\":\"https:\/\/extery.com\/fi\/#\/schema\/logo\/image\/\",\"url\":\"https:\/\/extery.com\/wp-content\/uploads\/2023\/11\/footer-logo.svg\",\"contentUrl\":\"https:\/\/extery.com\/wp-content\/uploads\/2023\/11\/footer-logo.svg\",\"caption\":\"Extery\"},\"image\":{\"@id\":\"https:\/\/extery.com\/fi\/#\/schema\/logo\/image\/\"}}]}<\/script>\n<!-- \/ Yoast SEO plugin. -->","yoast_head_json":{"title":"penkki Haru SET05 - Extery kaupunkikalusteet","description":"Park bench Haru is a modular urban furniture system that enlivens city squares. It can be grown into an infinite network. Choose the sets from our website!Puistopenkki Haru on modulaarinen kaupunkihuonekaluj\u00e4rjestelm\u00e4, joka el\u00e4v\u00f6itt\u00e4\u00e4 kaupungin aukioita. Valitse setit nettisivuiltamme!","robots":{"index":"index","follow":"follow","max-snippet":"max-snippet:-1","max-image-preview":"max-image-preview:large","max-video-preview":"max-video-preview:-1"},"canonical":"https:\/\/extery.com\/fi\/tuotteet\/penkki-haru-set05\/","og_locale":"fi_FI","og_type":"article","og_title":"penkki Haru SET05 - Extery kaupunkikalusteet","og_description":"Park bench Haru is a modular urban furniture system that enlivens city squares. It can be grown into an infinite network. Choose the sets from our website!Puistopenkki Haru on modulaarinen kaupunkihuonekaluj\u00e4rjestelm\u00e4, joka el\u00e4v\u00f6itt\u00e4\u00e4 kaupungin aukioita. Valitse setit nettisivuiltamme!","og_url":"https:\/\/extery.com\/fi\/tuotteet\/penkki-haru-set05\/","og_site_name":"Extery","article_modified_time":"2026-04-13T09:20:39+00:00","og_image":[{"width":2048,"height":1417,"url":"https:\/\/extery.com\/wp-content\/uploads\/2023\/10\/Haru-SET05-EXTERY-park-bench-urban-furniture-pargipink-linnamoobel-pilsetas-mebeles-sols-puistonpenkki.jpg","type":"image\/jpeg"}],"twitter_card":"summary_large_image","twitter_misc":{"Arvioitu lukuaika":"2 minuuttia"},"schema":{"@context":"https:\/\/schema.org","@graph":[{"@type":"WebPage","@id":"https:\/\/extery.com\/fi\/tuotteet\/penkki-haru-set05\/","url":"https:\/\/extery.com\/fi\/tuotteet\/penkki-haru-set05\/","name":"penkki Haru SET05 - Extery kaupunkikalusteet","isPartOf":{"@id":"https:\/\/extery.com\/fi\/#website"},"primaryImageOfPage":{"@id":"https:\/\/extery.com\/fi\/tuotteet\/penkki-haru-set05\/#primaryimage"},"image":{"@id":"https:\/\/extery.com\/fi\/tuotteet\/penkki-haru-set05\/#primaryimage"},"thumbnailUrl":"https:\/\/extery.com\/wp-content\/uploads\/2023\/10\/Haru-SET05-EXTERY-park-bench-urban-furniture-pargipink-linnamoobel-pilsetas-mebeles-sols-puistonpenkki.jpg","datePublished":"2023-12-01T08:18:04+00:00","dateModified":"2026-04-13T09:20:39+00:00","description":"Park bench Haru is a modular urban furniture system that enlivens city squares. It can be grown into an infinite network. Choose the sets from our website!Puistopenkki Haru on modulaarinen kaupunkihuonekaluj\u00e4rjestelm\u00e4, joka el\u00e4v\u00f6itt\u00e4\u00e4 kaupungin aukioita. Valitse setit nettisivuiltamme!","breadcrumb":{"@id":"https:\/\/extery.com\/fi\/tuotteet\/penkki-haru-set05\/#breadcrumb"},"inLanguage":"fi","potentialAction":[{"@type":"ReadAction","target":["https:\/\/extery.com\/fi\/tuotteet\/penkki-haru-set05\/"]}]},{"@type":"ImageObject","inLanguage":"fi","@id":"https:\/\/extery.com\/fi\/tuotteet\/penkki-haru-set05\/#primaryimage","url":"https:\/\/extery.com\/wp-content\/uploads\/2023\/10\/Haru-SET05-EXTERY-park-bench-urban-furniture-pargipink-linnamoobel-pilsetas-mebeles-sols-puistonpenkki.jpg","contentUrl":"https:\/\/extery.com\/wp-content\/uploads\/2023\/10\/Haru-SET05-EXTERY-park-bench-urban-furniture-pargipink-linnamoobel-pilsetas-mebeles-sols-puistonpenkki.jpg","width":2048,"height":1417},{"@type":"BreadcrumbList","@id":"https:\/\/extery.com\/fi\/tuotteet\/penkki-haru-set05\/#breadcrumb","itemListElement":[{"@type":"ListItem","position":1,"name":"Home","item":"https:\/\/extery.com\/fi\/"},{"@type":"ListItem","position":2,"name":"Tuotteet","item":"https:\/\/extery.com\/fi\/tuotteet\/"},{"@type":"ListItem","position":3,"name":"penkki Haru SET05"}]},{"@type":"WebSite","@id":"https:\/\/extery.com\/fi\/#website","url":"https:\/\/extery.com\/fi\/","name":"Extery","description":"","publisher":{"@id":"https:\/\/extery.com\/fi\/#organization"},"potentialAction":[{"@type":"SearchAction","target":{"@type":"EntryPoint","urlTemplate":"https:\/\/extery.com\/fi\/?s={search_term_string}"},"query-input":{"@type":"PropertyValueSpecification","valueRequired":true,"valueName":"search_term_string"}}],"inLanguage":"fi"},{"@type":"Organization","@id":"https:\/\/extery.com\/fi\/#organization","name":"Extery","url":"https:\/\/extery.com\/fi\/","logo":{"@type":"ImageObject","inLanguage":"fi","@id":"https:\/\/extery.com\/fi\/#\/schema\/logo\/image\/","url":"https:\/\/extery.com\/wp-content\/uploads\/2023\/11\/footer-logo.svg","contentUrl":"https:\/\/extery.com\/wp-content\/uploads\/2023\/11\/footer-logo.svg","caption":"Extery"},"image":{"@id":"https:\/\/extery.com\/fi\/#\/schema\/logo\/image\/"}}]}},"_links":{"self":[{"href":"https:\/\/extery.com\/fi\/wp-json\/wp\/v2\/product\/49375","targetHints":{"allow":["GET"]}}],"collection":[{"href":"https:\/\/extery.com\/fi\/wp-json\/wp\/v2\/product"}],"about":[{"href":"https:\/\/extery.com\/fi\/wp-json\/wp\/v2\/types\/product"}],"replies":[{"embeddable":true,"href":"https:\/\/extery.com\/fi\/wp-json\/wp\/v2\/comments?post=49375"}],"wp:featuredmedia":[{"embeddable":true,"href":"https:\/\/extery.com\/fi\/wp-json\/wp\/v2\/media\/41392"}],"wp:attachment":[{"href":"https:\/\/extery.com\/fi\/wp-json\/wp\/v2\/media?parent=49375"}],"wp:term":[{"taxonomy":"product_brand","embeddable":true,"href":"https:\/\/extery.com\/fi\/wp-json\/wp\/v2\/product_brand?post=49375"},{"taxonomy":"product_cat","embeddable":true,"href":"https:\/\/extery.com\/fi\/wp-json\/wp\/v2\/product_cat?post=49375"},{"taxonomy":"product_tag","embeddable":true,"href":"https:\/\/extery.com\/fi\/wp-json\/wp\/v2\/product_tag?post=49375"}],"curies":[{"name":"wp","href":"https:\/\/api.w.org\/{rel}","templated":true}]}}