{"id":51347,"date":"2024-07-20T11:50:51","date_gmt":"2024-07-20T11:50:51","guid":{"rendered":"https:\/\/extery.com\/?post_type=product&#038;p=51347"},"modified":"2026-04-13T09:33:28","modified_gmt":"2026-04-13T09:33:28","slug":"penkki-linn-ilman-selkanojaa","status":"publish","type":"product","link":"https:\/\/extery.com\/fi\/tuotteet\/penkki-linn-ilman-selkanojaa\/","title":{"rendered":"penkki Linn, ilman selk\u00e4nojaa"},"content":{"rendered":"<p>Puistonpenkki Linn on hienostunut ja ergonominen, mutta my\u00f6s todella minimalistinen, kuten modernin kaupungin tyyliin sopii.<\/p>\n<p>Linn-tuoteperhett\u00e4 luodessamme asetimme tavoitteeksi, ei enemp\u00e4\u00e4 eik\u00e4 v\u00e4hemp\u00e4\u00e4, modernin kaupungin arvoisen parhaan istumismukavuuden ja eleganssin. Halusimme, ett\u00e4 muotoilu vaikuttaisi ensi silm\u00e4yksell\u00e4 vaatimattomalta ja selke\u00e4lt\u00e4, mutta l\u00e4hemm\u00e4ss\u00e4 tarkastelussa vakuuttaisi katsojan kauneudellaan. N\u00e4in syntyi Linn-penkki. Ollessaan klassisen tyylik\u00e4s, mutta kuitenkin vaatimaton, Linn on omiaan t\u00e4ydent\u00e4m\u00e4\u00e4n historiallista ymp\u00e4rist\u00f6\u00e4 modernista n\u00e4k\u00f6kulmasta, mutta toisaalta my\u00f6s riitt\u00e4v\u00e4n moderni erottuakseen vakuuttavasti nykyarkkitehtuurin yhteydess\u00e4. Kuvittele k\u00e4velev\u00e4si vilkkaan kaupungin halki ja l\u00f6yt\u00e4v\u00e4si penkin, joka paitsi kutsuu lev\u00e4ht\u00e4m\u00e4\u00e4n, my\u00f6s yll\u00e4tt\u00e4\u00e4 ergonomiallaan tehden hetkest\u00e4 mahdollisimman rentouttavan ja seesteisen heng\u00e4hdystauon kaupungin hulinan keskell\u00e4.<\/p>\n<p>Osana Linn-tuoteperhett\u00e4 penkki sopii t\u00e4ydellisesti yhteen muiden saman sarjan kalusteiden kanssa. Siksi se sopii erinomaisesti esimerkiksi puistoihin ja muihin kohtaamispaikkoihin. Tuoteperheen kalusteista voidaan muodostaa yhten\u00e4isi\u00e4 kokonaisuuksia, jotka luovat kutsuvan ja viihtyis\u00e4n ymp\u00e4rist\u00f6n yhteiseen ajanviettoon.<\/p>\n","protected":false},"excerpt":{"rendered":"<p>Puistonpenkki Linn on hienostunut ja ergonominen, mutta my\u00f6s todella minimalistinen, kuten modernin kaupungin tyyliin sopii. Linn-tuoteperhett\u00e4 luodessamme asetimme tavoitteeksi, ei enemp\u00e4\u00e4 eik\u00e4 v\u00e4hemp\u00e4\u00e4, modernin kaupungin arvoisen parhaan istumismukavuuden ja eleganssin. Halusimme, ett\u00e4 muotoilu vaikuttaisi ensi silm\u00e4yksell\u00e4 vaatimattomalta ja selke\u00e4lt\u00e4, mutta l\u00e4hemm\u00e4ss\u00e4 tarkastelussa vakuuttaisi katsojan kauneudellaan. N\u00e4in syntyi Linn-penkki. Ollessaan klassisen tyylik\u00e4s, mutta kuitenkin vaatimaton, Linn [&hellip;]<\/p>\n","protected":false},"featured_media":51452,"comment_status":"open","ping_status":"closed","template":"","meta":{"_acf_changed":false},"product_brand":[],"product_cat":[90],"product_tag":[],"class_list":{"0":"post-51347","1":"product","2":"type-product","3":"status-publish","4":"has-post-thumbnail","6":"product_cat-penkit-ilman-selkanojaa","7":"product-family-linn-fi","9":"first","10":"instock","11":"shipping-taxable","12":"product-type-simple"},"acf":[],"yoast_head":"<!-- This site is optimized with the Yoast SEO plugin v26.4 - https:\/\/yoast.com\/wordpress\/plugins\/seo\/ -->\n<title>penkki Linn, ilman selk\u00e4nojaa - Extery puisto- ja kadunkalusteet<\/title>\n<meta name=\"description\" content=\"Tuoli Linn on mukava ja t\u00e4ysin ylim\u00e4\u00e4r\u00e4inen, ansaitsee modernin kaupungin. Puisto- ja kadunkalustevalikoimastamme l\u00f6yd\u00e4t tuotteita kaikkiin ymp\u00e4rist\u00f6ihin.\" \/>\n<meta name=\"robots\" content=\"index, follow, max-snippet:-1, max-image-preview:large, max-video-preview:-1\" \/>\n<link rel=\"canonical\" href=\"https:\/\/extery.com\/fi\/tuotteet\/penkki-linn-ilman-selkanojaa\/\" \/>\n<meta property=\"og:locale\" content=\"fi_FI\" \/>\n<meta property=\"og:type\" content=\"article\" \/>\n<meta property=\"og:title\" content=\"penkki Linn, ilman selk\u00e4nojaa - Extery puisto- ja kadunkalusteet\" \/>\n<meta property=\"og:description\" content=\"Tuoli Linn on mukava ja t\u00e4ysin ylim\u00e4\u00e4r\u00e4inen, ansaitsee modernin kaupungin. Puisto- ja kadunkalustevalikoimastamme l\u00f6yd\u00e4t tuotteita kaikkiin ymp\u00e4rist\u00f6ihin.\" \/>\n<meta property=\"og:url\" content=\"https:\/\/extery.com\/fi\/tuotteet\/penkki-linn-ilman-selkanojaa\/\" \/>\n<meta property=\"og:site_name\" content=\"Extery\" \/>\n<meta property=\"article:modified_time\" content=\"2026-04-13T09:33:28+00:00\" \/>\n<meta property=\"og:image\" content=\"https:\/\/extery.com\/wp-content\/uploads\/2024\/07\/Linn-pink-seljatoeta-1800.jpg\" \/>\n\t<meta property=\"og:image:width\" content=\"2000\" \/>\n\t<meta property=\"og:image:height\" content=\"1334\" \/>\n\t<meta property=\"og:image:type\" content=\"image\/jpeg\" \/>\n<meta name=\"twitter:card\" content=\"summary_large_image\" \/>\n<meta name=\"twitter:label1\" content=\"Arvioitu lukuaika\" \/>\n\t<meta name=\"twitter:data1\" content=\"1 minuutti\" \/>\n<script type=\"application\/ld+json\" class=\"yoast-schema-graph\">{\"@context\":\"https:\/\/schema.org\",\"@graph\":[{\"@type\":\"WebPage\",\"@id\":\"https:\/\/extery.com\/fi\/tuotteet\/penkki-linn-ilman-selkanojaa\/\",\"url\":\"https:\/\/extery.com\/fi\/tuotteet\/penkki-linn-ilman-selkanojaa\/\",\"name\":\"penkki Linn, ilman selk\u00e4nojaa - Extery puisto- ja kadunkalusteet\",\"isPartOf\":{\"@id\":\"https:\/\/extery.com\/fi\/#website\"},\"primaryImageOfPage\":{\"@id\":\"https:\/\/extery.com\/fi\/tuotteet\/penkki-linn-ilman-selkanojaa\/#primaryimage\"},\"image\":{\"@id\":\"https:\/\/extery.com\/fi\/tuotteet\/penkki-linn-ilman-selkanojaa\/#primaryimage\"},\"thumbnailUrl\":\"https:\/\/extery.com\/wp-content\/uploads\/2024\/07\/Linn-pink-seljatoeta-1800.jpg\",\"datePublished\":\"2024-07-20T11:50:51+00:00\",\"dateModified\":\"2026-04-13T09:33:28+00:00\",\"description\":\"Tuoli Linn on mukava ja t\u00e4ysin ylim\u00e4\u00e4r\u00e4inen, ansaitsee modernin kaupungin. Puisto- ja kadunkalustevalikoimastamme l\u00f6yd\u00e4t tuotteita kaikkiin ymp\u00e4rist\u00f6ihin.\",\"breadcrumb\":{\"@id\":\"https:\/\/extery.com\/fi\/tuotteet\/penkki-linn-ilman-selkanojaa\/#breadcrumb\"},\"inLanguage\":\"fi\",\"potentialAction\":[{\"@type\":\"ReadAction\",\"target\":[\"https:\/\/extery.com\/fi\/tuotteet\/penkki-linn-ilman-selkanojaa\/\"]}]},{\"@type\":\"ImageObject\",\"inLanguage\":\"fi\",\"@id\":\"https:\/\/extery.com\/fi\/tuotteet\/penkki-linn-ilman-selkanojaa\/#primaryimage\",\"url\":\"https:\/\/extery.com\/wp-content\/uploads\/2024\/07\/Linn-pink-seljatoeta-1800.jpg\",\"contentUrl\":\"https:\/\/extery.com\/wp-content\/uploads\/2024\/07\/Linn-pink-seljatoeta-1800.jpg\",\"width\":2000,\"height\":1334},{\"@type\":\"BreadcrumbList\",\"@id\":\"https:\/\/extery.com\/fi\/tuotteet\/penkki-linn-ilman-selkanojaa\/#breadcrumb\",\"itemListElement\":[{\"@type\":\"ListItem\",\"position\":1,\"name\":\"Home\",\"item\":\"https:\/\/extery.com\/fi\/\"},{\"@type\":\"ListItem\",\"position\":2,\"name\":\"Tuotteet\",\"item\":\"https:\/\/extery.com\/fi\/tuotteet\/\"},{\"@type\":\"ListItem\",\"position\":3,\"name\":\"penkki Linn, ilman selk\u00e4nojaa\"}]},{\"@type\":\"WebSite\",\"@id\":\"https:\/\/extery.com\/fi\/#website\",\"url\":\"https:\/\/extery.com\/fi\/\",\"name\":\"Extery\",\"description\":\"\",\"publisher\":{\"@id\":\"https:\/\/extery.com\/fi\/#organization\"},\"potentialAction\":[{\"@type\":\"SearchAction\",\"target\":{\"@type\":\"EntryPoint\",\"urlTemplate\":\"https:\/\/extery.com\/fi\/?s={search_term_string}\"},\"query-input\":{\"@type\":\"PropertyValueSpecification\",\"valueRequired\":true,\"valueName\":\"search_term_string\"}}],\"inLanguage\":\"fi\"},{\"@type\":\"Organization\",\"@id\":\"https:\/\/extery.com\/fi\/#organization\",\"name\":\"Extery\",\"url\":\"https:\/\/extery.com\/fi\/\",\"logo\":{\"@type\":\"ImageObject\",\"inLanguage\":\"fi\",\"@id\":\"https:\/\/extery.com\/fi\/#\/schema\/logo\/image\/\",\"url\":\"https:\/\/extery.com\/wp-content\/uploads\/2023\/11\/footer-logo.svg\",\"contentUrl\":\"https:\/\/extery.com\/wp-content\/uploads\/2023\/11\/footer-logo.svg\",\"caption\":\"Extery\"},\"image\":{\"@id\":\"https:\/\/extery.com\/fi\/#\/schema\/logo\/image\/\"}}]}<\/script>\n<!-- \/ Yoast SEO plugin. -->","yoast_head_json":{"title":"penkki Linn, ilman selk\u00e4nojaa - Extery puisto- ja kadunkalusteet","description":"Tuoli Linn on mukava ja t\u00e4ysin ylim\u00e4\u00e4r\u00e4inen, ansaitsee modernin kaupungin. Puisto- ja kadunkalustevalikoimastamme l\u00f6yd\u00e4t tuotteita kaikkiin ymp\u00e4rist\u00f6ihin.","robots":{"index":"index","follow":"follow","max-snippet":"max-snippet:-1","max-image-preview":"max-image-preview:large","max-video-preview":"max-video-preview:-1"},"canonical":"https:\/\/extery.com\/fi\/tuotteet\/penkki-linn-ilman-selkanojaa\/","og_locale":"fi_FI","og_type":"article","og_title":"penkki Linn, ilman selk\u00e4nojaa - Extery puisto- ja kadunkalusteet","og_description":"Tuoli Linn on mukava ja t\u00e4ysin ylim\u00e4\u00e4r\u00e4inen, ansaitsee modernin kaupungin. Puisto- ja kadunkalustevalikoimastamme l\u00f6yd\u00e4t tuotteita kaikkiin ymp\u00e4rist\u00f6ihin.","og_url":"https:\/\/extery.com\/fi\/tuotteet\/penkki-linn-ilman-selkanojaa\/","og_site_name":"Extery","article_modified_time":"2026-04-13T09:33:28+00:00","og_image":[{"width":2000,"height":1334,"url":"https:\/\/extery.com\/wp-content\/uploads\/2024\/07\/Linn-pink-seljatoeta-1800.jpg","type":"image\/jpeg"}],"twitter_card":"summary_large_image","twitter_misc":{"Arvioitu lukuaika":"1 minuutti"},"schema":{"@context":"https:\/\/schema.org","@graph":[{"@type":"WebPage","@id":"https:\/\/extery.com\/fi\/tuotteet\/penkki-linn-ilman-selkanojaa\/","url":"https:\/\/extery.com\/fi\/tuotteet\/penkki-linn-ilman-selkanojaa\/","name":"penkki Linn, ilman selk\u00e4nojaa - Extery puisto- ja kadunkalusteet","isPartOf":{"@id":"https:\/\/extery.com\/fi\/#website"},"primaryImageOfPage":{"@id":"https:\/\/extery.com\/fi\/tuotteet\/penkki-linn-ilman-selkanojaa\/#primaryimage"},"image":{"@id":"https:\/\/extery.com\/fi\/tuotteet\/penkki-linn-ilman-selkanojaa\/#primaryimage"},"thumbnailUrl":"https:\/\/extery.com\/wp-content\/uploads\/2024\/07\/Linn-pink-seljatoeta-1800.jpg","datePublished":"2024-07-20T11:50:51+00:00","dateModified":"2026-04-13T09:33:28+00:00","description":"Tuoli Linn on mukava ja t\u00e4ysin ylim\u00e4\u00e4r\u00e4inen, ansaitsee modernin kaupungin. Puisto- ja kadunkalustevalikoimastamme l\u00f6yd\u00e4t tuotteita kaikkiin ymp\u00e4rist\u00f6ihin.","breadcrumb":{"@id":"https:\/\/extery.com\/fi\/tuotteet\/penkki-linn-ilman-selkanojaa\/#breadcrumb"},"inLanguage":"fi","potentialAction":[{"@type":"ReadAction","target":["https:\/\/extery.com\/fi\/tuotteet\/penkki-linn-ilman-selkanojaa\/"]}]},{"@type":"ImageObject","inLanguage":"fi","@id":"https:\/\/extery.com\/fi\/tuotteet\/penkki-linn-ilman-selkanojaa\/#primaryimage","url":"https:\/\/extery.com\/wp-content\/uploads\/2024\/07\/Linn-pink-seljatoeta-1800.jpg","contentUrl":"https:\/\/extery.com\/wp-content\/uploads\/2024\/07\/Linn-pink-seljatoeta-1800.jpg","width":2000,"height":1334},{"@type":"BreadcrumbList","@id":"https:\/\/extery.com\/fi\/tuotteet\/penkki-linn-ilman-selkanojaa\/#breadcrumb","itemListElement":[{"@type":"ListItem","position":1,"name":"Home","item":"https:\/\/extery.com\/fi\/"},{"@type":"ListItem","position":2,"name":"Tuotteet","item":"https:\/\/extery.com\/fi\/tuotteet\/"},{"@type":"ListItem","position":3,"name":"penkki Linn, ilman selk\u00e4nojaa"}]},{"@type":"WebSite","@id":"https:\/\/extery.com\/fi\/#website","url":"https:\/\/extery.com\/fi\/","name":"Extery","description":"","publisher":{"@id":"https:\/\/extery.com\/fi\/#organization"},"potentialAction":[{"@type":"SearchAction","target":{"@type":"EntryPoint","urlTemplate":"https:\/\/extery.com\/fi\/?s={search_term_string}"},"query-input":{"@type":"PropertyValueSpecification","valueRequired":true,"valueName":"search_term_string"}}],"inLanguage":"fi"},{"@type":"Organization","@id":"https:\/\/extery.com\/fi\/#organization","name":"Extery","url":"https:\/\/extery.com\/fi\/","logo":{"@type":"ImageObject","inLanguage":"fi","@id":"https:\/\/extery.com\/fi\/#\/schema\/logo\/image\/","url":"https:\/\/extery.com\/wp-content\/uploads\/2023\/11\/footer-logo.svg","contentUrl":"https:\/\/extery.com\/wp-content\/uploads\/2023\/11\/footer-logo.svg","caption":"Extery"},"image":{"@id":"https:\/\/extery.com\/fi\/#\/schema\/logo\/image\/"}}]}},"_links":{"self":[{"href":"https:\/\/extery.com\/fi\/wp-json\/wp\/v2\/product\/51347","targetHints":{"allow":["GET"]}}],"collection":[{"href":"https:\/\/extery.com\/fi\/wp-json\/wp\/v2\/product"}],"about":[{"href":"https:\/\/extery.com\/fi\/wp-json\/wp\/v2\/types\/product"}],"replies":[{"embeddable":true,"href":"https:\/\/extery.com\/fi\/wp-json\/wp\/v2\/comments?post=51347"}],"wp:featuredmedia":[{"embeddable":true,"href":"https:\/\/extery.com\/fi\/wp-json\/wp\/v2\/media\/51452"}],"wp:attachment":[{"href":"https:\/\/extery.com\/fi\/wp-json\/wp\/v2\/media?parent=51347"}],"wp:term":[{"taxonomy":"product_brand","embeddable":true,"href":"https:\/\/extery.com\/fi\/wp-json\/wp\/v2\/product_brand?post=51347"},{"taxonomy":"product_cat","embeddable":true,"href":"https:\/\/extery.com\/fi\/wp-json\/wp\/v2\/product_cat?post=51347"},{"taxonomy":"product_tag","embeddable":true,"href":"https:\/\/extery.com\/fi\/wp-json\/wp\/v2\/product_tag?post=51347"}],"curies":[{"name":"wp","href":"https:\/\/api.w.org\/{rel}","templated":true}]}}