{"id":52369,"date":"2024-07-20T16:49:44","date_gmt":"2024-07-20T16:49:44","guid":{"rendered":"https:\/\/extery.com\/?post_type=product&#038;p=52369"},"modified":"2026-04-13T09:33:17","modified_gmt":"2026-04-13T09:33:17","slug":"lepotuoli-linn","status":"publish","type":"product","link":"https:\/\/extery.com\/fi\/tuotteet\/lepotuoli-linn\/","title":{"rendered":"lepotuoli Linn"},"content":{"rendered":"<p>Linn-tuoteperheen t\u00e4ydent\u00e4v\u00e4 lepotuoli ei ole mik\u00e4 tahansa laiskanlinna muiden joukossa. Sen muotoilussa on huomioitu ergonomia niin, ett\u00e4 kaikenik\u00e4iset ja -pituiset k\u00e4ytt\u00e4j\u00e4t l\u00f6yt\u00e4isiv\u00e4t helposti mukavan asennon lepohetkelleen. Korkea ja yl\u00e4osastaan suorempi selk\u00e4noja on mittasuhteiltaan sopiva niin kirjan lukemiseen kuin puhelimen selailuun. Jalkater\u00e4t j\u00e4\u00e4v\u00e4t rennosti istuinosan reunan ulkopuolelle, mink\u00e4 ansiosta lepotuoli sopii t\u00e4ydellisesti kiireett\u00f6m\u00e4n auringon palvomisen lis\u00e4ksi my\u00f6s monenlaiseen k\u00e4ytt\u00f6\u00f6n kaupunkiymp\u00e4rist\u00f6ss\u00e4. Kuvittele istuvasi puistossa Linn-lepotuolilla. Nojaudut mukavasti selk\u00e4nojaa vasten, joka mukautuu ryhtiisi t\u00e4ydellisesti ja takaa rentouttavan lepohetken p\u00e4iv\u00e4\u00e4si. Tunnet, kuinka stressi haihtuu katsellessasi maisemia ja kaupungin el\u00e4m\u00e4\u00e4.<\/p>\n<p>Linn-tuoteperheen lepotuoli tarjoaa ergonomiaa ja tyylikkyytt\u00e4 kahdessa leveydess\u00e4, mink\u00e4 ansiosta se sopii t\u00e4ydellisesti monenlaisiin puistoihin, kadunkulmauksiin ja terasseille. Tyhj\u00e4tkin aukiot voidaan kalustaa kokonaan Linn-aurinkotuoleilla. Valitse joko k\u00e4yt\u00e4nn\u00f6llisen elegantti malli cocktailp\u00f6yd\u00e4ll\u00e4 varustettuna, jolle voi laskea kahvikupin, tai minimalistisen tyylik\u00e4s vaihtoehto ilman p\u00f6yt\u00e4\u00e4.<\/p>\n<p>Linn-aurinkotuoli kuuluu samannimiseen tuoteperheeseen, mik\u00e4 mahdollistaa yhten\u00e4isten kokonaisuuksien luomisen julkisiin ulkotiloihin. Yhdess\u00e4 Linn kalusteet muodostavat kutsuvan ymp\u00e4rist\u00f6n, joka edist\u00e4\u00e4 yhteis\u00f6llisyytt\u00e4 ja mahdollistaa rennon ajanvieton yhteisess\u00e4 kaupunkitilassa.<\/p>\n","protected":false},"excerpt":{"rendered":"<p>Linn-tuoteperheen t\u00e4ydent\u00e4v\u00e4 lepotuoli ei ole mik\u00e4 tahansa laiskanlinna muiden joukossa. Sen muotoilussa on huomioitu ergonomia niin, ett\u00e4 kaikenik\u00e4iset ja -pituiset k\u00e4ytt\u00e4j\u00e4t l\u00f6yt\u00e4isiv\u00e4t helposti mukavan asennon lepohetkelleen. Korkea ja yl\u00e4osastaan suorempi selk\u00e4noja on mittasuhteiltaan sopiva niin kirjan lukemiseen kuin puhelimen selailuun. Jalkater\u00e4t j\u00e4\u00e4v\u00e4t rennosti istuinosan reunan ulkopuolelle, mink\u00e4 ansiosta lepotuoli sopii t\u00e4ydellisesti kiireett\u00f6m\u00e4n auringon palvomisen lis\u00e4ksi [&hellip;]<\/p>\n","protected":false},"featured_media":51417,"comment_status":"open","ping_status":"closed","template":"","meta":{"_acf_changed":false},"product_brand":[],"product_cat":[95],"product_tag":[],"class_list":{"0":"post-52369","1":"product","2":"type-product","3":"status-publish","4":"has-post-thumbnail","6":"product_cat-penkit-selkanojalla","7":"product-family-linn-fi","9":"first","10":"instock","11":"shipping-taxable","12":"product-type-simple"},"acf":[],"yoast_head":"<!-- This site is optimized with the Yoast SEO plugin v26.4 - https:\/\/yoast.com\/wordpress\/plugins\/seo\/ -->\n<title>lepotuoli Linn - Extery puisto- ja kadunkalusteet<\/title>\n<meta name=\"description\" content=\"Lepotuoli Linn on mukava ja t\u00e4ysin ylim\u00e4\u00e4r\u00e4inen, ansaitsee modernin kaupungin. Puisto- ja kadunkalustevalikoimastamme l\u00f6yd\u00e4t tuotteita kaikkiin ymp\u00e4rist\u00f6ihin.\" \/>\n<meta name=\"robots\" content=\"index, follow, max-snippet:-1, max-image-preview:large, max-video-preview:-1\" \/>\n<link rel=\"canonical\" href=\"https:\/\/extery.com\/fi\/tuotteet\/lepotuoli-linn\/\" \/>\n<meta property=\"og:locale\" content=\"fi_FI\" \/>\n<meta property=\"og:type\" content=\"article\" \/>\n<meta property=\"og:title\" content=\"lepotuoli Linn - Extery puisto- ja kadunkalusteet\" \/>\n<meta property=\"og:description\" content=\"Lepotuoli Linn on mukava ja t\u00e4ysin ylim\u00e4\u00e4r\u00e4inen, ansaitsee modernin kaupungin. Puisto- ja kadunkalustevalikoimastamme l\u00f6yd\u00e4t tuotteita kaikkiin ymp\u00e4rist\u00f6ihin.\" \/>\n<meta property=\"og:url\" content=\"https:\/\/extery.com\/fi\/tuotteet\/lepotuoli-linn\/\" \/>\n<meta property=\"og:site_name\" content=\"Extery\" \/>\n<meta property=\"article:modified_time\" content=\"2026-04-13T09:33:17+00:00\" \/>\n<meta property=\"og:image\" content=\"https:\/\/extery.com\/wp-content\/uploads\/2024\/07\/lamamistool-kulg.jpg\" \/>\n\t<meta property=\"og:image:width\" content=\"2400\" \/>\n\t<meta property=\"og:image:height\" content=\"1600\" \/>\n\t<meta property=\"og:image:type\" content=\"image\/jpeg\" \/>\n<meta name=\"twitter:card\" content=\"summary_large_image\" \/>\n<meta name=\"twitter:label1\" content=\"Arvioitu lukuaika\" \/>\n\t<meta name=\"twitter:data1\" content=\"2 minuuttia\" \/>\n<script type=\"application\/ld+json\" class=\"yoast-schema-graph\">{\"@context\":\"https:\/\/schema.org\",\"@graph\":[{\"@type\":\"WebPage\",\"@id\":\"https:\/\/extery.com\/fi\/tuotteet\/lepotuoli-linn\/\",\"url\":\"https:\/\/extery.com\/fi\/tuotteet\/lepotuoli-linn\/\",\"name\":\"lepotuoli Linn - Extery puisto- ja kadunkalusteet\",\"isPartOf\":{\"@id\":\"https:\/\/extery.com\/fi\/#website\"},\"primaryImageOfPage\":{\"@id\":\"https:\/\/extery.com\/fi\/tuotteet\/lepotuoli-linn\/#primaryimage\"},\"image\":{\"@id\":\"https:\/\/extery.com\/fi\/tuotteet\/lepotuoli-linn\/#primaryimage\"},\"thumbnailUrl\":\"https:\/\/extery.com\/wp-content\/uploads\/2024\/07\/lamamistool-kulg.jpg\",\"datePublished\":\"2024-07-20T16:49:44+00:00\",\"dateModified\":\"2026-04-13T09:33:17+00:00\",\"description\":\"Lepotuoli Linn on mukava ja t\u00e4ysin ylim\u00e4\u00e4r\u00e4inen, ansaitsee modernin kaupungin. Puisto- ja kadunkalustevalikoimastamme l\u00f6yd\u00e4t tuotteita kaikkiin ymp\u00e4rist\u00f6ihin.\",\"breadcrumb\":{\"@id\":\"https:\/\/extery.com\/fi\/tuotteet\/lepotuoli-linn\/#breadcrumb\"},\"inLanguage\":\"fi\",\"potentialAction\":[{\"@type\":\"ReadAction\",\"target\":[\"https:\/\/extery.com\/fi\/tuotteet\/lepotuoli-linn\/\"]}]},{\"@type\":\"ImageObject\",\"inLanguage\":\"fi\",\"@id\":\"https:\/\/extery.com\/fi\/tuotteet\/lepotuoli-linn\/#primaryimage\",\"url\":\"https:\/\/extery.com\/wp-content\/uploads\/2024\/07\/lamamistool-kulg.jpg\",\"contentUrl\":\"https:\/\/extery.com\/wp-content\/uploads\/2024\/07\/lamamistool-kulg.jpg\",\"width\":2400,\"height\":1600},{\"@type\":\"BreadcrumbList\",\"@id\":\"https:\/\/extery.com\/fi\/tuotteet\/lepotuoli-linn\/#breadcrumb\",\"itemListElement\":[{\"@type\":\"ListItem\",\"position\":1,\"name\":\"Home\",\"item\":\"https:\/\/extery.com\/fi\/\"},{\"@type\":\"ListItem\",\"position\":2,\"name\":\"Tuotteet\",\"item\":\"https:\/\/extery.com\/fi\/tuotteet\/\"},{\"@type\":\"ListItem\",\"position\":3,\"name\":\"lepotuoli Linn\"}]},{\"@type\":\"WebSite\",\"@id\":\"https:\/\/extery.com\/fi\/#website\",\"url\":\"https:\/\/extery.com\/fi\/\",\"name\":\"Extery\",\"description\":\"\",\"publisher\":{\"@id\":\"https:\/\/extery.com\/fi\/#organization\"},\"potentialAction\":[{\"@type\":\"SearchAction\",\"target\":{\"@type\":\"EntryPoint\",\"urlTemplate\":\"https:\/\/extery.com\/fi\/?s={search_term_string}\"},\"query-input\":{\"@type\":\"PropertyValueSpecification\",\"valueRequired\":true,\"valueName\":\"search_term_string\"}}],\"inLanguage\":\"fi\"},{\"@type\":\"Organization\",\"@id\":\"https:\/\/extery.com\/fi\/#organization\",\"name\":\"Extery\",\"url\":\"https:\/\/extery.com\/fi\/\",\"logo\":{\"@type\":\"ImageObject\",\"inLanguage\":\"fi\",\"@id\":\"https:\/\/extery.com\/fi\/#\/schema\/logo\/image\/\",\"url\":\"https:\/\/extery.com\/wp-content\/uploads\/2023\/11\/footer-logo.svg\",\"contentUrl\":\"https:\/\/extery.com\/wp-content\/uploads\/2023\/11\/footer-logo.svg\",\"caption\":\"Extery\"},\"image\":{\"@id\":\"https:\/\/extery.com\/fi\/#\/schema\/logo\/image\/\"}}]}<\/script>\n<!-- \/ Yoast SEO plugin. -->","yoast_head_json":{"title":"lepotuoli Linn - Extery puisto- ja kadunkalusteet","description":"Lepotuoli Linn on mukava ja t\u00e4ysin ylim\u00e4\u00e4r\u00e4inen, ansaitsee modernin kaupungin. Puisto- ja kadunkalustevalikoimastamme l\u00f6yd\u00e4t tuotteita kaikkiin ymp\u00e4rist\u00f6ihin.","robots":{"index":"index","follow":"follow","max-snippet":"max-snippet:-1","max-image-preview":"max-image-preview:large","max-video-preview":"max-video-preview:-1"},"canonical":"https:\/\/extery.com\/fi\/tuotteet\/lepotuoli-linn\/","og_locale":"fi_FI","og_type":"article","og_title":"lepotuoli Linn - Extery puisto- ja kadunkalusteet","og_description":"Lepotuoli Linn on mukava ja t\u00e4ysin ylim\u00e4\u00e4r\u00e4inen, ansaitsee modernin kaupungin. Puisto- ja kadunkalustevalikoimastamme l\u00f6yd\u00e4t tuotteita kaikkiin ymp\u00e4rist\u00f6ihin.","og_url":"https:\/\/extery.com\/fi\/tuotteet\/lepotuoli-linn\/","og_site_name":"Extery","article_modified_time":"2026-04-13T09:33:17+00:00","og_image":[{"width":2400,"height":1600,"url":"https:\/\/extery.com\/wp-content\/uploads\/2024\/07\/lamamistool-kulg.jpg","type":"image\/jpeg"}],"twitter_card":"summary_large_image","twitter_misc":{"Arvioitu lukuaika":"2 minuuttia"},"schema":{"@context":"https:\/\/schema.org","@graph":[{"@type":"WebPage","@id":"https:\/\/extery.com\/fi\/tuotteet\/lepotuoli-linn\/","url":"https:\/\/extery.com\/fi\/tuotteet\/lepotuoli-linn\/","name":"lepotuoli Linn - Extery puisto- ja kadunkalusteet","isPartOf":{"@id":"https:\/\/extery.com\/fi\/#website"},"primaryImageOfPage":{"@id":"https:\/\/extery.com\/fi\/tuotteet\/lepotuoli-linn\/#primaryimage"},"image":{"@id":"https:\/\/extery.com\/fi\/tuotteet\/lepotuoli-linn\/#primaryimage"},"thumbnailUrl":"https:\/\/extery.com\/wp-content\/uploads\/2024\/07\/lamamistool-kulg.jpg","datePublished":"2024-07-20T16:49:44+00:00","dateModified":"2026-04-13T09:33:17+00:00","description":"Lepotuoli Linn on mukava ja t\u00e4ysin ylim\u00e4\u00e4r\u00e4inen, ansaitsee modernin kaupungin. Puisto- ja kadunkalustevalikoimastamme l\u00f6yd\u00e4t tuotteita kaikkiin ymp\u00e4rist\u00f6ihin.","breadcrumb":{"@id":"https:\/\/extery.com\/fi\/tuotteet\/lepotuoli-linn\/#breadcrumb"},"inLanguage":"fi","potentialAction":[{"@type":"ReadAction","target":["https:\/\/extery.com\/fi\/tuotteet\/lepotuoli-linn\/"]}]},{"@type":"ImageObject","inLanguage":"fi","@id":"https:\/\/extery.com\/fi\/tuotteet\/lepotuoli-linn\/#primaryimage","url":"https:\/\/extery.com\/wp-content\/uploads\/2024\/07\/lamamistool-kulg.jpg","contentUrl":"https:\/\/extery.com\/wp-content\/uploads\/2024\/07\/lamamistool-kulg.jpg","width":2400,"height":1600},{"@type":"BreadcrumbList","@id":"https:\/\/extery.com\/fi\/tuotteet\/lepotuoli-linn\/#breadcrumb","itemListElement":[{"@type":"ListItem","position":1,"name":"Home","item":"https:\/\/extery.com\/fi\/"},{"@type":"ListItem","position":2,"name":"Tuotteet","item":"https:\/\/extery.com\/fi\/tuotteet\/"},{"@type":"ListItem","position":3,"name":"lepotuoli Linn"}]},{"@type":"WebSite","@id":"https:\/\/extery.com\/fi\/#website","url":"https:\/\/extery.com\/fi\/","name":"Extery","description":"","publisher":{"@id":"https:\/\/extery.com\/fi\/#organization"},"potentialAction":[{"@type":"SearchAction","target":{"@type":"EntryPoint","urlTemplate":"https:\/\/extery.com\/fi\/?s={search_term_string}"},"query-input":{"@type":"PropertyValueSpecification","valueRequired":true,"valueName":"search_term_string"}}],"inLanguage":"fi"},{"@type":"Organization","@id":"https:\/\/extery.com\/fi\/#organization","name":"Extery","url":"https:\/\/extery.com\/fi\/","logo":{"@type":"ImageObject","inLanguage":"fi","@id":"https:\/\/extery.com\/fi\/#\/schema\/logo\/image\/","url":"https:\/\/extery.com\/wp-content\/uploads\/2023\/11\/footer-logo.svg","contentUrl":"https:\/\/extery.com\/wp-content\/uploads\/2023\/11\/footer-logo.svg","caption":"Extery"},"image":{"@id":"https:\/\/extery.com\/fi\/#\/schema\/logo\/image\/"}}]}},"_links":{"self":[{"href":"https:\/\/extery.com\/fi\/wp-json\/wp\/v2\/product\/52369","targetHints":{"allow":["GET"]}}],"collection":[{"href":"https:\/\/extery.com\/fi\/wp-json\/wp\/v2\/product"}],"about":[{"href":"https:\/\/extery.com\/fi\/wp-json\/wp\/v2\/types\/product"}],"replies":[{"embeddable":true,"href":"https:\/\/extery.com\/fi\/wp-json\/wp\/v2\/comments?post=52369"}],"wp:featuredmedia":[{"embeddable":true,"href":"https:\/\/extery.com\/fi\/wp-json\/wp\/v2\/media\/51417"}],"wp:attachment":[{"href":"https:\/\/extery.com\/fi\/wp-json\/wp\/v2\/media?parent=52369"}],"wp:term":[{"taxonomy":"product_brand","embeddable":true,"href":"https:\/\/extery.com\/fi\/wp-json\/wp\/v2\/product_brand?post=52369"},{"taxonomy":"product_cat","embeddable":true,"href":"https:\/\/extery.com\/fi\/wp-json\/wp\/v2\/product_cat?post=52369"},{"taxonomy":"product_tag","embeddable":true,"href":"https:\/\/extery.com\/fi\/wp-json\/wp\/v2\/product_tag?post=52369"}],"curies":[{"name":"wp","href":"https:\/\/api.w.org\/{rel}","templated":true}]}}