{"id":52376,"date":"2024-07-20T17:46:05","date_gmt":"2024-07-20T17:46:05","guid":{"rendered":"https:\/\/extery.com\/?post_type=product&#038;p=52376"},"modified":"2026-04-13T09:33:47","modified_gmt":"2026-04-13T09:33:47","slug":"poyta-linn","status":"publish","type":"product","link":"https:\/\/extery.com\/fi\/tuotteet\/poyta-linn\/","title":{"rendered":"p\u00f6yt\u00e4 Linn"},"content":{"rendered":"<p>Linn-tuoteperhett\u00e4 luodessamme asetimme tavoitteeksi, ei enemp\u00e4\u00e4 eik\u00e4 v\u00e4hemp\u00e4\u00e4, modernin kaupungin arvoisen parhaan istumismukavuuden ja eleganssin. Suunnittelimme Linn-p\u00f6yd\u00e4n n\u00e4ytt\u00e4m\u00e4\u00e4n ensi silm\u00e4yksell\u00e4 vaatimattomalta ja selke\u00e4lt\u00e4, mutta yll\u00e4tt\u00e4m\u00e4\u00e4n kauneudellaan ja ergonomiallaan l\u00e4hemm\u00e4ss\u00e4 tarkastelussa. Se on sopivan klassinen t\u00e4ydent\u00e4m\u00e4\u00e4n historiallista ymp\u00e4rist\u00f6\u00e4 modernista n\u00e4k\u00f6kulmasta, mutta toisaalta my\u00f6s tarpeeksi moderni erottuakseen vakuuttavasti osana nykyarkkitehtuuria. Yksi t\u00e4rkeimmist\u00e4 Linn-p\u00f6yd\u00e4n ominaisuuksista on sen esteet\u00f6n ja helposti saavutettava muotoilu, jotta my\u00f6s py\u00f6r\u00e4tuolin kanssa on helppo asettua yhteisen p\u00f6yd\u00e4n \u00e4\u00e4relle. Ajattele el\u00e4v\u00e4ist\u00e4 kaupunkiymp\u00e4rist\u00f6\u00e4, jossa jokainen voi kokea aitoa yhteenkuuluvuutta. Linn-p\u00f6yt\u00e4 kohtaamispaikan keski\u00f6ss\u00e4 edist\u00e4\u00e4 tasa-arvoista osallisuutta ja yhteis\u00f6llisyytt\u00e4.<\/p>\n<p>Osana Linn-tuoteperhett\u00e4 p\u00f6yt\u00e4 sopii t\u00e4ydellisesti yhteen muiden saman sarjan kalusteiden kanssa. Siksi se sopii erinomaisesti esimerkiksi puistoihin ja muihin kohtaamispaikkoihin. Tuoteperheen kalusteista voidaan muodostaa yhten\u00e4isi\u00e4 kokonaisuuksia, jotka luovat kutsuvan ja viihtyis\u00e4n ymp\u00e4rist\u00f6n yhteiseen ajanviettoon.<\/p>\n","protected":false},"excerpt":{"rendered":"<p>Linn-tuoteperhett\u00e4 luodessamme asetimme tavoitteeksi, ei enemp\u00e4\u00e4 eik\u00e4 v\u00e4hemp\u00e4\u00e4, modernin kaupungin arvoisen parhaan istumismukavuuden ja eleganssin. Suunnittelimme Linn-p\u00f6yd\u00e4n n\u00e4ytt\u00e4m\u00e4\u00e4n ensi silm\u00e4yksell\u00e4 vaatimattomalta ja selke\u00e4lt\u00e4, mutta yll\u00e4tt\u00e4m\u00e4\u00e4n kauneudellaan ja ergonomiallaan l\u00e4hemm\u00e4ss\u00e4 tarkastelussa. Se on sopivan klassinen t\u00e4ydent\u00e4m\u00e4\u00e4n historiallista ymp\u00e4rist\u00f6\u00e4 modernista n\u00e4k\u00f6kulmasta, mutta toisaalta my\u00f6s tarpeeksi moderni erottuakseen vakuuttavasti osana nykyarkkitehtuuria. Yksi t\u00e4rkeimmist\u00e4 Linn-p\u00f6yd\u00e4n ominaisuuksista on sen esteet\u00f6n [&hellip;]<\/p>\n","protected":false},"featured_media":51438,"comment_status":"open","ping_status":"closed","template":"","meta":{"_acf_changed":false},"product_brand":[],"product_cat":[100],"product_tag":[],"class_list":{"0":"post-52376","1":"product","2":"type-product","3":"status-publish","4":"has-post-thumbnail","6":"product_cat-poydat","7":"product-family-linn-fi","9":"first","10":"instock","11":"shipping-taxable","12":"product-type-simple"},"acf":[],"yoast_head":"<!-- This site is optimized with the Yoast SEO plugin v26.4 - https:\/\/yoast.com\/wordpress\/plugins\/seo\/ -->\n<title>p\u00f6yt\u00e4 Linn - Extery puisto- ja kadunkalusteet<\/title>\n<meta name=\"description\" content=\"P\u00f6yt\u00e4 Linn on mukava ja t\u00e4ysin ylim\u00e4\u00e4r\u00e4inen, ansaitsee modernin kaupungin. Puisto- ja kadunkalustevalikoimastamme l\u00f6yd\u00e4t tuotteita kaikkiin ymp\u00e4rist\u00f6ihin.\" \/>\n<meta name=\"robots\" content=\"index, follow, max-snippet:-1, max-image-preview:large, max-video-preview:-1\" \/>\n<link rel=\"canonical\" href=\"https:\/\/extery.com\/fi\/tuotteet\/poyta-linn\/\" \/>\n<meta property=\"og:locale\" content=\"fi_FI\" \/>\n<meta property=\"og:type\" content=\"article\" \/>\n<meta property=\"og:title\" content=\"p\u00f6yt\u00e4 Linn - Extery puisto- ja kadunkalusteet\" \/>\n<meta property=\"og:description\" content=\"P\u00f6yt\u00e4 Linn on mukava ja t\u00e4ysin ylim\u00e4\u00e4r\u00e4inen, ansaitsee modernin kaupungin. Puisto- ja kadunkalustevalikoimastamme l\u00f6yd\u00e4t tuotteita kaikkiin ymp\u00e4rist\u00f6ihin.\" \/>\n<meta property=\"og:url\" content=\"https:\/\/extery.com\/fi\/tuotteet\/poyta-linn\/\" \/>\n<meta property=\"og:site_name\" content=\"Extery\" \/>\n<meta property=\"article:modified_time\" content=\"2026-04-13T09:33:47+00:00\" \/>\n<meta property=\"og:image\" content=\"https:\/\/extery.com\/wp-content\/uploads\/2024\/07\/Linn-laud-otse.jpg\" \/>\n\t<meta property=\"og:image:width\" content=\"2500\" \/>\n\t<meta property=\"og:image:height\" content=\"1667\" \/>\n\t<meta property=\"og:image:type\" content=\"image\/jpeg\" \/>\n<meta name=\"twitter:card\" content=\"summary_large_image\" \/>\n<meta name=\"twitter:label1\" content=\"Arvioitu lukuaika\" \/>\n\t<meta name=\"twitter:data1\" content=\"1 minuutti\" \/>\n<script type=\"application\/ld+json\" class=\"yoast-schema-graph\">{\"@context\":\"https:\/\/schema.org\",\"@graph\":[{\"@type\":\"WebPage\",\"@id\":\"https:\/\/extery.com\/fi\/tuotteet\/poyta-linn\/\",\"url\":\"https:\/\/extery.com\/fi\/tuotteet\/poyta-linn\/\",\"name\":\"p\u00f6yt\u00e4 Linn - Extery puisto- ja kadunkalusteet\",\"isPartOf\":{\"@id\":\"https:\/\/extery.com\/fi\/#website\"},\"primaryImageOfPage\":{\"@id\":\"https:\/\/extery.com\/fi\/tuotteet\/poyta-linn\/#primaryimage\"},\"image\":{\"@id\":\"https:\/\/extery.com\/fi\/tuotteet\/poyta-linn\/#primaryimage\"},\"thumbnailUrl\":\"https:\/\/extery.com\/wp-content\/uploads\/2024\/07\/Linn-laud-otse.jpg\",\"datePublished\":\"2024-07-20T17:46:05+00:00\",\"dateModified\":\"2026-04-13T09:33:47+00:00\",\"description\":\"P\u00f6yt\u00e4 Linn on mukava ja t\u00e4ysin ylim\u00e4\u00e4r\u00e4inen, ansaitsee modernin kaupungin. Puisto- ja kadunkalustevalikoimastamme l\u00f6yd\u00e4t tuotteita kaikkiin ymp\u00e4rist\u00f6ihin.\",\"breadcrumb\":{\"@id\":\"https:\/\/extery.com\/fi\/tuotteet\/poyta-linn\/#breadcrumb\"},\"inLanguage\":\"fi\",\"potentialAction\":[{\"@type\":\"ReadAction\",\"target\":[\"https:\/\/extery.com\/fi\/tuotteet\/poyta-linn\/\"]}]},{\"@type\":\"ImageObject\",\"inLanguage\":\"fi\",\"@id\":\"https:\/\/extery.com\/fi\/tuotteet\/poyta-linn\/#primaryimage\",\"url\":\"https:\/\/extery.com\/wp-content\/uploads\/2024\/07\/Linn-laud-otse.jpg\",\"contentUrl\":\"https:\/\/extery.com\/wp-content\/uploads\/2024\/07\/Linn-laud-otse.jpg\",\"width\":2500,\"height\":1667},{\"@type\":\"BreadcrumbList\",\"@id\":\"https:\/\/extery.com\/fi\/tuotteet\/poyta-linn\/#breadcrumb\",\"itemListElement\":[{\"@type\":\"ListItem\",\"position\":1,\"name\":\"Home\",\"item\":\"https:\/\/extery.com\/fi\/\"},{\"@type\":\"ListItem\",\"position\":2,\"name\":\"Tuotteet\",\"item\":\"https:\/\/extery.com\/fi\/tuotteet\/\"},{\"@type\":\"ListItem\",\"position\":3,\"name\":\"p\u00f6yt\u00e4 Linn\"}]},{\"@type\":\"WebSite\",\"@id\":\"https:\/\/extery.com\/fi\/#website\",\"url\":\"https:\/\/extery.com\/fi\/\",\"name\":\"Extery\",\"description\":\"\",\"publisher\":{\"@id\":\"https:\/\/extery.com\/fi\/#organization\"},\"potentialAction\":[{\"@type\":\"SearchAction\",\"target\":{\"@type\":\"EntryPoint\",\"urlTemplate\":\"https:\/\/extery.com\/fi\/?s={search_term_string}\"},\"query-input\":{\"@type\":\"PropertyValueSpecification\",\"valueRequired\":true,\"valueName\":\"search_term_string\"}}],\"inLanguage\":\"fi\"},{\"@type\":\"Organization\",\"@id\":\"https:\/\/extery.com\/fi\/#organization\",\"name\":\"Extery\",\"url\":\"https:\/\/extery.com\/fi\/\",\"logo\":{\"@type\":\"ImageObject\",\"inLanguage\":\"fi\",\"@id\":\"https:\/\/extery.com\/fi\/#\/schema\/logo\/image\/\",\"url\":\"https:\/\/extery.com\/wp-content\/uploads\/2023\/11\/footer-logo.svg\",\"contentUrl\":\"https:\/\/extery.com\/wp-content\/uploads\/2023\/11\/footer-logo.svg\",\"caption\":\"Extery\"},\"image\":{\"@id\":\"https:\/\/extery.com\/fi\/#\/schema\/logo\/image\/\"}}]}<\/script>\n<!-- \/ Yoast SEO plugin. -->","yoast_head_json":{"title":"p\u00f6yt\u00e4 Linn - Extery puisto- ja kadunkalusteet","description":"P\u00f6yt\u00e4 Linn on mukava ja t\u00e4ysin ylim\u00e4\u00e4r\u00e4inen, ansaitsee modernin kaupungin. Puisto- ja kadunkalustevalikoimastamme l\u00f6yd\u00e4t tuotteita kaikkiin ymp\u00e4rist\u00f6ihin.","robots":{"index":"index","follow":"follow","max-snippet":"max-snippet:-1","max-image-preview":"max-image-preview:large","max-video-preview":"max-video-preview:-1"},"canonical":"https:\/\/extery.com\/fi\/tuotteet\/poyta-linn\/","og_locale":"fi_FI","og_type":"article","og_title":"p\u00f6yt\u00e4 Linn - Extery puisto- ja kadunkalusteet","og_description":"P\u00f6yt\u00e4 Linn on mukava ja t\u00e4ysin ylim\u00e4\u00e4r\u00e4inen, ansaitsee modernin kaupungin. Puisto- ja kadunkalustevalikoimastamme l\u00f6yd\u00e4t tuotteita kaikkiin ymp\u00e4rist\u00f6ihin.","og_url":"https:\/\/extery.com\/fi\/tuotteet\/poyta-linn\/","og_site_name":"Extery","article_modified_time":"2026-04-13T09:33:47+00:00","og_image":[{"width":2500,"height":1667,"url":"https:\/\/extery.com\/wp-content\/uploads\/2024\/07\/Linn-laud-otse.jpg","type":"image\/jpeg"}],"twitter_card":"summary_large_image","twitter_misc":{"Arvioitu lukuaika":"1 minuutti"},"schema":{"@context":"https:\/\/schema.org","@graph":[{"@type":"WebPage","@id":"https:\/\/extery.com\/fi\/tuotteet\/poyta-linn\/","url":"https:\/\/extery.com\/fi\/tuotteet\/poyta-linn\/","name":"p\u00f6yt\u00e4 Linn - Extery puisto- ja kadunkalusteet","isPartOf":{"@id":"https:\/\/extery.com\/fi\/#website"},"primaryImageOfPage":{"@id":"https:\/\/extery.com\/fi\/tuotteet\/poyta-linn\/#primaryimage"},"image":{"@id":"https:\/\/extery.com\/fi\/tuotteet\/poyta-linn\/#primaryimage"},"thumbnailUrl":"https:\/\/extery.com\/wp-content\/uploads\/2024\/07\/Linn-laud-otse.jpg","datePublished":"2024-07-20T17:46:05+00:00","dateModified":"2026-04-13T09:33:47+00:00","description":"P\u00f6yt\u00e4 Linn on mukava ja t\u00e4ysin ylim\u00e4\u00e4r\u00e4inen, ansaitsee modernin kaupungin. Puisto- ja kadunkalustevalikoimastamme l\u00f6yd\u00e4t tuotteita kaikkiin ymp\u00e4rist\u00f6ihin.","breadcrumb":{"@id":"https:\/\/extery.com\/fi\/tuotteet\/poyta-linn\/#breadcrumb"},"inLanguage":"fi","potentialAction":[{"@type":"ReadAction","target":["https:\/\/extery.com\/fi\/tuotteet\/poyta-linn\/"]}]},{"@type":"ImageObject","inLanguage":"fi","@id":"https:\/\/extery.com\/fi\/tuotteet\/poyta-linn\/#primaryimage","url":"https:\/\/extery.com\/wp-content\/uploads\/2024\/07\/Linn-laud-otse.jpg","contentUrl":"https:\/\/extery.com\/wp-content\/uploads\/2024\/07\/Linn-laud-otse.jpg","width":2500,"height":1667},{"@type":"BreadcrumbList","@id":"https:\/\/extery.com\/fi\/tuotteet\/poyta-linn\/#breadcrumb","itemListElement":[{"@type":"ListItem","position":1,"name":"Home","item":"https:\/\/extery.com\/fi\/"},{"@type":"ListItem","position":2,"name":"Tuotteet","item":"https:\/\/extery.com\/fi\/tuotteet\/"},{"@type":"ListItem","position":3,"name":"p\u00f6yt\u00e4 Linn"}]},{"@type":"WebSite","@id":"https:\/\/extery.com\/fi\/#website","url":"https:\/\/extery.com\/fi\/","name":"Extery","description":"","publisher":{"@id":"https:\/\/extery.com\/fi\/#organization"},"potentialAction":[{"@type":"SearchAction","target":{"@type":"EntryPoint","urlTemplate":"https:\/\/extery.com\/fi\/?s={search_term_string}"},"query-input":{"@type":"PropertyValueSpecification","valueRequired":true,"valueName":"search_term_string"}}],"inLanguage":"fi"},{"@type":"Organization","@id":"https:\/\/extery.com\/fi\/#organization","name":"Extery","url":"https:\/\/extery.com\/fi\/","logo":{"@type":"ImageObject","inLanguage":"fi","@id":"https:\/\/extery.com\/fi\/#\/schema\/logo\/image\/","url":"https:\/\/extery.com\/wp-content\/uploads\/2023\/11\/footer-logo.svg","contentUrl":"https:\/\/extery.com\/wp-content\/uploads\/2023\/11\/footer-logo.svg","caption":"Extery"},"image":{"@id":"https:\/\/extery.com\/fi\/#\/schema\/logo\/image\/"}}]}},"_links":{"self":[{"href":"https:\/\/extery.com\/fi\/wp-json\/wp\/v2\/product\/52376","targetHints":{"allow":["GET"]}}],"collection":[{"href":"https:\/\/extery.com\/fi\/wp-json\/wp\/v2\/product"}],"about":[{"href":"https:\/\/extery.com\/fi\/wp-json\/wp\/v2\/types\/product"}],"replies":[{"embeddable":true,"href":"https:\/\/extery.com\/fi\/wp-json\/wp\/v2\/comments?post=52376"}],"wp:featuredmedia":[{"embeddable":true,"href":"https:\/\/extery.com\/fi\/wp-json\/wp\/v2\/media\/51438"}],"wp:attachment":[{"href":"https:\/\/extery.com\/fi\/wp-json\/wp\/v2\/media?parent=52376"}],"wp:term":[{"taxonomy":"product_brand","embeddable":true,"href":"https:\/\/extery.com\/fi\/wp-json\/wp\/v2\/product_brand?post=52376"},{"taxonomy":"product_cat","embeddable":true,"href":"https:\/\/extery.com\/fi\/wp-json\/wp\/v2\/product_cat?post=52376"},{"taxonomy":"product_tag","embeddable":true,"href":"https:\/\/extery.com\/fi\/wp-json\/wp\/v2\/product_tag?post=52376"}],"curies":[{"name":"wp","href":"https:\/\/api.w.org\/{rel}","templated":true}]}}