{"id":56325,"date":"2026-02-03T09:51:31","date_gmt":"2026-02-03T09:51:31","guid":{"rendered":"https:\/\/extery.com\/?post_type=product&#038;p=56325"},"modified":"2026-04-07T12:43:17","modified_gmt":"2026-04-07T12:43:17","slug":"hula-pyoriva-nojatuoli","status":"publish","type":"product","link":"https:\/\/extery.com\/fi\/tuotteet\/hula-pyoriva-nojatuoli\/","title":{"rendered":"Hula py\u00f6riv\u00e4 nojatuoli"},"content":{"rendered":"<p>Hula py\u00f6riv\u00e4 istuin tuo mukanaan jotain, mihin kaupunkikaluste harvoin pystyy: liikkeen. Hula py\u00f6rii, jotta auringons\u00e4teet ylt\u00e4v\u00e4t aamusta iltaan sopivasti kasvoillesi tai kirjasi sivuille.<br \/>\nJotta l\u00f6yd\u00e4t varjon puhelimesi n\u00e4yt\u00f6lle, jotta voit suojautua tuulelta tai k\u00e4\u00e4nty\u00e4 sit\u00e4 kohti. Jotta voit katsella ohikulkijoita ja kaupungin vilin\u00e4\u00e4, tai vet\u00e4yty\u00e4 hetkeksi omaan rauhaasi. Jotta voit py\u00f6r\u00e4ht\u00e4\u00e4 luontevasti p\u00f6yd\u00e4n \u00e4\u00e4reen, tai py\u00f6r\u00e4hdell\u00e4 ymp\u00e4ri ihan muuten vain.<\/p>\n<p>Hula py\u00f6riv\u00e4 nojatuoli ei ole vain yksitt\u00e4inen tuoli, vaan nelj\u00e4st\u00e4 eri tuotteesta koostuva tuoteperhe. Py\u00f6riv\u00e4t istuimet ovat saatavilla kolmessa korkeudessa: mukavan matala lepotuoli, jossa on joko matala tai korkea selk\u00e4noja, p\u00f6ytien \u00e4\u00e4reen sopiva ruokatuolin korkeus sek\u00e4 korkea baarituoli korkeille tasoille \u2013 jokaisella oma luonteensa ja k\u00e4ytt\u00f6tarkoituksensa.<\/p>\n<p>Tutustu <span style=\"color: #0000ff;\"><strong><a style=\"color: #0000ff;\" href=\"https:\/\/extery.com\/fi\/tuoteperheet\/#hula-fi\">t\u00e4\u00e4ll\u00e4<\/a><\/strong><\/span> Hula-perheen muihin j\u00e4seniin.<\/p>\n","protected":false},"excerpt":{"rendered":"<p>Hula py\u00f6riv\u00e4 istuin tuo mukanaan jotain, mihin kaupunkikaluste harvoin pystyy: liikkeen. Hula py\u00f6rii, jotta auringons\u00e4teet ylt\u00e4v\u00e4t aamusta iltaan sopivasti kasvoillesi tai kirjasi sivuille. Jotta l\u00f6yd\u00e4t varjon puhelimesi n\u00e4yt\u00f6lle, jotta voit suojautua tuulelta tai k\u00e4\u00e4nty\u00e4 sit\u00e4 kohti. Jotta voit katsella ohikulkijoita ja kaupungin vilin\u00e4\u00e4, tai vet\u00e4yty\u00e4 hetkeksi omaan rauhaasi. Jotta voit py\u00f6r\u00e4ht\u00e4\u00e4 luontevasti p\u00f6yd\u00e4n \u00e4\u00e4reen, tai [&hellip;]<\/p>\n","protected":false},"featured_media":55951,"comment_status":"closed","ping_status":"closed","template":"","meta":{"_acf_changed":false},"product_brand":[],"product_cat":[105],"product_tag":[352],"class_list":{"0":"post-56325","1":"product","2":"type-product","3":"status-publish","4":"has-post-thumbnail","6":"product_cat-tuolit","7":"product_tag-uusi","8":"product-family-hula","10":"first","11":"instock","12":"shipping-taxable","13":"product-type-simple"},"acf":[],"yoast_head":"<!-- This site is optimized with the Yoast SEO plugin v26.4 - https:\/\/yoast.com\/wordpress\/plugins\/seo\/ -->\n<title>Hula py\u00f6riv\u00e4 nojatuoli - Extery kaupunkikalusteet<\/title>\n<meta name=\"description\" content=\"Hula py\u00f6riv\u00e4 nojatuoli on py\u00f6riv\u00e4 kaupunkikalusteiden istuin, joka tarjoaa mukavuutta, kest\u00e4vyytt\u00e4 ja vapautta muuttaa istumissuuntaa julkisissa tiloissa.\" \/>\n<meta name=\"robots\" content=\"index, follow, max-snippet:-1, max-image-preview:large, max-video-preview:-1\" \/>\n<link rel=\"canonical\" href=\"https:\/\/extery.com\/fi\/tuotteet\/hula-pyoriva-nojatuoli\/\" \/>\n<meta property=\"og:locale\" content=\"fi_FI\" \/>\n<meta property=\"og:type\" content=\"article\" \/>\n<meta property=\"og:title\" content=\"Hula py\u00f6riv\u00e4 nojatuoli - Extery kaupunkikalusteet\" \/>\n<meta property=\"og:description\" content=\"Hula py\u00f6riv\u00e4 nojatuoli on py\u00f6riv\u00e4 kaupunkikalusteiden istuin, joka tarjoaa mukavuutta, kest\u00e4vyytt\u00e4 ja vapautta muuttaa istumissuuntaa julkisissa tiloissa.\" \/>\n<meta property=\"og:url\" content=\"https:\/\/extery.com\/fi\/tuotteet\/hula-pyoriva-nojatuoli\/\" \/>\n<meta property=\"og:site_name\" content=\"Extery\" \/>\n<meta property=\"article:modified_time\" content=\"2026-04-07T12:43:17+00:00\" \/>\n<meta property=\"og:image\" content=\"https:\/\/extery.com\/wp-content\/uploads\/2026\/02\/Hula-tugitool-v1-EXTERY-urban-furniture-park-bench-pargipink-puistonpenkki-sols.jpg\" \/>\n\t<meta property=\"og:image:width\" content=\"1440\" \/>\n\t<meta property=\"og:image:height\" content=\"960\" \/>\n\t<meta property=\"og:image:type\" content=\"image\/jpeg\" \/>\n<meta name=\"twitter:card\" content=\"summary_large_image\" \/>\n<meta name=\"twitter:label1\" content=\"Arvioitu lukuaika\" \/>\n\t<meta name=\"twitter:data1\" content=\"1 minuutti\" \/>\n<script type=\"application\/ld+json\" class=\"yoast-schema-graph\">{\"@context\":\"https:\/\/schema.org\",\"@graph\":[{\"@type\":\"WebPage\",\"@id\":\"https:\/\/extery.com\/fi\/tuotteet\/hula-pyoriva-nojatuoli\/\",\"url\":\"https:\/\/extery.com\/fi\/tuotteet\/hula-pyoriva-nojatuoli\/\",\"name\":\"Hula py\u00f6riv\u00e4 nojatuoli - Extery kaupunkikalusteet\",\"isPartOf\":{\"@id\":\"https:\/\/extery.com\/fi\/#website\"},\"primaryImageOfPage\":{\"@id\":\"https:\/\/extery.com\/fi\/tuotteet\/hula-pyoriva-nojatuoli\/#primaryimage\"},\"image\":{\"@id\":\"https:\/\/extery.com\/fi\/tuotteet\/hula-pyoriva-nojatuoli\/#primaryimage\"},\"thumbnailUrl\":\"https:\/\/extery.com\/wp-content\/uploads\/2026\/02\/Hula-tugitool-v1-EXTERY-urban-furniture-park-bench-pargipink-puistonpenkki-sols.jpg\",\"datePublished\":\"2026-02-03T09:51:31+00:00\",\"dateModified\":\"2026-04-07T12:43:17+00:00\",\"description\":\"Hula py\u00f6riv\u00e4 nojatuoli on py\u00f6riv\u00e4 kaupunkikalusteiden istuin, joka tarjoaa mukavuutta, kest\u00e4vyytt\u00e4 ja vapautta muuttaa istumissuuntaa julkisissa tiloissa.\",\"breadcrumb\":{\"@id\":\"https:\/\/extery.com\/fi\/tuotteet\/hula-pyoriva-nojatuoli\/#breadcrumb\"},\"inLanguage\":\"fi\",\"potentialAction\":[{\"@type\":\"ReadAction\",\"target\":[\"https:\/\/extery.com\/fi\/tuotteet\/hula-pyoriva-nojatuoli\/\"]}]},{\"@type\":\"ImageObject\",\"inLanguage\":\"fi\",\"@id\":\"https:\/\/extery.com\/fi\/tuotteet\/hula-pyoriva-nojatuoli\/#primaryimage\",\"url\":\"https:\/\/extery.com\/wp-content\/uploads\/2026\/02\/Hula-tugitool-v1-EXTERY-urban-furniture-park-bench-pargipink-puistonpenkki-sols.jpg\",\"contentUrl\":\"https:\/\/extery.com\/wp-content\/uploads\/2026\/02\/Hula-tugitool-v1-EXTERY-urban-furniture-park-bench-pargipink-puistonpenkki-sols.jpg\",\"width\":1440,\"height\":960,\"caption\":\"EXTERY kaupunkikalusteet, kaupunkikalustevalmistaja, julkisen tilan kalusteet, katukalusteet, puistonpenkit, ulkokalusteet, julkiset istuimet, kaupunkim\u00f6\u00f6belit, maisemakalusteet, puistonpenkki, modulaariset penkit, kest\u00e4v\u00e4t ulkokalusteet, ilkivallankest\u00e4v\u00e4t kalusteet, julkisen tilan istuimet, py\u00f6riv\u00e4 tuoli, k\u00e4\u00e4ntyv\u00e4 tuoli\"},{\"@type\":\"BreadcrumbList\",\"@id\":\"https:\/\/extery.com\/fi\/tuotteet\/hula-pyoriva-nojatuoli\/#breadcrumb\",\"itemListElement\":[{\"@type\":\"ListItem\",\"position\":1,\"name\":\"Home\",\"item\":\"https:\/\/extery.com\/fi\/\"},{\"@type\":\"ListItem\",\"position\":2,\"name\":\"Tuotteet\",\"item\":\"https:\/\/extery.com\/fi\/tuotteet\/\"},{\"@type\":\"ListItem\",\"position\":3,\"name\":\"Hula py\u00f6riv\u00e4 nojatuoli\"}]},{\"@type\":\"WebSite\",\"@id\":\"https:\/\/extery.com\/fi\/#website\",\"url\":\"https:\/\/extery.com\/fi\/\",\"name\":\"Extery\",\"description\":\"\",\"publisher\":{\"@id\":\"https:\/\/extery.com\/fi\/#organization\"},\"potentialAction\":[{\"@type\":\"SearchAction\",\"target\":{\"@type\":\"EntryPoint\",\"urlTemplate\":\"https:\/\/extery.com\/fi\/?s={search_term_string}\"},\"query-input\":{\"@type\":\"PropertyValueSpecification\",\"valueRequired\":true,\"valueName\":\"search_term_string\"}}],\"inLanguage\":\"fi\"},{\"@type\":\"Organization\",\"@id\":\"https:\/\/extery.com\/fi\/#organization\",\"name\":\"Extery\",\"url\":\"https:\/\/extery.com\/fi\/\",\"logo\":{\"@type\":\"ImageObject\",\"inLanguage\":\"fi\",\"@id\":\"https:\/\/extery.com\/fi\/#\/schema\/logo\/image\/\",\"url\":\"https:\/\/extery.com\/wp-content\/uploads\/2023\/11\/footer-logo.svg\",\"contentUrl\":\"https:\/\/extery.com\/wp-content\/uploads\/2023\/11\/footer-logo.svg\",\"caption\":\"Extery\"},\"image\":{\"@id\":\"https:\/\/extery.com\/fi\/#\/schema\/logo\/image\/\"}}]}<\/script>\n<!-- \/ Yoast SEO plugin. -->","yoast_head_json":{"title":"Hula py\u00f6riv\u00e4 nojatuoli - Extery kaupunkikalusteet","description":"Hula py\u00f6riv\u00e4 nojatuoli on py\u00f6riv\u00e4 kaupunkikalusteiden istuin, joka tarjoaa mukavuutta, kest\u00e4vyytt\u00e4 ja vapautta muuttaa istumissuuntaa julkisissa tiloissa.","robots":{"index":"index","follow":"follow","max-snippet":"max-snippet:-1","max-image-preview":"max-image-preview:large","max-video-preview":"max-video-preview:-1"},"canonical":"https:\/\/extery.com\/fi\/tuotteet\/hula-pyoriva-nojatuoli\/","og_locale":"fi_FI","og_type":"article","og_title":"Hula py\u00f6riv\u00e4 nojatuoli - Extery kaupunkikalusteet","og_description":"Hula py\u00f6riv\u00e4 nojatuoli on py\u00f6riv\u00e4 kaupunkikalusteiden istuin, joka tarjoaa mukavuutta, kest\u00e4vyytt\u00e4 ja vapautta muuttaa istumissuuntaa julkisissa tiloissa.","og_url":"https:\/\/extery.com\/fi\/tuotteet\/hula-pyoriva-nojatuoli\/","og_site_name":"Extery","article_modified_time":"2026-04-07T12:43:17+00:00","og_image":[{"width":1440,"height":960,"url":"https:\/\/extery.com\/wp-content\/uploads\/2026\/02\/Hula-tugitool-v1-EXTERY-urban-furniture-park-bench-pargipink-puistonpenkki-sols.jpg","type":"image\/jpeg"}],"twitter_card":"summary_large_image","twitter_misc":{"Arvioitu lukuaika":"1 minuutti"},"schema":{"@context":"https:\/\/schema.org","@graph":[{"@type":"WebPage","@id":"https:\/\/extery.com\/fi\/tuotteet\/hula-pyoriva-nojatuoli\/","url":"https:\/\/extery.com\/fi\/tuotteet\/hula-pyoriva-nojatuoli\/","name":"Hula py\u00f6riv\u00e4 nojatuoli - Extery kaupunkikalusteet","isPartOf":{"@id":"https:\/\/extery.com\/fi\/#website"},"primaryImageOfPage":{"@id":"https:\/\/extery.com\/fi\/tuotteet\/hula-pyoriva-nojatuoli\/#primaryimage"},"image":{"@id":"https:\/\/extery.com\/fi\/tuotteet\/hula-pyoriva-nojatuoli\/#primaryimage"},"thumbnailUrl":"https:\/\/extery.com\/wp-content\/uploads\/2026\/02\/Hula-tugitool-v1-EXTERY-urban-furniture-park-bench-pargipink-puistonpenkki-sols.jpg","datePublished":"2026-02-03T09:51:31+00:00","dateModified":"2026-04-07T12:43:17+00:00","description":"Hula py\u00f6riv\u00e4 nojatuoli on py\u00f6riv\u00e4 kaupunkikalusteiden istuin, joka tarjoaa mukavuutta, kest\u00e4vyytt\u00e4 ja vapautta muuttaa istumissuuntaa julkisissa tiloissa.","breadcrumb":{"@id":"https:\/\/extery.com\/fi\/tuotteet\/hula-pyoriva-nojatuoli\/#breadcrumb"},"inLanguage":"fi","potentialAction":[{"@type":"ReadAction","target":["https:\/\/extery.com\/fi\/tuotteet\/hula-pyoriva-nojatuoli\/"]}]},{"@type":"ImageObject","inLanguage":"fi","@id":"https:\/\/extery.com\/fi\/tuotteet\/hula-pyoriva-nojatuoli\/#primaryimage","url":"https:\/\/extery.com\/wp-content\/uploads\/2026\/02\/Hula-tugitool-v1-EXTERY-urban-furniture-park-bench-pargipink-puistonpenkki-sols.jpg","contentUrl":"https:\/\/extery.com\/wp-content\/uploads\/2026\/02\/Hula-tugitool-v1-EXTERY-urban-furniture-park-bench-pargipink-puistonpenkki-sols.jpg","width":1440,"height":960,"caption":"EXTERY kaupunkikalusteet, kaupunkikalustevalmistaja, julkisen tilan kalusteet, katukalusteet, puistonpenkit, ulkokalusteet, julkiset istuimet, kaupunkim\u00f6\u00f6belit, maisemakalusteet, puistonpenkki, modulaariset penkit, kest\u00e4v\u00e4t ulkokalusteet, ilkivallankest\u00e4v\u00e4t kalusteet, julkisen tilan istuimet, py\u00f6riv\u00e4 tuoli, k\u00e4\u00e4ntyv\u00e4 tuoli"},{"@type":"BreadcrumbList","@id":"https:\/\/extery.com\/fi\/tuotteet\/hula-pyoriva-nojatuoli\/#breadcrumb","itemListElement":[{"@type":"ListItem","position":1,"name":"Home","item":"https:\/\/extery.com\/fi\/"},{"@type":"ListItem","position":2,"name":"Tuotteet","item":"https:\/\/extery.com\/fi\/tuotteet\/"},{"@type":"ListItem","position":3,"name":"Hula py\u00f6riv\u00e4 nojatuoli"}]},{"@type":"WebSite","@id":"https:\/\/extery.com\/fi\/#website","url":"https:\/\/extery.com\/fi\/","name":"Extery","description":"","publisher":{"@id":"https:\/\/extery.com\/fi\/#organization"},"potentialAction":[{"@type":"SearchAction","target":{"@type":"EntryPoint","urlTemplate":"https:\/\/extery.com\/fi\/?s={search_term_string}"},"query-input":{"@type":"PropertyValueSpecification","valueRequired":true,"valueName":"search_term_string"}}],"inLanguage":"fi"},{"@type":"Organization","@id":"https:\/\/extery.com\/fi\/#organization","name":"Extery","url":"https:\/\/extery.com\/fi\/","logo":{"@type":"ImageObject","inLanguage":"fi","@id":"https:\/\/extery.com\/fi\/#\/schema\/logo\/image\/","url":"https:\/\/extery.com\/wp-content\/uploads\/2023\/11\/footer-logo.svg","contentUrl":"https:\/\/extery.com\/wp-content\/uploads\/2023\/11\/footer-logo.svg","caption":"Extery"},"image":{"@id":"https:\/\/extery.com\/fi\/#\/schema\/logo\/image\/"}}]}},"_links":{"self":[{"href":"https:\/\/extery.com\/fi\/wp-json\/wp\/v2\/product\/56325","targetHints":{"allow":["GET"]}}],"collection":[{"href":"https:\/\/extery.com\/fi\/wp-json\/wp\/v2\/product"}],"about":[{"href":"https:\/\/extery.com\/fi\/wp-json\/wp\/v2\/types\/product"}],"replies":[{"embeddable":true,"href":"https:\/\/extery.com\/fi\/wp-json\/wp\/v2\/comments?post=56325"}],"wp:featuredmedia":[{"embeddable":true,"href":"https:\/\/extery.com\/fi\/wp-json\/wp\/v2\/media\/55951"}],"wp:attachment":[{"href":"https:\/\/extery.com\/fi\/wp-json\/wp\/v2\/media?parent=56325"}],"wp:term":[{"taxonomy":"product_brand","embeddable":true,"href":"https:\/\/extery.com\/fi\/wp-json\/wp\/v2\/product_brand?post=56325"},{"taxonomy":"product_cat","embeddable":true,"href":"https:\/\/extery.com\/fi\/wp-json\/wp\/v2\/product_cat?post=56325"},{"taxonomy":"product_tag","embeddable":true,"href":"https:\/\/extery.com\/fi\/wp-json\/wp\/v2\/product_tag?post=56325"}],"curies":[{"name":"wp","href":"https:\/\/api.w.org\/{rel}","templated":true}]}}