{"id":8407,"date":"2020-11-23T11:41:14","date_gmt":"2020-11-23T11:41:14","guid":{"rendered":"https:\/\/extery.com\/?post_type=product&#038;p=8407"},"modified":"2026-04-13T10:02:37","modified_gmt":"2026-04-13T10:02:37","slug":"istuin-sume","status":"publish","type":"product","link":"https:\/\/extery.com\/fi\/tuotteet\/istuin-sume\/","title":{"rendered":"istuin Sume"},"content":{"rendered":"<p>Sume yll\u00e4tt\u00e4\u00e4 luonteellaan ja tarjonnallaan. Istuinosa on liikkuva ja mahdollistaa aktiivisemman k\u00e4yt\u00f6n. Istu, kallista, keinu tai heilu \u2013 ole juuri niin kuin haluat.<\/p>\n<p>Sumen erilaisissa jaloissa on sit\u00e4 jotain, joka tuo kaupunkiymp\u00e4rist\u00f6\u00f6n v\u00e4rej\u00e4 ja muotoja. Mutta se, mik\u00e4 laittaa sinut lopullisesti tanssimaan, on Sumen pehme\u00e4 ja joustava istuinosa. L\u00e4hekk\u00e4in asennettuina Sumet muodostavat sosiaalisesti viihtyis\u00e4n ilmapiirin ja pienen, kutsuvasti houkuttelevan kulmauksen kadulle arkip\u00e4iv\u00e4n harmauden ja j\u00e4ykkyyden keskelle.<\/p>\n<p>Sume-istuimilla voi luoda ryhmittymi\u00e4, joissa on vain yhden tyyppisi\u00e4 jalkoja, mutta yht\u00e4 hyvin luoda yhdistelmi\u00e4 eri jalkavaihtoehdoin.<\/p>\n<p>Sumen jalkaosien vaihtelu antaa sinulle mahdollisuuden luoda leikkisi\u00e4 ja inspiroivia alueita ajanviettoon ja yhdess\u00e4oloon. Loputtomat ja joustavat mahdollisuudet k\u00e4ytt\u00e4\u00e4 ja sijoittaa Sume-istuimia.<\/p>\n<p style=\"line-height: 16.5pt;\">\n","protected":false},"excerpt":{"rendered":"<p>Sume yll\u00e4tt\u00e4\u00e4 luonteellaan ja tarjonnallaan. Istuinosa on liikkuva ja mahdollistaa aktiivisemman k\u00e4yt\u00f6n. Istu, kallista, keinu tai heilu \u2013 ole juuri niin kuin haluat. Sumen erilaisissa jaloissa on sit\u00e4 jotain, joka tuo kaupunkiymp\u00e4rist\u00f6\u00f6n v\u00e4rej\u00e4 ja muotoja. Mutta se, mik\u00e4 laittaa sinut lopullisesti tanssimaan, on Sumen pehme\u00e4 ja joustava istuinosa. L\u00e4hekk\u00e4in asennettuina Sumet muodostavat sosiaalisesti viihtyis\u00e4n ilmapiirin [&hellip;]<\/p>\n","protected":false},"featured_media":10175,"comment_status":"open","ping_status":"closed","template":"","meta":{"_acf_changed":false},"product_brand":[],"product_cat":[105],"product_tag":[],"class_list":{"0":"post-8407","1":"product","2":"type-product","3":"status-publish","4":"has-post-thumbnail","6":"product_cat-tuolit","7":"product-family-sume-fi","9":"first","10":"instock","11":"shipping-taxable","12":"product-type-simple"},"acf":[],"yoast_head":"<!-- This site is optimized with the Yoast SEO plugin v26.4 - https:\/\/yoast.com\/wordpress\/plugins\/seo\/ -->\n<title>istuin Sume - Extery kaupunkikalusteet<\/title>\n<meta name=\"description\" content=\"Sume yll\u00e4tt\u00e4\u00e4 luonteellaan ja tarjonnallaan. Istuinosa on liikkuva ja mahdollistaa aktiivisemman k\u00e4yt\u00f6n. P\u00f6yd\u00e4t, penkit, py\u00f6r\u00e4telineet ja katukaluste-elementit - n\u00e4m\u00e4 kaikki l\u00f6ytyv\u00e4t Extery-tuotevalikoimasta!\" \/>\n<meta name=\"robots\" content=\"index, follow, max-snippet:-1, max-image-preview:large, max-video-preview:-1\" \/>\n<link rel=\"canonical\" href=\"https:\/\/extery.com\/fi\/tuotteet\/istuin-sume\/\" \/>\n<meta property=\"og:locale\" content=\"fi_FI\" \/>\n<meta property=\"og:type\" content=\"article\" \/>\n<meta property=\"og:title\" content=\"istuin Sume - Extery kaupunkikalusteet\" \/>\n<meta property=\"og:description\" content=\"Sume yll\u00e4tt\u00e4\u00e4 luonteellaan ja tarjonnallaan. Istuinosa on liikkuva ja mahdollistaa aktiivisemman k\u00e4yt\u00f6n. P\u00f6yd\u00e4t, penkit, py\u00f6r\u00e4telineet ja katukaluste-elementit - n\u00e4m\u00e4 kaikki l\u00f6ytyv\u00e4t Extery-tuotevalikoimasta!\" \/>\n<meta property=\"og:url\" content=\"https:\/\/extery.com\/fi\/tuotteet\/istuin-sume\/\" \/>\n<meta property=\"og:site_name\" content=\"Extery\" \/>\n<meta property=\"article:modified_time\" content=\"2026-04-13T10:02:37+00:00\" \/>\n<meta property=\"og:image\" content=\"https:\/\/extery.com\/wp-content\/uploads\/2020\/12\/Sume-esipilt-scaled.jpg\" \/>\n\t<meta property=\"og:image:width\" content=\"2560\" \/>\n\t<meta property=\"og:image:height\" content=\"1707\" \/>\n\t<meta property=\"og:image:type\" content=\"image\/jpeg\" \/>\n<meta name=\"twitter:card\" content=\"summary_large_image\" \/>\n<meta name=\"twitter:label1\" content=\"Arvioitu lukuaika\" \/>\n\t<meta name=\"twitter:data1\" content=\"1 minuutti\" \/>\n<script type=\"application\/ld+json\" class=\"yoast-schema-graph\">{\"@context\":\"https:\/\/schema.org\",\"@graph\":[{\"@type\":\"WebPage\",\"@id\":\"https:\/\/extery.com\/fi\/tuotteet\/istuin-sume\/\",\"url\":\"https:\/\/extery.com\/fi\/tuotteet\/istuin-sume\/\",\"name\":\"istuin Sume - Extery kaupunkikalusteet\",\"isPartOf\":{\"@id\":\"https:\/\/extery.com\/fi\/#website\"},\"primaryImageOfPage\":{\"@id\":\"https:\/\/extery.com\/fi\/tuotteet\/istuin-sume\/#primaryimage\"},\"image\":{\"@id\":\"https:\/\/extery.com\/fi\/tuotteet\/istuin-sume\/#primaryimage\"},\"thumbnailUrl\":\"https:\/\/extery.com\/wp-content\/uploads\/2020\/12\/Sume-esipilt-scaled.jpg\",\"datePublished\":\"2020-11-23T11:41:14+00:00\",\"dateModified\":\"2026-04-13T10:02:37+00:00\",\"description\":\"Sume yll\u00e4tt\u00e4\u00e4 luonteellaan ja tarjonnallaan. Istuinosa on liikkuva ja mahdollistaa aktiivisemman k\u00e4yt\u00f6n. P\u00f6yd\u00e4t, penkit, py\u00f6r\u00e4telineet ja katukaluste-elementit - n\u00e4m\u00e4 kaikki l\u00f6ytyv\u00e4t Extery-tuotevalikoimasta!\",\"breadcrumb\":{\"@id\":\"https:\/\/extery.com\/fi\/tuotteet\/istuin-sume\/#breadcrumb\"},\"inLanguage\":\"fi\",\"potentialAction\":[{\"@type\":\"ReadAction\",\"target\":[\"https:\/\/extery.com\/fi\/tuotteet\/istuin-sume\/\"]}]},{\"@type\":\"ImageObject\",\"inLanguage\":\"fi\",\"@id\":\"https:\/\/extery.com\/fi\/tuotteet\/istuin-sume\/#primaryimage\",\"url\":\"https:\/\/extery.com\/wp-content\/uploads\/2020\/12\/Sume-esipilt-scaled.jpg\",\"contentUrl\":\"https:\/\/extery.com\/wp-content\/uploads\/2020\/12\/Sume-esipilt-scaled.jpg\",\"width\":2560,\"height\":1707},{\"@type\":\"BreadcrumbList\",\"@id\":\"https:\/\/extery.com\/fi\/tuotteet\/istuin-sume\/#breadcrumb\",\"itemListElement\":[{\"@type\":\"ListItem\",\"position\":1,\"name\":\"Home\",\"item\":\"https:\/\/extery.com\/fi\/\"},{\"@type\":\"ListItem\",\"position\":2,\"name\":\"Tuotteet\",\"item\":\"https:\/\/extery.com\/fi\/tuotteet\/\"},{\"@type\":\"ListItem\",\"position\":3,\"name\":\"istuin Sume\"}]},{\"@type\":\"WebSite\",\"@id\":\"https:\/\/extery.com\/fi\/#website\",\"url\":\"https:\/\/extery.com\/fi\/\",\"name\":\"Extery\",\"description\":\"\",\"publisher\":{\"@id\":\"https:\/\/extery.com\/fi\/#organization\"},\"potentialAction\":[{\"@type\":\"SearchAction\",\"target\":{\"@type\":\"EntryPoint\",\"urlTemplate\":\"https:\/\/extery.com\/fi\/?s={search_term_string}\"},\"query-input\":{\"@type\":\"PropertyValueSpecification\",\"valueRequired\":true,\"valueName\":\"search_term_string\"}}],\"inLanguage\":\"fi\"},{\"@type\":\"Organization\",\"@id\":\"https:\/\/extery.com\/fi\/#organization\",\"name\":\"Extery\",\"url\":\"https:\/\/extery.com\/fi\/\",\"logo\":{\"@type\":\"ImageObject\",\"inLanguage\":\"fi\",\"@id\":\"https:\/\/extery.com\/fi\/#\/schema\/logo\/image\/\",\"url\":\"https:\/\/extery.com\/wp-content\/uploads\/2023\/11\/footer-logo.svg\",\"contentUrl\":\"https:\/\/extery.com\/wp-content\/uploads\/2023\/11\/footer-logo.svg\",\"caption\":\"Extery\"},\"image\":{\"@id\":\"https:\/\/extery.com\/fi\/#\/schema\/logo\/image\/\"}}]}<\/script>\n<!-- \/ Yoast SEO plugin. -->","yoast_head_json":{"title":"istuin Sume - Extery kaupunkikalusteet","description":"Sume yll\u00e4tt\u00e4\u00e4 luonteellaan ja tarjonnallaan. Istuinosa on liikkuva ja mahdollistaa aktiivisemman k\u00e4yt\u00f6n. P\u00f6yd\u00e4t, penkit, py\u00f6r\u00e4telineet ja katukaluste-elementit - n\u00e4m\u00e4 kaikki l\u00f6ytyv\u00e4t Extery-tuotevalikoimasta!","robots":{"index":"index","follow":"follow","max-snippet":"max-snippet:-1","max-image-preview":"max-image-preview:large","max-video-preview":"max-video-preview:-1"},"canonical":"https:\/\/extery.com\/fi\/tuotteet\/istuin-sume\/","og_locale":"fi_FI","og_type":"article","og_title":"istuin Sume - Extery kaupunkikalusteet","og_description":"Sume yll\u00e4tt\u00e4\u00e4 luonteellaan ja tarjonnallaan. Istuinosa on liikkuva ja mahdollistaa aktiivisemman k\u00e4yt\u00f6n. P\u00f6yd\u00e4t, penkit, py\u00f6r\u00e4telineet ja katukaluste-elementit - n\u00e4m\u00e4 kaikki l\u00f6ytyv\u00e4t Extery-tuotevalikoimasta!","og_url":"https:\/\/extery.com\/fi\/tuotteet\/istuin-sume\/","og_site_name":"Extery","article_modified_time":"2026-04-13T10:02:37+00:00","og_image":[{"width":2560,"height":1707,"url":"https:\/\/extery.com\/wp-content\/uploads\/2020\/12\/Sume-esipilt-scaled.jpg","type":"image\/jpeg"}],"twitter_card":"summary_large_image","twitter_misc":{"Arvioitu lukuaika":"1 minuutti"},"schema":{"@context":"https:\/\/schema.org","@graph":[{"@type":"WebPage","@id":"https:\/\/extery.com\/fi\/tuotteet\/istuin-sume\/","url":"https:\/\/extery.com\/fi\/tuotteet\/istuin-sume\/","name":"istuin Sume - Extery kaupunkikalusteet","isPartOf":{"@id":"https:\/\/extery.com\/fi\/#website"},"primaryImageOfPage":{"@id":"https:\/\/extery.com\/fi\/tuotteet\/istuin-sume\/#primaryimage"},"image":{"@id":"https:\/\/extery.com\/fi\/tuotteet\/istuin-sume\/#primaryimage"},"thumbnailUrl":"https:\/\/extery.com\/wp-content\/uploads\/2020\/12\/Sume-esipilt-scaled.jpg","datePublished":"2020-11-23T11:41:14+00:00","dateModified":"2026-04-13T10:02:37+00:00","description":"Sume yll\u00e4tt\u00e4\u00e4 luonteellaan ja tarjonnallaan. Istuinosa on liikkuva ja mahdollistaa aktiivisemman k\u00e4yt\u00f6n. P\u00f6yd\u00e4t, penkit, py\u00f6r\u00e4telineet ja katukaluste-elementit - n\u00e4m\u00e4 kaikki l\u00f6ytyv\u00e4t Extery-tuotevalikoimasta!","breadcrumb":{"@id":"https:\/\/extery.com\/fi\/tuotteet\/istuin-sume\/#breadcrumb"},"inLanguage":"fi","potentialAction":[{"@type":"ReadAction","target":["https:\/\/extery.com\/fi\/tuotteet\/istuin-sume\/"]}]},{"@type":"ImageObject","inLanguage":"fi","@id":"https:\/\/extery.com\/fi\/tuotteet\/istuin-sume\/#primaryimage","url":"https:\/\/extery.com\/wp-content\/uploads\/2020\/12\/Sume-esipilt-scaled.jpg","contentUrl":"https:\/\/extery.com\/wp-content\/uploads\/2020\/12\/Sume-esipilt-scaled.jpg","width":2560,"height":1707},{"@type":"BreadcrumbList","@id":"https:\/\/extery.com\/fi\/tuotteet\/istuin-sume\/#breadcrumb","itemListElement":[{"@type":"ListItem","position":1,"name":"Home","item":"https:\/\/extery.com\/fi\/"},{"@type":"ListItem","position":2,"name":"Tuotteet","item":"https:\/\/extery.com\/fi\/tuotteet\/"},{"@type":"ListItem","position":3,"name":"istuin Sume"}]},{"@type":"WebSite","@id":"https:\/\/extery.com\/fi\/#website","url":"https:\/\/extery.com\/fi\/","name":"Extery","description":"","publisher":{"@id":"https:\/\/extery.com\/fi\/#organization"},"potentialAction":[{"@type":"SearchAction","target":{"@type":"EntryPoint","urlTemplate":"https:\/\/extery.com\/fi\/?s={search_term_string}"},"query-input":{"@type":"PropertyValueSpecification","valueRequired":true,"valueName":"search_term_string"}}],"inLanguage":"fi"},{"@type":"Organization","@id":"https:\/\/extery.com\/fi\/#organization","name":"Extery","url":"https:\/\/extery.com\/fi\/","logo":{"@type":"ImageObject","inLanguage":"fi","@id":"https:\/\/extery.com\/fi\/#\/schema\/logo\/image\/","url":"https:\/\/extery.com\/wp-content\/uploads\/2023\/11\/footer-logo.svg","contentUrl":"https:\/\/extery.com\/wp-content\/uploads\/2023\/11\/footer-logo.svg","caption":"Extery"},"image":{"@id":"https:\/\/extery.com\/fi\/#\/schema\/logo\/image\/"}}]}},"_links":{"self":[{"href":"https:\/\/extery.com\/fi\/wp-json\/wp\/v2\/product\/8407","targetHints":{"allow":["GET"]}}],"collection":[{"href":"https:\/\/extery.com\/fi\/wp-json\/wp\/v2\/product"}],"about":[{"href":"https:\/\/extery.com\/fi\/wp-json\/wp\/v2\/types\/product"}],"replies":[{"embeddable":true,"href":"https:\/\/extery.com\/fi\/wp-json\/wp\/v2\/comments?post=8407"}],"wp:featuredmedia":[{"embeddable":true,"href":"https:\/\/extery.com\/fi\/wp-json\/wp\/v2\/media\/10175"}],"wp:attachment":[{"href":"https:\/\/extery.com\/fi\/wp-json\/wp\/v2\/media?parent=8407"}],"wp:term":[{"taxonomy":"product_brand","embeddable":true,"href":"https:\/\/extery.com\/fi\/wp-json\/wp\/v2\/product_brand?post=8407"},{"taxonomy":"product_cat","embeddable":true,"href":"https:\/\/extery.com\/fi\/wp-json\/wp\/v2\/product_cat?post=8407"},{"taxonomy":"product_tag","embeddable":true,"href":"https:\/\/extery.com\/fi\/wp-json\/wp\/v2\/product_tag?post=8407"}],"curies":[{"name":"wp","href":"https:\/\/api.w.org\/{rel}","templated":true}]}}