{"id":20120,"date":"2022-10-25T12:50:26","date_gmt":"2022-10-25T12:50:26","guid":{"rendered":"https:\/\/extery.com\/galvena-lapa\/"},"modified":"2026-03-26T11:22:47","modified_gmt":"2026-03-26T11:22:47","slug":"galvena-lapa","status":"publish","type":"page","link":"https:\/\/extery.com\/lv\/","title":{"rendered":"Galven\u0101 lapa"},"content":{"rendered":"<h2 data-start=\"256\" data-end=\"328\"><strong data-start=\"259\" data-end=\"328\">Pils\u0113tas m\u0113beles, kas veido vienotu un ilgtsp\u0113j\u012bgu publisko telpu<\/strong><\/h2>\n<p data-start=\"330\" data-end=\"840\">EXTERY pils\u0113tas m\u0113beles un pils\u0113tvides labiek\u0101rtojums ir rad\u012bts, lai pied\u0101v\u0101tu \u0113rtus, iztur\u012bgus un est\u0113tiski p\u0101rdom\u0101tus risin\u0101jumus jebkurai publiskai telpai. M\u016bsu sortiment\u0101 ir \u0113rti parka soli, viegli kopjamas met\u0101la atkritumu urnas, perfekti veidoti barjerstabi, velostat\u012bvi un rakstur\u012bgi augu konteineri. Visi produkti ir izstr\u0101d\u0101ti, lai atbalst\u012btu vienotu un kvalitat\u012bvu pils\u0113tvides labiek\u0101rtojumu, s\u0101kot ar parkiem un laukumiem l\u012bdz g\u0101j\u0113ju celi\u0146iem, skolu pagalmiem un m\u016bsdien\u012bgiem att\u012bst\u012bbas projektiem.<\/p>\n<h2 data-start=\"847\" data-end=\"912\"><strong data-start=\"850\" data-end=\"912\">Pla\u0161a pils\u0113tas m\u0113be\u013cu un pils\u0113tvides labiek\u0101rtojuma izv\u0113le<\/strong><\/h2>\n<p data-start=\"914\" data-end=\"1388\">M\u016bsu pils\u0113tas m\u0113be\u013cu kolekcij\u0101 atrad\u012bsiet pla\u0161u parka solu, atkritumu urnu, velostat\u012bvu, augu konteineru, barjerstabu un piln\u012bgu piknika risin\u0101jumu kl\u0101stu. Katrs produkts ir r\u016bp\u012bga dizaina procesa rezult\u0101ts, kur \u0146emta v\u0113r\u0101 lieto\u0161anas \u0113rt\u012bba, est\u0113tika un materi\u0101lu iztur\u012bba. EXTERY pils\u0113tas m\u0113beles ir rad\u012btas, lai iztur\u0113tu intens\u012bvu lieto\u0161anu un zieme\u013cu skarbo klimatu, vienlaikus saglab\u0101jot laikmet\u012bgu un skaidru dizainu, kas organiski iek\u013caujas da\u017e\u0101d\u0101s publiskaj\u0101s telp\u0101s.<\/p>\n<h2 data-start=\"1395\" data-end=\"1461\"><strong data-start=\"1398\" data-end=\"1461\">Tuk\u0161as vietas k\u0101 iesp\u0113jas pils\u0113tas m\u0113be\u013cu rad\u012btai pieredzei<\/strong><\/h2>\n<p data-start=\"1463\" data-end=\"1772\">Ros\u012bgaj\u0101 pils\u0113tas ikdien\u0101 m\u0113s bie\u017ei nepaman\u0101m tuk\u0161\u0101s telpas, kas savijas starp m\u016bsu dienas gait\u0101m. Extery \u0161aj\u0101s viet\u0101s saredz potenci\u0101lu. T\u0101s nav tikai betons un asfalts- t\u0101s ir iesp\u0113jamie dz\u012bves un aktivit\u0101\u0161u centri. Vietas nejau\u0161\u0101m sarun\u0101m, mier\u012bg\u0101m p\u0101rdom\u0101m, atp\u016btai, rota\u013c\u0101m un visam tam, kas ir pa vidu.<\/p>\n<h2 data-start=\"1779\" data-end=\"1830\"><strong data-start=\"1782\" data-end=\"1830\">Pils\u0113tas m\u0113beles, kas pie\u0161\u0137ir telpai dz\u012bv\u012bbu<\/strong><\/h2>\n<p data-start=\"1832\" data-end=\"2189\">Extery m\u0113s rad\u0101m pils\u0113tas m\u0113beles un pils\u0113tvides objektus, kas nav telp\u0101 tikai \u201ceso\u0161i\u201d. Tie maina telpu. Tie pie\u0161\u0137ir videi dz\u012bv\u012bbu un raksturu. M\u016bsu pils\u0113tas m\u0113beles- zieme\u013cu est\u0113tikas, cilv\u0113kcentr\u0113ta dizaina un kvalit\u0101tes apvienojums, nav dom\u0101tas tikai telpas aizpild\u012b\u0161anai. T\u0101s aicina cilv\u0113kus aps\u0113sties, atp\u016bsties un izbaud\u012bt autentisku pils\u0113tas dz\u012bvi.<\/p>\n<h2 data-start=\"2196\" data-end=\"2230\"><strong data-start=\"2199\" data-end=\"2230\">Pils\u0113tas, kas \u0161\u0137iet m\u0101j\u012bgas<\/strong><\/h2>\n<p data-start=\"2232\" data-end=\"2604\">M\u016bsu m\u0113r\u0137is Extery ir padar\u012bt pils\u0113tas m\u0101j\u012bg\u0101kas un cilv\u0113kiem draudz\u012bg\u0101kas, veicinot pieder\u012bbas saj\u016btu. L\u012bdz p\u0113d\u0113jai deta\u013cai p\u0101rdom\u0101ts dizains rada komfortu, iedro\u0161ina sarunas un bag\u0101tina pieredzi \u0101rpus telp\u0101m. Labiek\u0101rtota publisk\u0101 telpa k\u013c\u016bst par viesistabas pagarin\u0101jumu- vietu, kur smieties ar draugiem, mier\u012bgi baud\u012bt kafiju vai atgriezties pie nepabeigtas gr\u0101matas.<\/p>\n<h2 data-start=\"2611\" data-end=\"2656\"><strong data-start=\"2614\" data-end=\"2656\">Extery pie\u0161\u0137ir pils\u0113tas telpai dz\u012bv\u012bbu<\/strong><\/h2>\n<p data-start=\"2658\" data-end=\"2957\">Extery ir kas vair\u0101k nek\u0101 tikai parka sols. Extery pie\u0161\u0137ir vietai dz\u012bv\u012bbu. Tas ir iemesls iziet \u0101r\u0101 un baud\u012bt pils\u0113tas ritmu, kas apk\u0101rt puls\u0113. Ar Extery pils\u0113tas m\u0113bel\u0113m m\u0113s dodam publisko telpu atpaka\u013c cilv\u0113kiem. Katrai telpai ir potenci\u0101ls k\u013c\u016bt par vietu, kur pat\u012bkami b\u016bt, smieties un komunic\u0113t.<\/p>\n<p data-start=\"2758\" data-end=\"2822\"><strong data-start=\"2758\" data-end=\"2822\">Apskati m\u016bsu pils\u0113tvides kolekcijas parka solus \u0161eit: <a href=\"https:\/\/extery.com\/tooted\/\">produkti<\/a><\/strong><\/p>\n<h2 data-start=\"2829\" data-end=\"2869\"><strong data-start=\"2832\" data-end=\"2869\">Daba un materi\u0101lu apzin\u0101ta izv\u0113le<\/strong><\/h2>\n<p data-start=\"2871\" data-end=\"2975\">M\u0113s esam pie\u0161\u0137\u012bru\u0161i \u012bpa\u0161u noz\u012bmi ilgtsp\u0113jai, t\u0101d\u0113\u013c m\u016bsu produktos tiek izmantota FSC sertific\u0113ta koksne.<\/p>\n<p><img loading=\"lazy\" decoding=\"async\" class=\"alignnone wp-image-53310 size-medium\" src=\"https:\/\/extery.com\/wp-content\/uploads\/2024\/10\/Park-bench-Linn-Extery-urban-furniture-10-1-300x200.jpg\" alt=\"EXTERY pils\u0113tas m\u0113beles \u2014 parka sols, atkritumu urna un velostat\u012bvs, kas veido kvalitat\u012bvu un ilgtsp\u0113j\u012bgu publisko telpu.\" width=\"300\" height=\"200\" srcset=\"https:\/\/extery.com\/wp-content\/uploads\/2024\/10\/Park-bench-Linn-Extery-urban-furniture-10-1-300x200.jpg 300w, https:\/\/extery.com\/wp-content\/uploads\/2024\/10\/Park-bench-Linn-Extery-urban-furniture-10-1-768x512.jpg 768w, https:\/\/extery.com\/wp-content\/uploads\/2024\/10\/Park-bench-Linn-Extery-urban-furniture-10-1-600x400.jpg 600w, https:\/\/extery.com\/wp-content\/uploads\/2024\/10\/Park-bench-Linn-Extery-urban-furniture-10-1.jpg 900w\" sizes=\"auto, (max-width: 300px) 100vw, 300px\" \/><\/p>\n","protected":false},"excerpt":{"rendered":"<p>Pils\u0113tas m\u0113beles, kas veido vienotu un ilgtsp\u0113j\u012bgu publisko telpu EXTERY pils\u0113tas m\u0113beles un pils\u0113tvides labiek\u0101rtojums ir rad\u012bts, lai pied\u0101v\u0101tu \u0113rtus, iztur\u012bgus un est\u0113tiski p\u0101rdom\u0101tus risin\u0101jumus jebkurai publiskai telpai. M\u016bsu sortiment\u0101 ir \u0113rti parka soli, viegli kopjamas met\u0101la atkritumu urnas, perfekti veidoti barjerstabi, velostat\u012bvi un rakstur\u012bgi augu konteineri. Visi produkti ir izstr\u0101d\u0101ti, lai atbalst\u012btu vienotu un [&hellip;]<\/p>\n","protected":false},"author":1,"featured_media":0,"parent":0,"menu_order":0,"comment_status":"closed","ping_status":"closed","template":"tpl__front-page.php","meta":{"_acf_changed":false,"footnotes":""},"class_list":["post-20120","page","type-page","status-publish","hentry"],"acf":[],"yoast_head":"<!-- This site is optimized with the Yoast SEO plugin v26.4 - https:\/\/yoast.com\/wordpress\/plugins\/seo\/ -->\n<title>EXTERY pils\u0113tas m\u0113beles - soli un citi \u0101ra elementi.<\/title>\n<meta name=\"description\" content=\"Pils\u0113tas m\u0113beles - \u0113rti parka soli\u0146i, viegli iztuk\u0161ojamas met\u0101la atkritumu urnas, ide\u0101las formas pilardi un velosip\u0113du novietnes.\" \/>\n<meta name=\"robots\" content=\"index, follow, max-snippet:-1, max-image-preview:large, max-video-preview:-1\" \/>\n<link rel=\"canonical\" href=\"https:\/\/extery.com\/lv\/\" \/>\n<meta property=\"og:locale\" content=\"lv_LV\" \/>\n<meta property=\"og:type\" content=\"article\" \/>\n<meta property=\"og:title\" content=\"EXTERY pils\u0113tas m\u0113beles - soli un citi \u0101ra elementi.\" \/>\n<meta property=\"og:description\" content=\"Pils\u0113tas m\u0113beles - \u0113rti parka soli\u0146i, viegli iztuk\u0161ojamas met\u0101la atkritumu urnas, ide\u0101las formas pilardi un velosip\u0113du novietnes.\" \/>\n<meta property=\"og:url\" content=\"https:\/\/extery.com\/lv\/\" \/>\n<meta property=\"og:site_name\" content=\"Extery\" \/>\n<meta property=\"article:modified_time\" content=\"2026-03-26T11:22:47+00:00\" \/>\n<meta property=\"og:image\" content=\"https:\/\/extery.com\/wp-content\/uploads\/2024\/10\/Park-bench-Linn-Extery-urban-furniture-10-1.jpg\" \/>\n\t<meta property=\"og:image:width\" content=\"900\" \/>\n\t<meta property=\"og:image:height\" content=\"600\" \/>\n\t<meta property=\"og:image:type\" content=\"image\/jpeg\" \/>\n<meta name=\"twitter:card\" content=\"summary_large_image\" \/>\n<meta name=\"twitter:label1\" content=\"Est. reading time\" \/>\n\t<meta name=\"twitter:data1\" content=\"3 minutes\" \/>\n<script type=\"application\/ld+json\" class=\"yoast-schema-graph\">{\"@context\":\"https:\/\/schema.org\",\"@graph\":[{\"@type\":\"WebPage\",\"@id\":\"https:\/\/extery.com\/lv\/\",\"url\":\"https:\/\/extery.com\/lv\/\",\"name\":\"EXTERY pils\u0113tas m\u0113beles - soli un citi \u0101ra elementi.\",\"isPartOf\":{\"@id\":\"https:\/\/extery.com\/lv\/#website\"},\"primaryImageOfPage\":{\"@id\":\"https:\/\/extery.com\/lv\/#primaryimage\"},\"image\":{\"@id\":\"https:\/\/extery.com\/lv\/#primaryimage\"},\"thumbnailUrl\":\"https:\/\/extery.com\/wp-content\/uploads\/2024\/10\/Park-bench-Linn-Extery-urban-furniture-10-1-300x200.jpg\",\"datePublished\":\"2022-10-25T12:50:26+00:00\",\"dateModified\":\"2026-03-26T11:22:47+00:00\",\"description\":\"Pils\u0113tas m\u0113beles - \u0113rti parka soli\u0146i, viegli iztuk\u0161ojamas met\u0101la atkritumu urnas, ide\u0101las formas pilardi un velosip\u0113du novietnes.\",\"breadcrumb\":{\"@id\":\"https:\/\/extery.com\/lv\/#breadcrumb\"},\"inLanguage\":\"lv-LV\",\"potentialAction\":[{\"@type\":\"ReadAction\",\"target\":[\"https:\/\/extery.com\/lv\/\"]}]},{\"@type\":\"ImageObject\",\"inLanguage\":\"lv-LV\",\"@id\":\"https:\/\/extery.com\/lv\/#primaryimage\",\"url\":\"https:\/\/extery.com\/wp-content\/uploads\/2024\/10\/Park-bench-Linn-Extery-urban-furniture-10-1-300x200.jpg\",\"contentUrl\":\"https:\/\/extery.com\/wp-content\/uploads\/2024\/10\/Park-bench-Linn-Extery-urban-furniture-10-1-300x200.jpg\"},{\"@type\":\"BreadcrumbList\",\"@id\":\"https:\/\/extery.com\/lv\/#breadcrumb\",\"itemListElement\":[{\"@type\":\"ListItem\",\"position\":1,\"name\":\"Home\",\"item\":\"https:\/\/extery.com\/lv\/\"},{\"@type\":\"ListItem\",\"position\":2,\"name\":\"Galven\u0101 lapa\"}]},{\"@type\":\"WebSite\",\"@id\":\"https:\/\/extery.com\/lv\/#website\",\"url\":\"https:\/\/extery.com\/lv\/\",\"name\":\"Extery\",\"description\":\"\",\"publisher\":{\"@id\":\"https:\/\/extery.com\/lv\/#organization\"},\"potentialAction\":[{\"@type\":\"SearchAction\",\"target\":{\"@type\":\"EntryPoint\",\"urlTemplate\":\"https:\/\/extery.com\/lv\/?s={search_term_string}\"},\"query-input\":{\"@type\":\"PropertyValueSpecification\",\"valueRequired\":true,\"valueName\":\"search_term_string\"}}],\"inLanguage\":\"lv-LV\"},{\"@type\":\"Organization\",\"@id\":\"https:\/\/extery.com\/lv\/#organization\",\"name\":\"Extery\",\"url\":\"https:\/\/extery.com\/lv\/\",\"logo\":{\"@type\":\"ImageObject\",\"inLanguage\":\"lv-LV\",\"@id\":\"https:\/\/extery.com\/lv\/#\/schema\/logo\/image\/\",\"url\":\"https:\/\/extery.com\/wp-content\/uploads\/2023\/11\/footer-logo.svg\",\"contentUrl\":\"https:\/\/extery.com\/wp-content\/uploads\/2023\/11\/footer-logo.svg\",\"caption\":\"Extery\"},\"image\":{\"@id\":\"https:\/\/extery.com\/lv\/#\/schema\/logo\/image\/\"}}]}<\/script>\n<!-- \/ Yoast SEO plugin. -->","yoast_head_json":{"title":"EXTERY pils\u0113tas m\u0113beles - soli un citi \u0101ra elementi.","description":"Pils\u0113tas m\u0113beles - \u0113rti parka soli\u0146i, viegli iztuk\u0161ojamas met\u0101la atkritumu urnas, ide\u0101las formas pilardi un velosip\u0113du novietnes.","robots":{"index":"index","follow":"follow","max-snippet":"max-snippet:-1","max-image-preview":"max-image-preview:large","max-video-preview":"max-video-preview:-1"},"canonical":"https:\/\/extery.com\/lv\/","og_locale":"lv_LV","og_type":"article","og_title":"EXTERY pils\u0113tas m\u0113beles - soli un citi \u0101ra elementi.","og_description":"Pils\u0113tas m\u0113beles - \u0113rti parka soli\u0146i, viegli iztuk\u0161ojamas met\u0101la atkritumu urnas, ide\u0101las formas pilardi un velosip\u0113du novietnes.","og_url":"https:\/\/extery.com\/lv\/","og_site_name":"Extery","article_modified_time":"2026-03-26T11:22:47+00:00","og_image":[{"width":900,"height":600,"url":"https:\/\/extery.com\/wp-content\/uploads\/2024\/10\/Park-bench-Linn-Extery-urban-furniture-10-1.jpg","type":"image\/jpeg"}],"twitter_card":"summary_large_image","twitter_misc":{"Est. reading time":"3 minutes"},"schema":{"@context":"https:\/\/schema.org","@graph":[{"@type":"WebPage","@id":"https:\/\/extery.com\/lv\/","url":"https:\/\/extery.com\/lv\/","name":"EXTERY pils\u0113tas m\u0113beles - soli un citi \u0101ra elementi.","isPartOf":{"@id":"https:\/\/extery.com\/lv\/#website"},"primaryImageOfPage":{"@id":"https:\/\/extery.com\/lv\/#primaryimage"},"image":{"@id":"https:\/\/extery.com\/lv\/#primaryimage"},"thumbnailUrl":"https:\/\/extery.com\/wp-content\/uploads\/2024\/10\/Park-bench-Linn-Extery-urban-furniture-10-1-300x200.jpg","datePublished":"2022-10-25T12:50:26+00:00","dateModified":"2026-03-26T11:22:47+00:00","description":"Pils\u0113tas m\u0113beles - \u0113rti parka soli\u0146i, viegli iztuk\u0161ojamas met\u0101la atkritumu urnas, ide\u0101las formas pilardi un velosip\u0113du novietnes.","breadcrumb":{"@id":"https:\/\/extery.com\/lv\/#breadcrumb"},"inLanguage":"lv-LV","potentialAction":[{"@type":"ReadAction","target":["https:\/\/extery.com\/lv\/"]}]},{"@type":"ImageObject","inLanguage":"lv-LV","@id":"https:\/\/extery.com\/lv\/#primaryimage","url":"https:\/\/extery.com\/wp-content\/uploads\/2024\/10\/Park-bench-Linn-Extery-urban-furniture-10-1-300x200.jpg","contentUrl":"https:\/\/extery.com\/wp-content\/uploads\/2024\/10\/Park-bench-Linn-Extery-urban-furniture-10-1-300x200.jpg"},{"@type":"BreadcrumbList","@id":"https:\/\/extery.com\/lv\/#breadcrumb","itemListElement":[{"@type":"ListItem","position":1,"name":"Home","item":"https:\/\/extery.com\/lv\/"},{"@type":"ListItem","position":2,"name":"Galven\u0101 lapa"}]},{"@type":"WebSite","@id":"https:\/\/extery.com\/lv\/#website","url":"https:\/\/extery.com\/lv\/","name":"Extery","description":"","publisher":{"@id":"https:\/\/extery.com\/lv\/#organization"},"potentialAction":[{"@type":"SearchAction","target":{"@type":"EntryPoint","urlTemplate":"https:\/\/extery.com\/lv\/?s={search_term_string}"},"query-input":{"@type":"PropertyValueSpecification","valueRequired":true,"valueName":"search_term_string"}}],"inLanguage":"lv-LV"},{"@type":"Organization","@id":"https:\/\/extery.com\/lv\/#organization","name":"Extery","url":"https:\/\/extery.com\/lv\/","logo":{"@type":"ImageObject","inLanguage":"lv-LV","@id":"https:\/\/extery.com\/lv\/#\/schema\/logo\/image\/","url":"https:\/\/extery.com\/wp-content\/uploads\/2023\/11\/footer-logo.svg","contentUrl":"https:\/\/extery.com\/wp-content\/uploads\/2023\/11\/footer-logo.svg","caption":"Extery"},"image":{"@id":"https:\/\/extery.com\/lv\/#\/schema\/logo\/image\/"}}]}},"_links":{"self":[{"href":"https:\/\/extery.com\/lv\/wp-json\/wp\/v2\/pages\/20120","targetHints":{"allow":["GET"]}}],"collection":[{"href":"https:\/\/extery.com\/lv\/wp-json\/wp\/v2\/pages"}],"about":[{"href":"https:\/\/extery.com\/lv\/wp-json\/wp\/v2\/types\/page"}],"author":[{"embeddable":true,"href":"https:\/\/extery.com\/lv\/wp-json\/wp\/v2\/users\/1"}],"replies":[{"embeddable":true,"href":"https:\/\/extery.com\/lv\/wp-json\/wp\/v2\/comments?post=20120"}],"version-history":[{"count":20,"href":"https:\/\/extery.com\/lv\/wp-json\/wp\/v2\/pages\/20120\/revisions"}],"predecessor-version":[{"id":58340,"href":"https:\/\/extery.com\/lv\/wp-json\/wp\/v2\/pages\/20120\/revisions\/58340"}],"wp:attachment":[{"href":"https:\/\/extery.com\/lv\/wp-json\/wp\/v2\/media?parent=20120"}],"curies":[{"name":"wp","href":"https:\/\/api.w.org\/{rel}","templated":true}]}}