{"id":20123,"date":"2022-10-25T13:01:05","date_gmt":"2022-10-25T13:01:05","guid":{"rendered":"https:\/\/extery.com\/par-mums\/"},"modified":"2025-12-02T13:53:24","modified_gmt":"2025-12-02T13:53:24","slug":"par-mums","status":"publish","type":"page","link":"https:\/\/extery.com\/lv\/par-mums\/","title":{"rendered":"Par mums"},"content":{"rendered":"<p data-start=\"332\" data-end=\"601\">M\u0113s komand\u0101 esam nedaudz perfekcionisti. M\u016bs vieno patiesa v\u0113lme sasniegt piln\u012bbu, rad\u012bt produktus, kas ir ne tikai vizu\u0101li izcili, bet ar\u012b funkcion\u0101li nevainojami. Tie\u0161i t\u0101p\u0113c m\u016bsu pils\u0113tas m\u0113be\u013cu kolekciju raksturo t\u012bras formas, skaidras l\u012bnijas un izteikta skandin\u0101viska est\u0113tika.<\/p>\n<p data-start=\"603\" data-end=\"881\">M\u016bsu rad\u012btie parka soli\u0146i, atkritumu urnas un velonovietnes ir veidoti t\u0101, lai tie organiski iek\u013cautos pils\u0113tvid\u0113 \u2014 gan neuzb\u0101z\u012bgi papildinot telpu, gan piev\u0113r\u0161ot uzman\u012bbu ar m\u016bsdien\u012bgu dizainu. V\u0113l svar\u012bg\u0101k \u2014 tie ir b\u016bv\u0113ti, lai iztur\u0113tu pat visbarg\u0101kos Zieme\u013cu klimata p\u0101rbaud\u012bjumus.<\/p>\n<p>K\u0101 atpaz\u012bt kvalitat\u012bvas \u0101ra m\u0113beles?<\/p>\n<p data-start=\"929\" data-end=\"1206\">Pils\u0113tas labiek\u0101rtojum\u0101 kvalit\u0101tei ir vissvar\u012bg\u0101k\u0101 v\u0113rt\u012bba. Publisk\u0101 telpa noslogo m\u0113beles daudz intens\u012bv\u0101k nek\u0101 priv\u0101t\u0101s teritorijas, un ikvienam elementam \u2014 soli\u0146am, atkritumu urnai, velonovietnei \u2014 j\u0101sp\u0113j iztur\u0113t gan ikdienas lietoj\u0101ju, gan ekstrem\u0101lus laikapst\u0101k\u013cus. Ilgtsp\u0113j\u012bga izv\u0113le s\u0101kas ar pareizu produktu izlasi. L\u0113t\u0101ki risin\u0101jumi s\u0101kotn\u0113ji var \u0161\u0137ist pievilc\u012bgi, ta\u010du kvalit\u0101tes zudums bie\u017ei vien noz\u012bm\u0113, ka m\u0113beles j\u0101maina jau p\u0113c da\u017eiem gadiem. Tas rada papildus izmaksas un palielina ietekmi uz vidi. Kvalitat\u012bvs produkts ilgtermi\u0146\u0101 ir gan ekonomisk\u0101ks, gan videi draudz\u012bg\u0101ks.<\/p>\n<p data-start=\"1533\" data-end=\"1674\">Labu kvalit\u0101ti nodro\u0161ina tr\u012bs galvenie faktori: p\u0101rdom\u0101ts dizains,\u00a0iztur\u012bgi materi\u0101li,\u00a0pareiza materi\u0101lu apstr\u0101de.<\/p>\n<p>Dizains<\/p>\n<p data-start=\"1790\" data-end=\"2108\">Labs dizains nav tikai vizu\u0101ls risin\u0101jums &#8211; tas ir dom\u0101\u0161anas veids. Tas padara produktu vienk\u0101r\u0161u, \u0113rtu un dabiski saprotamu lietot\u0101jam. Publiskaj\u0101 telp\u0101 cilv\u0113ki past\u0101v\u012bgi ir kust\u012bb\u0101, ta\u010du vi\u0146iem vienlaikus ir vajadz\u012bgas \u0113rtas, est\u0113tiskas un funkcion\u0101las vietas atp\u016btai. T\u0101p\u0113c pils\u0113tas m\u0113bel\u0113m j\u0101b\u016bt vizu\u0101li diskr\u0113t\u0101m, ta\u010du taj\u0101 pa\u0161\u0101 laik\u0101 pateic\u012bg\u0101m lieto\u0161anai.<\/p>\n<p data-start=\"2110\" data-end=\"2318\">P\u0101rdom\u0101ts dizains ir m\u016b\u017e\u012bgs, Tas nenoveco p\u0113c sezonas vai tendences mai\u0146as, tas iederas gan modern\u0101 vid\u0113, gan v\u0113sturisk\u0101 pils\u0113tas ainav\u0101. Jo vienk\u0101r\u0161\u0101ks un t\u012br\u0101ks ir formas risin\u0101jums, jo univers\u0101l\u0101ks tas k\u013c\u016bst \u2014 sols ar skaidru siluetu ieder\u0113sies gandr\u012bz jebkur\u0101 telp\u0101.<\/p>\n<p>Materi\u0101li<\/p>\n<p data-start=\"2339\" data-end=\"2655\">Zieme\u013cu klimats ir skarbs \u2014 straujas temperat\u016bras sv\u0101rst\u012bbas, saule, lietus un v\u0113j\u0161 rada nep\u0101rtrauktu slodzi. Piem\u0113ram, pag\u0101ju\u0161aj\u0101 gad\u0101 temperat\u016bra 142 dien\u0101s main\u012bj\u0101s no plusiem uz m\u012bnusiem, kas koksnei ir \u012bpa\u0161i izaicino\u0161i apst\u0101k\u013ci. T\u0101 k\u0101 koksne ir dz\u012bvs materi\u0101ls, tai nepiecie\u0161ama r\u016bp\u012bga sagatavo\u0161ana un apstr\u0101de.<\/p>\n<p data-start=\"2657\" data-end=\"2980\">Pareizi izv\u0113l\u0113ta un apstr\u0101d\u0101ta koksne nep\u016bst, nepel\u0113 un saglab\u0101 stabilit\u0101ti, savuk\u0101rt kvalitat\u012bvi met\u0101la komponenti ir aizsarg\u0101ti pret koroziju un nezaud\u0113 iztur\u012bbu daudzu gadu garum\u0101. Tikai \u0161\u0101di materi\u0101li nodro\u0161ina, ka m\u0113beles sp\u0113j uztur\u0113t savu s\u0101kotn\u0113jo funkcionalit\u0101ti un izskatu, neraugoties uz laikapst\u0101k\u013cu ietekmi.<\/p>\n<p>&nbsp;<\/p>\n","protected":false},"excerpt":{"rendered":"<p>M\u0113s komand\u0101 esam nedaudz perfekcionisti. M\u016bs vieno patiesa v\u0113lme sasniegt piln\u012bbu, rad\u012bt produktus, kas ir ne tikai vizu\u0101li izcili, bet ar\u012b funkcion\u0101li nevainojami. Tie\u0161i t\u0101p\u0113c m\u016bsu pils\u0113tas m\u0113be\u013cu kolekciju raksturo t\u012bras formas, skaidras l\u012bnijas un izteikta skandin\u0101viska est\u0113tika. M\u016bsu rad\u012btie parka soli\u0146i, atkritumu urnas un velonovietnes ir veidoti t\u0101, lai tie organiski iek\u013cautos pils\u0113tvid\u0113 \u2014 [&hellip;]<\/p>\n","protected":false},"author":1,"featured_media":0,"parent":0,"menu_order":0,"comment_status":"closed","ping_status":"closed","template":"tpl__about.php","meta":{"_acf_changed":false,"footnotes":""},"class_list":["post-20123","page","type-page","status-publish","hentry"],"acf":[],"yoast_head":"<!-- This site is optimized with the Yoast SEO plugin v26.4 - https:\/\/yoast.com\/wordpress\/plugins\/seo\/ -->\n<title>Par mums - Extery pils\u0113tas m\u0113beles - komanda aiz dizaina<\/title>\n<meta name=\"description\" content=\"Kop\u0101 ar dizaineriem Extery komanda veido pils\u0113tas m\u0113beles ar skandin\u0101vu stila izj\u016btu - parka soli\u0146us, atkritumu tvertnes, velosip\u0113du novietnes, satiksmes barjeras.\" \/>\n<meta name=\"robots\" content=\"index, follow, max-snippet:-1, max-image-preview:large, max-video-preview:-1\" \/>\n<link rel=\"canonical\" href=\"https:\/\/extery.com\/lv\/par-mums\/\" \/>\n<meta property=\"og:locale\" content=\"lv_LV\" \/>\n<meta property=\"og:type\" content=\"article\" \/>\n<meta property=\"og:title\" content=\"Par mums - Extery pils\u0113tas m\u0113beles - komanda aiz dizaina\" \/>\n<meta property=\"og:description\" content=\"Kop\u0101 ar dizaineriem Extery komanda veido pils\u0113tas m\u0113beles ar skandin\u0101vu stila izj\u016btu - parka soli\u0146us, atkritumu tvertnes, velosip\u0113du novietnes, satiksmes barjeras.\" \/>\n<meta property=\"og:url\" content=\"https:\/\/extery.com\/lv\/par-mums\/\" \/>\n<meta property=\"og:site_name\" content=\"Extery\" \/>\n<meta property=\"article:modified_time\" content=\"2025-12-02T13:53:24+00:00\" \/>\n<meta property=\"og:image\" content=\"https:\/\/extery.com\/wp-content\/uploads\/2021\/01\/extery-1.jpg\" \/>\n\t<meta property=\"og:image:width\" content=\"1200\" \/>\n\t<meta property=\"og:image:height\" content=\"630\" \/>\n\t<meta property=\"og:image:type\" content=\"image\/jpeg\" \/>\n<meta name=\"twitter:card\" content=\"summary_large_image\" \/>\n<meta name=\"twitter:label1\" content=\"Est. reading time\" \/>\n\t<meta name=\"twitter:data1\" content=\"2 minutes\" \/>\n<script type=\"application\/ld+json\" class=\"yoast-schema-graph\">{\"@context\":\"https:\/\/schema.org\",\"@graph\":[{\"@type\":\"WebPage\",\"@id\":\"https:\/\/extery.com\/lv\/par-mums\/\",\"url\":\"https:\/\/extery.com\/lv\/par-mums\/\",\"name\":\"Par mums - Extery pils\u0113tas m\u0113beles - komanda aiz dizaina\",\"isPartOf\":{\"@id\":\"https:\/\/extery.com\/lv\/#website\"},\"datePublished\":\"2022-10-25T13:01:05+00:00\",\"dateModified\":\"2025-12-02T13:53:24+00:00\",\"description\":\"Kop\u0101 ar dizaineriem Extery komanda veido pils\u0113tas m\u0113beles ar skandin\u0101vu stila izj\u016btu - parka soli\u0146us, atkritumu tvertnes, velosip\u0113du novietnes, satiksmes barjeras.\",\"breadcrumb\":{\"@id\":\"https:\/\/extery.com\/lv\/par-mums\/#breadcrumb\"},\"inLanguage\":\"lv-LV\",\"potentialAction\":[{\"@type\":\"ReadAction\",\"target\":[\"https:\/\/extery.com\/lv\/par-mums\/\"]}]},{\"@type\":\"BreadcrumbList\",\"@id\":\"https:\/\/extery.com\/lv\/par-mums\/#breadcrumb\",\"itemListElement\":[{\"@type\":\"ListItem\",\"position\":1,\"name\":\"Home\",\"item\":\"https:\/\/extery.com\/lv\/\"},{\"@type\":\"ListItem\",\"position\":2,\"name\":\"Par mums\"}]},{\"@type\":\"WebSite\",\"@id\":\"https:\/\/extery.com\/lv\/#website\",\"url\":\"https:\/\/extery.com\/lv\/\",\"name\":\"Extery\",\"description\":\"\",\"publisher\":{\"@id\":\"https:\/\/extery.com\/lv\/#organization\"},\"potentialAction\":[{\"@type\":\"SearchAction\",\"target\":{\"@type\":\"EntryPoint\",\"urlTemplate\":\"https:\/\/extery.com\/lv\/?s={search_term_string}\"},\"query-input\":{\"@type\":\"PropertyValueSpecification\",\"valueRequired\":true,\"valueName\":\"search_term_string\"}}],\"inLanguage\":\"lv-LV\"},{\"@type\":\"Organization\",\"@id\":\"https:\/\/extery.com\/lv\/#organization\",\"name\":\"Extery\",\"url\":\"https:\/\/extery.com\/lv\/\",\"logo\":{\"@type\":\"ImageObject\",\"inLanguage\":\"lv-LV\",\"@id\":\"https:\/\/extery.com\/lv\/#\/schema\/logo\/image\/\",\"url\":\"https:\/\/extery.com\/wp-content\/uploads\/2023\/11\/footer-logo.svg\",\"contentUrl\":\"https:\/\/extery.com\/wp-content\/uploads\/2023\/11\/footer-logo.svg\",\"caption\":\"Extery\"},\"image\":{\"@id\":\"https:\/\/extery.com\/lv\/#\/schema\/logo\/image\/\"}}]}<\/script>\n<!-- \/ Yoast SEO plugin. -->","yoast_head_json":{"title":"Par mums - Extery pils\u0113tas m\u0113beles - komanda aiz dizaina","description":"Kop\u0101 ar dizaineriem Extery komanda veido pils\u0113tas m\u0113beles ar skandin\u0101vu stila izj\u016btu - parka soli\u0146us, atkritumu tvertnes, velosip\u0113du novietnes, satiksmes barjeras.","robots":{"index":"index","follow":"follow","max-snippet":"max-snippet:-1","max-image-preview":"max-image-preview:large","max-video-preview":"max-video-preview:-1"},"canonical":"https:\/\/extery.com\/lv\/par-mums\/","og_locale":"lv_LV","og_type":"article","og_title":"Par mums - Extery pils\u0113tas m\u0113beles - komanda aiz dizaina","og_description":"Kop\u0101 ar dizaineriem Extery komanda veido pils\u0113tas m\u0113beles ar skandin\u0101vu stila izj\u016btu - parka soli\u0146us, atkritumu tvertnes, velosip\u0113du novietnes, satiksmes barjeras.","og_url":"https:\/\/extery.com\/lv\/par-mums\/","og_site_name":"Extery","article_modified_time":"2025-12-02T13:53:24+00:00","og_image":[{"width":1200,"height":630,"url":"https:\/\/extery.com\/wp-content\/uploads\/2021\/01\/extery-1.jpg","type":"image\/jpeg"}],"twitter_card":"summary_large_image","twitter_misc":{"Est. reading time":"2 minutes"},"schema":{"@context":"https:\/\/schema.org","@graph":[{"@type":"WebPage","@id":"https:\/\/extery.com\/lv\/par-mums\/","url":"https:\/\/extery.com\/lv\/par-mums\/","name":"Par mums - Extery pils\u0113tas m\u0113beles - komanda aiz dizaina","isPartOf":{"@id":"https:\/\/extery.com\/lv\/#website"},"datePublished":"2022-10-25T13:01:05+00:00","dateModified":"2025-12-02T13:53:24+00:00","description":"Kop\u0101 ar dizaineriem Extery komanda veido pils\u0113tas m\u0113beles ar skandin\u0101vu stila izj\u016btu - parka soli\u0146us, atkritumu tvertnes, velosip\u0113du novietnes, satiksmes barjeras.","breadcrumb":{"@id":"https:\/\/extery.com\/lv\/par-mums\/#breadcrumb"},"inLanguage":"lv-LV","potentialAction":[{"@type":"ReadAction","target":["https:\/\/extery.com\/lv\/par-mums\/"]}]},{"@type":"BreadcrumbList","@id":"https:\/\/extery.com\/lv\/par-mums\/#breadcrumb","itemListElement":[{"@type":"ListItem","position":1,"name":"Home","item":"https:\/\/extery.com\/lv\/"},{"@type":"ListItem","position":2,"name":"Par mums"}]},{"@type":"WebSite","@id":"https:\/\/extery.com\/lv\/#website","url":"https:\/\/extery.com\/lv\/","name":"Extery","description":"","publisher":{"@id":"https:\/\/extery.com\/lv\/#organization"},"potentialAction":[{"@type":"SearchAction","target":{"@type":"EntryPoint","urlTemplate":"https:\/\/extery.com\/lv\/?s={search_term_string}"},"query-input":{"@type":"PropertyValueSpecification","valueRequired":true,"valueName":"search_term_string"}}],"inLanguage":"lv-LV"},{"@type":"Organization","@id":"https:\/\/extery.com\/lv\/#organization","name":"Extery","url":"https:\/\/extery.com\/lv\/","logo":{"@type":"ImageObject","inLanguage":"lv-LV","@id":"https:\/\/extery.com\/lv\/#\/schema\/logo\/image\/","url":"https:\/\/extery.com\/wp-content\/uploads\/2023\/11\/footer-logo.svg","contentUrl":"https:\/\/extery.com\/wp-content\/uploads\/2023\/11\/footer-logo.svg","caption":"Extery"},"image":{"@id":"https:\/\/extery.com\/lv\/#\/schema\/logo\/image\/"}}]}},"_links":{"self":[{"href":"https:\/\/extery.com\/lv\/wp-json\/wp\/v2\/pages\/20123","targetHints":{"allow":["GET"]}}],"collection":[{"href":"https:\/\/extery.com\/lv\/wp-json\/wp\/v2\/pages"}],"about":[{"href":"https:\/\/extery.com\/lv\/wp-json\/wp\/v2\/types\/page"}],"author":[{"embeddable":true,"href":"https:\/\/extery.com\/lv\/wp-json\/wp\/v2\/users\/1"}],"replies":[{"embeddable":true,"href":"https:\/\/extery.com\/lv\/wp-json\/wp\/v2\/comments?post=20123"}],"version-history":[{"count":5,"href":"https:\/\/extery.com\/lv\/wp-json\/wp\/v2\/pages\/20123\/revisions"}],"predecessor-version":[{"id":55556,"href":"https:\/\/extery.com\/lv\/wp-json\/wp\/v2\/pages\/20123\/revisions\/55556"}],"wp:attachment":[{"href":"https:\/\/extery.com\/lv\/wp-json\/wp\/v2\/media?parent=20123"}],"curies":[{"name":"wp","href":"https:\/\/api.w.org\/{rel}","templated":true}]}}