{"id":20133,"date":"2022-10-25T13:12:48","date_gmt":"2022-10-25T13:12:48","guid":{"rendered":"https:\/\/extery.com\/kategorijas\/"},"modified":"2025-12-03T09:55:28","modified_gmt":"2025-12-03T09:55:28","slug":"kategorijas","status":"publish","type":"page","link":"https:\/\/extery.com\/lv\/kategorijas\/","title":{"rendered":"Kategorijas"},"content":{"rendered":"<h1 data-start=\"266\" data-end=\"330\"><strong data-start=\"268\" data-end=\"330\">Ielu m\u0113bele, kas padara pils\u0113tvidi funkcion\u0101lu un aicino\u0161u<\/strong><\/h1>\n<p data-start=\"332\" data-end=\"644\"><strong data-start=\"332\" data-end=\"364\">Ielu m\u0113bele EXTERY kolekcij\u0101<\/strong> ir rad\u012bta, lai atbalst\u012btu m\u016bsdienu pils\u0113tu un publisk\u0101s \u0101rtelpas att\u012bst\u012bbu. M\u016bsu pied\u0101v\u0101t\u0101 pils\u0113tas m\u0113beles apvieno est\u0113tiku, iztur\u012bbu un lieto\u0161anas \u0113rtumu, nodro\u0161inot pilnv\u0113rt\u012bgus risin\u0101jumus parkiem, g\u0101j\u0113ju zon\u0101m, laukumiem, skolu pagalmiem un vis\u0101m cit\u0101m publiskaj\u0101m \u0101rteritorij\u0101m.<\/p>\n<p data-start=\"646\" data-end=\"862\">M\u016bsu sortiment\u0101 atrad\u012bsiet <strong data-start=\"673\" data-end=\"777\">parka soli\u0146us, atkritumu urnas, velosip\u0113du novietnes, stabi\u0146us, augu konteinerus, piknika komplektus<\/strong> un citus pils\u0113tvides veido\u0161anas elementus \u2014 visu, ko kvalitat\u012bva pils\u0113tas m\u0113beles ietver.<\/p>\n<p data-start=\"864\" data-end=\"927\">Iedvesmai apskatiet m\u016bsu pils\u0113tvides risin\u0101jumus <a href=\"https:\/\/extery.com\/lv\/atsauces\/\">projektu lap\u0101<\/a>.<\/p>\n<h2 data-start=\"934\" data-end=\"966\"><strong data-start=\"936\" data-end=\"966\">Ielu m\u0113bele m\u016bsu kolekcij\u0101<\/strong><\/h2>\n<h3 data-start=\"968\" data-end=\"1032\"><strong data-start=\"971\" data-end=\"1032\">Parka soli\u0146i \u2013 \u0113rta pils\u0113tas m\u0113beles ar skaidru dizaina valodu<\/strong><\/h3>\n<p data-start=\"1033\" data-end=\"1257\">Ergonomiski parka soli\u0146i un s\u0113dm\u0113beles piem\u0113roti da\u017e\u0101d\u0101m situ\u0101cij\u0101m: atp\u016btas zon\u0101m, gaid\u012b\u0161anas viet\u0101m, parku tak\u0101m un pils\u0113tas laukumiem. EXTERY soli\u0146u dizains ir laikmet\u012bgs, telp\u0101 iek\u013caujo\u0161s un iztur\u012bgs intens\u012bv\u0101 lieto\u0161an\u0101.<\/p>\n<h3 data-start=\"1264\" data-end=\"1324\"><strong data-start=\"1267\" data-end=\"1324\">Atkritumu urnas un \u0161\u0137iro\u0161anas risin\u0101jumi<\/strong><\/h3>\n<p data-start=\"1325\" data-end=\"1534\">M\u016bsu met\u0101la atkritumu urnas ir iztur\u012bgas, viegli kopjamas un piem\u0113rotas jebkurai pils\u0113tvides situ\u0101cijai. \u0160\u0137iro\u0161anas risin\u0101jumi, piem\u0113ram, EXTERY Trio urna, veicina t\u012br\u012bbu un aprites ekonomiku publiskaj\u0101 telp\u0101.<\/p>\n<h3 data-start=\"1541\" data-end=\"1606\"><strong data-start=\"1544\" data-end=\"1606\">Ielu m\u0113bele: velosip\u0113du novietnes un velonoviet\u0146u sist\u0113mas<\/strong><\/h3>\n<p data-start=\"1607\" data-end=\"1791\">Dro\u0161i, vietu taupo\u0161i velosip\u0113du stat\u012bvi atbalsta pieaugo\u0161o velosatiksmi. EXTERY velonovietnes organiski papildina gan m\u016bsdien\u012bgas pils\u0113tvides telpas, gan v\u0113sturiskos pils\u0113tu kvart\u0101lus.<\/p>\n<h3 data-start=\"1798\" data-end=\"1865\"><strong data-start=\"1801\" data-end=\"1865\">Stabi\u0146i un satiksmes pl\u016bsmas vad\u012bbas elementi k\u0101 ielu m\u0113bele<\/strong><\/h3>\n<p data-start=\"1866\" data-end=\"2087\">Iztur\u012bgi un skaidru formu stabi\u0146i ir b\u016btiska pils\u0113tas m\u0113beles sast\u0101vda\u013ca \u2014 tie pal\u012bdz organiz\u0113t satiksmes pl\u016bsmas un uzlabo g\u0101j\u0113ju dro\u0161\u012bbu. EXTERY stabi\u0146i harmoniski iek\u013caujas da\u017e\u0101d\u0101s pils\u0113tvid\u0113s, nep\u0101rslogojot vizu\u0101lo telpu.<\/p>\n<h3 data-start=\"2094\" data-end=\"2167\"><strong data-start=\"2097\" data-end=\"2167\">Augu konteineri un apza\u013cumo\u0161anas risin\u0101jumi ielu m\u0113be\u013cu kategorij\u0101<\/strong><\/h3>\n<p data-start=\"2168\" data-end=\"2363\">Stingri, skaistas formas augu konteineri pie\u0161\u0137ir pils\u0113tai za\u013cumu un vizu\u0101lu maigumu. Tie piem\u0113roti biroju \u0113ku apk\u0101rtnei, promen\u0101d\u0113m un g\u0101j\u0113ju zon\u0101m \u2014 ar\u012b viet\u0101s, kur st\u0101d\u012b\u0161ana zem\u0113 nav iesp\u0113jama.<\/p>\n<h3 data-start=\"2370\" data-end=\"2435\"><strong data-start=\"2373\" data-end=\"2435\">Piknika risin\u0101jumi un \u0101rtelpu grupu m\u0113beles k\u0101 ielu m\u0113bele<\/strong><\/h3>\n<p data-start=\"2436\" data-end=\"2629\">Ilgm\u016b\u017e\u012bgi piknika galdi un grupu m\u0113be\u013cu komplekti rada pils\u0113t\u0101 vietas kop\u012bgai atp\u016btai, \u0113\u0161anai un sadarb\u012bbai. T\u0101 ir pils\u0113tas m\u0113beles, kas stiprina kopienas saj\u016btu un pils\u0113tas socializ\u0113\u0161an\u0101s iesp\u0113jas.<\/p>\n<h2 data-start=\"2636\" data-end=\"2687\"><strong data-start=\"2638\" data-end=\"2687\">Ielu m\u0113bele no EXTERY \u2014 k\u0101p\u0113c izv\u0113l\u0113ties m\u016bs?<\/strong><\/h2>\n<ul data-start=\"2689\" data-end=\"2923\">\n<li data-start=\"2689\" data-end=\"2717\">\n<p data-start=\"2691\" data-end=\"2717\">Iztur\u012bga Zieme\u013cu klimat\u0101<\/p>\n<\/li>\n<li data-start=\"2718\" data-end=\"2761\">\n<p data-start=\"2720\" data-end=\"2761\">Laikmet\u012bgs, pils\u0113tvid\u0113 ieder\u012bgs dizains<\/p>\n<\/li>\n<li data-start=\"2762\" data-end=\"2811\">\n<p data-start=\"2764\" data-end=\"2811\">Prec\u012bza tehnisk\u0101 dokument\u0101cija projekt\u0113t\u0101jiem<\/p>\n<\/li>\n<li data-start=\"2812\" data-end=\"2867\">\n<p data-start=\"2814\" data-end=\"2867\">Modul\u0101ra uzb\u016bve projektos nepiecie\u0161amajai elast\u012bbai<\/p>\n<\/li>\n<li data-start=\"2868\" data-end=\"2923\">\n<p data-start=\"2870\" data-end=\"2923\">FSC sertific\u0113ta koksne un augstas kvalit\u0101tes met\u0101li<\/p>\n<\/li>\n<\/ul>\n<p data-start=\"2925\" data-end=\"3198\">EXTERY pils\u0113tas m\u0113beles ir rad\u012bta, lai pils\u0113tvid\u0113 ienestu komfortu, iedvesmu un pieder\u012bbas saj\u016btu. M\u0113s veidojam \u0101rtelpu m\u0113beles t\u0101, lai r\u012btdiena b\u016btu v\u0113l \u0113rt\u0101ka un viesm\u012bl\u012bg\u0101ka nek\u0101 \u0161odiena. M\u016bsu m\u0113r\u0137is ir rad\u012bt saj\u016btu, ka publisk\u0101 telpa ir m\u016bsu dz\u012bvojam\u0101s istabas pagarin\u0101jums.<\/p>\n<p data-start=\"2925\" data-end=\"3198\"><img loading=\"lazy\" decoding=\"async\" class=\"alignnone wp-image-55084 size-medium\" src=\"https:\/\/extery.com\/wp-content\/uploads\/2025\/10\/jada-set-1-300x300.jpg\" alt=\"Ielu m\u0113bele - parka soli, atkritumu urknas, velosip\u0113du novietnes, satiksmes barjeras, augu kastes - Extery pils\u0113tas m\u0113beles.\" width=\"300\" height=\"300\" srcset=\"https:\/\/extery.com\/wp-content\/uploads\/2025\/10\/jada-set-1-300x300.jpg 300w, https:\/\/extery.com\/wp-content\/uploads\/2025\/10\/jada-set-1-1024x1024.jpg 1024w, https:\/\/extery.com\/wp-content\/uploads\/2025\/10\/jada-set-1-150x150.jpg 150w, https:\/\/extery.com\/wp-content\/uploads\/2025\/10\/jada-set-1-768x769.jpg 768w, https:\/\/extery.com\/wp-content\/uploads\/2025\/10\/jada-set-1-600x601.jpg 600w, https:\/\/extery.com\/wp-content\/uploads\/2025\/10\/jada-set-1-100x100.jpg 100w, https:\/\/extery.com\/wp-content\/uploads\/2025\/10\/jada-set-1.jpg 1094w\" sizes=\"auto, (max-width: 300px) 100vw, 300px\" \/><\/p>\n","protected":false},"excerpt":{"rendered":"<p>Ielu m\u0113bele, kas padara pils\u0113tvidi funkcion\u0101lu un aicino\u0161u Ielu m\u0113bele EXTERY kolekcij\u0101 ir rad\u012bta, lai atbalst\u012btu m\u016bsdienu pils\u0113tu un publisk\u0101s \u0101rtelpas att\u012bst\u012bbu. M\u016bsu pied\u0101v\u0101t\u0101 pils\u0113tas m\u0113beles apvieno est\u0113tiku, iztur\u012bbu un lieto\u0161anas \u0113rtumu, nodro\u0161inot pilnv\u0113rt\u012bgus risin\u0101jumus parkiem, g\u0101j\u0113ju zon\u0101m, laukumiem, skolu pagalmiem un vis\u0101m cit\u0101m publiskaj\u0101m \u0101rteritorij\u0101m. M\u016bsu sortiment\u0101 atrad\u012bsiet parka soli\u0146us, atkritumu urnas, velosip\u0113du novietnes, [&hellip;]<\/p>\n","protected":false},"author":1,"featured_media":0,"parent":0,"menu_order":0,"comment_status":"closed","ping_status":"closed","template":"tpl__categories.php","meta":{"_acf_changed":false,"footnotes":""},"class_list":["post-20133","page","type-page","status-publish","hentry"],"acf":[],"yoast_head":"<!-- This site is optimized with the Yoast SEO plugin v26.4 - https:\/\/yoast.com\/wordpress\/plugins\/seo\/ -->\n<title>Kategorijas - Ielu m\u0113bele - Extery<\/title>\n<meta name=\"description\" content=\"Ielu m\u0113bele - parka soli, atkritumu urknas, velosip\u0113du novietnes, satiksmes barjeras, augu kastes - Extery pils\u0113tas m\u0113beles.\" \/>\n<meta name=\"robots\" content=\"index, follow, max-snippet:-1, max-image-preview:large, max-video-preview:-1\" \/>\n<link rel=\"canonical\" href=\"https:\/\/extery.com\/lv\/kategorijas\/\" \/>\n<meta property=\"og:locale\" content=\"lv_LV\" \/>\n<meta property=\"og:type\" content=\"article\" \/>\n<meta property=\"og:title\" content=\"Kategorijas - Ielu m\u0113bele - Extery\" \/>\n<meta property=\"og:description\" content=\"Ielu m\u0113bele - parka soli, atkritumu urknas, velosip\u0113du novietnes, satiksmes barjeras, augu kastes - Extery pils\u0113tas m\u0113beles.\" \/>\n<meta property=\"og:url\" content=\"https:\/\/extery.com\/lv\/kategorijas\/\" \/>\n<meta property=\"og:site_name\" content=\"Extery\" \/>\n<meta property=\"article:modified_time\" content=\"2025-12-03T09:55:28+00:00\" \/>\n<meta property=\"og:image\" content=\"https:\/\/extery.com\/wp-content\/uploads\/2025\/10\/jada-set-1.jpg\" \/>\n\t<meta property=\"og:image:width\" content=\"1094\" \/>\n\t<meta property=\"og:image:height\" content=\"1095\" \/>\n\t<meta property=\"og:image:type\" content=\"image\/jpeg\" \/>\n<meta name=\"twitter:card\" content=\"summary_large_image\" \/>\n<meta name=\"twitter:label1\" content=\"Est. reading time\" \/>\n\t<meta name=\"twitter:data1\" content=\"3 minutes\" \/>\n<script type=\"application\/ld+json\" class=\"yoast-schema-graph\">{\"@context\":\"https:\/\/schema.org\",\"@graph\":[{\"@type\":\"WebPage\",\"@id\":\"https:\/\/extery.com\/lv\/kategorijas\/\",\"url\":\"https:\/\/extery.com\/lv\/kategorijas\/\",\"name\":\"Kategorijas - Ielu m\u0113bele - Extery\",\"isPartOf\":{\"@id\":\"https:\/\/extery.com\/lv\/#website\"},\"primaryImageOfPage\":{\"@id\":\"https:\/\/extery.com\/lv\/kategorijas\/#primaryimage\"},\"image\":{\"@id\":\"https:\/\/extery.com\/lv\/kategorijas\/#primaryimage\"},\"thumbnailUrl\":\"https:\/\/extery.com\/wp-content\/uploads\/2025\/10\/jada-set-1-300x300.jpg\",\"datePublished\":\"2022-10-25T13:12:48+00:00\",\"dateModified\":\"2025-12-03T09:55:28+00:00\",\"description\":\"Ielu m\u0113bele - parka soli, atkritumu urknas, velosip\u0113du novietnes, satiksmes barjeras, augu kastes - Extery pils\u0113tas m\u0113beles.\",\"breadcrumb\":{\"@id\":\"https:\/\/extery.com\/lv\/kategorijas\/#breadcrumb\"},\"inLanguage\":\"lv-LV\",\"potentialAction\":[{\"@type\":\"ReadAction\",\"target\":[\"https:\/\/extery.com\/lv\/kategorijas\/\"]}]},{\"@type\":\"ImageObject\",\"inLanguage\":\"lv-LV\",\"@id\":\"https:\/\/extery.com\/lv\/kategorijas\/#primaryimage\",\"url\":\"https:\/\/extery.com\/wp-content\/uploads\/2025\/10\/jada-set-1-300x300.jpg\",\"contentUrl\":\"https:\/\/extery.com\/wp-content\/uploads\/2025\/10\/jada-set-1-300x300.jpg\"},{\"@type\":\"BreadcrumbList\",\"@id\":\"https:\/\/extery.com\/lv\/kategorijas\/#breadcrumb\",\"itemListElement\":[{\"@type\":\"ListItem\",\"position\":1,\"name\":\"Home\",\"item\":\"https:\/\/extery.com\/lv\/\"},{\"@type\":\"ListItem\",\"position\":2,\"name\":\"Kategorijas\"}]},{\"@type\":\"WebSite\",\"@id\":\"https:\/\/extery.com\/lv\/#website\",\"url\":\"https:\/\/extery.com\/lv\/\",\"name\":\"Extery\",\"description\":\"\",\"publisher\":{\"@id\":\"https:\/\/extery.com\/lv\/#organization\"},\"potentialAction\":[{\"@type\":\"SearchAction\",\"target\":{\"@type\":\"EntryPoint\",\"urlTemplate\":\"https:\/\/extery.com\/lv\/?s={search_term_string}\"},\"query-input\":{\"@type\":\"PropertyValueSpecification\",\"valueRequired\":true,\"valueName\":\"search_term_string\"}}],\"inLanguage\":\"lv-LV\"},{\"@type\":\"Organization\",\"@id\":\"https:\/\/extery.com\/lv\/#organization\",\"name\":\"Extery\",\"url\":\"https:\/\/extery.com\/lv\/\",\"logo\":{\"@type\":\"ImageObject\",\"inLanguage\":\"lv-LV\",\"@id\":\"https:\/\/extery.com\/lv\/#\/schema\/logo\/image\/\",\"url\":\"https:\/\/extery.com\/wp-content\/uploads\/2023\/11\/footer-logo.svg\",\"contentUrl\":\"https:\/\/extery.com\/wp-content\/uploads\/2023\/11\/footer-logo.svg\",\"caption\":\"Extery\"},\"image\":{\"@id\":\"https:\/\/extery.com\/lv\/#\/schema\/logo\/image\/\"}}]}<\/script>\n<!-- \/ Yoast SEO plugin. -->","yoast_head_json":{"title":"Kategorijas - Ielu m\u0113bele - Extery","description":"Ielu m\u0113bele - parka soli, atkritumu urknas, velosip\u0113du novietnes, satiksmes barjeras, augu kastes - Extery pils\u0113tas m\u0113beles.","robots":{"index":"index","follow":"follow","max-snippet":"max-snippet:-1","max-image-preview":"max-image-preview:large","max-video-preview":"max-video-preview:-1"},"canonical":"https:\/\/extery.com\/lv\/kategorijas\/","og_locale":"lv_LV","og_type":"article","og_title":"Kategorijas - Ielu m\u0113bele - Extery","og_description":"Ielu m\u0113bele - parka soli, atkritumu urknas, velosip\u0113du novietnes, satiksmes barjeras, augu kastes - Extery pils\u0113tas m\u0113beles.","og_url":"https:\/\/extery.com\/lv\/kategorijas\/","og_site_name":"Extery","article_modified_time":"2025-12-03T09:55:28+00:00","og_image":[{"width":1094,"height":1095,"url":"https:\/\/extery.com\/wp-content\/uploads\/2025\/10\/jada-set-1.jpg","type":"image\/jpeg"}],"twitter_card":"summary_large_image","twitter_misc":{"Est. reading time":"3 minutes"},"schema":{"@context":"https:\/\/schema.org","@graph":[{"@type":"WebPage","@id":"https:\/\/extery.com\/lv\/kategorijas\/","url":"https:\/\/extery.com\/lv\/kategorijas\/","name":"Kategorijas - Ielu m\u0113bele - Extery","isPartOf":{"@id":"https:\/\/extery.com\/lv\/#website"},"primaryImageOfPage":{"@id":"https:\/\/extery.com\/lv\/kategorijas\/#primaryimage"},"image":{"@id":"https:\/\/extery.com\/lv\/kategorijas\/#primaryimage"},"thumbnailUrl":"https:\/\/extery.com\/wp-content\/uploads\/2025\/10\/jada-set-1-300x300.jpg","datePublished":"2022-10-25T13:12:48+00:00","dateModified":"2025-12-03T09:55:28+00:00","description":"Ielu m\u0113bele - parka soli, atkritumu urknas, velosip\u0113du novietnes, satiksmes barjeras, augu kastes - Extery pils\u0113tas m\u0113beles.","breadcrumb":{"@id":"https:\/\/extery.com\/lv\/kategorijas\/#breadcrumb"},"inLanguage":"lv-LV","potentialAction":[{"@type":"ReadAction","target":["https:\/\/extery.com\/lv\/kategorijas\/"]}]},{"@type":"ImageObject","inLanguage":"lv-LV","@id":"https:\/\/extery.com\/lv\/kategorijas\/#primaryimage","url":"https:\/\/extery.com\/wp-content\/uploads\/2025\/10\/jada-set-1-300x300.jpg","contentUrl":"https:\/\/extery.com\/wp-content\/uploads\/2025\/10\/jada-set-1-300x300.jpg"},{"@type":"BreadcrumbList","@id":"https:\/\/extery.com\/lv\/kategorijas\/#breadcrumb","itemListElement":[{"@type":"ListItem","position":1,"name":"Home","item":"https:\/\/extery.com\/lv\/"},{"@type":"ListItem","position":2,"name":"Kategorijas"}]},{"@type":"WebSite","@id":"https:\/\/extery.com\/lv\/#website","url":"https:\/\/extery.com\/lv\/","name":"Extery","description":"","publisher":{"@id":"https:\/\/extery.com\/lv\/#organization"},"potentialAction":[{"@type":"SearchAction","target":{"@type":"EntryPoint","urlTemplate":"https:\/\/extery.com\/lv\/?s={search_term_string}"},"query-input":{"@type":"PropertyValueSpecification","valueRequired":true,"valueName":"search_term_string"}}],"inLanguage":"lv-LV"},{"@type":"Organization","@id":"https:\/\/extery.com\/lv\/#organization","name":"Extery","url":"https:\/\/extery.com\/lv\/","logo":{"@type":"ImageObject","inLanguage":"lv-LV","@id":"https:\/\/extery.com\/lv\/#\/schema\/logo\/image\/","url":"https:\/\/extery.com\/wp-content\/uploads\/2023\/11\/footer-logo.svg","contentUrl":"https:\/\/extery.com\/wp-content\/uploads\/2023\/11\/footer-logo.svg","caption":"Extery"},"image":{"@id":"https:\/\/extery.com\/lv\/#\/schema\/logo\/image\/"}}]}},"_links":{"self":[{"href":"https:\/\/extery.com\/lv\/wp-json\/wp\/v2\/pages\/20133","targetHints":{"allow":["GET"]}}],"collection":[{"href":"https:\/\/extery.com\/lv\/wp-json\/wp\/v2\/pages"}],"about":[{"href":"https:\/\/extery.com\/lv\/wp-json\/wp\/v2\/types\/page"}],"author":[{"embeddable":true,"href":"https:\/\/extery.com\/lv\/wp-json\/wp\/v2\/users\/1"}],"replies":[{"embeddable":true,"href":"https:\/\/extery.com\/lv\/wp-json\/wp\/v2\/comments?post=20133"}],"version-history":[{"count":2,"href":"https:\/\/extery.com\/lv\/wp-json\/wp\/v2\/pages\/20133\/revisions"}],"predecessor-version":[{"id":55583,"href":"https:\/\/extery.com\/lv\/wp-json\/wp\/v2\/pages\/20133\/revisions\/55583"}],"wp:attachment":[{"href":"https:\/\/extery.com\/lv\/wp-json\/wp\/v2\/media?parent=20133"}],"curies":[{"name":"wp","href":"https:\/\/api.w.org\/{rel}","templated":true}]}}