{"id":20138,"date":"2022-10-25T13:21:25","date_gmt":"2022-10-25T13:21:25","guid":{"rendered":"https:\/\/extery.com\/atsauces\/"},"modified":"2025-02-19T07:54:45","modified_gmt":"2025-02-19T07:54:45","slug":"atsauces","status":"publish","type":"page","link":"https:\/\/extery.com\/lv\/atsauces\/","title":{"rendered":"References"},"content":{"rendered":"","protected":false},"excerpt":{"rendered":"","protected":false},"author":1,"featured_media":0,"parent":0,"menu_order":0,"comment_status":"closed","ping_status":"closed","template":"tpl__projects.php","meta":{"_acf_changed":false,"footnotes":""},"class_list":["post-20138","page","type-page","status-publish","hentry"],"acf":[],"yoast_head":"<!-- This site is optimized with the Yoast SEO plugin v26.4 - https:\/\/yoast.com\/wordpress\/plugins\/seo\/ -->\n<title>References - Extery parka soli\u0146i, atkritumu urna, velosip\u0113du novietnes, augu kastes<\/title>\n<meta name=\"description\" content=\"Pils\u0113tas m\u0113be\u013cu izmanto\u0161ana pils\u0113ttelp\u0101s un parkos. Eksteri\u0101lu sav\u0101k\u0161anas parka soli\u0146i, atkritumu urnas, velosip\u0113du novietnes, satiksmes barjeras un augu konteineri.\" \/>\n<meta name=\"robots\" content=\"index, follow, max-snippet:-1, max-image-preview:large, max-video-preview:-1\" \/>\n<link rel=\"canonical\" href=\"https:\/\/extery.com\/lv\/atsauces\/\" \/>\n<meta property=\"og:locale\" content=\"lv_LV\" \/>\n<meta property=\"og:type\" content=\"article\" \/>\n<meta property=\"og:title\" content=\"References - Extery parka soli\u0146i, atkritumu urna, velosip\u0113du novietnes, augu kastes\" \/>\n<meta property=\"og:description\" content=\"Pils\u0113tas m\u0113be\u013cu izmanto\u0161ana pils\u0113ttelp\u0101s un parkos. Eksteri\u0101lu sav\u0101k\u0161anas parka soli\u0146i, atkritumu urnas, velosip\u0113du novietnes, satiksmes barjeras un augu konteineri.\" \/>\n<meta property=\"og:url\" content=\"https:\/\/extery.com\/lv\/atsauces\/\" \/>\n<meta property=\"og:site_name\" content=\"Extery\" \/>\n<meta property=\"article:modified_time\" content=\"2025-02-19T07:54:45+00:00\" \/>\n<meta property=\"og:image\" content=\"https:\/\/extery.com\/wp-content\/uploads\/2021\/01\/extery-1.jpg\" \/>\n\t<meta property=\"og:image:width\" content=\"1200\" \/>\n\t<meta property=\"og:image:height\" content=\"630\" \/>\n\t<meta property=\"og:image:type\" content=\"image\/jpeg\" \/>\n<meta name=\"twitter:card\" content=\"summary_large_image\" \/>\n<script type=\"application\/ld+json\" class=\"yoast-schema-graph\">{\"@context\":\"https:\/\/schema.org\",\"@graph\":[{\"@type\":\"WebPage\",\"@id\":\"https:\/\/extery.com\/lv\/atsauces\/\",\"url\":\"https:\/\/extery.com\/lv\/atsauces\/\",\"name\":\"References - Extery parka soli\u0146i, atkritumu urna, velosip\u0113du novietnes, augu kastes\",\"isPartOf\":{\"@id\":\"https:\/\/extery.com\/lv\/#website\"},\"datePublished\":\"2022-10-25T13:21:25+00:00\",\"dateModified\":\"2025-02-19T07:54:45+00:00\",\"description\":\"Pils\u0113tas m\u0113be\u013cu izmanto\u0161ana pils\u0113ttelp\u0101s un parkos. Eksteri\u0101lu sav\u0101k\u0161anas parka soli\u0146i, atkritumu urnas, velosip\u0113du novietnes, satiksmes barjeras un augu konteineri.\",\"breadcrumb\":{\"@id\":\"https:\/\/extery.com\/lv\/atsauces\/#breadcrumb\"},\"inLanguage\":\"lv-LV\",\"potentialAction\":[{\"@type\":\"ReadAction\",\"target\":[\"https:\/\/extery.com\/lv\/atsauces\/\"]}]},{\"@type\":\"BreadcrumbList\",\"@id\":\"https:\/\/extery.com\/lv\/atsauces\/#breadcrumb\",\"itemListElement\":[{\"@type\":\"ListItem\",\"position\":1,\"name\":\"Home\",\"item\":\"https:\/\/extery.com\/lv\/\"},{\"@type\":\"ListItem\",\"position\":2,\"name\":\"References\"}]},{\"@type\":\"WebSite\",\"@id\":\"https:\/\/extery.com\/lv\/#website\",\"url\":\"https:\/\/extery.com\/lv\/\",\"name\":\"Extery\",\"description\":\"\",\"publisher\":{\"@id\":\"https:\/\/extery.com\/lv\/#organization\"},\"potentialAction\":[{\"@type\":\"SearchAction\",\"target\":{\"@type\":\"EntryPoint\",\"urlTemplate\":\"https:\/\/extery.com\/lv\/?s={search_term_string}\"},\"query-input\":{\"@type\":\"PropertyValueSpecification\",\"valueRequired\":true,\"valueName\":\"search_term_string\"}}],\"inLanguage\":\"lv-LV\"},{\"@type\":\"Organization\",\"@id\":\"https:\/\/extery.com\/lv\/#organization\",\"name\":\"Extery\",\"url\":\"https:\/\/extery.com\/lv\/\",\"logo\":{\"@type\":\"ImageObject\",\"inLanguage\":\"lv-LV\",\"@id\":\"https:\/\/extery.com\/lv\/#\/schema\/logo\/image\/\",\"url\":\"https:\/\/extery.com\/wp-content\/uploads\/2023\/11\/footer-logo.svg\",\"contentUrl\":\"https:\/\/extery.com\/wp-content\/uploads\/2023\/11\/footer-logo.svg\",\"caption\":\"Extery\"},\"image\":{\"@id\":\"https:\/\/extery.com\/lv\/#\/schema\/logo\/image\/\"}}]}<\/script>\n<!-- \/ Yoast SEO plugin. -->","yoast_head_json":{"title":"References - Extery parka soli\u0146i, atkritumu urna, velosip\u0113du novietnes, augu kastes","description":"Pils\u0113tas m\u0113be\u013cu izmanto\u0161ana pils\u0113ttelp\u0101s un parkos. Eksteri\u0101lu sav\u0101k\u0161anas parka soli\u0146i, atkritumu urnas, velosip\u0113du novietnes, satiksmes barjeras un augu konteineri.","robots":{"index":"index","follow":"follow","max-snippet":"max-snippet:-1","max-image-preview":"max-image-preview:large","max-video-preview":"max-video-preview:-1"},"canonical":"https:\/\/extery.com\/lv\/atsauces\/","og_locale":"lv_LV","og_type":"article","og_title":"References - Extery parka soli\u0146i, atkritumu urna, velosip\u0113du novietnes, augu kastes","og_description":"Pils\u0113tas m\u0113be\u013cu izmanto\u0161ana pils\u0113ttelp\u0101s un parkos. Eksteri\u0101lu sav\u0101k\u0161anas parka soli\u0146i, atkritumu urnas, velosip\u0113du novietnes, satiksmes barjeras un augu konteineri.","og_url":"https:\/\/extery.com\/lv\/atsauces\/","og_site_name":"Extery","article_modified_time":"2025-02-19T07:54:45+00:00","og_image":[{"width":1200,"height":630,"url":"https:\/\/extery.com\/wp-content\/uploads\/2021\/01\/extery-1.jpg","type":"image\/jpeg"}],"twitter_card":"summary_large_image","schema":{"@context":"https:\/\/schema.org","@graph":[{"@type":"WebPage","@id":"https:\/\/extery.com\/lv\/atsauces\/","url":"https:\/\/extery.com\/lv\/atsauces\/","name":"References - Extery parka soli\u0146i, atkritumu urna, velosip\u0113du novietnes, augu kastes","isPartOf":{"@id":"https:\/\/extery.com\/lv\/#website"},"datePublished":"2022-10-25T13:21:25+00:00","dateModified":"2025-02-19T07:54:45+00:00","description":"Pils\u0113tas m\u0113be\u013cu izmanto\u0161ana pils\u0113ttelp\u0101s un parkos. Eksteri\u0101lu sav\u0101k\u0161anas parka soli\u0146i, atkritumu urnas, velosip\u0113du novietnes, satiksmes barjeras un augu konteineri.","breadcrumb":{"@id":"https:\/\/extery.com\/lv\/atsauces\/#breadcrumb"},"inLanguage":"lv-LV","potentialAction":[{"@type":"ReadAction","target":["https:\/\/extery.com\/lv\/atsauces\/"]}]},{"@type":"BreadcrumbList","@id":"https:\/\/extery.com\/lv\/atsauces\/#breadcrumb","itemListElement":[{"@type":"ListItem","position":1,"name":"Home","item":"https:\/\/extery.com\/lv\/"},{"@type":"ListItem","position":2,"name":"References"}]},{"@type":"WebSite","@id":"https:\/\/extery.com\/lv\/#website","url":"https:\/\/extery.com\/lv\/","name":"Extery","description":"","publisher":{"@id":"https:\/\/extery.com\/lv\/#organization"},"potentialAction":[{"@type":"SearchAction","target":{"@type":"EntryPoint","urlTemplate":"https:\/\/extery.com\/lv\/?s={search_term_string}"},"query-input":{"@type":"PropertyValueSpecification","valueRequired":true,"valueName":"search_term_string"}}],"inLanguage":"lv-LV"},{"@type":"Organization","@id":"https:\/\/extery.com\/lv\/#organization","name":"Extery","url":"https:\/\/extery.com\/lv\/","logo":{"@type":"ImageObject","inLanguage":"lv-LV","@id":"https:\/\/extery.com\/lv\/#\/schema\/logo\/image\/","url":"https:\/\/extery.com\/wp-content\/uploads\/2023\/11\/footer-logo.svg","contentUrl":"https:\/\/extery.com\/wp-content\/uploads\/2023\/11\/footer-logo.svg","caption":"Extery"},"image":{"@id":"https:\/\/extery.com\/lv\/#\/schema\/logo\/image\/"}}]}},"_links":{"self":[{"href":"https:\/\/extery.com\/lv\/wp-json\/wp\/v2\/pages\/20138","targetHints":{"allow":["GET"]}}],"collection":[{"href":"https:\/\/extery.com\/lv\/wp-json\/wp\/v2\/pages"}],"about":[{"href":"https:\/\/extery.com\/lv\/wp-json\/wp\/v2\/types\/page"}],"author":[{"embeddable":true,"href":"https:\/\/extery.com\/lv\/wp-json\/wp\/v2\/users\/1"}],"replies":[{"embeddable":true,"href":"https:\/\/extery.com\/lv\/wp-json\/wp\/v2\/comments?post=20138"}],"version-history":[{"count":1,"href":"https:\/\/extery.com\/lv\/wp-json\/wp\/v2\/pages\/20138\/revisions"}],"predecessor-version":[{"id":53555,"href":"https:\/\/extery.com\/lv\/wp-json\/wp\/v2\/pages\/20138\/revisions\/53555"}],"wp:attachment":[{"href":"https:\/\/extery.com\/lv\/wp-json\/wp\/v2\/media?parent=20138"}],"curies":[{"name":"wp","href":"https:\/\/api.w.org\/{rel}","templated":true}]}}