{"id":20141,"date":"2022-10-25T13:25:12","date_gmt":"2022-10-25T13:25:12","guid":{"rendered":"https:\/\/extery.com\/produktu-saimes\/"},"modified":"2022-12-20T12:50:29","modified_gmt":"2022-12-20T12:50:29","slug":"produktu-grupas","status":"publish","type":"page","link":"https:\/\/extery.com\/lv\/produktu-grupas\/","title":{"rendered":"Produktu grupas"},"content":{"rendered":"<p>Produktu grupas: pils\u0113tas m\u0113beles &#8211; Parka soli\u0146i, atkritumu urnas, velosip\u0113du novietnes, satiksmes barjeras, augu kastes.<\/p>\n<p>parka soli\u0146i ar atzveltn\u0113m &#8211; izv\u0113lies piem\u0113rotu parka soli\u0146u no Extery urban m\u0113be\u013cu kolekcijas! Mums ir pla\u0161a da\u017e\u0101du parka soli\u0146u izv\u0113le gan ar, gan bez atzveltn\u0113m. Ir pieejami da\u017e\u0101di materi\u0101li un apdares materi\u0101li, no kuriem izv\u0113l\u0113ties. M\u0113s pal\u012bdzam atrast j\u016bsu pils\u0113ttelpas projektam piem\u0113rot\u0101ko produktu kombin\u0101ciju, neatkar\u012bgi no t\u0101, vai tie ir parka soli\u0146i bez atzveltn\u0113m vai ar atzveltn\u0113m, galdi vai pilni piknika komplekti, atkritumu tvertnes, velosip\u0113du novietnes, satiksmes barjeras vai augu kastes.<\/p>\n<p>K\u0101 atpaz\u012bt kvalitat\u012bvas \u0101ra m\u0113beles?<\/p>\n<p>Pils\u0113tas parku veido\u0161an\u0101 vissvar\u012bg\u0101k\u0101 ir kvalit\u0101te. Fakts ir t\u0101ds, ka publiskaj\u0101s telp\u0101s eso\u0161\u0101s m\u0113beles vienm\u0113r tiek intens\u012bvi izmantotas, un izv\u0113l\u0113tajiem parka soli\u0146iem, atkritumu urn\u0101m, velosip\u0113du novietn\u0113m un citiem pils\u0113ttelpu veidojo\u0161iem elementiem ir j\u0101iztur ar\u012b ekstr\u0113m\u0101ki laikapst\u0101k\u013ci. Izv\u0113loties pils\u0113tas m\u0113beles, ir svar\u012bgi, lai produkti kalpotu daudzus gadus. Ja precei ir kvalit\u0101tes defekti, t\u0101 var izr\u0101d\u012bties nelietojama jau p\u0113c pirmajiem uzst\u0101d\u012b\u0161anas gadiem, un prece ir j\u0101nomaina v\u0113lreiz. Kvalitat\u012bvs produkts ir d\u0101rg\u0101ks, ta\u010du l\u0113t\u0101ks un videi draudz\u012bg\u0101ks k\u0101 v\u0101ja produkta nomai\u0146a ik p\u0113c p\u0101ris gadiem.<\/p>\n<p>Kvalit\u0101ti rada labs dizains, iztur\u012bgi materi\u0101li un pareiza materi\u0101lu apstr\u0101de. Ir svar\u012bgi, lai izmantot\u0101 koksne mitr\u0101 klimat\u0101 nep\u016bstu un nepel\u0113tu, un met\u0101ls b\u016btu iztur\u012bgs pret r\u016bsu.<\/p>\n<p>Dizains<\/p>\n<p>Labs dizains padara produktu piln\u012bgu, m\u016b\u017e\u012bgu un iztur\u012bgu. Dizaineru rad\u012btie izstr\u0101d\u0101jumi ir r\u016bp\u012bgi izstr\u0101d\u0101ti, lai produkt\u0101 b\u016btu tikai pats svar\u012bg\u0101kais, bet taj\u0101 pa\u0161\u0101 laik\u0101 pietiktu, lai nek\u0101 netr\u016bktu. Labi izstr\u0101d\u0101ts produkts ir vienk\u0101r\u0161s, \u0113rts un lietot\u0101jam dabisks. Pils\u0113tas telpa ir vieta, kur cilv\u0113ki past\u0101v\u012bgi atrodas kust\u012bb\u0101 un taj\u0101 pa\u0161\u0101 laik\u0101 vi\u0146iem ir vajadz\u012bgas vietas, kur uz mirkli atp\u016bsties vai satikt draugus un m\u012b\u013cotos \u0101r\u0101. Tas prasa, lai produkts b\u016btu neuzkr\u012bto\u0161s un neuzb\u0101\u017eigs, k\u0101 ar\u012b \u0113rts un pat\u012bkams.<\/p>\n<p>Ir svar\u012bgi izv\u0113l\u0113ties produktu ar pareizo dizainu pareizajai telpai. V\u0113sturisks vai moderns. Ir produkti, kas ir tik nepretenciozi, kas ir piem\u0113roti gan m\u016bsdienu pils\u0113ttelp\u0101m, gan v\u0113sturiskai videi. Jo vienk\u0101r\u0161\u0101ks ir sola dizains, jo piem\u0113rot\u0101ks tas ir da\u017e\u0101d\u0101m vid\u0113m.<\/p>\n<p>Materi\u0101li<\/p>\n<p>Lielas un nep\u0101rtrauktas temperat\u016bras sv\u0101rst\u012bbas ir lielisks p\u0101rbaud\u012bjums koksnei. Tas noz\u012bm\u0113, ka koksne ir j\u0101apstr\u0101d\u0101, lai t\u0101 b\u016btu pietiekami iztur\u012bga. P\u0113rn 142 dien\u0101s no 365 \u0101ra temperat\u016bra sv\u0101rst\u012bj\u0101s no + l\u012bdz -. Turkl\u0101t balino\u0161\u0101 un dedzino\u0161\u0101 saule kop\u0101 ar periodisku lietu un v\u0113ju rada koksnei skarbus apst\u0101k\u013cus. T\u0101 k\u0101 koks joproj\u0101m ir dz\u012bvs materi\u0101ls, \u0161\u0101das laikapst\u0101k\u013cu izmai\u0146as rada lielu slogu koksnei. Nepareizi izv\u0113l\u0113ta un apstr\u0101d\u0101ta koksne nevar iztur\u0113t \u0161\u0101du slodzi.<\/p>\n","protected":false},"excerpt":{"rendered":"<p>Produktu grupas: pils\u0113tas m\u0113beles &#8211; Parka soli\u0146i, atkritumu urnas, velosip\u0113du novietnes, satiksmes barjeras, augu kastes. parka soli\u0146i ar atzveltn\u0113m &#8211; izv\u0113lies piem\u0113rotu parka soli\u0146u no Extery urban m\u0113be\u013cu kolekcijas! Mums ir pla\u0161a da\u017e\u0101du parka soli\u0146u izv\u0113le gan ar, gan bez atzveltn\u0113m. Ir pieejami da\u017e\u0101di materi\u0101li un apdares materi\u0101li, no kuriem izv\u0113l\u0113ties. M\u0113s pal\u012bdzam atrast j\u016bsu [&hellip;]<\/p>\n","protected":false},"author":1,"featured_media":0,"parent":0,"menu_order":0,"comment_status":"closed","ping_status":"closed","template":"tpl__product-families.php","meta":{"_acf_changed":false,"footnotes":""},"class_list":["post-20141","page","type-page","status-publish","hentry"],"acf":[],"yoast_head":"<!-- This site is optimized with the Yoast SEO plugin v26.4 - https:\/\/yoast.com\/wordpress\/plugins\/seo\/ -->\n<title>Produktu grupas - Extery pils\u0113tas m\u0113beles<\/title>\n<meta name=\"description\" content=\"Pre\u010du grupass: pils\u0113tvides m\u0113beles - igau\u0146u dizains, soli\u0146i park\u0101, atkritumu urnas, satiksmes barjeras, velosip\u0113du novietnes. \u0100ra m\u0113beles Extery pils\u0113tas m\u0113be\u013cu kolekcija.\" \/>\n<meta name=\"robots\" content=\"index, follow, max-snippet:-1, max-image-preview:large, max-video-preview:-1\" \/>\n<link rel=\"canonical\" href=\"https:\/\/extery.com\/lv\/produktu-grupas\/\" \/>\n<meta property=\"og:locale\" content=\"lv_LV\" \/>\n<meta property=\"og:type\" content=\"article\" \/>\n<meta property=\"og:title\" content=\"Produktu grupas - Extery pils\u0113tas m\u0113beles\" \/>\n<meta property=\"og:description\" content=\"Pre\u010du grupass: pils\u0113tvides m\u0113beles - igau\u0146u dizains, soli\u0146i park\u0101, atkritumu urnas, satiksmes barjeras, velosip\u0113du novietnes. \u0100ra m\u0113beles Extery pils\u0113tas m\u0113be\u013cu kolekcija.\" \/>\n<meta property=\"og:url\" content=\"https:\/\/extery.com\/lv\/produktu-grupas\/\" \/>\n<meta property=\"og:site_name\" content=\"Extery\" \/>\n<meta property=\"article:modified_time\" content=\"2022-12-20T12:50:29+00:00\" \/>\n<meta property=\"og:image\" content=\"https:\/\/extery.com\/wp-content\/uploads\/2021\/01\/extery-1.jpg\" \/>\n\t<meta property=\"og:image:width\" content=\"1200\" \/>\n\t<meta property=\"og:image:height\" content=\"630\" \/>\n\t<meta property=\"og:image:type\" content=\"image\/jpeg\" \/>\n<meta name=\"twitter:card\" content=\"summary_large_image\" \/>\n<meta name=\"twitter:label1\" content=\"Est. reading time\" \/>\n\t<meta name=\"twitter:data1\" content=\"3 minutes\" \/>\n<script type=\"application\/ld+json\" class=\"yoast-schema-graph\">{\"@context\":\"https:\/\/schema.org\",\"@graph\":[{\"@type\":\"WebPage\",\"@id\":\"https:\/\/extery.com\/lv\/produktu-grupas\/\",\"url\":\"https:\/\/extery.com\/lv\/produktu-grupas\/\",\"name\":\"Produktu grupas - Extery pils\u0113tas m\u0113beles\",\"isPartOf\":{\"@id\":\"https:\/\/extery.com\/lv\/#website\"},\"datePublished\":\"2022-10-25T13:25:12+00:00\",\"dateModified\":\"2022-12-20T12:50:29+00:00\",\"description\":\"Pre\u010du grupass: pils\u0113tvides m\u0113beles - igau\u0146u dizains, soli\u0146i park\u0101, atkritumu urnas, satiksmes barjeras, velosip\u0113du novietnes. \u0100ra m\u0113beles Extery pils\u0113tas m\u0113be\u013cu kolekcija.\",\"breadcrumb\":{\"@id\":\"https:\/\/extery.com\/lv\/produktu-grupas\/#breadcrumb\"},\"inLanguage\":\"lv-LV\",\"potentialAction\":[{\"@type\":\"ReadAction\",\"target\":[\"https:\/\/extery.com\/lv\/produktu-grupas\/\"]}]},{\"@type\":\"BreadcrumbList\",\"@id\":\"https:\/\/extery.com\/lv\/produktu-grupas\/#breadcrumb\",\"itemListElement\":[{\"@type\":\"ListItem\",\"position\":1,\"name\":\"Home\",\"item\":\"https:\/\/extery.com\/lv\/\"},{\"@type\":\"ListItem\",\"position\":2,\"name\":\"Produktu grupas\"}]},{\"@type\":\"WebSite\",\"@id\":\"https:\/\/extery.com\/lv\/#website\",\"url\":\"https:\/\/extery.com\/lv\/\",\"name\":\"Extery\",\"description\":\"\",\"publisher\":{\"@id\":\"https:\/\/extery.com\/lv\/#organization\"},\"potentialAction\":[{\"@type\":\"SearchAction\",\"target\":{\"@type\":\"EntryPoint\",\"urlTemplate\":\"https:\/\/extery.com\/lv\/?s={search_term_string}\"},\"query-input\":{\"@type\":\"PropertyValueSpecification\",\"valueRequired\":true,\"valueName\":\"search_term_string\"}}],\"inLanguage\":\"lv-LV\"},{\"@type\":\"Organization\",\"@id\":\"https:\/\/extery.com\/lv\/#organization\",\"name\":\"Extery\",\"url\":\"https:\/\/extery.com\/lv\/\",\"logo\":{\"@type\":\"ImageObject\",\"inLanguage\":\"lv-LV\",\"@id\":\"https:\/\/extery.com\/lv\/#\/schema\/logo\/image\/\",\"url\":\"https:\/\/extery.com\/wp-content\/uploads\/2023\/11\/footer-logo.svg\",\"contentUrl\":\"https:\/\/extery.com\/wp-content\/uploads\/2023\/11\/footer-logo.svg\",\"caption\":\"Extery\"},\"image\":{\"@id\":\"https:\/\/extery.com\/lv\/#\/schema\/logo\/image\/\"}}]}<\/script>\n<!-- \/ Yoast SEO plugin. -->","yoast_head_json":{"title":"Produktu grupas - Extery pils\u0113tas m\u0113beles","description":"Pre\u010du grupass: pils\u0113tvides m\u0113beles - igau\u0146u dizains, soli\u0146i park\u0101, atkritumu urnas, satiksmes barjeras, velosip\u0113du novietnes. \u0100ra m\u0113beles Extery pils\u0113tas m\u0113be\u013cu kolekcija.","robots":{"index":"index","follow":"follow","max-snippet":"max-snippet:-1","max-image-preview":"max-image-preview:large","max-video-preview":"max-video-preview:-1"},"canonical":"https:\/\/extery.com\/lv\/produktu-grupas\/","og_locale":"lv_LV","og_type":"article","og_title":"Produktu grupas - Extery pils\u0113tas m\u0113beles","og_description":"Pre\u010du grupass: pils\u0113tvides m\u0113beles - igau\u0146u dizains, soli\u0146i park\u0101, atkritumu urnas, satiksmes barjeras, velosip\u0113du novietnes. \u0100ra m\u0113beles Extery pils\u0113tas m\u0113be\u013cu kolekcija.","og_url":"https:\/\/extery.com\/lv\/produktu-grupas\/","og_site_name":"Extery","article_modified_time":"2022-12-20T12:50:29+00:00","og_image":[{"width":1200,"height":630,"url":"https:\/\/extery.com\/wp-content\/uploads\/2021\/01\/extery-1.jpg","type":"image\/jpeg"}],"twitter_card":"summary_large_image","twitter_misc":{"Est. reading time":"3 minutes"},"schema":{"@context":"https:\/\/schema.org","@graph":[{"@type":"WebPage","@id":"https:\/\/extery.com\/lv\/produktu-grupas\/","url":"https:\/\/extery.com\/lv\/produktu-grupas\/","name":"Produktu grupas - Extery pils\u0113tas m\u0113beles","isPartOf":{"@id":"https:\/\/extery.com\/lv\/#website"},"datePublished":"2022-10-25T13:25:12+00:00","dateModified":"2022-12-20T12:50:29+00:00","description":"Pre\u010du grupass: pils\u0113tvides m\u0113beles - igau\u0146u dizains, soli\u0146i park\u0101, atkritumu urnas, satiksmes barjeras, velosip\u0113du novietnes. \u0100ra m\u0113beles Extery pils\u0113tas m\u0113be\u013cu kolekcija.","breadcrumb":{"@id":"https:\/\/extery.com\/lv\/produktu-grupas\/#breadcrumb"},"inLanguage":"lv-LV","potentialAction":[{"@type":"ReadAction","target":["https:\/\/extery.com\/lv\/produktu-grupas\/"]}]},{"@type":"BreadcrumbList","@id":"https:\/\/extery.com\/lv\/produktu-grupas\/#breadcrumb","itemListElement":[{"@type":"ListItem","position":1,"name":"Home","item":"https:\/\/extery.com\/lv\/"},{"@type":"ListItem","position":2,"name":"Produktu grupas"}]},{"@type":"WebSite","@id":"https:\/\/extery.com\/lv\/#website","url":"https:\/\/extery.com\/lv\/","name":"Extery","description":"","publisher":{"@id":"https:\/\/extery.com\/lv\/#organization"},"potentialAction":[{"@type":"SearchAction","target":{"@type":"EntryPoint","urlTemplate":"https:\/\/extery.com\/lv\/?s={search_term_string}"},"query-input":{"@type":"PropertyValueSpecification","valueRequired":true,"valueName":"search_term_string"}}],"inLanguage":"lv-LV"},{"@type":"Organization","@id":"https:\/\/extery.com\/lv\/#organization","name":"Extery","url":"https:\/\/extery.com\/lv\/","logo":{"@type":"ImageObject","inLanguage":"lv-LV","@id":"https:\/\/extery.com\/lv\/#\/schema\/logo\/image\/","url":"https:\/\/extery.com\/wp-content\/uploads\/2023\/11\/footer-logo.svg","contentUrl":"https:\/\/extery.com\/wp-content\/uploads\/2023\/11\/footer-logo.svg","caption":"Extery"},"image":{"@id":"https:\/\/extery.com\/lv\/#\/schema\/logo\/image\/"}}]}},"_links":{"self":[{"href":"https:\/\/extery.com\/lv\/wp-json\/wp\/v2\/pages\/20141","targetHints":{"allow":["GET"]}}],"collection":[{"href":"https:\/\/extery.com\/lv\/wp-json\/wp\/v2\/pages"}],"about":[{"href":"https:\/\/extery.com\/lv\/wp-json\/wp\/v2\/types\/page"}],"author":[{"embeddable":true,"href":"https:\/\/extery.com\/lv\/wp-json\/wp\/v2\/users\/1"}],"replies":[{"embeddable":true,"href":"https:\/\/extery.com\/lv\/wp-json\/wp\/v2\/comments?post=20141"}],"version-history":[{"count":0,"href":"https:\/\/extery.com\/lv\/wp-json\/wp\/v2\/pages\/20141\/revisions"}],"wp:attachment":[{"href":"https:\/\/extery.com\/lv\/wp-json\/wp\/v2\/media?parent=20141"}],"curies":[{"name":"wp","href":"https:\/\/api.w.org\/{rel}","templated":true}]}}