{"id":1085,"date":"2020-11-09T11:27:06","date_gmt":"2020-11-09T11:27:06","guid":{"rendered":"https:\/\/extery.com\/?post_type=product&#038;p=1085"},"modified":"2026-04-07T12:27:43","modified_gmt":"2026-04-07T12:27:43","slug":"club2-parka-sols","status":"publish","type":"product","link":"https:\/\/extery.com\/lv\/produkti\/club2-parka-sols\/","title":{"rendered":"parka sols Club 2"},"content":{"rendered":"<p id=\"tw-target-text\" class=\"tw-data-text tw-text-large tw-ta\" dir=\"ltr\" data-placeholder=\"T\u00f5lge\"><span class=\"Y2IQFc\" lang=\"lv\">Parka soli\u0146\u0161 Club 2 pieder liel\u0101kai Club produktu grupai ar \u0123eometrisku raksturu.<\/span><\/p>\n<p class=\"tw-data-text tw-text-large tw-ta\" dir=\"ltr\" data-placeholder=\"T\u00f5lge\"><span class=\"Y2IQFc\" lang=\"lv\">S\u0113rij\u0101 ir gan bez atzveltnes, gan ar atzveltni soli, k\u0101 ar\u012b galds. Club ir mazpras\u012bga s\u0113dvietu grupa, kas paredz\u0113ta izmanto\u0161anai da\u017e\u0101d\u0101s vid\u0113s, s\u0101kot no sporta klubiem l\u012bdz piknika viet\u0101m pils\u0113tas parkos.<\/span><\/p>\n<p>&nbsp;<\/p>\n<p id=\"tw-target-text\" class=\"tw-data-text tw-text-large tw-ta\" dir=\"ltr\" data-placeholder=\"T\u00f5lge\"><span class=\"Y2IQFc\" lang=\"lv\">S\u0113rij\u0101 ir atzveltnes un bez atzveltnes soli, k\u0101 ar\u012b galds.<\/span><\/p>\n","protected":false},"excerpt":{"rendered":"<p>Parka soli\u0146\u0161 Club 2 pieder liel\u0101kai Club produktu grupai ar \u0123eometrisku raksturu. S\u0113rij\u0101 ir gan bez atzveltnes, gan ar atzveltni soli, k\u0101 ar\u012b galds. Club ir mazpras\u012bga s\u0113dvietu grupa, kas paredz\u0113ta izmanto\u0161anai da\u017e\u0101d\u0101s vid\u0113s, s\u0101kot no sporta klubiem l\u012bdz piknika viet\u0101m pils\u0113tas parkos. &nbsp; S\u0113rij\u0101 ir atzveltnes un bez atzveltnes soli, k\u0101 ar\u012b galds.<\/p>\n","protected":false},"featured_media":596,"comment_status":"open","ping_status":"closed","template":"","meta":{"_acf_changed":false},"product_brand":[],"product_cat":[98],"product_tag":[],"class_list":{"0":"post-1085","1":"product","2":"type-product","3":"status-publish","4":"has-post-thumbnail","6":"product_cat-solini-ar-atzveltnem-lv","7":"product-family-club-lv","9":"first","10":"instock","11":"shipping-taxable","12":"product-type-simple"},"acf":[],"yoast_head":"<!-- This site is optimized with the Yoast SEO plugin v26.4 - https:\/\/yoast.com\/wordpress\/plugins\/seo\/ -->\n<title>parka sols Club 2 - Extery pils\u0113tas m\u0113be\u013cu kolekcijas parka sols<\/title>\n<meta name=\"description\" content=\"Parka sols Club 2 ir \u0123eometrisk\u0101s Club parka soli\u0146u saimes soli\u0146\u0161. Pils\u0113tas m\u0113beles - parka soli\u0146i, miskastes un velosip\u0113du novietnes.\" \/>\n<meta name=\"robots\" content=\"index, follow, max-snippet:-1, max-image-preview:large, max-video-preview:-1\" \/>\n<link rel=\"canonical\" href=\"https:\/\/extery.com\/lv\/produkti\/club2-parka-sols\/\" \/>\n<meta property=\"og:locale\" content=\"lv_LV\" \/>\n<meta property=\"og:type\" content=\"article\" \/>\n<meta property=\"og:title\" content=\"parka sols Club 2 - Extery pils\u0113tas m\u0113be\u013cu kolekcijas parka sols\" \/>\n<meta property=\"og:description\" content=\"Parka sols Club 2 ir \u0123eometrisk\u0101s Club parka soli\u0146u saimes soli\u0146\u0161. Pils\u0113tas m\u0113beles - parka soli\u0146i, miskastes un velosip\u0113du novietnes.\" \/>\n<meta property=\"og:url\" content=\"https:\/\/extery.com\/lv\/produkti\/club2-parka-sols\/\" \/>\n<meta property=\"og:site_name\" content=\"Extery\" \/>\n<meta property=\"article:modified_time\" content=\"2026-04-07T12:27:43+00:00\" \/>\n<meta property=\"og:image\" content=\"https:\/\/extery.com\/wp-content\/uploads\/2020\/11\/Club2-S-E-scaled.jpg\" \/>\n\t<meta property=\"og:image:width\" content=\"2560\" \/>\n\t<meta property=\"og:image:height\" content=\"1707\" \/>\n\t<meta property=\"og:image:type\" content=\"image\/jpeg\" \/>\n<meta name=\"twitter:card\" content=\"summary_large_image\" \/>\n<meta name=\"twitter:label1\" content=\"Est. reading time\" \/>\n\t<meta name=\"twitter:data1\" content=\"1 minute\" \/>\n<script type=\"application\/ld+json\" class=\"yoast-schema-graph\">{\"@context\":\"https:\/\/schema.org\",\"@graph\":[{\"@type\":\"WebPage\",\"@id\":\"https:\/\/extery.com\/lv\/produkti\/club2-parka-sols\/\",\"url\":\"https:\/\/extery.com\/lv\/produkti\/club2-parka-sols\/\",\"name\":\"parka sols Club 2 - Extery pils\u0113tas m\u0113be\u013cu kolekcijas parka sols\",\"isPartOf\":{\"@id\":\"https:\/\/extery.com\/lv\/#website\"},\"primaryImageOfPage\":{\"@id\":\"https:\/\/extery.com\/lv\/produkti\/club2-parka-sols\/#primaryimage\"},\"image\":{\"@id\":\"https:\/\/extery.com\/lv\/produkti\/club2-parka-sols\/#primaryimage\"},\"thumbnailUrl\":\"https:\/\/extery.com\/wp-content\/uploads\/2020\/11\/Club2-S-E-scaled.jpg\",\"datePublished\":\"2020-11-09T11:27:06+00:00\",\"dateModified\":\"2026-04-07T12:27:43+00:00\",\"description\":\"Parka sols Club 2 ir \u0123eometrisk\u0101s Club parka soli\u0146u saimes soli\u0146\u0161. Pils\u0113tas m\u0113beles - parka soli\u0146i, miskastes un velosip\u0113du novietnes.\",\"breadcrumb\":{\"@id\":\"https:\/\/extery.com\/lv\/produkti\/club2-parka-sols\/#breadcrumb\"},\"inLanguage\":\"lv-LV\",\"potentialAction\":[{\"@type\":\"ReadAction\",\"target\":[\"https:\/\/extery.com\/lv\/produkti\/club2-parka-sols\/\"]}]},{\"@type\":\"ImageObject\",\"inLanguage\":\"lv-LV\",\"@id\":\"https:\/\/extery.com\/lv\/produkti\/club2-parka-sols\/#primaryimage\",\"url\":\"https:\/\/extery.com\/wp-content\/uploads\/2020\/11\/Club2-S-E-scaled.jpg\",\"contentUrl\":\"https:\/\/extery.com\/wp-content\/uploads\/2020\/11\/Club2-S-E-scaled.jpg\",\"width\":2560,\"height\":1707},{\"@type\":\"BreadcrumbList\",\"@id\":\"https:\/\/extery.com\/lv\/produkti\/club2-parka-sols\/#breadcrumb\",\"itemListElement\":[{\"@type\":\"ListItem\",\"position\":1,\"name\":\"Home\",\"item\":\"https:\/\/extery.com\/lv\/\"},{\"@type\":\"ListItem\",\"position\":2,\"name\":\"Produkti\",\"item\":\"https:\/\/extery.com\/lv\/produkti\/\"},{\"@type\":\"ListItem\",\"position\":3,\"name\":\"parka sols Club 2\"}]},{\"@type\":\"WebSite\",\"@id\":\"https:\/\/extery.com\/lv\/#website\",\"url\":\"https:\/\/extery.com\/lv\/\",\"name\":\"Extery\",\"description\":\"\",\"publisher\":{\"@id\":\"https:\/\/extery.com\/lv\/#organization\"},\"potentialAction\":[{\"@type\":\"SearchAction\",\"target\":{\"@type\":\"EntryPoint\",\"urlTemplate\":\"https:\/\/extery.com\/lv\/?s={search_term_string}\"},\"query-input\":{\"@type\":\"PropertyValueSpecification\",\"valueRequired\":true,\"valueName\":\"search_term_string\"}}],\"inLanguage\":\"lv-LV\"},{\"@type\":\"Organization\",\"@id\":\"https:\/\/extery.com\/lv\/#organization\",\"name\":\"Extery\",\"url\":\"https:\/\/extery.com\/lv\/\",\"logo\":{\"@type\":\"ImageObject\",\"inLanguage\":\"lv-LV\",\"@id\":\"https:\/\/extery.com\/lv\/#\/schema\/logo\/image\/\",\"url\":\"https:\/\/extery.com\/wp-content\/uploads\/2023\/11\/footer-logo.svg\",\"contentUrl\":\"https:\/\/extery.com\/wp-content\/uploads\/2023\/11\/footer-logo.svg\",\"caption\":\"Extery\"},\"image\":{\"@id\":\"https:\/\/extery.com\/lv\/#\/schema\/logo\/image\/\"}}]}<\/script>\n<!-- \/ Yoast SEO plugin. -->","yoast_head_json":{"title":"parka sols Club 2 - Extery pils\u0113tas m\u0113be\u013cu kolekcijas parka sols","description":"Parka sols Club 2 ir \u0123eometrisk\u0101s Club parka soli\u0146u saimes soli\u0146\u0161. Pils\u0113tas m\u0113beles - parka soli\u0146i, miskastes un velosip\u0113du novietnes.","robots":{"index":"index","follow":"follow","max-snippet":"max-snippet:-1","max-image-preview":"max-image-preview:large","max-video-preview":"max-video-preview:-1"},"canonical":"https:\/\/extery.com\/lv\/produkti\/club2-parka-sols\/","og_locale":"lv_LV","og_type":"article","og_title":"parka sols Club 2 - Extery pils\u0113tas m\u0113be\u013cu kolekcijas parka sols","og_description":"Parka sols Club 2 ir \u0123eometrisk\u0101s Club parka soli\u0146u saimes soli\u0146\u0161. Pils\u0113tas m\u0113beles - parka soli\u0146i, miskastes un velosip\u0113du novietnes.","og_url":"https:\/\/extery.com\/lv\/produkti\/club2-parka-sols\/","og_site_name":"Extery","article_modified_time":"2026-04-07T12:27:43+00:00","og_image":[{"width":2560,"height":1707,"url":"https:\/\/extery.com\/wp-content\/uploads\/2020\/11\/Club2-S-E-scaled.jpg","type":"image\/jpeg"}],"twitter_card":"summary_large_image","twitter_misc":{"Est. reading time":"1 minute"},"schema":{"@context":"https:\/\/schema.org","@graph":[{"@type":"WebPage","@id":"https:\/\/extery.com\/lv\/produkti\/club2-parka-sols\/","url":"https:\/\/extery.com\/lv\/produkti\/club2-parka-sols\/","name":"parka sols Club 2 - Extery pils\u0113tas m\u0113be\u013cu kolekcijas parka sols","isPartOf":{"@id":"https:\/\/extery.com\/lv\/#website"},"primaryImageOfPage":{"@id":"https:\/\/extery.com\/lv\/produkti\/club2-parka-sols\/#primaryimage"},"image":{"@id":"https:\/\/extery.com\/lv\/produkti\/club2-parka-sols\/#primaryimage"},"thumbnailUrl":"https:\/\/extery.com\/wp-content\/uploads\/2020\/11\/Club2-S-E-scaled.jpg","datePublished":"2020-11-09T11:27:06+00:00","dateModified":"2026-04-07T12:27:43+00:00","description":"Parka sols Club 2 ir \u0123eometrisk\u0101s Club parka soli\u0146u saimes soli\u0146\u0161. Pils\u0113tas m\u0113beles - parka soli\u0146i, miskastes un velosip\u0113du novietnes.","breadcrumb":{"@id":"https:\/\/extery.com\/lv\/produkti\/club2-parka-sols\/#breadcrumb"},"inLanguage":"lv-LV","potentialAction":[{"@type":"ReadAction","target":["https:\/\/extery.com\/lv\/produkti\/club2-parka-sols\/"]}]},{"@type":"ImageObject","inLanguage":"lv-LV","@id":"https:\/\/extery.com\/lv\/produkti\/club2-parka-sols\/#primaryimage","url":"https:\/\/extery.com\/wp-content\/uploads\/2020\/11\/Club2-S-E-scaled.jpg","contentUrl":"https:\/\/extery.com\/wp-content\/uploads\/2020\/11\/Club2-S-E-scaled.jpg","width":2560,"height":1707},{"@type":"BreadcrumbList","@id":"https:\/\/extery.com\/lv\/produkti\/club2-parka-sols\/#breadcrumb","itemListElement":[{"@type":"ListItem","position":1,"name":"Home","item":"https:\/\/extery.com\/lv\/"},{"@type":"ListItem","position":2,"name":"Produkti","item":"https:\/\/extery.com\/lv\/produkti\/"},{"@type":"ListItem","position":3,"name":"parka sols Club 2"}]},{"@type":"WebSite","@id":"https:\/\/extery.com\/lv\/#website","url":"https:\/\/extery.com\/lv\/","name":"Extery","description":"","publisher":{"@id":"https:\/\/extery.com\/lv\/#organization"},"potentialAction":[{"@type":"SearchAction","target":{"@type":"EntryPoint","urlTemplate":"https:\/\/extery.com\/lv\/?s={search_term_string}"},"query-input":{"@type":"PropertyValueSpecification","valueRequired":true,"valueName":"search_term_string"}}],"inLanguage":"lv-LV"},{"@type":"Organization","@id":"https:\/\/extery.com\/lv\/#organization","name":"Extery","url":"https:\/\/extery.com\/lv\/","logo":{"@type":"ImageObject","inLanguage":"lv-LV","@id":"https:\/\/extery.com\/lv\/#\/schema\/logo\/image\/","url":"https:\/\/extery.com\/wp-content\/uploads\/2023\/11\/footer-logo.svg","contentUrl":"https:\/\/extery.com\/wp-content\/uploads\/2023\/11\/footer-logo.svg","caption":"Extery"},"image":{"@id":"https:\/\/extery.com\/lv\/#\/schema\/logo\/image\/"}}]}},"_links":{"self":[{"href":"https:\/\/extery.com\/lv\/wp-json\/wp\/v2\/product\/1085","targetHints":{"allow":["GET"]}}],"collection":[{"href":"https:\/\/extery.com\/lv\/wp-json\/wp\/v2\/product"}],"about":[{"href":"https:\/\/extery.com\/lv\/wp-json\/wp\/v2\/types\/product"}],"replies":[{"embeddable":true,"href":"https:\/\/extery.com\/lv\/wp-json\/wp\/v2\/comments?post=1085"}],"wp:featuredmedia":[{"embeddable":true,"href":"https:\/\/extery.com\/lv\/wp-json\/wp\/v2\/media\/596"}],"wp:attachment":[{"href":"https:\/\/extery.com\/lv\/wp-json\/wp\/v2\/media?parent=1085"}],"wp:term":[{"taxonomy":"product_brand","embeddable":true,"href":"https:\/\/extery.com\/lv\/wp-json\/wp\/v2\/product_brand?post=1085"},{"taxonomy":"product_cat","embeddable":true,"href":"https:\/\/extery.com\/lv\/wp-json\/wp\/v2\/product_cat?post=1085"},{"taxonomy":"product_tag","embeddable":true,"href":"https:\/\/extery.com\/lv\/wp-json\/wp\/v2\/product_tag?post=1085"}],"curies":[{"name":"wp","href":"https:\/\/api.w.org\/{rel}","templated":true}]}}