{"id":11041,"date":"2021-01-25T10:04:22","date_gmt":"2021-01-25T10:04:22","guid":{"rendered":"https:\/\/extery.com\/?post_type=product&#038;p=11041"},"modified":"2026-04-15T12:36:57","modified_gmt":"2026-04-15T12:36:57","slug":"rinka-sols-jada","status":"publish","type":"product","link":"https:\/\/extery.com\/lv\/produkti\/rinka-sols-jada\/","title":{"rendered":"Ri\u0146\u0137a sols JADA"},"content":{"rendered":"<p>Ar Jada loka modu\u013cu s\u0113riju iesp\u0113jams izveidot da\u017e\u0101da izm\u0113ra ri\u0146\u0137a soli\u0146us. S\u0113rijas modu\u013cu sist\u0113m\u0101 ir divu izm\u0113ru loku modu\u013ci, ar kuriem var salikt ri\u0146\u0137veida solus ar diametru 2500 mm un liel\u0101kus\u00a0ri\u0146\u0137veida solus ar diametru 3700 mm.<\/p>\n<p>Ri\u0146\u0137a solu var salikt ar\u012b k\u0101 dubult\u0101 apl\u012b, jo modu\u013cu izm\u0113ru at\u0161\u0137ir\u012bba ir izveidota tie\u0161i t\u0101, lai mazais ri\u0146\u0137a sols ietilptu liel\u0101 ri\u0146\u0137a sola iek\u0161pus\u0113. Vien\u0101 ap\u013cveida komplekt\u0101 ir 8 Jada loka modu\u013ci.<\/p>\n<p>Ar Jada iesp\u0113jams veidot da\u017e\u0101dus risin\u0101jumus atbilsto\u0161i idejai vai telpas nepiecie\u0161am\u012bbai. Papildus ri\u0146\u0137a soliem ar loka modu\u013ciem ir iesp\u0113jams izveidot daudzas citas da\u017e\u0101das formas.<\/p>\n<p>Vair\u0101k risin\u0101jumus atrad\u012bsi <a href=\"https:\/\/extery.com\/tootekategooria\/moodulpingid\/\">\u0161eit<\/a><\/p>\n<p>Jada ir modu\u013cu pils\u0113tas m\u0113be\u013cu sist\u0113ma no Extery urban m\u0113be\u013cu kolekcijas, kas \u013cauj viegli izveidot piln\u012bgas atp\u016btas zonas. Jada var izmantot, lai izveidotu bezgal\u012bgas kombin\u0101cijas, lai nokl\u0101tu laukumu apmales, izk\u0101rtotu l\u012bkumotus g\u0101j\u0113ju celi\u0146us vai aizpild\u012btu laukumu ar p\u0101rsteidzo\u0161\u0101m form\u0101m. Atzveltnes var novietot gan blakus, gan pret\u012b, radot gu\u013cvietas vai izol\u0101ciju. Papildinot modu\u013cus ar galdiem var veidot omul\u012bgas priv\u0101tas atp\u016btas zonas vai tie\u0161i pret\u0113ji modu\u013cus ar galdiem apvienot zonas veidojot pat\u012bkam\u0101s pulc\u0113\u0161an\u0101s viet\u0101s, veicinot socializ\u0113\u0161anos.<\/p>\n","protected":false},"excerpt":{"rendered":"<p>Ar Jada loka modu\u013cu s\u0113riju iesp\u0113jams izveidot da\u017e\u0101da izm\u0113ra ri\u0146\u0137a soli\u0146us. S\u0113rijas modu\u013cu sist\u0113m\u0101 ir divu izm\u0113ru loku modu\u013ci, ar kuriem var salikt ri\u0146\u0137veida solus ar diametru 2500 mm un liel\u0101kus\u00a0ri\u0146\u0137veida solus ar diametru 3700 mm. Ri\u0146\u0137a solu var salikt ar\u012b k\u0101 dubult\u0101 apl\u012b, jo modu\u013cu izm\u0113ru at\u0161\u0137ir\u012bba ir izveidota tie\u0161i t\u0101, lai mazais ri\u0146\u0137a [&hellip;]<\/p>\n","protected":false},"featured_media":11019,"comment_status":"open","ping_status":"closed","template":"","meta":{"_acf_changed":false},"product_brand":[],"product_cat":[93,114],"product_tag":[],"class_list":{"0":"post-11041","1":"product","2":"type-product","3":"status-publish","4":"has-post-thumbnail","6":"product_cat-solini-bez-atzveltnem-lv","7":"product_cat-modulu-soli-lv","8":"product-family-jada-lv","10":"first","11":"instock","12":"shipping-taxable","13":"product-type-simple"},"acf":[],"yoast_head":"<!-- This site is optimized with the Yoast SEO plugin v26.4 - https:\/\/yoast.com\/wordpress\/plugins\/seo\/ -->\n<title>Ri\u0146\u0137a sols JADA - Extery pils\u0113tas m\u0113beles, ri\u0146\u0137a sols<\/title>\n<meta name=\"description\" content=\"Ri\u0146\u0137\u0101 sols Jada ir viena no modu\u013cu pils\u0113tas m\u0113be\u013cu sist\u0113mas iesp\u0113j\u0101m. Ar Jada var izveidot bezgal\u012bgas kombin\u0101cijas. Ri\u0146\u0137a soli\u0146u var izveidot liel\u0101kus un maz\u0101kus, k\u0101 ar\u012b pusi vai veselus ap\u013cus.\" \/>\n<meta name=\"robots\" content=\"index, follow, max-snippet:-1, max-image-preview:large, max-video-preview:-1\" \/>\n<link rel=\"canonical\" href=\"https:\/\/extery.com\/lv\/produkti\/rinka-sols-jada\/\" \/>\n<meta property=\"og:locale\" content=\"lv_LV\" \/>\n<meta property=\"og:type\" content=\"article\" \/>\n<meta property=\"og:title\" content=\"Ri\u0146\u0137a sols JADA - Extery pils\u0113tas m\u0113beles, ri\u0146\u0137a sols\" \/>\n<meta property=\"og:description\" content=\"Ri\u0146\u0137\u0101 sols Jada ir viena no modu\u013cu pils\u0113tas m\u0113be\u013cu sist\u0113mas iesp\u0113j\u0101m. Ar Jada var izveidot bezgal\u012bgas kombin\u0101cijas. Ri\u0146\u0137a soli\u0146u var izveidot liel\u0101kus un maz\u0101kus, k\u0101 ar\u012b pusi vai veselus ap\u013cus.\" \/>\n<meta property=\"og:url\" content=\"https:\/\/extery.com\/lv\/produkti\/rinka-sols-jada\/\" \/>\n<meta property=\"og:site_name\" content=\"Extery\" \/>\n<meta property=\"article:modified_time\" content=\"2026-04-15T12:36:57+00:00\" \/>\n<meta property=\"og:image\" content=\"https:\/\/extery.com\/wp-content\/uploads\/2021\/01\/modulaarne-pargipink-Jada-ring-modular-park-bench-jada-circle2.jpg\" \/>\n\t<meta property=\"og:image:width\" content=\"2255\" \/>\n\t<meta property=\"og:image:height\" content=\"1560\" \/>\n\t<meta property=\"og:image:type\" content=\"image\/jpeg\" \/>\n<meta name=\"twitter:card\" content=\"summary_large_image\" \/>\n<meta name=\"twitter:label1\" content=\"Est. reading time\" \/>\n\t<meta name=\"twitter:data1\" content=\"2 minutes\" \/>\n<script type=\"application\/ld+json\" class=\"yoast-schema-graph\">{\"@context\":\"https:\/\/schema.org\",\"@graph\":[{\"@type\":\"WebPage\",\"@id\":\"https:\/\/extery.com\/lv\/produkti\/rinka-sols-jada\/\",\"url\":\"https:\/\/extery.com\/lv\/produkti\/rinka-sols-jada\/\",\"name\":\"Ri\u0146\u0137a sols JADA - Extery pils\u0113tas m\u0113beles, ri\u0146\u0137a sols\",\"isPartOf\":{\"@id\":\"https:\/\/extery.com\/lv\/#website\"},\"primaryImageOfPage\":{\"@id\":\"https:\/\/extery.com\/lv\/produkti\/rinka-sols-jada\/#primaryimage\"},\"image\":{\"@id\":\"https:\/\/extery.com\/lv\/produkti\/rinka-sols-jada\/#primaryimage\"},\"thumbnailUrl\":\"https:\/\/extery.com\/wp-content\/uploads\/2021\/01\/modulaarne-pargipink-Jada-ring-modular-park-bench-jada-circle2.jpg\",\"datePublished\":\"2021-01-25T10:04:22+00:00\",\"dateModified\":\"2026-04-15T12:36:57+00:00\",\"description\":\"Ri\u0146\u0137\u0101 sols Jada ir viena no modu\u013cu pils\u0113tas m\u0113be\u013cu sist\u0113mas iesp\u0113j\u0101m. Ar Jada var izveidot bezgal\u012bgas kombin\u0101cijas. Ri\u0146\u0137a soli\u0146u var izveidot liel\u0101kus un maz\u0101kus, k\u0101 ar\u012b pusi vai veselus ap\u013cus.\",\"breadcrumb\":{\"@id\":\"https:\/\/extery.com\/lv\/produkti\/rinka-sols-jada\/#breadcrumb\"},\"inLanguage\":\"lv-LV\",\"potentialAction\":[{\"@type\":\"ReadAction\",\"target\":[\"https:\/\/extery.com\/lv\/produkti\/rinka-sols-jada\/\"]}]},{\"@type\":\"ImageObject\",\"inLanguage\":\"lv-LV\",\"@id\":\"https:\/\/extery.com\/lv\/produkti\/rinka-sols-jada\/#primaryimage\",\"url\":\"https:\/\/extery.com\/wp-content\/uploads\/2021\/01\/modulaarne-pargipink-Jada-ring-modular-park-bench-jada-circle2.jpg\",\"contentUrl\":\"https:\/\/extery.com\/wp-content\/uploads\/2021\/01\/modulaarne-pargipink-Jada-ring-modular-park-bench-jada-circle2.jpg\",\"width\":2255,\"height\":1560},{\"@type\":\"BreadcrumbList\",\"@id\":\"https:\/\/extery.com\/lv\/produkti\/rinka-sols-jada\/#breadcrumb\",\"itemListElement\":[{\"@type\":\"ListItem\",\"position\":1,\"name\":\"Home\",\"item\":\"https:\/\/extery.com\/lv\/\"},{\"@type\":\"ListItem\",\"position\":2,\"name\":\"Produkti\",\"item\":\"https:\/\/extery.com\/lv\/produkti\/\"},{\"@type\":\"ListItem\",\"position\":3,\"name\":\"Ri\u0146\u0137a sols JADA\"}]},{\"@type\":\"WebSite\",\"@id\":\"https:\/\/extery.com\/lv\/#website\",\"url\":\"https:\/\/extery.com\/lv\/\",\"name\":\"Extery\",\"description\":\"\",\"publisher\":{\"@id\":\"https:\/\/extery.com\/lv\/#organization\"},\"potentialAction\":[{\"@type\":\"SearchAction\",\"target\":{\"@type\":\"EntryPoint\",\"urlTemplate\":\"https:\/\/extery.com\/lv\/?s={search_term_string}\"},\"query-input\":{\"@type\":\"PropertyValueSpecification\",\"valueRequired\":true,\"valueName\":\"search_term_string\"}}],\"inLanguage\":\"lv-LV\"},{\"@type\":\"Organization\",\"@id\":\"https:\/\/extery.com\/lv\/#organization\",\"name\":\"Extery\",\"url\":\"https:\/\/extery.com\/lv\/\",\"logo\":{\"@type\":\"ImageObject\",\"inLanguage\":\"lv-LV\",\"@id\":\"https:\/\/extery.com\/lv\/#\/schema\/logo\/image\/\",\"url\":\"https:\/\/extery.com\/wp-content\/uploads\/2023\/11\/footer-logo.svg\",\"contentUrl\":\"https:\/\/extery.com\/wp-content\/uploads\/2023\/11\/footer-logo.svg\",\"caption\":\"Extery\"},\"image\":{\"@id\":\"https:\/\/extery.com\/lv\/#\/schema\/logo\/image\/\"}}]}<\/script>\n<!-- \/ Yoast SEO plugin. -->","yoast_head_json":{"title":"Ri\u0146\u0137a sols JADA - Extery pils\u0113tas m\u0113beles, ri\u0146\u0137a sols","description":"Ri\u0146\u0137\u0101 sols Jada ir viena no modu\u013cu pils\u0113tas m\u0113be\u013cu sist\u0113mas iesp\u0113j\u0101m. Ar Jada var izveidot bezgal\u012bgas kombin\u0101cijas. Ri\u0146\u0137a soli\u0146u var izveidot liel\u0101kus un maz\u0101kus, k\u0101 ar\u012b pusi vai veselus ap\u013cus.","robots":{"index":"index","follow":"follow","max-snippet":"max-snippet:-1","max-image-preview":"max-image-preview:large","max-video-preview":"max-video-preview:-1"},"canonical":"https:\/\/extery.com\/lv\/produkti\/rinka-sols-jada\/","og_locale":"lv_LV","og_type":"article","og_title":"Ri\u0146\u0137a sols JADA - Extery pils\u0113tas m\u0113beles, ri\u0146\u0137a sols","og_description":"Ri\u0146\u0137\u0101 sols Jada ir viena no modu\u013cu pils\u0113tas m\u0113be\u013cu sist\u0113mas iesp\u0113j\u0101m. Ar Jada var izveidot bezgal\u012bgas kombin\u0101cijas. Ri\u0146\u0137a soli\u0146u var izveidot liel\u0101kus un maz\u0101kus, k\u0101 ar\u012b pusi vai veselus ap\u013cus.","og_url":"https:\/\/extery.com\/lv\/produkti\/rinka-sols-jada\/","og_site_name":"Extery","article_modified_time":"2026-04-15T12:36:57+00:00","og_image":[{"width":2255,"height":1560,"url":"https:\/\/extery.com\/wp-content\/uploads\/2021\/01\/modulaarne-pargipink-Jada-ring-modular-park-bench-jada-circle2.jpg","type":"image\/jpeg"}],"twitter_card":"summary_large_image","twitter_misc":{"Est. reading time":"2 minutes"},"schema":{"@context":"https:\/\/schema.org","@graph":[{"@type":"WebPage","@id":"https:\/\/extery.com\/lv\/produkti\/rinka-sols-jada\/","url":"https:\/\/extery.com\/lv\/produkti\/rinka-sols-jada\/","name":"Ri\u0146\u0137a sols JADA - Extery pils\u0113tas m\u0113beles, ri\u0146\u0137a sols","isPartOf":{"@id":"https:\/\/extery.com\/lv\/#website"},"primaryImageOfPage":{"@id":"https:\/\/extery.com\/lv\/produkti\/rinka-sols-jada\/#primaryimage"},"image":{"@id":"https:\/\/extery.com\/lv\/produkti\/rinka-sols-jada\/#primaryimage"},"thumbnailUrl":"https:\/\/extery.com\/wp-content\/uploads\/2021\/01\/modulaarne-pargipink-Jada-ring-modular-park-bench-jada-circle2.jpg","datePublished":"2021-01-25T10:04:22+00:00","dateModified":"2026-04-15T12:36:57+00:00","description":"Ri\u0146\u0137\u0101 sols Jada ir viena no modu\u013cu pils\u0113tas m\u0113be\u013cu sist\u0113mas iesp\u0113j\u0101m. Ar Jada var izveidot bezgal\u012bgas kombin\u0101cijas. Ri\u0146\u0137a soli\u0146u var izveidot liel\u0101kus un maz\u0101kus, k\u0101 ar\u012b pusi vai veselus ap\u013cus.","breadcrumb":{"@id":"https:\/\/extery.com\/lv\/produkti\/rinka-sols-jada\/#breadcrumb"},"inLanguage":"lv-LV","potentialAction":[{"@type":"ReadAction","target":["https:\/\/extery.com\/lv\/produkti\/rinka-sols-jada\/"]}]},{"@type":"ImageObject","inLanguage":"lv-LV","@id":"https:\/\/extery.com\/lv\/produkti\/rinka-sols-jada\/#primaryimage","url":"https:\/\/extery.com\/wp-content\/uploads\/2021\/01\/modulaarne-pargipink-Jada-ring-modular-park-bench-jada-circle2.jpg","contentUrl":"https:\/\/extery.com\/wp-content\/uploads\/2021\/01\/modulaarne-pargipink-Jada-ring-modular-park-bench-jada-circle2.jpg","width":2255,"height":1560},{"@type":"BreadcrumbList","@id":"https:\/\/extery.com\/lv\/produkti\/rinka-sols-jada\/#breadcrumb","itemListElement":[{"@type":"ListItem","position":1,"name":"Home","item":"https:\/\/extery.com\/lv\/"},{"@type":"ListItem","position":2,"name":"Produkti","item":"https:\/\/extery.com\/lv\/produkti\/"},{"@type":"ListItem","position":3,"name":"Ri\u0146\u0137a sols JADA"}]},{"@type":"WebSite","@id":"https:\/\/extery.com\/lv\/#website","url":"https:\/\/extery.com\/lv\/","name":"Extery","description":"","publisher":{"@id":"https:\/\/extery.com\/lv\/#organization"},"potentialAction":[{"@type":"SearchAction","target":{"@type":"EntryPoint","urlTemplate":"https:\/\/extery.com\/lv\/?s={search_term_string}"},"query-input":{"@type":"PropertyValueSpecification","valueRequired":true,"valueName":"search_term_string"}}],"inLanguage":"lv-LV"},{"@type":"Organization","@id":"https:\/\/extery.com\/lv\/#organization","name":"Extery","url":"https:\/\/extery.com\/lv\/","logo":{"@type":"ImageObject","inLanguage":"lv-LV","@id":"https:\/\/extery.com\/lv\/#\/schema\/logo\/image\/","url":"https:\/\/extery.com\/wp-content\/uploads\/2023\/11\/footer-logo.svg","contentUrl":"https:\/\/extery.com\/wp-content\/uploads\/2023\/11\/footer-logo.svg","caption":"Extery"},"image":{"@id":"https:\/\/extery.com\/lv\/#\/schema\/logo\/image\/"}}]}},"_links":{"self":[{"href":"https:\/\/extery.com\/lv\/wp-json\/wp\/v2\/product\/11041","targetHints":{"allow":["GET"]}}],"collection":[{"href":"https:\/\/extery.com\/lv\/wp-json\/wp\/v2\/product"}],"about":[{"href":"https:\/\/extery.com\/lv\/wp-json\/wp\/v2\/types\/product"}],"replies":[{"embeddable":true,"href":"https:\/\/extery.com\/lv\/wp-json\/wp\/v2\/comments?post=11041"}],"wp:featuredmedia":[{"embeddable":true,"href":"https:\/\/extery.com\/lv\/wp-json\/wp\/v2\/media\/11019"}],"wp:attachment":[{"href":"https:\/\/extery.com\/lv\/wp-json\/wp\/v2\/media?parent=11041"}],"wp:term":[{"taxonomy":"product_brand","embeddable":true,"href":"https:\/\/extery.com\/lv\/wp-json\/wp\/v2\/product_brand?post=11041"},{"taxonomy":"product_cat","embeddable":true,"href":"https:\/\/extery.com\/lv\/wp-json\/wp\/v2\/product_cat?post=11041"},{"taxonomy":"product_tag","embeddable":true,"href":"https:\/\/extery.com\/lv\/wp-json\/wp\/v2\/product_tag?post=11041"}],"curies":[{"name":"wp","href":"https:\/\/api.w.org\/{rel}","templated":true}]}}