{"id":1127,"date":"2020-11-09T11:44:33","date_gmt":"2020-11-09T11:44:33","guid":{"rendered":"https:\/\/extery.com\/?post_type=product&#038;p=1127"},"modified":"2026-04-13T11:05:22","modified_gmt":"2026-04-13T11:05:22","slug":"twist-parka-sols","status":"publish","type":"product","link":"https:\/\/extery.com\/lv\/produkti\/twist-parka-sols\/","title":{"rendered":"parka sols Twist"},"content":{"rendered":"<p id=\"tw-target-text\" class=\"tw-data-text tw-text-large tw-ta\" dir=\"ltr\" data-placeholder=\"T\u00f5lge\"><span class=\"Y2IQFc\" lang=\"lv\">Parka sols Twist ir \u012bpa\u0161s ar savu unik\u0101lo pagriezienu.<\/span><\/p>\n<p class=\"tw-data-text tw-text-large tw-ta\" dir=\"ltr\" data-placeholder=\"T\u00f5lge\"><span class=\"Y2IQFc\" lang=\"lv\">No pirm\u0101 acu uzmetiena Twist ir parasts soli\u0146a dizains, kas rada skaidru un sp\u0113c\u012bgu un t\u0101p\u0113c m\u016b\u017e\u012bgu risin\u0101jumu, ta\u010du ar \u0161armu. Pateicoties minim\u0101listiskajai un kompaktajai formai, Twist atst\u0101j tuk\u0161u apk\u0101rt\u0113jo telpu, tas ir ide\u0101li piem\u0113rots pras\u012bgai un skarbai zieme\u013cvalstu videi.<\/span><\/p>\n","protected":false},"excerpt":{"rendered":"<p>Parka sols Twist ir \u012bpa\u0161s ar savu unik\u0101lo pagriezienu. No pirm\u0101 acu uzmetiena Twist ir parasts soli\u0146a dizains, kas rada skaidru un sp\u0113c\u012bgu un t\u0101p\u0113c m\u016b\u017e\u012bgu risin\u0101jumu, ta\u010du ar \u0161armu. Pateicoties minim\u0101listiskajai un kompaktajai formai, Twist atst\u0101j tuk\u0161u apk\u0101rt\u0113jo telpu, tas ir ide\u0101li piem\u0113rots pras\u012bgai un skarbai zieme\u013cvalstu videi.<\/p>\n","protected":false},"featured_media":981,"comment_status":"open","ping_status":"closed","template":"","meta":{"_acf_changed":false},"product_brand":[],"product_cat":[98],"product_tag":[],"class_list":{"0":"post-1127","1":"product","2":"type-product","3":"status-publish","4":"has-post-thumbnail","6":"product_cat-solini-ar-atzveltnem-lv","7":"product-family-twist-lv","9":"first","10":"instock","11":"shipping-taxable","12":"product-type-simple"},"acf":[],"yoast_head":"<!-- This site is optimized with the Yoast SEO plugin v26.4 - https:\/\/yoast.com\/wordpress\/plugins\/seo\/ -->\n<title>parka sols Twist - Extery pils\u0113tas m\u0113be\u013cu kolekcija parka sols<\/title>\n<meta name=\"description\" content=\"Parka sols Twist at\u0161\u0137iras ar savu unik\u0101lo pagriezienu. Sola \u0161arms sl\u0113pjas t\u0101 m\u016b\u017e\u012bgaj\u0101 dab\u0101. Pils\u0113tas m\u0113beles - parka soli\u0146i, miskastes un velosip\u0113du novietnes.\" \/>\n<meta name=\"robots\" content=\"index, follow, max-snippet:-1, max-image-preview:large, max-video-preview:-1\" \/>\n<link rel=\"canonical\" href=\"https:\/\/extery.com\/lv\/produkti\/twist-parka-sols\/\" \/>\n<meta property=\"og:locale\" content=\"lv_LV\" \/>\n<meta property=\"og:type\" content=\"article\" \/>\n<meta property=\"og:title\" content=\"parka sols Twist - Extery pils\u0113tas m\u0113be\u013cu kolekcija parka sols\" \/>\n<meta property=\"og:description\" content=\"Parka sols Twist at\u0161\u0137iras ar savu unik\u0101lo pagriezienu. Sola \u0161arms sl\u0113pjas t\u0101 m\u016b\u017e\u012bgaj\u0101 dab\u0101. Pils\u0113tas m\u0113beles - parka soli\u0146i, miskastes un velosip\u0113du novietnes.\" \/>\n<meta property=\"og:url\" content=\"https:\/\/extery.com\/lv\/produkti\/twist-parka-sols\/\" \/>\n<meta property=\"og:site_name\" content=\"Extery\" \/>\n<meta property=\"article:modified_time\" content=\"2026-04-13T11:05:22+00:00\" \/>\n<meta property=\"og:image\" content=\"https:\/\/extery.com\/wp-content\/uploads\/2020\/11\/Twist-S-K-scaled.jpg\" \/>\n\t<meta property=\"og:image:width\" content=\"2560\" \/>\n\t<meta property=\"og:image:height\" content=\"1707\" \/>\n\t<meta property=\"og:image:type\" content=\"image\/jpeg\" \/>\n<meta name=\"twitter:card\" content=\"summary_large_image\" \/>\n<meta name=\"twitter:label1\" content=\"Est. reading time\" \/>\n\t<meta name=\"twitter:data1\" content=\"1 minute\" \/>\n<script type=\"application\/ld+json\" class=\"yoast-schema-graph\">{\"@context\":\"https:\/\/schema.org\",\"@graph\":[{\"@type\":\"WebPage\",\"@id\":\"https:\/\/extery.com\/lv\/produkti\/twist-parka-sols\/\",\"url\":\"https:\/\/extery.com\/lv\/produkti\/twist-parka-sols\/\",\"name\":\"parka sols Twist - Extery pils\u0113tas m\u0113be\u013cu kolekcija parka sols\",\"isPartOf\":{\"@id\":\"https:\/\/extery.com\/lv\/#website\"},\"primaryImageOfPage\":{\"@id\":\"https:\/\/extery.com\/lv\/produkti\/twist-parka-sols\/#primaryimage\"},\"image\":{\"@id\":\"https:\/\/extery.com\/lv\/produkti\/twist-parka-sols\/#primaryimage\"},\"thumbnailUrl\":\"https:\/\/extery.com\/wp-content\/uploads\/2020\/11\/Twist-S-K-scaled.jpg\",\"datePublished\":\"2020-11-09T11:44:33+00:00\",\"dateModified\":\"2026-04-13T11:05:22+00:00\",\"description\":\"Parka sols Twist at\u0161\u0137iras ar savu unik\u0101lo pagriezienu. Sola \u0161arms sl\u0113pjas t\u0101 m\u016b\u017e\u012bgaj\u0101 dab\u0101. Pils\u0113tas m\u0113beles - parka soli\u0146i, miskastes un velosip\u0113du novietnes.\",\"breadcrumb\":{\"@id\":\"https:\/\/extery.com\/lv\/produkti\/twist-parka-sols\/#breadcrumb\"},\"inLanguage\":\"lv-LV\",\"potentialAction\":[{\"@type\":\"ReadAction\",\"target\":[\"https:\/\/extery.com\/lv\/produkti\/twist-parka-sols\/\"]}]},{\"@type\":\"ImageObject\",\"inLanguage\":\"lv-LV\",\"@id\":\"https:\/\/extery.com\/lv\/produkti\/twist-parka-sols\/#primaryimage\",\"url\":\"https:\/\/extery.com\/wp-content\/uploads\/2020\/11\/Twist-S-K-scaled.jpg\",\"contentUrl\":\"https:\/\/extery.com\/wp-content\/uploads\/2020\/11\/Twist-S-K-scaled.jpg\",\"width\":2560,\"height\":1707},{\"@type\":\"BreadcrumbList\",\"@id\":\"https:\/\/extery.com\/lv\/produkti\/twist-parka-sols\/#breadcrumb\",\"itemListElement\":[{\"@type\":\"ListItem\",\"position\":1,\"name\":\"Home\",\"item\":\"https:\/\/extery.com\/lv\/\"},{\"@type\":\"ListItem\",\"position\":2,\"name\":\"Produkti\",\"item\":\"https:\/\/extery.com\/lv\/produkti\/\"},{\"@type\":\"ListItem\",\"position\":3,\"name\":\"parka sols Twist\"}]},{\"@type\":\"WebSite\",\"@id\":\"https:\/\/extery.com\/lv\/#website\",\"url\":\"https:\/\/extery.com\/lv\/\",\"name\":\"Extery\",\"description\":\"\",\"publisher\":{\"@id\":\"https:\/\/extery.com\/lv\/#organization\"},\"potentialAction\":[{\"@type\":\"SearchAction\",\"target\":{\"@type\":\"EntryPoint\",\"urlTemplate\":\"https:\/\/extery.com\/lv\/?s={search_term_string}\"},\"query-input\":{\"@type\":\"PropertyValueSpecification\",\"valueRequired\":true,\"valueName\":\"search_term_string\"}}],\"inLanguage\":\"lv-LV\"},{\"@type\":\"Organization\",\"@id\":\"https:\/\/extery.com\/lv\/#organization\",\"name\":\"Extery\",\"url\":\"https:\/\/extery.com\/lv\/\",\"logo\":{\"@type\":\"ImageObject\",\"inLanguage\":\"lv-LV\",\"@id\":\"https:\/\/extery.com\/lv\/#\/schema\/logo\/image\/\",\"url\":\"https:\/\/extery.com\/wp-content\/uploads\/2023\/11\/footer-logo.svg\",\"contentUrl\":\"https:\/\/extery.com\/wp-content\/uploads\/2023\/11\/footer-logo.svg\",\"caption\":\"Extery\"},\"image\":{\"@id\":\"https:\/\/extery.com\/lv\/#\/schema\/logo\/image\/\"}}]}<\/script>\n<!-- \/ Yoast SEO plugin. -->","yoast_head_json":{"title":"parka sols Twist - Extery pils\u0113tas m\u0113be\u013cu kolekcija parka sols","description":"Parka sols Twist at\u0161\u0137iras ar savu unik\u0101lo pagriezienu. Sola \u0161arms sl\u0113pjas t\u0101 m\u016b\u017e\u012bgaj\u0101 dab\u0101. Pils\u0113tas m\u0113beles - parka soli\u0146i, miskastes un velosip\u0113du novietnes.","robots":{"index":"index","follow":"follow","max-snippet":"max-snippet:-1","max-image-preview":"max-image-preview:large","max-video-preview":"max-video-preview:-1"},"canonical":"https:\/\/extery.com\/lv\/produkti\/twist-parka-sols\/","og_locale":"lv_LV","og_type":"article","og_title":"parka sols Twist - Extery pils\u0113tas m\u0113be\u013cu kolekcija parka sols","og_description":"Parka sols Twist at\u0161\u0137iras ar savu unik\u0101lo pagriezienu. Sola \u0161arms sl\u0113pjas t\u0101 m\u016b\u017e\u012bgaj\u0101 dab\u0101. Pils\u0113tas m\u0113beles - parka soli\u0146i, miskastes un velosip\u0113du novietnes.","og_url":"https:\/\/extery.com\/lv\/produkti\/twist-parka-sols\/","og_site_name":"Extery","article_modified_time":"2026-04-13T11:05:22+00:00","og_image":[{"width":2560,"height":1707,"url":"https:\/\/extery.com\/wp-content\/uploads\/2020\/11\/Twist-S-K-scaled.jpg","type":"image\/jpeg"}],"twitter_card":"summary_large_image","twitter_misc":{"Est. reading time":"1 minute"},"schema":{"@context":"https:\/\/schema.org","@graph":[{"@type":"WebPage","@id":"https:\/\/extery.com\/lv\/produkti\/twist-parka-sols\/","url":"https:\/\/extery.com\/lv\/produkti\/twist-parka-sols\/","name":"parka sols Twist - Extery pils\u0113tas m\u0113be\u013cu kolekcija parka sols","isPartOf":{"@id":"https:\/\/extery.com\/lv\/#website"},"primaryImageOfPage":{"@id":"https:\/\/extery.com\/lv\/produkti\/twist-parka-sols\/#primaryimage"},"image":{"@id":"https:\/\/extery.com\/lv\/produkti\/twist-parka-sols\/#primaryimage"},"thumbnailUrl":"https:\/\/extery.com\/wp-content\/uploads\/2020\/11\/Twist-S-K-scaled.jpg","datePublished":"2020-11-09T11:44:33+00:00","dateModified":"2026-04-13T11:05:22+00:00","description":"Parka sols Twist at\u0161\u0137iras ar savu unik\u0101lo pagriezienu. Sola \u0161arms sl\u0113pjas t\u0101 m\u016b\u017e\u012bgaj\u0101 dab\u0101. Pils\u0113tas m\u0113beles - parka soli\u0146i, miskastes un velosip\u0113du novietnes.","breadcrumb":{"@id":"https:\/\/extery.com\/lv\/produkti\/twist-parka-sols\/#breadcrumb"},"inLanguage":"lv-LV","potentialAction":[{"@type":"ReadAction","target":["https:\/\/extery.com\/lv\/produkti\/twist-parka-sols\/"]}]},{"@type":"ImageObject","inLanguage":"lv-LV","@id":"https:\/\/extery.com\/lv\/produkti\/twist-parka-sols\/#primaryimage","url":"https:\/\/extery.com\/wp-content\/uploads\/2020\/11\/Twist-S-K-scaled.jpg","contentUrl":"https:\/\/extery.com\/wp-content\/uploads\/2020\/11\/Twist-S-K-scaled.jpg","width":2560,"height":1707},{"@type":"BreadcrumbList","@id":"https:\/\/extery.com\/lv\/produkti\/twist-parka-sols\/#breadcrumb","itemListElement":[{"@type":"ListItem","position":1,"name":"Home","item":"https:\/\/extery.com\/lv\/"},{"@type":"ListItem","position":2,"name":"Produkti","item":"https:\/\/extery.com\/lv\/produkti\/"},{"@type":"ListItem","position":3,"name":"parka sols Twist"}]},{"@type":"WebSite","@id":"https:\/\/extery.com\/lv\/#website","url":"https:\/\/extery.com\/lv\/","name":"Extery","description":"","publisher":{"@id":"https:\/\/extery.com\/lv\/#organization"},"potentialAction":[{"@type":"SearchAction","target":{"@type":"EntryPoint","urlTemplate":"https:\/\/extery.com\/lv\/?s={search_term_string}"},"query-input":{"@type":"PropertyValueSpecification","valueRequired":true,"valueName":"search_term_string"}}],"inLanguage":"lv-LV"},{"@type":"Organization","@id":"https:\/\/extery.com\/lv\/#organization","name":"Extery","url":"https:\/\/extery.com\/lv\/","logo":{"@type":"ImageObject","inLanguage":"lv-LV","@id":"https:\/\/extery.com\/lv\/#\/schema\/logo\/image\/","url":"https:\/\/extery.com\/wp-content\/uploads\/2023\/11\/footer-logo.svg","contentUrl":"https:\/\/extery.com\/wp-content\/uploads\/2023\/11\/footer-logo.svg","caption":"Extery"},"image":{"@id":"https:\/\/extery.com\/lv\/#\/schema\/logo\/image\/"}}]}},"_links":{"self":[{"href":"https:\/\/extery.com\/lv\/wp-json\/wp\/v2\/product\/1127","targetHints":{"allow":["GET"]}}],"collection":[{"href":"https:\/\/extery.com\/lv\/wp-json\/wp\/v2\/product"}],"about":[{"href":"https:\/\/extery.com\/lv\/wp-json\/wp\/v2\/types\/product"}],"replies":[{"embeddable":true,"href":"https:\/\/extery.com\/lv\/wp-json\/wp\/v2\/comments?post=1127"}],"wp:featuredmedia":[{"embeddable":true,"href":"https:\/\/extery.com\/lv\/wp-json\/wp\/v2\/media\/981"}],"wp:attachment":[{"href":"https:\/\/extery.com\/lv\/wp-json\/wp\/v2\/media?parent=1127"}],"wp:term":[{"taxonomy":"product_brand","embeddable":true,"href":"https:\/\/extery.com\/lv\/wp-json\/wp\/v2\/product_brand?post=1127"},{"taxonomy":"product_cat","embeddable":true,"href":"https:\/\/extery.com\/lv\/wp-json\/wp\/v2\/product_cat?post=1127"},{"taxonomy":"product_tag","embeddable":true,"href":"https:\/\/extery.com\/lv\/wp-json\/wp\/v2\/product_tag?post=1127"}],"curies":[{"name":"wp","href":"https:\/\/api.w.org\/{rel}","templated":true}]}}