{"id":11598,"date":"2021-02-11T09:49:34","date_gmt":"2021-02-11T09:49:34","guid":{"rendered":"https:\/\/extery.com\/?post_type=product&#038;p=11598"},"modified":"2026-04-13T10:04:00","modified_gmt":"2026-04-13T10:04:00","slug":"galds-sume","status":"publish","type":"product","link":"https:\/\/extery.com\/lv\/produkti\/galds-sume\/","title":{"rendered":"galds Sume"},"content":{"rendered":"<p>Sume galds ir \u012bpa\u0161s ar savu vienk\u0101r\u0161\u012bbu un funkcionalit\u0101ti. Sume galda darb\u012bbas princips ir \u0101rk\u0101rt\u012bgi vienk\u0101r\u0161s, ta\u010du mazi dizaina triki padara galdu at\u0161\u0137ir\u012bgu un gaum\u012bgu.<\/p>\n<p>Sume galds ir pieejams divos augstumos, kas \u013cauj izveidot atp\u016btas vietas ar da\u017e\u0101d\u0101m funkcij\u0101m.<\/p>\n<p>Apvienojot Sume galdus ar Sume grupas s\u0113dek\u013ciem var izveidoties at\u0161\u0137ir\u012bgas, noska\u0146as un iedvesmojo\u0161as zonas!<\/p>\n<p>Pils\u0113tas telpa ir m\u016bsu kop\u0113j\u0101, koplietojam\u0101 dz\u012bvojam\u0101 istaba, kurai m\u0113s neejam tikai cauri, dodoties uz darbu vai m\u0101j\u0101m.<\/p>\n<p>Lai \u0161\u012b telpa b\u016btu bag\u0101ta un aizraujo\u0161a un rad\u012btu mums jaunas iesp\u0113jas ir vajadz\u012bgi nelieli m\u0101jieni un rado\u0161i produkti. Tie\u0161i tas ir tas ar ko nodarbojas Extery, ar to ar\u012b lepojamies. K\u0101p\u0113c j\u0101dzer kafija st\u0101vot vai j\u0101\u0113d \u0113diens uz ielas to turot rok\u0101s? Nesteidzieties, aps\u0113dieties, iek\u0101rtojies pie Seme galda un dro\u0161i pak\u0101rini somu. Nepaman\u0101ms, ta\u010du nepiecie\u0161ams. Laim\u012bgam br\u012bdim nevajag daudz. J\u016bties k\u0101 m\u0101j\u0101s!<\/p>\n<p>&nbsp;<\/p>\n<p>&nbsp;<\/p>\n<p><span style=\"font-size: 10.5pt; color: #2e2e2e;\">\u00a0<\/span><\/p>\n","protected":false},"excerpt":{"rendered":"<p>Sume galds ir \u012bpa\u0161s ar savu vienk\u0101r\u0161\u012bbu un funkcionalit\u0101ti. Sume galda darb\u012bbas princips ir \u0101rk\u0101rt\u012bgi vienk\u0101r\u0161s, ta\u010du mazi dizaina triki padara galdu at\u0161\u0137ir\u012bgu un gaum\u012bgu. Sume galds ir pieejams divos augstumos, kas \u013cauj izveidot atp\u016btas vietas ar da\u017e\u0101d\u0101m funkcij\u0101m. Apvienojot Sume galdus ar Sume grupas s\u0113dek\u013ciem var izveidoties at\u0161\u0137ir\u012bgas, noska\u0146as un iedvesmojo\u0161as zonas! Pils\u0113tas telpa [&hellip;]<\/p>\n","protected":false},"featured_media":11612,"comment_status":"open","ping_status":"closed","template":"","meta":{"_acf_changed":false},"product_brand":[],"product_cat":[103],"product_tag":[],"class_list":{"0":"post-11598","1":"product","2":"type-product","3":"status-publish","4":"has-post-thumbnail","6":"product_cat-galdi-lv","7":"product-family-sume-lv","9":"first","10":"instock","11":"shipping-taxable","12":"product-type-simple"},"acf":[],"yoast_head":"<!-- This site is optimized with the Yoast SEO plugin v26.4 - https:\/\/yoast.com\/wordpress\/plugins\/seo\/ -->\n<title>galds Sume - Extery galds no pils\u0113tas m\u0113be\u013cu kolekcijas<\/title>\n<meta name=\"description\" content=\"Sume galds ienes pils\u0113ttelpai \u012bpa\u0161u raksturu. Sume grupai piedero\u0161ais galds ir rota\u013c\u012bgs un funkcion\u0101ls. Pils\u0113tas m\u0113beles, soli\u0146i park\u0101, atkrtitumu urnas, k\u0101 ar\u012b pil\u0101ri un velosip\u0113du novietnes.\" \/>\n<meta name=\"robots\" content=\"index, follow, max-snippet:-1, max-image-preview:large, max-video-preview:-1\" \/>\n<link rel=\"canonical\" href=\"https:\/\/extery.com\/lv\/produkti\/galds-sume\/\" \/>\n<meta property=\"og:locale\" content=\"lv_LV\" \/>\n<meta property=\"og:type\" content=\"article\" \/>\n<meta property=\"og:title\" content=\"galds Sume - Extery galds no pils\u0113tas m\u0113be\u013cu kolekcijas\" \/>\n<meta property=\"og:description\" content=\"Sume galds ienes pils\u0113ttelpai \u012bpa\u0161u raksturu. Sume grupai piedero\u0161ais galds ir rota\u013c\u012bgs un funkcion\u0101ls. Pils\u0113tas m\u0113beles, soli\u0146i park\u0101, atkrtitumu urnas, k\u0101 ar\u012b pil\u0101ri un velosip\u0113du novietnes.\" \/>\n<meta property=\"og:url\" content=\"https:\/\/extery.com\/lv\/produkti\/galds-sume\/\" \/>\n<meta property=\"og:site_name\" content=\"Extery\" \/>\n<meta property=\"article:modified_time\" content=\"2026-04-13T10:04:00+00:00\" \/>\n<meta property=\"og:image\" content=\"https:\/\/extery.com\/wp-content\/uploads\/2021\/02\/laud-Sume-eest-scaled.jpg\" \/>\n\t<meta property=\"og:image:width\" content=\"2560\" \/>\n\t<meta property=\"og:image:height\" content=\"1707\" \/>\n\t<meta property=\"og:image:type\" content=\"image\/jpeg\" \/>\n<meta name=\"twitter:card\" content=\"summary_large_image\" \/>\n<meta name=\"twitter:label1\" content=\"Est. reading time\" \/>\n\t<meta name=\"twitter:data1\" content=\"1 minute\" \/>\n<script type=\"application\/ld+json\" class=\"yoast-schema-graph\">{\"@context\":\"https:\/\/schema.org\",\"@graph\":[{\"@type\":\"WebPage\",\"@id\":\"https:\/\/extery.com\/lv\/produkti\/galds-sume\/\",\"url\":\"https:\/\/extery.com\/lv\/produkti\/galds-sume\/\",\"name\":\"galds Sume - Extery galds no pils\u0113tas m\u0113be\u013cu kolekcijas\",\"isPartOf\":{\"@id\":\"https:\/\/extery.com\/lv\/#website\"},\"primaryImageOfPage\":{\"@id\":\"https:\/\/extery.com\/lv\/produkti\/galds-sume\/#primaryimage\"},\"image\":{\"@id\":\"https:\/\/extery.com\/lv\/produkti\/galds-sume\/#primaryimage\"},\"thumbnailUrl\":\"https:\/\/extery.com\/wp-content\/uploads\/2021\/02\/laud-Sume-eest-scaled.jpg\",\"datePublished\":\"2021-02-11T09:49:34+00:00\",\"dateModified\":\"2026-04-13T10:04:00+00:00\",\"description\":\"Sume galds ienes pils\u0113ttelpai \u012bpa\u0161u raksturu. Sume grupai piedero\u0161ais galds ir rota\u013c\u012bgs un funkcion\u0101ls. Pils\u0113tas m\u0113beles, soli\u0146i park\u0101, atkrtitumu urnas, k\u0101 ar\u012b pil\u0101ri un velosip\u0113du novietnes.\",\"breadcrumb\":{\"@id\":\"https:\/\/extery.com\/lv\/produkti\/galds-sume\/#breadcrumb\"},\"inLanguage\":\"lv-LV\",\"potentialAction\":[{\"@type\":\"ReadAction\",\"target\":[\"https:\/\/extery.com\/lv\/produkti\/galds-sume\/\"]}]},{\"@type\":\"ImageObject\",\"inLanguage\":\"lv-LV\",\"@id\":\"https:\/\/extery.com\/lv\/produkti\/galds-sume\/#primaryimage\",\"url\":\"https:\/\/extery.com\/wp-content\/uploads\/2021\/02\/laud-Sume-eest-scaled.jpg\",\"contentUrl\":\"https:\/\/extery.com\/wp-content\/uploads\/2021\/02\/laud-Sume-eest-scaled.jpg\",\"width\":2560,\"height\":1707},{\"@type\":\"BreadcrumbList\",\"@id\":\"https:\/\/extery.com\/lv\/produkti\/galds-sume\/#breadcrumb\",\"itemListElement\":[{\"@type\":\"ListItem\",\"position\":1,\"name\":\"Home\",\"item\":\"https:\/\/extery.com\/lv\/\"},{\"@type\":\"ListItem\",\"position\":2,\"name\":\"Produkti\",\"item\":\"https:\/\/extery.com\/lv\/produkti\/\"},{\"@type\":\"ListItem\",\"position\":3,\"name\":\"galds Sume\"}]},{\"@type\":\"WebSite\",\"@id\":\"https:\/\/extery.com\/lv\/#website\",\"url\":\"https:\/\/extery.com\/lv\/\",\"name\":\"Extery\",\"description\":\"\",\"publisher\":{\"@id\":\"https:\/\/extery.com\/lv\/#organization\"},\"potentialAction\":[{\"@type\":\"SearchAction\",\"target\":{\"@type\":\"EntryPoint\",\"urlTemplate\":\"https:\/\/extery.com\/lv\/?s={search_term_string}\"},\"query-input\":{\"@type\":\"PropertyValueSpecification\",\"valueRequired\":true,\"valueName\":\"search_term_string\"}}],\"inLanguage\":\"lv-LV\"},{\"@type\":\"Organization\",\"@id\":\"https:\/\/extery.com\/lv\/#organization\",\"name\":\"Extery\",\"url\":\"https:\/\/extery.com\/lv\/\",\"logo\":{\"@type\":\"ImageObject\",\"inLanguage\":\"lv-LV\",\"@id\":\"https:\/\/extery.com\/lv\/#\/schema\/logo\/image\/\",\"url\":\"https:\/\/extery.com\/wp-content\/uploads\/2023\/11\/footer-logo.svg\",\"contentUrl\":\"https:\/\/extery.com\/wp-content\/uploads\/2023\/11\/footer-logo.svg\",\"caption\":\"Extery\"},\"image\":{\"@id\":\"https:\/\/extery.com\/lv\/#\/schema\/logo\/image\/\"}}]}<\/script>\n<!-- \/ Yoast SEO plugin. -->","yoast_head_json":{"title":"galds Sume - Extery galds no pils\u0113tas m\u0113be\u013cu kolekcijas","description":"Sume galds ienes pils\u0113ttelpai \u012bpa\u0161u raksturu. Sume grupai piedero\u0161ais galds ir rota\u013c\u012bgs un funkcion\u0101ls. Pils\u0113tas m\u0113beles, soli\u0146i park\u0101, atkrtitumu urnas, k\u0101 ar\u012b pil\u0101ri un velosip\u0113du novietnes.","robots":{"index":"index","follow":"follow","max-snippet":"max-snippet:-1","max-image-preview":"max-image-preview:large","max-video-preview":"max-video-preview:-1"},"canonical":"https:\/\/extery.com\/lv\/produkti\/galds-sume\/","og_locale":"lv_LV","og_type":"article","og_title":"galds Sume - Extery galds no pils\u0113tas m\u0113be\u013cu kolekcijas","og_description":"Sume galds ienes pils\u0113ttelpai \u012bpa\u0161u raksturu. Sume grupai piedero\u0161ais galds ir rota\u013c\u012bgs un funkcion\u0101ls. Pils\u0113tas m\u0113beles, soli\u0146i park\u0101, atkrtitumu urnas, k\u0101 ar\u012b pil\u0101ri un velosip\u0113du novietnes.","og_url":"https:\/\/extery.com\/lv\/produkti\/galds-sume\/","og_site_name":"Extery","article_modified_time":"2026-04-13T10:04:00+00:00","og_image":[{"width":2560,"height":1707,"url":"https:\/\/extery.com\/wp-content\/uploads\/2021\/02\/laud-Sume-eest-scaled.jpg","type":"image\/jpeg"}],"twitter_card":"summary_large_image","twitter_misc":{"Est. reading time":"1 minute"},"schema":{"@context":"https:\/\/schema.org","@graph":[{"@type":"WebPage","@id":"https:\/\/extery.com\/lv\/produkti\/galds-sume\/","url":"https:\/\/extery.com\/lv\/produkti\/galds-sume\/","name":"galds Sume - Extery galds no pils\u0113tas m\u0113be\u013cu kolekcijas","isPartOf":{"@id":"https:\/\/extery.com\/lv\/#website"},"primaryImageOfPage":{"@id":"https:\/\/extery.com\/lv\/produkti\/galds-sume\/#primaryimage"},"image":{"@id":"https:\/\/extery.com\/lv\/produkti\/galds-sume\/#primaryimage"},"thumbnailUrl":"https:\/\/extery.com\/wp-content\/uploads\/2021\/02\/laud-Sume-eest-scaled.jpg","datePublished":"2021-02-11T09:49:34+00:00","dateModified":"2026-04-13T10:04:00+00:00","description":"Sume galds ienes pils\u0113ttelpai \u012bpa\u0161u raksturu. Sume grupai piedero\u0161ais galds ir rota\u013c\u012bgs un funkcion\u0101ls. Pils\u0113tas m\u0113beles, soli\u0146i park\u0101, atkrtitumu urnas, k\u0101 ar\u012b pil\u0101ri un velosip\u0113du novietnes.","breadcrumb":{"@id":"https:\/\/extery.com\/lv\/produkti\/galds-sume\/#breadcrumb"},"inLanguage":"lv-LV","potentialAction":[{"@type":"ReadAction","target":["https:\/\/extery.com\/lv\/produkti\/galds-sume\/"]}]},{"@type":"ImageObject","inLanguage":"lv-LV","@id":"https:\/\/extery.com\/lv\/produkti\/galds-sume\/#primaryimage","url":"https:\/\/extery.com\/wp-content\/uploads\/2021\/02\/laud-Sume-eest-scaled.jpg","contentUrl":"https:\/\/extery.com\/wp-content\/uploads\/2021\/02\/laud-Sume-eest-scaled.jpg","width":2560,"height":1707},{"@type":"BreadcrumbList","@id":"https:\/\/extery.com\/lv\/produkti\/galds-sume\/#breadcrumb","itemListElement":[{"@type":"ListItem","position":1,"name":"Home","item":"https:\/\/extery.com\/lv\/"},{"@type":"ListItem","position":2,"name":"Produkti","item":"https:\/\/extery.com\/lv\/produkti\/"},{"@type":"ListItem","position":3,"name":"galds Sume"}]},{"@type":"WebSite","@id":"https:\/\/extery.com\/lv\/#website","url":"https:\/\/extery.com\/lv\/","name":"Extery","description":"","publisher":{"@id":"https:\/\/extery.com\/lv\/#organization"},"potentialAction":[{"@type":"SearchAction","target":{"@type":"EntryPoint","urlTemplate":"https:\/\/extery.com\/lv\/?s={search_term_string}"},"query-input":{"@type":"PropertyValueSpecification","valueRequired":true,"valueName":"search_term_string"}}],"inLanguage":"lv-LV"},{"@type":"Organization","@id":"https:\/\/extery.com\/lv\/#organization","name":"Extery","url":"https:\/\/extery.com\/lv\/","logo":{"@type":"ImageObject","inLanguage":"lv-LV","@id":"https:\/\/extery.com\/lv\/#\/schema\/logo\/image\/","url":"https:\/\/extery.com\/wp-content\/uploads\/2023\/11\/footer-logo.svg","contentUrl":"https:\/\/extery.com\/wp-content\/uploads\/2023\/11\/footer-logo.svg","caption":"Extery"},"image":{"@id":"https:\/\/extery.com\/lv\/#\/schema\/logo\/image\/"}}]}},"_links":{"self":[{"href":"https:\/\/extery.com\/lv\/wp-json\/wp\/v2\/product\/11598","targetHints":{"allow":["GET"]}}],"collection":[{"href":"https:\/\/extery.com\/lv\/wp-json\/wp\/v2\/product"}],"about":[{"href":"https:\/\/extery.com\/lv\/wp-json\/wp\/v2\/types\/product"}],"replies":[{"embeddable":true,"href":"https:\/\/extery.com\/lv\/wp-json\/wp\/v2\/comments?post=11598"}],"wp:featuredmedia":[{"embeddable":true,"href":"https:\/\/extery.com\/lv\/wp-json\/wp\/v2\/media\/11612"}],"wp:attachment":[{"href":"https:\/\/extery.com\/lv\/wp-json\/wp\/v2\/media?parent=11598"}],"wp:term":[{"taxonomy":"product_brand","embeddable":true,"href":"https:\/\/extery.com\/lv\/wp-json\/wp\/v2\/product_brand?post=11598"},{"taxonomy":"product_cat","embeddable":true,"href":"https:\/\/extery.com\/lv\/wp-json\/wp\/v2\/product_cat?post=11598"},{"taxonomy":"product_tag","embeddable":true,"href":"https:\/\/extery.com\/lv\/wp-json\/wp\/v2\/product_tag?post=11598"}],"curies":[{"name":"wp","href":"https:\/\/api.w.org\/{rel}","templated":true}]}}