{"id":16940,"date":"2022-05-16T06:48:46","date_gmt":"2022-05-16T06:48:46","guid":{"rendered":"https:\/\/extery.com\/?post_type=product&#038;p=16940"},"modified":"2026-03-19T08:39:57","modified_gmt":"2026-03-19T08:39:57","slug":"sola-virsma-veer-bez-atzveltnes","status":"publish","type":"product","link":"https:\/\/extery.com\/lv\/produkti\/sola-virsma-veer-bez-atzveltnes\/","title":{"rendered":"s\u0113dvirsma Veer, bez atzveltnes"},"content":{"rendered":"<p>Veer s\u0113dvirsma ir \u012bpa\u0161i izstr\u0101d\u0101ta, lai papildin\u0101tu labiek\u0101rtotus pak\u0101pienus vai malas, p\u0101rv\u0113r\u0161ot t\u0101s par neticami \u0113rt\u0101m s\u0113d\u0113sanas viet\u0101m da\u017e\u0101d\u0101s pils\u0113tas telp\u0101s.<\/p>\n<p>Veidojot Veer, tika \u0146emts v\u0113r\u0101 maksim\u0101lais lietot\u0101ja komforts: Veer sols ar atzveltni pied\u0101v\u0101 labu sola le\u0146\u0137i un atzveltni \u0113rt\u0101 atliek\u0161an\u0101s augstum\u0101.<\/p>\n<p>Ab\u0101m s\u0113dvirsm\u0101m gan ar, gan bez atzveltnes var pievienot apgaismojumu, piem kuras silt\u0101 vasaras vakar\u0101 las\u012bt gr\u0101matu vai pie\u0161\u0137irt omul\u012bbu apk\u0101rt\u0113jai rudens tumsai.<\/p>\n<p>&nbsp;<\/p>\n","protected":false},"excerpt":{"rendered":"<p>Veer s\u0113dvirsma ir \u012bpa\u0161i izstr\u0101d\u0101ta, lai papildin\u0101tu labiek\u0101rtotus pak\u0101pienus vai malas, p\u0101rv\u0113r\u0161ot t\u0101s par neticami \u0113rt\u0101m s\u0113d\u0113sanas viet\u0101m da\u017e\u0101d\u0101s pils\u0113tas telp\u0101s. Veidojot Veer, tika \u0146emts v\u0113r\u0101 maksim\u0101lais lietot\u0101ja komforts: Veer sols ar atzveltni pied\u0101v\u0101 labu sola le\u0146\u0137i un atzveltni \u0113rt\u0101 atliek\u0161an\u0101s augstum\u0101. Ab\u0101m s\u0113dvirsm\u0101m gan ar, gan bez atzveltnes var pievienot apgaismojumu, piem kuras silt\u0101 [&hellip;]<\/p>\n","protected":false},"featured_media":55678,"comment_status":"open","ping_status":"closed","template":"","meta":{"_acf_changed":false},"product_brand":[],"product_cat":[93],"product_tag":[],"class_list":{"0":"post-16940","1":"product","2":"type-product","3":"status-publish","4":"has-post-thumbnail","6":"product_cat-solini-bez-atzveltnem-lv","7":"product-family-veer-lv","9":"first","10":"instock","11":"shipping-taxable","12":"product-type-simple"},"acf":[],"yoast_head":"<!-- This site is optimized with the Yoast SEO plugin v26.4 - https:\/\/yoast.com\/wordpress\/plugins\/seo\/ -->\n<title>s\u0113dvirsma Veer, bez atzveltnes - Extery pils\u0113tas m\u0113be\u013cu kolekcija parka soli<\/title>\n<meta name=\"description\" content=\"Sols Veer ir izstr\u0101d\u0101ts, lai papildin\u0101tu labiek\u0101rtotus pak\u0101pienus vai malas, p\u0101rv\u0113r\u0161ot t\u0101s par neticami \u0113rt\u0101m atp\u016btas zon\u0101m pils\u0113tvid\u0113.\" \/>\n<meta name=\"robots\" content=\"index, follow, max-snippet:-1, max-image-preview:large, max-video-preview:-1\" \/>\n<link rel=\"canonical\" href=\"https:\/\/extery.com\/lv\/produkti\/sola-virsma-veer-bez-atzveltnes\/\" \/>\n<meta property=\"og:locale\" content=\"lv_LV\" \/>\n<meta property=\"og:type\" content=\"article\" \/>\n<meta property=\"og:title\" content=\"s\u0113dvirsma Veer, bez atzveltnes - Extery pils\u0113tas m\u0113be\u013cu kolekcija parka soli\" \/>\n<meta property=\"og:description\" content=\"Sols Veer ir izstr\u0101d\u0101ts, lai papildin\u0101tu labiek\u0101rtotus pak\u0101pienus vai malas, p\u0101rv\u0113r\u0161ot t\u0101s par neticami \u0113rt\u0101m atp\u016btas zon\u0101m pils\u0113tvid\u0113.\" \/>\n<meta property=\"og:url\" content=\"https:\/\/extery.com\/lv\/produkti\/sola-virsma-veer-bez-atzveltnes\/\" \/>\n<meta property=\"og:site_name\" content=\"Extery\" \/>\n<meta property=\"article:modified_time\" content=\"2026-03-19T08:39:57+00:00\" \/>\n<meta property=\"og:image\" content=\"https:\/\/extery.com\/wp-content\/uploads\/2026\/01\/Veer-myyr-roosa-2000-J-v1_jt2-EXTERY-urban-furniture-park-bench-pargipink-puistonpenkki-sols.jpg\" \/>\n\t<meta property=\"og:image:width\" content=\"1440\" \/>\n\t<meta property=\"og:image:height\" content=\"960\" \/>\n\t<meta property=\"og:image:type\" content=\"image\/jpeg\" \/>\n<meta name=\"twitter:card\" content=\"summary_large_image\" \/>\n<meta name=\"twitter:label1\" content=\"Est. reading time\" \/>\n\t<meta name=\"twitter:data1\" content=\"1 minute\" \/>\n<script type=\"application\/ld+json\" class=\"yoast-schema-graph\">{\"@context\":\"https:\/\/schema.org\",\"@graph\":[{\"@type\":\"WebPage\",\"@id\":\"https:\/\/extery.com\/lv\/produkti\/sola-virsma-veer-bez-atzveltnes\/\",\"url\":\"https:\/\/extery.com\/lv\/produkti\/sola-virsma-veer-bez-atzveltnes\/\",\"name\":\"s\u0113dvirsma Veer, bez atzveltnes - Extery pils\u0113tas m\u0113be\u013cu kolekcija parka soli\",\"isPartOf\":{\"@id\":\"https:\/\/extery.com\/lv\/#website\"},\"primaryImageOfPage\":{\"@id\":\"https:\/\/extery.com\/lv\/produkti\/sola-virsma-veer-bez-atzveltnes\/#primaryimage\"},\"image\":{\"@id\":\"https:\/\/extery.com\/lv\/produkti\/sola-virsma-veer-bez-atzveltnes\/#primaryimage\"},\"thumbnailUrl\":\"https:\/\/extery.com\/wp-content\/uploads\/2026\/01\/Veer-myyr-roosa-2000-J-v1_jt2-EXTERY-urban-furniture-park-bench-pargipink-puistonpenkki-sols.jpg\",\"datePublished\":\"2022-05-16T06:48:46+00:00\",\"dateModified\":\"2026-03-19T08:39:57+00:00\",\"description\":\"Sols Veer ir izstr\u0101d\u0101ts, lai papildin\u0101tu labiek\u0101rtotus pak\u0101pienus vai malas, p\u0101rv\u0113r\u0161ot t\u0101s par neticami \u0113rt\u0101m atp\u016btas zon\u0101m pils\u0113tvid\u0113.\",\"breadcrumb\":{\"@id\":\"https:\/\/extery.com\/lv\/produkti\/sola-virsma-veer-bez-atzveltnes\/#breadcrumb\"},\"inLanguage\":\"lv-LV\",\"potentialAction\":[{\"@type\":\"ReadAction\",\"target\":[\"https:\/\/extery.com\/lv\/produkti\/sola-virsma-veer-bez-atzveltnes\/\"]}]},{\"@type\":\"ImageObject\",\"inLanguage\":\"lv-LV\",\"@id\":\"https:\/\/extery.com\/lv\/produkti\/sola-virsma-veer-bez-atzveltnes\/#primaryimage\",\"url\":\"https:\/\/extery.com\/wp-content\/uploads\/2026\/01\/Veer-myyr-roosa-2000-J-v1_jt2-EXTERY-urban-furniture-park-bench-pargipink-puistonpenkki-sols.jpg\",\"contentUrl\":\"https:\/\/extery.com\/wp-content\/uploads\/2026\/01\/Veer-myyr-roosa-2000-J-v1_jt2-EXTERY-urban-furniture-park-bench-pargipink-puistonpenkki-sols.jpg\",\"width\":1440,\"height\":960},{\"@type\":\"BreadcrumbList\",\"@id\":\"https:\/\/extery.com\/lv\/produkti\/sola-virsma-veer-bez-atzveltnes\/#breadcrumb\",\"itemListElement\":[{\"@type\":\"ListItem\",\"position\":1,\"name\":\"Home\",\"item\":\"https:\/\/extery.com\/lv\/\"},{\"@type\":\"ListItem\",\"position\":2,\"name\":\"Produkti\",\"item\":\"https:\/\/extery.com\/lv\/produkti\/\"},{\"@type\":\"ListItem\",\"position\":3,\"name\":\"s\u0113dvirsma Veer, bez atzveltnes\"}]},{\"@type\":\"WebSite\",\"@id\":\"https:\/\/extery.com\/lv\/#website\",\"url\":\"https:\/\/extery.com\/lv\/\",\"name\":\"Extery\",\"description\":\"\",\"publisher\":{\"@id\":\"https:\/\/extery.com\/lv\/#organization\"},\"potentialAction\":[{\"@type\":\"SearchAction\",\"target\":{\"@type\":\"EntryPoint\",\"urlTemplate\":\"https:\/\/extery.com\/lv\/?s={search_term_string}\"},\"query-input\":{\"@type\":\"PropertyValueSpecification\",\"valueRequired\":true,\"valueName\":\"search_term_string\"}}],\"inLanguage\":\"lv-LV\"},{\"@type\":\"Organization\",\"@id\":\"https:\/\/extery.com\/lv\/#organization\",\"name\":\"Extery\",\"url\":\"https:\/\/extery.com\/lv\/\",\"logo\":{\"@type\":\"ImageObject\",\"inLanguage\":\"lv-LV\",\"@id\":\"https:\/\/extery.com\/lv\/#\/schema\/logo\/image\/\",\"url\":\"https:\/\/extery.com\/wp-content\/uploads\/2023\/11\/footer-logo.svg\",\"contentUrl\":\"https:\/\/extery.com\/wp-content\/uploads\/2023\/11\/footer-logo.svg\",\"caption\":\"Extery\"},\"image\":{\"@id\":\"https:\/\/extery.com\/lv\/#\/schema\/logo\/image\/\"}}]}<\/script>\n<!-- \/ Yoast SEO plugin. -->","yoast_head_json":{"title":"s\u0113dvirsma Veer, bez atzveltnes - Extery pils\u0113tas m\u0113be\u013cu kolekcija parka soli","description":"Sols Veer ir izstr\u0101d\u0101ts, lai papildin\u0101tu labiek\u0101rtotus pak\u0101pienus vai malas, p\u0101rv\u0113r\u0161ot t\u0101s par neticami \u0113rt\u0101m atp\u016btas zon\u0101m pils\u0113tvid\u0113.","robots":{"index":"index","follow":"follow","max-snippet":"max-snippet:-1","max-image-preview":"max-image-preview:large","max-video-preview":"max-video-preview:-1"},"canonical":"https:\/\/extery.com\/lv\/produkti\/sola-virsma-veer-bez-atzveltnes\/","og_locale":"lv_LV","og_type":"article","og_title":"s\u0113dvirsma Veer, bez atzveltnes - Extery pils\u0113tas m\u0113be\u013cu kolekcija parka soli","og_description":"Sols Veer ir izstr\u0101d\u0101ts, lai papildin\u0101tu labiek\u0101rtotus pak\u0101pienus vai malas, p\u0101rv\u0113r\u0161ot t\u0101s par neticami \u0113rt\u0101m atp\u016btas zon\u0101m pils\u0113tvid\u0113.","og_url":"https:\/\/extery.com\/lv\/produkti\/sola-virsma-veer-bez-atzveltnes\/","og_site_name":"Extery","article_modified_time":"2026-03-19T08:39:57+00:00","og_image":[{"width":1440,"height":960,"url":"https:\/\/extery.com\/wp-content\/uploads\/2026\/01\/Veer-myyr-roosa-2000-J-v1_jt2-EXTERY-urban-furniture-park-bench-pargipink-puistonpenkki-sols.jpg","type":"image\/jpeg"}],"twitter_card":"summary_large_image","twitter_misc":{"Est. reading time":"1 minute"},"schema":{"@context":"https:\/\/schema.org","@graph":[{"@type":"WebPage","@id":"https:\/\/extery.com\/lv\/produkti\/sola-virsma-veer-bez-atzveltnes\/","url":"https:\/\/extery.com\/lv\/produkti\/sola-virsma-veer-bez-atzveltnes\/","name":"s\u0113dvirsma Veer, bez atzveltnes - Extery pils\u0113tas m\u0113be\u013cu kolekcija parka soli","isPartOf":{"@id":"https:\/\/extery.com\/lv\/#website"},"primaryImageOfPage":{"@id":"https:\/\/extery.com\/lv\/produkti\/sola-virsma-veer-bez-atzveltnes\/#primaryimage"},"image":{"@id":"https:\/\/extery.com\/lv\/produkti\/sola-virsma-veer-bez-atzveltnes\/#primaryimage"},"thumbnailUrl":"https:\/\/extery.com\/wp-content\/uploads\/2026\/01\/Veer-myyr-roosa-2000-J-v1_jt2-EXTERY-urban-furniture-park-bench-pargipink-puistonpenkki-sols.jpg","datePublished":"2022-05-16T06:48:46+00:00","dateModified":"2026-03-19T08:39:57+00:00","description":"Sols Veer ir izstr\u0101d\u0101ts, lai papildin\u0101tu labiek\u0101rtotus pak\u0101pienus vai malas, p\u0101rv\u0113r\u0161ot t\u0101s par neticami \u0113rt\u0101m atp\u016btas zon\u0101m pils\u0113tvid\u0113.","breadcrumb":{"@id":"https:\/\/extery.com\/lv\/produkti\/sola-virsma-veer-bez-atzveltnes\/#breadcrumb"},"inLanguage":"lv-LV","potentialAction":[{"@type":"ReadAction","target":["https:\/\/extery.com\/lv\/produkti\/sola-virsma-veer-bez-atzveltnes\/"]}]},{"@type":"ImageObject","inLanguage":"lv-LV","@id":"https:\/\/extery.com\/lv\/produkti\/sola-virsma-veer-bez-atzveltnes\/#primaryimage","url":"https:\/\/extery.com\/wp-content\/uploads\/2026\/01\/Veer-myyr-roosa-2000-J-v1_jt2-EXTERY-urban-furniture-park-bench-pargipink-puistonpenkki-sols.jpg","contentUrl":"https:\/\/extery.com\/wp-content\/uploads\/2026\/01\/Veer-myyr-roosa-2000-J-v1_jt2-EXTERY-urban-furniture-park-bench-pargipink-puistonpenkki-sols.jpg","width":1440,"height":960},{"@type":"BreadcrumbList","@id":"https:\/\/extery.com\/lv\/produkti\/sola-virsma-veer-bez-atzveltnes\/#breadcrumb","itemListElement":[{"@type":"ListItem","position":1,"name":"Home","item":"https:\/\/extery.com\/lv\/"},{"@type":"ListItem","position":2,"name":"Produkti","item":"https:\/\/extery.com\/lv\/produkti\/"},{"@type":"ListItem","position":3,"name":"s\u0113dvirsma Veer, bez atzveltnes"}]},{"@type":"WebSite","@id":"https:\/\/extery.com\/lv\/#website","url":"https:\/\/extery.com\/lv\/","name":"Extery","description":"","publisher":{"@id":"https:\/\/extery.com\/lv\/#organization"},"potentialAction":[{"@type":"SearchAction","target":{"@type":"EntryPoint","urlTemplate":"https:\/\/extery.com\/lv\/?s={search_term_string}"},"query-input":{"@type":"PropertyValueSpecification","valueRequired":true,"valueName":"search_term_string"}}],"inLanguage":"lv-LV"},{"@type":"Organization","@id":"https:\/\/extery.com\/lv\/#organization","name":"Extery","url":"https:\/\/extery.com\/lv\/","logo":{"@type":"ImageObject","inLanguage":"lv-LV","@id":"https:\/\/extery.com\/lv\/#\/schema\/logo\/image\/","url":"https:\/\/extery.com\/wp-content\/uploads\/2023\/11\/footer-logo.svg","contentUrl":"https:\/\/extery.com\/wp-content\/uploads\/2023\/11\/footer-logo.svg","caption":"Extery"},"image":{"@id":"https:\/\/extery.com\/lv\/#\/schema\/logo\/image\/"}}]}},"_links":{"self":[{"href":"https:\/\/extery.com\/lv\/wp-json\/wp\/v2\/product\/16940","targetHints":{"allow":["GET"]}}],"collection":[{"href":"https:\/\/extery.com\/lv\/wp-json\/wp\/v2\/product"}],"about":[{"href":"https:\/\/extery.com\/lv\/wp-json\/wp\/v2\/types\/product"}],"replies":[{"embeddable":true,"href":"https:\/\/extery.com\/lv\/wp-json\/wp\/v2\/comments?post=16940"}],"wp:featuredmedia":[{"embeddable":true,"href":"https:\/\/extery.com\/lv\/wp-json\/wp\/v2\/media\/55678"}],"wp:attachment":[{"href":"https:\/\/extery.com\/lv\/wp-json\/wp\/v2\/media?parent=16940"}],"wp:term":[{"taxonomy":"product_brand","embeddable":true,"href":"https:\/\/extery.com\/lv\/wp-json\/wp\/v2\/product_brand?post=16940"},{"taxonomy":"product_cat","embeddable":true,"href":"https:\/\/extery.com\/lv\/wp-json\/wp\/v2\/product_cat?post=16940"},{"taxonomy":"product_tag","embeddable":true,"href":"https:\/\/extery.com\/lv\/wp-json\/wp\/v2\/product_tag?post=16940"}],"curies":[{"name":"wp","href":"https:\/\/api.w.org\/{rel}","templated":true}]}}