{"id":17725,"date":"2022-06-10T08:20:44","date_gmt":"2022-06-10T08:20:44","guid":{"rendered":"https:\/\/extery.com\/?post_type=product&#038;p=17725"},"modified":"2026-04-13T11:45:28","modified_gmt":"2026-04-13T11:45:28","slug":"modulu-soli-jada-set06","status":"publish","type":"product","link":"https:\/\/extery.com\/lv\/produkti\/modulu-soli-jada-set06\/","title":{"rendered":"sols JADA SET06"},"content":{"rendered":"<p>Jada ir modu\u013cu pils\u0113tas m\u0113be\u013cu sist\u0113ma no Extery urban m\u0113be\u013cu kolekcijas, kas \u013cauj viegli izveidot piln\u012bgas atp\u016btas zonas. Jada var izmantot, lai izveidotu bezgal\u012bgas kombin\u0101cijas, lai nokl\u0101tu laukumu apmales, izk\u0101rtotu l\u012bkumotus g\u0101j\u0113ju celi\u0146us vai aizpild\u012btu laukumu ar p\u0101rsteidzo\u0161\u0101m form\u0101m. Atzveltnes var novietot gan blakus, gan pret\u012b, radot gu\u013cvietas vai izol\u0101ciju. Papildinot modu\u013cus ar galdiem var veidot omul\u012bgas priv\u0101tas atp\u016btas zonas vai tie\u0161i pret\u0113ji modu\u013cus ar galdiem apvienot zonas veidojot pat\u012bkam\u0101s pulc\u0113\u0161an\u0101s viet\u0101s, veicinot socializ\u0113\u0161anos.<\/p>\n<p>Parka sols SET06 s\u0113rija sast\u0101v no viena taisna modu\u013ca un viena zvi\u013c\u0146\u0101 modu\u013ca no modul\u0101r\u0101s parka sola sist\u0113mas. \u0160is komplekts pieejams ar\u012b ar vienu galdu un atzveltni.<\/p>\n<p>Ar Jada parka soli\u0146u sist\u0113mu ir iesp\u0113jams rad\u012bt da\u017e\u0101dus risin\u0101jumus atbilsto\u0161i idejai vai telpas pras\u012bb\u0101m.<\/p>\n","protected":false},"excerpt":{"rendered":"<p>Jada ir modu\u013cu pils\u0113tas m\u0113be\u013cu sist\u0113ma no Extery urban m\u0113be\u013cu kolekcijas, kas \u013cauj viegli izveidot piln\u012bgas atp\u016btas zonas. Jada var izmantot, lai izveidotu bezgal\u012bgas kombin\u0101cijas, lai nokl\u0101tu laukumu apmales, izk\u0101rtotu l\u012bkumotus g\u0101j\u0113ju celi\u0146us vai aizpild\u012btu laukumu ar p\u0101rsteidzo\u0161\u0101m form\u0101m. Atzveltnes var novietot gan blakus, gan pret\u012b, radot gu\u013cvietas vai izol\u0101ciju. Papildinot modu\u013cus ar galdiem var [&hellip;]<\/p>\n","protected":false},"featured_media":17739,"comment_status":"open","ping_status":"closed","template":"","meta":{"_acf_changed":false},"product_brand":[],"product_cat":[98,114],"product_tag":[],"class_list":{"0":"post-17725","1":"product","2":"type-product","3":"status-publish","4":"has-post-thumbnail","6":"product_cat-solini-ar-atzveltnem-lv","7":"product_cat-modulu-soli-lv","8":"product-family-jada-lv","10":"first","11":"instock","12":"shipping-taxable","13":"product-type-simple"},"acf":[],"yoast_head":"<!-- This site is optimized with the Yoast SEO plugin v26.4 - https:\/\/yoast.com\/wordpress\/plugins\/seo\/ -->\n<title>sols JADA SET06 - Extery pils\u0113tas m\u0113beles<\/title>\n<meta name=\"description\" content=\"Jada ir modul\u0101ra pils\u0113tas m\u0113be\u013cu sist\u0113ma, kas \u013cauj viegli izveidot piln\u012bgas atp\u016btas zonas. No Jada var izveidot bezgal\u012bgas kombin\u0101cijas.\" \/>\n<meta name=\"robots\" content=\"index, follow, max-snippet:-1, max-image-preview:large, max-video-preview:-1\" \/>\n<link rel=\"canonical\" href=\"https:\/\/extery.com\/lv\/produkti\/modulu-soli-jada-set06\/\" \/>\n<meta property=\"og:locale\" content=\"lv_LV\" \/>\n<meta property=\"og:type\" content=\"article\" \/>\n<meta property=\"og:title\" content=\"sols JADA SET06 - Extery pils\u0113tas m\u0113beles\" \/>\n<meta property=\"og:description\" content=\"Jada ir modul\u0101ra pils\u0113tas m\u0113be\u013cu sist\u0113ma, kas \u013cauj viegli izveidot piln\u012bgas atp\u016btas zonas. No Jada var izveidot bezgal\u012bgas kombin\u0101cijas.\" \/>\n<meta property=\"og:url\" content=\"https:\/\/extery.com\/lv\/produkti\/modulu-soli-jada-set06\/\" \/>\n<meta property=\"og:site_name\" content=\"Extery\" \/>\n<meta property=\"article:modified_time\" content=\"2026-04-13T11:45:28+00:00\" \/>\n<meta property=\"og:image\" content=\"https:\/\/extery.com\/wp-content\/uploads\/2022\/06\/pargipink-jada-lamamine2-e1654849640379.jpg\" \/>\n\t<meta property=\"og:image:width\" content=\"1346\" \/>\n\t<meta property=\"og:image:height\" content=\"1305\" \/>\n\t<meta property=\"og:image:type\" content=\"image\/jpeg\" \/>\n<meta name=\"twitter:card\" content=\"summary_large_image\" \/>\n<meta name=\"twitter:label1\" content=\"Est. reading time\" \/>\n\t<meta name=\"twitter:data1\" content=\"1 minute\" \/>\n<script type=\"application\/ld+json\" class=\"yoast-schema-graph\">{\"@context\":\"https:\/\/schema.org\",\"@graph\":[{\"@type\":\"WebPage\",\"@id\":\"https:\/\/extery.com\/lv\/produkti\/modulu-soli-jada-set06\/\",\"url\":\"https:\/\/extery.com\/lv\/produkti\/modulu-soli-jada-set06\/\",\"name\":\"sols JADA SET06 - Extery pils\u0113tas m\u0113beles\",\"isPartOf\":{\"@id\":\"https:\/\/extery.com\/lv\/#website\"},\"primaryImageOfPage\":{\"@id\":\"https:\/\/extery.com\/lv\/produkti\/modulu-soli-jada-set06\/#primaryimage\"},\"image\":{\"@id\":\"https:\/\/extery.com\/lv\/produkti\/modulu-soli-jada-set06\/#primaryimage\"},\"thumbnailUrl\":\"https:\/\/extery.com\/wp-content\/uploads\/2022\/06\/pargipink-jada-lamamine2-e1654849640379.jpg\",\"datePublished\":\"2022-06-10T08:20:44+00:00\",\"dateModified\":\"2026-04-13T11:45:28+00:00\",\"description\":\"Jada ir modul\u0101ra pils\u0113tas m\u0113be\u013cu sist\u0113ma, kas \u013cauj viegli izveidot piln\u012bgas atp\u016btas zonas. No Jada var izveidot bezgal\u012bgas kombin\u0101cijas.\",\"breadcrumb\":{\"@id\":\"https:\/\/extery.com\/lv\/produkti\/modulu-soli-jada-set06\/#breadcrumb\"},\"inLanguage\":\"lv-LV\",\"potentialAction\":[{\"@type\":\"ReadAction\",\"target\":[\"https:\/\/extery.com\/lv\/produkti\/modulu-soli-jada-set06\/\"]}]},{\"@type\":\"ImageObject\",\"inLanguage\":\"lv-LV\",\"@id\":\"https:\/\/extery.com\/lv\/produkti\/modulu-soli-jada-set06\/#primaryimage\",\"url\":\"https:\/\/extery.com\/wp-content\/uploads\/2022\/06\/pargipink-jada-lamamine2-e1654849640379.jpg\",\"contentUrl\":\"https:\/\/extery.com\/wp-content\/uploads\/2022\/06\/pargipink-jada-lamamine2-e1654849640379.jpg\",\"width\":1346,\"height\":1305},{\"@type\":\"BreadcrumbList\",\"@id\":\"https:\/\/extery.com\/lv\/produkti\/modulu-soli-jada-set06\/#breadcrumb\",\"itemListElement\":[{\"@type\":\"ListItem\",\"position\":1,\"name\":\"Home\",\"item\":\"https:\/\/extery.com\/lv\/\"},{\"@type\":\"ListItem\",\"position\":2,\"name\":\"Produkti\",\"item\":\"https:\/\/extery.com\/lv\/produkti\/\"},{\"@type\":\"ListItem\",\"position\":3,\"name\":\"sols JADA SET06\"}]},{\"@type\":\"WebSite\",\"@id\":\"https:\/\/extery.com\/lv\/#website\",\"url\":\"https:\/\/extery.com\/lv\/\",\"name\":\"Extery\",\"description\":\"\",\"publisher\":{\"@id\":\"https:\/\/extery.com\/lv\/#organization\"},\"potentialAction\":[{\"@type\":\"SearchAction\",\"target\":{\"@type\":\"EntryPoint\",\"urlTemplate\":\"https:\/\/extery.com\/lv\/?s={search_term_string}\"},\"query-input\":{\"@type\":\"PropertyValueSpecification\",\"valueRequired\":true,\"valueName\":\"search_term_string\"}}],\"inLanguage\":\"lv-LV\"},{\"@type\":\"Organization\",\"@id\":\"https:\/\/extery.com\/lv\/#organization\",\"name\":\"Extery\",\"url\":\"https:\/\/extery.com\/lv\/\",\"logo\":{\"@type\":\"ImageObject\",\"inLanguage\":\"lv-LV\",\"@id\":\"https:\/\/extery.com\/lv\/#\/schema\/logo\/image\/\",\"url\":\"https:\/\/extery.com\/wp-content\/uploads\/2023\/11\/footer-logo.svg\",\"contentUrl\":\"https:\/\/extery.com\/wp-content\/uploads\/2023\/11\/footer-logo.svg\",\"caption\":\"Extery\"},\"image\":{\"@id\":\"https:\/\/extery.com\/lv\/#\/schema\/logo\/image\/\"}}]}<\/script>\n<!-- \/ Yoast SEO plugin. -->","yoast_head_json":{"title":"sols JADA SET06 - Extery pils\u0113tas m\u0113beles","description":"Jada ir modul\u0101ra pils\u0113tas m\u0113be\u013cu sist\u0113ma, kas \u013cauj viegli izveidot piln\u012bgas atp\u016btas zonas. No Jada var izveidot bezgal\u012bgas kombin\u0101cijas.","robots":{"index":"index","follow":"follow","max-snippet":"max-snippet:-1","max-image-preview":"max-image-preview:large","max-video-preview":"max-video-preview:-1"},"canonical":"https:\/\/extery.com\/lv\/produkti\/modulu-soli-jada-set06\/","og_locale":"lv_LV","og_type":"article","og_title":"sols JADA SET06 - Extery pils\u0113tas m\u0113beles","og_description":"Jada ir modul\u0101ra pils\u0113tas m\u0113be\u013cu sist\u0113ma, kas \u013cauj viegli izveidot piln\u012bgas atp\u016btas zonas. No Jada var izveidot bezgal\u012bgas kombin\u0101cijas.","og_url":"https:\/\/extery.com\/lv\/produkti\/modulu-soli-jada-set06\/","og_site_name":"Extery","article_modified_time":"2026-04-13T11:45:28+00:00","og_image":[{"width":1346,"height":1305,"url":"https:\/\/extery.com\/wp-content\/uploads\/2022\/06\/pargipink-jada-lamamine2-e1654849640379.jpg","type":"image\/jpeg"}],"twitter_card":"summary_large_image","twitter_misc":{"Est. reading time":"1 minute"},"schema":{"@context":"https:\/\/schema.org","@graph":[{"@type":"WebPage","@id":"https:\/\/extery.com\/lv\/produkti\/modulu-soli-jada-set06\/","url":"https:\/\/extery.com\/lv\/produkti\/modulu-soli-jada-set06\/","name":"sols JADA SET06 - Extery pils\u0113tas m\u0113beles","isPartOf":{"@id":"https:\/\/extery.com\/lv\/#website"},"primaryImageOfPage":{"@id":"https:\/\/extery.com\/lv\/produkti\/modulu-soli-jada-set06\/#primaryimage"},"image":{"@id":"https:\/\/extery.com\/lv\/produkti\/modulu-soli-jada-set06\/#primaryimage"},"thumbnailUrl":"https:\/\/extery.com\/wp-content\/uploads\/2022\/06\/pargipink-jada-lamamine2-e1654849640379.jpg","datePublished":"2022-06-10T08:20:44+00:00","dateModified":"2026-04-13T11:45:28+00:00","description":"Jada ir modul\u0101ra pils\u0113tas m\u0113be\u013cu sist\u0113ma, kas \u013cauj viegli izveidot piln\u012bgas atp\u016btas zonas. No Jada var izveidot bezgal\u012bgas kombin\u0101cijas.","breadcrumb":{"@id":"https:\/\/extery.com\/lv\/produkti\/modulu-soli-jada-set06\/#breadcrumb"},"inLanguage":"lv-LV","potentialAction":[{"@type":"ReadAction","target":["https:\/\/extery.com\/lv\/produkti\/modulu-soli-jada-set06\/"]}]},{"@type":"ImageObject","inLanguage":"lv-LV","@id":"https:\/\/extery.com\/lv\/produkti\/modulu-soli-jada-set06\/#primaryimage","url":"https:\/\/extery.com\/wp-content\/uploads\/2022\/06\/pargipink-jada-lamamine2-e1654849640379.jpg","contentUrl":"https:\/\/extery.com\/wp-content\/uploads\/2022\/06\/pargipink-jada-lamamine2-e1654849640379.jpg","width":1346,"height":1305},{"@type":"BreadcrumbList","@id":"https:\/\/extery.com\/lv\/produkti\/modulu-soli-jada-set06\/#breadcrumb","itemListElement":[{"@type":"ListItem","position":1,"name":"Home","item":"https:\/\/extery.com\/lv\/"},{"@type":"ListItem","position":2,"name":"Produkti","item":"https:\/\/extery.com\/lv\/produkti\/"},{"@type":"ListItem","position":3,"name":"sols JADA SET06"}]},{"@type":"WebSite","@id":"https:\/\/extery.com\/lv\/#website","url":"https:\/\/extery.com\/lv\/","name":"Extery","description":"","publisher":{"@id":"https:\/\/extery.com\/lv\/#organization"},"potentialAction":[{"@type":"SearchAction","target":{"@type":"EntryPoint","urlTemplate":"https:\/\/extery.com\/lv\/?s={search_term_string}"},"query-input":{"@type":"PropertyValueSpecification","valueRequired":true,"valueName":"search_term_string"}}],"inLanguage":"lv-LV"},{"@type":"Organization","@id":"https:\/\/extery.com\/lv\/#organization","name":"Extery","url":"https:\/\/extery.com\/lv\/","logo":{"@type":"ImageObject","inLanguage":"lv-LV","@id":"https:\/\/extery.com\/lv\/#\/schema\/logo\/image\/","url":"https:\/\/extery.com\/wp-content\/uploads\/2023\/11\/footer-logo.svg","contentUrl":"https:\/\/extery.com\/wp-content\/uploads\/2023\/11\/footer-logo.svg","caption":"Extery"},"image":{"@id":"https:\/\/extery.com\/lv\/#\/schema\/logo\/image\/"}}]}},"_links":{"self":[{"href":"https:\/\/extery.com\/lv\/wp-json\/wp\/v2\/product\/17725","targetHints":{"allow":["GET"]}}],"collection":[{"href":"https:\/\/extery.com\/lv\/wp-json\/wp\/v2\/product"}],"about":[{"href":"https:\/\/extery.com\/lv\/wp-json\/wp\/v2\/types\/product"}],"replies":[{"embeddable":true,"href":"https:\/\/extery.com\/lv\/wp-json\/wp\/v2\/comments?post=17725"}],"wp:featuredmedia":[{"embeddable":true,"href":"https:\/\/extery.com\/lv\/wp-json\/wp\/v2\/media\/17739"}],"wp:attachment":[{"href":"https:\/\/extery.com\/lv\/wp-json\/wp\/v2\/media?parent=17725"}],"wp:term":[{"taxonomy":"product_brand","embeddable":true,"href":"https:\/\/extery.com\/lv\/wp-json\/wp\/v2\/product_brand?post=17725"},{"taxonomy":"product_cat","embeddable":true,"href":"https:\/\/extery.com\/lv\/wp-json\/wp\/v2\/product_cat?post=17725"},{"taxonomy":"product_tag","embeddable":true,"href":"https:\/\/extery.com\/lv\/wp-json\/wp\/v2\/product_tag?post=17725"}],"curies":[{"name":"wp","href":"https:\/\/api.w.org\/{rel}","templated":true}]}}