{"id":17781,"date":"2022-06-10T08:52:52","date_gmt":"2022-06-10T08:52:52","guid":{"rendered":"https:\/\/extery.com\/?post_type=product&#038;p=17781"},"modified":"2026-04-13T11:19:46","modified_gmt":"2026-04-13T11:19:46","slug":"parka-soli-jada-uz-mura","status":"publish","type":"product","link":"https:\/\/extery.com\/lv\/produkti\/parka-soli-jada-uz-mura\/","title":{"rendered":"sola virsma Jada uz m\u016bra"},"content":{"rendered":"<p id=\"tw-target-text\" class=\"tw-data-text tw-text-large tw-ta\" dir=\"ltr\" data-placeholder=\"T\u00f5lge\"><span class=\"Y2IQFc\" lang=\"lv\">Jada ir modul\u0101ra pils\u0113tas m\u0113be\u013cu sist\u0113ma, kas \u013cauj viegli izveidot piln\u012bgas atp\u016btas zonas.<\/span><\/p>\n<p class=\"tw-data-text tw-text-large tw-ta\" dir=\"ltr\" data-placeholder=\"T\u00f5lge\"><span class=\"Y2IQFc\" lang=\"lv\">Var veidot neskait\u0101mas kombin\u0101cijas, lai ier\u012bkotu pils\u0113tas laukumus, rota\u013cu laukumus, l\u012bkumotus celi\u0146us vai piepild\u012btu laukumu ar p\u0101rsteidzo\u0161\u0101m form\u0101m.<\/span><\/p>\n<p class=\"tw-data-text tw-text-large tw-ta\" dir=\"ltr\" data-placeholder=\"T\u00f5lge\"><span class=\"Y2IQFc\" lang=\"lv\">Jada \u012bpa\u0161ie solu modu\u013ci ir Jada produktu grupas papildin\u0101jums uz m\u016briem un pak\u0101pieniem pils\u0113tas telp\u0101s.<\/span><\/p>\n<p class=\"tw-data-text tw-text-large tw-ta\" dir=\"ltr\" data-placeholder=\"T\u00f5lge\"><span class=\"Y2IQFc\" lang=\"lv\">Ar Jada ir iesp\u0113jams veidot da\u017e\u0101dus risin\u0101jumus atbilsto\u0161i idejai vai telpas nepiecie\u0161am\u012bbai.<\/span><\/p>\n<p id=\"tw-target-text\" class=\"tw-data-text tw-text-large tw-ta\" dir=\"ltr\" data-placeholder=\"T\u00f5lge\"><span class=\"Y2IQFc\" lang=\"lv\">\u00a0<\/span><\/p>\n<p>&nbsp;<\/p>\n<p>&nbsp;<\/p>\n","protected":false},"excerpt":{"rendered":"<p>Jada ir modul\u0101ra pils\u0113tas m\u0113be\u013cu sist\u0113ma, kas \u013cauj viegli izveidot piln\u012bgas atp\u016btas zonas. Var veidot neskait\u0101mas kombin\u0101cijas, lai ier\u012bkotu pils\u0113tas laukumus, rota\u013cu laukumus, l\u012bkumotus celi\u0146us vai piepild\u012btu laukumu ar p\u0101rsteidzo\u0161\u0101m form\u0101m. Jada \u012bpa\u0161ie solu modu\u013ci ir Jada produktu grupas papildin\u0101jums uz m\u016briem un pak\u0101pieniem pils\u0113tas telp\u0101s. Ar Jada ir iesp\u0113jams veidot da\u017e\u0101dus risin\u0101jumus atbilsto\u0161i idejai [&hellip;]<\/p>\n","protected":false},"featured_media":17767,"comment_status":"open","ping_status":"closed","template":"","meta":{"_acf_changed":false},"product_brand":[],"product_cat":[98,114],"product_tag":[],"class_list":{"0":"post-17781","1":"product","2":"type-product","3":"status-publish","4":"has-post-thumbnail","6":"product_cat-solini-ar-atzveltnem-lv","7":"product_cat-modulu-soli-lv","8":"product-family-jada-lv","10":"first","11":"instock","12":"shipping-taxable","13":"product-type-simple"},"acf":[],"yoast_head":"<!-- This site is optimized with the Yoast SEO plugin v26.4 - https:\/\/yoast.com\/wordpress\/plugins\/seo\/ -->\n<title>sola virsma Jada uz m\u016bra - Extery pils\u0113tas m\u0113be\u013cu kolekcija parka soli<\/title>\n<meta name=\"description\" content=\"Jada ir modul\u0101ra pils\u0113tas m\u0113be\u013cu sist\u0113ma, kas \u013cauj viegli izveidot piln\u012bgas atp\u016btas zonas. No Jada var izveidot bezgal\u012bgas kombin\u0101cijas.\" \/>\n<meta name=\"robots\" content=\"index, follow, max-snippet:-1, max-image-preview:large, max-video-preview:-1\" \/>\n<link rel=\"canonical\" href=\"https:\/\/extery.com\/lv\/produkti\/parka-soli-jada-uz-mura\/\" \/>\n<meta property=\"og:locale\" content=\"lv_LV\" \/>\n<meta property=\"og:type\" content=\"article\" \/>\n<meta property=\"og:title\" content=\"sola virsma Jada uz m\u016bra - Extery pils\u0113tas m\u0113be\u013cu kolekcija parka soli\" \/>\n<meta property=\"og:description\" content=\"Jada ir modul\u0101ra pils\u0113tas m\u0113be\u013cu sist\u0113ma, kas \u013cauj viegli izveidot piln\u012bgas atp\u016btas zonas. No Jada var izveidot bezgal\u012bgas kombin\u0101cijas.\" \/>\n<meta property=\"og:url\" content=\"https:\/\/extery.com\/lv\/produkti\/parka-soli-jada-uz-mura\/\" \/>\n<meta property=\"og:site_name\" content=\"Extery\" \/>\n<meta property=\"article:modified_time\" content=\"2026-04-13T11:19:46+00:00\" \/>\n<meta property=\"og:image\" content=\"https:\/\/extery.com\/wp-content\/uploads\/2022\/06\/jada-muuril2.jpg\" \/>\n\t<meta property=\"og:image:width\" content=\"1354\" \/>\n\t<meta property=\"og:image:height\" content=\"1015\" \/>\n\t<meta property=\"og:image:type\" content=\"image\/jpeg\" \/>\n<meta name=\"twitter:card\" content=\"summary_large_image\" \/>\n<meta name=\"twitter:label1\" content=\"Est. reading time\" \/>\n\t<meta name=\"twitter:data1\" content=\"1 minute\" \/>\n<script type=\"application\/ld+json\" class=\"yoast-schema-graph\">{\"@context\":\"https:\/\/schema.org\",\"@graph\":[{\"@type\":\"WebPage\",\"@id\":\"https:\/\/extery.com\/lv\/produkti\/parka-soli-jada-uz-mura\/\",\"url\":\"https:\/\/extery.com\/lv\/produkti\/parka-soli-jada-uz-mura\/\",\"name\":\"sola virsma Jada uz m\u016bra - Extery pils\u0113tas m\u0113be\u013cu kolekcija parka soli\",\"isPartOf\":{\"@id\":\"https:\/\/extery.com\/lv\/#website\"},\"primaryImageOfPage\":{\"@id\":\"https:\/\/extery.com\/lv\/produkti\/parka-soli-jada-uz-mura\/#primaryimage\"},\"image\":{\"@id\":\"https:\/\/extery.com\/lv\/produkti\/parka-soli-jada-uz-mura\/#primaryimage\"},\"thumbnailUrl\":\"https:\/\/extery.com\/wp-content\/uploads\/2022\/06\/jada-muuril2.jpg\",\"datePublished\":\"2022-06-10T08:52:52+00:00\",\"dateModified\":\"2026-04-13T11:19:46+00:00\",\"description\":\"Jada ir modul\u0101ra pils\u0113tas m\u0113be\u013cu sist\u0113ma, kas \u013cauj viegli izveidot piln\u012bgas atp\u016btas zonas. No Jada var izveidot bezgal\u012bgas kombin\u0101cijas.\",\"breadcrumb\":{\"@id\":\"https:\/\/extery.com\/lv\/produkti\/parka-soli-jada-uz-mura\/#breadcrumb\"},\"inLanguage\":\"lv-LV\",\"potentialAction\":[{\"@type\":\"ReadAction\",\"target\":[\"https:\/\/extery.com\/lv\/produkti\/parka-soli-jada-uz-mura\/\"]}]},{\"@type\":\"ImageObject\",\"inLanguage\":\"lv-LV\",\"@id\":\"https:\/\/extery.com\/lv\/produkti\/parka-soli-jada-uz-mura\/#primaryimage\",\"url\":\"https:\/\/extery.com\/wp-content\/uploads\/2022\/06\/jada-muuril2.jpg\",\"contentUrl\":\"https:\/\/extery.com\/wp-content\/uploads\/2022\/06\/jada-muuril2.jpg\",\"width\":1354,\"height\":1015},{\"@type\":\"BreadcrumbList\",\"@id\":\"https:\/\/extery.com\/lv\/produkti\/parka-soli-jada-uz-mura\/#breadcrumb\",\"itemListElement\":[{\"@type\":\"ListItem\",\"position\":1,\"name\":\"Home\",\"item\":\"https:\/\/extery.com\/lv\/\"},{\"@type\":\"ListItem\",\"position\":2,\"name\":\"Produkti\",\"item\":\"https:\/\/extery.com\/lv\/produkti\/\"},{\"@type\":\"ListItem\",\"position\":3,\"name\":\"sola virsma Jada uz m\u016bra\"}]},{\"@type\":\"WebSite\",\"@id\":\"https:\/\/extery.com\/lv\/#website\",\"url\":\"https:\/\/extery.com\/lv\/\",\"name\":\"Extery\",\"description\":\"\",\"publisher\":{\"@id\":\"https:\/\/extery.com\/lv\/#organization\"},\"potentialAction\":[{\"@type\":\"SearchAction\",\"target\":{\"@type\":\"EntryPoint\",\"urlTemplate\":\"https:\/\/extery.com\/lv\/?s={search_term_string}\"},\"query-input\":{\"@type\":\"PropertyValueSpecification\",\"valueRequired\":true,\"valueName\":\"search_term_string\"}}],\"inLanguage\":\"lv-LV\"},{\"@type\":\"Organization\",\"@id\":\"https:\/\/extery.com\/lv\/#organization\",\"name\":\"Extery\",\"url\":\"https:\/\/extery.com\/lv\/\",\"logo\":{\"@type\":\"ImageObject\",\"inLanguage\":\"lv-LV\",\"@id\":\"https:\/\/extery.com\/lv\/#\/schema\/logo\/image\/\",\"url\":\"https:\/\/extery.com\/wp-content\/uploads\/2023\/11\/footer-logo.svg\",\"contentUrl\":\"https:\/\/extery.com\/wp-content\/uploads\/2023\/11\/footer-logo.svg\",\"caption\":\"Extery\"},\"image\":{\"@id\":\"https:\/\/extery.com\/lv\/#\/schema\/logo\/image\/\"}}]}<\/script>\n<!-- \/ Yoast SEO plugin. -->","yoast_head_json":{"title":"sola virsma Jada uz m\u016bra - Extery pils\u0113tas m\u0113be\u013cu kolekcija parka soli","description":"Jada ir modul\u0101ra pils\u0113tas m\u0113be\u013cu sist\u0113ma, kas \u013cauj viegli izveidot piln\u012bgas atp\u016btas zonas. No Jada var izveidot bezgal\u012bgas kombin\u0101cijas.","robots":{"index":"index","follow":"follow","max-snippet":"max-snippet:-1","max-image-preview":"max-image-preview:large","max-video-preview":"max-video-preview:-1"},"canonical":"https:\/\/extery.com\/lv\/produkti\/parka-soli-jada-uz-mura\/","og_locale":"lv_LV","og_type":"article","og_title":"sola virsma Jada uz m\u016bra - Extery pils\u0113tas m\u0113be\u013cu kolekcija parka soli","og_description":"Jada ir modul\u0101ra pils\u0113tas m\u0113be\u013cu sist\u0113ma, kas \u013cauj viegli izveidot piln\u012bgas atp\u016btas zonas. No Jada var izveidot bezgal\u012bgas kombin\u0101cijas.","og_url":"https:\/\/extery.com\/lv\/produkti\/parka-soli-jada-uz-mura\/","og_site_name":"Extery","article_modified_time":"2026-04-13T11:19:46+00:00","og_image":[{"width":1354,"height":1015,"url":"https:\/\/extery.com\/wp-content\/uploads\/2022\/06\/jada-muuril2.jpg","type":"image\/jpeg"}],"twitter_card":"summary_large_image","twitter_misc":{"Est. reading time":"1 minute"},"schema":{"@context":"https:\/\/schema.org","@graph":[{"@type":"WebPage","@id":"https:\/\/extery.com\/lv\/produkti\/parka-soli-jada-uz-mura\/","url":"https:\/\/extery.com\/lv\/produkti\/parka-soli-jada-uz-mura\/","name":"sola virsma Jada uz m\u016bra - Extery pils\u0113tas m\u0113be\u013cu kolekcija parka soli","isPartOf":{"@id":"https:\/\/extery.com\/lv\/#website"},"primaryImageOfPage":{"@id":"https:\/\/extery.com\/lv\/produkti\/parka-soli-jada-uz-mura\/#primaryimage"},"image":{"@id":"https:\/\/extery.com\/lv\/produkti\/parka-soli-jada-uz-mura\/#primaryimage"},"thumbnailUrl":"https:\/\/extery.com\/wp-content\/uploads\/2022\/06\/jada-muuril2.jpg","datePublished":"2022-06-10T08:52:52+00:00","dateModified":"2026-04-13T11:19:46+00:00","description":"Jada ir modul\u0101ra pils\u0113tas m\u0113be\u013cu sist\u0113ma, kas \u013cauj viegli izveidot piln\u012bgas atp\u016btas zonas. No Jada var izveidot bezgal\u012bgas kombin\u0101cijas.","breadcrumb":{"@id":"https:\/\/extery.com\/lv\/produkti\/parka-soli-jada-uz-mura\/#breadcrumb"},"inLanguage":"lv-LV","potentialAction":[{"@type":"ReadAction","target":["https:\/\/extery.com\/lv\/produkti\/parka-soli-jada-uz-mura\/"]}]},{"@type":"ImageObject","inLanguage":"lv-LV","@id":"https:\/\/extery.com\/lv\/produkti\/parka-soli-jada-uz-mura\/#primaryimage","url":"https:\/\/extery.com\/wp-content\/uploads\/2022\/06\/jada-muuril2.jpg","contentUrl":"https:\/\/extery.com\/wp-content\/uploads\/2022\/06\/jada-muuril2.jpg","width":1354,"height":1015},{"@type":"BreadcrumbList","@id":"https:\/\/extery.com\/lv\/produkti\/parka-soli-jada-uz-mura\/#breadcrumb","itemListElement":[{"@type":"ListItem","position":1,"name":"Home","item":"https:\/\/extery.com\/lv\/"},{"@type":"ListItem","position":2,"name":"Produkti","item":"https:\/\/extery.com\/lv\/produkti\/"},{"@type":"ListItem","position":3,"name":"sola virsma Jada uz m\u016bra"}]},{"@type":"WebSite","@id":"https:\/\/extery.com\/lv\/#website","url":"https:\/\/extery.com\/lv\/","name":"Extery","description":"","publisher":{"@id":"https:\/\/extery.com\/lv\/#organization"},"potentialAction":[{"@type":"SearchAction","target":{"@type":"EntryPoint","urlTemplate":"https:\/\/extery.com\/lv\/?s={search_term_string}"},"query-input":{"@type":"PropertyValueSpecification","valueRequired":true,"valueName":"search_term_string"}}],"inLanguage":"lv-LV"},{"@type":"Organization","@id":"https:\/\/extery.com\/lv\/#organization","name":"Extery","url":"https:\/\/extery.com\/lv\/","logo":{"@type":"ImageObject","inLanguage":"lv-LV","@id":"https:\/\/extery.com\/lv\/#\/schema\/logo\/image\/","url":"https:\/\/extery.com\/wp-content\/uploads\/2023\/11\/footer-logo.svg","contentUrl":"https:\/\/extery.com\/wp-content\/uploads\/2023\/11\/footer-logo.svg","caption":"Extery"},"image":{"@id":"https:\/\/extery.com\/lv\/#\/schema\/logo\/image\/"}}]}},"_links":{"self":[{"href":"https:\/\/extery.com\/lv\/wp-json\/wp\/v2\/product\/17781","targetHints":{"allow":["GET"]}}],"collection":[{"href":"https:\/\/extery.com\/lv\/wp-json\/wp\/v2\/product"}],"about":[{"href":"https:\/\/extery.com\/lv\/wp-json\/wp\/v2\/types\/product"}],"replies":[{"embeddable":true,"href":"https:\/\/extery.com\/lv\/wp-json\/wp\/v2\/comments?post=17781"}],"wp:featuredmedia":[{"embeddable":true,"href":"https:\/\/extery.com\/lv\/wp-json\/wp\/v2\/media\/17767"}],"wp:attachment":[{"href":"https:\/\/extery.com\/lv\/wp-json\/wp\/v2\/media?parent=17781"}],"wp:term":[{"taxonomy":"product_brand","embeddable":true,"href":"https:\/\/extery.com\/lv\/wp-json\/wp\/v2\/product_brand?post=17781"},{"taxonomy":"product_cat","embeddable":true,"href":"https:\/\/extery.com\/lv\/wp-json\/wp\/v2\/product_cat?post=17781"},{"taxonomy":"product_tag","embeddable":true,"href":"https:\/\/extery.com\/lv\/wp-json\/wp\/v2\/product_tag?post=17781"}],"curies":[{"name":"wp","href":"https:\/\/api.w.org\/{rel}","templated":true}]}}