{"id":18814,"date":"2022-07-20T08:37:53","date_gmt":"2022-07-20T08:37:53","guid":{"rendered":"https:\/\/extery.com\/?post_type=product&#038;p=18814"},"modified":"2026-04-13T10:20:03","modified_gmt":"2026-04-13T10:20:03","slug":"parka-sols-reidi","status":"publish","type":"product","link":"https:\/\/extery.com\/lv\/produkti\/parka-sols-reidi\/","title":{"rendered":"parka sols Reidi"},"content":{"rendered":"<p id=\"tw-target-text\" class=\"tw-data-text tw-text-large tw-ta\" dir=\"ltr\" data-placeholder=\"T\u00f5lge\"><span class=\"Y2IQFc\" lang=\"lv\">Parka soli\u0146\u0161 Reidi ir da\u013ca no liel\u0101kas produktu grupas. Reidi pils\u0113tas m\u0113be\u013cu saimei piedero\u0161ajiem produktiem ir vienk\u0101r\u0161s risin\u0101jums, un sp\u0113c\u012bg\u0101 lok\u0161\u0146u met\u0101la virsma izstr\u0101d\u0101juma s\u0101nos \u013cauj perfor\u0113t uz izstr\u0101d\u0101juma da\u017e\u0101dus grafiskos elementus. Atdariniet dabas rakstus vai kopienas simbolus uz parka sola k\u0101jas. Katrs produkts \u0123imen\u0113 var b\u016bt tie\u0161i j\u016bsu projekta seja.<\/span><\/p>\n<p class=\"tw-data-text tw-text-large tw-ta\" dir=\"ltr\" data-placeholder=\"T\u00f5lge\"><span class=\"Y2IQFc\" lang=\"lv\">Met\u0101la konstrukcijai ir izv\u0113l\u0113ts iztur\u012bgs 10 mm biezs karsti cinkots lok\u0161\u0146u met\u0101ls, un koka da\u013cas izv\u0113l\u0113 ir vai nu termiski apstr\u0101d\u0101ts e\u013c\u013cots osis, vai ar\u012b augstas stipr\u012bbas natur\u0101ls tropu koks.<\/span><\/p>\n<p class=\"tw-data-text tw-text-large tw-ta\" dir=\"ltr\" data-placeholder=\"T\u00f5lge\"><span class=\"Y2IQFc\" lang=\"lv\">Piestiprinot izstr\u0101d\u0101jumu, iesp\u0113jams izv\u0113l\u0113ties ar\u012b gar\u0101ku k\u0101ju pazemes sl\u0113ptajam stiprin\u0101jumam.<\/span><\/p>\n","protected":false},"excerpt":{"rendered":"<p>Parka soli\u0146\u0161 Reidi ir da\u013ca no liel\u0101kas produktu grupas. Reidi pils\u0113tas m\u0113be\u013cu saimei piedero\u0161ajiem produktiem ir vienk\u0101r\u0161s risin\u0101jums, un sp\u0113c\u012bg\u0101 lok\u0161\u0146u met\u0101la virsma izstr\u0101d\u0101juma s\u0101nos \u013cauj perfor\u0113t uz izstr\u0101d\u0101juma da\u017e\u0101dus grafiskos elementus. Atdariniet dabas rakstus vai kopienas simbolus uz parka sola k\u0101jas. Katrs produkts \u0123imen\u0113 var b\u016bt tie\u0161i j\u016bsu projekta seja. Met\u0101la konstrukcijai ir izv\u0113l\u0113ts [&hellip;]<\/p>\n","protected":false},"featured_media":18736,"comment_status":"open","ping_status":"closed","template":"","meta":{"_acf_changed":false},"product_brand":[],"product_cat":[98],"product_tag":[],"class_list":{"0":"post-18814","1":"product","2":"type-product","3":"status-publish","4":"has-post-thumbnail","6":"product_cat-solini-ar-atzveltnem-lv","7":"product-family-reidi-lv","9":"first","10":"instock","11":"shipping-taxable","12":"product-type-simple"},"acf":[],"yoast_head":"<!-- This site is optimized with the Yoast SEO plugin v26.4 - https:\/\/yoast.com\/wordpress\/plugins\/seo\/ -->\n<title>parka sols Reidi - Extery pils\u0113tas m\u0113beles<\/title>\n<meta name=\"description\" content=\"Parka sola Reid sp\u0113c\u012bg\u0101 s\u0101nu virsma \u013cauj perfor\u0113t da\u017e\u0101dus grafiskos elementus. Katrs parka soli\u0146\u0161 ar savu simbolu.\" \/>\n<meta name=\"robots\" content=\"index, follow, max-snippet:-1, max-image-preview:large, max-video-preview:-1\" \/>\n<link rel=\"canonical\" href=\"https:\/\/extery.com\/lv\/produkti\/parka-sols-reidi\/\" \/>\n<meta property=\"og:locale\" content=\"lv_LV\" \/>\n<meta property=\"og:type\" content=\"article\" \/>\n<meta property=\"og:title\" content=\"parka sols Reidi - Extery pils\u0113tas m\u0113beles\" \/>\n<meta property=\"og:description\" content=\"Parka sola Reid sp\u0113c\u012bg\u0101 s\u0101nu virsma \u013cauj perfor\u0113t da\u017e\u0101dus grafiskos elementus. Katrs parka soli\u0146\u0161 ar savu simbolu.\" \/>\n<meta property=\"og:url\" content=\"https:\/\/extery.com\/lv\/produkti\/parka-sols-reidi\/\" \/>\n<meta property=\"og:site_name\" content=\"Extery\" \/>\n<meta property=\"article:modified_time\" content=\"2026-04-13T10:20:03+00:00\" \/>\n<meta property=\"og:image\" content=\"https:\/\/extery.com\/wp-content\/uploads\/2022\/07\/Reidi-pargipink-st-Extery-linnamoobel-valimoobel-pargimoobel-scaled.jpg\" \/>\n\t<meta property=\"og:image:width\" content=\"2560\" \/>\n\t<meta property=\"og:image:height\" content=\"1707\" \/>\n\t<meta property=\"og:image:type\" content=\"image\/jpeg\" \/>\n<meta name=\"twitter:card\" content=\"summary_large_image\" \/>\n<meta name=\"twitter:label1\" content=\"Est. reading time\" \/>\n\t<meta name=\"twitter:data1\" content=\"1 minute\" \/>\n<script type=\"application\/ld+json\" class=\"yoast-schema-graph\">{\"@context\":\"https:\/\/schema.org\",\"@graph\":[{\"@type\":\"WebPage\",\"@id\":\"https:\/\/extery.com\/lv\/produkti\/parka-sols-reidi\/\",\"url\":\"https:\/\/extery.com\/lv\/produkti\/parka-sols-reidi\/\",\"name\":\"parka sols Reidi - Extery pils\u0113tas m\u0113beles\",\"isPartOf\":{\"@id\":\"https:\/\/extery.com\/lv\/#website\"},\"primaryImageOfPage\":{\"@id\":\"https:\/\/extery.com\/lv\/produkti\/parka-sols-reidi\/#primaryimage\"},\"image\":{\"@id\":\"https:\/\/extery.com\/lv\/produkti\/parka-sols-reidi\/#primaryimage\"},\"thumbnailUrl\":\"https:\/\/extery.com\/wp-content\/uploads\/2022\/07\/Reidi-pargipink-st-Extery-linnamoobel-valimoobel-pargimoobel-scaled.jpg\",\"datePublished\":\"2022-07-20T08:37:53+00:00\",\"dateModified\":\"2026-04-13T10:20:03+00:00\",\"description\":\"Parka sola Reid sp\u0113c\u012bg\u0101 s\u0101nu virsma \u013cauj perfor\u0113t da\u017e\u0101dus grafiskos elementus. Katrs parka soli\u0146\u0161 ar savu simbolu.\",\"breadcrumb\":{\"@id\":\"https:\/\/extery.com\/lv\/produkti\/parka-sols-reidi\/#breadcrumb\"},\"inLanguage\":\"lv-LV\",\"potentialAction\":[{\"@type\":\"ReadAction\",\"target\":[\"https:\/\/extery.com\/lv\/produkti\/parka-sols-reidi\/\"]}]},{\"@type\":\"ImageObject\",\"inLanguage\":\"lv-LV\",\"@id\":\"https:\/\/extery.com\/lv\/produkti\/parka-sols-reidi\/#primaryimage\",\"url\":\"https:\/\/extery.com\/wp-content\/uploads\/2022\/07\/Reidi-pargipink-st-Extery-linnamoobel-valimoobel-pargimoobel-scaled.jpg\",\"contentUrl\":\"https:\/\/extery.com\/wp-content\/uploads\/2022\/07\/Reidi-pargipink-st-Extery-linnamoobel-valimoobel-pargimoobel-scaled.jpg\",\"width\":2560,\"height\":1707},{\"@type\":\"BreadcrumbList\",\"@id\":\"https:\/\/extery.com\/lv\/produkti\/parka-sols-reidi\/#breadcrumb\",\"itemListElement\":[{\"@type\":\"ListItem\",\"position\":1,\"name\":\"Home\",\"item\":\"https:\/\/extery.com\/lv\/\"},{\"@type\":\"ListItem\",\"position\":2,\"name\":\"Produkti\",\"item\":\"https:\/\/extery.com\/lv\/produkti\/\"},{\"@type\":\"ListItem\",\"position\":3,\"name\":\"parka sols Reidi\"}]},{\"@type\":\"WebSite\",\"@id\":\"https:\/\/extery.com\/lv\/#website\",\"url\":\"https:\/\/extery.com\/lv\/\",\"name\":\"Extery\",\"description\":\"\",\"publisher\":{\"@id\":\"https:\/\/extery.com\/lv\/#organization\"},\"potentialAction\":[{\"@type\":\"SearchAction\",\"target\":{\"@type\":\"EntryPoint\",\"urlTemplate\":\"https:\/\/extery.com\/lv\/?s={search_term_string}\"},\"query-input\":{\"@type\":\"PropertyValueSpecification\",\"valueRequired\":true,\"valueName\":\"search_term_string\"}}],\"inLanguage\":\"lv-LV\"},{\"@type\":\"Organization\",\"@id\":\"https:\/\/extery.com\/lv\/#organization\",\"name\":\"Extery\",\"url\":\"https:\/\/extery.com\/lv\/\",\"logo\":{\"@type\":\"ImageObject\",\"inLanguage\":\"lv-LV\",\"@id\":\"https:\/\/extery.com\/lv\/#\/schema\/logo\/image\/\",\"url\":\"https:\/\/extery.com\/wp-content\/uploads\/2023\/11\/footer-logo.svg\",\"contentUrl\":\"https:\/\/extery.com\/wp-content\/uploads\/2023\/11\/footer-logo.svg\",\"caption\":\"Extery\"},\"image\":{\"@id\":\"https:\/\/extery.com\/lv\/#\/schema\/logo\/image\/\"}}]}<\/script>\n<!-- \/ Yoast SEO plugin. -->","yoast_head_json":{"title":"parka sols Reidi - Extery pils\u0113tas m\u0113beles","description":"Parka sola Reid sp\u0113c\u012bg\u0101 s\u0101nu virsma \u013cauj perfor\u0113t da\u017e\u0101dus grafiskos elementus. Katrs parka soli\u0146\u0161 ar savu simbolu.","robots":{"index":"index","follow":"follow","max-snippet":"max-snippet:-1","max-image-preview":"max-image-preview:large","max-video-preview":"max-video-preview:-1"},"canonical":"https:\/\/extery.com\/lv\/produkti\/parka-sols-reidi\/","og_locale":"lv_LV","og_type":"article","og_title":"parka sols Reidi - Extery pils\u0113tas m\u0113beles","og_description":"Parka sola Reid sp\u0113c\u012bg\u0101 s\u0101nu virsma \u013cauj perfor\u0113t da\u017e\u0101dus grafiskos elementus. Katrs parka soli\u0146\u0161 ar savu simbolu.","og_url":"https:\/\/extery.com\/lv\/produkti\/parka-sols-reidi\/","og_site_name":"Extery","article_modified_time":"2026-04-13T10:20:03+00:00","og_image":[{"width":2560,"height":1707,"url":"https:\/\/extery.com\/wp-content\/uploads\/2022\/07\/Reidi-pargipink-st-Extery-linnamoobel-valimoobel-pargimoobel-scaled.jpg","type":"image\/jpeg"}],"twitter_card":"summary_large_image","twitter_misc":{"Est. reading time":"1 minute"},"schema":{"@context":"https:\/\/schema.org","@graph":[{"@type":"WebPage","@id":"https:\/\/extery.com\/lv\/produkti\/parka-sols-reidi\/","url":"https:\/\/extery.com\/lv\/produkti\/parka-sols-reidi\/","name":"parka sols Reidi - Extery pils\u0113tas m\u0113beles","isPartOf":{"@id":"https:\/\/extery.com\/lv\/#website"},"primaryImageOfPage":{"@id":"https:\/\/extery.com\/lv\/produkti\/parka-sols-reidi\/#primaryimage"},"image":{"@id":"https:\/\/extery.com\/lv\/produkti\/parka-sols-reidi\/#primaryimage"},"thumbnailUrl":"https:\/\/extery.com\/wp-content\/uploads\/2022\/07\/Reidi-pargipink-st-Extery-linnamoobel-valimoobel-pargimoobel-scaled.jpg","datePublished":"2022-07-20T08:37:53+00:00","dateModified":"2026-04-13T10:20:03+00:00","description":"Parka sola Reid sp\u0113c\u012bg\u0101 s\u0101nu virsma \u013cauj perfor\u0113t da\u017e\u0101dus grafiskos elementus. Katrs parka soli\u0146\u0161 ar savu simbolu.","breadcrumb":{"@id":"https:\/\/extery.com\/lv\/produkti\/parka-sols-reidi\/#breadcrumb"},"inLanguage":"lv-LV","potentialAction":[{"@type":"ReadAction","target":["https:\/\/extery.com\/lv\/produkti\/parka-sols-reidi\/"]}]},{"@type":"ImageObject","inLanguage":"lv-LV","@id":"https:\/\/extery.com\/lv\/produkti\/parka-sols-reidi\/#primaryimage","url":"https:\/\/extery.com\/wp-content\/uploads\/2022\/07\/Reidi-pargipink-st-Extery-linnamoobel-valimoobel-pargimoobel-scaled.jpg","contentUrl":"https:\/\/extery.com\/wp-content\/uploads\/2022\/07\/Reidi-pargipink-st-Extery-linnamoobel-valimoobel-pargimoobel-scaled.jpg","width":2560,"height":1707},{"@type":"BreadcrumbList","@id":"https:\/\/extery.com\/lv\/produkti\/parka-sols-reidi\/#breadcrumb","itemListElement":[{"@type":"ListItem","position":1,"name":"Home","item":"https:\/\/extery.com\/lv\/"},{"@type":"ListItem","position":2,"name":"Produkti","item":"https:\/\/extery.com\/lv\/produkti\/"},{"@type":"ListItem","position":3,"name":"parka sols Reidi"}]},{"@type":"WebSite","@id":"https:\/\/extery.com\/lv\/#website","url":"https:\/\/extery.com\/lv\/","name":"Extery","description":"","publisher":{"@id":"https:\/\/extery.com\/lv\/#organization"},"potentialAction":[{"@type":"SearchAction","target":{"@type":"EntryPoint","urlTemplate":"https:\/\/extery.com\/lv\/?s={search_term_string}"},"query-input":{"@type":"PropertyValueSpecification","valueRequired":true,"valueName":"search_term_string"}}],"inLanguage":"lv-LV"},{"@type":"Organization","@id":"https:\/\/extery.com\/lv\/#organization","name":"Extery","url":"https:\/\/extery.com\/lv\/","logo":{"@type":"ImageObject","inLanguage":"lv-LV","@id":"https:\/\/extery.com\/lv\/#\/schema\/logo\/image\/","url":"https:\/\/extery.com\/wp-content\/uploads\/2023\/11\/footer-logo.svg","contentUrl":"https:\/\/extery.com\/wp-content\/uploads\/2023\/11\/footer-logo.svg","caption":"Extery"},"image":{"@id":"https:\/\/extery.com\/lv\/#\/schema\/logo\/image\/"}}]}},"_links":{"self":[{"href":"https:\/\/extery.com\/lv\/wp-json\/wp\/v2\/product\/18814","targetHints":{"allow":["GET"]}}],"collection":[{"href":"https:\/\/extery.com\/lv\/wp-json\/wp\/v2\/product"}],"about":[{"href":"https:\/\/extery.com\/lv\/wp-json\/wp\/v2\/types\/product"}],"replies":[{"embeddable":true,"href":"https:\/\/extery.com\/lv\/wp-json\/wp\/v2\/comments?post=18814"}],"wp:featuredmedia":[{"embeddable":true,"href":"https:\/\/extery.com\/lv\/wp-json\/wp\/v2\/media\/18736"}],"wp:attachment":[{"href":"https:\/\/extery.com\/lv\/wp-json\/wp\/v2\/media?parent=18814"}],"wp:term":[{"taxonomy":"product_brand","embeddable":true,"href":"https:\/\/extery.com\/lv\/wp-json\/wp\/v2\/product_brand?post=18814"},{"taxonomy":"product_cat","embeddable":true,"href":"https:\/\/extery.com\/lv\/wp-json\/wp\/v2\/product_cat?post=18814"},{"taxonomy":"product_tag","embeddable":true,"href":"https:\/\/extery.com\/lv\/wp-json\/wp\/v2\/product_tag?post=18814"}],"curies":[{"name":"wp","href":"https:\/\/api.w.org\/{rel}","templated":true}]}}