{"id":20599,"date":"2022-11-01T12:25:57","date_gmt":"2022-11-01T12:25:57","guid":{"rendered":"https:\/\/extery.com\/?post_type=product&#038;p=20599"},"modified":"2025-06-25T10:07:54","modified_gmt":"2025-06-25T10:07:54","slug":"moduli-para-soli-jada","status":"publish","type":"product","link":"https:\/\/extery.com\/lv\/produkti\/moduli-para-soli-jada\/","title":{"rendered":"Modu\u013cu sols JADA"},"content":{"rendered":"<p>JADA modu\u013cu parka sols \u013cauj izveidot da\u017e\u0101dus risin\u0101jumus, kas atbilst idejai vai telpas pras\u012bb\u0101m. Ar da\u017e\u0101diem JADA modu\u013ciem ir iesp\u0113jams izveidot daudz da\u017e\u0101du un aizraujo\u0161u formu.<\/p>\n<p>Jada ir modu\u013cu pils\u0113tas m\u0113be\u013cu sist\u0113ma no Extery urban m\u0113be\u013cu kolekcijas, kas \u013cauj viegli izveidot piln\u012bgas atp\u016btas zonas. Ar Jada var izmantot, lai izveidotu bezgal\u012bgas kombin\u0101cijas, lai izkl\u0101tu laukumu malas, izkl\u0101tu l\u012bkumotus g\u0101j\u0113ju celi\u0146us vai aizpild\u012btu laukumu ar p\u0101rsteidzo\u0161\u0101m form\u0101m. Atzveltnes var novietot gan blakus, gan pret\u012b, radot gu\u013cvietas vai izol\u0101ciju. Galdus var papla\u0161in\u0101t par omul\u012bg\u0101m priv\u0101t\u0101m atp\u016btas zon\u0101m vai apvienot ar galdiem pat\u012bkam\u0101s pulc\u0113\u0161an\u0101s viet\u0101s, kas veicina sabiedriskumu.<\/p>\n","protected":false},"excerpt":{"rendered":"<p>JADA modu\u013cu parka sols \u013cauj izveidot da\u017e\u0101dus risin\u0101jumus, kas atbilst idejai vai telpas pras\u012bb\u0101m. Ar da\u017e\u0101diem JADA modu\u013ciem ir iesp\u0113jams izveidot daudz da\u017e\u0101du un aizraujo\u0161u formu. Jada ir modu\u013cu pils\u0113tas m\u0113be\u013cu sist\u0113ma no Extery urban m\u0113be\u013cu kolekcijas, kas \u013cauj viegli izveidot piln\u012bgas atp\u016btas zonas. Ar Jada var izmantot, lai izveidotu bezgal\u012bgas kombin\u0101cijas, lai izkl\u0101tu laukumu [&hellip;]<\/p>\n","protected":false},"featured_media":55084,"comment_status":"open","ping_status":"closed","template":"","meta":{"_acf_changed":false},"product_brand":[],"product_cat":[114],"product_tag":[],"class_list":{"0":"post-20599","1":"product","2":"type-product","3":"status-publish","4":"has-post-thumbnail","6":"product_cat-modulu-soli-lv","7":"product-family-jada-lv","9":"first","10":"instock","11":"shipping-taxable","12":"product-type-simple"},"acf":[],"yoast_head":"<!-- This site is optimized with the Yoast SEO plugin v26.4 - https:\/\/yoast.com\/wordpress\/plugins\/seo\/ -->\n<title>Modu\u013cu sols JADA - Extery linnam\u00f6\u00f6bli pargipink, ringpink<\/title>\n<meta name=\"description\" content=\"Jada ir modu\u013cu pils\u0113tas m\u0113be\u013cu sist\u0113ma, kas \u013cauj viegli izveidot piln\u012bgas atp\u016btas zonas. No sec\u012bbas var izveidot bezgal\u012bgas kombin\u0101cijas.\" \/>\n<meta name=\"robots\" content=\"index, follow, max-snippet:-1, max-image-preview:large, max-video-preview:-1\" \/>\n<link rel=\"canonical\" href=\"https:\/\/extery.com\/lv\/produkti\/moduli-para-soli-jada\/\" \/>\n<meta property=\"og:locale\" content=\"lv_LV\" \/>\n<meta property=\"og:type\" content=\"article\" \/>\n<meta property=\"og:title\" content=\"Modu\u013cu sols JADA - Extery linnam\u00f6\u00f6bli pargipink, ringpink\" \/>\n<meta property=\"og:description\" content=\"Jada ir modu\u013cu pils\u0113tas m\u0113be\u013cu sist\u0113ma, kas \u013cauj viegli izveidot piln\u012bgas atp\u016btas zonas. No sec\u012bbas var izveidot bezgal\u012bgas kombin\u0101cijas.\" \/>\n<meta property=\"og:url\" content=\"https:\/\/extery.com\/lv\/produkti\/moduli-para-soli-jada\/\" \/>\n<meta property=\"og:site_name\" content=\"Extery\" \/>\n<meta property=\"article:modified_time\" content=\"2025-06-25T10:07:54+00:00\" \/>\n<meta property=\"og:image\" content=\"https:\/\/extery.com\/wp-content\/uploads\/2022\/11\/Jada-module-park-bench-different-sets-scaled.jpg\" \/>\n\t<meta property=\"og:image:width\" content=\"2560\" \/>\n\t<meta property=\"og:image:height\" content=\"1782\" \/>\n\t<meta property=\"og:image:type\" content=\"image\/jpeg\" \/>\n<meta name=\"twitter:card\" content=\"summary_large_image\" \/>\n<meta name=\"twitter:label1\" content=\"Est. reading time\" \/>\n\t<meta name=\"twitter:data1\" content=\"1 minute\" \/>\n<script type=\"application\/ld+json\" class=\"yoast-schema-graph\">{\"@context\":\"https:\/\/schema.org\",\"@graph\":[{\"@type\":\"WebPage\",\"@id\":\"https:\/\/extery.com\/lv\/produkti\/moduli-para-soli-jada\/\",\"url\":\"https:\/\/extery.com\/lv\/produkti\/moduli-para-soli-jada\/\",\"name\":\"Modu\u013cu sols JADA - Extery linnam\u00f6\u00f6bli pargipink, ringpink\",\"isPartOf\":{\"@id\":\"https:\/\/extery.com\/lv\/#website\"},\"primaryImageOfPage\":{\"@id\":\"https:\/\/extery.com\/lv\/produkti\/moduli-para-soli-jada\/#primaryimage\"},\"image\":{\"@id\":\"https:\/\/extery.com\/lv\/produkti\/moduli-para-soli-jada\/#primaryimage\"},\"thumbnailUrl\":\"https:\/\/extery.com\/wp-content\/uploads\/2025\/10\/jada-set-1.jpg\",\"datePublished\":\"2022-11-01T12:25:57+00:00\",\"dateModified\":\"2025-06-25T10:07:54+00:00\",\"description\":\"Jada ir modu\u013cu pils\u0113tas m\u0113be\u013cu sist\u0113ma, kas \u013cauj viegli izveidot piln\u012bgas atp\u016btas zonas. No sec\u012bbas var izveidot bezgal\u012bgas kombin\u0101cijas.\",\"breadcrumb\":{\"@id\":\"https:\/\/extery.com\/lv\/produkti\/moduli-para-soli-jada\/#breadcrumb\"},\"inLanguage\":\"lv-LV\",\"potentialAction\":[{\"@type\":\"ReadAction\",\"target\":[\"https:\/\/extery.com\/lv\/produkti\/moduli-para-soli-jada\/\"]}]},{\"@type\":\"ImageObject\",\"inLanguage\":\"lv-LV\",\"@id\":\"https:\/\/extery.com\/lv\/produkti\/moduli-para-soli-jada\/#primaryimage\",\"url\":\"https:\/\/extery.com\/wp-content\/uploads\/2025\/10\/jada-set-1.jpg\",\"contentUrl\":\"https:\/\/extery.com\/wp-content\/uploads\/2025\/10\/jada-set-1.jpg\",\"width\":1094,\"height\":1095},{\"@type\":\"BreadcrumbList\",\"@id\":\"https:\/\/extery.com\/lv\/produkti\/moduli-para-soli-jada\/#breadcrumb\",\"itemListElement\":[{\"@type\":\"ListItem\",\"position\":1,\"name\":\"Home\",\"item\":\"https:\/\/extery.com\/lv\/\"},{\"@type\":\"ListItem\",\"position\":2,\"name\":\"Produkti\",\"item\":\"https:\/\/extery.com\/lv\/produkti\/\"},{\"@type\":\"ListItem\",\"position\":3,\"name\":\"Modu\u013cu sols JADA\"}]},{\"@type\":\"WebSite\",\"@id\":\"https:\/\/extery.com\/lv\/#website\",\"url\":\"https:\/\/extery.com\/lv\/\",\"name\":\"Extery\",\"description\":\"\",\"publisher\":{\"@id\":\"https:\/\/extery.com\/lv\/#organization\"},\"potentialAction\":[{\"@type\":\"SearchAction\",\"target\":{\"@type\":\"EntryPoint\",\"urlTemplate\":\"https:\/\/extery.com\/lv\/?s={search_term_string}\"},\"query-input\":{\"@type\":\"PropertyValueSpecification\",\"valueRequired\":true,\"valueName\":\"search_term_string\"}}],\"inLanguage\":\"lv-LV\"},{\"@type\":\"Organization\",\"@id\":\"https:\/\/extery.com\/lv\/#organization\",\"name\":\"Extery\",\"url\":\"https:\/\/extery.com\/lv\/\",\"logo\":{\"@type\":\"ImageObject\",\"inLanguage\":\"lv-LV\",\"@id\":\"https:\/\/extery.com\/lv\/#\/schema\/logo\/image\/\",\"url\":\"https:\/\/extery.com\/wp-content\/uploads\/2023\/11\/footer-logo.svg\",\"contentUrl\":\"https:\/\/extery.com\/wp-content\/uploads\/2023\/11\/footer-logo.svg\",\"caption\":\"Extery\"},\"image\":{\"@id\":\"https:\/\/extery.com\/lv\/#\/schema\/logo\/image\/\"}}]}<\/script>\n<!-- \/ Yoast SEO plugin. -->","yoast_head_json":{"title":"Modu\u013cu sols JADA - Extery linnam\u00f6\u00f6bli pargipink, ringpink","description":"Jada ir modu\u013cu pils\u0113tas m\u0113be\u013cu sist\u0113ma, kas \u013cauj viegli izveidot piln\u012bgas atp\u016btas zonas. No sec\u012bbas var izveidot bezgal\u012bgas kombin\u0101cijas.","robots":{"index":"index","follow":"follow","max-snippet":"max-snippet:-1","max-image-preview":"max-image-preview:large","max-video-preview":"max-video-preview:-1"},"canonical":"https:\/\/extery.com\/lv\/produkti\/moduli-para-soli-jada\/","og_locale":"lv_LV","og_type":"article","og_title":"Modu\u013cu sols JADA - Extery linnam\u00f6\u00f6bli pargipink, ringpink","og_description":"Jada ir modu\u013cu pils\u0113tas m\u0113be\u013cu sist\u0113ma, kas \u013cauj viegli izveidot piln\u012bgas atp\u016btas zonas. No sec\u012bbas var izveidot bezgal\u012bgas kombin\u0101cijas.","og_url":"https:\/\/extery.com\/lv\/produkti\/moduli-para-soli-jada\/","og_site_name":"Extery","article_modified_time":"2025-06-25T10:07:54+00:00","og_image":[{"width":2560,"height":1782,"url":"https:\/\/extery.com\/wp-content\/uploads\/2022\/11\/Jada-module-park-bench-different-sets-scaled.jpg","type":"image\/jpeg"}],"twitter_card":"summary_large_image","twitter_misc":{"Est. reading time":"1 minute"},"schema":{"@context":"https:\/\/schema.org","@graph":[{"@type":"WebPage","@id":"https:\/\/extery.com\/lv\/produkti\/moduli-para-soli-jada\/","url":"https:\/\/extery.com\/lv\/produkti\/moduli-para-soli-jada\/","name":"Modu\u013cu sols JADA - Extery linnam\u00f6\u00f6bli pargipink, ringpink","isPartOf":{"@id":"https:\/\/extery.com\/lv\/#website"},"primaryImageOfPage":{"@id":"https:\/\/extery.com\/lv\/produkti\/moduli-para-soli-jada\/#primaryimage"},"image":{"@id":"https:\/\/extery.com\/lv\/produkti\/moduli-para-soli-jada\/#primaryimage"},"thumbnailUrl":"https:\/\/extery.com\/wp-content\/uploads\/2025\/10\/jada-set-1.jpg","datePublished":"2022-11-01T12:25:57+00:00","dateModified":"2025-06-25T10:07:54+00:00","description":"Jada ir modu\u013cu pils\u0113tas m\u0113be\u013cu sist\u0113ma, kas \u013cauj viegli izveidot piln\u012bgas atp\u016btas zonas. No sec\u012bbas var izveidot bezgal\u012bgas kombin\u0101cijas.","breadcrumb":{"@id":"https:\/\/extery.com\/lv\/produkti\/moduli-para-soli-jada\/#breadcrumb"},"inLanguage":"lv-LV","potentialAction":[{"@type":"ReadAction","target":["https:\/\/extery.com\/lv\/produkti\/moduli-para-soli-jada\/"]}]},{"@type":"ImageObject","inLanguage":"lv-LV","@id":"https:\/\/extery.com\/lv\/produkti\/moduli-para-soli-jada\/#primaryimage","url":"https:\/\/extery.com\/wp-content\/uploads\/2025\/10\/jada-set-1.jpg","contentUrl":"https:\/\/extery.com\/wp-content\/uploads\/2025\/10\/jada-set-1.jpg","width":1094,"height":1095},{"@type":"BreadcrumbList","@id":"https:\/\/extery.com\/lv\/produkti\/moduli-para-soli-jada\/#breadcrumb","itemListElement":[{"@type":"ListItem","position":1,"name":"Home","item":"https:\/\/extery.com\/lv\/"},{"@type":"ListItem","position":2,"name":"Produkti","item":"https:\/\/extery.com\/lv\/produkti\/"},{"@type":"ListItem","position":3,"name":"Modu\u013cu sols JADA"}]},{"@type":"WebSite","@id":"https:\/\/extery.com\/lv\/#website","url":"https:\/\/extery.com\/lv\/","name":"Extery","description":"","publisher":{"@id":"https:\/\/extery.com\/lv\/#organization"},"potentialAction":[{"@type":"SearchAction","target":{"@type":"EntryPoint","urlTemplate":"https:\/\/extery.com\/lv\/?s={search_term_string}"},"query-input":{"@type":"PropertyValueSpecification","valueRequired":true,"valueName":"search_term_string"}}],"inLanguage":"lv-LV"},{"@type":"Organization","@id":"https:\/\/extery.com\/lv\/#organization","name":"Extery","url":"https:\/\/extery.com\/lv\/","logo":{"@type":"ImageObject","inLanguage":"lv-LV","@id":"https:\/\/extery.com\/lv\/#\/schema\/logo\/image\/","url":"https:\/\/extery.com\/wp-content\/uploads\/2023\/11\/footer-logo.svg","contentUrl":"https:\/\/extery.com\/wp-content\/uploads\/2023\/11\/footer-logo.svg","caption":"Extery"},"image":{"@id":"https:\/\/extery.com\/lv\/#\/schema\/logo\/image\/"}}]}},"_links":{"self":[{"href":"https:\/\/extery.com\/lv\/wp-json\/wp\/v2\/product\/20599","targetHints":{"allow":["GET"]}}],"collection":[{"href":"https:\/\/extery.com\/lv\/wp-json\/wp\/v2\/product"}],"about":[{"href":"https:\/\/extery.com\/lv\/wp-json\/wp\/v2\/types\/product"}],"replies":[{"embeddable":true,"href":"https:\/\/extery.com\/lv\/wp-json\/wp\/v2\/comments?post=20599"}],"wp:featuredmedia":[{"embeddable":true,"href":"https:\/\/extery.com\/lv\/wp-json\/wp\/v2\/media\/55084"}],"wp:attachment":[{"href":"https:\/\/extery.com\/lv\/wp-json\/wp\/v2\/media?parent=20599"}],"wp:term":[{"taxonomy":"product_brand","embeddable":true,"href":"https:\/\/extery.com\/lv\/wp-json\/wp\/v2\/product_brand?post=20599"},{"taxonomy":"product_cat","embeddable":true,"href":"https:\/\/extery.com\/lv\/wp-json\/wp\/v2\/product_cat?post=20599"},{"taxonomy":"product_tag","embeddable":true,"href":"https:\/\/extery.com\/lv\/wp-json\/wp\/v2\/product_tag?post=20599"}],"curies":[{"name":"wp","href":"https:\/\/api.w.org\/{rel}","templated":true}]}}