{"id":20847,"date":"2022-11-14T12:45:51","date_gmt":"2022-11-14T12:45:51","guid":{"rendered":"https:\/\/extery.com\/?post_type=product&#038;p=20847"},"modified":"2026-04-15T12:47:29","modified_gmt":"2026-04-15T12:47:29","slug":"modulu-parka-sols-jada-set03","status":"publish","type":"product","link":"https:\/\/extery.com\/lv\/produkti\/modulu-parka-sols-jada-set03\/","title":{"rendered":"modu\u013cu sols JADA SET03"},"content":{"rendered":"<p>Parka sols Jada SET03 ir taisnu modu\u013cu un atzvelt\u0146u kombin\u0101cija. Komplekts sast\u0101v no 4 taisniem modu\u013ciem un 4 atzveltn\u0113m. \u0160o komplektu var papildin\u0101t ar\u012b ar galdiem un roku balstiem.<\/p>\n<p>Vair\u0101k risin\u0101jumus atrad\u012bsi <a href=\"\/?product_cat=modula-soli-lv\">\u0161eit<\/a> vai darba lap\u0101s.<\/p>\n<p>Jada ir modu\u013cu pils\u0113tas m\u0113be\u013cu sist\u0113ma no Extery urban m\u0113be\u013cu kolekcijas, kas \u013cauj viegli izveidot piln\u012bgas atp\u016btas zonas. Jada var izmantot, lai izveidotu bezgal\u012bgas kombin\u0101cijas, lai nokl\u0101tu laukumu apmales, izk\u0101rtotu l\u012bkumotus g\u0101j\u0113ju celi\u0146us vai aizpild\u012btu laukumu ar p\u0101rsteidzo\u0161\u0101m form\u0101m. Atzveltnes var novietot gan blakus, gan pret\u012b, radot gu\u013cvietas vai izol\u0101ciju. Papildinot modu\u013cus ar galdiem var veidot omul\u012bgas priv\u0101tas atp\u016btas zonas vai tie\u0161i pret\u0113ji modu\u013cus ar galdiem apvienot zonas veidojot pat\u012bkam\u0101s pulc\u0113\u0161an\u0101s viet\u0101s, veicinot socializ\u0113\u0161anos.<\/p>\n","protected":false},"excerpt":{"rendered":"<p>Parka sols Jada SET03 ir taisnu modu\u013cu un atzvelt\u0146u kombin\u0101cija. Komplekts sast\u0101v no 4 taisniem modu\u013ciem un 4 atzveltn\u0113m. \u0160o komplektu var papildin\u0101t ar\u012b ar galdiem un roku balstiem. Vair\u0101k risin\u0101jumus atrad\u012bsi \u0161eit vai darba lap\u0101s. Jada ir modu\u013cu pils\u0113tas m\u0113be\u013cu sist\u0113ma no Extery urban m\u0113be\u013cu kolekcijas, kas \u013cauj viegli izveidot piln\u012bgas atp\u016btas zonas. Jada [&hellip;]<\/p>\n","protected":false},"featured_media":20854,"comment_status":"open","ping_status":"closed","template":"","meta":{"_acf_changed":false},"product_brand":[],"product_cat":[98,114],"product_tag":[],"class_list":{"0":"post-20847","1":"product","2":"type-product","3":"status-publish","4":"has-post-thumbnail","6":"product_cat-solini-ar-atzveltnem-lv","7":"product_cat-modulu-soli-lv","8":"product-family-jada-lv","10":"first","11":"instock","12":"shipping-taxable","13":"product-type-simple"},"acf":[],"yoast_head":"<!-- This site is optimized with the Yoast SEO plugin v26.4 - https:\/\/yoast.com\/wordpress\/plugins\/seo\/ -->\n<title>modu\u013cu sols JADA SET03 - Extery pils\u0113tas m\u0113beles<\/title>\n<meta name=\"description\" content=\"Parka sols JADA SET03 ir viens no nebeidzamiem modu\u013cu pils\u0113tas m\u0113be\u013cu sist\u0113mas variantiem. Apskati citus komplektus m\u016bsu m\u0101jaslap\u0101!\" \/>\n<meta name=\"robots\" content=\"index, follow, max-snippet:-1, max-image-preview:large, max-video-preview:-1\" \/>\n<link rel=\"canonical\" href=\"https:\/\/extery.com\/lv\/produkti\/modulu-parka-sols-jada-set03\/\" \/>\n<meta property=\"og:locale\" content=\"lv_LV\" \/>\n<meta property=\"og:type\" content=\"article\" \/>\n<meta property=\"og:title\" content=\"modu\u013cu sols JADA SET03 - Extery pils\u0113tas m\u0113beles\" \/>\n<meta property=\"og:description\" content=\"Parka sols JADA SET03 ir viens no nebeidzamiem modu\u013cu pils\u0113tas m\u0113be\u013cu sist\u0113mas variantiem. Apskati citus komplektus m\u016bsu m\u0101jaslap\u0101!\" \/>\n<meta property=\"og:url\" content=\"https:\/\/extery.com\/lv\/produkti\/modulu-parka-sols-jada-set03\/\" \/>\n<meta property=\"og:site_name\" content=\"Extery\" \/>\n<meta property=\"article:modified_time\" content=\"2026-04-15T12:47:29+00:00\" \/>\n<meta property=\"og:image\" content=\"https:\/\/extery.com\/wp-content\/uploads\/2022\/11\/Modulaarne-pargipink-Jada-SET03-Extery-linnamoobel-urban-furniture-park-bench-2.jpg\" \/>\n\t<meta property=\"og:image:width\" content=\"2048\" \/>\n\t<meta property=\"og:image:height\" content=\"1417\" \/>\n\t<meta property=\"og:image:type\" content=\"image\/jpeg\" \/>\n<meta name=\"twitter:card\" content=\"summary_large_image\" \/>\n<meta name=\"twitter:label1\" content=\"Est. reading time\" \/>\n\t<meta name=\"twitter:data1\" content=\"1 minute\" \/>\n<script type=\"application\/ld+json\" class=\"yoast-schema-graph\">{\"@context\":\"https:\/\/schema.org\",\"@graph\":[{\"@type\":\"WebPage\",\"@id\":\"https:\/\/extery.com\/lv\/produkti\/modulu-parka-sols-jada-set03\/\",\"url\":\"https:\/\/extery.com\/lv\/produkti\/modulu-parka-sols-jada-set03\/\",\"name\":\"modu\u013cu sols JADA SET03 - Extery pils\u0113tas m\u0113beles\",\"isPartOf\":{\"@id\":\"https:\/\/extery.com\/lv\/#website\"},\"primaryImageOfPage\":{\"@id\":\"https:\/\/extery.com\/lv\/produkti\/modulu-parka-sols-jada-set03\/#primaryimage\"},\"image\":{\"@id\":\"https:\/\/extery.com\/lv\/produkti\/modulu-parka-sols-jada-set03\/#primaryimage\"},\"thumbnailUrl\":\"https:\/\/extery.com\/wp-content\/uploads\/2022\/11\/Modulaarne-pargipink-Jada-SET03-Extery-linnamoobel-urban-furniture-park-bench-2.jpg\",\"datePublished\":\"2022-11-14T12:45:51+00:00\",\"dateModified\":\"2026-04-15T12:47:29+00:00\",\"description\":\"Parka sols JADA SET03 ir viens no nebeidzamiem modu\u013cu pils\u0113tas m\u0113be\u013cu sist\u0113mas variantiem. Apskati citus komplektus m\u016bsu m\u0101jaslap\u0101!\",\"breadcrumb\":{\"@id\":\"https:\/\/extery.com\/lv\/produkti\/modulu-parka-sols-jada-set03\/#breadcrumb\"},\"inLanguage\":\"lv-LV\",\"potentialAction\":[{\"@type\":\"ReadAction\",\"target\":[\"https:\/\/extery.com\/lv\/produkti\/modulu-parka-sols-jada-set03\/\"]}]},{\"@type\":\"ImageObject\",\"inLanguage\":\"lv-LV\",\"@id\":\"https:\/\/extery.com\/lv\/produkti\/modulu-parka-sols-jada-set03\/#primaryimage\",\"url\":\"https:\/\/extery.com\/wp-content\/uploads\/2022\/11\/Modulaarne-pargipink-Jada-SET03-Extery-linnamoobel-urban-furniture-park-bench-2.jpg\",\"contentUrl\":\"https:\/\/extery.com\/wp-content\/uploads\/2022\/11\/Modulaarne-pargipink-Jada-SET03-Extery-linnamoobel-urban-furniture-park-bench-2.jpg\",\"width\":2048,\"height\":1417},{\"@type\":\"BreadcrumbList\",\"@id\":\"https:\/\/extery.com\/lv\/produkti\/modulu-parka-sols-jada-set03\/#breadcrumb\",\"itemListElement\":[{\"@type\":\"ListItem\",\"position\":1,\"name\":\"Home\",\"item\":\"https:\/\/extery.com\/lv\/\"},{\"@type\":\"ListItem\",\"position\":2,\"name\":\"Produkti\",\"item\":\"https:\/\/extery.com\/lv\/produkti\/\"},{\"@type\":\"ListItem\",\"position\":3,\"name\":\"modu\u013cu sols JADA SET03\"}]},{\"@type\":\"WebSite\",\"@id\":\"https:\/\/extery.com\/lv\/#website\",\"url\":\"https:\/\/extery.com\/lv\/\",\"name\":\"Extery\",\"description\":\"\",\"publisher\":{\"@id\":\"https:\/\/extery.com\/lv\/#organization\"},\"potentialAction\":[{\"@type\":\"SearchAction\",\"target\":{\"@type\":\"EntryPoint\",\"urlTemplate\":\"https:\/\/extery.com\/lv\/?s={search_term_string}\"},\"query-input\":{\"@type\":\"PropertyValueSpecification\",\"valueRequired\":true,\"valueName\":\"search_term_string\"}}],\"inLanguage\":\"lv-LV\"},{\"@type\":\"Organization\",\"@id\":\"https:\/\/extery.com\/lv\/#organization\",\"name\":\"Extery\",\"url\":\"https:\/\/extery.com\/lv\/\",\"logo\":{\"@type\":\"ImageObject\",\"inLanguage\":\"lv-LV\",\"@id\":\"https:\/\/extery.com\/lv\/#\/schema\/logo\/image\/\",\"url\":\"https:\/\/extery.com\/wp-content\/uploads\/2023\/11\/footer-logo.svg\",\"contentUrl\":\"https:\/\/extery.com\/wp-content\/uploads\/2023\/11\/footer-logo.svg\",\"caption\":\"Extery\"},\"image\":{\"@id\":\"https:\/\/extery.com\/lv\/#\/schema\/logo\/image\/\"}}]}<\/script>\n<!-- \/ Yoast SEO plugin. -->","yoast_head_json":{"title":"modu\u013cu sols JADA SET03 - Extery pils\u0113tas m\u0113beles","description":"Parka sols JADA SET03 ir viens no nebeidzamiem modu\u013cu pils\u0113tas m\u0113be\u013cu sist\u0113mas variantiem. Apskati citus komplektus m\u016bsu m\u0101jaslap\u0101!","robots":{"index":"index","follow":"follow","max-snippet":"max-snippet:-1","max-image-preview":"max-image-preview:large","max-video-preview":"max-video-preview:-1"},"canonical":"https:\/\/extery.com\/lv\/produkti\/modulu-parka-sols-jada-set03\/","og_locale":"lv_LV","og_type":"article","og_title":"modu\u013cu sols JADA SET03 - Extery pils\u0113tas m\u0113beles","og_description":"Parka sols JADA SET03 ir viens no nebeidzamiem modu\u013cu pils\u0113tas m\u0113be\u013cu sist\u0113mas variantiem. Apskati citus komplektus m\u016bsu m\u0101jaslap\u0101!","og_url":"https:\/\/extery.com\/lv\/produkti\/modulu-parka-sols-jada-set03\/","og_site_name":"Extery","article_modified_time":"2026-04-15T12:47:29+00:00","og_image":[{"width":2048,"height":1417,"url":"https:\/\/extery.com\/wp-content\/uploads\/2022\/11\/Modulaarne-pargipink-Jada-SET03-Extery-linnamoobel-urban-furniture-park-bench-2.jpg","type":"image\/jpeg"}],"twitter_card":"summary_large_image","twitter_misc":{"Est. reading time":"1 minute"},"schema":{"@context":"https:\/\/schema.org","@graph":[{"@type":"WebPage","@id":"https:\/\/extery.com\/lv\/produkti\/modulu-parka-sols-jada-set03\/","url":"https:\/\/extery.com\/lv\/produkti\/modulu-parka-sols-jada-set03\/","name":"modu\u013cu sols JADA SET03 - Extery pils\u0113tas m\u0113beles","isPartOf":{"@id":"https:\/\/extery.com\/lv\/#website"},"primaryImageOfPage":{"@id":"https:\/\/extery.com\/lv\/produkti\/modulu-parka-sols-jada-set03\/#primaryimage"},"image":{"@id":"https:\/\/extery.com\/lv\/produkti\/modulu-parka-sols-jada-set03\/#primaryimage"},"thumbnailUrl":"https:\/\/extery.com\/wp-content\/uploads\/2022\/11\/Modulaarne-pargipink-Jada-SET03-Extery-linnamoobel-urban-furniture-park-bench-2.jpg","datePublished":"2022-11-14T12:45:51+00:00","dateModified":"2026-04-15T12:47:29+00:00","description":"Parka sols JADA SET03 ir viens no nebeidzamiem modu\u013cu pils\u0113tas m\u0113be\u013cu sist\u0113mas variantiem. Apskati citus komplektus m\u016bsu m\u0101jaslap\u0101!","breadcrumb":{"@id":"https:\/\/extery.com\/lv\/produkti\/modulu-parka-sols-jada-set03\/#breadcrumb"},"inLanguage":"lv-LV","potentialAction":[{"@type":"ReadAction","target":["https:\/\/extery.com\/lv\/produkti\/modulu-parka-sols-jada-set03\/"]}]},{"@type":"ImageObject","inLanguage":"lv-LV","@id":"https:\/\/extery.com\/lv\/produkti\/modulu-parka-sols-jada-set03\/#primaryimage","url":"https:\/\/extery.com\/wp-content\/uploads\/2022\/11\/Modulaarne-pargipink-Jada-SET03-Extery-linnamoobel-urban-furniture-park-bench-2.jpg","contentUrl":"https:\/\/extery.com\/wp-content\/uploads\/2022\/11\/Modulaarne-pargipink-Jada-SET03-Extery-linnamoobel-urban-furniture-park-bench-2.jpg","width":2048,"height":1417},{"@type":"BreadcrumbList","@id":"https:\/\/extery.com\/lv\/produkti\/modulu-parka-sols-jada-set03\/#breadcrumb","itemListElement":[{"@type":"ListItem","position":1,"name":"Home","item":"https:\/\/extery.com\/lv\/"},{"@type":"ListItem","position":2,"name":"Produkti","item":"https:\/\/extery.com\/lv\/produkti\/"},{"@type":"ListItem","position":3,"name":"modu\u013cu sols JADA SET03"}]},{"@type":"WebSite","@id":"https:\/\/extery.com\/lv\/#website","url":"https:\/\/extery.com\/lv\/","name":"Extery","description":"","publisher":{"@id":"https:\/\/extery.com\/lv\/#organization"},"potentialAction":[{"@type":"SearchAction","target":{"@type":"EntryPoint","urlTemplate":"https:\/\/extery.com\/lv\/?s={search_term_string}"},"query-input":{"@type":"PropertyValueSpecification","valueRequired":true,"valueName":"search_term_string"}}],"inLanguage":"lv-LV"},{"@type":"Organization","@id":"https:\/\/extery.com\/lv\/#organization","name":"Extery","url":"https:\/\/extery.com\/lv\/","logo":{"@type":"ImageObject","inLanguage":"lv-LV","@id":"https:\/\/extery.com\/lv\/#\/schema\/logo\/image\/","url":"https:\/\/extery.com\/wp-content\/uploads\/2023\/11\/footer-logo.svg","contentUrl":"https:\/\/extery.com\/wp-content\/uploads\/2023\/11\/footer-logo.svg","caption":"Extery"},"image":{"@id":"https:\/\/extery.com\/lv\/#\/schema\/logo\/image\/"}}]}},"_links":{"self":[{"href":"https:\/\/extery.com\/lv\/wp-json\/wp\/v2\/product\/20847","targetHints":{"allow":["GET"]}}],"collection":[{"href":"https:\/\/extery.com\/lv\/wp-json\/wp\/v2\/product"}],"about":[{"href":"https:\/\/extery.com\/lv\/wp-json\/wp\/v2\/types\/product"}],"replies":[{"embeddable":true,"href":"https:\/\/extery.com\/lv\/wp-json\/wp\/v2\/comments?post=20847"}],"wp:featuredmedia":[{"embeddable":true,"href":"https:\/\/extery.com\/lv\/wp-json\/wp\/v2\/media\/20854"}],"wp:attachment":[{"href":"https:\/\/extery.com\/lv\/wp-json\/wp\/v2\/media?parent=20847"}],"wp:term":[{"taxonomy":"product_brand","embeddable":true,"href":"https:\/\/extery.com\/lv\/wp-json\/wp\/v2\/product_brand?post=20847"},{"taxonomy":"product_cat","embeddable":true,"href":"https:\/\/extery.com\/lv\/wp-json\/wp\/v2\/product_cat?post=20847"},{"taxonomy":"product_tag","embeddable":true,"href":"https:\/\/extery.com\/lv\/wp-json\/wp\/v2\/product_tag?post=20847"}],"curies":[{"name":"wp","href":"https:\/\/api.w.org\/{rel}","templated":true}]}}